{"id":22917,"date":"2024-09-05T15:58:02","date_gmt":"2024-09-05T13:58:02","guid":{"rendered":"https:\/\/leocare.eu\/fr\/?page_id=22917"},"modified":"2026-04-07T16:37:47","modified_gmt":"2026-04-07T14:37:47","slug":"perdre-bonus","status":"publish","type":"page","link":"https:\/\/leocare.eu\/fr\/assurance-auto-en-ligne\/couverture\/contrat\/releve-information\/malus\/perdre-bonus\/","title":{"rendered":"\u00c0 quel moment perd-on son bonus sur son contrat d\u2019assurance ?"},"content":{"rendered":"\n<p>Vous connaissez le principe du bonus-malus en assurance automobile, mais peut-\u00eatre que les r\u00e8gles de calcul vous \u00e9chappent. D\u00e9couvrez comment gagner ou perdre votre bonus avec les Leoconseillers.<\/p>\n\n\n\n<h2 class=\"wp-block-heading\" id=\"section-1\"><strong>Comment le coefficient est-il annuellement revaloris\u00e9 ?&nbsp;<\/strong><\/h2>\n\n\n\n<p>Le CRM (coefficient de r\u00e9duction-majoration) ou&nbsp;<strong>bonus-malus \u00e9volue chaque ann\u00e9e<\/strong>&nbsp;\u00e0 la date d\u2019\u00e9ch\u00e9ance de votre contrat. En cas d\u2019<strong>accident responsable<\/strong>, celui-ci vient&nbsp;<strong>augmenter le coefficient<\/strong>. Si le niveau de bonus-malus augmente, alors la&nbsp;<strong>cotisation d\u2019assurance sera proportionnellement r\u00e9\u00e9valu\u00e9e<\/strong>&nbsp;l\u2019ann\u00e9e suivante.<\/p>\n\n\n\n<p>Le syst\u00e8me de bonus-malus concerne&nbsp;<strong>tous les automobilistes<\/strong>, y compris&nbsp;<a href=\"https:\/\/leocare.eu\/fr\/assurance-auto-en-ligne\/couverture\/contrat\/releve-information\/malus\/malus-jeune-conducteur\/\">les jeunes conducteurs<\/a>. Le principe est de r\u00e9compenser avec du bonus les conducteurs qui n\u2019ont pas d\u2019accident&nbsp;d\u00e9clar\u00e9 responsable et de p\u00e9naliser les conducteurs qui ont des&nbsp;accidents responsables&nbsp;plusieurs&nbsp;ann\u00e9es cons\u00e9cutives.<\/p>\n\n\n\n<p>La r\u00e8gle est simple : le niveau de votre CRM d\u00e9pend de votre conduite \ud83d\ude0f.<\/p>\n\n\n\n<p>Les automobilistes qui commencent leur vie de conducteur assur\u00e9 partent tous avec un&nbsp;<strong>CRM au niveau 1<\/strong>.&nbsp;<\/p>\n\n\n\n<ul class=\"wp-block-list\">\n<li>En l\u2019<strong>absence d\u2019accident responsable, vous gagnez du bonus<\/strong>, c\u2019est-\u00e0-dire que votre CRM sera inf\u00e9rieur \u00e0 1.&nbsp;<\/li>\n\n\n\n<li>\u00c0 l\u2019inverse, si vous \u00eates&nbsp;<strong>responsable d\u2019un&nbsp;<\/strong><strong>accident<\/strong><strong>, votre CRM sera sup\u00e9rieur \u00e0 1<\/strong>&nbsp;et vous aurez du malus.&nbsp;<\/li>\n<\/ul>\n\n\n\n<p>Lorsque le\u00a0<a href=\"https:\/\/leocare.eu\/fr\/assurance-auto-en-ligne\/couverture\/contrat\/releve-information\/malus\/\">malus<\/a>\u00a0est trop important, la\u00a0compagnie\u00a0est en droit de r\u00e9silier le contrat des\u00a0conducteurs. C&rsquo;est le cas par exemple quand un conducteur atteint <a href=\"https:\/\/leocare.eu\/fr\/assurance-auto-en-ligne\/couverture\/contrat\/releve-information\/malus\/bonus-maximum\/\">le bonus maximum de l&rsquo;assurance auto<\/a> qui est de 3,5.<\/p>\n\n\n\n<p>Le bonus-malus n\u2019est pas individualisable, c\u2019est-\u00e0-dire qu\u2019il est rattach\u00e9 au contrat d\u2019assurance.&nbsp;<\/p>\n\n\n\n<p>Tous les conducteurs,&nbsp;<strong>conducteur principal assur\u00e9<\/strong>&nbsp;et&nbsp;<strong>conducteur secondaire,<\/strong>&nbsp;seront impact\u00e9s en cas de sinistre responsable.&nbsp;<\/p>\n\n\n\n<p>Par exemple, vous pr\u00eatez votre voiture \u00e0 votre conjoint d\u00e9clar\u00e9 second conducteur sur votre contrat. S\u2019il cause un sinistre et qu\u2019il est officiellement consid\u00e9r\u00e9 comme responsable,&nbsp;<strong>le malus s\u2019appliquera \u00e0 vous deux.<\/strong>&nbsp;<\/p>\n\n\n\n<h3 class=\"wp-block-heading\"><strong>Je suis jeune conducteur, existe-t-il des r\u00e8gles particuli\u00e8res ?<\/strong><\/h3>\n\n\n\n<p>Le calcul de bonus-malus s\u2019applique \u00e0 tous les conducteurs :&nbsp;<strong>conducteur principal<\/strong>,&nbsp;<strong>conducteur secondaire<\/strong>,&nbsp;<strong>jeunes conducteurs<\/strong>.&nbsp;<\/p>\n\n\n\n<p>Le coefficient est calcul\u00e9 pour&nbsp;<strong>tous les v\u00e9hicules terrestres \u00e0 moteur de plus de 125&nbsp;cm<\/strong><strong>3<\/strong>&nbsp;(donc les scooters ne sont pas concern\u00e9s, par exemple), \u00e0 l\u2019exception :&nbsp;<\/p>\n\n\n\n<ul class=\"wp-block-list\">\n<li>des v\u00e9hicules prioritaires : transport public (bus), secours (pompiers, ambulances, SAMU) ;<\/li>\n\n\n\n<li>des engins destin\u00e9s aux travaux publics ou \u00e0 l\u2019entretien de la voirie (nacelle, dameuse), des engins agricoles ou forestiers (tracteurs, moissonneuse-batteuse) ;<\/li>\n\n\n\n<li>les autos et motos de collection.<\/li>\n<\/ul>\n\n\n\n<p>Si vous \u00eates jeune conducteur, votre CRM \u00e9volue donc aussi chaque ann\u00e9e en fonction des accidents responsables ou non responsables que vous avez caus\u00e9s. Par exemple, si vous n&rsquo;avez pas d&rsquo;<a href=\"https:\/\/leocare.eu\/fr\/assurance-auto-en-ligne\/couverture\/contrat\/releve-information\/malus\/vol-de-voiture\/\">assurance vol de voiture<\/a> et qu&rsquo;elle est d\u00e9rob\u00e9e, non seulement votre\u00a0<strong>prime annuelle<\/strong>\u00a0sera\u00a0<strong>augment\u00e9e<\/strong>\u00a0et vous aurez du\u00a0<strong>malus<\/strong>\u00a0en assurance. A contrario, elle pourra \u00eatre\u00a0<strong>r\u00e9duite si vous gagnez du bonus<\/strong>.<\/p>\n\n\n\n<p>En tant que<strong>&nbsp;jeune conducteur&nbsp;<\/strong>(d\u00e9tenteur du permis ou assur\u00e9 depuis moins de 3 ans), vos cotisations subissent d\u00e9j\u00e0 une&nbsp;<strong>surprime<\/strong>&nbsp;car vous \u00eates consid\u00e9r\u00e9 comme&nbsp;<strong>profil \u00e0 risque<\/strong>&nbsp;puisque non exp\u00e9riment\u00e9.<\/p>\n\n\n\n<p>La bonne nouvelle, c\u2019est que si vous \u00eates d\u00e9clar\u00e9 second conducteur sur l\u2019assurance du v\u00e9hicule de vos parents par exemple, vous\u00a0<strong>gagnez du bonus<\/strong>\u00a0chaque ann\u00e9e\u00a0<strong>sans accident<\/strong>\u00a0<strong>responsable<\/strong>. Par la suite, vous pourrez alors\u00a0<strong>transf\u00e9rer ce bonus<\/strong>\u00a0sur la nouvelle assurance de votre propre v\u00e9hicule et\u00a0garder votre <a href=\"https:\/\/leocare.eu\/fr\/assurance-auto-en-ligne\/pas-cher\/\">assurance voiture vraiment pas ch\u00e8re<\/a>.<\/p>\n\n\n\n<h2 class=\"wp-block-heading\" id=\"section-2\"><strong>Diff\u00e9rence de majoration entre sinistres responsables et non responsables<\/strong><\/h2>\n\n\n\n<p>Le code des assurances et les polices d\u2019assurance font le distinguo entre sinistres&nbsp;<strong>responsables<\/strong>, sinistres&nbsp;<strong>non responsables<\/strong>&nbsp;et sinistres&nbsp;<strong>partiellement responsables<\/strong>. Selon les circonstances, votre CRM et vos cotisations seront diminu\u00e9s ou augment\u00e9s.<\/p>\n\n\n\n<h3 class=\"wp-block-heading\"><strong>Sinistre responsable<\/strong><\/h3>\n\n\n\n<p>Si vous avez un accident et que vous \u00eates\u00a0<strong>d\u00e9clar\u00e9 responsable, vous perdez du bonus<\/strong>\u00a0et un malus s\u2019applique avec une\u00a0<strong>majoration CRM de 25 %<\/strong>. Votre compagnie d\u2019assurances augmentera proportionnellement votre prime \u00e0 \u00e9ch\u00e9ance annuelle, que ce soit pour une <a href=\"https:\/\/leocare.eu\/fr\/assurance-auto-en-ligne\/tiers\/\">assurance au tiers<\/a>, tiers plus ou tous risques.<\/p>\n\n\n\n<p>Si votre coefficient est \u00e0 1, il passera donc \u00e0 1,25.<\/p>\n\n\n\n<p>Si vous \u00eates d\u00e9clar\u00e9&nbsp;<strong>partiellement responsable<\/strong>&nbsp;(torts partag\u00e9s sur un parking, par exemple), la&nbsp;<strong>majoration CRM est de 12,5 %<\/strong>&nbsp;et l\u2019augmentation de votre cotisation \u00e9galement.<\/p>\n\n\n\n<p>Si votre coefficient est \u00e0 1, il passera donc \u00e0 1,125.<\/p>\n\n\n\n<p>Apr\u00e8s plusieurs&nbsp;<strong>sinistres d\u00e9clar\u00e9s responsables<\/strong>, que faire si votre assureur d\u00e9cide de&nbsp;<strong>r\u00e9silier votre contrat&nbsp;<\/strong>? Tout simplement, faire appel \u00e0 une&nbsp;<strong>assurance auto malus<\/strong>&nbsp;(comme Leocare \ud83d\ude09) proposant des formules sp\u00e9ciales pour les conducteurs maluss\u00e9s.<\/p>\n\n\n\n<p>Apr\u00e8s deux ann\u00e9es cons\u00e9cutives sans accident responsable et en restant assur\u00e9, votre&nbsp;<strong>CRM reviendra automatiquement \u00e0 1<\/strong>.<\/p>\n\n\n\n<h3 class=\"wp-block-heading\"><strong>Sinistre non responsable<\/strong><\/h3>\n\n\n\n<p>Si vous \u00eates victime d\u2019un sinistre et que vous n\u2019\u00eates&nbsp;<strong>pas responsable<\/strong>, vous n\u2019aurez&nbsp;<strong>pas de malus<\/strong>.<\/p>\n\n\n\n<p>Le fonctionnement du CRM va m\u00eame vous r\u00e9compenser si vous ne causez pas de sinistre. Chaque ann\u00e9e sans accident responsable, vous&nbsp;<strong>gagnez 5 % de bonus<\/strong>. Ainsi, si votre CRM est \u00e0 1, il passera l\u2019ann\u00e9e suivante \u00e0 0,95.<\/p>\n\n\n\n<p>Et en tant que&nbsp;<strong>bon conducteur<\/strong>, vous avez droit \u00e0 un&nbsp;<strong>joker&nbsp;<\/strong>! Si votre bonus reste \u00e0 0,50 pendant plus de 3 ans, le premier sinistre responsable n\u2019entra\u00eenera pas de malus.<\/p>\n\n\n\n<div class=\"bon-a-savoir\">\n\n\n\n<h3 class=\"wp-block-heading\">Bon \u00e0 savoir<\/h3>\n\n\n\n<p>Si vous d\u00e9clarez un&nbsp;<a href=\"https:\/\/leocare.eu\/fr\/assurance-auto-en-ligne\/couverture\/contrat\/releve-information\/malus\/deuxieme-conducteur\/\">second conducteur qui a du malus<\/a>&nbsp;sur votre contrat d\u2019assurance automobile, votre compagnie d\u2019assurance automobile&nbsp;le prendra en compte et pourra augmenter votre&nbsp;cotisation. S\u2019il a un&nbsp;accident&nbsp;responsable, votre CRM sera \u00e9galement impact\u00e9.<\/p>\n\n\n\n<\/div>\n\n\n\n<p>Comme tous les automobilistes (jeunes conducteurs&nbsp;ou non), en cas de&nbsp;<a href=\"https:\/\/leocare.eu\/fr\/assurance-auto-en-ligne\/couverture\/contrat\/releve-information\/malus\/sinistre-non-responsable\/\">sinistre non responsable<\/a>, vous n\u2019obtenez pas de&nbsp;malus, et&nbsp;<strong>vos cotisations pourront \u00eatre r\u00e9\u00e9valu\u00e9es \u00e0 la baisse<\/strong>&nbsp;\u00e0&nbsp;\u00e9ch\u00e9ance annuelle.<\/p>\n\n\n\n<p>Chez Leocare, nous suivons votre \u00e9volution auto avec attention. Chaque ann\u00e9e, apr\u00e8s calcul de votre bonus-malus, nous vous proposons des&nbsp;<strong>formules d\u2019assurance adapt\u00e9es et au meilleur prix<\/strong>&nbsp;\ud83d\ude0e.<\/p>\n","protected":false},"excerpt":{"rendered":"<p>Vous connaissez le principe du bonus-malus en assurance automobile, mais peut-\u00eatre que les r\u00e8gles de calcul vous \u00e9chappent. D\u00e9couvrez comment gagner ou perdre votre bonus avec les Leoconseillers. Comment le coefficient est-il annuellement revaloris\u00e9 ?&nbsp; Le CRM (coefficient de r\u00e9duction-majoration) ou&nbsp;bonus-malus \u00e9volue chaque ann\u00e9e&nbsp;\u00e0 la date d\u2019\u00e9ch\u00e9ance de votre contrat. En cas d\u2019accident responsable, celui-ci [&hellip;]<\/p>\n","protected":false},"author":44,"featured_media":0,"parent":17928,"menu_order":0,"comment_status":"closed","ping_status":"closed","template":"template_seo.php","meta":{"_acf_changed":false,"footnotes":""},"class_list":["post-22917","page","type-page","status-publish","hentry"],"acf":[],"yoast_head":"<!-- This site is optimized with the Yoast SEO plugin v27.3 - https:\/\/yoast.com\/product\/yoast-seo-wordpress\/ -->\n<title>Quand perd-on son bonus en assurance auto ?<\/title>\n<meta name=\"description\" content=\"Si vous avez du malus suite \u00e0 des accidents responsables, vous pouvez souscrire un contrat d\u2019assurance auto malus adapt\u00e9 et \u00e0 prix abordable.\" \/>\n<meta name=\"robots\" content=\"index, follow, max-snippet:-1, max-image-preview:large, max-video-preview:-1\" \/>\n<link rel=\"canonical\" href=\"https:\/\/leocare.eu\/fr\/assurance-auto-en-ligne\/couverture\/contrat\/releve-information\/malus\/perdre-bonus\/\" \/>\n<meta property=\"og:locale\" content=\"fr_FR\" \/>\n<meta property=\"og:type\" content=\"article\" \/>\n<meta property=\"og:title\" content=\"Quand perd-on son bonus en assurance auto ?\" \/>\n<meta property=\"og:description\" content=\"Si vous avez du malus suite \u00e0 des accidents responsables, vous pouvez souscrire un contrat d\u2019assurance auto malus adapt\u00e9 et \u00e0 prix abordable.\" \/>\n<meta property=\"og:url\" content=\"https:\/\/leocare.eu\/fr\/assurance-auto-en-ligne\/couverture\/contrat\/releve-information\/malus\/perdre-bonus\/\" \/>\n<meta property=\"og:site_name\" content=\"Leocare, assurance en ligne automobile et habitation\" \/>\n<meta property=\"article:modified_time\" content=\"2026-04-07T14:37:47+00:00\" \/>\n<meta name=\"twitter:card\" content=\"summary_large_image\" \/>\n<meta name=\"twitter:label1\" content=\"Dur\u00e9e de lecture estim\u00e9e\" \/>\n\t<meta name=\"twitter:data1\" content=\"5 minutes\" \/>\n<!-- \/ Yoast SEO plugin. -->","yoast_head_json":{"title":"Quand perd-on son bonus en assurance auto ?","description":"Si vous avez du malus suite \u00e0 des accidents responsables, vous pouvez souscrire un contrat d\u2019assurance auto malus adapt\u00e9 et \u00e0 prix abordable.","robots":{"index":"index","follow":"follow","max-snippet":"max-snippet:-1","max-image-preview":"max-image-preview:large","max-video-preview":"max-video-preview:-1"},"canonical":"https:\/\/leocare.eu\/fr\/assurance-auto-en-ligne\/couverture\/contrat\/releve-information\/malus\/perdre-bonus\/","og_locale":"fr_FR","og_type":"article","og_title":"Quand perd-on son bonus en assurance auto ?","og_description":"Si vous avez du malus suite \u00e0 des accidents responsables, vous pouvez souscrire un contrat d\u2019assurance auto malus adapt\u00e9 et \u00e0 prix abordable.","og_url":"https:\/\/leocare.eu\/fr\/assurance-auto-en-ligne\/couverture\/contrat\/releve-information\/malus\/perdre-bonus\/","og_site_name":"Leocare, assurance en ligne automobile et habitation","article_modified_time":"2026-04-07T14:37:47+00:00","twitter_card":"summary_large_image","twitter_misc":{"Dur\u00e9e de lecture estim\u00e9e":"5 minutes"},"schema":{"@context":"https:\/\/schema.org","@graph":[{"@type":"WebPage","@id":"https:\/\/leocare.eu\/fr\/assurance-auto-en-ligne\/couverture\/contrat\/releve-information\/malus\/perdre-bonus\/","url":"https:\/\/leocare.eu\/fr\/assurance-auto-en-ligne\/couverture\/contrat\/releve-information\/malus\/perdre-bonus\/","name":"Quand perd-on son bonus en assurance auto ?","isPartOf":{"@id":"https:\/\/leocare.eu\/fr\/#website"},"datePublished":"2024-09-05T13:58:02+00:00","dateModified":"2026-04-07T14:37:47+00:00","description":"Si vous avez du malus suite \u00e0 des accidents responsables, vous pouvez souscrire un contrat d\u2019assurance auto malus adapt\u00e9 et \u00e0 prix abordable.","breadcrumb":{"@id":"https:\/\/leocare.eu\/fr\/assurance-auto-en-ligne\/couverture\/contrat\/releve-information\/malus\/perdre-bonus\/#breadcrumb"},"inLanguage":"fr-FR","potentialAction":[{"@type":"ReadAction","target":["https:\/\/leocare.eu\/fr\/assurance-auto-en-ligne\/couverture\/contrat\/releve-information\/malus\/perdre-bonus\/"]}]},{"@type":"WebSite","@id":"https:\/\/leocare.eu\/fr\/#website","url":"https:\/\/leocare.eu\/fr\/","name":"Leocare, assurance en ligne automobile et habitation","description":"enfin (r)assur\u00e9.e","publisher":{"@id":"https:\/\/leocare.eu\/fr\/#organization"},"potentialAction":[{"@type":"SearchAction","target":{"@type":"EntryPoint","urlTemplate":"https:\/\/leocare.eu\/fr\/?s={search_term_string}"},"query-input":{"@type":"PropertyValueSpecification","valueRequired":true,"valueName":"search_term_string"}}],"inLanguage":"fr-FR"},{"@type":"Organization","@id":"https:\/\/leocare.eu\/fr\/#organization","name":"Leocare, assurance en ligne automobile et habitation","url":"https:\/\/leocare.eu\/fr\/","logo":{"@type":"ImageObject","inLanguage":"fr-FR","@id":"https:\/\/leocare.eu\/fr\/#\/schema\/logo\/image\/","url":"https:\/\/leocare.eu\/fr\/wp-content\/uploads\/2020\/03\/logo-leocare.svg","contentUrl":"https:\/\/leocare.eu\/fr\/wp-content\/uploads\/2020\/03\/logo-leocare.svg","caption":"Leocare, assurance en ligne automobile et habitation"},"image":{"@id":"https:\/\/leocare.eu\/fr\/#\/schema\/logo\/image\/"}}]}},"_links":{"self":[{"href":"https:\/\/leocare.eu\/fr\/wp-json\/wp\/v2\/pages\/22917","targetHints":{"allow":["GET"]}}],"collection":[{"href":"https:\/\/leocare.eu\/fr\/wp-json\/wp\/v2\/pages"}],"about":[{"href":"https:\/\/leocare.eu\/fr\/wp-json\/wp\/v2\/types\/page"}],"author":[{"embeddable":true,"href":"https:\/\/leocare.eu\/fr\/wp-json\/wp\/v2\/users\/44"}],"replies":[{"embeddable":true,"href":"https:\/\/leocare.eu\/fr\/wp-json\/wp\/v2\/comments?post=22917"}],"version-history":[{"count":7,"href":"https:\/\/leocare.eu\/fr\/wp-json\/wp\/v2\/pages\/22917\/revisions"}],"predecessor-version":[{"id":36079,"href":"https:\/\/leocare.eu\/fr\/wp-json\/wp\/v2\/pages\/22917\/revisions\/36079"}],"up":[{"embeddable":true,"href":"https:\/\/leocare.eu\/fr\/wp-json\/wp\/v2\/pages\/17928"}],"wp:attachment":[{"href":"https:\/\/leocare.eu\/fr\/wp-json\/wp\/v2\/media?parent=22917"}],"curies":[{"name":"wp","href":"https:\/\/api.w.org\/{rel}","templated":true}]}}