{"id":22907,"date":"2024-09-05T15:54:00","date_gmt":"2024-09-05T13:54:00","guid":{"rendered":"https:\/\/leocare.eu\/fr\/?page_id=22907"},"modified":"2026-04-07T16:37:45","modified_gmt":"2026-04-07T14:37:45","slug":"bonus-maximum","status":"publish","type":"page","link":"https:\/\/leocare.eu\/fr\/assurance-auto-en-ligne\/couverture\/contrat\/releve-information\/malus\/bonus-maximum\/","title":{"rendered":"Quel est le bonus maximum en assurance auto ?"},"content":{"rendered":"\n<p>Le bonus maximum en assurance auto est de 0,50. Le malus maximum est de 3,5. Le coefficient fluctue en fonction des sinistres que vous avez ou pas pendant l\u2019ann\u00e9e. Comment se calcule le bonus-malus ? Les Leoconseillers vous en disent plus.<\/p>\n\n\n\n<h2 class=\"wp-block-heading\" id=\"section-1\">Comment fonctionne le bonus-malus ?&nbsp;<\/h2>\n\n\n\n<p>Le calcul du bonus-malus se base sur votre&nbsp;<strong>coefficient de r\u00e9duction-majoration (CRM)<\/strong>, dont le&nbsp;<strong>niveau est de 1<\/strong>&nbsp;quand vous commencez votre vie d\u2019automobiliste assur\u00e9. Il prend en compte le nombre d\u2019accidents responsables&nbsp;que vous causez.<\/p>\n\n\n\n<p>Par exemple, vous pouvez obtenir du&nbsp;<a href=\"https:\/\/leocare.eu\/fr\/assurance-auto-en-ligne\/couverture\/contrat\/releve-information\/malus\/\">malus<\/a>&nbsp;plusieurs&nbsp;ann\u00e9es cons\u00e9cutives&nbsp;si vous avez un&nbsp;accident&nbsp;ou des accidents et que vous \u00eates d\u00e9clar\u00e9 responsable. Le fonctionnement du syst\u00e8me est simple :&nbsp;<\/p>\n\n\n\n<ul class=\"wp-block-list\">\n<li>Vous avez du&nbsp;<strong>bonus<\/strong>&nbsp;si votre&nbsp;<strong>CRM est inf\u00e9rieur \u00e0 1<\/strong>.<\/li>\n\n\n\n<li>Vous avez du&nbsp;<strong>malus<\/strong>&nbsp;si votre&nbsp;<strong>CRM est sup\u00e9rieur \u00e0 1<\/strong>.<\/li>\n<\/ul>\n\n\n\n<p>Le niveau de votre CRM varie en fonction des sinistres que vous comptabilisez ou si vous n\u2019en avez aucun. Le niveau de votre coefficient est donc entre vos mains !\u00a0<strong>Plus vous \u00eates attentif sur la route<\/strong> et votre contrat d&rsquo;assurance est solide avec des options comme par exemple l&rsquo;<a href=\"https:\/\/leocare.eu\/fr\/assurance-auto-en-ligne\/couverture\/contrat\/releve-information\/malus\/vol-de-voiture\/\">assurance vol de voiture<\/a>, plus vous serez couverts et prot\u00e9gerez votre coefficient bonus-malus.<\/p>\n\n\n\n<p><strong>Tous les conducteurs de v\u00e9hicules terrestres \u00e0 moteur<\/strong>&nbsp;(de 125 cm3&nbsp;et plus) sont soumis au calcul du bonus-malus. Avec quelques exceptions qui concernent les :&nbsp;<\/p>\n\n\n\n<ul class=\"wp-block-list\">\n<li>voitures ou motos de collection en circulation depuis plus de 30 ans&nbsp;;<\/li>\n\n\n\n<li>engins de travaux publics (de type pelleteuse, camion-benne)&nbsp;;<\/li>\n\n\n\n<li>engins forestiers ou agricoles (de type moissonneuse-batteuse)&nbsp;;<\/li>\n\n\n\n<li>v\u00e9hicules de secours (camion de pompier, voiture du SAMU) ;<\/li>\n\n\n\n<li>engins d\u2019entretien de la voirie (dameuse, balayeuse).<\/li>\n<\/ul>\n\n\n\n<h3 class=\"wp-block-heading\">Origine du bonus-malus en assurance<\/h3>\n\n\n\n<p>Le&nbsp;<strong>syst\u00e8me de bonus-malus<\/strong>&nbsp;a \u00e9t\u00e9 cr\u00e9\u00e9&nbsp;<strong>en 1976<\/strong>. Il est supervis\u00e9 par le Code des assurances (articles A121-1 \u00e0 A121-2). L\u2019objectif \u00e9tait de<strong>&nbsp;limiter le nombre d\u2019accidents de la route<\/strong>, de plus en plus nombreux suite au d\u00e9veloppement du trafic automobile apr\u00e8s la Seconde Guerre mondiale.&nbsp;<\/p>\n\n\n\n<p>Les&nbsp;<strong>bons conducteurs sont ainsi r\u00e9compens\u00e9s par les&nbsp;<\/strong><strong>assurances<\/strong>,&nbsp;et les mauvais conducteurs sont p\u00e9nalis\u00e9s :&nbsp;<\/p>\n\n\n\n<ul class=\"wp-block-list\">\n<li>Si vous \u00eates maluss\u00e9, en l\u2019absence d\u2019accident&nbsp;responsable pendant un an, votre&nbsp;assurance automobile&nbsp;<a href=\"https:\/\/leocare.eu\/fr\/assurance-auto-en-ligne\/couverture\/contrat\/releve-information\/malus\/diminution\/\">diminue votre malus<\/a>.<\/li>\n\n\n\n<li>Et inversement : si vous avez un&nbsp;accident&nbsp;responsable et que votre&nbsp;CRM&nbsp;est sup\u00e9rieur \u00e0 1, cela&nbsp;<a href=\"https:\/\/leocare.eu\/fr\/assurance-auto-en-ligne\/couverture\/contrat\/releve-information\/malus\/creation\/\">augmente votre malus<\/a>.&nbsp;Votre cotisation d\u2019assurance va \u00e9galement conna\u00eetre une hausse.<\/li>\n<\/ul>\n\n\n\n<p>L\u2019<strong>assurance automobile \u00e9tant obligatoire depuis 1958<\/strong>, tous les automobilistes doivent \u00eatre assur\u00e9s pour prendre le volant. Ce sont les compagnies d\u2019assurances qui appliquent les bonus et les malus. Votre&nbsp;<strong>prime annuelle est calcul\u00e9e<\/strong>&nbsp;par les assurances&nbsp;<strong>sur la base de votre coefficient<\/strong>.<\/p>\n\n\n\n<h3 class=\"wp-block-heading\">R\u00e8gles du bonus-malus<\/h3>\n\n\n\n<p>Les r\u00e8gles du bonus-malus sont les m\u00eames pour tous les conducteurs (conducteur principal et secondaire, ainsi que jeune conducteur) :&nbsp;<\/p>\n\n\n\n<ul class=\"wp-block-list\">\n<li>Le coefficient est major\u00e9 de&nbsp;<strong>+25&nbsp;%<\/strong>&nbsp;pour les sinistres&nbsp;<strong>responsables<\/strong>.<\/li>\n\n\n\n<li>Le coefficient est major\u00e9 de&nbsp;<strong>+12,5<\/strong>&nbsp;<strong>%&nbsp;<\/strong>pour les sinistres&nbsp;<strong>partiellement responsables<\/strong>.<\/li>\n\n\n\n<li>Le coefficient est minor\u00e9 de<strong>&nbsp;-5&nbsp;%<\/strong>&nbsp;chaque&nbsp;<strong>ann\u00e9e sans accident<\/strong>.<\/li>\n<\/ul>\n\n\n\n<p>Les&nbsp;<strong>jeunes conducteurs<\/strong>&nbsp;sont en plus assujettis \u00e0 une&nbsp;<strong>surprime<\/strong>&nbsp;en raison de leur&nbsp;<strong>profil \u00e0 risque<\/strong>. Ils restent soumis au m\u00eame&nbsp;<a href=\"https:\/\/leocare.eu\/fr\/assurance-auto-en-ligne\/couverture\/contrat\/releve-information\/malus\/fonctionnement\/\">fonctionnement bonus-malus<\/a>&nbsp;de minoration et de&nbsp;majoration CRM&nbsp;\u00e0&nbsp;\u00e9ch\u00e9ance annuelle&nbsp;de leur contrat d\u2019assurance.<\/p>\n\n\n\n<p>Le montant de votre cotisation d\u2019assurance est revu chaque ann\u00e9e en fonction du niveau de votre CRM.&nbsp;Le&nbsp;<strong>bonus maximum<\/strong>&nbsp;pour une assurance auto est fix\u00e9 \u00e0&nbsp;<strong>0,50<\/strong>&nbsp;(une fois ce niveau atteint, il n\u2019\u00e9volue plus ensuite \u00e0 la baisse). Dans ce cas,&nbsp;<strong>votre prime d\u2019assurance est diminu\u00e9e de moiti\u00e9 (50&nbsp;%)<\/strong>. Le malus maximal est de 3,5 et la majoration maximale des cotisations est de 200&nbsp;%.<\/p>\n\n\n\n<h2 class=\"wp-block-heading\" id=\"section-2\">J\u2019ai perdu mon bonus : que faire ?<\/h2>\n\n\n\n<p>Si les&nbsp;conducteurs maluss\u00e9s&nbsp;ont un&nbsp;<strong>malus&nbsp;trop \u00e9lev\u00e9<\/strong>, les assurances peuvent d\u00e9cider de&nbsp;<strong>r\u00e9silier leur contrat<\/strong>. Dans ce cas, il leur faut trouver un&nbsp;nouvel assureur. La meilleure solution est alors de&nbsp;<a href=\"https:\/\/leocare.eu\/fr\/assurance-auto-en-ligne\/couverture\/contrat\/releve-information\/malus\/que-faire\/\"><strong>solliciter les assureurs<\/strong><\/a>.<\/p>\n\n\n\n<p><strong>Chez Leocare, nous acceptons les conducteurs maluss\u00e9s jusqu\u2019\u00e0 3,5 \ud83e\udd17.&nbsp;<\/strong>Et surtout, notre formule \u00e9volue automatiquement.&nbsp;<strong>Chaque ann\u00e9e pass\u00e9e sans accident voit votre malus et votre cotisation diminuer<\/strong>. Pour plus d\u2019information, contactez notre service client 100 % bas\u00e9 en France&nbsp;!<\/p>\n\n\n\n<p>Vous pourrez ensuite b\u00e9n\u00e9ficier de ce que les assurances appellent la&nbsp;<strong>descente rapide<\/strong>. En l\u2019<strong>absence d\u2019accident responsable deux ann\u00e9es<\/strong>&nbsp;de suite, votre&nbsp;<strong>CRM redescend directement \u00e0 1<\/strong>. Vous pourrez alors profiter d\u2019une formule pour conducteur non maluss\u00e9. D\u2019ici l\u00e0, soyez prudent au volant et respectez le Code de la route, car le niveau de votre CRM d\u00e9pend enti\u00e8rement de votre comportement au volant.<\/p>\n\n\n\n<p>Pour savoir si vous avez gagn\u00e9 ou perdu du bonus, vous pouvez consulter votre&nbsp;<strong>relev\u00e9 d\u2019information<\/strong>, qui est disponible sur demande aupr\u00e8s de votre assurance. Ce document officiel, contr\u00f4l\u00e9 par le&nbsp;<a href=\"https:\/\/leocare.eu\/fr\/assurance-auto-en-ligne\/couverture\/contrat\/releve-information\/malus\/droit-assurance\/\">droit des assurances<\/a>, contient votre profil de conducteur. Y sont consign\u00e9es toutes les informations concernant votre vie d\u2019automobiliste assur\u00e9. Vous y trouverez votre niveau de&nbsp;malus&nbsp;ou de bonus.&nbsp;<\/p>\n\n\n\n<div class=\"bon-a-savoir\">\n\n\n\n<h3 class=\"wp-block-heading\">Bon \u00e0 savoir<\/h3>\n\n\n\n<p>Le bonus-malus est non individualisable, c\u2019est-\u00e0-dire qu\u2019il est li\u00e9 au contrat d\u2019assurance et \u00e0 toutes les personnes qui conduisent le v\u00e9hicule assur\u00e9. Si un&nbsp;<strong>conducteur secondaire<\/strong>&nbsp;a un&nbsp;<strong>sinistre responsable<\/strong>, il prend du&nbsp;<strong>malus&nbsp;<\/strong>et\u2026&nbsp;<strong>vous aussi&nbsp;<\/strong>! Lors de sinistres responsables, tous les conducteurs (principal et secondaires) voient leur coefficient impact\u00e9.<\/p>\n\n\n\n<\/div>\n\n\n\n<p><\/p>\n","protected":false},"excerpt":{"rendered":"<p>Le bonus maximum en assurance auto est de 0,50. Le malus maximum est de 3,5. Le coefficient fluctue en fonction des sinistres que vous avez ou pas pendant l\u2019ann\u00e9e. Comment se calcule le bonus-malus ? Les Leoconseillers vous en disent plus. Comment fonctionne le bonus-malus ?&nbsp; Le calcul du bonus-malus se base sur votre&nbsp;coefficient de [&hellip;]<\/p>\n","protected":false},"author":44,"featured_media":0,"parent":17928,"menu_order":0,"comment_status":"closed","ping_status":"closed","template":"template_seo.php","meta":{"_acf_changed":false,"footnotes":""},"class_list":["post-22907","page","type-page","status-publish","hentry"],"acf":[],"yoast_head":"<!-- This site is optimized with the Yoast SEO plugin v27.3 - https:\/\/yoast.com\/product\/yoast-seo-wordpress\/ -->\n<title>Assurance auto : quel est le bonus maximum ?<\/title>\n<meta name=\"description\" content=\"Le bonus maximum en assurance auto est de 0,50. V\u00e9rifiez si vous avez du bonus ou du malus sur votre relev\u00e9 d\u2019information et adaptez votre contrat d\u2019assurance.\" \/>\n<meta name=\"robots\" content=\"index, follow, max-snippet:-1, max-image-preview:large, max-video-preview:-1\" \/>\n<link rel=\"canonical\" href=\"https:\/\/leocare.eu\/fr\/assurance-auto-en-ligne\/couverture\/contrat\/releve-information\/malus\/bonus-maximum\/\" \/>\n<meta property=\"og:locale\" content=\"fr_FR\" \/>\n<meta property=\"og:type\" content=\"article\" \/>\n<meta property=\"og:title\" content=\"Assurance auto : quel est le bonus maximum ?\" \/>\n<meta property=\"og:description\" content=\"Le bonus maximum en assurance auto est de 0,50. V\u00e9rifiez si vous avez du bonus ou du malus sur votre relev\u00e9 d\u2019information et adaptez votre contrat d\u2019assurance.\" \/>\n<meta property=\"og:url\" content=\"https:\/\/leocare.eu\/fr\/assurance-auto-en-ligne\/couverture\/contrat\/releve-information\/malus\/bonus-maximum\/\" \/>\n<meta property=\"og:site_name\" content=\"Leocare, assurance en ligne automobile et habitation\" \/>\n<meta property=\"article:modified_time\" content=\"2026-04-07T14:37:45+00:00\" \/>\n<meta name=\"twitter:card\" content=\"summary_large_image\" \/>\n<meta name=\"twitter:label1\" content=\"Dur\u00e9e de lecture estim\u00e9e\" \/>\n\t<meta name=\"twitter:data1\" content=\"5 minutes\" \/>\n<!-- \/ Yoast SEO plugin. -->","yoast_head_json":{"title":"Assurance auto : quel est le bonus maximum ?","description":"Le bonus maximum en assurance auto est de 0,50. V\u00e9rifiez si vous avez du bonus ou du malus sur votre relev\u00e9 d\u2019information et adaptez votre contrat d\u2019assurance.","robots":{"index":"index","follow":"follow","max-snippet":"max-snippet:-1","max-image-preview":"max-image-preview:large","max-video-preview":"max-video-preview:-1"},"canonical":"https:\/\/leocare.eu\/fr\/assurance-auto-en-ligne\/couverture\/contrat\/releve-information\/malus\/bonus-maximum\/","og_locale":"fr_FR","og_type":"article","og_title":"Assurance auto : quel est le bonus maximum ?","og_description":"Le bonus maximum en assurance auto est de 0,50. V\u00e9rifiez si vous avez du bonus ou du malus sur votre relev\u00e9 d\u2019information et adaptez votre contrat d\u2019assurance.","og_url":"https:\/\/leocare.eu\/fr\/assurance-auto-en-ligne\/couverture\/contrat\/releve-information\/malus\/bonus-maximum\/","og_site_name":"Leocare, assurance en ligne automobile et habitation","article_modified_time":"2026-04-07T14:37:45+00:00","twitter_card":"summary_large_image","twitter_misc":{"Dur\u00e9e de lecture estim\u00e9e":"5 minutes"},"schema":{"@context":"https:\/\/schema.org","@graph":[{"@type":"WebPage","@id":"https:\/\/leocare.eu\/fr\/assurance-auto-en-ligne\/couverture\/contrat\/releve-information\/malus\/bonus-maximum\/","url":"https:\/\/leocare.eu\/fr\/assurance-auto-en-ligne\/couverture\/contrat\/releve-information\/malus\/bonus-maximum\/","name":"Assurance auto : quel est le bonus maximum ?","isPartOf":{"@id":"https:\/\/leocare.eu\/fr\/#website"},"datePublished":"2024-09-05T13:54:00+00:00","dateModified":"2026-04-07T14:37:45+00:00","description":"Le bonus maximum en assurance auto est de 0,50. V\u00e9rifiez si vous avez du bonus ou du malus sur votre relev\u00e9 d\u2019information et adaptez votre contrat d\u2019assurance.","breadcrumb":{"@id":"https:\/\/leocare.eu\/fr\/assurance-auto-en-ligne\/couverture\/contrat\/releve-information\/malus\/bonus-maximum\/#breadcrumb"},"inLanguage":"fr-FR","potentialAction":[{"@type":"ReadAction","target":["https:\/\/leocare.eu\/fr\/assurance-auto-en-ligne\/couverture\/contrat\/releve-information\/malus\/bonus-maximum\/"]}]},{"@type":"WebSite","@id":"https:\/\/leocare.eu\/fr\/#website","url":"https:\/\/leocare.eu\/fr\/","name":"Leocare, assurance en ligne automobile et habitation","description":"enfin (r)assur\u00e9.e","publisher":{"@id":"https:\/\/leocare.eu\/fr\/#organization"},"potentialAction":[{"@type":"SearchAction","target":{"@type":"EntryPoint","urlTemplate":"https:\/\/leocare.eu\/fr\/?s={search_term_string}"},"query-input":{"@type":"PropertyValueSpecification","valueRequired":true,"valueName":"search_term_string"}}],"inLanguage":"fr-FR"},{"@type":"Organization","@id":"https:\/\/leocare.eu\/fr\/#organization","name":"Leocare, assurance en ligne automobile et habitation","url":"https:\/\/leocare.eu\/fr\/","logo":{"@type":"ImageObject","inLanguage":"fr-FR","@id":"https:\/\/leocare.eu\/fr\/#\/schema\/logo\/image\/","url":"https:\/\/leocare.eu\/fr\/wp-content\/uploads\/2020\/03\/logo-leocare.svg","contentUrl":"https:\/\/leocare.eu\/fr\/wp-content\/uploads\/2020\/03\/logo-leocare.svg","caption":"Leocare, assurance en ligne automobile et habitation"},"image":{"@id":"https:\/\/leocare.eu\/fr\/#\/schema\/logo\/image\/"}}]}},"_links":{"self":[{"href":"https:\/\/leocare.eu\/fr\/wp-json\/wp\/v2\/pages\/22907","targetHints":{"allow":["GET"]}}],"collection":[{"href":"https:\/\/leocare.eu\/fr\/wp-json\/wp\/v2\/pages"}],"about":[{"href":"https:\/\/leocare.eu\/fr\/wp-json\/wp\/v2\/types\/page"}],"author":[{"embeddable":true,"href":"https:\/\/leocare.eu\/fr\/wp-json\/wp\/v2\/users\/44"}],"replies":[{"embeddable":true,"href":"https:\/\/leocare.eu\/fr\/wp-json\/wp\/v2\/comments?post=22907"}],"version-history":[{"count":6,"href":"https:\/\/leocare.eu\/fr\/wp-json\/wp\/v2\/pages\/22907\/revisions"}],"predecessor-version":[{"id":36058,"href":"https:\/\/leocare.eu\/fr\/wp-json\/wp\/v2\/pages\/22907\/revisions\/36058"}],"up":[{"embeddable":true,"href":"https:\/\/leocare.eu\/fr\/wp-json\/wp\/v2\/pages\/17928"}],"wp:attachment":[{"href":"https:\/\/leocare.eu\/fr\/wp-json\/wp\/v2\/media?parent=22907"}],"curies":[{"name":"wp","href":"https:\/\/api.w.org\/{rel}","templated":true}]}}