{"id":22905,"date":"2024-09-05T15:54:11","date_gmt":"2024-09-05T13:54:11","guid":{"rendered":"https:\/\/leocare.eu\/fr\/?page_id=22905"},"modified":"2026-04-07T16:37:44","modified_gmt":"2026-04-07T14:37:44","slug":"quelle-voiture-acheter","status":"publish","type":"page","link":"https:\/\/leocare.eu\/fr\/assurance-auto-en-ligne\/couverture\/contrat\/releve-information\/malus\/quelle-voiture-acheter\/","title":{"rendered":"Quelle voiture acheter lorsqu\u2019on est conducteur maluss\u00e9 ?"},"content":{"rendered":"\n<p>Si vous souhaitez acheter une nouvelle voiture et que vous \u00eates un conducteur maluss\u00e9, aucun probl\u00e8me. L\u2019achat est dissoci\u00e9 de votre profil de conducteur. Toutefois, il est important de savoir que votre compagnie d\u2019assurances prendra en compte votre malus et la puissance de votre nouveau v\u00e9hicule pour le calcul de vos cotisations. Leocare vous dit tout.<\/p>\n\n\n\n<h2 class=\"wp-block-heading\" id=\"section-1\">Achat de v\u00e9hicule : est-ce grave d\u2019avoir un malus ?<\/h2>\n\n\n\n<p>Est-ce si&nbsp;<a href=\"https:\/\/leocare.eu\/fr\/assurance-auto-en-ligne\/couverture\/contrat\/releve-information\/malus\/grave\/\">grave d\u2019avoir un malus<\/a>&nbsp;lorsqu\u2019on souhaite acheter un v\u00e9hicule ? Pas du tout ! Ce qui peut s\u2019av\u00e9rer un peu compliqu\u00e9 (mais toujours possible !), c\u2019est de&nbsp;<strong>trouver une&nbsp;compagnie d\u2019assurances<\/strong>&nbsp;qui&nbsp;<strong>accepte d\u2019assurer votre nouvelle voiture&nbsp;<\/strong>alors que vous faites partie des&nbsp;conducteurs&nbsp;avec du malus suite \u00e0 des&nbsp;accidents responsables.&nbsp;<\/p>\n\n\n\n<p>Avoir du malus peut aussi faire grimper les prix : les&nbsp;<strong>assurances calculent votre cotisation selon votre profil de conducteur<\/strong>. Plus le&nbsp;<strong>malus est \u00e9lev\u00e9<\/strong>, plus le montant de la&nbsp;<strong>cotisation l\u2019est aussi<\/strong>\u2026&nbsp;<\/p>\n\n\n\n<p>Or, l\u2019<strong>assurance auto est obligatoire<\/strong>&nbsp;pour continuer \u00e0 rouler.<\/p>\n\n\n\n<p><strong>Heureusement, il y a toujours des solutions :&nbsp;<\/strong><\/p>\n\n\n\n<ol class=\"wp-block-list\">\n<li>Assurer votre v\u00e9hicule aupr\u00e8s d\u2019une&nbsp;<strong>assurance auto malus<\/strong>&nbsp;sp\u00e9cialis\u00e9e comme Leocare \ud83e\udd29.<\/li>\n\n\n\n<li>Solliciter le&nbsp;<strong>BCT (Bureau central de tarification)<\/strong>. Cet organisme peut exiger d\u2019une compagnie qu\u2019elle assure votre auto au minimum (en responsabilit\u00e9 civile) avec une tarification BCT abordable, non n\u00e9gociable par l\u2019assurance. Attention ! La RC (responsabilit\u00e9 civile) couvre les dommages caus\u00e9s \u00e0 autrui mais n\u2019inclut aucune garantie pour vous et votre v\u00e9hicule.<\/li>\n<\/ol>\n\n\n\n<h2 class=\"wp-block-heading\"><strong>Savez-vous si vous avez du malus ? Et si oui, combien ?<\/strong><\/h2>\n\n\n\n<p>Le syst\u00e8me de bonus-malus note les automobilistes par rapport \u00e0 leur comportement sur la route. Les bons conducteurs sont r\u00e9compens\u00e9s et les moins bons sont p\u00e9nalis\u00e9s.&nbsp;<\/p>\n\n\n\n<p>Le\u00a0<strong>bonus-malus<\/strong>\u00a0se calcule \u00e0 partir de 1 et peut atteindre un <a href=\"https:\/\/leocare.eu\/fr\/assurance-auto-en-ligne\/couverture\/contrat\/releve-information\/malus\/bonus-maximum\/\">bonus maxi<\/a> de 3,5, coefficient de base de tous les conducteurs. Ensuite, votre\u00a0<strong>CRM (coefficient de r\u00e9duction-majoration)<\/strong>\u00a0est augment\u00e9 ou diminu\u00e9 en fonction des sinistres responsables ou non responsables survenus.<\/p>\n\n\n\n<p>Les r\u00e8gles de calcul du malus s\u2019appliquent comme suit :&nbsp;<\/p>\n\n\n\n<ul class=\"wp-block-list\">\n<li>sinistre&nbsp;<strong>responsable<\/strong>&nbsp;: majoration du&nbsp;<strong>CRM de +25&nbsp;% ;<\/strong><\/li>\n\n\n\n<li>sinistre&nbsp;<strong>partiellement responsable<\/strong>&nbsp;: majoration du&nbsp;<strong>CRM de +12,5&nbsp;%<\/strong>.<\/li>\n<\/ul>\n\n\n\n<p>\u00c0 chaque ann\u00e9e sans accident, votre CRM diminue de 5&nbsp;% \u00e0 \u00e9ch\u00e9ance annuelle.<\/p>\n\n\n\n<div class=\"bon-a-savoir\">\n\n\n\n<h3 class=\"wp-block-heading\">Bon \u00e0 savoir<\/h3>\n\n\n\n<p>Le niveau de&nbsp;<strong>malus maximum est de 3,5<\/strong>. Le&nbsp;<strong>bonus maximum est de 0,50<\/strong>. La bonne nouvelle : si vous \u00eates maluss\u00e9 et que pendant deux ann\u00e9es vous n\u2019avez pas d\u2019accident responsable, votre CRM revient \u00e0 1.<\/p>\n\n\n\n<\/div>\n\n\n\n<p>Votre niveau de bonus-malus est indiqu\u00e9 sur votre RI (relev\u00e9 d\u2019information).<strong>&nbsp;Vous pouvez le consulter aupr\u00e8s de votre assurance ou via votre espace client.<\/strong><\/p>\n\n\n\n<p>Si vous avez du&nbsp;malus, vous pouvez vous tourner vers des&nbsp;<a href=\"https:\/\/leocare.eu\/fr\/assurance-auto-en-ligne\/couverture\/contrat\/releve-information\/malus\/\">assurances auto malus sp\u00e9cialis\u00e9es<\/a>&nbsp;pour les conducteurs&nbsp;maluss\u00e9s. Votre&nbsp;<strong>cotisation&nbsp;<\/strong><strong>annuelle<\/strong>&nbsp;sera \u00e9tablie en fonction du niveau de votre&nbsp;<strong>coefficient<\/strong>&nbsp;et de la&nbsp;<strong>puissance moteur<\/strong>&nbsp;de votre v\u00e9hicule.<\/p>\n\n\n\n<h2 class=\"wp-block-heading\" id=\"section-2\">\u00c9viter les mod\u00e8les puissants pour favoriser une meilleure prime d\u2019assurance<\/h2>\n\n\n\n<p>Selon la S\u00e9curit\u00e9 routi\u00e8re,&nbsp;<strong>la vitesse est la premi\u00e8re cause de mortalit\u00e9 sur la route<\/strong>. Plus la vitesse augmente, plus l\u2019attention au volant et les temps de r\u00e9action diminuent. C\u2019est donc une information que prennent en compte les assurances lors de l\u2019\u00e9tude de votre dossier.<\/p>\n\n\n\n<div class=\"bon-a-savoir\">\n\n\n\n<h3 class=\"wp-block-heading\">Bon \u00e0 savoir<\/h3>\n\n\n\n<p>Suite \u00e0 un accident non responsable, si le tiers impliqu\u00e9 est coupable d\u2019un&nbsp;<a href=\"https:\/\/leocare.eu\/fr\/assurance-auto-en-ligne\/couverture\/contrat\/releve-information\/malus\/delit-fuite\/\">d\u00e9lit de fuite<\/a>, vous n\u2019aurez pas de&nbsp;malus&nbsp;et votre&nbsp;prime d\u2019assurance&nbsp;ne sera pas augment\u00e9e. Si le fuyard n\u2019est pas retrouv\u00e9, c\u2019est le FGAO (Fonds de garantie des assurances obligatoires de dommages) qui se chargera de l\u2019indemnisation&nbsp;des dommages.<\/p>\n\n\n\n<\/div>\n\n\n\n<p>Sur votre RI, votre futur assureur pr\u00eatera particuli\u00e8rement attention :&nbsp;<\/p>\n\n\n\n<ul class=\"wp-block-list\">\n<li>au niveau CRM (niveau de malus)&nbsp;;<\/li>\n\n\n\n<li>au nombre d\u2019ann\u00e9es en tant que conducteur maluss\u00e9&nbsp;;<\/li>\n\n\n\n<li>au nombre d\u2019ann\u00e9es en tant que conducteur assur\u00e9&nbsp;;<\/li>\n\n\n\n<li>\u00e0 la puissance, \u00e2ge et kilom\u00e9trage du v\u00e9hicule&nbsp;;<\/li>\n\n\n\n<li>au kilom\u00e9trage annuel pr\u00e9visionnel&nbsp;;<\/li>\n\n\n\n<li>aux infractions, points sur le permis, suspension de permis&nbsp;;<\/li>\n\n\n\n<li>au lieu de stationnement de la voiture.<\/li>\n<\/ul>\n\n\n\n<p>La puissance du moteur d\u2019un v\u00e9hicule est calcul\u00e9e en unit\u00e9 de&nbsp;<strong>cheval fiscal<\/strong>. Plus votre moteur a de chevaux fiscaux, plus la voiture a de puissance. Et statistiquement, les v\u00e9hicules qui permettent de rouler vite sont plus susceptibles de causer des accidents.&nbsp;<\/p>\n\n\n\n<p>Les compagnies d\u2019assurances attachent donc de l\u2019importance \u00e0 la<strong>&nbsp;puissance du moteur de l\u2019auto \u00e0 assurer<\/strong>. Une autre raison est que souvent les pi\u00e8ces d\u00e9tach\u00e9es et les dommages co\u00fbtent plus cher sur une grosse voiture que sur une petite citadine par exemple.&nbsp;<\/p>\n\n\n\n<p>Lorsque vous sollicitez une assurance pour votre nouveau v\u00e9hicule,&nbsp;<strong>analysez pr\u00e9alablement vos besoins.<\/strong>&nbsp;Cela permettra de trouver la formule la plus adapt\u00e9e :&nbsp;<\/p>\n\n\n\n<ul class=\"wp-block-list\">\n<li>Quelles sont les&nbsp;<strong>garanties souhait\u00e9es&nbsp;<\/strong>(Tiers, Tiers+ ou Tous risques) ?<\/li>\n\n\n\n<li>Allez-vous d\u00e9clarer des&nbsp;<strong>conducteurs secondaires<\/strong>&nbsp;sur la voiture ?<\/li>\n<\/ul>\n\n\n\n<p>Consultez les&nbsp;<strong>sites de comparateur d\u2019assurances en ligne<\/strong>. Vous aurez une id\u00e9e plus pr\u00e9cise du montant de la prime annuelle que vous allez payer, et vous pourrez trouver la meilleure assurance au meilleur prix \ud83d\ude0e.<\/p>\n\n\n\n<div class=\"bon-a-savoir\">\n\n\n\n<h3 class=\"wp-block-heading\">Bon \u00e0 savoir<\/h3>\n\n\n\n<p>Si vous \u00eates victime d\u2019un&nbsp;<a href=\"https:\/\/leocare.eu\/fr\/assurance-auto-en-ligne\/couverture\/contrat\/releve-information\/malus\/vol-de-voiture\/\">vol de voiture<\/a>, vous n\u2019aurez pas de&nbsp;malus. Mais en fonction des garanties souscrites (<strong>assurance Tiers&nbsp;ou Tous risques<\/strong>), il est possible que vous ne soyez pas indemnis\u00e9.<\/p>\n\n\n\n<\/div>\n\n\n\n<p>Chez Leocare,&nbsp;<strong>nous avons des formules adapt\u00e9es pour tous les automobilistes<\/strong>, m\u00eame les&nbsp;<strong>jeunes conducteurs<\/strong>. Nous accueillons aussi les&nbsp;<strong>conducteurs maluss\u00e9s<\/strong>&nbsp;et nous leur proposons des garanties solides pour leur nouveau v\u00e9hicule \ud83d\ude4c.<\/p>\n\n\n\n<p><\/p>\n","protected":false},"excerpt":{"rendered":"<p>Si vous souhaitez acheter une nouvelle voiture et que vous \u00eates un conducteur maluss\u00e9, aucun probl\u00e8me. L\u2019achat est dissoci\u00e9 de votre profil de conducteur. Toutefois, il est important de savoir que votre compagnie d\u2019assurances prendra en compte votre malus et la puissance de votre nouveau v\u00e9hicule pour le calcul de vos cotisations. Leocare vous dit [&hellip;]<\/p>\n","protected":false},"author":44,"featured_media":0,"parent":17928,"menu_order":0,"comment_status":"closed","ping_status":"closed","template":"template_seo.php","meta":{"_acf_changed":false,"footnotes":""},"class_list":["post-22905","page","type-page","status-publish","hentry"],"acf":[],"yoast_head":"<!-- This site is optimized with the Yoast SEO plugin v27.3 - https:\/\/yoast.com\/product\/yoast-seo-wordpress\/ -->\n<title>Conducteur maluss\u00e9 : quelle voiture acheter ?<\/title>\n<meta name=\"description\" content=\"Vous pouvez acheter une nouvelle voiture m\u00eame si vous avez du malus. La puissance de votre voiture d\u00e9terminera en partie le montant de l\u2019assurance.\" \/>\n<meta name=\"robots\" content=\"index, follow, max-snippet:-1, max-image-preview:large, max-video-preview:-1\" \/>\n<link rel=\"canonical\" href=\"https:\/\/leocare.eu\/fr\/assurance-auto-en-ligne\/couverture\/contrat\/releve-information\/malus\/quelle-voiture-acheter\/\" \/>\n<meta property=\"og:locale\" content=\"fr_FR\" \/>\n<meta property=\"og:type\" content=\"article\" \/>\n<meta property=\"og:title\" content=\"Conducteur maluss\u00e9 : quelle voiture acheter ?\" \/>\n<meta property=\"og:description\" content=\"Vous pouvez acheter une nouvelle voiture m\u00eame si vous avez du malus. La puissance de votre voiture d\u00e9terminera en partie le montant de l\u2019assurance.\" \/>\n<meta property=\"og:url\" content=\"https:\/\/leocare.eu\/fr\/assurance-auto-en-ligne\/couverture\/contrat\/releve-information\/malus\/quelle-voiture-acheter\/\" \/>\n<meta property=\"og:site_name\" content=\"Leocare, assurance en ligne automobile et habitation\" \/>\n<meta property=\"article:modified_time\" content=\"2026-04-07T14:37:44+00:00\" \/>\n<meta name=\"twitter:card\" content=\"summary_large_image\" \/>\n<meta name=\"twitter:label1\" content=\"Est. reading time\" \/>\n\t<meta name=\"twitter:data1\" content=\"5 minutes\" \/>\n<!-- \/ Yoast SEO plugin. -->","yoast_head_json":{"title":"Conducteur maluss\u00e9 : quelle voiture acheter ?","description":"Vous pouvez acheter une nouvelle voiture m\u00eame si vous avez du malus. La puissance de votre voiture d\u00e9terminera en partie le montant de l\u2019assurance.","robots":{"index":"index","follow":"follow","max-snippet":"max-snippet:-1","max-image-preview":"max-image-preview:large","max-video-preview":"max-video-preview:-1"},"canonical":"https:\/\/leocare.eu\/fr\/assurance-auto-en-ligne\/couverture\/contrat\/releve-information\/malus\/quelle-voiture-acheter\/","og_locale":"fr_FR","og_type":"article","og_title":"Conducteur maluss\u00e9 : quelle voiture acheter ?","og_description":"Vous pouvez acheter une nouvelle voiture m\u00eame si vous avez du malus. La puissance de votre voiture d\u00e9terminera en partie le montant de l\u2019assurance.","og_url":"https:\/\/leocare.eu\/fr\/assurance-auto-en-ligne\/couverture\/contrat\/releve-information\/malus\/quelle-voiture-acheter\/","og_site_name":"Leocare, assurance en ligne automobile et habitation","article_modified_time":"2026-04-07T14:37:44+00:00","twitter_card":"summary_large_image","twitter_misc":{"Est. reading time":"5 minutes"},"schema":{"@context":"https:\/\/schema.org","@graph":[{"@type":"WebPage","@id":"https:\/\/leocare.eu\/fr\/assurance-auto-en-ligne\/couverture\/contrat\/releve-information\/malus\/quelle-voiture-acheter\/","url":"https:\/\/leocare.eu\/fr\/assurance-auto-en-ligne\/couverture\/contrat\/releve-information\/malus\/quelle-voiture-acheter\/","name":"Conducteur maluss\u00e9 : quelle voiture acheter ?","isPartOf":{"@id":"https:\/\/leocare.eu\/fr\/#website"},"datePublished":"2024-09-05T13:54:11+00:00","dateModified":"2026-04-07T14:37:44+00:00","description":"Vous pouvez acheter une nouvelle voiture m\u00eame si vous avez du malus. La puissance de votre voiture d\u00e9terminera en partie le montant de l\u2019assurance.","breadcrumb":{"@id":"https:\/\/leocare.eu\/fr\/assurance-auto-en-ligne\/couverture\/contrat\/releve-information\/malus\/quelle-voiture-acheter\/#breadcrumb"},"inLanguage":"fr-FR","potentialAction":[{"@type":"ReadAction","target":["https:\/\/leocare.eu\/fr\/assurance-auto-en-ligne\/couverture\/contrat\/releve-information\/malus\/quelle-voiture-acheter\/"]}]},{"@type":"WebSite","@id":"https:\/\/leocare.eu\/fr\/#website","url":"https:\/\/leocare.eu\/fr\/","name":"Leocare, assurance en ligne automobile et habitation","description":"enfin (r)assur\u00e9.e","publisher":{"@id":"https:\/\/leocare.eu\/fr\/#organization"},"potentialAction":[{"@type":"SearchAction","target":{"@type":"EntryPoint","urlTemplate":"https:\/\/leocare.eu\/fr\/?s={search_term_string}"},"query-input":{"@type":"PropertyValueSpecification","valueRequired":true,"valueName":"search_term_string"}}],"inLanguage":"fr-FR"},{"@type":"Organization","@id":"https:\/\/leocare.eu\/fr\/#organization","name":"Leocare, assurance en ligne automobile et habitation","url":"https:\/\/leocare.eu\/fr\/","logo":{"@type":"ImageObject","inLanguage":"fr-FR","@id":"https:\/\/leocare.eu\/fr\/#\/schema\/logo\/image\/","url":"https:\/\/leocare.eu\/fr\/wp-content\/uploads\/2020\/03\/logo-leocare.svg","contentUrl":"https:\/\/leocare.eu\/fr\/wp-content\/uploads\/2020\/03\/logo-leocare.svg","caption":"Leocare, assurance en ligne automobile et habitation"},"image":{"@id":"https:\/\/leocare.eu\/fr\/#\/schema\/logo\/image\/"}}]}},"_links":{"self":[{"href":"https:\/\/leocare.eu\/fr\/wp-json\/wp\/v2\/pages\/22905","targetHints":{"allow":["GET"]}}],"collection":[{"href":"https:\/\/leocare.eu\/fr\/wp-json\/wp\/v2\/pages"}],"about":[{"href":"https:\/\/leocare.eu\/fr\/wp-json\/wp\/v2\/types\/page"}],"author":[{"embeddable":true,"href":"https:\/\/leocare.eu\/fr\/wp-json\/wp\/v2\/users\/44"}],"replies":[{"embeddable":true,"href":"https:\/\/leocare.eu\/fr\/wp-json\/wp\/v2\/comments?post=22905"}],"version-history":[{"count":7,"href":"https:\/\/leocare.eu\/fr\/wp-json\/wp\/v2\/pages\/22905\/revisions"}],"predecessor-version":[{"id":36296,"href":"https:\/\/leocare.eu\/fr\/wp-json\/wp\/v2\/pages\/22905\/revisions\/36296"}],"up":[{"embeddable":true,"href":"https:\/\/leocare.eu\/fr\/wp-json\/wp\/v2\/pages\/17928"}],"wp:attachment":[{"href":"https:\/\/leocare.eu\/fr\/wp-json\/wp\/v2\/media?parent=22905"}],"curies":[{"name":"wp","href":"https:\/\/api.w.org\/{rel}","templated":true}]}}