{"id":22903,"date":"2024-09-05T15:54:26","date_gmt":"2024-09-05T13:54:26","guid":{"rendered":"https:\/\/leocare.eu\/fr\/?page_id=22903"},"modified":"2026-04-07T16:37:43","modified_gmt":"2026-04-07T14:37:43","slug":"qui-est-concerne","status":"publish","type":"page","link":"https:\/\/leocare.eu\/fr\/assurance-auto-en-ligne\/couverture\/contrat\/releve-information\/malus\/qui-est-concerne\/","title":{"rendered":"Qui est concern\u00e9 par l\u2019application du bonus-malus en assurance ?"},"content":{"rendered":"\n<p>En tant que conducteurs, nous sommes tous concern\u00e9s par le syst\u00e8me de bonus-malus. Pour conna\u00eetre le fonctionnement du bonus-malus et savoir comment le calculer, suivez les explications de Leocare.<\/p>\n\n\n\n<h2 class=\"wp-block-heading\" id=\"section-1\">Le bonus-malus est une disposition l\u00e9gale<\/h2>\n\n\n\n<p>Le bonus-malus est une disposition l\u00e9gale instaur\u00e9e en 1976. Il rejoint le but vis\u00e9 par l\u2019association&nbsp;<strong>Pr\u00e9vention routi\u00e8re&nbsp;<\/strong>depuis sa cr\u00e9ation en 1949&nbsp;: r\u00e9duire le nombre d\u2019accidents de voiture, en hausse au sortir de la Seconde Guerre mondiale en raison de l\u2019augmentation consid\u00e9rable des automobilistes sur les routes.<\/p>\n\n\n\n<p>Le principe est de&nbsp;<strong>p\u00e9naliser d\u2019un&nbsp;<\/strong><a href=\"https:\/\/leocare.eu\/fr\/assurance-auto-en-ligne\/couverture\/contrat\/releve-information\/malus\/\"><strong>malus<\/strong><\/a>&nbsp;les conducteurs qui causent des&nbsp;<strong>accidents responsables<\/strong>&nbsp;pendant une ann\u00e9e ou plusieurs&nbsp;ann\u00e9es cons\u00e9cutives. Mais cela fonctionne dans les deux sens. En l\u2019<strong>absence d\u2019<\/strong><strong>accident<\/strong><strong>&nbsp;responsable<\/strong>, un automobiliste est&nbsp;<strong>gratifi\u00e9 d\u2019un bonus \ud83e\udd29<\/strong>.<\/p>\n\n\n\n<p>Le but du bonus-malus, appel\u00e9 \u00e9galement CRM (coefficient de r\u00e9duction-majoration), est de&nbsp;<strong>sensibiliser les automobilistes<\/strong>&nbsp;et les pousser \u00e0 conduire plus prudemment pour limiter le risque de sinistres. Le niveau de CRM fluctue en fonction des accidents responsables occasionn\u00e9s ou non. Il sert \u00e0 encourager les conducteurs maluss\u00e9s \u00e0 adapter leur comportement pour&nbsp;<strong>regagner du bonus<\/strong>.<\/p>\n\n\n\n<p>Le bonus-malus est r\u00e9gi par le code des assurances et appliqu\u00e9 par la compagnie d\u2019assurances o\u00f9 le v\u00e9hicule est assur\u00e9. Les assureurs s\u2019appuient en partie sur votre CRM pour d\u00e9finir le montant de votre cotisation annuelle. Si votre\u00a0<strong>malus est \u00e9lev\u00e9<\/strong>, votre\u00a0<strong>cotisation le sera aussi<\/strong>. Si votre\u00a0<strong>bonus est \u00e9lev\u00e9<\/strong>, votre\u00a0<strong>cotisation sera diminu\u00e9e<\/strong>. Son minimum est de 0,5 et <a href=\"https:\/\/leocare.eu\/fr\/assurance-auto-en-ligne\/couverture\/contrat\/releve-information\/malus\/bonus-maximum\/\">le bonus maximum en assurance auto<\/a> est de 3,5.<\/p>\n\n\n\n<p>Pour savoir si vous avez du malus ou du bonus, vous pouvez vous r\u00e9f\u00e9rer \u00e0 votre&nbsp;<strong>relev\u00e9 d\u2019information<\/strong>&nbsp;(RI) disponible chez votre assureur. Ce document rassemble toutes vos informations de conducteur, depuis le d\u00e9but de votre conduite assur\u00e9e (avec votre v\u00e9hicule mais aussi celui des autres). Il pr\u00e9sente votre&nbsp;<strong>profil de conducteur<\/strong>&nbsp;et recense les infractions (points, suspension de permis de conduire) et les sinistres responsables ou non responsables que vous avez caus\u00e9s ou subis.<\/p>\n\n\n\n<h2 class=\"wp-block-heading\" id=\"section-2\">Ce qu\u2019il faut savoir sur le bonus-malus<\/h2>\n\n\n\n<p>Le bonus-malus concerne&nbsp;<strong>tous les conducteurs de v\u00e9hicules \u00e0 moteur de 125 cm<\/strong><strong>3<\/strong>&nbsp;et plus. Certains v\u00e9hicules n\u2019y sont pas soumis : voitures et motos de collection, engins de travaux publics, agricoles et forestiers, v\u00e9hicules de secours et d\u2019assistance, v\u00e9hicules de transports en commun.<\/p>\n\n\n\n<p>D\u00e8s le d\u00e9but de votre vie de conducteur assur\u00e9, votre CRM d\u00e9marre \u00e0 1. Vous&nbsp;<a href=\"https:\/\/leocare.eu\/fr\/assurance-auto-en-ligne\/couverture\/contrat\/releve-information\/malus\/obtenir-malus\/\">obtenez du malus<\/a>&nbsp;en cas d\u2019accident&nbsp;responsable ou partiellement responsable. Les&nbsp;assurances&nbsp;appliquent alors un malus et une augmentation des cotisations aux&nbsp;conducteurs&nbsp;selon le calcul suivant :&nbsp;<\/p>\n\n\n\n<ul class=\"wp-block-list\">\n<li><strong>Malus +25&nbsp;%<\/strong>&nbsp;si vous \u00eates d\u00e9clar\u00e9&nbsp;<strong>responsable<\/strong>.<\/li>\n\n\n\n<li><strong>Malus +12,5&nbsp;%<\/strong>&nbsp;si vous \u00eates d\u00e9clar\u00e9&nbsp;<strong>partiellement responsable<\/strong>.<\/li>\n<\/ul>\n\n\n\n<p>En cas d\u2019accident,&nbsp;vous pouvez&nbsp;<a href=\"https:\/\/leocare.eu\/fr\/assurance-auto-en-ligne\/couverture\/contrat\/releve-information\/malus\/savoir\/\">consulter votre relev\u00e9 d\u2019information<\/a>&nbsp;pour conna\u00eetre votre&nbsp;CRM. Votre&nbsp;<strong>cotisation d\u2019assurance&nbsp;sera augment\u00e9e proportionnellement au niveau du malus<\/strong>.&nbsp;<\/p>\n\n\n\n<p>Les&nbsp;<strong>jeunes conducteurs<\/strong>&nbsp;sont aussi&nbsp;<strong>concern\u00e9s par le bonus-malus<\/strong>. Ils sont d\u00e9j\u00e0 soumis \u00e0 une&nbsp;cotisation&nbsp;avec&nbsp;<strong>surprime<\/strong>&nbsp;puisqu\u2019ils sont consid\u00e9r\u00e9s comme des profils \u00e0 risque. En cas de sinistres responsables, ils voient leur&nbsp;<strong>cotisation augmenter consid\u00e9rablement&nbsp;<\/strong>\u00e0&nbsp;\u00e9ch\u00e9ance annuelle.<\/p>\n\n\n\n<p>La bonne nouvelle, c\u2019est qu\u2019il est&nbsp;<strong>possible de&nbsp;<\/strong><a href=\"https:\/\/leocare.eu\/fr\/assurance-auto-en-ligne\/couverture\/contrat\/releve-information\/malus\/tiers-non-identifie\/\"><strong>perdre son malus<\/strong><\/a>&nbsp;\ud83e\udd73. Il existe trois moyens pour&nbsp;<strong>diminuer votre CRM<\/strong>&nbsp;:&nbsp;<\/p>\n\n\n\n<ol class=\"wp-block-list\">\n<li>\u00c0 chaque ann\u00e9e d\u2019assurance&nbsp;<strong>sans accident responsable<\/strong>, votre CRM&nbsp;<strong>baisse de 5&nbsp;%<\/strong>&nbsp;(le bonus maximum \u00e9tant de 0,50).&nbsp;<em>Donc, si vous avez un malus de 1,05 et que vous n\u2019\u00eates pas responsable de sinistre pendant un an, votre coefficient passe \u00e0 1.<\/em><\/li>\n\n\n\n<li>Le principe de la&nbsp;<strong>descente rapide<\/strong>&nbsp;vous permet de retrouver un&nbsp;<strong>coefficient de 1<\/strong>&nbsp;apr\u00e8s&nbsp;<strong>deux ann\u00e9es sans accident responsable<\/strong>.&nbsp;<em>Si vous avez un malus de 3,5 (le malus maximum) et pas d\u2019accident responsable pendant deux ans, votre coefficient redescend directement \u00e0 1.<\/em><\/li>\n\n\n\n<li>Si vous avez du&nbsp;<strong>bonus plus de trois ans<\/strong>&nbsp;d\u2019affil\u00e9e, le&nbsp;<strong>premier sinistre responsable<\/strong>&nbsp;survenu n\u2019impacte pas votre CRM et vous n\u2019avez&nbsp;<strong>pas de malus<\/strong>. C\u2019est ce que les assurances appellent le&nbsp;<strong>joker<\/strong>.<\/li>\n<\/ol>\n\n\n\n<p>Votre bonus-malus et le montant de vos cotisations d\u00e9pendent enti\u00e8rement de vous ! Plus vous \u00eates prudent sur la route et plus vos possibilit\u00e9s d\u2019accumuler et garder du bonus s\u2019accroissent.<\/p>\n\n\n\n<section class=\"wp-block-leocare-bon-a-savoir leocare-bas\"><div class=\"leocare-bas__head\"><img decoding=\"async\" class=\"leocare-bas__icon\" src=\"https:\/\/leocare.eu\/fr\/wp-content\/themes\/leocare-new\/assets\/img\/icon-alert-purple.svg\" alt=\"icon alerte\"\/><h3 class=\"leocare-bas__title\">Bon \u00e0 savoir<\/h3><\/div><div class=\"leocare-bas__content\">\n<p>Votre voiture a \u00e9t\u00e9 vol\u00e9e ? Si <a href=\"https:\/\/leocare.eu\/fr\/assurance-auto-en-ligne\/couverture\/contrat\/releve-information\/malus\/vol-de-voiture\/\">l&rsquo;assurance contre le vol de voiture<\/a> est activ\u00e9e, <strong>vous \u00eates couverts et cerise sur le g\u00e2teau : il n\u2019y a pas d\u2019impact sur votre coefficient bonus-malus.<\/strong><\/p>\n<\/div><\/section>\n\n\n\n<h2 class=\"wp-block-heading\" id=\"section-3\">Quelles sont les offres des assurances pour les conducteurs maluss\u00e9s ?<\/h2>\n\n\n\n<p>En tant que&nbsp;<strong>conducteur maluss\u00e9<\/strong>, vous pouvez \u00eatre confront\u00e9 au&nbsp;<strong>refus des compagnies de vous assurer<\/strong>. L\u2019<strong>assurance auto<\/strong>&nbsp;\u00e9tant&nbsp;<strong>obligatoire<\/strong>&nbsp;depuis 1958, vous ne pouvez pas prendre le volant sans \u00eatre assur\u00e9.<\/p>\n\n\n\n<p>Vous pouvez&nbsp;<strong>demander au BCT (Bureau central de tarification) de vous assurer<\/strong>. Cette autorit\u00e9 administrative peut obliger un assureur \u00e0 vous assurer avec une tarification BCT adapt\u00e9e. En revanche, il ne s\u2019agit que de la responsabilit\u00e9 civile. La RC couvre les dommages que vous causez aux autres, mais ne vous indemnise pas pour vos dommages mat\u00e9riels ou corporels.<\/p>\n\n\n\n<p>La meilleure solution :&nbsp;<strong>souscrire un contrat chez une assurance auto maluss\u00e9<\/strong>&nbsp;! Si votre&nbsp;compagnie&nbsp;a r\u00e9sili\u00e9 votre contrat, vous avez la possibilit\u00e9 de souscrire un contrat avec un&nbsp;<strong>assureur sp\u00e9cialis\u00e9&nbsp;malus<\/strong>. Vous trouverez sur le march\u00e9 des&nbsp;<a href=\"https:\/\/leocare.eu\/fr\/assurance-auto-en-ligne\/couverture\/contrat\/releve-information\/malus\/pas-chere\/\">assurances malus pas ch\u00e8res<\/a>.&nbsp;&nbsp;<\/p>\n\n\n\n<p>Avant de signer un nouveau contrat, utilisez un&nbsp;<strong>comparateur d\u2019assurances en ligne<\/strong>. Cela vous permettra d\u2019\u00e9tudier les diff\u00e9rences de prix, mais aussi et surtout les diff\u00e9rentes&nbsp;<strong>garanties<\/strong>&nbsp;propos\u00e9es par les compagnies. V\u00e9rifiez \u00e9galement les&nbsp;<strong>franchises<\/strong>&nbsp;\u00e0 payer en cas de sinistre.<\/p>\n\n\n\n<p>Vous pouvez choisir une&nbsp;<strong>assurance au Tiers<\/strong>&nbsp;qui vous offrira un minimum de garanties. La plupart des assureurs proposent \u00e9galement une&nbsp;<strong>assurance Tiers+<\/strong>. Elle peut inclure des garanties suppl\u00e9mentaires comme le bris de glace ou le vol de voiture. Enfin, l\u2019<strong>assurance Tous risques<\/strong>&nbsp;vous permet d\u2019\u00eatre prot\u00e9g\u00e9 en cas de sinistre responsable, partiellement responsable ou non responsable.<\/p>\n\n\n\n<p>Votre&nbsp;nouvel assureur&nbsp;prendra en compte votre niveau de&nbsp;majoration CRM&nbsp;pour d\u00e9terminer le montant de votre prime d\u2019assurance.&nbsp;<\/p>\n\n\n\n<p>Chez Leocare, nous proposons des&nbsp;<a href=\"https:\/\/leocare.eu\/fr\/assurance-auto-en-ligne\/couverture\/contrat\/releve-information\/malus\/contrats\/\">contrats d\u2019assurance pour les conducteurs maluss\u00e9s<\/a>. Nous accueillons m\u00eame les automobilistes jusqu\u2019\u00e0 3,5 de&nbsp;malus&nbsp;\ud83d\ude0e. Les meilleures garanties et un service client bas\u00e9 en France \ud83c\uddeb\ud83c\uddf7 sont compris dans toutes nos offres.&nbsp;<\/p>\n\n\n\n<p><\/p>\n","protected":false},"excerpt":{"rendered":"<p>En tant que conducteurs, nous sommes tous concern\u00e9s par le syst\u00e8me de bonus-malus. Pour conna\u00eetre le fonctionnement du bonus-malus et savoir comment le calculer, suivez les explications de Leocare. Le bonus-malus est une disposition l\u00e9gale Le bonus-malus est une disposition l\u00e9gale instaur\u00e9e en 1976. Il rejoint le but vis\u00e9 par l\u2019association&nbsp;Pr\u00e9vention routi\u00e8re&nbsp;depuis sa cr\u00e9ation en [&hellip;]<\/p>\n","protected":false},"author":44,"featured_media":0,"parent":17928,"menu_order":0,"comment_status":"closed","ping_status":"closed","template":"template_seo.php","meta":{"_acf_changed":false,"footnotes":""},"class_list":["post-22903","page","type-page","status-publish","hentry"],"acf":[],"yoast_head":"<!-- This site is optimized with the Yoast SEO plugin v27.3 - https:\/\/yoast.com\/product\/yoast-seo-wordpress\/ -->\n<title>Qui est concern\u00e9 par le bonus-malus en assurance ?<\/title>\n<meta name=\"description\" content=\"Tous les conducteurs sont soumis au bonus-malus. Si vous avez du malus, comparez les formules et trouvez l\u2019assurance auto malus la moins ch\u00e8re en ligne.\" \/>\n<meta name=\"robots\" content=\"index, follow, max-snippet:-1, max-image-preview:large, max-video-preview:-1\" \/>\n<link rel=\"canonical\" href=\"https:\/\/leocare.eu\/fr\/assurance-auto-en-ligne\/couverture\/contrat\/releve-information\/malus\/qui-est-concerne\/\" \/>\n<meta property=\"og:locale\" content=\"fr_FR\" \/>\n<meta property=\"og:type\" content=\"article\" \/>\n<meta property=\"og:title\" content=\"Qui est concern\u00e9 par le bonus-malus en assurance ?\" \/>\n<meta property=\"og:description\" content=\"Tous les conducteurs sont soumis au bonus-malus. Si vous avez du malus, comparez les formules et trouvez l\u2019assurance auto malus la moins ch\u00e8re en ligne.\" \/>\n<meta property=\"og:url\" content=\"https:\/\/leocare.eu\/fr\/assurance-auto-en-ligne\/couverture\/contrat\/releve-information\/malus\/qui-est-concerne\/\" \/>\n<meta property=\"og:site_name\" content=\"Leocare, assurance en ligne automobile et habitation\" \/>\n<meta property=\"article:modified_time\" content=\"2026-04-07T14:37:43+00:00\" \/>\n<meta property=\"og:image\" content=\"https:\/\/leocare.eu\/fr\/wp-content\/themes\/leocare-new\/assets\/img\/icon-alert-purple.svg\" \/>\n<meta name=\"twitter:card\" content=\"summary_large_image\" \/>\n<meta name=\"twitter:label1\" content=\"Dur\u00e9e de lecture estim\u00e9e\" \/>\n\t<meta name=\"twitter:data1\" content=\"6 minutes\" \/>\n<!-- \/ Yoast SEO plugin. -->","yoast_head_json":{"title":"Qui est concern\u00e9 par le bonus-malus en assurance ?","description":"Tous les conducteurs sont soumis au bonus-malus. Si vous avez du malus, comparez les formules et trouvez l\u2019assurance auto malus la moins ch\u00e8re en ligne.","robots":{"index":"index","follow":"follow","max-snippet":"max-snippet:-1","max-image-preview":"max-image-preview:large","max-video-preview":"max-video-preview:-1"},"canonical":"https:\/\/leocare.eu\/fr\/assurance-auto-en-ligne\/couverture\/contrat\/releve-information\/malus\/qui-est-concerne\/","og_locale":"fr_FR","og_type":"article","og_title":"Qui est concern\u00e9 par le bonus-malus en assurance ?","og_description":"Tous les conducteurs sont soumis au bonus-malus. Si vous avez du malus, comparez les formules et trouvez l\u2019assurance auto malus la moins ch\u00e8re en ligne.","og_url":"https:\/\/leocare.eu\/fr\/assurance-auto-en-ligne\/couverture\/contrat\/releve-information\/malus\/qui-est-concerne\/","og_site_name":"Leocare, assurance en ligne automobile et habitation","article_modified_time":"2026-04-07T14:37:43+00:00","og_image":[{"url":"https:\/\/leocare.eu\/fr\/wp-content\/themes\/leocare-new\/assets\/img\/icon-alert-purple.svg","type":"","width":"","height":""}],"twitter_card":"summary_large_image","twitter_misc":{"Dur\u00e9e de lecture estim\u00e9e":"6 minutes"},"schema":{"@context":"https:\/\/schema.org","@graph":[{"@type":"WebPage","@id":"https:\/\/leocare.eu\/fr\/assurance-auto-en-ligne\/couverture\/contrat\/releve-information\/malus\/qui-est-concerne\/","url":"https:\/\/leocare.eu\/fr\/assurance-auto-en-ligne\/couverture\/contrat\/releve-information\/malus\/qui-est-concerne\/","name":"Qui est concern\u00e9 par le bonus-malus en assurance ?","isPartOf":{"@id":"https:\/\/leocare.eu\/fr\/#website"},"primaryImageOfPage":{"@id":"https:\/\/leocare.eu\/fr\/assurance-auto-en-ligne\/couverture\/contrat\/releve-information\/malus\/qui-est-concerne\/#primaryimage"},"image":{"@id":"https:\/\/leocare.eu\/fr\/assurance-auto-en-ligne\/couverture\/contrat\/releve-information\/malus\/qui-est-concerne\/#primaryimage"},"thumbnailUrl":"https:\/\/leocare.eu\/fr\/wp-content\/themes\/leocare-new\/assets\/img\/icon-alert-purple.svg","datePublished":"2024-09-05T13:54:26+00:00","dateModified":"2026-04-07T14:37:43+00:00","description":"Tous les conducteurs sont soumis au bonus-malus. Si vous avez du malus, comparez les formules et trouvez l\u2019assurance auto malus la moins ch\u00e8re en ligne.","breadcrumb":{"@id":"https:\/\/leocare.eu\/fr\/assurance-auto-en-ligne\/couverture\/contrat\/releve-information\/malus\/qui-est-concerne\/#breadcrumb"},"inLanguage":"fr-FR","potentialAction":[{"@type":"ReadAction","target":["https:\/\/leocare.eu\/fr\/assurance-auto-en-ligne\/couverture\/contrat\/releve-information\/malus\/qui-est-concerne\/"]}]},{"@type":"ImageObject","inLanguage":"fr-FR","@id":"https:\/\/leocare.eu\/fr\/assurance-auto-en-ligne\/couverture\/contrat\/releve-information\/malus\/qui-est-concerne\/#primaryimage","url":"https:\/\/leocare.eu\/fr\/wp-content\/themes\/leocare-new\/assets\/img\/icon-alert-purple.svg","contentUrl":"https:\/\/leocare.eu\/fr\/wp-content\/themes\/leocare-new\/assets\/img\/icon-alert-purple.svg"},{"@type":"WebSite","@id":"https:\/\/leocare.eu\/fr\/#website","url":"https:\/\/leocare.eu\/fr\/","name":"Leocare, assurance en ligne automobile et habitation","description":"enfin (r)assur\u00e9.e","publisher":{"@id":"https:\/\/leocare.eu\/fr\/#organization"},"potentialAction":[{"@type":"SearchAction","target":{"@type":"EntryPoint","urlTemplate":"https:\/\/leocare.eu\/fr\/?s={search_term_string}"},"query-input":{"@type":"PropertyValueSpecification","valueRequired":true,"valueName":"search_term_string"}}],"inLanguage":"fr-FR"},{"@type":"Organization","@id":"https:\/\/leocare.eu\/fr\/#organization","name":"Leocare, assurance en ligne automobile et habitation","url":"https:\/\/leocare.eu\/fr\/","logo":{"@type":"ImageObject","inLanguage":"fr-FR","@id":"https:\/\/leocare.eu\/fr\/#\/schema\/logo\/image\/","url":"https:\/\/leocare.eu\/fr\/wp-content\/uploads\/2020\/03\/logo-leocare.svg","contentUrl":"https:\/\/leocare.eu\/fr\/wp-content\/uploads\/2020\/03\/logo-leocare.svg","caption":"Leocare, assurance en ligne automobile et habitation"},"image":{"@id":"https:\/\/leocare.eu\/fr\/#\/schema\/logo\/image\/"}}]}},"_links":{"self":[{"href":"https:\/\/leocare.eu\/fr\/wp-json\/wp\/v2\/pages\/22903","targetHints":{"allow":["GET"]}}],"collection":[{"href":"https:\/\/leocare.eu\/fr\/wp-json\/wp\/v2\/pages"}],"about":[{"href":"https:\/\/leocare.eu\/fr\/wp-json\/wp\/v2\/types\/page"}],"author":[{"embeddable":true,"href":"https:\/\/leocare.eu\/fr\/wp-json\/wp\/v2\/users\/44"}],"replies":[{"embeddable":true,"href":"https:\/\/leocare.eu\/fr\/wp-json\/wp\/v2\/comments?post=22903"}],"version-history":[{"count":7,"href":"https:\/\/leocare.eu\/fr\/wp-json\/wp\/v2\/pages\/22903\/revisions"}],"predecessor-version":[{"id":36469,"href":"https:\/\/leocare.eu\/fr\/wp-json\/wp\/v2\/pages\/22903\/revisions\/36469"}],"up":[{"embeddable":true,"href":"https:\/\/leocare.eu\/fr\/wp-json\/wp\/v2\/pages\/17928"}],"wp:attachment":[{"href":"https:\/\/leocare.eu\/fr\/wp-json\/wp\/v2\/media?parent=22903"}],"curies":[{"name":"wp","href":"https:\/\/api.w.org\/{rel}","templated":true}]}}