{"id":22869,"date":"2024-09-05T15:54:54","date_gmt":"2024-09-05T13:54:54","guid":{"rendered":"https:\/\/leocare.eu\/fr\/?page_id=22869"},"modified":"2026-04-07T16:37:41","modified_gmt":"2026-04-07T14:37:41","slug":"droit-assurance","status":"publish","type":"page","link":"https:\/\/leocare.eu\/fr\/assurance-auto-en-ligne\/couverture\/contrat\/releve-information\/malus\/droit-assurance\/","title":{"rendered":"Un conducteur maluss\u00e9 a-t-il le droit d\u2019assurer son auto ?"},"content":{"rendered":"\n<p>M\u00eame avec du malus, vous avez le droit d\u2019assurer votre voiture. L\u2019assurance auto \u00e9tant obligatoire, des solutions existent pour conduire en toute s\u00e9curit\u00e9 et l\u00e9galit\u00e9. Le point avec Leocare.<\/p>\n\n\n\n<h2 class=\"wp-block-heading\" id=\"section-1\">Les assureurs proposent des formules adapt\u00e9es<\/h2>\n\n\n\n<p>Si vous avez un&nbsp;<a href=\"https:\/\/leocare.eu\/fr\/assurance-auto-en-ligne\/couverture\/contrat\/releve-information\/malus\/\"><strong>malus<\/strong><\/a><strong>&nbsp;\u00e9lev\u00e9<\/strong>&nbsp;suite \u00e0 des&nbsp;accidents responsables&nbsp;plusieurs&nbsp;ann\u00e9es cons\u00e9cutives, votre assureur a le droit de&nbsp;<strong>r\u00e9silier votre contrat d\u2019assurance<\/strong>. Sans assurance, hors de question de conduire ! Elle est obligatoire pour couvrir les victimes et les dommages en cas d\u2019accident.<\/p>\n\n\n\n<p>Une fois radi\u00e9 par votre assurance et avec du malus,&nbsp;<strong>comment trouver un nouvel assureur<\/strong>&nbsp;<strong>?<\/strong>&nbsp;Vous n\u2019\u00eates pas le seul conducteur maluss\u00e9 \u00e0 avoir besoin de souscrire \u00e0 nouveau un contrat. En r\u00e9ponse \u00e0 ce besoin, de nombreuses&nbsp;<strong>compagnies d\u2019assurances sp\u00e9cialis\u00e9es<\/strong>&nbsp;proposent des formules adapt\u00e9es. Elles permettent de vous couvrir et de couvrir les autres conducteurs et passagers en cas d\u2019accident responsable ou non responsable.<\/p>\n\n\n\n<p><strong>Avec Leocare, vous pouvez b\u00e9n\u00e9ficier d\u2019une assurance auto malus<\/strong>, m\u00eame avec un CRM \u00e9lev\u00e9 suite \u00e0 plusieurs accidents responsables, une conduite sous alcool ou stup\u00e9fiants ou des incidents de paiement.<\/p>\n\n\n\n<p>Au-del\u00e0 du tarif, prenez le temps de comparer les formules (<strong>Tiers<\/strong>,&nbsp;<strong>Tiers+<\/strong>&nbsp;ou&nbsp;<strong>Tous risques<\/strong>) ainsi que les&nbsp;<strong>garanties<\/strong>&nbsp;(bris de glace, vol de voiture, etc.) et le montant des&nbsp;<strong>franchises<\/strong>.<\/p>\n\n\n\n<p>Avant d\u2019accepter votre dossier, votre futur assureur examinera votre&nbsp;<strong>relev\u00e9 d\u2019information<\/strong>. Ce document l\u00e9gal retrace l<strong>\u2019historique de votre vie de conducteu<\/strong>r (sinistres, infractions, etc.).&nbsp;<\/p>\n\n\n\n<p>Les compagnies prennent ainsi en consid\u00e9ration :&nbsp;<\/p>\n\n\n\n<ul class=\"wp-block-list\">\n<li>le niveau de votre malus&nbsp;;<\/li>\n\n\n\n<li>le nombre d\u2019ann\u00e9es de malus&nbsp;;<\/li>\n\n\n\n<li>le type de v\u00e9hicule (puissance, date de mise en circulation et kilom\u00e9trage)&nbsp;;<\/li>\n\n\n\n<li>le kilom\u00e9trage pr\u00e9vu&nbsp;;<\/li>\n\n\n\n<li>les infractions, points, retrait et suspension de permis&nbsp;;<\/li>\n\n\n\n<li>le lieu de stationnement de l\u2019auto.<\/li>\n<\/ul>\n\n\n\n<p>Si\u00a0<strong>aucune assurance n\u2019accepte de vous assurer<\/strong>\u00a0(c\u2019est souvent le cas pour les d\u00e9lits de fuite), il vous reste un\u00a0<strong>dernier recours<\/strong>. Vous pouvez mobiliser le\u00a0<strong>Bureau central de tarification<\/strong>. Cette autorit\u00e9 administrative peut obliger une compagnie \u00e0 vous assurer \u00e0 un tarif adapt\u00e9. Cependant, vous ne serez couvert que pour la responsabilit\u00e9 civile (assurance au Tiers). En cas de dommages mat\u00e9riels et corporels vous concernant,\u00a0<strong>aucune indemnisation ne sera vers\u00e9e<\/strong>.\u00a0<\/p>\n\n\n\n<p>Chez Leocare, voici\u00a0<a href=\"https:\/\/leocare.eu\/fr\/assurance-auto-en-ligne\/couverture\/contrat\/souscription\/documents\/\">les documents \u00e0 fournir pour changer d&rsquo;assurance auto<\/a>\u00a0:<\/p>\n\n\n\n<ul class=\"wp-block-list\">\n<li>Permis de conduire<\/li>\n\n\n\n<li>Relev\u00e9 d\u2019informations<\/li>\n\n\n\n<li>Carte grise<\/li>\n\n\n\n<li>RIB<\/li>\n<\/ul>\n\n\n\n<h2 class=\"wp-block-heading\" id=\"section-2\">Calculer son malus apr\u00e8s un accident : la m\u00e9thode<\/h2>\n\n\n\n<p>Tous les v\u00e9hicules terrestres assur\u00e9s sont soumis aux r\u00e8gles du bonus-malus. Le bonus-malus sert \u00e0&nbsp;<strong>calculer le montant de votre&nbsp;cotisation d\u2019assurance<\/strong>. En cas d\u2019accident, si vous \u00eates&nbsp;<a href=\"https:\/\/leocare.eu\/fr\/assurance-auto-en-ligne\/couverture\/contrat\/releve-information\/malus\/sinistre\/\">responsable du sinistre<\/a>, vous aurez du malus. Votre compagnie augmentera proportionnellement votre&nbsp;cotisation&nbsp;\u00e0 \u00e9ch\u00e9ance annuelle.&nbsp;<\/p>\n\n\n\n<p>Pour calculer votre malus apr\u00e8s un accident, il faut vous baser sur votre&nbsp;<strong>CRM (coefficient de r\u00e9duction-majoration)<\/strong>, c\u2019est-\u00e0-dire sur votre bonus-malus. Quand vous commencez \u00e0 conduire, il est \u00e0 1. Si vous prenez du&nbsp;<strong>malus<\/strong>, il est&nbsp;<strong>sup\u00e9rieur \u00e0 1<\/strong>. Si vous prenez du&nbsp;<strong>bonus<\/strong>, il est&nbsp;<strong>inf\u00e9rieur \u00e0 1<\/strong>.<\/p>\n\n\n\n<p>Les r\u00e8gles de calcul divergent en fonction du type d\u2019accident. En cas d\u2019accident&nbsp;<strong>partiellement responsable<\/strong>, le coefficient augmente de&nbsp;<strong>12,5&nbsp;%,<\/strong>&nbsp;alors qu\u2019il augmente de&nbsp;<strong>25&nbsp;%<\/strong>&nbsp;en cas d\u2019accident&nbsp;<strong>enti\u00e8rement responsable<\/strong>.<\/p>\n\n\n\n<p>Pour les&nbsp;<strong>jeunes conducteurs<\/strong>, le&nbsp;<a href=\"https:\/\/leocare.eu\/fr\/assurance-auto-en-ligne\/couverture\/contrat\/releve-information\/malus\/calcul-apres-accident\/\">calcul du bonus-malus apr\u00e8s un accident<\/a>&nbsp;est le m\u00eame. La hausse du&nbsp;CRM&nbsp;est de&nbsp;<strong>12,5 %<\/strong>&nbsp;ou&nbsp;<strong>25&nbsp;%<\/strong>&nbsp;selon la part de responsabilit\u00e9 de l\u2019automobiliste dans l\u2019accident. En plus de la&nbsp;<strong>surprime<\/strong>&nbsp;\u00e0 laquelle ils sont souvent assujettis en tant que novices, leur&nbsp;prime d\u2019assurance&nbsp;va cro\u00eetre elle aussi. Les&nbsp;sinistres responsables&nbsp;entra\u00eenent du&nbsp;malus. Le&nbsp;<a href=\"https:\/\/leocare.eu\/fr\/assurance-auto-en-ligne\/couverture\/contrat\/releve-information\/malus\/calcul-bonus-malus\/\">bonus-malus est recalcul\u00e9<\/a>&nbsp;chaque ann\u00e9e en fonction des sinistres caus\u00e9s ou subis.&nbsp;<\/p>\n\n\n\n<div class=\"bon-a-savoir\">\n\n\n\n<h3 class=\"wp-block-heading\">Bon \u00e0 savoir<\/h3>\n\n\n\n<p>Le bonus-malus est li\u00e9 au contrat d\u2019assurance du v\u00e9hicule. En cas d\u2019accident responsable avec votre v\u00e9hicule, m\u00eame si ce n\u2019est pas vous qui conduisiez, vous serez p\u00e9nalis\u00e9. Le&nbsp;<strong>malus<\/strong>&nbsp;s\u2019applique \u00e0 la fois au&nbsp;<strong>conducteur principal<\/strong>&nbsp;assur\u00e9 et au&nbsp;<strong>conducteur secondaire<\/strong>&nbsp;d\u00e9clar\u00e9 sur l\u2019assurance.<\/p>\n\n\n\n<\/div>\n\n\n\n<h2 class=\"wp-block-heading\" id=\"section-3\">Que faire pour regagner du bonus ?<\/h2>\n\n\n\n<p>Le bonus \u00e7a se perd mais \u00e7a se gagne aussi. Si vous faites partie des\u00a0conducteurs maluss\u00e9s, il existe des\u00a0<a href=\"https:\/\/leocare.eu\/fr\/assurance-auto-en-ligne\/couverture\/contrat\/releve-information\/malus\/que-faire\/\">solutions pour perdre votre malus<\/a>. Une fois votre\u00a0malus\u00a0diminu\u00e9, vous pourrez ren\u00e9gocier le montant de vos cotisations et vos garanties (montant des franchises ou de l\u2019indemnisation\u00a0par exemple).<\/p>\n\n\n\n<p>Votre bonus-malus d\u00e9pend totalement de votre conduite. Pour regagner du bonus, vous devez \u00eatre plus vigilant et prudent sur la route, conduire une voiture adapt\u00e9e \u00e0 vos besoins, respecter le Code de la route. C\u2019est le meilleur moyen de reprendre du bonus.<\/p>\n\n\n\n<p>Vous&nbsp;<strong>gagnez 5&nbsp;% de bonus<\/strong>&nbsp;<strong>chaque ann\u00e9e<\/strong>&nbsp;de conduite en l\u2019<strong>absence d\u2019accident<\/strong>&nbsp;d\u00e9clar\u00e9 responsable.&nbsp;<\/p>\n\n\n\n<p>Si vous avez du malus (m\u00eame le plus \u00e9lev\u00e9) et que votre responsabilit\u00e9 n\u2019est pas engag\u00e9e dans un accident pendant&nbsp;<strong>deux ann\u00e9es<\/strong>, votre&nbsp;<strong>CRM revient automatiquement \u00e0 1<\/strong>.<\/p>\n\n\n\n<div class=\"bon-a-savoir\">\n\n\n\n<h3 class=\"wp-block-heading\">Bon \u00e0 savoir<\/h3>\n\n\n\n<p>Une&nbsp;majoration CRM&nbsp;peut entra\u00eener jusqu\u2019\u00e0 3,5 de&nbsp;malus. Le&nbsp;<a href=\"https:\/\/leocare.eu\/fr\/assurance-auto-en-ligne\/couverture\/contrat\/releve-information\/malus\/bonus-maximum\/\">bonus maximum<\/a>&nbsp;est de 0,50.<\/p>\n\n\n\n<\/div>\n\n\n\n<p>Chez Leocare, nous accueillons tous les conducteurs,\u00a0<strong>m\u00eame les maluss\u00e9s \u00e0 3,5<\/strong>. Notre objectif est de continuer \u00e0 vous assurer afin que vous puissiez diminuer votre malus, puis passer \u00e0 une offre plus avantageuse. Chaque ann\u00e9e, en fonction de votre coefficient,\u00a0<strong>nous r\u00e9duisons automatiquement votre cotisation<\/strong>.<\/p>\n\n\n\n<p>Nos formules sont parmi les moins ch\u00e8res du march\u00e9, avec de vraies garanties et un service client bas\u00e9 en France.<\/p>\n","protected":false},"excerpt":{"rendered":"<p>M\u00eame avec du malus, vous avez le droit d\u2019assurer votre voiture. L\u2019assurance auto \u00e9tant obligatoire, des solutions existent pour conduire en toute s\u00e9curit\u00e9 et l\u00e9galit\u00e9. Le point avec Leocare. Les assureurs proposent des formules adapt\u00e9es Si vous avez un&nbsp;malus&nbsp;\u00e9lev\u00e9&nbsp;suite \u00e0 des&nbsp;accidents responsables&nbsp;plusieurs&nbsp;ann\u00e9es cons\u00e9cutives, votre assureur a le droit de&nbsp;r\u00e9silier votre contrat d\u2019assurance. Sans assurance, hors [&hellip;]<\/p>\n","protected":false},"author":44,"featured_media":0,"parent":17928,"menu_order":0,"comment_status":"closed","ping_status":"closed","template":"template_seo.php","meta":{"_acf_changed":false,"footnotes":""},"class_list":["post-22869","page","type-page","status-publish","hentry"],"acf":[],"yoast_head":"<!-- This site is optimized with the Yoast SEO plugin v27.3 - https:\/\/yoast.com\/product\/yoast-seo-wordpress\/ -->\n<title>Un maluss\u00e9 a-t-il le droit \u00e0 une assurance auto ?<\/title>\n<meta name=\"description\" content=\"Tous les conducteurs ont droit \u00e0 une assurance auto, m\u00eame en cas de malus. Comparez et trouvez les meilleurs tarifs des assurances auto malus.\" \/>\n<meta name=\"robots\" content=\"index, follow, max-snippet:-1, max-image-preview:large, max-video-preview:-1\" \/>\n<link rel=\"canonical\" href=\"https:\/\/leocare.eu\/fr\/assurance-auto-en-ligne\/couverture\/contrat\/releve-information\/malus\/droit-assurance\/\" \/>\n<meta property=\"og:locale\" content=\"fr_FR\" \/>\n<meta property=\"og:type\" content=\"article\" \/>\n<meta property=\"og:title\" content=\"Un maluss\u00e9 a-t-il le droit \u00e0 une assurance auto ?\" \/>\n<meta property=\"og:description\" content=\"Tous les conducteurs ont droit \u00e0 une assurance auto, m\u00eame en cas de malus. Comparez et trouvez les meilleurs tarifs des assurances auto malus.\" \/>\n<meta property=\"og:url\" content=\"https:\/\/leocare.eu\/fr\/assurance-auto-en-ligne\/couverture\/contrat\/releve-information\/malus\/droit-assurance\/\" \/>\n<meta property=\"og:site_name\" content=\"Leocare, assurance en ligne automobile et habitation\" \/>\n<meta property=\"article:modified_time\" content=\"2026-04-07T14:37:41+00:00\" \/>\n<meta name=\"twitter:card\" content=\"summary_large_image\" \/>\n<meta name=\"twitter:label1\" content=\"Dur\u00e9e de lecture estim\u00e9e\" \/>\n\t<meta name=\"twitter:data1\" content=\"5 minutes\" \/>\n<!-- \/ Yoast SEO plugin. -->","yoast_head_json":{"title":"Un maluss\u00e9 a-t-il le droit \u00e0 une assurance auto ?","description":"Tous les conducteurs ont droit \u00e0 une assurance auto, m\u00eame en cas de malus. Comparez et trouvez les meilleurs tarifs des assurances auto malus.","robots":{"index":"index","follow":"follow","max-snippet":"max-snippet:-1","max-image-preview":"max-image-preview:large","max-video-preview":"max-video-preview:-1"},"canonical":"https:\/\/leocare.eu\/fr\/assurance-auto-en-ligne\/couverture\/contrat\/releve-information\/malus\/droit-assurance\/","og_locale":"fr_FR","og_type":"article","og_title":"Un maluss\u00e9 a-t-il le droit \u00e0 une assurance auto ?","og_description":"Tous les conducteurs ont droit \u00e0 une assurance auto, m\u00eame en cas de malus. Comparez et trouvez les meilleurs tarifs des assurances auto malus.","og_url":"https:\/\/leocare.eu\/fr\/assurance-auto-en-ligne\/couverture\/contrat\/releve-information\/malus\/droit-assurance\/","og_site_name":"Leocare, assurance en ligne automobile et habitation","article_modified_time":"2026-04-07T14:37:41+00:00","twitter_card":"summary_large_image","twitter_misc":{"Dur\u00e9e de lecture estim\u00e9e":"5 minutes"},"schema":{"@context":"https:\/\/schema.org","@graph":[{"@type":"WebPage","@id":"https:\/\/leocare.eu\/fr\/assurance-auto-en-ligne\/couverture\/contrat\/releve-information\/malus\/droit-assurance\/","url":"https:\/\/leocare.eu\/fr\/assurance-auto-en-ligne\/couverture\/contrat\/releve-information\/malus\/droit-assurance\/","name":"Un maluss\u00e9 a-t-il le droit \u00e0 une assurance auto ?","isPartOf":{"@id":"https:\/\/leocare.eu\/fr\/#website"},"datePublished":"2024-09-05T13:54:54+00:00","dateModified":"2026-04-07T14:37:41+00:00","description":"Tous les conducteurs ont droit \u00e0 une assurance auto, m\u00eame en cas de malus. Comparez et trouvez les meilleurs tarifs des assurances auto malus.","breadcrumb":{"@id":"https:\/\/leocare.eu\/fr\/assurance-auto-en-ligne\/couverture\/contrat\/releve-information\/malus\/droit-assurance\/#breadcrumb"},"inLanguage":"fr-FR","potentialAction":[{"@type":"ReadAction","target":["https:\/\/leocare.eu\/fr\/assurance-auto-en-ligne\/couverture\/contrat\/releve-information\/malus\/droit-assurance\/"]}]},{"@type":"WebSite","@id":"https:\/\/leocare.eu\/fr\/#website","url":"https:\/\/leocare.eu\/fr\/","name":"Leocare, assurance en ligne automobile et habitation","description":"enfin (r)assur\u00e9.e","publisher":{"@id":"https:\/\/leocare.eu\/fr\/#organization"},"potentialAction":[{"@type":"SearchAction","target":{"@type":"EntryPoint","urlTemplate":"https:\/\/leocare.eu\/fr\/?s={search_term_string}"},"query-input":{"@type":"PropertyValueSpecification","valueRequired":true,"valueName":"search_term_string"}}],"inLanguage":"fr-FR"},{"@type":"Organization","@id":"https:\/\/leocare.eu\/fr\/#organization","name":"Leocare, assurance en ligne automobile et habitation","url":"https:\/\/leocare.eu\/fr\/","logo":{"@type":"ImageObject","inLanguage":"fr-FR","@id":"https:\/\/leocare.eu\/fr\/#\/schema\/logo\/image\/","url":"https:\/\/leocare.eu\/fr\/wp-content\/uploads\/2020\/03\/logo-leocare.svg","contentUrl":"https:\/\/leocare.eu\/fr\/wp-content\/uploads\/2020\/03\/logo-leocare.svg","caption":"Leocare, assurance en ligne automobile et habitation"},"image":{"@id":"https:\/\/leocare.eu\/fr\/#\/schema\/logo\/image\/"}}]}},"_links":{"self":[{"href":"https:\/\/leocare.eu\/fr\/wp-json\/wp\/v2\/pages\/22869","targetHints":{"allow":["GET"]}}],"collection":[{"href":"https:\/\/leocare.eu\/fr\/wp-json\/wp\/v2\/pages"}],"about":[{"href":"https:\/\/leocare.eu\/fr\/wp-json\/wp\/v2\/types\/page"}],"author":[{"embeddable":true,"href":"https:\/\/leocare.eu\/fr\/wp-json\/wp\/v2\/users\/44"}],"replies":[{"embeddable":true,"href":"https:\/\/leocare.eu\/fr\/wp-json\/wp\/v2\/comments?post=22869"}],"version-history":[{"count":9,"href":"https:\/\/leocare.eu\/fr\/wp-json\/wp\/v2\/pages\/22869\/revisions"}],"predecessor-version":[{"id":36461,"href":"https:\/\/leocare.eu\/fr\/wp-json\/wp\/v2\/pages\/22869\/revisions\/36461"}],"up":[{"embeddable":true,"href":"https:\/\/leocare.eu\/fr\/wp-json\/wp\/v2\/pages\/17928"}],"wp:attachment":[{"href":"https:\/\/leocare.eu\/fr\/wp-json\/wp\/v2\/media?parent=22869"}],"curies":[{"name":"wp","href":"https:\/\/api.w.org\/{rel}","templated":true}]}}