{"id":22841,"date":"2024-09-05T16:01:10","date_gmt":"2024-09-05T14:01:10","guid":{"rendered":"https:\/\/leocare.eu\/fr\/?page_id=22841"},"modified":"2026-04-07T16:47:06","modified_gmt":"2026-04-07T14:47:06","slug":"eviter-malus","status":"publish","type":"page","link":"https:\/\/leocare.eu\/fr\/assurance-auto-en-ligne\/couverture\/contrat\/releve-information\/malus\/eviter-malus\/","title":{"rendered":"Comment faire pour ne pas avoir de malus auto ?"},"content":{"rendered":"\n<p>Un malus, qui augmente votre prime d\u2019assurance apr\u00e8s des infractions ou des accidents responsables, peut peser lourdement sur votre budget. Heureusement, en adoptant une conduite prudente et en respectant certaines r\u00e8gles, vous pouvez non seulement pr\u00e9venir les accidents, mais aussi montrer \u00e0 votre compagnie d\u2019assurances que vous \u00eates un conducteur fiable. Dans cet article, nous vous donnons des conseils pratiques pour \u00e9viter les malus et garder votre prime d\u2019assurance auto aussi basse que possible.<\/p>\n\n\n\n<h2 class=\"wp-block-heading\" id=\"section-1\">Respectez le Code de la route<\/h2>\n\n\n\n<p>Les infractions courantes (exc\u00e8s de vitesse, feux rouges grill\u00e9s, conduite en \u00e9tat d\u2019ivresse) entra\u00eenent des sanctions s\u00e9v\u00e8res avec amende et retrait de points de permis. Mais ce n\u2019est pas tout : votre CRM peut \u00eatre s\u00e9v\u00e8rement impact\u00e9 si l\u2019infraction cause un accident.&nbsp;<\/p>\n\n\n\n<p>Par exemple,&nbsp;<strong>un accident avec d\u00e9lit de fuite peut majorer votre malus de 100 %<\/strong>, tandis qu\u2019<strong>un accident en \u00e9tat d\u2019ivresse peut entra\u00eener une majoration de 150 %<\/strong>.&nbsp;<\/p>\n\n\n\n<p>En cas de suspension du permis de conduire, votre prime d\u2019assurance auto peut \u00e9galement \u00eatre major\u00e9e, avec&nbsp;<strong>des augmentations allant jusqu\u2019\u00e0 200 %<\/strong>&nbsp;pour les annulations ou suspensions prolong\u00e9es.<\/p>\n\n\n\n<p>Respecter le Code de la route est donc le meilleur moyen pour \u00e9viter les\u00a0accidents responsables\u00a0et ne pas avoir de malus. Mais<a href=\"https:\/\/leocare.eu\/fr\/assurance-auto-en-ligne\/couverture\/contrat\/releve-information\/malus\/que-faire\/\">\u00a0que faire si vous \u00eates d\u00e9j\u00e0 maluss\u00e9<\/a>\u00a0? Ne d\u00e9sesp\u00e9rez pas !\u00a0<strong>Apr\u00e8s\u00a0deux ann\u00e9es cons\u00e9cutives\u00a0sans\u00a0accident\u00a0responsable, votre CRM revient \u00e0 1<\/strong>. Et si vous continuez sur cette lanc\u00e9e, vous pouvez m\u00eame b\u00e9n\u00e9ficier d\u2019un bonus, avec une r\u00e9duction de 5 % de votre prime chaque ann\u00e9e.<\/p>\n\n\n\n<section class=\"wp-block-leocare-bon-a-savoir leocare-bas\"><div class=\"leocare-bas__head\"><img decoding=\"async\" class=\"leocare-bas__icon\" src=\"https:\/\/leocare.eu\/fr\/wp-content\/themes\/leocare-new\/assets\/img\/icon-alert-purple.svg\" alt=\"icon alerte\"\/><h3 class=\"leocare-bas__title\">Bon \u00e0 savoir<\/h3><\/div><div class=\"leocare-bas__content\">\n<p>Le <a href=\"https:\/\/leocare.eu\/fr\/assurance-auto-en-ligne\/couverture\/contrat\/releve-information\/malus\/bonus-maximum\/\">bonus maximum de l&rsquo;assurance auto<\/a> peut aller jusqu&rsquo;\u00e0 3,5.<\/p>\n<\/div><\/section>\n\n\n\n<h2 class=\"wp-block-heading\" id=\"section-2\">Adoptez une conduite vigilante<\/h2>\n\n\n\n<p>Respecter le Code de la route est crucial, mais ce n\u2019est pas suffisant pour \u00e9viter un&nbsp;<a href=\"https:\/\/leocare.eu\/fr\/assurance-auto-en-ligne\/couverture\/contrat\/releve-information\/malus\/\">malus sur votre assurance auto<\/a>. Il faut \u00e9galement adopter une conduite vigilante. En effet, m\u00eame le conducteur le plus respectueux des r\u00e8gles peut se retrouver impliqu\u00e9 dans un&nbsp;accident&nbsp;s\u2019il n\u2019est pas attentif et prudent. Et votre&nbsp;compagnie&nbsp;d\u2019assurances&nbsp;surveille ces incidents de pr\u00e8s.<\/p>\n\n\n\n<p>Voici<strong>&nbsp;7 conseils<\/strong>&nbsp;pour adopter une conduite vigilante et \u00e9viter le malus :<\/p>\n\n\n\n<ol class=\"wp-block-list\">\n<li><strong>Anticipez les dangers<\/strong> : soyez toujours attentif \u00e0 ce qui se passe autour de vous. Regardez loin devant pour pr\u00e9voir les mouvements des autres usagers.<\/li>\n\n\n\n<li><strong>Gardez une distance de s\u00e9curit\u00e9<\/strong>&nbsp;: maintenez une distance suffisante entre votre v\u00e9hicule et celui qui vous pr\u00e9c\u00e8de. Cela vous donne plus de temps pour r\u00e9agir en cas de freinage brusque.<\/li>\n\n\n\n<li><strong>Minimisez les distractions \ud83d\udc40<\/strong>&nbsp;: assurez-vous que votre attention reste toujours sur la route. Rangez votre t\u00e9l\u00e9phone hors de port\u00e9e et \u00e9vitez de manger ou de vous occuper d\u2019autres t\u00e2ches pendant que vous conduisez.<\/li>\n\n\n\n<li><strong>S\u2019arranger \u00e0 l\u2019amiable<\/strong>&nbsp;: en cas de petit accrochage, essayez de r\u00e9gler le probl\u00e8me \u00e0 l\u2019amiable si possible. Cela peut \u00e9viter de d\u00e9clarer un sinistre \u00e0 votre assurance et de subir un malus.<\/li>\n\n\n\n<li><strong>Ne pr\u00eatez pas votre voiture <\/strong>: \u00e9vitez de pr\u00eater votre voiture \u00e0 des conducteurs moins exp\u00e9riment\u00e9s ou imprudents. Si un accident survient, vous en serez responsable et risquez un malus.<\/li>\n\n\n\n<li><strong>Faites un stage de sensibilisation<\/strong>&nbsp;: revoir les bases de la conduite et apprendre \u00e0 r\u00e9agir dans les situations p\u00e9rilleuses peut \u00eatre tr\u00e8s utile. Contactez la mairie de votre ville pour conna\u00eetre les associations proposant ces stages.<\/li>\n\n\n\n<li><strong>Utilisez un bo\u00eetier connect\u00e9 ou une application mobile\u00a0<\/strong>: ces outils vous aident \u00e0 surveiller et \u00e0 am\u00e9liorer votre conduite. En collectant des donn\u00e9es sur votre fa\u00e7on de conduire et en fournissant des conseils pratiques, ils vous permettent d\u2019adopter un comportement plus s\u00fbr.\u00a0<\/li>\n<\/ol>\n\n\n\n<section class=\"wp-block-leocare-bon-a-savoir leocare-bas\"><div class=\"leocare-bas__head\"><img decoding=\"async\" class=\"leocare-bas__icon\" src=\"https:\/\/leocare.eu\/fr\/wp-content\/themes\/leocare-new\/assets\/img\/icon-alert-purple.svg\" alt=\"icon alerte\"\/><h3 class=\"leocare-bas__title\">Bon \u00e0 savoir<\/h3><\/div><div class=\"leocare-bas__content\">\n<p>Votre voiture a \u00e9t\u00e9 vol\u00e9e ? Si <a href=\"https:\/\/leocare.eu\/fr\/assurance-auto-en-ligne\/couverture\/contrat\/releve-information\/malus\/vol-de-voiture\/\">l&rsquo;assurance en cas de vol de voiture<\/a> est activ\u00e9e, <strong>vous \u00eates couverts et cerise sur le g\u00e2teau : il n\u2019y a pas d\u2019impact sur votre coefficient bonus-malus.<\/strong><\/p>\n<\/div><\/section>\n\n\n\n<h2 class=\"wp-block-heading\" id=\"section-3\">Mon malus a \u00e9t\u00e9 major\u00e9 : o\u00f9 trouver une offre d\u2019assurance int\u00e9ressante ?<\/h2>\n\n\n\n<p>Votre compagnie d\u2019assurances peut d\u00e9cider de continuer \u00e0 vous assurer malgr\u00e9 la majoration de votre malus, mais ce n\u2019est pas garanti. Attention aux cotisations \u00e9lev\u00e9es et \u00e0 la franchise plus importante \ud83d\udcb0 !&nbsp;<strong>Elle peut aussi choisir de r\u00e9silier votre contrat<\/strong>, vous laissant dans l\u2019obligation de trouver une nouvelle assurance auto.&nbsp;<\/p>\n\n\n\n<p>Alors, comment faire pour trouver une assurance auto \u00e0 un prix abordable avec un malus major\u00e9 ?&nbsp;<\/p>\n\n\n\n<p>Heureusement, face \u00e0 l\u2019augmentation du nombre de conducteurs maluss\u00e9s, de plus en plus d\u2019assureurs proposent&nbsp;<strong>des contrats sp\u00e9cifiques<\/strong>&nbsp;pour ces profils. Ces offres allient garanties auto de base et tarifs abordables, souvent ajust\u00e9s en fonction du profil de l\u2019assur\u00e9. De toute \u00e9vidence, tous les conducteurs maluss\u00e9s ne pr\u00e9sentent pas le m\u00eame niveau de risques, et les assureurs en tiennent compte.<\/p>\n\n\n\n<p>C\u2019est notamment le cas de\u00a0<strong>Leocare, la n\u00e9o-assurance 100 % mobile et flexible<\/strong>. Nous proposons des solutions adapt\u00e9es pour les conducteurs avec un malus important, des incidents li\u00e9s \u00e0 l\u2019alcool, aux stup\u00e9fiants ou m\u00eame des probl\u00e8mes de paiement. Nos services personnalis\u00e9s sont offerts \u00e0 un prix comp\u00e9titif. Une v\u00e9ritable bouff\u00e9e d\u2019air frais pour ceux qui cherchent une couverture apr\u00e8s une majoration de malus !<\/p>\n\n\n\n<div class=\"bon-a-savoir\">\n\n\n\n<h3 class=\"wp-block-heading\">Bon \u00e0 savoir<\/h3>\n\n\n\n<p>En cas de refus de dossier par les assureurs apr\u00e8s un&nbsp;accident&nbsp;responsable, les&nbsp;conducteurs maluss\u00e9s&nbsp;peuvent solliciter le bureau central de tarification (BCT). Ce dernier impose aux assureurs de fournir une assurance \u00e0 tout&nbsp;automobiliste&nbsp;refus\u00e9 et fixe le montant de la prime d\u2019assurance ainsi que la&nbsp;<a href=\"https:\/\/leocare.eu\/fr\/assurance-auto-en-ligne\/couverture\/contrat\/releve-information\/malus\/franchise\/\">franchise<\/a>&nbsp;que la compagnie d\u2019assurances devra respecter pour une protection ad\u00e9quate.<\/p>\n\n\n\n<\/div>\n","protected":false},"excerpt":{"rendered":"<p>Un malus, qui augmente votre prime d\u2019assurance apr\u00e8s des infractions ou des accidents responsables, peut peser lourdement sur votre budget. Heureusement, en adoptant une conduite prudente et en respectant certaines r\u00e8gles, vous pouvez non seulement pr\u00e9venir les accidents, mais aussi montrer \u00e0 votre compagnie d\u2019assurances que vous \u00eates un conducteur fiable. Dans cet article, nous [&hellip;]<\/p>\n","protected":false},"author":34,"featured_media":0,"parent":17928,"menu_order":0,"comment_status":"closed","ping_status":"closed","template":"template_seo.php","meta":{"_acf_changed":false,"footnotes":""},"class_list":["post-22841","page","type-page","status-publish","hentry"],"acf":[],"yoast_head":"<!-- This site is optimized with the Yoast SEO plugin v27.3 - https:\/\/yoast.com\/product\/yoast-seo-wordpress\/ -->\n<title>Malus auto : comment faire pour ne pas en avoir ?<\/title>\n<meta name=\"description\" content=\"D\u00e9couvrez tous nos conseils pour \u00e9viter le malus sur votre assurance auto et payer votre prime d\u2019assurance \u00e0 un tarif raisonnable, malgr\u00e9 un malus.\" \/>\n<meta name=\"robots\" content=\"index, follow, max-snippet:-1, max-image-preview:large, max-video-preview:-1\" \/>\n<link rel=\"canonical\" href=\"https:\/\/leocare.eu\/fr\/assurance-auto-en-ligne\/couverture\/contrat\/releve-information\/malus\/eviter-malus\/\" \/>\n<meta property=\"og:locale\" content=\"fr_FR\" \/>\n<meta property=\"og:type\" content=\"article\" \/>\n<meta property=\"og:title\" content=\"Malus auto : comment faire pour ne pas en avoir ?\" \/>\n<meta property=\"og:description\" content=\"D\u00e9couvrez tous nos conseils pour \u00e9viter le malus sur votre assurance auto et payer votre prime d\u2019assurance \u00e0 un tarif raisonnable, malgr\u00e9 un malus.\" \/>\n<meta property=\"og:url\" content=\"https:\/\/leocare.eu\/fr\/assurance-auto-en-ligne\/couverture\/contrat\/releve-information\/malus\/eviter-malus\/\" \/>\n<meta property=\"og:site_name\" content=\"Leocare, assurance en ligne automobile et habitation\" \/>\n<meta property=\"article:modified_time\" content=\"2026-04-07T14:47:06+00:00\" \/>\n<meta property=\"og:image\" content=\"https:\/\/leocare.eu\/fr\/wp-content\/themes\/leocare-new\/assets\/img\/icon-alert-purple.svg\" \/>\n<meta name=\"twitter:card\" content=\"summary_large_image\" \/>\n<meta name=\"twitter:label1\" content=\"Est. reading time\" \/>\n\t<meta name=\"twitter:data1\" content=\"5 minutes\" \/>\n<!-- \/ Yoast SEO plugin. -->","yoast_head_json":{"title":"Malus auto : comment faire pour ne pas en avoir ?","description":"D\u00e9couvrez tous nos conseils pour \u00e9viter le malus sur votre assurance auto et payer votre prime d\u2019assurance \u00e0 un tarif raisonnable, malgr\u00e9 un malus.","robots":{"index":"index","follow":"follow","max-snippet":"max-snippet:-1","max-image-preview":"max-image-preview:large","max-video-preview":"max-video-preview:-1"},"canonical":"https:\/\/leocare.eu\/fr\/assurance-auto-en-ligne\/couverture\/contrat\/releve-information\/malus\/eviter-malus\/","og_locale":"fr_FR","og_type":"article","og_title":"Malus auto : comment faire pour ne pas en avoir ?","og_description":"D\u00e9couvrez tous nos conseils pour \u00e9viter le malus sur votre assurance auto et payer votre prime d\u2019assurance \u00e0 un tarif raisonnable, malgr\u00e9 un malus.","og_url":"https:\/\/leocare.eu\/fr\/assurance-auto-en-ligne\/couverture\/contrat\/releve-information\/malus\/eviter-malus\/","og_site_name":"Leocare, assurance en ligne automobile et habitation","article_modified_time":"2026-04-07T14:47:06+00:00","og_image":[{"url":"https:\/\/leocare.eu\/fr\/wp-content\/themes\/leocare-new\/assets\/img\/icon-alert-purple.svg","type":"","width":"","height":""}],"twitter_card":"summary_large_image","twitter_misc":{"Est. reading time":"5 minutes"},"schema":{"@context":"https:\/\/schema.org","@graph":[{"@type":"WebPage","@id":"https:\/\/leocare.eu\/fr\/assurance-auto-en-ligne\/couverture\/contrat\/releve-information\/malus\/eviter-malus\/","url":"https:\/\/leocare.eu\/fr\/assurance-auto-en-ligne\/couverture\/contrat\/releve-information\/malus\/eviter-malus\/","name":"Malus auto : comment faire pour ne pas en avoir ?","isPartOf":{"@id":"https:\/\/leocare.eu\/fr\/#website"},"primaryImageOfPage":{"@id":"https:\/\/leocare.eu\/fr\/assurance-auto-en-ligne\/couverture\/contrat\/releve-information\/malus\/eviter-malus\/#primaryimage"},"image":{"@id":"https:\/\/leocare.eu\/fr\/assurance-auto-en-ligne\/couverture\/contrat\/releve-information\/malus\/eviter-malus\/#primaryimage"},"thumbnailUrl":"https:\/\/leocare.eu\/fr\/wp-content\/themes\/leocare-new\/assets\/img\/icon-alert-purple.svg","datePublished":"2024-09-05T14:01:10+00:00","dateModified":"2026-04-07T14:47:06+00:00","description":"D\u00e9couvrez tous nos conseils pour \u00e9viter le malus sur votre assurance auto et payer votre prime d\u2019assurance \u00e0 un tarif raisonnable, malgr\u00e9 un malus.","breadcrumb":{"@id":"https:\/\/leocare.eu\/fr\/assurance-auto-en-ligne\/couverture\/contrat\/releve-information\/malus\/eviter-malus\/#breadcrumb"},"inLanguage":"fr-FR","potentialAction":[{"@type":"ReadAction","target":["https:\/\/leocare.eu\/fr\/assurance-auto-en-ligne\/couverture\/contrat\/releve-information\/malus\/eviter-malus\/"]}]},{"@type":"ImageObject","inLanguage":"fr-FR","@id":"https:\/\/leocare.eu\/fr\/assurance-auto-en-ligne\/couverture\/contrat\/releve-information\/malus\/eviter-malus\/#primaryimage","url":"https:\/\/leocare.eu\/fr\/wp-content\/themes\/leocare-new\/assets\/img\/icon-alert-purple.svg","contentUrl":"https:\/\/leocare.eu\/fr\/wp-content\/themes\/leocare-new\/assets\/img\/icon-alert-purple.svg"},{"@type":"WebSite","@id":"https:\/\/leocare.eu\/fr\/#website","url":"https:\/\/leocare.eu\/fr\/","name":"Leocare, assurance en ligne automobile et habitation","description":"enfin (r)assur\u00e9.e","publisher":{"@id":"https:\/\/leocare.eu\/fr\/#organization"},"potentialAction":[{"@type":"SearchAction","target":{"@type":"EntryPoint","urlTemplate":"https:\/\/leocare.eu\/fr\/?s={search_term_string}"},"query-input":{"@type":"PropertyValueSpecification","valueRequired":true,"valueName":"search_term_string"}}],"inLanguage":"fr-FR"},{"@type":"Organization","@id":"https:\/\/leocare.eu\/fr\/#organization","name":"Leocare, assurance en ligne automobile et habitation","url":"https:\/\/leocare.eu\/fr\/","logo":{"@type":"ImageObject","inLanguage":"fr-FR","@id":"https:\/\/leocare.eu\/fr\/#\/schema\/logo\/image\/","url":"https:\/\/leocare.eu\/fr\/wp-content\/uploads\/2020\/03\/logo-leocare.svg","contentUrl":"https:\/\/leocare.eu\/fr\/wp-content\/uploads\/2020\/03\/logo-leocare.svg","caption":"Leocare, assurance en ligne automobile et habitation"},"image":{"@id":"https:\/\/leocare.eu\/fr\/#\/schema\/logo\/image\/"}}]}},"_links":{"self":[{"href":"https:\/\/leocare.eu\/fr\/wp-json\/wp\/v2\/pages\/22841","targetHints":{"allow":["GET"]}}],"collection":[{"href":"https:\/\/leocare.eu\/fr\/wp-json\/wp\/v2\/pages"}],"about":[{"href":"https:\/\/leocare.eu\/fr\/wp-json\/wp\/v2\/types\/page"}],"author":[{"embeddable":true,"href":"https:\/\/leocare.eu\/fr\/wp-json\/wp\/v2\/users\/34"}],"replies":[{"embeddable":true,"href":"https:\/\/leocare.eu\/fr\/wp-json\/wp\/v2\/comments?post=22841"}],"version-history":[{"count":8,"href":"https:\/\/leocare.eu\/fr\/wp-json\/wp\/v2\/pages\/22841\/revisions"}],"predecessor-version":[{"id":36284,"href":"https:\/\/leocare.eu\/fr\/wp-json\/wp\/v2\/pages\/22841\/revisions\/36284"}],"up":[{"embeddable":true,"href":"https:\/\/leocare.eu\/fr\/wp-json\/wp\/v2\/pages\/17928"}],"wp:attachment":[{"href":"https:\/\/leocare.eu\/fr\/wp-json\/wp\/v2\/media?parent=22841"}],"curies":[{"name":"wp","href":"https:\/\/api.w.org\/{rel}","templated":true}]}}