{"id":22837,"date":"2024-09-05T15:54:39","date_gmt":"2024-09-05T13:54:39","guid":{"rendered":"https:\/\/leocare.eu\/fr\/?page_id=22837"},"modified":"2026-04-07T16:47:05","modified_gmt":"2026-04-07T14:47:05","slug":"calcul-malus-25","status":"publish","type":"page","link":"https:\/\/leocare.eu\/fr\/assurance-auto-en-ligne\/couverture\/contrat\/releve-information\/malus\/calcul-malus-25\/","title":{"rendered":"Comment calculer un malus de 25 % ?"},"content":{"rendered":"\n<p>Vous avez eu un accident l\u2019an dernier et vous avez \u00e9t\u00e9 d\u00e9clar\u00e9 responsable. Cette ann\u00e9e, vous constatez que votre CRM (Coefficient R\u00e9duction Majoration) a augment\u00e9 de 25 % et que vous avez pris du malus\u2026 Les Leoconseillers vous expliquent quelles sont les r\u00e8gles de calcul du bonus-malus.<\/p>\n\n\n\n<h2 class=\"wp-block-heading\" id=\"section-1\"><strong>Qu\u2019est-ce que le malus en assurance auto ?<\/strong><\/h2>\n\n\n\n<p>Le malus, dans le jargon des assurances, c\u2019est un peu comme des mauvaises notes attribu\u00e9es apr\u00e8s avoir caus\u00e9 des accidents responsables ou partiellement responsables.<\/p>\n\n\n\n<p>Lorsque vous commencez \u00e0 conduire et que vous \u00eates assur\u00e9, votre CRM (Coefficient R\u00e9duction Majoration, votre note de d\u00e9part) est de 1.&nbsp;<\/p>\n\n\n\n<p><strong>Plus votre CRM augmente, plus vous avez du malus<\/strong>. En revanche, s\u2019il diminue et passe\u00a0<strong>sous la barre du 1, vous avez du bonus<\/strong>. Le <a href=\"https:\/\/leocare.eu\/fr\/assurance-auto-en-ligne\/couverture\/contrat\/releve-information\/malus\/bonus-maximum\/\">bonus maximum d&rsquo;assurance auto<\/a> peut atteindre 3,5.<\/p>\n\n\n\n<p>Ce syst\u00e8me de calcul permet de&nbsp;<strong>r\u00e9compenser les bons conducteurs<\/strong>&nbsp;et de rattraper les mauvaises notes des conducteurs moins attentifs.<\/p>\n\n\n\n<p>En l\u2019absence d\u2019accident\u00a0deux\u00a0ann\u00e9es cons\u00e9cutives\u00a0(apr\u00e8s avoir eu plusieurs\u00a0accidents responsables), votre CRM sera remis \u00e0 nouveau \u00e0 1. Vous pourrez alors ren\u00e9gocier\u00a0<a href=\"https:\/\/leocare.eu\/fr\/assurance-auto-en-ligne\/couverture\/contrat\/releve-information\/malus\/contrats\/\">votre contrat d\u2019assurance automobile<\/a>\u00a0avec votre compagnie.<\/p>\n\n\n\n<div class=\"bon-a-savoir\">\n\n\n\n<h3 class=\"wp-block-heading\">Bon \u00e0 savoir<\/h3>\n\n\n\n<p>Les compagnies d\u2019assurances appliquent en g\u00e9n\u00e9ral une surprime, c\u2019est-\u00e0-dire des tarifs&nbsp;<strong>major\u00e9s<\/strong>, pour les jeunes conducteurs pendant&nbsp;<strong>3 ans<\/strong>.&nbsp;&nbsp;<\/p>\n\n\n\n<p>Si vous avez pratiqu\u00e9 la&nbsp;<strong>conduite accompagn\u00e9e<\/strong>, ce d\u00e9lai est ramen\u00e9 \u00e0&nbsp;<strong>2 ans<\/strong>&nbsp;avec une diminution de la prime de votre assurance automobile.<\/p>\n\n\n\n<\/div>\n\n\n\n<p>Le fonctionnement du bonus-malus joue un r\u00f4le tr\u00e8s important, parmi d\u2019autres facteurs, aupr\u00e8s de votre assurance lorsque vous souscrivez un contrat. C\u2019est le CRM qui d\u00e9terminera en partie le&nbsp;<strong>montant de vos cotisations annuelles<\/strong>.<\/p>\n\n\n\n<h2 class=\"wp-block-heading\" id=\"section-2\"><strong>Quels sont les diff\u00e9rents coefficients de majoration d\u2019un malus ?<\/strong><\/h2>\n\n\n\n<p>Le principe du bonus-malus peut para\u00eetre complexe, mais en fait, il est tr\u00e8s logique !<\/p>\n\n\n\n<p>L\u2019\u00e9volution de votre CRM est \u00e9tudi\u00e9e \u00e0 \u00e9ch\u00e9ance annuelle et en fonction de votre note, les assureurs (qui se basent sur le code des assurances) appliquent du malus en cas de sinistres responsables. Si vous \u00eates maluss\u00e9, les compagnies d\u2019assurances sont susceptibles d\u2019augmenter votre prime annuelle.<\/p>\n\n\n\n<p><strong>Voici les r\u00e8gles de calcul du malus en cas d\u2019accidents responsables :&nbsp;<\/strong><\/p>\n\n\n\n<ul class=\"wp-block-list\">\n<li>Chaque&nbsp;<strong>sinistre responsable<\/strong>&nbsp;engendre une&nbsp;<strong>majoration du CRM de 25&nbsp;%.<\/strong><\/li>\n\n\n\n<li>Chaque&nbsp;<strong>sinistre partiellement responsable<\/strong>&nbsp;entra\u00eene une&nbsp;<strong>majoration du CRM de 12,5&nbsp;%<\/strong>&nbsp;(torts partag\u00e9s avec un autre conducteur).<\/li>\n\n\n\n<li>Et vous avez droit \u00e0 un \u201c<strong>joker<\/strong>\u201d ! Si votre coefficient est de 0,50 depuis au moins 3 ans, le&nbsp;<strong>1\u1d49\u02b3 accident responsable<\/strong>&nbsp;qui survient n\u2019entra\u00eene pas l\u2019application du malus.<\/li>\n\n\n\n<li>Et bonne nouvelle : si votre CRM est sup\u00e9rieur \u00e0 1,&nbsp;<strong>apr\u00e8s deux ann\u00e9es sans accident responsable<\/strong>, il&nbsp;revient \u00e0 1.<\/li>\n<\/ul>\n\n\n\n<p><strong>Par exemple :<\/strong>&nbsp;<\/p>\n\n\n\n<p>Vous avez un bonus de d\u00e9part de 0,60 :&nbsp;<\/p>\n\n\n\n<ul class=\"wp-block-list\">\n<li>Vous avez eu cette ann\u00e9e un&nbsp;<strong>accident responsable<\/strong>, votre CRM sera de 0,75 l\u2019ann\u00e9e suivante (0,60 x 1,25).<\/li>\n\n\n\n<li>Vous avez eu cette ann\u00e9e un&nbsp;<strong>accident partiellement responsable<\/strong>, votre CRM sera de 0,68 l\u2019ann\u00e9e suivante (0,60 x 1,125).<\/li>\n<\/ul>\n\n\n\n<p><strong>Voici les r\u00e8gles de calcul du bonus en l\u2019absence d\u2019accident ou en cas d\u2019accident non responsable :&nbsp;<\/strong><\/p>\n\n\n\n<ul class=\"wp-block-list\">\n<li>Votre CRM sera r\u00e9duit de 5&nbsp;% chaque ann\u00e9e sans accident responsable.&nbsp;<\/li>\n<\/ul>\n\n\n\n<div class=\"bon-a-savoir\">\n\n\n\n<h3 class=\"wp-block-heading\">Bon \u00e0 savoir<\/h3>\n\n\n\n<p>Si un&nbsp;conducteur secondaire&nbsp;roule avec votre auto et cause un&nbsp;accident&nbsp;d\u00e9clar\u00e9 responsable, les&nbsp;assurances&nbsp;vous appliqueront du malus \u00e0 tous les deux. Le calcul de bonus-malus est li\u00e9 \u00e0 tous les conducteurs et au contrat d\u2019assurance.&nbsp;<\/p>\n\n\n\n<p>SI vous devenez un conducteur maluss\u00e9, vous pourrez solliciter la protection d\u2019une\u00a0<a href=\"https:\/\/leocare.eu\/fr\/assurance-auto-en-ligne\/couverture\/contrat\/releve-information\/malus\/\">assurance risque aggrav\u00e9<\/a>, comme Leocare.<\/p>\n\n\n\n<\/div>\n\n\n\n<h2 class=\"wp-block-heading\" id=\"section-3\"><strong>Comment trouver une assurance adapt\u00e9e \u00e0 mon malus ?<\/strong><\/h2>\n\n\n\n<p>Suite \u00e0 un&nbsp;accident,&nbsp;votre&nbsp;assurance automobile&nbsp;va&nbsp;<a href=\"https:\/\/leocare.eu\/fr\/assurance-auto-en-ligne\/couverture\/contrat\/releve-information\/malus\/augmente\/\">augmenter votre malus<\/a>&nbsp;ainsi que votre prime d\u2019assurance. Votre assureur, en plus du&nbsp;malus, peut aussi d\u00e9cider de ne plus vous assurer et de vous radier. En tant que conducteur maluss\u00e9, vous aurez beaucoup de mal \u00e0 trouver un nouvel assureur.<\/p>\n\n\n\n<p>N\u2019oubliez pas que l\u2019assurance auto est obligatoire pour les v\u00e9hicules terrestres. Conduire sans assurance est consid\u00e9r\u00e9 comme un d\u00e9lit et peut entra\u00eener des cons\u00e9quences importantes (amende de 750&nbsp;\u20ac ou 7&nbsp;500&nbsp;\u20ac en cas de r\u00e9cidive, suspension du permis, peine de travail d\u2019int\u00e9r\u00eat g\u00e9n\u00e9ral, stage sur la s\u00e9curit\u00e9 routi\u00e8re\u2026).<\/p>\n\n\n\n<p>Heureusement, des solutions existent pour les conducteurs maluss\u00e9s.\u00a0<\/p>\n\n\n\n<p>Des compagnies d\u2019assurances sont d\u00e9di\u00e9es aux automobilistes qui ont du malus.<\/p>\n\n\n\n<p>Pour bien choisir votre assurance malus,&nbsp;<strong>analysez vos besoins<\/strong>&nbsp;:&nbsp;<\/p>\n\n\n\n<ul class=\"wp-block-list\">\n<li>Avez-vous besoin d\u2019une assurance au tiers ou tous risques ?<\/li>\n\n\n\n<li>Combien de kilom\u00e8tres roulez-vous par an ?<\/li>\n\n\n\n<li>Souhaitez-vous ajouter des conducteurs secondaires sur le v\u00e9hicule ?<\/li>\n<\/ul>\n\n\n\n<section class=\"wp-block-leocare-bon-a-savoir leocare-bas\"><div class=\"leocare-bas__head\"><img decoding=\"async\" class=\"leocare-bas__icon\" src=\"https:\/\/leocare.eu\/fr\/wp-content\/themes\/leocare-new\/assets\/img\/icon-alert-purple.svg\" alt=\"icon alerte\"\/><h3 class=\"leocare-bas__title\">Bon \u00e0 savoir<\/h3><\/div><div class=\"leocare-bas__content\">\n<p>Votre voiture a \u00e9t\u00e9 vol\u00e9e ? Si <a href=\"https:\/\/leocare.eu\/fr\/assurance-auto-en-ligne\/couverture\/contrat\/releve-information\/malus\/vol-de-voiture\/\">l&rsquo;assurance contre le vol de voiture<\/a> est activ\u00e9e, <strong>vous \u00eates couverts et cerise sur le g\u00e2teau : il n\u2019y a pas d\u2019impact sur votre coefficient bonus-malus.<\/strong><\/p>\n<\/div><\/section>\n\n\n\n<p>De son c\u00f4t\u00e9, l\u2019assureur prendra en compte&nbsp;<strong>votre situation<\/strong>&nbsp;:&nbsp;<\/p>\n\n\n\n<ul class=\"wp-block-list\">\n<li>le chiffre de votre CRM et du malus ;<\/li>\n\n\n\n<li>le nombre d\u2019ann\u00e9es de malus ;<\/li>\n\n\n\n<li>votre anciennet\u00e9 de conducteur assur\u00e9 (les conducteurs depuis moins de 3 ans sont major\u00e9s en raison de leur manque d\u2019exp\u00e9rience) ;<\/li>\n\n\n\n<li>votre \u00e2ge (un jeune conducteur ayant son permis depuis moins de 3 ans est moins aguerri mais un conducteur plus \u00e2g\u00e9 peut avoir moins de r\u00e9activit\u00e9) ;<\/li>\n\n\n\n<li>la puissance de votre v\u00e9hicule (nombre de chevaux, ann\u00e9e de premi\u00e8re mise en circulation) ;<\/li>\n\n\n\n<li>l\u2019endroit o\u00f9 vous garez votre auto (rue, parking priv\u00e9, garage ferm\u00e9).<\/li>\n<\/ul>\n\n\n\n<p>Chez Leocare, nous proposons l\u2019une des&nbsp;<a href=\"https:\/\/leocare.eu\/fr\/assurance-auto-en-ligne\/couverture\/contrat\/releve-information\/malus\/moins-cher\/\">assurances les moins ch\u00e8res<\/a>&nbsp;du march\u00e9 avec des garanties optimales et une&nbsp;prime d\u2019assurance&nbsp;ajust\u00e9e, m\u00eame en cas de&nbsp;malus.&nbsp;<\/p>\n\n\n\n<p>Et surtout, en fonction de l\u2019\u00e9volution de votre situation, nous vous proposons syst\u00e9matiquement \u00e0 \u00e9ch\u00e9ance annuelle une formule plus adapt\u00e9e \u00e0 vos besoins et \u00e0 votre budget.<\/p>\n\n\n\n<p><\/p>\n","protected":false},"excerpt":{"rendered":"<p>Vous avez eu un accident l\u2019an dernier et vous avez \u00e9t\u00e9 d\u00e9clar\u00e9 responsable. Cette ann\u00e9e, vous constatez que votre CRM (Coefficient R\u00e9duction Majoration) a augment\u00e9 de 25 % et que vous avez pris du malus\u2026 Les Leoconseillers vous expliquent quelles sont les r\u00e8gles de calcul du bonus-malus. Qu\u2019est-ce que le malus en assurance auto ? [&hellip;]<\/p>\n","protected":false},"author":34,"featured_media":0,"parent":17928,"menu_order":0,"comment_status":"closed","ping_status":"closed","template":"template_seo.php","meta":{"_acf_changed":false,"footnotes":""},"class_list":["post-22837","page","type-page","status-publish","hentry"],"acf":[],"yoast_head":"<!-- This site is optimized with the Yoast SEO plugin v27.3 - https:\/\/yoast.com\/product\/yoast-seo-wordpress\/ -->\n<title>Malus de 25 % : comment le calculer ?<\/title>\n<meta name=\"description\" content=\"Suite \u00e0 un accident responsable, votre assurance a major\u00e9 votre coefficient de 25 %. Comment les compagnies d\u2019assurances calculent-elles le bonus-malus ?\" \/>\n<meta name=\"robots\" content=\"index, follow, max-snippet:-1, max-image-preview:large, max-video-preview:-1\" \/>\n<link rel=\"canonical\" href=\"https:\/\/leocare.eu\/fr\/assurance-auto-en-ligne\/couverture\/contrat\/releve-information\/malus\/calcul-malus-25\/\" \/>\n<meta property=\"og:locale\" content=\"fr_FR\" \/>\n<meta property=\"og:type\" content=\"article\" \/>\n<meta property=\"og:title\" content=\"Malus de 25 % : comment le calculer ?\" \/>\n<meta property=\"og:description\" content=\"Suite \u00e0 un accident responsable, votre assurance a major\u00e9 votre coefficient de 25 %. Comment les compagnies d\u2019assurances calculent-elles le bonus-malus ?\" \/>\n<meta property=\"og:url\" content=\"https:\/\/leocare.eu\/fr\/assurance-auto-en-ligne\/couverture\/contrat\/releve-information\/malus\/calcul-malus-25\/\" \/>\n<meta property=\"og:site_name\" content=\"Leocare, assurance en ligne automobile et habitation\" \/>\n<meta property=\"article:modified_time\" content=\"2026-04-07T14:47:05+00:00\" \/>\n<meta property=\"og:image\" content=\"https:\/\/leocare.eu\/fr\/wp-content\/themes\/leocare-new\/assets\/img\/icon-alert-purple.svg\" \/>\n<meta name=\"twitter:card\" content=\"summary_large_image\" \/>\n<meta name=\"twitter:label1\" content=\"Est. reading time\" \/>\n\t<meta name=\"twitter:data1\" content=\"5 minutes\" \/>\n<!-- \/ Yoast SEO plugin. -->","yoast_head_json":{"title":"Malus de 25 % : comment le calculer ?","description":"Suite \u00e0 un accident responsable, votre assurance a major\u00e9 votre coefficient de 25 %. Comment les compagnies d\u2019assurances calculent-elles le bonus-malus ?","robots":{"index":"index","follow":"follow","max-snippet":"max-snippet:-1","max-image-preview":"max-image-preview:large","max-video-preview":"max-video-preview:-1"},"canonical":"https:\/\/leocare.eu\/fr\/assurance-auto-en-ligne\/couverture\/contrat\/releve-information\/malus\/calcul-malus-25\/","og_locale":"fr_FR","og_type":"article","og_title":"Malus de 25 % : comment le calculer ?","og_description":"Suite \u00e0 un accident responsable, votre assurance a major\u00e9 votre coefficient de 25 %. Comment les compagnies d\u2019assurances calculent-elles le bonus-malus ?","og_url":"https:\/\/leocare.eu\/fr\/assurance-auto-en-ligne\/couverture\/contrat\/releve-information\/malus\/calcul-malus-25\/","og_site_name":"Leocare, assurance en ligne automobile et habitation","article_modified_time":"2026-04-07T14:47:05+00:00","og_image":[{"url":"https:\/\/leocare.eu\/fr\/wp-content\/themes\/leocare-new\/assets\/img\/icon-alert-purple.svg","type":"","width":"","height":""}],"twitter_card":"summary_large_image","twitter_misc":{"Est. reading time":"5 minutes"},"schema":{"@context":"https:\/\/schema.org","@graph":[{"@type":"WebPage","@id":"https:\/\/leocare.eu\/fr\/assurance-auto-en-ligne\/couverture\/contrat\/releve-information\/malus\/calcul-malus-25\/","url":"https:\/\/leocare.eu\/fr\/assurance-auto-en-ligne\/couverture\/contrat\/releve-information\/malus\/calcul-malus-25\/","name":"Malus de 25 % : comment le calculer ?","isPartOf":{"@id":"https:\/\/leocare.eu\/fr\/#website"},"primaryImageOfPage":{"@id":"https:\/\/leocare.eu\/fr\/assurance-auto-en-ligne\/couverture\/contrat\/releve-information\/malus\/calcul-malus-25\/#primaryimage"},"image":{"@id":"https:\/\/leocare.eu\/fr\/assurance-auto-en-ligne\/couverture\/contrat\/releve-information\/malus\/calcul-malus-25\/#primaryimage"},"thumbnailUrl":"https:\/\/leocare.eu\/fr\/wp-content\/themes\/leocare-new\/assets\/img\/icon-alert-purple.svg","datePublished":"2024-09-05T13:54:39+00:00","dateModified":"2026-04-07T14:47:05+00:00","description":"Suite \u00e0 un accident responsable, votre assurance a major\u00e9 votre coefficient de 25 %. Comment les compagnies d\u2019assurances calculent-elles le bonus-malus ?","breadcrumb":{"@id":"https:\/\/leocare.eu\/fr\/assurance-auto-en-ligne\/couverture\/contrat\/releve-information\/malus\/calcul-malus-25\/#breadcrumb"},"inLanguage":"fr-FR","potentialAction":[{"@type":"ReadAction","target":["https:\/\/leocare.eu\/fr\/assurance-auto-en-ligne\/couverture\/contrat\/releve-information\/malus\/calcul-malus-25\/"]}]},{"@type":"ImageObject","inLanguage":"fr-FR","@id":"https:\/\/leocare.eu\/fr\/assurance-auto-en-ligne\/couverture\/contrat\/releve-information\/malus\/calcul-malus-25\/#primaryimage","url":"https:\/\/leocare.eu\/fr\/wp-content\/themes\/leocare-new\/assets\/img\/icon-alert-purple.svg","contentUrl":"https:\/\/leocare.eu\/fr\/wp-content\/themes\/leocare-new\/assets\/img\/icon-alert-purple.svg"},{"@type":"WebSite","@id":"https:\/\/leocare.eu\/fr\/#website","url":"https:\/\/leocare.eu\/fr\/","name":"Leocare, assurance en ligne automobile et habitation","description":"enfin (r)assur\u00e9.e","publisher":{"@id":"https:\/\/leocare.eu\/fr\/#organization"},"potentialAction":[{"@type":"SearchAction","target":{"@type":"EntryPoint","urlTemplate":"https:\/\/leocare.eu\/fr\/?s={search_term_string}"},"query-input":{"@type":"PropertyValueSpecification","valueRequired":true,"valueName":"search_term_string"}}],"inLanguage":"fr-FR"},{"@type":"Organization","@id":"https:\/\/leocare.eu\/fr\/#organization","name":"Leocare, assurance en ligne automobile et habitation","url":"https:\/\/leocare.eu\/fr\/","logo":{"@type":"ImageObject","inLanguage":"fr-FR","@id":"https:\/\/leocare.eu\/fr\/#\/schema\/logo\/image\/","url":"https:\/\/leocare.eu\/fr\/wp-content\/uploads\/2020\/03\/logo-leocare.svg","contentUrl":"https:\/\/leocare.eu\/fr\/wp-content\/uploads\/2020\/03\/logo-leocare.svg","caption":"Leocare, assurance en ligne automobile et habitation"},"image":{"@id":"https:\/\/leocare.eu\/fr\/#\/schema\/logo\/image\/"}}]}},"_links":{"self":[{"href":"https:\/\/leocare.eu\/fr\/wp-json\/wp\/v2\/pages\/22837","targetHints":{"allow":["GET"]}}],"collection":[{"href":"https:\/\/leocare.eu\/fr\/wp-json\/wp\/v2\/pages"}],"about":[{"href":"https:\/\/leocare.eu\/fr\/wp-json\/wp\/v2\/types\/page"}],"author":[{"embeddable":true,"href":"https:\/\/leocare.eu\/fr\/wp-json\/wp\/v2\/users\/34"}],"replies":[{"embeddable":true,"href":"https:\/\/leocare.eu\/fr\/wp-json\/wp\/v2\/comments?post=22837"}],"version-history":[{"count":13,"href":"https:\/\/leocare.eu\/fr\/wp-json\/wp\/v2\/pages\/22837\/revisions"}],"predecessor-version":[{"id":36816,"href":"https:\/\/leocare.eu\/fr\/wp-json\/wp\/v2\/pages\/22837\/revisions\/36816"}],"up":[{"embeddable":true,"href":"https:\/\/leocare.eu\/fr\/wp-json\/wp\/v2\/pages\/17928"}],"wp:attachment":[{"href":"https:\/\/leocare.eu\/fr\/wp-json\/wp\/v2\/media?parent=22837"}],"curies":[{"name":"wp","href":"https:\/\/api.w.org\/{rel}","templated":true}]}}