{"id":22833,"date":"2024-09-05T16:01:24","date_gmt":"2024-09-05T14:01:24","guid":{"rendered":"https:\/\/leocare.eu\/fr\/?page_id=22833"},"modified":"2026-04-07T16:47:04","modified_gmt":"2026-04-07T14:47:04","slug":"calcul-apres-accident","status":"publish","type":"page","link":"https:\/\/leocare.eu\/fr\/assurance-auto-en-ligne\/couverture\/contrat\/releve-information\/malus\/calcul-apres-accident\/","title":{"rendered":"Comment calculer son malus apr\u00e8s un accident de la route ?"},"content":{"rendered":"\n<p>Si vous venez d\u2019avoir un accident de la route, mettez-vous en s\u00e9curit\u00e9 ! Remplissez ensuite un constat amiable et envoyez-le \u00e0 votre compagnie d\u2019assurances. C\u2019est elle qui d\u00e9terminera si votre responsabilit\u00e9 est engag\u00e9e. Si vous \u00eates responsable de l\u2019accident, un malus sera appliqu\u00e9 sur votre CRM (Coefficient R\u00e9duction Majoration).<br>Les Leoconseillers vous expliquent comment calculer votre bonus-malus.<\/p>\n\n\n\n<h2 class=\"wp-block-heading\" id=\"section-1\"><strong>Comment r\u00e9agir apr\u00e8s un accident de voiture ?<\/strong><\/h2>\n\n\n\n<p><strong>Remplir le constat amiable<\/strong>&nbsp;est primordial pour&nbsp;<strong>d\u00e9terminer votre part de responsabilit\u00e9<\/strong>&nbsp;dans l\u2019accident. Soyez le plus pr\u00e9cis possible. Si plusieurs v\u00e9hicules sont impliqu\u00e9s dans l\u2019incident, vous devez remplir un constat avec chaque conducteur.<\/p>\n\n\n\n<p>En cas d\u2019accident, c\u2019est le constat puis les experts qui d\u00e9terminent votre responsabilit\u00e9. C\u2019est le&nbsp;<a href=\"https:\/\/leocare.eu\/fr\/assurance-auto-en-ligne\/couverture\/contrat\/releve-information\/malus\/droit-assurance\/\">code des assurances<\/a>&nbsp;qui r\u00e9git le calcul du bonus-malus des&nbsp;accidents responsables&nbsp;ou non. Si le sinistre est d\u00e9clar\u00e9 responsable, votre&nbsp;cotisation d\u2019assurance&nbsp;sera \u00e9galement impact\u00e9e.<\/p>\n\n\n\n<p>Vous venez d\u2019\u00eatre acteur ou victime d\u2019un accident ? Le point essentiel est de vous mettre, vous et vos passagers ainsi que les personnes impliqu\u00e9es,&nbsp;<strong>en s\u00e9curit\u00e9<\/strong>. Ensuite, selon la gravit\u00e9, essayez de suivre les instructions suivantes :&nbsp;<\/p>\n\n\n\n<ul class=\"wp-block-list\">\n<li><strong>S\u00e9curisez la zone<\/strong>&nbsp;de l\u2019accident en mettant vos feux de d\u00e9tresse et le triangle de signalement \u00e0 environ 200 m de l\u2019incident. Si c\u2019est possible, garez votre v\u00e9hicule pour \u00e9viter le suraccident.<\/li>\n\n\n\n<li>Si besoin,&nbsp;<strong>contactez les secours<\/strong>&nbsp;: num\u00e9ro europ\u00e9en (112), SAMU (15), pompiers (18), police ou gendarmerie (17).<\/li>\n\n\n\n<li><strong>Contactez votre assurance automobile<\/strong>&nbsp;pour d\u00e9clarer le sinistre et afin qu\u2019elle puisse prendre en charge votre v\u00e9hicule en cas de dommages importants.<\/li>\n\n\n\n<li>Si vous et les autres parties engag\u00e9es \u00eates en \u00e9tat de le faire,&nbsp;<strong>remplissez un constat amiable<\/strong>.<\/li>\n\n\n\n<li>Pensez \u00e0&nbsp;<strong>prendre des photos<\/strong>&nbsp;de la situation et du positionnement des v\u00e9hicules.<\/li>\n<\/ul>\n\n\n\n<section class=\"wp-block-leocare-bon-a-savoir leocare-bas\"><div class=\"leocare-bas__head\"><img decoding=\"async\" class=\"leocare-bas__icon\" src=\"https:\/\/leocare.eu\/fr\/wp-content\/themes\/leocare-new\/assets\/img\/icon-alert-purple.svg\" alt=\"icon alerte\"\/><h3 class=\"leocare-bas__title\">Bon \u00e0 savoir<\/h3><\/div><div class=\"leocare-bas__content\">\n<p>Le <a href=\"https:\/\/leocare.eu\/fr\/assurance-auto-en-ligne\/couverture\/contrat\/releve-information\/malus\/bonus-maximum\/\">bonus maximum d&rsquo;assurance auto<\/a> est de 3,5 en France.<\/p>\n<\/div><\/section>\n\n\n\n<p>Lors d\u2019un&nbsp;accident&nbsp;de la route, si votre responsabilit\u00e9 est engag\u00e9e, les&nbsp;assurances&nbsp;ajouteront du&nbsp;<a href=\"https:\/\/leocare.eu\/fr\/assurance-auto-en-ligne\/couverture\/contrat\/releve-information\/malus\/\">malus<\/a>&nbsp;\u00e0 votre&nbsp;CRM.&nbsp;&nbsp;<\/p>\n\n\n\n<p>Idem, si c\u2019est un&nbsp;<strong>conducteur secondaire<\/strong>&nbsp;qui conduit votre auto et qu\u2019il a un accident responsable, vous serez&nbsp;<strong>tous les deux maluss\u00e9s<\/strong>.<\/p>\n\n\n\n<h2 class=\"wp-block-heading\" id=\"section-2\"><strong>D\u00e9finir la responsabilit\u00e9 de l\u2019accident<\/strong><\/h2>\n\n\n\n<p>Plusieurs param\u00e8tres rentrent en compte pour&nbsp;<strong>d\u00e9finir la responsabilit\u00e9 de l\u2019accident<\/strong>&nbsp;:&nbsp;<\/p>\n\n\n\n<ul class=\"wp-block-list\">\n<li>\u00c9tiez-vous plusieurs conducteurs impliqu\u00e9s ?<\/li>\n\n\n\n<li>\u00cates-vous le&nbsp;<strong>seul conducteur<\/strong>&nbsp;impliqu\u00e9 dans l\u2019accident ? Par exemple : marche arri\u00e8re dans un poteau ou sortie de route suite \u00e0 une inattention.<\/li>\n\n\n\n<li>Est-ce que d\u2019autres personnes sont impliqu\u00e9es :&nbsp;<strong>pi\u00e9ton ou cycliste<\/strong>&nbsp;?<\/li>\n\n\n\n<li>Est-ce que l\u2019accident est survenu \u00e0 cause d\u2019un&nbsp;<strong>animal<\/strong>&nbsp;sauvage ou un animal domestique ou suite \u00e0 des travaux publics sur la route ?<\/li>\n<\/ul>\n\n\n\n<p>Votre responsabilit\u00e9 peut \u00eatre engag\u00e9e de 3 mani\u00e8res :&nbsp;<strong>non responsable<\/strong>,&nbsp;<strong>partiellement responsable<\/strong>&nbsp;ou&nbsp;<strong>enti\u00e8rement responsable<\/strong>.&nbsp;<\/p>\n\n\n\n<p>Il existe des&nbsp;<strong>exceptions<\/strong>. Ainsi, si vous avez un accident seul, impact avec un animal sauvage ou suite \u00e0 un d\u00e9faut de signalisation par exemple, le sinistre peut \u00eatre consid\u00e9r\u00e9 comme li\u00e9 \u00e0 un&nbsp;<strong>cas de force majeure<\/strong>. Dans ce cas, votre responsabilit\u00e9 ne sera pas engag\u00e9e.<\/p>\n\n\n\n<p>Suite \u00e0 un&nbsp;<strong>sinistre responsable<\/strong>, votre coefficient bonus\/malus est<strong>&nbsp;augment\u00e9 de 25 %<\/strong>&nbsp;\u00e0 la prochaine \u00e9ch\u00e9ance de votre contrat. S\u2019il s\u2019agit d\u2019un accident&nbsp;<strong>partiellement responsable<\/strong>, la majoration CRM est de&nbsp;<strong>12,5 %<\/strong>.<\/p>\n\n\n\n<p><strong>Petit exercice de calcul \ud83d\ude02 :<\/strong><\/p>\n\n\n\n<ul class=\"wp-block-list\">\n<li>Vous venez d\u2019avoir un sinistre responsable ? Si votre bonus est actuellement de 0,60 par exemple, il augmentera automatiquement \u00e0 0,75 l\u2019ann\u00e9e suivante (0,60 x 1,25).<\/li>\n\n\n\n<li>Si l\u2019accident est partiellement responsable (la responsabilit\u00e9 des deux v\u00e9hicules est engag\u00e9e), le bonus\/malus sera \u00e9galement augment\u00e9 mais dans une moindre mesure qu\u2019en cas de responsabilit\u00e9 totale (12,5 % de hausse au lieu de 25 %). Ainsi, il passera \u00e0 0,68 (0,60 x 1,125) si nous reprenons le m\u00eame cas.<\/li>\n<\/ul>\n\n\n\n<p><strong>Deux bonnes nouvelles \ud83e\udd29 !<\/strong><\/p>\n\n\n\n<ol class=\"wp-block-list\">\n<li>Si vous avez un coefficient de 0,50 depuis au moins 3 ans, le 1\u1d49\u02b3 accident responsable qui survient n\u2019entra\u00eene&nbsp;<strong>pas l\u2019application du malus<\/strong>. C\u2019est ce que les compagnies appellent un \u201c<strong>joker<\/strong>\u201d \ud83c\udf40.<\/li>\n\n\n\n<li>En cas de malus \u00e9lev\u00e9 (sup\u00e9rieur \u00e0 1), si vous n\u2019avez pas de sinistres responsables pendant deux ann\u00e9es cons\u00e9cutives, votre CRM revient syst\u00e9matiquement \u00e0 1. Donc&nbsp;<strong>deux ann\u00e9es sans accident<\/strong>&nbsp;=&nbsp;<strong>CRM \u00e0 1.<\/strong><\/li>\n<\/ol>\n\n\n\n<h2 class=\"wp-block-heading\" id=\"section-3\"><strong>Quels sont les bons comportements \u00e0 adopter sur la route ?<\/strong><\/h2>\n\n\n\n<p>Pour \u00e9viter l\u2019accident partiellement responsable ou totalement responsable et donc \u00e9viter le malus, adaptez votre conduite.&nbsp;<strong>Votre bonus-malus<\/strong>&nbsp;<strong>d\u00e9pend enti\u00e8rement de votre conduite<\/strong>&nbsp;!&nbsp;<\/p>\n\n\n\n<p>Respectez \u00e0 la lettre le Code de la route, conduisez dans de bonnes conditions (attention \u00e0 la m\u00e9t\u00e9o, votre \u00e9tat de fatigue ou de sant\u00e9, l\u2019\u00e9tat de votre v\u00e9hicule : plaquettes de frein ou pneus us\u00e9s).<\/p>\n\n\n\n<p>Renouvelez votre contr\u00f4le technique tous les deux ans et votre assurance annuellement.<\/p>\n\n\n\n<p>L\u2019assurance auto est obligatoire et concerne tous les v\u00e9hicules terrestres.&nbsp;<\/p>\n\n\n\n<p>En cas de conduite sans assurance, les forces de l\u2019ordre appliqueront une amende forfaitaire de 750 \u20ac.<\/p>\n\n\n\n<p>En cas de r\u00e9cidive, l\u2019amende augmente jusqu\u2019\u00e0 7 500 \u20ac avec jugement au tribunal. Le d\u00e9lit peut entra\u00eener plusieurs condamnations :&nbsp;<\/p>\n\n\n\n<ul class=\"wp-block-list\">\n<li>suspension du permis de conduire pour 3 ans ;<\/li>\n\n\n\n<li>annulation du permis de conduire et interdiction de le passer \u00e0 nouveau pendant 3 ans ;<\/li>\n\n\n\n<li>inscription \u00e0 un stage de sensibilisation sur la pr\u00e9vention routi\u00e8re (aux frais du conducteur) ;&nbsp;&nbsp;<\/li>\n\n\n\n<li>immobilisation ou confiscation de la voiture ;<\/li>\n\n\n\n<li>condamnation \u00e0 faire des jours de travaux d\u2019int\u00e9r\u00eat g\u00e9n\u00e9ral.<\/li>\n<\/ul>\n\n\n\n<p>Les assureurs r\u00e9\u00e9valueront \u00e9galement vos cotisations \u00e0 la hausse \u00e0&nbsp;\u00e9ch\u00e9ance annuelle&nbsp;ou sont susceptibles de radier les conducteurs, notamment les&nbsp;jeunes conducteurs&nbsp;(plus \u00e0 risque). Un&nbsp;accident&nbsp;jug\u00e9 responsable est un&nbsp;<a href=\"https:\/\/leocare.eu\/fr\/assurance-auto-en-ligne\/couverture\/contrat\/releve-information\/malus\/sinistre\/\">sinistre entra\u00eenant du malus<\/a>&nbsp;et l\u2019augmentation de votre CRM fera augmenter votre prime annuelle.<\/p>\n\n\n\n<p>Un conducteur maluss\u00e9 et radi\u00e9 aura des difficult\u00e9s \u00e0 signer un contrat d\u2019assurance automobile&nbsp;avec un&nbsp;nouvel assureur. Heureusement le malus et votre prime d\u2019assurance sont revus chaque ann\u00e9e gr\u00e2ce au&nbsp;<a href=\"https:\/\/leocare.eu\/fr\/assurance-auto-en-ligne\/couverture\/contrat\/releve-information\/malus\/calcul-bonus-malus\/\">calcul du bonus-malus<\/a>&nbsp;et il existe des assurances sp\u00e9cialis\u00e9es pour les maluss\u00e9s.<\/p>\n\n\n\n<p>Chez Leocare, apr\u00e8s le calcul annuel de votre bonus-malus, nous vous proposons automatiquement une formule d\u2019assurance adapt\u00e9e \u00e0 vos besoins et \u00e0 votre situation \ud83e\udd17.<\/p>\n","protected":false},"excerpt":{"rendered":"<p>Si vous venez d\u2019avoir un accident de la route, mettez-vous en s\u00e9curit\u00e9 ! Remplissez ensuite un constat amiable et envoyez-le \u00e0 votre compagnie d\u2019assurances. C\u2019est elle qui d\u00e9terminera si votre responsabilit\u00e9 est engag\u00e9e. Si vous \u00eates responsable de l\u2019accident, un malus sera appliqu\u00e9 sur votre CRM (Coefficient R\u00e9duction Majoration).Les Leoconseillers vous expliquent comment calculer votre [&hellip;]<\/p>\n","protected":false},"author":34,"featured_media":0,"parent":17928,"menu_order":0,"comment_status":"closed","ping_status":"closed","template":"template_seo.php","meta":{"_acf_changed":false,"footnotes":""},"class_list":["post-22833","page","type-page","status-publish","hentry"],"acf":[],"yoast_head":"<!-- This site is optimized with the Yoast SEO plugin v27.3 - https:\/\/yoast.com\/product\/yoast-seo-wordpress\/ -->\n<title>Calculer son malus apr\u00e8s un accident : comment faire ?<\/title>\n<meta name=\"description\" content=\"Si vous avez eu un accident responsable, votre assurance appliquera du malus sur votre contrat. Les Leoconseillers vous expliquent le calcul du bonus-malus.\" \/>\n<meta name=\"robots\" content=\"index, follow, max-snippet:-1, max-image-preview:large, max-video-preview:-1\" \/>\n<link rel=\"canonical\" href=\"https:\/\/leocare.eu\/fr\/assurance-auto-en-ligne\/couverture\/contrat\/releve-information\/malus\/calcul-apres-accident\/\" \/>\n<meta property=\"og:locale\" content=\"fr_FR\" \/>\n<meta property=\"og:type\" content=\"article\" \/>\n<meta property=\"og:title\" content=\"Calculer son malus apr\u00e8s un accident : comment faire ?\" \/>\n<meta property=\"og:description\" content=\"Si vous avez eu un accident responsable, votre assurance appliquera du malus sur votre contrat. Les Leoconseillers vous expliquent le calcul du bonus-malus.\" \/>\n<meta property=\"og:url\" content=\"https:\/\/leocare.eu\/fr\/assurance-auto-en-ligne\/couverture\/contrat\/releve-information\/malus\/calcul-apres-accident\/\" \/>\n<meta property=\"og:site_name\" content=\"Leocare, assurance en ligne automobile et habitation\" \/>\n<meta property=\"article:modified_time\" content=\"2026-04-07T14:47:04+00:00\" \/>\n<meta property=\"og:image\" content=\"https:\/\/leocare.eu\/fr\/wp-content\/themes\/leocare-new\/assets\/img\/icon-alert-purple.svg\" \/>\n<meta name=\"twitter:card\" content=\"summary_large_image\" \/>\n<meta name=\"twitter:label1\" content=\"Dur\u00e9e de lecture estim\u00e9e\" \/>\n\t<meta name=\"twitter:data1\" content=\"5 minutes\" \/>\n<!-- \/ Yoast SEO plugin. -->","yoast_head_json":{"title":"Calculer son malus apr\u00e8s un accident : comment faire ?","description":"Si vous avez eu un accident responsable, votre assurance appliquera du malus sur votre contrat. Les Leoconseillers vous expliquent le calcul du bonus-malus.","robots":{"index":"index","follow":"follow","max-snippet":"max-snippet:-1","max-image-preview":"max-image-preview:large","max-video-preview":"max-video-preview:-1"},"canonical":"https:\/\/leocare.eu\/fr\/assurance-auto-en-ligne\/couverture\/contrat\/releve-information\/malus\/calcul-apres-accident\/","og_locale":"fr_FR","og_type":"article","og_title":"Calculer son malus apr\u00e8s un accident : comment faire ?","og_description":"Si vous avez eu un accident responsable, votre assurance appliquera du malus sur votre contrat. Les Leoconseillers vous expliquent le calcul du bonus-malus.","og_url":"https:\/\/leocare.eu\/fr\/assurance-auto-en-ligne\/couverture\/contrat\/releve-information\/malus\/calcul-apres-accident\/","og_site_name":"Leocare, assurance en ligne automobile et habitation","article_modified_time":"2026-04-07T14:47:04+00:00","og_image":[{"url":"https:\/\/leocare.eu\/fr\/wp-content\/themes\/leocare-new\/assets\/img\/icon-alert-purple.svg","type":"","width":"","height":""}],"twitter_card":"summary_large_image","twitter_misc":{"Dur\u00e9e de lecture estim\u00e9e":"5 minutes"},"schema":{"@context":"https:\/\/schema.org","@graph":[{"@type":"WebPage","@id":"https:\/\/leocare.eu\/fr\/assurance-auto-en-ligne\/couverture\/contrat\/releve-information\/malus\/calcul-apres-accident\/","url":"https:\/\/leocare.eu\/fr\/assurance-auto-en-ligne\/couverture\/contrat\/releve-information\/malus\/calcul-apres-accident\/","name":"Calculer son malus apr\u00e8s un accident : comment faire ?","isPartOf":{"@id":"https:\/\/leocare.eu\/fr\/#website"},"primaryImageOfPage":{"@id":"https:\/\/leocare.eu\/fr\/assurance-auto-en-ligne\/couverture\/contrat\/releve-information\/malus\/calcul-apres-accident\/#primaryimage"},"image":{"@id":"https:\/\/leocare.eu\/fr\/assurance-auto-en-ligne\/couverture\/contrat\/releve-information\/malus\/calcul-apres-accident\/#primaryimage"},"thumbnailUrl":"https:\/\/leocare.eu\/fr\/wp-content\/themes\/leocare-new\/assets\/img\/icon-alert-purple.svg","datePublished":"2024-09-05T14:01:24+00:00","dateModified":"2026-04-07T14:47:04+00:00","description":"Si vous avez eu un accident responsable, votre assurance appliquera du malus sur votre contrat. Les Leoconseillers vous expliquent le calcul du bonus-malus.","breadcrumb":{"@id":"https:\/\/leocare.eu\/fr\/assurance-auto-en-ligne\/couverture\/contrat\/releve-information\/malus\/calcul-apres-accident\/#breadcrumb"},"inLanguage":"fr-FR","potentialAction":[{"@type":"ReadAction","target":["https:\/\/leocare.eu\/fr\/assurance-auto-en-ligne\/couverture\/contrat\/releve-information\/malus\/calcul-apres-accident\/"]}]},{"@type":"ImageObject","inLanguage":"fr-FR","@id":"https:\/\/leocare.eu\/fr\/assurance-auto-en-ligne\/couverture\/contrat\/releve-information\/malus\/calcul-apres-accident\/#primaryimage","url":"https:\/\/leocare.eu\/fr\/wp-content\/themes\/leocare-new\/assets\/img\/icon-alert-purple.svg","contentUrl":"https:\/\/leocare.eu\/fr\/wp-content\/themes\/leocare-new\/assets\/img\/icon-alert-purple.svg"},{"@type":"WebSite","@id":"https:\/\/leocare.eu\/fr\/#website","url":"https:\/\/leocare.eu\/fr\/","name":"Leocare, assurance en ligne automobile et habitation","description":"enfin (r)assur\u00e9.e","publisher":{"@id":"https:\/\/leocare.eu\/fr\/#organization"},"potentialAction":[{"@type":"SearchAction","target":{"@type":"EntryPoint","urlTemplate":"https:\/\/leocare.eu\/fr\/?s={search_term_string}"},"query-input":{"@type":"PropertyValueSpecification","valueRequired":true,"valueName":"search_term_string"}}],"inLanguage":"fr-FR"},{"@type":"Organization","@id":"https:\/\/leocare.eu\/fr\/#organization","name":"Leocare, assurance en ligne automobile et habitation","url":"https:\/\/leocare.eu\/fr\/","logo":{"@type":"ImageObject","inLanguage":"fr-FR","@id":"https:\/\/leocare.eu\/fr\/#\/schema\/logo\/image\/","url":"https:\/\/leocare.eu\/fr\/wp-content\/uploads\/2020\/03\/logo-leocare.svg","contentUrl":"https:\/\/leocare.eu\/fr\/wp-content\/uploads\/2020\/03\/logo-leocare.svg","caption":"Leocare, assurance en ligne automobile et habitation"},"image":{"@id":"https:\/\/leocare.eu\/fr\/#\/schema\/logo\/image\/"}}]}},"_links":{"self":[{"href":"https:\/\/leocare.eu\/fr\/wp-json\/wp\/v2\/pages\/22833","targetHints":{"allow":["GET"]}}],"collection":[{"href":"https:\/\/leocare.eu\/fr\/wp-json\/wp\/v2\/pages"}],"about":[{"href":"https:\/\/leocare.eu\/fr\/wp-json\/wp\/v2\/types\/page"}],"author":[{"embeddable":true,"href":"https:\/\/leocare.eu\/fr\/wp-json\/wp\/v2\/users\/34"}],"replies":[{"embeddable":true,"href":"https:\/\/leocare.eu\/fr\/wp-json\/wp\/v2\/comments?post=22833"}],"version-history":[{"count":9,"href":"https:\/\/leocare.eu\/fr\/wp-json\/wp\/v2\/pages\/22833\/revisions"}],"predecessor-version":[{"id":36818,"href":"https:\/\/leocare.eu\/fr\/wp-json\/wp\/v2\/pages\/22833\/revisions\/36818"}],"up":[{"embeddable":true,"href":"https:\/\/leocare.eu\/fr\/wp-json\/wp\/v2\/pages\/17928"}],"wp:attachment":[{"href":"https:\/\/leocare.eu\/fr\/wp-json\/wp\/v2\/media?parent=22833"}],"curies":[{"name":"wp","href":"https:\/\/api.w.org\/{rel}","templated":true}]}}