{"id":22830,"date":"2024-09-05T16:01:02","date_gmt":"2024-09-05T14:01:02","guid":{"rendered":"https:\/\/leocare.eu\/fr\/?page_id=22830"},"modified":"2026-04-07T16:47:03","modified_gmt":"2026-04-07T14:47:03","slug":"gain-bonus","status":"publish","type":"page","link":"https:\/\/leocare.eu\/fr\/assurance-auto-en-ligne\/couverture\/contrat\/releve-information\/malus\/gain-bonus\/","title":{"rendered":"Combien de bonus gagne-t-on par an en assurance auto ?"},"content":{"rendered":"\n<p>Le bonus-malus est un m\u00e9canisme r\u00e9gi par le code des assurances. Il permet aux compagnies d\u2019assurances de d\u00e9terminer la prime annuelle de l\u2019assur\u00e9 selon les sinistres subis ou caus\u00e9s.<br>La bonne nouvelle, c\u2019est que ce syst\u00e8me permet de r\u00e9compenser les bons conducteurs. Si vous avez un accident mais que vous n\u2019\u00eates pas responsable, vous gagnez du bonus ! Les Leoconseillers vous expliquent.<\/p>\n\n\n\n<h2 class=\"wp-block-heading\" id=\"section-1\"><strong>Comment fonctionne le syst\u00e8me de bonus-malus ?<\/strong><\/h2>\n\n\n\n<p>En cas d\u2019accidents responsables, vous obtiendrez un malus. Selon votre CRM, un seul\u00a0accident\u00a0peut entra\u00eener du\u00a0malus. Votre assurance peut r\u00e9silier votre contrat et il pourra \u00eatre difficile de trouver une nouvelle assurance. Heureusement, il existe des\u00a0<a href=\"https:\/\/leocare.eu\/fr\/assurance-auto-en-ligne\/couverture\/contrat\/releve-information\/malus\/pas-chere\/\">assurances malus pas ch\u00e8res<\/a>\u00a0comme Leocare.<\/p>\n\n\n\n<p>Le syst\u00e8me de bonus-malus permet d\u2019identifier les&nbsp;<strong>bons conducteurs<\/strong>&nbsp;des conducteurs moins attentifs. Le calcul est r\u00e9glement\u00e9 par le&nbsp;<strong>code des assurances (article A121-1)<\/strong>&nbsp;puis est appliqu\u00e9 sur votre contrat d\u2019assurance \u00e0 \u00e9ch\u00e9ance annuelle.<\/p>\n\n\n\n<p>Le fonctionnement du&nbsp;<strong>bonus-malus<\/strong>&nbsp;est tr\u00e8s pr\u00e9cis et encadr\u00e9 : tous les assur\u00e9s d\u00e9marrent leur vie de conducteur avec un CRM (Coefficient R\u00e9duction Majoration) \u00e0 1.&nbsp;<\/p>\n\n\n\n<p>Si vous \u00eates un\u00a0<strong>conducteur avec du bonus,<\/strong>\u00a0votre coefficient sera\u00a0<strong>sous la barre du 1<\/strong>. Si vous \u00eates un conducteur avec du malus, votre coefficient sera sup\u00e9rieur \u00e0 1. Et si vous avez eu quelques p\u00e9pins sur la route, <a href=\"https:\/\/leocare.eu\/fr\/assurance-auto-en-ligne\/couverture\/contrat\/releve-information\/malus\/bonus-maximum\/\">le bonus maximum de l&rsquo;assurance voiture<\/a> peut atteindre 3,5.<\/p>\n\n\n\n<p>Le CRM permet aux assurances de d\u00e9finir si vous avez un&nbsp;<strong>profil de conducteur<\/strong>&nbsp;\u00e0 risques ou non. Votre assureur peut donc ajuster votre formule d\u2019assurance en fonction de votre profil. Ainsi, les&nbsp;<strong>conducteurs avec du bonus<\/strong>&nbsp;paient une&nbsp;<strong>prime annuelle moins \u00e9lev\u00e9e<\/strong>&nbsp;que les conducteurs maluss\u00e9s.<\/p>\n\n\n\n<p>Tout votre&nbsp;<strong>historique de conduite<\/strong>&nbsp;est consign\u00e9 sur un document appel\u00e9<strong>&nbsp;RI (Relev\u00e9 d\u2019information)<\/strong>. Le Relev\u00e9 d\u2019Information est disponible sur simple demande aupr\u00e8s de votre assureur. Vous pourrez ainsi v\u00e9rifier le montant de votre&nbsp;<strong>bonus<\/strong>. Ce document est \u00e9galement accessible aux autres compagnies d\u2019assurance. Si vous souhaitez en changer, ce sont des informations que prendra en compte votre&nbsp;<strong>nouvel assureur<\/strong>&nbsp;et cela vous permettra de n\u00e9gocier le montant de votre prime d\u2019assurance.&nbsp;<\/p>\n\n\n\n<div class=\"bon-a-savoir\">\n\n\n\n<h3 class=\"wp-block-heading\">Bon \u00e0 savoir<\/h3>\n\n\n\n<p>Le bonus-malus est li\u00e9 \u00e0 tous les conducteurs du v\u00e9hicule, m\u00eame un conducteur secondaire. Si un&nbsp;second conducteur&nbsp;a un&nbsp;accident, que ce soit une seule fois ou plusieurs&nbsp;ann\u00e9es cons\u00e9cutives, c\u2019est votre contrat d\u2019assurance qui sera impact\u00e9 (et donc, vous aussi). Vous pourrez alors vous tourner vers des&nbsp;<a href=\"https:\/\/leocare.eu\/fr\/assurance-auto-en-ligne\/couverture\/contrat\/releve-information\/malus\/pas-chere\/\">assurances auto malus<\/a>.<\/p>\n\n\n\n<\/div>\n\n\n\n<h2 class=\"wp-block-heading\" id=\"section-2\"><strong>Comment gagner du bonus ?<\/strong><\/h2>\n\n\n\n<p>Plus vous \u00eates attentif au volant, en respectant le code de la route et les limitations de vitesse, plus vous limitez les risques d\u2019accident, notamment de sinistres responsables ou partiellement responsables. En tant que bon conducteur, vous continuez \u00e0 gagner du bonus.<\/p>\n\n\n\n<p>Le bonus est calcul\u00e9 \u00e0 \u00e9ch\u00e9ance annuelle sur la base des sinistres responsables ou non. Les&nbsp;<strong>r\u00e8gles de calcul du bonus&nbsp;<\/strong>s\u2019appliquent comme suit : vous obtenez une&nbsp;<strong>r\u00e9duction de 5% de votre CRM sans accident responsable<\/strong>&nbsp;sur une ann\u00e9e d\u2019assurance.<\/p>\n\n\n\n<section class=\"wp-block-leocare-bon-a-savoir leocare-bas\"><div class=\"leocare-bas__head\"><img decoding=\"async\" class=\"leocare-bas__icon\" src=\"https:\/\/leocare.eu\/fr\/wp-content\/themes\/leocare-new\/assets\/img\/icon-alert-purple.svg\" alt=\"icon alerte\"\/><h3 class=\"leocare-bas__title\">Bon \u00e0 savoir<\/h3><\/div><div class=\"leocare-bas__content\">\n<p>Votre voiture a \u00e9t\u00e9 vol\u00e9e ? Si <a href=\"https:\/\/leocare.eu\/fr\/assurance-auto-en-ligne\/couverture\/contrat\/releve-information\/malus\/vol-de-voiture\/\">l&rsquo;assurance en cas de vol de voiture<\/a> est activ\u00e9e, <strong>vous \u00eates couverts et cerise sur le g\u00e2teau : il n\u2019y a pas d\u2019impact sur votre coefficient bonus-malus.<\/strong><\/p>\n<\/div><\/section>\n\n\n\n<p>Par exemple :&nbsp;<\/p>\n\n\n\n<p>Si votre coefficient est d\u2019un niveau de 1 et que vous n\u2019avez pas de sinistre responsable sur les 12 derniers mois, \u00e0 votre prochaine \u00e9ch\u00e9ance, votre bonus atteindra un niveau de 0,95 pour l\u2019ann\u00e9e \u00e0 venir. Cela permettra de venir diminuer votre cotisation d\u2019assurance.<\/p>\n\n\n\n<p>Les bons conducteurs sont toujours r\u00e9compens\u00e9s ! Si votre CRM est \u00e0 0,50 depuis 3 ann\u00e9es cons\u00e9cutives, vous avez le droit \u00e0 un\u00a0<strong>joker<\/strong>. En cas d\u2019un\u00a0<strong>premier accident responsable<\/strong>, vous n\u2019aurez\u00a0<strong>pas de majoration<\/strong>\u00a0de votre coefficient.<\/p>\n\n\n\n<div class=\"bon-a-savoir\">\n\n\n\n<h3 class=\"wp-block-heading\">Bon \u00e0 savoir<\/h3>\n\n\n\n<p>Si vous causez un accident suite \u00e0 un probl\u00e8me sur la voirie (gravillons suite \u00e0 des travaux publics, trous dans la chauss\u00e9e, panneaux de signalisation endommag\u00e9s, etc.), vous serez d\u00e9clar\u00e9 non responsable de l\u2019accident.<\/p>\n\n\n\n<\/div>\n\n\n\n<h2 class=\"wp-block-heading\" id=\"section-3\"><strong>Quel est l\u2019impact du bonus-malus sur votre contrat d\u2019assurance ?<\/strong><\/h2>\n\n\n\n<p>Plus vous avez de bonus et plus vous pouvez n\u00e9gocier le tarif de vos cotisations au fil des ann\u00e9es d\u2019assurance. Cela vous permet \u00e9galement de&nbsp;<strong>comparer<\/strong>&nbsp;les diff\u00e9rents contrats d\u2019assurance disponibles sur le march\u00e9 et de&nbsp;<strong>changer d\u2019assureur<\/strong>&nbsp;si vous le souhaitez.<\/p>\n\n\n\n<p>Continuez d\u2019\u00eatre attentif sur la route et vous verrez votre cotisation baisser chaque ann\u00e9e.<\/p>\n\n\n\n<p>Si vous avez du malus suite \u00e0 des accidents responsables ou partiellement responsables, les r\u00e8gles de calcul du malus en assurance s\u2019appliquent comme suit :&nbsp;<\/p>\n\n\n\n<ul class=\"wp-block-list\">\n<li>Majoration de 12,5 % en cas d\u2019accident partiellement responsable,&nbsp;<\/li>\n\n\n\n<li>Majoration jusqu\u2019\u00e0 25 % en cas d\u2019accident responsable.<\/li>\n<\/ul>\n\n\n\n<p>Par exemple :&nbsp;<\/p>\n\n\n\n<p>Si votre coefficient est d\u2019un niveau de 1 et que vous avez un sinistre responsable sur les 12 derniers mois, \u00e0 votre prochaine \u00e9ch\u00e9ance votre CRM atteindra un niveau de 1,25 pour l\u2019ann\u00e9e \u00e0 venir.<\/p>\n\n\n\n<p>Tout comme votre cotisation est revue \u00e0 la baisse si vous avez du bonus, en cas de malus, votre prime d\u2019assurance sera revue \u00e0 la hausse. Si votre malus est trop \u00e9lev\u00e9, votre assureur peut m\u00eame d\u00e9cider de r\u00e9silier votre contrat. Or, vous devez rester assur\u00e9 pour continuer \u00e0 prendre le volant : l\u2019assurance auto est obligatoire pour les v\u00e9hicules terrestres.<\/p>\n\n\n\n<div class=\"bon-a-savoir\">\n\n\n\n<h3 class=\"wp-block-heading\">Bon \u00e0 savoir<\/h3>\n\n\n\n<p>C\u2019est important de garder une assurance car il existe une r\u00e8gle de calcul du CRM pour r\u00e9compenser les conducteurs maluss\u00e9s disciplin\u00e9s. Apr\u00e8s&nbsp;<strong>deux ann\u00e9es sans accident responsable<\/strong>, votre&nbsp;<strong>CRM revient \u00e0 1<\/strong>&nbsp;(\u00e0 condition que vous soyez assur\u00e9). Votre cotisation d\u2019assurance sera alors r\u00e9\u00e9valu\u00e9e par votre assureur \ud83e\udd29.<\/p>\n\n\n\n<\/div>\n\n\n\n<p><strong>Chez Leocare, nous avons la solution pour \u00e9viter ces situations !<\/strong><\/p>\n\n\n\n<p>En cas d\u2019accident, \u00e0 condition que vous ayez une\u00a0assurance automobile, si votre\u00a0CRM\u00a0est major\u00e9 et que\u00a0<a href=\"https:\/\/leocare.eu\/fr\/assurance-auto-en-ligne\/couverture\/contrat\/releve-information\/malus\/augmentation\/\">votre malus augmente<\/a>, nous pouvons accepter de vous assurer (m\u00eame les jeunes conducteurs).<\/p>\n\n\n\n<p><a href=\"https:\/\/leocare.eu\/fr\/assurance-auto-en-ligne\/couverture\/contrat\/releve-information\/malus\/sinistre-non-responsable\/\">Sans sinistre responsable<\/a>&nbsp;pendant deux ans, votre&nbsp;malus&nbsp;sera revu \u00e0&nbsp;\u00e9ch\u00e9ance annuelle&nbsp;et votre CRM reviendra \u00e0 1. Vous pourrez alors trouver un nouvel assureur ou rester chez Leocare : nous proposons des contrats pour tous les conducteurs avec des garanties solides et une prime d\u2019assurance \u00e0 prix int\u00e9ressant.<\/p>\n\n\n\n<p>Bien s\u00fbr, une coefficient bonus-malus \u00e9lev\u00e9 ne veut pas dire des conditions de souscription plus compliqu\u00e9es. Chez Leocare, voici\u00a0<a href=\"https:\/\/leocare.eu\/fr\/assurance-auto-en-ligne\/couverture\/contrat\/souscription\/documents\/\">les documents \u00e0 fournir pour le changement d&rsquo;assurance auto<\/a>\u00a0:<\/p>\n\n\n\n<ul class=\"wp-block-list\">\n<li>Permis de conduire<\/li>\n\n\n\n<li>Relev\u00e9 d\u2019informations<\/li>\n\n\n\n<li>Carte grise<\/li>\n\n\n\n<li>RIB<\/li>\n<\/ul>\n","protected":false},"excerpt":{"rendered":"<p>Le bonus-malus est un m\u00e9canisme r\u00e9gi par le code des assurances. Il permet aux compagnies d\u2019assurances de d\u00e9terminer la prime annuelle de l\u2019assur\u00e9 selon les sinistres subis ou caus\u00e9s.La bonne nouvelle, c\u2019est que ce syst\u00e8me permet de r\u00e9compenser les bons conducteurs. Si vous avez un accident mais que vous n\u2019\u00eates pas responsable, vous gagnez du [&hellip;]<\/p>\n","protected":false},"author":34,"featured_media":0,"parent":17928,"menu_order":0,"comment_status":"closed","ping_status":"closed","template":"template_seo.php","meta":{"_acf_changed":false,"footnotes":""},"class_list":["post-22830","page","type-page","status-publish","hentry"],"acf":[],"yoast_head":"<!-- This site is optimized with the Yoast SEO plugin v27.3 - https:\/\/yoast.com\/product\/yoast-seo-wordpress\/ -->\n<title>Assurance auto : combien de bonus gagne-t-on par an ?<\/title>\n<meta name=\"description\" content=\"Savez-vous combien de bonus vous avez gagn\u00e9 cette ann\u00e9e ? Les Leoconseillers vous expliquent comment fonctionne le syst\u00e8me de bonus-malus.\" \/>\n<meta name=\"robots\" content=\"index, follow, max-snippet:-1, max-image-preview:large, max-video-preview:-1\" \/>\n<link rel=\"canonical\" href=\"https:\/\/leocare.eu\/fr\/assurance-auto-en-ligne\/couverture\/contrat\/releve-information\/malus\/gain-bonus\/\" \/>\n<meta property=\"og:locale\" content=\"fr_FR\" \/>\n<meta property=\"og:type\" content=\"article\" \/>\n<meta property=\"og:title\" content=\"Assurance auto : combien de bonus gagne-t-on par an ?\" \/>\n<meta property=\"og:description\" content=\"Savez-vous combien de bonus vous avez gagn\u00e9 cette ann\u00e9e ? Les Leoconseillers vous expliquent comment fonctionne le syst\u00e8me de bonus-malus.\" \/>\n<meta property=\"og:url\" content=\"https:\/\/leocare.eu\/fr\/assurance-auto-en-ligne\/couverture\/contrat\/releve-information\/malus\/gain-bonus\/\" \/>\n<meta property=\"og:site_name\" content=\"Leocare, assurance en ligne automobile et habitation\" \/>\n<meta property=\"article:modified_time\" content=\"2026-04-07T14:47:03+00:00\" \/>\n<meta property=\"og:image\" content=\"https:\/\/leocare.eu\/fr\/wp-content\/themes\/leocare-new\/assets\/img\/icon-alert-purple.svg\" \/>\n<meta name=\"twitter:card\" content=\"summary_large_image\" \/>\n<meta name=\"twitter:label1\" content=\"Dur\u00e9e de lecture estim\u00e9e\" \/>\n\t<meta name=\"twitter:data1\" content=\"6 minutes\" \/>\n<!-- \/ Yoast SEO plugin. -->","yoast_head_json":{"title":"Assurance auto : combien de bonus gagne-t-on par an ?","description":"Savez-vous combien de bonus vous avez gagn\u00e9 cette ann\u00e9e ? Les Leoconseillers vous expliquent comment fonctionne le syst\u00e8me de bonus-malus.","robots":{"index":"index","follow":"follow","max-snippet":"max-snippet:-1","max-image-preview":"max-image-preview:large","max-video-preview":"max-video-preview:-1"},"canonical":"https:\/\/leocare.eu\/fr\/assurance-auto-en-ligne\/couverture\/contrat\/releve-information\/malus\/gain-bonus\/","og_locale":"fr_FR","og_type":"article","og_title":"Assurance auto : combien de bonus gagne-t-on par an ?","og_description":"Savez-vous combien de bonus vous avez gagn\u00e9 cette ann\u00e9e ? Les Leoconseillers vous expliquent comment fonctionne le syst\u00e8me de bonus-malus.","og_url":"https:\/\/leocare.eu\/fr\/assurance-auto-en-ligne\/couverture\/contrat\/releve-information\/malus\/gain-bonus\/","og_site_name":"Leocare, assurance en ligne automobile et habitation","article_modified_time":"2026-04-07T14:47:03+00:00","og_image":[{"url":"https:\/\/leocare.eu\/fr\/wp-content\/themes\/leocare-new\/assets\/img\/icon-alert-purple.svg","type":"","width":"","height":""}],"twitter_card":"summary_large_image","twitter_misc":{"Dur\u00e9e de lecture estim\u00e9e":"6 minutes"},"schema":{"@context":"https:\/\/schema.org","@graph":[{"@type":"WebPage","@id":"https:\/\/leocare.eu\/fr\/assurance-auto-en-ligne\/couverture\/contrat\/releve-information\/malus\/gain-bonus\/","url":"https:\/\/leocare.eu\/fr\/assurance-auto-en-ligne\/couverture\/contrat\/releve-information\/malus\/gain-bonus\/","name":"Assurance auto : combien de bonus gagne-t-on par an ?","isPartOf":{"@id":"https:\/\/leocare.eu\/fr\/#website"},"primaryImageOfPage":{"@id":"https:\/\/leocare.eu\/fr\/assurance-auto-en-ligne\/couverture\/contrat\/releve-information\/malus\/gain-bonus\/#primaryimage"},"image":{"@id":"https:\/\/leocare.eu\/fr\/assurance-auto-en-ligne\/couverture\/contrat\/releve-information\/malus\/gain-bonus\/#primaryimage"},"thumbnailUrl":"https:\/\/leocare.eu\/fr\/wp-content\/themes\/leocare-new\/assets\/img\/icon-alert-purple.svg","datePublished":"2024-09-05T14:01:02+00:00","dateModified":"2026-04-07T14:47:03+00:00","description":"Savez-vous combien de bonus vous avez gagn\u00e9 cette ann\u00e9e ? Les Leoconseillers vous expliquent comment fonctionne le syst\u00e8me de bonus-malus.","breadcrumb":{"@id":"https:\/\/leocare.eu\/fr\/assurance-auto-en-ligne\/couverture\/contrat\/releve-information\/malus\/gain-bonus\/#breadcrumb"},"inLanguage":"fr-FR","potentialAction":[{"@type":"ReadAction","target":["https:\/\/leocare.eu\/fr\/assurance-auto-en-ligne\/couverture\/contrat\/releve-information\/malus\/gain-bonus\/"]}]},{"@type":"ImageObject","inLanguage":"fr-FR","@id":"https:\/\/leocare.eu\/fr\/assurance-auto-en-ligne\/couverture\/contrat\/releve-information\/malus\/gain-bonus\/#primaryimage","url":"https:\/\/leocare.eu\/fr\/wp-content\/themes\/leocare-new\/assets\/img\/icon-alert-purple.svg","contentUrl":"https:\/\/leocare.eu\/fr\/wp-content\/themes\/leocare-new\/assets\/img\/icon-alert-purple.svg"},{"@type":"WebSite","@id":"https:\/\/leocare.eu\/fr\/#website","url":"https:\/\/leocare.eu\/fr\/","name":"Leocare, assurance en ligne automobile et habitation","description":"enfin (r)assur\u00e9.e","publisher":{"@id":"https:\/\/leocare.eu\/fr\/#organization"},"potentialAction":[{"@type":"SearchAction","target":{"@type":"EntryPoint","urlTemplate":"https:\/\/leocare.eu\/fr\/?s={search_term_string}"},"query-input":{"@type":"PropertyValueSpecification","valueRequired":true,"valueName":"search_term_string"}}],"inLanguage":"fr-FR"},{"@type":"Organization","@id":"https:\/\/leocare.eu\/fr\/#organization","name":"Leocare, assurance en ligne automobile et habitation","url":"https:\/\/leocare.eu\/fr\/","logo":{"@type":"ImageObject","inLanguage":"fr-FR","@id":"https:\/\/leocare.eu\/fr\/#\/schema\/logo\/image\/","url":"https:\/\/leocare.eu\/fr\/wp-content\/uploads\/2020\/03\/logo-leocare.svg","contentUrl":"https:\/\/leocare.eu\/fr\/wp-content\/uploads\/2020\/03\/logo-leocare.svg","caption":"Leocare, assurance en ligne automobile et habitation"},"image":{"@id":"https:\/\/leocare.eu\/fr\/#\/schema\/logo\/image\/"}}]}},"_links":{"self":[{"href":"https:\/\/leocare.eu\/fr\/wp-json\/wp\/v2\/pages\/22830","targetHints":{"allow":["GET"]}}],"collection":[{"href":"https:\/\/leocare.eu\/fr\/wp-json\/wp\/v2\/pages"}],"about":[{"href":"https:\/\/leocare.eu\/fr\/wp-json\/wp\/v2\/types\/page"}],"author":[{"embeddable":true,"href":"https:\/\/leocare.eu\/fr\/wp-json\/wp\/v2\/users\/34"}],"replies":[{"embeddable":true,"href":"https:\/\/leocare.eu\/fr\/wp-json\/wp\/v2\/comments?post=22830"}],"version-history":[{"count":10,"href":"https:\/\/leocare.eu\/fr\/wp-json\/wp\/v2\/pages\/22830\/revisions"}],"predecessor-version":[{"id":36288,"href":"https:\/\/leocare.eu\/fr\/wp-json\/wp\/v2\/pages\/22830\/revisions\/36288"}],"up":[{"embeddable":true,"href":"https:\/\/leocare.eu\/fr\/wp-json\/wp\/v2\/pages\/17928"}],"wp:attachment":[{"href":"https:\/\/leocare.eu\/fr\/wp-json\/wp\/v2\/media?parent=22830"}],"curies":[{"name":"wp","href":"https:\/\/api.w.org\/{rel}","templated":true}]}}