{"id":22825,"date":"2024-09-05T15:59:53","date_gmt":"2024-09-05T13:59:53","guid":{"rendered":"https:\/\/leocare.eu\/fr\/?page_id=22825"},"modified":"2026-04-07T16:47:02","modified_gmt":"2026-04-07T14:47:02","slug":"perdre-malus","status":"publish","type":"page","link":"https:\/\/leocare.eu\/fr\/assurance-auto-en-ligne\/couverture\/contrat\/releve-information\/malus\/perdre-malus\/","title":{"rendered":"Combien de temps passer sans assurance pour perdre son malus ?"},"content":{"rendered":"\n<p>Suite \u00e0 plusieurs sinistres, votre malus a augment\u00e9 et votre assurance vous a radi\u00e9 ? Vous devenez alors un profil de conducteur \u201crisque aggrav\u00e9\u201d. Sachez que l\u2019assurance automobile est obligatoire pour continuer \u00e0 rouler. Dans ce cas, comment assurer \u00e0 nouveau votre v\u00e9hicule et conduire en toute s\u00e9curit\u00e9 ? Les Leoconseillers ont la solution !<\/p>\n\n\n\n<h2 class=\"wp-block-heading\" id=\"section-1\"><strong>Quelles sont les cons\u00e9quences de la r\u00e9siliation d\u2019un contrat d\u2019assurance auto ?<\/strong><\/h2>\n\n\n\n<p>Un \u00e9ni\u00e8me&nbsp;accident&nbsp;plusieurs&nbsp;ann\u00e9es cons\u00e9cutives&nbsp;peut entra\u00eener un&nbsp;<a href=\"https:\/\/leocare.eu\/fr\/assurance-auto-en-ligne\/couverture\/contrat\/releve-information\/malus\/\">malus<\/a>&nbsp;(dans le cas d\u2019accidents responsables&nbsp;ou accidents partiellement responsables).<\/p>\n\n\n\n<p>Tous les conducteurs d\u00e9marrent leur vie d\u2019automobiliste avec un&nbsp;<strong>CRM (Coefficient R\u00e9duction Majoration) \u00e0 1<\/strong>.&nbsp;<\/p>\n\n\n\n<p>Les compagnies calculent le CRM, c\u2019est-\u00e0-dire votre&nbsp;<strong>bonus-malus<\/strong>, sur les bases suivantes :&nbsp;<\/p>\n\n\n\n<ul class=\"wp-block-list\">\n<li>r\u00e9duction CRM de 5 % chaque ann\u00e9e pass\u00e9e sans sinistre responsable ;<\/li>\n\n\n\n<li>majoration CRM de 12,5 % en cas d\u2019accident partiellement responsable ;&nbsp;<\/li>\n\n\n\n<li>majoration CRM jusqu\u2019\u00e0 25 % en cas d\u2019accident responsable.<\/li>\n<\/ul>\n\n\n\n<p><strong>Par exemple :&nbsp;<\/strong>&nbsp;<\/p>\n\n\n\n<ul class=\"wp-block-list\">\n<li>Si vous avez un CRM \u00e0 0,6 et que vous avez un accident partiellement responsable, votre CRM passe \u00e0 0,75 (0,6 x 1,25). Vous prenez alors du malus mais restez en dessous de la barre du 1.<\/li>\n\n\n\n<li>Mais si vous \u00eates enti\u00e8rement responsable de l\u2019accident, votre CRM passe \u00e0 1,5 (0,6 x 2,5) et vous passez au-dessus du coefficient de base (1). Vous devenez alors un conducteur maluss\u00e9.<\/li>\n<\/ul>\n\n\n\n<p>Si votre malus est trop important, par exemple s&rsquo;il atteint <a href=\"https:\/\/leocare.eu\/fr\/assurance-auto-en-ligne\/couverture\/contrat\/releve-information\/malus\/bonus-maximum\/\">le bonus maximum en assurance auto<\/a> de 3,5, votre profil risque aggrav\u00e9 peut donner lieu \u00e0 une\u00a0<strong>radiation<\/strong>\u00a0par votre compagnie d\u2019assurances. Pour rappel, l\u2019<strong>assurance auto est obligatoire<\/strong>\u00a0pour tous les v\u00e9hicules terrestres.<\/p>\n\n\n\n<p><strong>Vous aurez donc 4 options :&nbsp;<\/strong><\/p>\n\n\n\n<ul class=\"wp-block-list\">\n<li>Ne plus utiliser votre v\u00e9hicule car vous ne serez plus assur\u00e9.<\/li>\n\n\n\n<li>Trouver un nouvel assureur (mais ce sera tr\u00e8s difficile de trouver une assurance qui accepte et vos cotisations risquent d\u2019\u00eatre exorbitantes).<\/li>\n\n\n\n<li>Vous vous assurez aupr\u00e8s d\u2019une assurance sp\u00e9cialis\u00e9e en malus.<\/li>\n\n\n\n<li>Vous sollicitez le bureau central de tarification (BCT) : cet organisme peut imposer \u00e0 votre assureur de vous assurer&nbsp;<em>a minima<\/em>&nbsp;pour la RC (responsabilit\u00e9 civile) \u00e0 un tarif abordable. Attention, la RC permet de couvrir les dommages caus\u00e9s \u00e0 autrui mais ne propose aucune autre garantie.<\/li>\n<\/ul>\n\n\n\n<h2 class=\"wp-block-heading\" id=\"section-2\"><strong>Combien de temps rester sans assurance pour perdre le malus ?<\/strong><\/h2>\n\n\n\n<p>Apr\u00e8s une radiation par votre assurance, toutes vos informations de conducteur sont envoy\u00e9es et gard\u00e9es \u00e0 l\u2019<strong>AGIRA<\/strong>&nbsp;(Association pour la gestion des informations sur le risque en assurance). Toutes les assurances peuvent donc avoir acc\u00e8s \u00e0 votre dossier qui relate l\u2019historique de vos sinistres (responsables, partiellement responsables ou non responsables) pendant 5 ans.&nbsp;<\/p>\n\n\n\n<p>En clair, ce n\u2019est pas parce que vous n\u2019\u00eates pas assur\u00e9 pendant plusieurs ann\u00e9es que vous passerez&nbsp;<strong>sous le radar des compagnies d\u2019assurances<\/strong>. La majorit\u00e9 des assureurs refusent de couvrir des conducteurs sans aucun ant\u00e9c\u00e9dent d\u2019assurance sur les deux derni\u00e8res ann\u00e9es, il vous sera donc difficile de retrouver un contrat d\u2019assurance.<\/p>\n\n\n\n<p><strong>Bonne nouvelle ! \ud83e\udd29<\/strong><\/p>\n\n\n\n<p>Si vous avez un\u00a0<a href=\"https:\/\/leocare.eu\/fr\/assurance-auto-en-ligne\/couverture\/contrat\/releve-information\/malus\/application\/\">malus \u00e9lev\u00e9<\/a>,\u00a0votre CRM revient automatiquement \u00e0 1 si vous n\u2019avez pas eu d\u2019accident\u00a0responsable pendant 2 ans. Votre nouvelle\u00a0assurance automobile\u00a0peut donc accepter de vous assurer et vous proposer une\u00a0cotisation\u00a0annuelle raisonnable.\u00a0<strong>D\u2019o\u00f9 l\u2019importance de rester assur\u00e9 et d&rsquo;avoir les bonnes garanties pour les sinistres les plus courants comme par exemple l&rsquo;<a href=\"https:\/\/leocare.eu\/fr\/assurance-auto-en-ligne\/couverture\/contrat\/releve-information\/malus\/vol-de-voiture\/\">assurance vol de voiture de voiture<\/a> pour perdre votre malus !\u00a0<\/strong><\/p>\n\n\n\n<p><strong>Deuxi\u00e8me bonne nouvelle ! \ud83e\udd29<\/strong><\/p>\n\n\n\n<p>Chez Leocare, nous facilitons m\u00eame vos d\u00e9marches. Si vous \u00eates assur\u00e9 sur notre contrat sp\u00e9cifique pour maluss\u00e9 et en l\u2019absence de sinistre responsable sur 2 ans, nous vous proposons de basculer sur un contrat \u201cstandard\u201d, vous faisant b\u00e9n\u00e9ficier de tarifs plus avantageux. Nous nous occupons de transf\u00e9rer votre contrat automatiquement d\u00e8s votre accord.<\/p>\n\n\n\n<p>Bien s\u00fbr, une coefficient bonus-malus \u00e9lev\u00e9 ne veut pas dire des conditions de souscription plus compliqu\u00e9es. Chez Leocare, voici\u00a0les <a href=\"https:\/\/leocare.eu\/fr\/assurance-auto-en-ligne\/couverture\/contrat\/souscription\/documents\/\">documents n\u00e9cessaires pour changer votre ancienne assurance auto<\/a>\u00a0:<\/p>\n\n\n\n<ul class=\"wp-block-list\">\n<li>Permis de conduire<\/li>\n\n\n\n<li>Relev\u00e9 d\u2019informations<\/li>\n\n\n\n<li>Carte grise<\/li>\n\n\n\n<li>RIB<\/li>\n<\/ul>\n\n\n\n<div class=\"bon-a-savoir\">\n\n\n\n<h3 class=\"wp-block-heading\">Bon \u00e0 savoir<\/h3>\n\n\n\n<p><a href=\"https:\/\/leocare.eu\/fr\/assurance-auto-en-ligne\/couverture\/contrat\/releve-information\/malus\/pret-de-volant\/\">Si vous pr\u00eatez le volant<\/a>&nbsp;\u00e0 vos enfants&nbsp;jeunes conducteurs&nbsp;d\u00e9clar\u00e9s comme conducteurs secondaires et qu\u2019ils ont un&nbsp;accident&nbsp;responsable, vous prendrez \u00e9galement du&nbsp;malus. Le cumul des malus peut aller tr\u00e8s vite et votre prime annuelle augmenter ou vous pourriez m\u00eame \u00eatre radi\u00e9.&nbsp;<\/p>\n\n\n\n<\/div>\n\n\n\n<p><strong>Pour r\u00e9sumer :&nbsp;<\/strong>conserver une assurance avec un contrat sp\u00e9cifique conducteur maluss\u00e9 vous permettra de revenir \u00e0 un niveau de bonus de 1 sans accident responsable sous 2 ans. Cela vous permettra de b\u00e9n\u00e9ficier d\u2019ant\u00e9c\u00e9dents d\u2019assurance sans&nbsp;malus&nbsp;pour&nbsp;<a href=\"https:\/\/leocare.eu\/fr\/assurance-auto-en-ligne\/couverture\/contrat\/releve-information\/malus\/negocier\/\">n\u00e9gocier votre contrat<\/a>&nbsp;avec un&nbsp;nouvel assureur&nbsp;\u00e0&nbsp;\u00e9ch\u00e9ance annuelle.<\/p>\n\n\n\n<h2 class=\"wp-block-heading\" id=\"section-3\"><strong>Rester sans assurance peut \u00eatre risqu\u00e9&nbsp;<\/strong><\/h2>\n\n\n\n<p>Rester et\/ou conduire sans assurance peut entra\u00eener des risques judiciaires et de graves cons\u00e9quences risquant de compromettre votre avenir de conducteur.<\/p>\n\n\n\n<ul class=\"wp-block-list\">\n<li><strong>Les risques judiciaires<\/strong> : L\u2019article L 324-2 du Code de la route stipule que la conduite sans assurance est un d\u00e9lit punissable d\u2019une amende de 3 750 \u20ac assortie d\u2019une suspension du permis de conduire ou son annulation, interdiction de repasser le permis, confiscation du v\u00e9hicule\u2026<\/li>\n\n\n\n<li><strong>Les cons\u00e9quences sur votre assurance auto<\/strong> : si vous \u00eates un&nbsp;<a href=\"https:\/\/leocare.eu\/fr\/assurance-auto-en-ligne\/couverture\/contrat\/releve-information\/malus\/malus-jeune-conducteur\/\">jeune conducteur maluss\u00e9<\/a>&nbsp;de moins de 23 ans, la plupart des&nbsp;compagnies&nbsp;\u2013 m\u00eame sp\u00e9cialis\u00e9es dans les&nbsp;malus&nbsp;\u2013 n\u2019accepteront pas de vous assurer si votre&nbsp;CRM&nbsp;est sup\u00e9rieur \u00e0 1.<\/li>\n<\/ul>\n\n\n\n<div class=\"bon-a-savoir\">\n\n\n\n<h3 class=\"wp-block-heading\">Bon \u00e0 savoir<\/h3>\n\n\n\n<p>Le SRA (S\u00e9curit\u00e9 et R\u00e9paration Automobiles) est un code d\u2019identification qui permet de d\u00e9terminer la marque, le mod\u00e8le, la version, la puissance et les donn\u00e9es constructeur du v\u00e9hicule.<\/p>\n\n\n\n<\/div>\n\n\n\n<p>Vous l\u2019aurez compris, m\u00eame s\u2019il vous semble&nbsp;<a href=\"https:\/\/leocare.eu\/fr\/assurance-auto-en-ligne\/couverture\/contrat\/releve-information\/malus\/grave\/\">grave d\u2019avoir du malus<\/a>, ce n\u2019est pas irr\u00e9m\u00e9diable ! Parce qu\u2019on a tous droit \u00e0 une deuxi\u00e8me chance, les&nbsp;conducteurs maluss\u00e9s&nbsp;(profils risque aggrav\u00e9) perdent leur&nbsp;malus&nbsp;en l\u2019absence&nbsp;d\u2019accident responsable pendant deux ans. Pour b\u00e9n\u00e9ficier d\u2019une \u00e9volution de votre CRM, continuez \u00e0 cumuler vos ann\u00e9es d\u2019assurance pour conduire en toute s\u00e9r\u00e9nit\u00e9.<\/p>\n","protected":false},"excerpt":{"rendered":"<p>Suite \u00e0 plusieurs sinistres, votre malus a augment\u00e9 et votre assurance vous a radi\u00e9 ? Vous devenez alors un profil de conducteur \u201crisque aggrav\u00e9\u201d. Sachez que l\u2019assurance automobile est obligatoire pour continuer \u00e0 rouler. Dans ce cas, comment assurer \u00e0 nouveau votre v\u00e9hicule et conduire en toute s\u00e9curit\u00e9 ? Les Leoconseillers ont la solution ! [&hellip;]<\/p>\n","protected":false},"author":34,"featured_media":0,"parent":17928,"menu_order":0,"comment_status":"closed","ping_status":"closed","template":"template_seo.php","meta":{"_acf_changed":false,"footnotes":""},"class_list":["post-22825","page","type-page","status-publish","hentry"],"acf":[],"yoast_head":"<!-- This site is optimized with the Yoast SEO plugin v27.3 - https:\/\/yoast.com\/product\/yoast-seo-wordpress\/ -->\n<title>Combien de temps sans ant\u00e9c\u00e9dent d\u2019assurance pour perdre le malus<\/title>\n<meta name=\"description\" content=\"Conducteurs maluss\u00e9s : vous avez \u00e9t\u00e9 radi\u00e9 par votre assurance \u00e0 cause de votre malus ? D\u00e9couvrez nos solutions pour trouver un nouvel assureur !\" \/>\n<meta name=\"robots\" content=\"index, follow, max-snippet:-1, max-image-preview:large, max-video-preview:-1\" \/>\n<link rel=\"canonical\" href=\"https:\/\/leocare.eu\/fr\/assurance-auto-en-ligne\/couverture\/contrat\/releve-information\/malus\/perdre-malus\/\" \/>\n<meta property=\"og:locale\" content=\"fr_FR\" \/>\n<meta property=\"og:type\" content=\"article\" \/>\n<meta property=\"og:title\" content=\"Combien de temps sans ant\u00e9c\u00e9dent d\u2019assurance pour perdre le malus\" \/>\n<meta property=\"og:description\" content=\"Conducteurs maluss\u00e9s : vous avez \u00e9t\u00e9 radi\u00e9 par votre assurance \u00e0 cause de votre malus ? D\u00e9couvrez nos solutions pour trouver un nouvel assureur !\" \/>\n<meta property=\"og:url\" content=\"https:\/\/leocare.eu\/fr\/assurance-auto-en-ligne\/couverture\/contrat\/releve-information\/malus\/perdre-malus\/\" \/>\n<meta property=\"og:site_name\" content=\"Leocare, assurance en ligne automobile et habitation\" \/>\n<meta property=\"article:modified_time\" content=\"2026-04-07T14:47:02+00:00\" \/>\n<meta name=\"twitter:card\" content=\"summary_large_image\" \/>\n<meta name=\"twitter:label1\" content=\"Dur\u00e9e de lecture estim\u00e9e\" \/>\n\t<meta name=\"twitter:data1\" content=\"5 minutes\" \/>\n<!-- \/ Yoast SEO plugin. -->","yoast_head_json":{"title":"Combien de temps sans ant\u00e9c\u00e9dent d\u2019assurance pour perdre le malus","description":"Conducteurs maluss\u00e9s : vous avez \u00e9t\u00e9 radi\u00e9 par votre assurance \u00e0 cause de votre malus ? D\u00e9couvrez nos solutions pour trouver un nouvel assureur !","robots":{"index":"index","follow":"follow","max-snippet":"max-snippet:-1","max-image-preview":"max-image-preview:large","max-video-preview":"max-video-preview:-1"},"canonical":"https:\/\/leocare.eu\/fr\/assurance-auto-en-ligne\/couverture\/contrat\/releve-information\/malus\/perdre-malus\/","og_locale":"fr_FR","og_type":"article","og_title":"Combien de temps sans ant\u00e9c\u00e9dent d\u2019assurance pour perdre le malus","og_description":"Conducteurs maluss\u00e9s : vous avez \u00e9t\u00e9 radi\u00e9 par votre assurance \u00e0 cause de votre malus ? D\u00e9couvrez nos solutions pour trouver un nouvel assureur !","og_url":"https:\/\/leocare.eu\/fr\/assurance-auto-en-ligne\/couverture\/contrat\/releve-information\/malus\/perdre-malus\/","og_site_name":"Leocare, assurance en ligne automobile et habitation","article_modified_time":"2026-04-07T14:47:02+00:00","twitter_card":"summary_large_image","twitter_misc":{"Dur\u00e9e de lecture estim\u00e9e":"5 minutes"},"schema":{"@context":"https:\/\/schema.org","@graph":[{"@type":"WebPage","@id":"https:\/\/leocare.eu\/fr\/assurance-auto-en-ligne\/couverture\/contrat\/releve-information\/malus\/perdre-malus\/","url":"https:\/\/leocare.eu\/fr\/assurance-auto-en-ligne\/couverture\/contrat\/releve-information\/malus\/perdre-malus\/","name":"Combien de temps sans ant\u00e9c\u00e9dent d\u2019assurance pour perdre le malus","isPartOf":{"@id":"https:\/\/leocare.eu\/fr\/#website"},"datePublished":"2024-09-05T13:59:53+00:00","dateModified":"2026-04-07T14:47:02+00:00","description":"Conducteurs maluss\u00e9s : vous avez \u00e9t\u00e9 radi\u00e9 par votre assurance \u00e0 cause de votre malus ? D\u00e9couvrez nos solutions pour trouver un nouvel assureur !","breadcrumb":{"@id":"https:\/\/leocare.eu\/fr\/assurance-auto-en-ligne\/couverture\/contrat\/releve-information\/malus\/perdre-malus\/#breadcrumb"},"inLanguage":"fr-FR","potentialAction":[{"@type":"ReadAction","target":["https:\/\/leocare.eu\/fr\/assurance-auto-en-ligne\/couverture\/contrat\/releve-information\/malus\/perdre-malus\/"]}]},{"@type":"WebSite","@id":"https:\/\/leocare.eu\/fr\/#website","url":"https:\/\/leocare.eu\/fr\/","name":"Leocare, assurance en ligne automobile et habitation","description":"enfin (r)assur\u00e9.e","publisher":{"@id":"https:\/\/leocare.eu\/fr\/#organization"},"potentialAction":[{"@type":"SearchAction","target":{"@type":"EntryPoint","urlTemplate":"https:\/\/leocare.eu\/fr\/?s={search_term_string}"},"query-input":{"@type":"PropertyValueSpecification","valueRequired":true,"valueName":"search_term_string"}}],"inLanguage":"fr-FR"},{"@type":"Organization","@id":"https:\/\/leocare.eu\/fr\/#organization","name":"Leocare, assurance en ligne automobile et habitation","url":"https:\/\/leocare.eu\/fr\/","logo":{"@type":"ImageObject","inLanguage":"fr-FR","@id":"https:\/\/leocare.eu\/fr\/#\/schema\/logo\/image\/","url":"https:\/\/leocare.eu\/fr\/wp-content\/uploads\/2020\/03\/logo-leocare.svg","contentUrl":"https:\/\/leocare.eu\/fr\/wp-content\/uploads\/2020\/03\/logo-leocare.svg","caption":"Leocare, assurance en ligne automobile et habitation"},"image":{"@id":"https:\/\/leocare.eu\/fr\/#\/schema\/logo\/image\/"}}]}},"_links":{"self":[{"href":"https:\/\/leocare.eu\/fr\/wp-json\/wp\/v2\/pages\/22825","targetHints":{"allow":["GET"]}}],"collection":[{"href":"https:\/\/leocare.eu\/fr\/wp-json\/wp\/v2\/pages"}],"about":[{"href":"https:\/\/leocare.eu\/fr\/wp-json\/wp\/v2\/types\/page"}],"author":[{"embeddable":true,"href":"https:\/\/leocare.eu\/fr\/wp-json\/wp\/v2\/users\/34"}],"replies":[{"embeddable":true,"href":"https:\/\/leocare.eu\/fr\/wp-json\/wp\/v2\/comments?post=22825"}],"version-history":[{"count":13,"href":"https:\/\/leocare.eu\/fr\/wp-json\/wp\/v2\/pages\/22825\/revisions"}],"predecessor-version":[{"id":36831,"href":"https:\/\/leocare.eu\/fr\/wp-json\/wp\/v2\/pages\/22825\/revisions\/36831"}],"up":[{"embeddable":true,"href":"https:\/\/leocare.eu\/fr\/wp-json\/wp\/v2\/pages\/17928"}],"wp:attachment":[{"href":"https:\/\/leocare.eu\/fr\/wp-json\/wp\/v2\/media?parent=22825"}],"curies":[{"name":"wp","href":"https:\/\/api.w.org\/{rel}","templated":true}]}}