{"id":22811,"date":"2024-09-05T15:59:20","date_gmt":"2024-09-05T13:59:20","guid":{"rendered":"https:\/\/leocare.eu\/fr\/?page_id=22811"},"modified":"2026-04-07T16:47:00","modified_gmt":"2026-04-07T14:47:00","slug":"savoir","status":"publish","type":"page","link":"https:\/\/leocare.eu\/fr\/assurance-auto-en-ligne\/couverture\/contrat\/releve-information\/malus\/savoir\/","title":{"rendered":"Comment savoir si on a du bonus ou du malus ?"},"content":{"rendered":"\n<p>Vous avez d\u00e9j\u00e0 entendu parler du bonus-malus automobile mais vous ne savez pas si vous avez du bonus ou du malus ? Le principe du bonus-malus est r\u00e9gi par le Code des assurances. C\u2019est un syst\u00e8me de calcul qui para\u00eet complexe mais qui, en r\u00e9alit\u00e9, est tr\u00e8s facile \u00e0 comprendre. Nos Leoconseillers vous expliquent.<\/p>\n\n\n\n<h2 class=\"wp-block-heading\" id=\"section-1\">Qui est concern\u00e9 par un malus en assurance auto ?<\/h2>\n\n\n\n<p>Tous les automobilistes qui conduisent des v\u00e9hicules terrestres sont soumis au syst\u00e8me de bonus-malus, y compris les jeunes conducteurs et les seconds conducteurs.<\/p>\n\n\n\n<p>Le&nbsp;<a href=\"https:\/\/leocare.eu\/fr\/assurance-auto-en-ligne\/couverture\/contrat\/releve-information\/malus\/qui-est-concerne\/\">malus concerne les conducteurs<\/a>&nbsp;ayant eu un&nbsp;accident&nbsp;ou des&nbsp;accidents responsables&nbsp;plusieurs&nbsp;ann\u00e9es cons\u00e9cutives.<\/p>\n\n\n\n<p>Le bonus-malus est repr\u00e9sent\u00e9 par votre CRM (coefficient r\u00e9duction majoration). Tous les automobilistes commencent leur vie de conducteur avec un CRM de 1.&nbsp;<\/p>\n\n\n\n<p>Le CRM se calcule selon les r\u00e8gles suivantes :<\/p>\n\n\n\n<ul class=\"wp-block-list\">\n<li>Une<strong>&nbsp;majoration de 12,5 %<\/strong>&nbsp;du CRM est appliqu\u00e9e si vous avez eu un accident ou des&nbsp;<strong>accidents partiellement responsables<\/strong>&nbsp;pendant l\u2019ann\u00e9e.&nbsp;<\/li>\n\n\n\n<li>Une&nbsp;<strong>majoration de 25 %<\/strong>&nbsp;du CRM est appliqu\u00e9e si vous avez eu un accident ou des&nbsp;<strong>accidents responsables<\/strong>&nbsp;pendant l\u2019ann\u00e9e.<\/li>\n<\/ul>\n\n\n\n<p>En cas d\u2019accident, s\u2019il s\u2019agit d\u2019un&nbsp;<strong>sinistre responsable ou partiellement responsable<\/strong>, les&nbsp;assurances&nbsp;enregistrent le&nbsp;<a href=\"https:\/\/leocare.eu\/fr\/assurance-auto-en-ligne\/couverture\/contrat\/releve-information\/malus\/\">malus sur votre RI (relev\u00e9 d\u2019information)<\/a>&nbsp;et risquent d\u2019augmenter votre&nbsp;cotisation d\u2019assurance.<\/p>\n\n\n\n<div class=\"bon-a-savoir\">\n\n\n\n<h3 class=\"wp-block-heading\">Bon \u00e0 savoir<\/h3>\n\n\n\n<p>\ud83c\udf3f Lors du Grenelle de l\u2019environnement de 2007, un syst\u00e8me de&nbsp;<strong>bonus malus \u00e9cologique<\/strong>&nbsp;a \u00e9t\u00e9 mis en place par le gouvernement pour r\u00e9duire l\u2019\u00e9mission de CO2 automobile.&nbsp;<\/p>\n\n\n\n<p>En r\u00e9alit\u00e9, ce&nbsp;<strong>bonus-malus \u00e9cologique n\u2019est pas pris en compte par votre compagnie d\u2019assurances<\/strong>. Il s\u2019agit d\u2019un syst\u00e8me de taxe appliqu\u00e9e (ou non) lors de l\u2019achat de v\u00e9hicules plus ou moins polluants.&nbsp;<\/p>\n\n\n\n<p>Le&nbsp;<strong>bonus-malus des assurances<\/strong>&nbsp;vise \u00e0&nbsp;<strong>inciter les automobilistes \u00e0 conduire avec prudence<\/strong>&nbsp;alors que le&nbsp;<strong>bonus-malus \u00e9cologique<\/strong>&nbsp;vise \u00e0&nbsp;<strong>inciter les automobilistes \u00e0 acheter des v\u00e9hicules \u00e0 faible \u00e9mission carbone<\/strong>.<\/p>\n\n\n\n<\/div>\n\n\n\n<h2 class=\"wp-block-heading\" id=\"section-2\">Comment faire pour savoir si je suis un conducteur maluss\u00e9 ?<\/h2>\n\n\n\n<p>Votre indice de malus-bonus figure sur votre&nbsp;<strong>relev\u00e9 d\u2019information (RI)<\/strong>. Ce document administratif contient votre&nbsp;<strong>historique de conducteur<\/strong>&nbsp;et est inscrit sur votre contrat d\u2019assurance. Il permet de justifier des sinistres que vous avez subis ou que vous avez caus\u00e9s ainsi que le d\u00e9tail des circonstances :<\/p>\n\n\n\n<ul class=\"wp-block-list\">\n<li><strong>conducteurs d\u00e9clar\u00e9s<\/strong>&nbsp;sur le contrat (conducteur principal et conducteurs secondaires) ;<\/li>\n\n\n\n<li><strong>nature du sinistre :<\/strong>&nbsp;dommages corporels et\/ou mat\u00e9riels ;<\/li>\n\n\n\n<li><strong>responsabilit\u00e9 de l\u2019automobiliste :<\/strong>&nbsp;partielle ou totale ;<\/li>\n\n\n\n<li><strong>profil du conducteur responsable<\/strong>&nbsp;;<\/li>\n\n\n\n<li><strong>coefficient<\/strong>&nbsp;de r\u00e9duction majoration.<\/li>\n<\/ul>\n\n\n\n<p>Il permet de justifier aupr\u00e8s de votre&nbsp;<strong>nouvel assureur&nbsp;<\/strong>de votre profil complet d\u2019automobiliste assur\u00e9. En consultant votre&nbsp;<strong>profil complet<\/strong>&nbsp;et votre passif, votre assureur peut ainsi vous proposer le&nbsp;<strong>contrat d\u2019assurance le plus adapt\u00e9<\/strong>&nbsp;avec garanties et prime d\u2019assurance optimales.<\/p>\n\n\n\n<h3 class=\"wp-block-heading\">Comment gagne-t-on du malus ?<\/h3>\n\n\n\n<p>Le bonus-malus est calcul\u00e9 par rapport aux accidents que vous avez eus, ou non, pendant l\u2019ann\u00e9e. Ce fonctionnement permet de&nbsp;<strong>r\u00e9compenser les bons conducteurs&nbsp;<\/strong>et d\u2019encourager les conducteurs inattentifs \u00e0 faire plus attention sur la route.<\/p>\n\n\n\n<p>En cas d\u2019accident responsable\u00a0ou partiellement responsable, votre\u00a0CRM\u00a0sera augment\u00e9 et\u00a0<a href=\"https:\/\/leocare.eu\/fr\/assurance-auto-en-ligne\/couverture\/contrat\/releve-information\/malus\/obtenir-malus\/\">vous obtiendrez du malus<\/a>.\u00a0<strong>Votre contrat d\u2019assurance automobile\u00a0sera alors impact\u00e9<\/strong>\u00a0et votre prime annuelle sera revue \u00e0 la hausse. <a href=\"https:\/\/leocare.eu\/fr\/assurance-auto-en-ligne\/couverture\/contrat\/releve-information\/malus\/bonus-maximum\/\">Le bonus maximum<\/a> en assurance auto peut atteindre 3,5.<\/p>\n\n\n\n<p><strong>Il existe quelques cas pour lesquels vous pouvez \u00eatre l\u2019auteur de l\u2019accident<\/strong>&nbsp;sans que votre responsabilit\u00e9 soit engag\u00e9e (donc pas de malus !), dont :<\/p>\n\n\n\n<ul class=\"wp-block-list\">\n<li><strong>Les cas de force majeure<\/strong><\/li>\n<\/ul>\n\n\n\n<p>Dans un accident, votre responsabilit\u00e9 peut \u00eatre engag\u00e9e partiellement ou totalement.&nbsp;<strong>Dans les cas de force majeure, vous pouvez \u00eatre responsable de l\u2019accident,<\/strong>&nbsp;mais la cause du sinistre est due \u00e0 un \u00e9v\u00e9nement ou \u00e9l\u00e9ment ext\u00e9rieur que vous n\u2019auriez pas pu \u00e9viter.&nbsp;<\/p>\n\n\n\n<p>Par exemple : un sanglier traverse la route en campagne et vous faites une embard\u00e9e pour l\u2019\u00e9viter, ce qui vous conduit dans le foss\u00e9.&nbsp;<strong>Votre comportement est consid\u00e9r\u00e9 comme un cas de force majeure car vous n\u2019auriez pas pu r\u00e9agir diff\u00e9remment.<\/strong><\/p>\n\n\n\n<ul class=\"wp-block-list\">\n<li><strong>Le cas des travaux publics<\/strong><\/li>\n<\/ul>\n\n\n\n<p>Si vous causez un accident alors qu\u2019il y a des travaux publics sur la voirie : d\u00e9rapage sur des gravillons, panneau de signalisation de chantier mal positionn\u00e9, etc. Dans ce cas, votre responsabilit\u00e9 ne sera pas engag\u00e9e. Remplissez un constat amiable avec le plus d\u2019informations possible, y compris des photos.&nbsp;<strong>Contactez ensuite votre assurance et les donneurs d\u2019ordre du chantier : municipalit\u00e9s, direction interd\u00e9partementale des routes, ASF, etc.<\/strong><\/p>\n\n\n\n<h3 class=\"wp-block-heading\">Comment perd-on du malus ?<\/h3>\n\n\n\n<p>Un&nbsp;<strong>bon conducteur<\/strong>&nbsp;verra son&nbsp;<strong>CRM diminuer de 5 %<\/strong>&nbsp;apr\u00e8s une ann\u00e9e ou plusieurs ann\u00e9es sans accident responsable.&nbsp;<strong>Vous r\u00e9cup\u00e9rez donc du bonus<\/strong>.<\/p>\n\n\n\n<p>Les&nbsp;<strong>bons conducteurs<\/strong>&nbsp;b\u00e9n\u00e9ficient d\u2019un&nbsp;<strong>joker<\/strong>&nbsp;\ud83c\udf40! Si votre coefficient est \u00e0 0,50 depuis 3 ans, le 1\u1d49\u02b3 accident responsable que vous causez n\u2019engendre&nbsp;<strong>pas de majoration du CRM<\/strong>.<\/p>\n\n\n\n<div class=\"bon-a-savoir\">\n\n\n\n<h3 class=\"wp-block-heading\">Bon \u00e0 savoir<\/h3>\n\n\n\n<p>Attention : si vous pr\u00eatez votre auto \u00e0 un autre conducteur et qu\u2019il a un accident responsable ou partiellement responsable, c\u2019est vous qui prendrez du malus en tant que propri\u00e9taire assur\u00e9 du v\u00e9hicule.<\/p>\n\n\n\n<\/div>\n\n\n\n<p><strong>Bonne nouvelle !&nbsp;<\/strong>Si vous avez du malus mais que pendant 2 ans vous n\u2019avez pas d\u2019accident responsable, votre coefficient revient automatiquement \u00e0 1, \u00e0 condition que vous restiez assur\u00e9.&nbsp;<\/p>\n\n\n\n<p>Le fait de ne pas \u00eatre assur\u00e9 n\u2019efface pas votre ardoise aupr\u00e8s des assurances,&nbsp;<strong>d\u2019o\u00f9 l\u2019importance de conserver un contrat d\u2019assurance.<\/strong><\/p>\n\n\n\n<p>S\u2019ils causent des sinistres responsables ou partiellement responsables, les&nbsp;jeunes&nbsp;conducteurs&nbsp;sont soumis aux m\u00eames r\u00e8gles que tous les autres conducteurs.&nbsp;<strong>Suite \u00e0 une&nbsp;majoration CRM importante, ils peuvent&nbsp;<a href=\"https:\/\/leocare.eu\/fr\/assurance-auto-en-ligne\/couverture\/contrat\/releve-information\/malus\/tiers-non-identifie\/\">perdre leur malus<\/a>&nbsp;\u00e0 \u00e9ch\u00e9ance annuelle si leur coefficient repasse sous la barre du 1.<\/strong><\/p>\n\n\n\n<p>Chez&nbsp;<strong>Leocare<\/strong>, nous accueillons tous les conducteurs, m\u00eame les maluss\u00e9s ! Nous proposons une&nbsp;<strong>offre \u00e9volutive<\/strong>&nbsp;qui est r\u00e9vis\u00e9e chaque ann\u00e9e. Apr\u00e8s votre validation et d\u00e8s que vous avez \u00e0 nouveau du bonus, nous adaptons vos cotisations.<\/p>\n\n\n\n<p><\/p>\n","protected":false},"excerpt":{"rendered":"<p>Vous avez d\u00e9j\u00e0 entendu parler du bonus-malus automobile mais vous ne savez pas si vous avez du bonus ou du malus ? Le principe du bonus-malus est r\u00e9gi par le Code des assurances. C\u2019est un syst\u00e8me de calcul qui para\u00eet complexe mais qui, en r\u00e9alit\u00e9, est tr\u00e8s facile \u00e0 comprendre. Nos Leoconseillers vous expliquent. Qui [&hellip;]<\/p>\n","protected":false},"author":44,"featured_media":0,"parent":17928,"menu_order":0,"comment_status":"closed","ping_status":"closed","template":"template_seo.php","meta":{"_acf_changed":false,"footnotes":""},"class_list":["post-22811","page","type-page","status-publish","hentry"],"acf":[],"yoast_head":"<!-- This site is optimized with the Yoast SEO plugin v27.3 - https:\/\/yoast.com\/product\/yoast-seo-wordpress\/ -->\n<title>Comment savoir si l\u2019on est maluss\u00e9 ou pas ?<\/title>\n<meta name=\"description\" content=\"Avez-vous du malus sur votre contrat d\u2019assurance automobile ? Le calcul du bonus-malus se base \u00e0 \u00e9ch\u00e9ance annuelle sur les accidents responsables ou non.\" \/>\n<meta name=\"robots\" content=\"index, follow, max-snippet:-1, max-image-preview:large, max-video-preview:-1\" \/>\n<link rel=\"canonical\" href=\"https:\/\/leocare.eu\/fr\/assurance-auto-en-ligne\/couverture\/contrat\/releve-information\/malus\/savoir\/\" \/>\n<meta property=\"og:locale\" content=\"fr_FR\" \/>\n<meta property=\"og:type\" content=\"article\" \/>\n<meta property=\"og:title\" content=\"Comment savoir si l\u2019on est maluss\u00e9 ou pas ?\" \/>\n<meta property=\"og:description\" content=\"Avez-vous du malus sur votre contrat d\u2019assurance automobile ? Le calcul du bonus-malus se base \u00e0 \u00e9ch\u00e9ance annuelle sur les accidents responsables ou non.\" \/>\n<meta property=\"og:url\" content=\"https:\/\/leocare.eu\/fr\/assurance-auto-en-ligne\/couverture\/contrat\/releve-information\/malus\/savoir\/\" \/>\n<meta property=\"og:site_name\" content=\"Leocare, assurance en ligne automobile et habitation\" \/>\n<meta property=\"article:modified_time\" content=\"2026-04-07T14:47:00+00:00\" \/>\n<meta name=\"twitter:card\" content=\"summary_large_image\" \/>\n<meta name=\"twitter:label1\" content=\"Est. reading time\" \/>\n\t<meta name=\"twitter:data1\" content=\"5 minutes\" \/>\n<!-- \/ Yoast SEO plugin. -->","yoast_head_json":{"title":"Comment savoir si l\u2019on est maluss\u00e9 ou pas ?","description":"Avez-vous du malus sur votre contrat d\u2019assurance automobile ? Le calcul du bonus-malus se base \u00e0 \u00e9ch\u00e9ance annuelle sur les accidents responsables ou non.","robots":{"index":"index","follow":"follow","max-snippet":"max-snippet:-1","max-image-preview":"max-image-preview:large","max-video-preview":"max-video-preview:-1"},"canonical":"https:\/\/leocare.eu\/fr\/assurance-auto-en-ligne\/couverture\/contrat\/releve-information\/malus\/savoir\/","og_locale":"fr_FR","og_type":"article","og_title":"Comment savoir si l\u2019on est maluss\u00e9 ou pas ?","og_description":"Avez-vous du malus sur votre contrat d\u2019assurance automobile ? Le calcul du bonus-malus se base \u00e0 \u00e9ch\u00e9ance annuelle sur les accidents responsables ou non.","og_url":"https:\/\/leocare.eu\/fr\/assurance-auto-en-ligne\/couverture\/contrat\/releve-information\/malus\/savoir\/","og_site_name":"Leocare, assurance en ligne automobile et habitation","article_modified_time":"2026-04-07T14:47:00+00:00","twitter_card":"summary_large_image","twitter_misc":{"Est. reading time":"5 minutes"},"schema":{"@context":"https:\/\/schema.org","@graph":[{"@type":"WebPage","@id":"https:\/\/leocare.eu\/fr\/assurance-auto-en-ligne\/couverture\/contrat\/releve-information\/malus\/savoir\/","url":"https:\/\/leocare.eu\/fr\/assurance-auto-en-ligne\/couverture\/contrat\/releve-information\/malus\/savoir\/","name":"Comment savoir si l\u2019on est maluss\u00e9 ou pas ?","isPartOf":{"@id":"https:\/\/leocare.eu\/fr\/#website"},"datePublished":"2024-09-05T13:59:20+00:00","dateModified":"2026-04-07T14:47:00+00:00","description":"Avez-vous du malus sur votre contrat d\u2019assurance automobile ? Le calcul du bonus-malus se base \u00e0 \u00e9ch\u00e9ance annuelle sur les accidents responsables ou non.","breadcrumb":{"@id":"https:\/\/leocare.eu\/fr\/assurance-auto-en-ligne\/couverture\/contrat\/releve-information\/malus\/savoir\/#breadcrumb"},"inLanguage":"fr-FR","potentialAction":[{"@type":"ReadAction","target":["https:\/\/leocare.eu\/fr\/assurance-auto-en-ligne\/couverture\/contrat\/releve-information\/malus\/savoir\/"]}]},{"@type":"WebSite","@id":"https:\/\/leocare.eu\/fr\/#website","url":"https:\/\/leocare.eu\/fr\/","name":"Leocare, assurance en ligne automobile et habitation","description":"enfin (r)assur\u00e9.e","publisher":{"@id":"https:\/\/leocare.eu\/fr\/#organization"},"potentialAction":[{"@type":"SearchAction","target":{"@type":"EntryPoint","urlTemplate":"https:\/\/leocare.eu\/fr\/?s={search_term_string}"},"query-input":{"@type":"PropertyValueSpecification","valueRequired":true,"valueName":"search_term_string"}}],"inLanguage":"fr-FR"},{"@type":"Organization","@id":"https:\/\/leocare.eu\/fr\/#organization","name":"Leocare, assurance en ligne automobile et habitation","url":"https:\/\/leocare.eu\/fr\/","logo":{"@type":"ImageObject","inLanguage":"fr-FR","@id":"https:\/\/leocare.eu\/fr\/#\/schema\/logo\/image\/","url":"https:\/\/leocare.eu\/fr\/wp-content\/uploads\/2020\/03\/logo-leocare.svg","contentUrl":"https:\/\/leocare.eu\/fr\/wp-content\/uploads\/2020\/03\/logo-leocare.svg","caption":"Leocare, assurance en ligne automobile et habitation"},"image":{"@id":"https:\/\/leocare.eu\/fr\/#\/schema\/logo\/image\/"}}]}},"_links":{"self":[{"href":"https:\/\/leocare.eu\/fr\/wp-json\/wp\/v2\/pages\/22811","targetHints":{"allow":["GET"]}}],"collection":[{"href":"https:\/\/leocare.eu\/fr\/wp-json\/wp\/v2\/pages"}],"about":[{"href":"https:\/\/leocare.eu\/fr\/wp-json\/wp\/v2\/types\/page"}],"author":[{"embeddable":true,"href":"https:\/\/leocare.eu\/fr\/wp-json\/wp\/v2\/users\/44"}],"replies":[{"embeddable":true,"href":"https:\/\/leocare.eu\/fr\/wp-json\/wp\/v2\/comments?post=22811"}],"version-history":[{"count":12,"href":"https:\/\/leocare.eu\/fr\/wp-json\/wp\/v2\/pages\/22811\/revisions"}],"predecessor-version":[{"id":36470,"href":"https:\/\/leocare.eu\/fr\/wp-json\/wp\/v2\/pages\/22811\/revisions\/36470"}],"up":[{"embeddable":true,"href":"https:\/\/leocare.eu\/fr\/wp-json\/wp\/v2\/pages\/17928"}],"wp:attachment":[{"href":"https:\/\/leocare.eu\/fr\/wp-json\/wp\/v2\/media?parent=22811"}],"curies":[{"name":"wp","href":"https:\/\/api.w.org\/{rel}","templated":true}]}}