{"id":22805,"date":"2024-09-05T15:59:10","date_gmt":"2024-09-05T13:59:10","guid":{"rendered":"https:\/\/leocare.eu\/fr\/?page_id=22805"},"modified":"2026-04-07T16:46:59","modified_gmt":"2026-04-07T14:46:59","slug":"creation","status":"publish","type":"page","link":"https:\/\/leocare.eu\/fr\/assurance-auto-en-ligne\/couverture\/contrat\/releve-information\/malus\/creation\/","title":{"rendered":"Depuis quand existe le bonus-malus en assurance auto ?"},"content":{"rendered":"\n<p>Cr\u00e9\u00e9 en 1976, le bonus-malus en assurance automobile est r\u00e9gi par le Code des assurances. Ce syst\u00e8me d\u2019\u00e9valuation des conducteurs est utilis\u00e9 par tous les assureurs sur le march\u00e9 fran\u00e7ais. Les conducteurs qui n\u2019ont pas eu d&rsquo;accident responsable sur l&rsquo;ann\u00e9e sont r\u00e9compens\u00e9s et b\u00e9n\u00e9ficient d\u2019une r\u00e9duction de leur cotisation \u00e0 l\u2019\u00e9ch\u00e9ance suivante. \u00c0 l\u2019inverse, les conducteurs qui sont responsables de sinistres sont p\u00e9nalis\u00e9s. Les Leoconseillers vous expliquent.<\/p>\n\n\n\n<h2 class=\"wp-block-heading\" id=\"section-1\">Le contexte de la cr\u00e9ation du bonus-malus<\/h2>\n\n\n\n<p>Le trafic automobile s\u2019intensifie au sortir de la Seconde Guerre mondiale et le nombre d\u2019accidents de la route augmente en cons\u00e9quence. L\u2019association&nbsp;<strong>Pr\u00e9vention routi\u00e8re<\/strong>&nbsp;cr\u00e9\u00e9e en&nbsp;<strong>1949<\/strong>&nbsp;\u0153uvre pour limiter les accidents au volant en alertant les conducteurs sur les risques routiers et en \u00e9duquant pour modifier leurs comportements sur la route.<\/p>\n\n\n\n<p>Suivant les m\u00eames principes de pr\u00e9caution et d\u2019encadrement, l\u2019<strong>assurance automobile<\/strong>&nbsp;est rendue obligatoire en&nbsp;<strong>1958<\/strong>&nbsp;afin d\u2019assurer l\u2019indemnisation des dommages corporels et mat\u00e9riels des accident\u00e9s de la route.<\/p>\n\n\n\n<p>Un syst\u00e8me de r\u00e9compense est envisag\u00e9, visant \u00e0 donner un&nbsp;<a href=\"https:\/\/leocare.eu\/fr\/assurance-auto-en-ligne\/couverture\/contrat\/releve-information\/malus\/bonus-maximum\/\">bonus (maximum de 0,50)<\/a>&nbsp;aux conducteurs qui n\u2019ont pas d\u2019accidents responsables&nbsp;une ou plusieurs&nbsp;ann\u00e9es cons\u00e9cutives. \u00c0 l\u2019inverse, la&nbsp;compagnie&nbsp;d\u2019assurances&nbsp;<a href=\"https:\/\/leocare.eu\/fr\/assurance-auto-en-ligne\/couverture\/contrat\/releve-information\/malus\/\">applique un malus<\/a>&nbsp;au conducteur responsable d\u2019un&nbsp;accident. Les&nbsp;assurances&nbsp;se basent d\u00e8s lors sur ce calcul pour augmenter la prime annuelle ou radier un conducteur trop maluss\u00e9.<\/p>\n\n\n\n<h3 class=\"wp-block-heading\">1976 : cr\u00e9ation du bonus-malus<\/h3>\n\n\n\n<p>Le r\u00e9gime du&nbsp;<strong>bonus-malus<\/strong>&nbsp;est mis en place en&nbsp;<strong>1976<\/strong>&nbsp;afin de sensibiliser les conducteurs et les inciter \u00e0 \u00eatre plus prudents au volant. Le principe \u00e9tant de r\u00e9compenser les bons conducteurs et de p\u00e9naliser les mauvais. Les r\u00e8gles sont dict\u00e9es dans les articles A121-1 \u00e0 A121-2 du Code des assurances.<\/p>\n\n\n\n<p>Tous les conducteurs assur\u00e9s d\u00e9marrent leur vie d\u2019automobiliste avec un&nbsp;<strong>CRM (coefficient de r\u00e9duction-majoration) de 1<\/strong>. Les automobilistes qui ne sont pas responsables d\u2019accident voient leur CRM diminuer&nbsp;; ils prennent donc du bonus et leur cotisation d\u2019assurance est moins \u00e9lev\u00e9e. Les conducteurs responsables d\u2019accident prennent du malus et voient leur cotisation d\u2019assurance augmenter. Le&nbsp;<strong>calcul<\/strong>&nbsp;est&nbsp;<strong>revu chaque ann\u00e9e<\/strong>&nbsp;en fonction des&nbsp;<strong>sinistres responsables survenus<\/strong>.<\/p>\n\n\n\n<p>Le bonus-malus concerne tous les&nbsp;<strong>v\u00e9hicules terrestres \u00e0 moteu<\/strong>r :&nbsp;<\/p>\n\n\n\n<ul class=\"wp-block-list\">\n<li>v\u00e9hicules de 1re&nbsp;cat\u00e9gorie (voitures ou camionnettes)&nbsp;;<\/li>\n\n\n\n<li>v\u00e9hicules de 2e&nbsp;cat\u00e9gorie (camions poids lourds)&nbsp;;&nbsp;<\/li>\n\n\n\n<li>motos de plus de 125 cm\u00b3.<\/li>\n<\/ul>\n\n\n\n<p>Ne sont pas concern\u00e9s par le syst\u00e8me du bonus-malus :&nbsp;<\/p>\n\n\n\n<ul class=\"wp-block-list\">\n<li>les v\u00e9hicules de collection (plus de 30 ans)&nbsp;;<\/li>\n\n\n\n<li>les engins agricoles, forestiers ou de travaux publics (moissonneuses-batteuses ou dameuses\u2026)&nbsp;;<\/li>\n\n\n\n<li>les v\u00e9hicules de secours (SAMU, pompiers).<\/li>\n<\/ul>\n\n\n\n<h2 class=\"wp-block-heading\" id=\"section-2\">Comment fonctionne le bonus-malus ?<\/h2>\n\n\n\n<p>Tous les automobilistes assur\u00e9s (conducteur principal, conducteur secondaire, jeune conducteur) commencent \u00e0 conduire avec un coefficient de 1 : le bonus \u00e9tant inf\u00e9rieur \u00e0 1 et le malus sup\u00e9rieur \u00e0 1. Les assurances proc\u00e8dent au calcul \u00e0 l\u2019issue de chaque ann\u00e9e d\u2019assurance.<\/p>\n\n\n\n<h3 class=\"wp-block-heading\">Comment vous gagnez et gardez du bonus (CRM inf\u00e9rieur \u00e0 1)<\/h3>\n\n\n\n<ul class=\"wp-block-list\">\n<li>En l\u2019absence d\u2019accident responsable, votre coefficient&nbsp;<strong>diminue de 5&nbsp;%<\/strong>&nbsp;chaque ann\u00e9e \ud83d\ude0e.&nbsp;<\/li>\n\n\n\n<li>Si vous avez un coefficient de 0,50 depuis au moins 3 ans, vous avez droit \u00e0 un joker&nbsp;\ud83c\udf40 : le 1er&nbsp;accident responsable n\u2019entra\u00eene pas de malus.&nbsp;<\/li>\n\n\n\n<li><strong>Le bonus maximal est de 0,50.<\/strong><\/li>\n<\/ul>\n\n\n\n<p><em>Exemple : Vous partez avec votre CRM de 1. Vous n\u2019avez pas d\u2019accident pendant l\u2019ann\u00e9e, l\u2019ann\u00e9e d\u2019apr\u00e8s votre CRM sera de 0,95. M\u00eame situation l\u2019ann\u00e9e d\u2019apr\u00e8s, votre CRM passera \u00e0 0,90 et ainsi de suite.<\/em><\/p>\n\n\n\n<h3 class=\"wp-block-heading\"><strong>Comment vous gagnez du malus (CRM sup\u00e9rieur \u00e0 1)<\/strong><\/h3>\n\n\n\n<ul class=\"wp-block-list\">\n<li>Votre coefficient&nbsp;<strong>augmente de 12,5&nbsp;%<\/strong>&nbsp;si vous avez un accident&nbsp;<strong>partiellement responsable.<\/strong><\/li>\n\n\n\n<li>Votre coefficient&nbsp;<strong>augmente de 25&nbsp;%<\/strong>&nbsp;si vous avez un accident&nbsp;<strong>enti\u00e8rement responsable<\/strong>.<\/li>\n\n\n\n<li><strong>Le malus maximal est de 3,5.<\/strong><\/li>\n<\/ul>\n\n\n\n<p><em>Exemple :&nbsp;<\/em><\/p>\n\n\n\n<ul class=\"wp-block-list\">\n<li><em>Vous partez avec un CRM de 1. Vous avez un accident partiellement responsable pendant l\u2019ann\u00e9e, l\u2019ann\u00e9e d\u2019apr\u00e8s votre CRM sera de 1,125.<\/em><\/li>\n\n\n\n<li><em>Vous partez avec un CRM de 1. Vous avez un accident responsable pendant l\u2019ann\u00e9e, l\u2019ann\u00e9e d\u2019apr\u00e8s votre CRM sera de 1,25.<\/em><\/li>\n\n\n\n<li><em>Vous partez avec un CRM de 1. Vous avez un accident responsable et un accident partiellement responsable pendant l\u2019ann\u00e9e, l\u2019ann\u00e9e d\u2019apr\u00e8s votre CRM sera de 1,375.<\/em><\/li>\n<\/ul>\n\n\n\n<h3 class=\"wp-block-heading\"><strong>Comment vous perdez du malus<\/strong><\/h3>\n\n\n\n<p>Pour les&nbsp;conducteurs&nbsp;maluss\u00e9s : apr\u00e8s&nbsp;<strong>deux ann\u00e9es d\u2019assurance sans&nbsp;accident&nbsp;d\u00e9clar\u00e9 responsable<\/strong>, le&nbsp;<a href=\"https:\/\/leocare.eu\/fr\/assurance-auto-en-ligne\/couverture\/contrat\/releve-information\/malus\/diminution\/\">malus diminue<\/a>&nbsp;automatiquement et le&nbsp;<strong>CRM revient \u00e0 1<\/strong>.&nbsp;<\/p>\n\n\n\n<p>Si c\u2019est votre cas, vous pouvez alors ren\u00e9gocier votre contrat d\u2019assurance automobile&nbsp;ou trouver un nouvel assureur.<\/p>\n\n\n\n<p><em>Exemple : Vous partez avec un CRM de 2. Vous n\u2019avez pas d\u2019accident pendant deux ann\u00e9es cons\u00e9cutives, l\u2019ann\u00e9e d\u2019apr\u00e8s votre CRM sera de 1.&nbsp;<\/em><\/p>\n\n\n\n<p>Toutes les informations concernant votre historique d\u2019automobiliste sont consign\u00e9es dans votre&nbsp;<strong>relev\u00e9 d\u2019information<\/strong>. Ce document est disponible sur demande aupr\u00e8s de votre assurance. Il est \u00e9galement accessible \u00e0 toute compagnie d\u2019assurances souhaitant conna\u00eetre votre profil de conducteur (en cas de changement d\u2019assureur par exemple).<\/p>\n\n\n\n<p>Le\u00a0CRM\u00a0est r\u00e9\u00e9valu\u00e9 \u00e0\u00a0\u00e9ch\u00e9ance annuelle\u00a0en fonction de\u00a0votre <a href=\"https:\/\/leocare.eu\/fr\/assurance-auto-en-ligne\/couverture\/contrat\/releve-information\/malus\/fonctionnement\/\">niveau de bonus ou de malus<\/a>. Selon le niveau de votre coefficient, votre\u00a0cotisation d\u2019assurance\u00a0peut augmenter ou diminuer.<\/p>\n\n\n\n<p>Chez Leocare, quel que soit votre coefficient, nous avons la formule d\u2019assurance auto qui vous convient. Nous r\u00e9compensons les conducteurs bonuss\u00e9s et nous encourageons les conducteurs maluss\u00e9s \u00e0 ne plus l\u2019\u00eatre \ud83e\udd17.<\/p>\n","protected":false},"excerpt":{"rendered":"<p>Cr\u00e9\u00e9 en 1976, le bonus-malus en assurance automobile est r\u00e9gi par le Code des assurances. Ce syst\u00e8me d\u2019\u00e9valuation des conducteurs est utilis\u00e9 par tous les assureurs sur le march\u00e9 fran\u00e7ais. Les conducteurs qui n\u2019ont pas eu d&rsquo;accident responsable sur l&rsquo;ann\u00e9e sont r\u00e9compens\u00e9s et b\u00e9n\u00e9ficient d\u2019une r\u00e9duction de leur cotisation \u00e0 l\u2019\u00e9ch\u00e9ance suivante. \u00c0 l\u2019inverse, les [&hellip;]<\/p>\n","protected":false},"author":44,"featured_media":0,"parent":17928,"menu_order":0,"comment_status":"closed","ping_status":"closed","template":"template_seo.php","meta":{"_acf_changed":false,"footnotes":""},"class_list":["post-22805","page","type-page","status-publish","hentry"],"acf":[],"yoast_head":"<!-- This site is optimized with the Yoast SEO plugin v27.3 - https:\/\/yoast.com\/product\/yoast-seo-wordpress\/ -->\n<title>Malus auto : depuis quand existe-t-il ?<\/title>\n<meta name=\"description\" content=\"Le calcul du bonus-malus automobile existe depuis 1976. Il r\u00e9compense les bons conducteurs. V\u00e9rifiez si vous \u00eates un conducteur maluss\u00e9 ou bonuss\u00e9.\" \/>\n<meta name=\"robots\" content=\"index, follow, max-snippet:-1, max-image-preview:large, max-video-preview:-1\" \/>\n<link rel=\"canonical\" href=\"https:\/\/leocare.eu\/fr\/assurance-auto-en-ligne\/couverture\/contrat\/releve-information\/malus\/creation\/\" \/>\n<meta property=\"og:locale\" content=\"fr_FR\" \/>\n<meta property=\"og:type\" content=\"article\" \/>\n<meta property=\"og:title\" content=\"Malus auto : depuis quand existe-t-il ?\" \/>\n<meta property=\"og:description\" content=\"Le calcul du bonus-malus automobile existe depuis 1976. Il r\u00e9compense les bons conducteurs. V\u00e9rifiez si vous \u00eates un conducteur maluss\u00e9 ou bonuss\u00e9.\" \/>\n<meta property=\"og:url\" content=\"https:\/\/leocare.eu\/fr\/assurance-auto-en-ligne\/couverture\/contrat\/releve-information\/malus\/creation\/\" \/>\n<meta property=\"og:site_name\" content=\"Leocare, assurance en ligne automobile et habitation\" \/>\n<meta property=\"article:modified_time\" content=\"2026-04-07T14:46:59+00:00\" \/>\n<meta name=\"twitter:card\" content=\"summary_large_image\" \/>\n<meta name=\"twitter:label1\" content=\"Dur\u00e9e de lecture estim\u00e9e\" \/>\n\t<meta name=\"twitter:data1\" content=\"5 minutes\" \/>\n<!-- \/ Yoast SEO plugin. -->","yoast_head_json":{"title":"Malus auto : depuis quand existe-t-il ?","description":"Le calcul du bonus-malus automobile existe depuis 1976. Il r\u00e9compense les bons conducteurs. V\u00e9rifiez si vous \u00eates un conducteur maluss\u00e9 ou bonuss\u00e9.","robots":{"index":"index","follow":"follow","max-snippet":"max-snippet:-1","max-image-preview":"max-image-preview:large","max-video-preview":"max-video-preview:-1"},"canonical":"https:\/\/leocare.eu\/fr\/assurance-auto-en-ligne\/couverture\/contrat\/releve-information\/malus\/creation\/","og_locale":"fr_FR","og_type":"article","og_title":"Malus auto : depuis quand existe-t-il ?","og_description":"Le calcul du bonus-malus automobile existe depuis 1976. Il r\u00e9compense les bons conducteurs. V\u00e9rifiez si vous \u00eates un conducteur maluss\u00e9 ou bonuss\u00e9.","og_url":"https:\/\/leocare.eu\/fr\/assurance-auto-en-ligne\/couverture\/contrat\/releve-information\/malus\/creation\/","og_site_name":"Leocare, assurance en ligne automobile et habitation","article_modified_time":"2026-04-07T14:46:59+00:00","twitter_card":"summary_large_image","twitter_misc":{"Dur\u00e9e de lecture estim\u00e9e":"5 minutes"},"schema":{"@context":"https:\/\/schema.org","@graph":[{"@type":"WebPage","@id":"https:\/\/leocare.eu\/fr\/assurance-auto-en-ligne\/couverture\/contrat\/releve-information\/malus\/creation\/","url":"https:\/\/leocare.eu\/fr\/assurance-auto-en-ligne\/couverture\/contrat\/releve-information\/malus\/creation\/","name":"Malus auto : depuis quand existe-t-il ?","isPartOf":{"@id":"https:\/\/leocare.eu\/fr\/#website"},"datePublished":"2024-09-05T13:59:10+00:00","dateModified":"2026-04-07T14:46:59+00:00","description":"Le calcul du bonus-malus automobile existe depuis 1976. Il r\u00e9compense les bons conducteurs. V\u00e9rifiez si vous \u00eates un conducteur maluss\u00e9 ou bonuss\u00e9.","breadcrumb":{"@id":"https:\/\/leocare.eu\/fr\/assurance-auto-en-ligne\/couverture\/contrat\/releve-information\/malus\/creation\/#breadcrumb"},"inLanguage":"fr-FR","potentialAction":[{"@type":"ReadAction","target":["https:\/\/leocare.eu\/fr\/assurance-auto-en-ligne\/couverture\/contrat\/releve-information\/malus\/creation\/"]}]},{"@type":"WebSite","@id":"https:\/\/leocare.eu\/fr\/#website","url":"https:\/\/leocare.eu\/fr\/","name":"Leocare, assurance en ligne automobile et habitation","description":"enfin (r)assur\u00e9.e","publisher":{"@id":"https:\/\/leocare.eu\/fr\/#organization"},"potentialAction":[{"@type":"SearchAction","target":{"@type":"EntryPoint","urlTemplate":"https:\/\/leocare.eu\/fr\/?s={search_term_string}"},"query-input":{"@type":"PropertyValueSpecification","valueRequired":true,"valueName":"search_term_string"}}],"inLanguage":"fr-FR"},{"@type":"Organization","@id":"https:\/\/leocare.eu\/fr\/#organization","name":"Leocare, assurance en ligne automobile et habitation","url":"https:\/\/leocare.eu\/fr\/","logo":{"@type":"ImageObject","inLanguage":"fr-FR","@id":"https:\/\/leocare.eu\/fr\/#\/schema\/logo\/image\/","url":"https:\/\/leocare.eu\/fr\/wp-content\/uploads\/2020\/03\/logo-leocare.svg","contentUrl":"https:\/\/leocare.eu\/fr\/wp-content\/uploads\/2020\/03\/logo-leocare.svg","caption":"Leocare, assurance en ligne automobile et habitation"},"image":{"@id":"https:\/\/leocare.eu\/fr\/#\/schema\/logo\/image\/"}}]}},"_links":{"self":[{"href":"https:\/\/leocare.eu\/fr\/wp-json\/wp\/v2\/pages\/22805","targetHints":{"allow":["GET"]}}],"collection":[{"href":"https:\/\/leocare.eu\/fr\/wp-json\/wp\/v2\/pages"}],"about":[{"href":"https:\/\/leocare.eu\/fr\/wp-json\/wp\/v2\/types\/page"}],"author":[{"embeddable":true,"href":"https:\/\/leocare.eu\/fr\/wp-json\/wp\/v2\/users\/44"}],"replies":[{"embeddable":true,"href":"https:\/\/leocare.eu\/fr\/wp-json\/wp\/v2\/comments?post=22805"}],"version-history":[{"count":10,"href":"https:\/\/leocare.eu\/fr\/wp-json\/wp\/v2\/pages\/22805\/revisions"}],"predecessor-version":[{"id":31079,"href":"https:\/\/leocare.eu\/fr\/wp-json\/wp\/v2\/pages\/22805\/revisions\/31079"}],"up":[{"embeddable":true,"href":"https:\/\/leocare.eu\/fr\/wp-json\/wp\/v2\/pages\/17928"}],"wp:attachment":[{"href":"https:\/\/leocare.eu\/fr\/wp-json\/wp\/v2\/media?parent=22805"}],"curies":[{"name":"wp","href":"https:\/\/api.w.org\/{rel}","templated":true}]}}