{"id":22800,"date":"2024-09-05T15:55:15","date_gmt":"2024-09-05T13:55:15","guid":{"rendered":"https:\/\/leocare.eu\/fr\/?page_id=22800"},"modified":"2026-04-07T16:37:36","modified_gmt":"2026-04-07T14:37:36","slug":"contrats","status":"publish","type":"page","link":"https:\/\/leocare.eu\/fr\/assurance-auto-en-ligne\/couverture\/contrat\/releve-information\/malus\/contrats\/","title":{"rendered":"Le malus s\u2019applique-t-il \u00e0 tous les contrats\u00a0?"},"content":{"rendered":"\n<p>Vous connaissez le syst\u00e8me du bonus-malus automobile. Savez-vous que le malus ne s\u2019applique pas \u00e0 tous les v\u00e9hicules ? Le calcul se fait \u00e0 partir du CRM (coefficient de r\u00e9duction-majoration). Nos Leoconseillers vous expliquent le fonctionnement du malus.<\/p>\n\n\n\n<h2 class=\"wp-block-heading\" id=\"section-1\">Rappel : comment se calcule le malus ?<\/h2>\n\n\n\n<p>Le syst\u00e8me du bonus-malus a pour but de r\u00e9compenser les bons conducteurs et d\u2019encourager les moins attentifs \u00e0 le devenir. Le&nbsp;<strong>bonus-malus<\/strong>&nbsp;est calcul\u00e9 \u00e0 partir du&nbsp;<strong>CRM<\/strong>&nbsp;(coefficient de r\u00e9duction-majoration), qui est de&nbsp;<strong>1<\/strong>&nbsp;pour tous les conducteurs lors de leur premi\u00e8re ann\u00e9e d\u2019assurance et qui fluctue en cas d\u2019accident.<\/p>\n\n\n\n<div class=\"bon-a-savoir\">\n\n\n\n<h3 class=\"wp-block-heading\">Bon \u00e0 savoir<\/h3>\n\n\n\n<p>Si vous \u00eates maluss\u00e9 mais que vous n\u2019avez pas d\u2019accidents responsables&nbsp;pendant deux&nbsp;ann\u00e9es cons\u00e9cutives,&nbsp;vous&nbsp;<a href=\"https:\/\/leocare.eu\/fr\/assurance-auto-en-ligne\/couverture\/contrat\/releve-information\/malus\/\">perdez votre malus<\/a>&nbsp;\ud83d\ude42.<\/p>\n\n\n\n<\/div>\n\n\n\n<p>Le malus se calcule en fonction des sinistres responsables dont vous \u00eates \u00e0 l\u2019origine. Si votre&nbsp;<strong>CRM est sup\u00e9rieur \u00e0 1<\/strong>, vous \u00eates un&nbsp;<strong>conducteur avec du malus<\/strong>. Le coefficient est arrondi \u00e0 la deuxi\u00e8me d\u00e9cimale.&nbsp;<\/p>\n\n\n\n<p>Votre CRM sera&nbsp;<strong>major\u00e9 de 25&nbsp;%<\/strong>&nbsp;si vous causez un&nbsp;<strong>accident enti\u00e8rement responsable<\/strong>. Si vous partez avec un CRM de 1, votre coefficient sera de 1,25.<\/p>\n\n\n\n<p>Votre CRM sera\u00a0<strong>major\u00e9 de 12,5\u00a0%<\/strong>\u00a0si vous n\u2019\u00eates que\u00a0<strong>partiellement responsable<\/strong>\u00a0de l\u2019accident. Si vous partez avec un CRM de 1, votre coefficient sera de 1,125.\u00a0<strong>Le <a href=\"https:\/\/leocare.eu\/fr\/assurance-auto-en-ligne\/couverture\/contrat\/releve-information\/malus\/bonus-maximum\/\">bonus maximum de l&rsquo;assurance auto<\/a> \u00e9tant de 3,5.<\/strong><\/p>\n\n\n\n<p>L\u2019application du malus concerne&nbsp;<strong>tous les conducteurs<\/strong>&nbsp;(y compris les jeunes conducteurs) de v\u00e9hicules terrestres \u00e0 moteur de plus de 125 cm3.<\/p>\n\n\n\n<p><strong>Certains engins en sont exclus :&nbsp;<\/strong><\/p>\n\n\n\n<ul class=\"wp-block-list\">\n<li>les scooters et autres 2 roues de 50 cm3&nbsp;;<\/li>\n\n\n\n<li>les voitures de collection de plus de 30 ans ;<\/li>\n\n\n\n<li>les v\u00e9hicules prioritaires : pompiers, bus, ambulance ;<\/li>\n\n\n\n<li>les engins de travaux publics et de voirie (nacelle, tractopelle, dameuse\u2026) ;<\/li>\n\n\n\n<li>les engins agricoles et forestiers.<\/li>\n<\/ul>\n\n\n\n<p>Le fonctionnement du bonus-malus p\u00e9nalise les mauvais conducteurs mais r\u00e9compense aussi les bons. Vous pouvez donc perdre votre malus et gagner du bonus ! Chaque ann\u00e9e sans accident verra votre CRM diminuer de 5&nbsp;% l\u2019ann\u00e9e suivante.&nbsp;<strong>Le bonus maximum \u00e9tant de 0,50.<\/strong><\/p>\n\n\n\n<h2 class=\"wp-block-heading\" id=\"section-2\">Est-il possible d\u2019\u00e9viter le malus sur son contrat ?<\/h2>\n\n\n\n<p>Cela para\u00eet \u00e9vident mais&nbsp;<strong>votre CRM ne d\u00e9pend que de votre conduite,&nbsp;<\/strong>puisque vous n\u2019avez du malus qu\u2019en cas d\u2019accident responsable. Pour \u00e9viter les sinistres et rouler en toute s\u00e9curit\u00e9, conduisez donc un v\u00e9hicule correspondant \u00e0 vos besoins, respectez le Code de la route et ne prenez le volant qu\u2019en pleine possession de vos moyens.<\/p>\n\n\n\n<div class=\"bon-a-savoir\">\n\n\n\n<h3 class=\"wp-block-heading\">Bon \u00e0 savoir<\/h3>\n\n\n\n<p>Si le&nbsp;conducteur secondaire&nbsp;a un&nbsp;accident&nbsp;d\u00e9clar\u00e9 totalement responsable avec votre v\u00e9hicule, les&nbsp;assurances&nbsp;appliquent le malus au contrat. Vous serez donc aussi p\u00e9nalis\u00e9 en tant que conducteur principal. Pour un accident responsable, votre&nbsp;<a href=\"https:\/\/leocare.eu\/fr\/assurance-auto-en-ligne\/couverture\/contrat\/releve-information\/malus\/calcul-malus-25\/\">malus sera major\u00e9 de 25&nbsp;%<\/a>&nbsp;et votre prime annuelle augmentera en cons\u00e9quence.<\/p>\n\n\n\n<\/div>\n\n\n\n<p>Le&nbsp;<a href=\"https:\/\/leocare.eu\/fr\/assurance-auto-en-ligne\/couverture\/contrat\/releve-information\/malus\/augmente\/\">malus augmente<\/a>&nbsp;uniquement si vous \u00eates responsable ou partiellement responsable d\u2019un&nbsp;accident.&nbsp;<\/p>\n\n\n\n<p>Les&nbsp;<strong>cas de force majeure<\/strong>, o\u00f9 l\u2019accident est impossible \u00e0 \u00e9viter, n\u2019entra\u00eenent pas de&nbsp;malus. Par exemple, si vous \u00eates au volant et que vous faites un \u00e9cart pour \u00e9viter une b\u00eate sauvage qui traverse la chauss\u00e9e, vous ne serez pas maluss\u00e9. La situation est consid\u00e9r\u00e9e comme un cas de force majeure : m\u00eame avec la meilleure volont\u00e9 du monde, vous n\u2019auriez pas pu faire autrement \u00e9tant donn\u00e9 que l\u2019animal a surgi inopin\u00e9ment. Le sinistre est donc consid\u00e9r\u00e9 comme non responsable et le malus n\u2019est pas appliqu\u00e9.<\/p>\n\n\n\n<p>Les&nbsp;conducteurs&nbsp;peuvent&nbsp;<strong>\u00e9viter le malus gr\u00e2ce au bonus maximum&nbsp;<\/strong>! Apr\u00e8s trois ann\u00e9es de CRM \u00e0 0,50, le premier sinistre responsable qui survient n\u2019entra\u00eene pas de malus \ud83d\ude42.<\/p>\n\n\n\n<p>Consid\u00e9r\u00e9s comme des profils \u00e0 risque, les&nbsp;jeunes conducteurs&nbsp;paient souvent une&nbsp;prime d\u2019assurance&nbsp;plus \u00e9lev\u00e9e que les automobilistes plus exp\u00e9riment\u00e9s. En cas de&nbsp;malus, l\u2019augmentation de leurs cotisations peut aller jusqu\u2019\u00e0 200&nbsp;% ou l\u2019assurance peut r\u00e9silier leur contrat. Dans ces conditions, trouver un nouvel assureur n\u2019est pas toujours facile. Heureusement, il existe des&nbsp;<strong>assurances auto malus<\/strong>&nbsp;qui proposent des&nbsp;<a href=\"https:\/\/leocare.eu\/fr\/assurance-auto-en-ligne\/couverture\/contrat\/releve-information\/malus\/moins-cher\/\">formules moins ch\u00e8res<\/a>,&nbsp;\u00e0 des prix accessibles. Comme Leocare, qui accueille aussi les maluss\u00e9s ayant un CRM de 2 ou m\u00eame de 3 \ud83e\udd17.&nbsp;<\/p>\n\n\n\n<h2 class=\"wp-block-heading\" id=\"section-3\">Quelles sont les diff\u00e9rentes offres d\u2019assurance auto en malus ?<\/h2>\n\n\n\n<p>Si vous avez un malus \u00e9lev\u00e9 pendant plusieurs ann\u00e9es cons\u00e9cutives, votre assureur va augmenter consid\u00e9rablement vos cotisations, voire vous radier. Vous deviendrez alors un conducteur maluss\u00e9 sans assurance. Or, l\u2019assurance est obligatoire pour continuer \u00e0 prendre le volant.<\/p>\n\n\n\n<p>En cas de&nbsp;majoration CRM, vous pourrez vous tourner vers des&nbsp;<a href=\"https:\/\/leocare.eu\/fr\/assurance-auto-en-ligne\/couverture\/contrat\/releve-information\/malus\/qui-est-concerne\/\">assurances sp\u00e9cialis\u00e9es pour les maluss\u00e9s<\/a>. Ces compagnies proposent souvent des&nbsp;cotisations d\u2019assurance&nbsp;\u00e9lev\u00e9es avec peu de garanties, jusqu\u2019\u00e0 un retour du&nbsp;CRM&nbsp;\u00e0 1.<\/p>\n\n\n\n<p>Cependant, toutes les assurances&nbsp;malus&nbsp;ne sont pas hors de prix ! Il existe sur le march\u00e9 des&nbsp;<a href=\"https:\/\/leocare.eu\/fr\/assurance-auto-en-ligne\/couverture\/contrat\/releve-information\/malus\/pas-chere\/\">assurances auto malus pas ch\u00e8res<\/a>&nbsp;qui proposent des<strong>&nbsp;formules adapt\u00e9es<\/strong>&nbsp;\u00e0 tous les conducteurs, au tiers ou tous risques.<\/p>\n\n\n\n<p>Chez Leocare, nous aidons les automobilistes inattentifs \u00e0 devenir de bons conducteurs. Apr\u00e8s une ou plusieurs ann\u00e9es d\u2019assurance, nous vous proposons automatiquement une prime annuelle moins \u00e9lev\u00e9e d\u00e8s lors que votre malus commence \u00e0 diminuer \ud83d\ude0e.<\/p>\n","protected":false},"excerpt":{"rendered":"<p>Vous connaissez le syst\u00e8me du bonus-malus automobile. Savez-vous que le malus ne s\u2019applique pas \u00e0 tous les v\u00e9hicules ? Le calcul se fait \u00e0 partir du CRM (coefficient de r\u00e9duction-majoration). Nos Leoconseillers vous expliquent le fonctionnement du malus. Rappel : comment se calcule le malus ? Le syst\u00e8me du bonus-malus a pour but de r\u00e9compenser [&hellip;]<\/p>\n","protected":false},"author":44,"featured_media":0,"parent":17928,"menu_order":0,"comment_status":"closed","ping_status":"closed","template":"template_seo.php","meta":{"_acf_changed":false,"footnotes":""},"class_list":["post-22800","page","type-page","status-publish","hentry"],"acf":[],"yoast_head":"<!-- This site is optimized with the Yoast SEO plugin v27.3 - https:\/\/yoast.com\/product\/yoast-seo-wordpress\/ -->\n<title>Malus auto : s\u2019applique-t-il \u00e0 tous les contrats ?<\/title>\n<meta name=\"description\" content=\"Tous les v\u00e9hicules ne sont pas concern\u00e9s par le bonus-malus, comme les voitures de collection ou les motos de moins de 50 cm3.\" \/>\n<meta name=\"robots\" content=\"index, follow, max-snippet:-1, max-image-preview:large, max-video-preview:-1\" \/>\n<link rel=\"canonical\" href=\"https:\/\/leocare.eu\/fr\/assurance-auto-en-ligne\/couverture\/contrat\/releve-information\/malus\/contrats\/\" \/>\n<meta property=\"og:locale\" content=\"fr_FR\" \/>\n<meta property=\"og:type\" content=\"article\" \/>\n<meta property=\"og:title\" content=\"Malus auto : s\u2019applique-t-il \u00e0 tous les contrats ?\" \/>\n<meta property=\"og:description\" content=\"Tous les v\u00e9hicules ne sont pas concern\u00e9s par le bonus-malus, comme les voitures de collection ou les motos de moins de 50 cm3.\" \/>\n<meta property=\"og:url\" content=\"https:\/\/leocare.eu\/fr\/assurance-auto-en-ligne\/couverture\/contrat\/releve-information\/malus\/contrats\/\" \/>\n<meta property=\"og:site_name\" content=\"Leocare, assurance en ligne automobile et habitation\" \/>\n<meta property=\"article:modified_time\" content=\"2026-04-07T14:37:36+00:00\" \/>\n<meta name=\"twitter:card\" content=\"summary_large_image\" \/>\n<meta name=\"twitter:label1\" content=\"Dur\u00e9e de lecture estim\u00e9e\" \/>\n\t<meta name=\"twitter:data1\" content=\"5 minutes\" \/>\n<!-- \/ Yoast SEO plugin. -->","yoast_head_json":{"title":"Malus auto : s\u2019applique-t-il \u00e0 tous les contrats ?","description":"Tous les v\u00e9hicules ne sont pas concern\u00e9s par le bonus-malus, comme les voitures de collection ou les motos de moins de 50 cm3.","robots":{"index":"index","follow":"follow","max-snippet":"max-snippet:-1","max-image-preview":"max-image-preview:large","max-video-preview":"max-video-preview:-1"},"canonical":"https:\/\/leocare.eu\/fr\/assurance-auto-en-ligne\/couverture\/contrat\/releve-information\/malus\/contrats\/","og_locale":"fr_FR","og_type":"article","og_title":"Malus auto : s\u2019applique-t-il \u00e0 tous les contrats ?","og_description":"Tous les v\u00e9hicules ne sont pas concern\u00e9s par le bonus-malus, comme les voitures de collection ou les motos de moins de 50 cm3.","og_url":"https:\/\/leocare.eu\/fr\/assurance-auto-en-ligne\/couverture\/contrat\/releve-information\/malus\/contrats\/","og_site_name":"Leocare, assurance en ligne automobile et habitation","article_modified_time":"2026-04-07T14:37:36+00:00","twitter_card":"summary_large_image","twitter_misc":{"Dur\u00e9e de lecture estim\u00e9e":"5 minutes"},"schema":{"@context":"https:\/\/schema.org","@graph":[{"@type":"WebPage","@id":"https:\/\/leocare.eu\/fr\/assurance-auto-en-ligne\/couverture\/contrat\/releve-information\/malus\/contrats\/","url":"https:\/\/leocare.eu\/fr\/assurance-auto-en-ligne\/couverture\/contrat\/releve-information\/malus\/contrats\/","name":"Malus auto : s\u2019applique-t-il \u00e0 tous les contrats ?","isPartOf":{"@id":"https:\/\/leocare.eu\/fr\/#website"},"datePublished":"2024-09-05T13:55:15+00:00","dateModified":"2026-04-07T14:37:36+00:00","description":"Tous les v\u00e9hicules ne sont pas concern\u00e9s par le bonus-malus, comme les voitures de collection ou les motos de moins de 50 cm3.","breadcrumb":{"@id":"https:\/\/leocare.eu\/fr\/assurance-auto-en-ligne\/couverture\/contrat\/releve-information\/malus\/contrats\/#breadcrumb"},"inLanguage":"fr-FR","potentialAction":[{"@type":"ReadAction","target":["https:\/\/leocare.eu\/fr\/assurance-auto-en-ligne\/couverture\/contrat\/releve-information\/malus\/contrats\/"]}]},{"@type":"WebSite","@id":"https:\/\/leocare.eu\/fr\/#website","url":"https:\/\/leocare.eu\/fr\/","name":"Leocare, assurance en ligne automobile et habitation","description":"enfin (r)assur\u00e9.e","publisher":{"@id":"https:\/\/leocare.eu\/fr\/#organization"},"potentialAction":[{"@type":"SearchAction","target":{"@type":"EntryPoint","urlTemplate":"https:\/\/leocare.eu\/fr\/?s={search_term_string}"},"query-input":{"@type":"PropertyValueSpecification","valueRequired":true,"valueName":"search_term_string"}}],"inLanguage":"fr-FR"},{"@type":"Organization","@id":"https:\/\/leocare.eu\/fr\/#organization","name":"Leocare, assurance en ligne automobile et habitation","url":"https:\/\/leocare.eu\/fr\/","logo":{"@type":"ImageObject","inLanguage":"fr-FR","@id":"https:\/\/leocare.eu\/fr\/#\/schema\/logo\/image\/","url":"https:\/\/leocare.eu\/fr\/wp-content\/uploads\/2020\/03\/logo-leocare.svg","contentUrl":"https:\/\/leocare.eu\/fr\/wp-content\/uploads\/2020\/03\/logo-leocare.svg","caption":"Leocare, assurance en ligne automobile et habitation"},"image":{"@id":"https:\/\/leocare.eu\/fr\/#\/schema\/logo\/image\/"}}]}},"_links":{"self":[{"href":"https:\/\/leocare.eu\/fr\/wp-json\/wp\/v2\/pages\/22800","targetHints":{"allow":["GET"]}}],"collection":[{"href":"https:\/\/leocare.eu\/fr\/wp-json\/wp\/v2\/pages"}],"about":[{"href":"https:\/\/leocare.eu\/fr\/wp-json\/wp\/v2\/types\/page"}],"author":[{"embeddable":true,"href":"https:\/\/leocare.eu\/fr\/wp-json\/wp\/v2\/users\/44"}],"replies":[{"embeddable":true,"href":"https:\/\/leocare.eu\/fr\/wp-json\/wp\/v2\/comments?post=22800"}],"version-history":[{"count":7,"href":"https:\/\/leocare.eu\/fr\/wp-json\/wp\/v2\/pages\/22800\/revisions"}],"predecessor-version":[{"id":36454,"href":"https:\/\/leocare.eu\/fr\/wp-json\/wp\/v2\/pages\/22800\/revisions\/36454"}],"up":[{"embeddable":true,"href":"https:\/\/leocare.eu\/fr\/wp-json\/wp\/v2\/pages\/17928"}],"wp:attachment":[{"href":"https:\/\/leocare.eu\/fr\/wp-json\/wp\/v2\/media?parent=22800"}],"curies":[{"name":"wp","href":"https:\/\/api.w.org\/{rel}","templated":true}]}}