{"id":22797,"date":"2024-09-05T15:55:08","date_gmt":"2024-09-05T13:55:08","guid":{"rendered":"https:\/\/leocare.eu\/fr\/?page_id=22797"},"modified":"2026-04-07T16:37:35","modified_gmt":"2026-04-07T14:37:35","slug":"pret-de-volant","status":"publish","type":"page","link":"https:\/\/leocare.eu\/fr\/assurance-auto-en-ligne\/couverture\/contrat\/releve-information\/malus\/pret-de-volant\/","title":{"rendered":"Pr\u00eater le volant peut-il \u00eatre sanctionn\u00e9 d\u2019un malus ?"},"content":{"rendered":"\n<p>Vous pr\u00eatez votre voiture \u00e0 votre enfant pour le week-end. Est-il assur\u00e9 s&rsquo;il prend le volant et quelles sont les r\u00e8gles d\u2019application du malus pour le second conducteur en cas d\u2019accident ? Nos Leoconseillers vous expliquent.<\/p>\n\n\n\n<h2 class=\"wp-block-heading\" id=\"section-1\">Quelle responsabilit\u00e9 en cas de pr\u00eat de volant ?<\/h2>\n\n\n\n<p>Dans un contrat d\u2019assurance, le CRM (coefficient de r\u00e9duction-majoration) est non individualisable, c\u2019est-\u00e0-dire qu\u2019il concerne tous les conducteurs d\u00e9clar\u00e9s sur le contrat du v\u00e9hicule assur\u00e9. En cas d\u2019accident&nbsp;responsable, tous les&nbsp;conducteurs&nbsp;(conducteur principal et conducteur secondaire d\u00e9sign\u00e9 au contrat) subissent le malus appliqu\u00e9 par l\u2019assurance automobile. Si vous \u00eates p\u00e9nalis\u00e9, vous pourrez&nbsp;<a href=\"https:\/\/leocare.eu\/fr\/assurance-auto-en-ligne\/couverture\/contrat\/releve-information\/malus\/perdre-malus\/\">perdre votre malus<\/a>&nbsp;selon les r\u00e8gles de calcul du CRM.<\/p>\n\n\n\n<p>Par exemple, si vous pr\u00eatez votre voiture \u00e0 votre fils et qu\u2019il a un accident responsable, cela aura des r\u00e9percussions sur votre propre bonus-malus.<\/p>\n\n\n\n<section class=\"wp-block-leocare-bon-a-savoir leocare-bas\"><div class=\"leocare-bas__head\"><img decoding=\"async\" class=\"leocare-bas__icon\" src=\"https:\/\/leocare.eu\/fr\/wp-content\/themes\/leocare-new\/assets\/img\/icon-alert-purple.svg\" alt=\"icon alerte\"\/><h3 class=\"leocare-bas__title\">Bon \u00e0 savoir<\/h3><\/div><div class=\"leocare-bas__content\">\n<p>Le <a href=\"https:\/\/leocare.eu\/fr\/assurance-auto-en-ligne\/couverture\/contrat\/releve-information\/malus\/bonus-maximum\/\">bonus maximum en assurance auto<\/a> est de 0,5.<\/p>\n<\/div><\/section>\n\n\n\n<p>Il faut bien distinguer conducteur secondaire et conducteur occasionnel :&nbsp;<\/p>\n\n\n\n<ul class=\"wp-block-list\">\n<li>Le&nbsp;<strong>conducteur occasionnel<\/strong>&nbsp;(ami, coll\u00e8gue, membre de la famille) emprunte parfois votre voiture mais n\u2019est pas ajout\u00e9 \u00e0 votre contrat d\u2019assurance automobile. S\u2019il a un accident responsable, c\u2019est vous et&nbsp;<strong>vous seul<\/strong>, en tant que souscripteur principal de l\u2019assurance, qui&nbsp;<strong>aurez du malus<\/strong>.<\/li>\n\n\n\n<li>Le&nbsp;<strong>conducteur secondaire<\/strong>&nbsp;(souvent le conjoint ou les enfants) utilise votre v\u00e9hicule r\u00e9guli\u00e8rement mais pas tous les jours. Vous restez le principal utilisateur de votre auto. Le conducteur secondaire doit \u00eatre d\u00e9clar\u00e9 aupr\u00e8s de votre compagnie d\u2019assurances. Son nom figure donc dans le contrat. En cas d\u2019accident, si la responsabilit\u00e9 du conducteur secondaire est engag\u00e9e, le conducteur principal, souscripteur du contrat, (<strong>vous<\/strong>)&nbsp;<strong>et<\/strong>&nbsp;<strong>le conducteur secondaire<\/strong>&nbsp;<strong>auront du malus<\/strong>.<\/li>\n<\/ul>\n\n\n\n<div class=\"bon-a-savoir\">\n\n\n\n<h3 class=\"wp-block-heading\">Bon \u00e0 savoir<\/h3>\n\n\n\n<p>Si vous avez d\u00e9clar\u00e9 votre enfant jeune conducteur sur votre contrat d\u2019assurance, il est soumis aux r\u00e8gles du malus. La bonne nouvelle, c\u2019est que cela fonctionne dans les deux sens ! Il gagne \u00e9galement du bonus s\u2019il n\u2019a pas d\u2019accident responsable. Avec un CRM inf\u00e9rieur \u00e0 1, il pourra alors souscrire sa propre assurance pour son v\u00e9hicule \u00e0 des conditions tarifaires int\u00e9ressantes.<\/p>\n\n\n\n<\/div>\n\n\n\n<h2 class=\"wp-block-heading\" id=\"section-2\">Pr\u00eat de volant et accident responsable : quel malus&nbsp;?<\/h2>\n\n\n\n<p>En cas d\u2019accident, les&nbsp;assurances&nbsp;appliquent du&nbsp;<a href=\"https:\/\/leocare.eu\/fr\/assurance-auto-en-ligne\/couverture\/contrat\/releve-information\/malus\/\">malus<\/a>&nbsp;au conducteur, s\u2019il est d\u00e9clar\u00e9 responsable, ainsi qu\u2019\u00e0 la personne qui a souscrit le contrat d\u2019assurance (le conducteur principal et propri\u00e9taire du v\u00e9hicule). En plus du malus, votre&nbsp;compagnie&nbsp;d\u2019assurances augmentera votre prime annuelle.<\/p>\n\n\n\n<p>Les m\u00eames r\u00e8gles de calcul du coefficient s\u2019appliquent dans ce cas aux deux conducteurs :&nbsp;<\/p>\n\n\n\n<ul class=\"wp-block-list\">\n<li>majoration du CRM de&nbsp;<strong>25&nbsp;%<\/strong>&nbsp;en cas d\u2019accident&nbsp;<strong>responsable<\/strong>&nbsp;;<\/li>\n\n\n\n<li>majoration du CRM de&nbsp;<strong>12,5&nbsp;%<\/strong>&nbsp;en cas d\u2019accident&nbsp;<strong>partiellement responsable<\/strong>.<\/li>\n<\/ul>\n\n\n\n<p>Si le conducteur secondaire ou occasionnel a un accident totalement responsable et que votre CRM est \u00e0 0,80, il passera \u00e0 1.&nbsp;<\/p>\n\n\n\n<p>Si le conducteur secondaire ou occasionnel a un accident partiellement responsable et que votre CRM est \u00e0 0,80, il passera \u00e0 0,9.<\/p>\n\n\n\n<div class=\"bon-a-savoir\">\n\n\n\n<h3 class=\"wp-block-heading\">Bon \u00e0 savoir<\/h3>\n\n\n\n<p>Tous les conducteurs assur\u00e9s d\u00e9marrent leur vie d\u2019automobiliste avec un CRM de 1.<\/p>\n\n\n\n<p>Si le CRM est inf\u00e9rieur \u00e0 1, vous avez du bonus. Si votre CRM est sup\u00e9rieur \u00e0 1, vous avez du malus.<\/p>\n\n\n\n<\/div>\n\n\n\n<h2 class=\"wp-block-heading\" id=\"section-3\">Pr\u00eat de volant et accident non responsable : quel malus&nbsp;?<\/h2>\n\n\n\n<p>Vous pr\u00eatez votre v\u00e9hicule \u00e0 un conducteur occasionnel ou secondaire. S\u2019il a un accident ou par exemple si le v\u00e9hicule a \u00e9t\u00e9 vol\u00e9 alors que l&rsquo;<a href=\"https:\/\/leocare.eu\/fr\/assurance-auto-en-ligne\/couverture\/contrat\/releve-information\/malus\/vol-de-voiture\/\">assurance vol de voiture<\/a> n&rsquo;a pas \u00e9t\u00e9 souscrite mais qu\u2019il n\u2019est\u00a0<strong>pas responsable<\/strong>,\u00a0<strong>ni vous ni le conducteur victime n\u2019aurez de malus<\/strong>.<\/p>\n\n\n\n<p>Comme tout automobiliste, le conducteur occasionnel ou secondaire doit remplir un&nbsp;<strong>constat amiable<\/strong>&nbsp;en cas d\u2019accident responsable ou non responsable. Il doit ensuite le transmettre \u00e0 votre assureur.<\/p>\n\n\n\n<p>L\u2019<strong>indemnisation des dommages<\/strong>&nbsp;(dommages corporels et dommages mat\u00e9riels) sera prise en charge par l\u2019<strong>assureur du conducteur responsable<\/strong>. Si le conducteur responsable n\u2019est pas assur\u00e9 ou qu\u2019il y a un d\u00e9lit de fuite, c\u2019est le FGAO (Fonds de garantie des assurances obligatoires de dommages) qui indemnise les victimes.<\/p>\n\n\n\n<h2 class=\"wp-block-heading\" id=\"section-4\">Faut-il pr\u00e9venir son assurance en cas de pr\u00eat de volant&nbsp;?<\/h2>\n\n\n\n<h3 class=\"wp-block-heading\">Le cas d\u2019un conducteur occasionnel<\/h3>\n\n\n\n<p>Avez-vous v\u00e9rifi\u00e9 si vous pouviez pr\u00eater votre voiture \u00e0 un&nbsp;<strong>conducteur occasionnel<\/strong>&nbsp;? Il peut y avoir une clause de conduite indiqu\u00e9e dans votre contrat d\u2019assurance :&nbsp;<\/p>\n\n\n\n<ul class=\"wp-block-list\">\n<li><strong>Conduite sans restriction<\/strong>&nbsp;: vous pouvez pr\u00eater votre voiture \u00e0 tout conducteur qui a le permis de conduire, sans franchise en cas d\u2019accident responsable.<\/li>\n\n\n\n<li><strong>Conduite avec majoration de franchise<\/strong>&nbsp;: vous pouvez pr\u00eater votre v\u00e9hicule, mais vous devrez payer une franchise si le conducteur est responsable d\u2019un accident.<\/li>\n\n\n\n<li><strong>Conduite avec exclusion des conducteurs novices<\/strong>&nbsp;: vous pouvez pr\u00eater votre v\u00e9hicule sauf \u00e0 de jeunes conducteurs (moins de 2 ou 3 ans de permis).<\/li>\n\n\n\n<li><strong>Conduite restreinte<\/strong>&nbsp;: vous pouvez pr\u00eater votre v\u00e9hicule uniquement \u00e0 des membres de votre famille.<\/li>\n\n\n\n<li><strong>Conduite exclusive<\/strong>&nbsp;: vous \u00eates la seule personne autoris\u00e9e \u00e0 conduire votre voiture.<\/li>\n<\/ul>\n\n\n\n<p>Si vous ne respectez pas les clauses indiqu\u00e9es au contrat, votre assurance peut refuser d\u2019appliquer les garanties pr\u00e9vues. Contactez votre assureur pour conna\u00eetre les dispositions mentionn\u00e9es dans votre contrat.<\/p>\n\n\n\n<h3 class=\"wp-block-heading\">Le cas d\u2019un conducteur secondaire<\/h3>\n\n\n\n<p>Si vous souhaitez pr\u00eater votre v\u00e9hicule r\u00e9guli\u00e8rement, donc \u00e0 un conducteur secondaire, vous devez en informer&nbsp;votre assurance.&nbsp;<strong>D\u00e9clarer un second conducteur \u00e0 votre assurance<\/strong>&nbsp;peut avoir des&nbsp;cons\u00e9quences&nbsp;sur votre&nbsp;<a href=\"https:\/\/leocare.eu\/fr\/assurance-auto-en-ligne\/couverture\/contrat\/releve-information\/malus\/application\/\">coefficient bonus-malus<\/a>&nbsp;mais \u00e9galement sur votre&nbsp;cotisation.&nbsp;<\/p>\n\n\n\n<p>Mais le fait de d\u00e9clarer un second conducteur a tout de m\u00eame des avantages. Ainsi, vous \u00eates s\u00fbr que le conducteur est couvert (et vous aussi) en cas de sinistres responsables. S\u2019il s\u2019agit d\u2019un jeune conducteur, en tant qu\u2019assur\u00e9 d\u00e9clar\u00e9 au contrat, il est soumis \u00e0 l\u2019application du&nbsp;malus&nbsp;mais<strong>&nbsp;b\u00e9n\u00e9ficie aussi du calcul de bonus<\/strong>. Ses ann\u00e9es d\u2019exp\u00e9rience sous votre assurance lui permettront de&nbsp;<a href=\"https:\/\/leocare.eu\/fr\/assurance-auto-en-ligne\/couverture\/contrat\/releve-information\/malus\/negocier\/\">n\u00e9gocier son contrat<\/a>&nbsp;pour son propre v\u00e9hicule \ud83d\ude0e et \u00e9viter la surprime appliqu\u00e9e aux jeunes conducteurs. Finalement, le budget investi pour un second conducteur est rentabilis\u00e9 par la suite.<\/p>\n","protected":false},"excerpt":{"rendered":"<p>Vous pr\u00eatez votre voiture \u00e0 votre enfant pour le week-end. Est-il assur\u00e9 s&rsquo;il prend le volant et quelles sont les r\u00e8gles d\u2019application du malus pour le second conducteur en cas d\u2019accident ? Nos Leoconseillers vous expliquent. Quelle responsabilit\u00e9 en cas de pr\u00eat de volant ? Dans un contrat d\u2019assurance, le CRM (coefficient de r\u00e9duction-majoration) est [&hellip;]<\/p>\n","protected":false},"author":44,"featured_media":0,"parent":17928,"menu_order":0,"comment_status":"closed","ping_status":"closed","template":"template_seo.php","meta":{"_acf_changed":false,"footnotes":""},"class_list":["post-22797","page","type-page","status-publish","hentry"],"acf":[],"yoast_head":"<!-- This site is optimized with the Yoast SEO plugin v27.3 - https:\/\/yoast.com\/product\/yoast-seo-wordpress\/ -->\n<title>Quel malus auto en cas de pr\u00eat de volant ?<\/title>\n<meta name=\"description\" content=\"M\u00eame si vous n\u2019\u00e9tiez pas au volant, vous pouvez avoir un malus si vous avez pr\u00eat\u00e9 votre voiture \u00e0 un conducteur secondaire et qu\u2019il a eu un accident.\" \/>\n<meta name=\"robots\" content=\"index, follow, max-snippet:-1, max-image-preview:large, max-video-preview:-1\" \/>\n<link rel=\"canonical\" href=\"https:\/\/leocare.eu\/fr\/assurance-auto-en-ligne\/couverture\/contrat\/releve-information\/malus\/pret-de-volant\/\" \/>\n<meta property=\"og:locale\" content=\"fr_FR\" \/>\n<meta property=\"og:type\" content=\"article\" \/>\n<meta property=\"og:title\" content=\"Quel malus auto en cas de pr\u00eat de volant ?\" \/>\n<meta property=\"og:description\" content=\"M\u00eame si vous n\u2019\u00e9tiez pas au volant, vous pouvez avoir un malus si vous avez pr\u00eat\u00e9 votre voiture \u00e0 un conducteur secondaire et qu\u2019il a eu un accident.\" \/>\n<meta property=\"og:url\" content=\"https:\/\/leocare.eu\/fr\/assurance-auto-en-ligne\/couverture\/contrat\/releve-information\/malus\/pret-de-volant\/\" \/>\n<meta property=\"og:site_name\" content=\"Leocare, assurance en ligne automobile et habitation\" \/>\n<meta property=\"article:modified_time\" content=\"2026-04-07T14:37:35+00:00\" \/>\n<meta property=\"og:image\" content=\"https:\/\/leocare.eu\/fr\/wp-content\/themes\/leocare-new\/assets\/img\/icon-alert-purple.svg\" \/>\n<meta name=\"twitter:card\" content=\"summary_large_image\" \/>\n<meta name=\"twitter:label1\" content=\"Dur\u00e9e de lecture estim\u00e9e\" \/>\n\t<meta name=\"twitter:data1\" content=\"5 minutes\" \/>\n<!-- \/ Yoast SEO plugin. -->","yoast_head_json":{"title":"Quel malus auto en cas de pr\u00eat de volant ?","description":"M\u00eame si vous n\u2019\u00e9tiez pas au volant, vous pouvez avoir un malus si vous avez pr\u00eat\u00e9 votre voiture \u00e0 un conducteur secondaire et qu\u2019il a eu un accident.","robots":{"index":"index","follow":"follow","max-snippet":"max-snippet:-1","max-image-preview":"max-image-preview:large","max-video-preview":"max-video-preview:-1"},"canonical":"https:\/\/leocare.eu\/fr\/assurance-auto-en-ligne\/couverture\/contrat\/releve-information\/malus\/pret-de-volant\/","og_locale":"fr_FR","og_type":"article","og_title":"Quel malus auto en cas de pr\u00eat de volant ?","og_description":"M\u00eame si vous n\u2019\u00e9tiez pas au volant, vous pouvez avoir un malus si vous avez pr\u00eat\u00e9 votre voiture \u00e0 un conducteur secondaire et qu\u2019il a eu un accident.","og_url":"https:\/\/leocare.eu\/fr\/assurance-auto-en-ligne\/couverture\/contrat\/releve-information\/malus\/pret-de-volant\/","og_site_name":"Leocare, assurance en ligne automobile et habitation","article_modified_time":"2026-04-07T14:37:35+00:00","og_image":[{"url":"https:\/\/leocare.eu\/fr\/wp-content\/themes\/leocare-new\/assets\/img\/icon-alert-purple.svg","type":"","width":"","height":""}],"twitter_card":"summary_large_image","twitter_misc":{"Dur\u00e9e de lecture estim\u00e9e":"5 minutes"},"schema":{"@context":"https:\/\/schema.org","@graph":[{"@type":"WebPage","@id":"https:\/\/leocare.eu\/fr\/assurance-auto-en-ligne\/couverture\/contrat\/releve-information\/malus\/pret-de-volant\/","url":"https:\/\/leocare.eu\/fr\/assurance-auto-en-ligne\/couverture\/contrat\/releve-information\/malus\/pret-de-volant\/","name":"Quel malus auto en cas de pr\u00eat de volant ?","isPartOf":{"@id":"https:\/\/leocare.eu\/fr\/#website"},"primaryImageOfPage":{"@id":"https:\/\/leocare.eu\/fr\/assurance-auto-en-ligne\/couverture\/contrat\/releve-information\/malus\/pret-de-volant\/#primaryimage"},"image":{"@id":"https:\/\/leocare.eu\/fr\/assurance-auto-en-ligne\/couverture\/contrat\/releve-information\/malus\/pret-de-volant\/#primaryimage"},"thumbnailUrl":"https:\/\/leocare.eu\/fr\/wp-content\/themes\/leocare-new\/assets\/img\/icon-alert-purple.svg","datePublished":"2024-09-05T13:55:08+00:00","dateModified":"2026-04-07T14:37:35+00:00","description":"M\u00eame si vous n\u2019\u00e9tiez pas au volant, vous pouvez avoir un malus si vous avez pr\u00eat\u00e9 votre voiture \u00e0 un conducteur secondaire et qu\u2019il a eu un accident.","breadcrumb":{"@id":"https:\/\/leocare.eu\/fr\/assurance-auto-en-ligne\/couverture\/contrat\/releve-information\/malus\/pret-de-volant\/#breadcrumb"},"inLanguage":"fr-FR","potentialAction":[{"@type":"ReadAction","target":["https:\/\/leocare.eu\/fr\/assurance-auto-en-ligne\/couverture\/contrat\/releve-information\/malus\/pret-de-volant\/"]}]},{"@type":"ImageObject","inLanguage":"fr-FR","@id":"https:\/\/leocare.eu\/fr\/assurance-auto-en-ligne\/couverture\/contrat\/releve-information\/malus\/pret-de-volant\/#primaryimage","url":"https:\/\/leocare.eu\/fr\/wp-content\/themes\/leocare-new\/assets\/img\/icon-alert-purple.svg","contentUrl":"https:\/\/leocare.eu\/fr\/wp-content\/themes\/leocare-new\/assets\/img\/icon-alert-purple.svg"},{"@type":"WebSite","@id":"https:\/\/leocare.eu\/fr\/#website","url":"https:\/\/leocare.eu\/fr\/","name":"Leocare, assurance en ligne automobile et habitation","description":"enfin (r)assur\u00e9.e","publisher":{"@id":"https:\/\/leocare.eu\/fr\/#organization"},"potentialAction":[{"@type":"SearchAction","target":{"@type":"EntryPoint","urlTemplate":"https:\/\/leocare.eu\/fr\/?s={search_term_string}"},"query-input":{"@type":"PropertyValueSpecification","valueRequired":true,"valueName":"search_term_string"}}],"inLanguage":"fr-FR"},{"@type":"Organization","@id":"https:\/\/leocare.eu\/fr\/#organization","name":"Leocare, assurance en ligne automobile et habitation","url":"https:\/\/leocare.eu\/fr\/","logo":{"@type":"ImageObject","inLanguage":"fr-FR","@id":"https:\/\/leocare.eu\/fr\/#\/schema\/logo\/image\/","url":"https:\/\/leocare.eu\/fr\/wp-content\/uploads\/2020\/03\/logo-leocare.svg","contentUrl":"https:\/\/leocare.eu\/fr\/wp-content\/uploads\/2020\/03\/logo-leocare.svg","caption":"Leocare, assurance en ligne automobile et habitation"},"image":{"@id":"https:\/\/leocare.eu\/fr\/#\/schema\/logo\/image\/"}}]}},"_links":{"self":[{"href":"https:\/\/leocare.eu\/fr\/wp-json\/wp\/v2\/pages\/22797","targetHints":{"allow":["GET"]}}],"collection":[{"href":"https:\/\/leocare.eu\/fr\/wp-json\/wp\/v2\/pages"}],"about":[{"href":"https:\/\/leocare.eu\/fr\/wp-json\/wp\/v2\/types\/page"}],"author":[{"embeddable":true,"href":"https:\/\/leocare.eu\/fr\/wp-json\/wp\/v2\/users\/44"}],"replies":[{"embeddable":true,"href":"https:\/\/leocare.eu\/fr\/wp-json\/wp\/v2\/comments?post=22797"}],"version-history":[{"count":10,"href":"https:\/\/leocare.eu\/fr\/wp-json\/wp\/v2\/pages\/22797\/revisions"}],"predecessor-version":[{"id":36102,"href":"https:\/\/leocare.eu\/fr\/wp-json\/wp\/v2\/pages\/22797\/revisions\/36102"}],"up":[{"embeddable":true,"href":"https:\/\/leocare.eu\/fr\/wp-json\/wp\/v2\/pages\/17928"}],"wp:attachment":[{"href":"https:\/\/leocare.eu\/fr\/wp-json\/wp\/v2\/media?parent=22797"}],"curies":[{"name":"wp","href":"https:\/\/api.w.org\/{rel}","templated":true}]}}