{"id":22729,"date":"2024-09-05T16:01:48","date_gmt":"2024-09-05T14:01:48","guid":{"rendered":"https:\/\/leocare.eu\/fr\/?page_id=22729"},"modified":"2026-04-07T16:37:34","modified_gmt":"2026-04-07T14:37:34","slug":"pas-chere","status":"publish","type":"page","link":"https:\/\/leocare.eu\/fr\/assurance-auto-en-ligne\/couverture\/contrat\/releve-information\/malus\/pas-chere\/","title":{"rendered":"Contrat d\u2019assurance auto avec un malus pas cher"},"content":{"rendered":"\n<p>Une assurance auto pas ch\u00e8re et un malus semblent souvent incompatibles. Apr\u00e8s un accident responsable, la prime d\u2019assurance peut grimper et les conducteurs maluss\u00e9s paient alors le prix fort. Est-il possible de r\u00e9duire ces frais et trouver une assurance auto abordable ?<\/p>\n\n\n\n<h2 class=\"wp-block-heading\" id=\"section-1\">Est-il possible de n\u00e9gocier son contrat auto lorsqu\u2019on est maluss\u00e9 ?<\/h2>\n\n\n\n<p>Vous vous demandez si vous pouvez n\u00e9gocier votre contrat d\u2019assurance auto malgr\u00e9 un malus ? La r\u00e9ponse est&nbsp;<strong>oui, et on vous explique comment faire<\/strong>.&nbsp;<\/p>\n\n\n\n<p>En temps normal,&nbsp;<strong>ren\u00e9gocier son contrat est possible<\/strong>&nbsp;pour divers motifs. L\u2019\u00e2ge de votre voiture, un changement d\u2019usage du v\u00e9hicule, ou encore une longue exp\u00e9rience de conduite peuvent justifier une r\u00e9vision de votre prime. Mais avec un malus, les choses se corsent un peu.<\/p>\n\n\n\n<p><strong>Si vous pensez que votre malus est une erreur ou qu\u2019il n\u2019est pas justifi\u00e9<\/strong>, n\u2019h\u00e9sitez pas \u00e0 en discuter avec votre assurance. Apportez des preuves solides pour appuyer votre demande de r\u00e9\u00e9valuation du bonus-malus. Une erreur corrig\u00e9e peut all\u00e9ger consid\u00e9rablement votre prime.<\/p>\n\n\n\n<p>Cependant,&nbsp;<strong>si votre<\/strong>&nbsp;<a href=\"https:\/\/leocare.eu\/fr\/assurance-auto-en-ligne\/couverture\/contrat\/releve-information\/malus\/\"><strong>malus d&rsquo;assurance auto<\/strong><\/a><strong>&nbsp;est confirm\u00e9 \u00e0 la suite d\u2019un&nbsp;accident,<\/strong>&nbsp;la n\u00e9gociation devient plus difficile. La&nbsp;compagnie&nbsp;d\u2019assurances calcule la prime en fonction des risques, notamment des&nbsp;accidents responsables. Cela dit, il n\u2019est pas impossible de trouver un terrain d\u2019entente \ud83e\udd1d.<\/p>\n\n\n\n<p>Parlez \u00e0 votre assureur et expliquez votre situation. Vous pourriez obtenir une r\u00e9duction, m\u00eame modeste. \u00c0 vous de trouver des arguments convaincants, comme votre fid\u00e9lit\u00e9 de longue date, ou le fait de regrouper tous vos contrats d\u2019assurance au m\u00eame endroit.&nbsp;<\/p>\n\n\n\n<p><strong>Attention<\/strong>&nbsp;toutefois : si votre assureur accepte de ren\u00e9gocier,<strong>&nbsp;v\u00e9rifiez bien les nouvelles conditions du contrat<\/strong>. Parfois, les garanties peuvent \u00eatre r\u00e9duites ou la franchise augment\u00e9e pour compenser le risque. Soyez vigilant et assurez-vous que les modifications restent avantageuses pour vous.<\/p>\n\n\n\n<p>Bien s\u00fbr, une coefficient bonus-malus \u00e9lev\u00e9 ne veut pas dire des conditions de souscription plus compliqu\u00e9es. Chez Leocare, voici <a href=\"https:\/\/leocare.eu\/fr\/assurance-auto-en-ligne\/couverture\/contrat\/souscription\/documents\/\">les documents \u00e0 fournir pour changer votre ancienne assurance auto<\/a> :<\/p>\n\n\n\n<ul class=\"wp-block-list\">\n<li>Permis de conduire<\/li>\n\n\n\n<li>Relev\u00e9 d&rsquo;informations<\/li>\n\n\n\n<li>Carte grise<\/li>\n\n\n\n<li>RIB<\/li>\n<\/ul>\n\n\n\n<h2 class=\"wp-block-heading\" id=\"section-2\">Les assurances auto font payer cher les conducteurs maluss\u00e9s<\/h2>\n\n\n\n<p>Les conducteurs avec&nbsp;malus, ayant eu un ou plusieurs&nbsp;<a href=\"https:\/\/leocare.eu\/fr\/assurance-auto-en-ligne\/couverture\/contrat\/releve-information\/malus\/sinistre-non-responsable\/\">sinistres responsables<\/a>, paient une&nbsp;prime d\u2019assurance&nbsp;auto plus \u00e9lev\u00e9e, et il y a de bonnes raisons \u00e0 cela. Comprenez que&nbsp;<strong>plus votre coefficient de r\u00e9duction-majoration (CRM) est \u00e9lev\u00e9, plus votre prime l\u2019est aussi<\/strong>.&nbsp;<\/p>\n\n\n\n<p><strong>Les compagnies d\u2019assurances doivent anticiper d\u2019\u00e9ventuels sinistres<\/strong>, petits ou grands, qui peuvent co\u00fbter tr\u00e8s cher \ud83d\udcb6. Les frais de r\u00e9paration des v\u00e9hicules, les indemnisations pour blessures corporelles et pertes mat\u00e9rielles s\u2019accumulent rapidement. Pour compenser ces co\u00fbts, les assureurs r\u00e9percutent les d\u00e9penses sur les conducteurs maluss\u00e9s en augmentant leurs primes.<\/p>\n\n\n\n<p>Mais&nbsp;<strong>qu\u2019est-ce qui fait de vous un conducteur maluss\u00e9 ou un profil \u00e0 risque aggrav\u00e9<\/strong>&nbsp;? Pour chaque accident responsable, vous subissez une majoration de 25 % sur votre coefficient bonus-malus. \u00c0 moiti\u00e9 responsable ? La majoration est de 12,5 %. Et si deux sinistres du m\u00eame type sont rapproch\u00e9s dans le temps, votre assureur vous en tiendra rigueur \ud83d\udea8.<\/p>\n\n\n\n<p>L\u2019<a href=\"https:\/\/leocare.eu\/fr\/assurance-auto-en-ligne\/couverture\/contrat\/releve-information\/malus\/augmentation\/\">augmentation du malus<\/a>&nbsp;entra\u00eene in\u00e9vitablement la hausse de votre&nbsp;cotisation. Cependant, ce n\u2019est pas tout. Des d\u00e9lits routiers, le retrait de permis, la conduite en \u00e9tat d\u2019ivresse ou sous l\u2019emprise de stup\u00e9fiants vous classent \u00e9galement dans cette cat\u00e9gorie. M\u00eame les&nbsp;jeunes conducteurs, avec leur manque d\u2019exp\u00e9rience, et les seniors, parfois per\u00e7us comme moins vigilants, sont consid\u00e9r\u00e9s comme des profils \u00e0 risque par les assureurs.<\/p>\n\n\n\n<div class=\"bon-a-savoir\">\n\n\n\n<h3 class=\"wp-block-heading\">Bon \u00e0 savoir<\/h3>\n\n\n\n<p>Un&nbsp;malus&nbsp;n\u2019est jamais d\u00e9finitif, et il existe des solutions pour&nbsp;<a href=\"https:\/\/leocare.eu\/fr\/assurance-auto-en-ligne\/couverture\/contrat\/releve-information\/malus\/gain-bonus\/\">obtenir un bonus<\/a>&nbsp;\ud83c\udf1f. Comme l\u2019article A121-1 du Code des assurances le stipule :&nbsp;<strong>apr\u00e8s deux ann\u00e9es cons\u00e9cutives sans aucun accident responsable, le coefficient de r\u00e9duction-majoration d\u2019un assur\u00e9 retombe automatiquement<\/strong><\/p>\n\n\n\n<\/div>\n\n\n\n<h2 class=\"wp-block-heading\" id=\"section-3\">Les formules pas ch\u00e8res en assurance auto pour conducteurs maluss\u00e9s<\/h2>\n\n\n\n<p>Trouver une assurance auto abordable en tant que conducteur maluss\u00e9 peut sembler plus complexe. La plupart des offres standards sont souvent disponibles uniquement si votre coefficient de bonus-malus est inf\u00e9rieur ou \u00e9gal \u00e0 1.&nbsp;<\/p>\n\n\n\n<p>Heureusement,&nbsp;<strong>chez Leocare, nous avons pens\u00e9 \u00e0 vous<\/strong>&nbsp;! Nos formules d\u2019assurance pour maluss\u00e9s sont parmi&nbsp;<strong>les meilleures du march\u00e9 en termes d\u2019\u00e9quilibre entre prix et garanties<\/strong>&nbsp;\u2696\ufe0f.<\/p>\n\n\n\n<p>Nous proposons trois niveaux de couverture adapt\u00e9s \u00e0 vos besoins. La formule Tiers vous assure pour les dommages caus\u00e9s \u00e0 autrui. La formule Tiers+ inclut une <a href=\"https:\/\/leocare.eu\/fr\/assurance-auto-en-ligne\/couverture\/contrat\/releve-information\/malus\/vol-de-voiture\/\">assurance vol de voiture<\/a>, incendie et bris de glace. La formule Tous risques vous prot\u00e8ge, m\u00eame en cas d\u2019accident responsable, pour tous les autres dommages. Vous b\u00e9n\u00e9ficiez aussi de la couverture pour vos propres dommages corporels et d\u2019une assistance compl\u00e8te (d\u00e9pannage et rapatriement).\u00a0<\/p>\n\n\n\n<p>D\u00e8s que votre malus est effac\u00e9 et que votre coefficient revient \u00e0 1 ou moins, vous avez droit automatiquement \u00e0&nbsp;<strong>une offre plus avantageuse, sans d\u00e9marches suppl\u00e9mentaires<\/strong>&nbsp;\u2705!<\/p>\n\n\n\n<p>Alors, pourquoi attendre ? Rejoignez Leocare et d\u00e9couvrez nos formules d\u2019assurance auto pens\u00e9es pour les conducteurs maluss\u00e9s, r\u00e9sili\u00e9s et&nbsp;jeunes conducteurs. La meilleure protection au meilleur prix, m\u00eame si vous \u00eates&nbsp;<a href=\"https:\/\/leocare.eu\/fr\/assurance-auto-en-ligne\/couverture\/contrat\/releve-information\/malus\/qui-est-concerne\/\">concern\u00e9 par le malus<\/a>&nbsp;! Nos formules couvrent les&nbsp;accidents responsables&nbsp;et ajustent votre&nbsp;prime d\u2019assurance&nbsp;en cons\u00e9quence. Notre&nbsp;compagnie&nbsp;vous propose des&nbsp;<a href=\"https:\/\/leocare.eu\/fr\/assurance-auto-en-ligne\/couverture\/contrat\/releve-information\/malus\/contrats\/\">contrats assurance auto<\/a>&nbsp;flexibles et adapt\u00e9s, pour une&nbsp;cotisation&nbsp;la plus juste possible.&nbsp;<\/p>\n","protected":false},"excerpt":{"rendered":"<p>Une assurance auto pas ch\u00e8re et un malus semblent souvent incompatibles. Apr\u00e8s un accident responsable, la prime d\u2019assurance peut grimper et les conducteurs maluss\u00e9s paient alors le prix fort. Est-il possible de r\u00e9duire ces frais et trouver une assurance auto abordable ? Est-il possible de n\u00e9gocier son contrat auto lorsqu\u2019on est maluss\u00e9 ? Vous vous [&hellip;]<\/p>\n","protected":false},"author":34,"featured_media":0,"parent":17928,"menu_order":0,"comment_status":"closed","ping_status":"closed","template":"template_seo.php","meta":{"_acf_changed":false,"footnotes":""},"class_list":["post-22729","page","type-page","status-publish","hentry"],"acf":[],"yoast_head":"<!-- This site is optimized with the Yoast SEO plugin v27.3 - https:\/\/yoast.com\/product\/yoast-seo-wordpress\/ -->\n<title>Assurance auto malus pas ch\u00e8re<\/title>\n<meta name=\"description\" content=\"D\u00e9couvrez comment trouver une assurance auto malus pas ch\u00e8re et r\u00e9duire la prime d\u2019assurance apr\u00e8s un accident responsable gr\u00e2ce \u00e0 nos conseils.\" \/>\n<meta name=\"robots\" content=\"index, follow, max-snippet:-1, max-image-preview:large, max-video-preview:-1\" \/>\n<link rel=\"canonical\" href=\"https:\/\/leocare.eu\/fr\/assurance-auto-en-ligne\/couverture\/contrat\/releve-information\/malus\/pas-chere\/\" \/>\n<meta property=\"og:locale\" content=\"fr_FR\" \/>\n<meta property=\"og:type\" content=\"article\" \/>\n<meta property=\"og:title\" content=\"Assurance auto malus pas ch\u00e8re\" \/>\n<meta property=\"og:description\" content=\"D\u00e9couvrez comment trouver une assurance auto malus pas ch\u00e8re et r\u00e9duire la prime d\u2019assurance apr\u00e8s un accident responsable gr\u00e2ce \u00e0 nos conseils.\" \/>\n<meta property=\"og:url\" content=\"https:\/\/leocare.eu\/fr\/assurance-auto-en-ligne\/couverture\/contrat\/releve-information\/malus\/pas-chere\/\" \/>\n<meta property=\"og:site_name\" content=\"Leocare, assurance en ligne automobile et habitation\" \/>\n<meta property=\"article:modified_time\" content=\"2026-04-07T14:37:34+00:00\" \/>\n<meta name=\"twitter:card\" content=\"summary_large_image\" \/>\n<meta name=\"twitter:label1\" content=\"Est. reading time\" \/>\n\t<meta name=\"twitter:data1\" content=\"5 minutes\" \/>\n<!-- \/ Yoast SEO plugin. -->","yoast_head_json":{"title":"Assurance auto malus pas ch\u00e8re","description":"D\u00e9couvrez comment trouver une assurance auto malus pas ch\u00e8re et r\u00e9duire la prime d\u2019assurance apr\u00e8s un accident responsable gr\u00e2ce \u00e0 nos conseils.","robots":{"index":"index","follow":"follow","max-snippet":"max-snippet:-1","max-image-preview":"max-image-preview:large","max-video-preview":"max-video-preview:-1"},"canonical":"https:\/\/leocare.eu\/fr\/assurance-auto-en-ligne\/couverture\/contrat\/releve-information\/malus\/pas-chere\/","og_locale":"fr_FR","og_type":"article","og_title":"Assurance auto malus pas ch\u00e8re","og_description":"D\u00e9couvrez comment trouver une assurance auto malus pas ch\u00e8re et r\u00e9duire la prime d\u2019assurance apr\u00e8s un accident responsable gr\u00e2ce \u00e0 nos conseils.","og_url":"https:\/\/leocare.eu\/fr\/assurance-auto-en-ligne\/couverture\/contrat\/releve-information\/malus\/pas-chere\/","og_site_name":"Leocare, assurance en ligne automobile et habitation","article_modified_time":"2026-04-07T14:37:34+00:00","twitter_card":"summary_large_image","twitter_misc":{"Est. reading time":"5 minutes"},"schema":{"@context":"https:\/\/schema.org","@graph":[{"@type":"WebPage","@id":"https:\/\/leocare.eu\/fr\/assurance-auto-en-ligne\/couverture\/contrat\/releve-information\/malus\/pas-chere\/","url":"https:\/\/leocare.eu\/fr\/assurance-auto-en-ligne\/couverture\/contrat\/releve-information\/malus\/pas-chere\/","name":"Assurance auto malus pas ch\u00e8re","isPartOf":{"@id":"https:\/\/leocare.eu\/fr\/#website"},"datePublished":"2024-09-05T14:01:48+00:00","dateModified":"2026-04-07T14:37:34+00:00","description":"D\u00e9couvrez comment trouver une assurance auto malus pas ch\u00e8re et r\u00e9duire la prime d\u2019assurance apr\u00e8s un accident responsable gr\u00e2ce \u00e0 nos conseils.","breadcrumb":{"@id":"https:\/\/leocare.eu\/fr\/assurance-auto-en-ligne\/couverture\/contrat\/releve-information\/malus\/pas-chere\/#breadcrumb"},"inLanguage":"fr-FR","potentialAction":[{"@type":"ReadAction","target":["https:\/\/leocare.eu\/fr\/assurance-auto-en-ligne\/couverture\/contrat\/releve-information\/malus\/pas-chere\/"]}]},{"@type":"WebSite","@id":"https:\/\/leocare.eu\/fr\/#website","url":"https:\/\/leocare.eu\/fr\/","name":"Leocare, assurance en ligne automobile et habitation","description":"enfin (r)assur\u00e9.e","publisher":{"@id":"https:\/\/leocare.eu\/fr\/#organization"},"potentialAction":[{"@type":"SearchAction","target":{"@type":"EntryPoint","urlTemplate":"https:\/\/leocare.eu\/fr\/?s={search_term_string}"},"query-input":{"@type":"PropertyValueSpecification","valueRequired":true,"valueName":"search_term_string"}}],"inLanguage":"fr-FR"},{"@type":"Organization","@id":"https:\/\/leocare.eu\/fr\/#organization","name":"Leocare, assurance en ligne automobile et habitation","url":"https:\/\/leocare.eu\/fr\/","logo":{"@type":"ImageObject","inLanguage":"fr-FR","@id":"https:\/\/leocare.eu\/fr\/#\/schema\/logo\/image\/","url":"https:\/\/leocare.eu\/fr\/wp-content\/uploads\/2020\/03\/logo-leocare.svg","contentUrl":"https:\/\/leocare.eu\/fr\/wp-content\/uploads\/2020\/03\/logo-leocare.svg","caption":"Leocare, assurance en ligne automobile et habitation"},"image":{"@id":"https:\/\/leocare.eu\/fr\/#\/schema\/logo\/image\/"}}]}},"_links":{"self":[{"href":"https:\/\/leocare.eu\/fr\/wp-json\/wp\/v2\/pages\/22729","targetHints":{"allow":["GET"]}}],"collection":[{"href":"https:\/\/leocare.eu\/fr\/wp-json\/wp\/v2\/pages"}],"about":[{"href":"https:\/\/leocare.eu\/fr\/wp-json\/wp\/v2\/types\/page"}],"author":[{"embeddable":true,"href":"https:\/\/leocare.eu\/fr\/wp-json\/wp\/v2\/users\/34"}],"replies":[{"embeddable":true,"href":"https:\/\/leocare.eu\/fr\/wp-json\/wp\/v2\/comments?post=22729"}],"version-history":[{"count":10,"href":"https:\/\/leocare.eu\/fr\/wp-json\/wp\/v2\/pages\/22729\/revisions"}],"predecessor-version":[{"id":36072,"href":"https:\/\/leocare.eu\/fr\/wp-json\/wp\/v2\/pages\/22729\/revisions\/36072"}],"up":[{"embeddable":true,"href":"https:\/\/leocare.eu\/fr\/wp-json\/wp\/v2\/pages\/17928"}],"wp:attachment":[{"href":"https:\/\/leocare.eu\/fr\/wp-json\/wp\/v2\/media?parent=22729"}],"curies":[{"name":"wp","href":"https:\/\/api.w.org\/{rel}","templated":true}]}}