{"id":22727,"date":"2024-09-05T16:01:35","date_gmt":"2024-09-05T14:01:35","guid":{"rendered":"https:\/\/leocare.eu\/fr\/?page_id=22727"},"modified":"2026-04-07T16:37:33","modified_gmt":"2026-04-07T14:37:33","slug":"augmente","status":"publish","type":"page","link":"https:\/\/leocare.eu\/fr\/assurance-auto-en-ligne\/couverture\/contrat\/releve-information\/malus\/augmente\/","title":{"rendered":"Pourquoi le co\u00fbt de mon assurance auto augmente malgr\u00e9 mon bonus ?"},"content":{"rendered":"\n<p>Chaque ann\u00e9e, sans sinistre responsable, vous gagnez th\u00e9oriquement 5 % de bonus sur votre assurance auto. Pourtant, vous avez remarqu\u00e9 que votre prime annuelle ne diminue pas, et peut m\u00eame augmenter. Les Fran\u00e7ais l\u2019ont aussi ressenti, avec une hausse moyenne de 3,3 % en 2024. Pour quelles raisons ? Explications.<\/p>\n\n\n\n<h2 class=\"wp-block-heading\" id=\"section-1\">Rappel des r\u00e8gles de cotisation dans les contrats d\u2019assurance auto<\/h2>\n\n\n\n<p>Tout d\u2019abord, il est important de savoir que le montant que vous payez se compose du tarif propos\u00e9 par votre assureur et des taxes \u00e9tablies par les autorit\u00e9s publiques.<\/p>\n\n\n\n<p><strong>Votre assureur fixe son tarif selon des statistiques sur les accidents de la route<\/strong>. Il prend en compte le risque d\u2019accident&nbsp;individuel<strong>&nbsp;pour chaque automobiliste et chaque v\u00e9hicule<\/strong>. Ainsi, plus les&nbsp;conducteurs&nbsp;ont commis des&nbsp;accidents responsables, plus la prime associ\u00e9e \u00e0 leur&nbsp;<a href=\"https:\/\/leocare.eu\/fr\/assurance-auto-en-ligne\/couverture\/contrat\/releve-information\/malus\/contrats\/\">contrat d\u2019assurance auto<\/a>&nbsp;est \u00e9lev\u00e9e.<\/p>\n\n\n\n<p>Par exemple, si vous \u00eates victime d&rsquo;un sinistre vol et que votre voiture n&rsquo;a pas d&rsquo;<a href=\"https:\/\/leocare.eu\/fr\/assurance-auto-en-ligne\/couverture\/contrat\/releve-information\/malus\/vol-de-voiture\/\">assurance contre le vol de voiture<\/a>, vous ne serez pas couvert et en plus votre malus va augmenter.<\/p>\n\n\n\n<p>Concr\u00e8tement,&nbsp;<strong>que regarde votre assureur concernant votre v\u00e9hicule<\/strong>&nbsp;\ud83d\udd0e ? Il prend en consid\u00e9ration la puissance du moteur, le type et la marque du v\u00e9hicule, les \u00e9quipements de s\u00e9curit\u00e9 qu\u2019il poss\u00e8de, et m\u00eame l\u2019usage que vous en faites (professionnel ou priv\u00e9). Le lieu o\u00f9 vous vivez et le nombre de kilom\u00e8tres que vous parcourez chaque ann\u00e9e comptent aussi.<\/p>\n\n\n\n<p>Et vous,&nbsp;<strong>en tant que conducteur<\/strong>&nbsp;? L\u2019assureur regarde l\u2019anciennet\u00e9 de permis et d\u2019assurance, votre \u00e2ge, votre exp\u00e9rience de conduite, la mani\u00e8re dont vous avez appris \u00e0 conduire, et bien s\u00fbr votre historique d\u2019accidents, s\u2019il y en a. Notez bien que le sexe du conducteur ne doit pas influencer le tarif, c\u2019est la loi !<\/p>\n\n\n\n<p>Avant de signer, v\u00e9rifiez que votre&nbsp;compagnie&nbsp;d\u2019assurances a bien clarifi\u00e9 chaque aspect de la&nbsp;cotisation, y compris les implications du&nbsp;<a href=\"https:\/\/leocare.eu\/fr\/assurance-auto-en-ligne\/couverture\/contrat\/releve-information\/malus\/\">malus de votre assurance auto<\/a>.<\/p>\n\n\n\n<h2 class=\"wp-block-heading\" id=\"section-2\">Les raisons pour lesquelles les cotisations augmentent malgr\u00e9 un bonus<\/h2>\n\n\n\n<p>Quelle surprise de voir votre assurance auto augmenter malgr\u00e9 votre bonus ! En th\u00e9orie, un bon historique de conduite r\u00e9duit votre prime de 5&nbsp;% chaque ann\u00e9e. Cependant, d\u2019autres facteurs peuvent influencer le montant final de votre assurance, entra\u00eenant une hausse inattendue.<\/p>\n\n\n\n<p>D\u2019abord, jetons un \u0153il \u00e0 votre contrat \ud83d\udc40. Peut-\u00eatre avez-vous chang\u00e9 de voiture r\u00e9cemment, ajout\u00e9 un conducteur secondaire, ou&nbsp;<strong>modifi\u00e9 vos habitudes de conduite<\/strong>&nbsp;comme le stationnement habituel ou le kilom\u00e9trage annuel ? Ces modifications peuvent peser sur le calcul de votre prime.<\/p>\n\n\n\n<p>Si aucune de ces raisons ne s\u2019applique, d\u2019autres \u00e9l\u00e9ments peuvent expliquer cette hausse :&nbsp;<\/p>\n\n\n\n<ul class=\"wp-block-list\">\n<li><strong>L\u2019augmentation du nombre d\u2019accidents de la route \ud83d\ude98<\/strong>&nbsp;: m\u00eame si votre conduite reste exemplaire, une augmentation des accidents \u00e0 l\u2019\u00e9chelle nationale peut entra\u00eener une r\u00e9vision \u00e0 la hausse des primes pour tous les assur\u00e9s.<\/li>\n\n\n\n<li><strong>La hausse des sinistres dus \u00e0 des comportements \u00e0 risque et d\u00e9lictueux<\/strong>&nbsp;: conduite sous l\u2019emprise d\u2019alcool et de stup\u00e9fiants, vols de v\u00e9hicules, d\u00e9gradations.<\/li>\n\n\n\n<li><strong>Des changements l\u00e9gislatifs ou r\u00e9glementaires<\/strong>&nbsp;: parfois, de nouvelles lois ou r\u00e9glementations introduisent des normes de couverture d\u2019assurance plus strictes, augmentant ainsi les primes pour tous, m\u00eame pour les d\u00e9tenteurs de bonus.&nbsp;<\/li>\n\n\n\n<li><strong>L\u2019augmentation du co\u00fbt de r\u00e9paration des v\u00e9hicules \ud83d\udd27<\/strong>&nbsp;: avec l\u2019augmentation du prix des pi\u00e8ces d\u00e9tach\u00e9es rares et l\u2019ajout constant de nouvelles technologies par les constructeurs, les co\u00fbts de r\u00e9paration des v\u00e9hicules montent en fl\u00e8che. Pour rester \u00e0 flot, les assureurs doivent parfois ajuster les primes d\u2019assurance en cons\u00e9quence.&nbsp;<\/li>\n\n\n\n<li><strong>L\u2019inflation g\u00e9n\u00e9rale<\/strong>&nbsp;: au-del\u00e0 des co\u00fbts de r\u00e9paration, l\u2019inflation g\u00e9n\u00e9rale p\u00e8se aussi sur les assureurs, avec des hausses des d\u00e9penses op\u00e9rationnelles telles que les salaires et les frais administratifs.<\/li>\n\n\n\n<li><strong>L\u2019augmentation des catastrophes naturelles \ud83c\udf2a\ufe0f<\/strong>&nbsp;: l\u2019augmentation des catastrophes naturelles, comme les orages, temp\u00eates, ouragans et inondations, pousse les assureurs \u00e0 offrir des garanties compl\u00e9mentaires. Ces couvertures sp\u00e9cifiques prot\u00e8gent les v\u00e9hicules contre les dommages caus\u00e9s par ces \u00e9v\u00e9nements impr\u00e9visibles.<\/li>\n<\/ul>\n\n\n\n<div class=\"bon-a-savoir\">\n\n\n\n<h3 class=\"wp-block-heading\">Bon \u00e0 savoir<\/h3>\n\n\n\n<p>Le taux de surprime pour les catastrophes naturelles augmentera de 6 \u00e0 9&nbsp;% en 2025 pour l\u2019assurance auto.<\/p>\n\n\n\n<\/div>\n\n\n\n<h2 class=\"wp-block-heading\" id=\"section-3\">Conducteur maluss\u00e9 : il est quand m\u00eame possible de payer moins cher<\/h2>\n\n\n\n<p>Si m\u00eame un bonus ne peut emp\u00eacher la hausse du prix de l\u2019assurance, il est facile de comprendre pourquoi un conducteur avec un malus peut se sentir frustr\u00e9 par l\u2019augmentation de ses cotisations.<\/p>\n\n\n\n<p>En attendant, 2 options s\u2019offrent \u00e0 vous :&nbsp;<\/p>\n\n\n\n<ol class=\"wp-block-list\">\n<li><strong>Revoir votre contrat<\/strong>&nbsp;: adaptez votre couverture \u00e0 vos besoins r\u00e9els. Vous pouvez, par exemple, passer d\u2019une assurance tous risques \u00e0 une assurance au tiers, opter pour une assurance au kilom\u00e8tre, ou m\u00eame changer pour une voiture moins puissante. Cela peut vraiment all\u00e9ger votre budget assurance \ud83d\udc5b!<\/li>\n\n\n\n<li><strong>Changer d\u2019assureur&nbsp;<\/strong>: en qu\u00eate d\u2019une couverture \u00e0 la fois de meilleure qualit\u00e9 et&nbsp;<a href=\"https:\/\/leocare.eu\/fr\/assurance-auto-en-ligne\/couverture\/contrat\/releve-information\/malus\/moins-cher\/\">moins ch\u00e8re<\/a>, qui prot\u00e8ge efficacement contre les&nbsp;dommages&nbsp;? Prenez le temps de comparer les offres des diff\u00e9rentes&nbsp;compagnies d\u2019assurances. Si votre contrat a plus d\u2019un an, vous pouvez changer d\u2019assureur en envoyant simplement une lettre recommand\u00e9e avec accus\u00e9 de r\u00e9ception \u2709\ufe0f. Trouvez un nouvel assureur qui prendra en charge les d\u00e9marches de r\u00e9siliation pour vous, simplifiant le processus.<\/li>\n\n\n\n<li><strong>D\u00e9nicher <a href=\"https:\/\/leocare.eu\/fr\/assurance-auto-en-ligne\/devis\/tarifs\/promotions\/\">une promotion pour votre assurance auto<\/a> : <\/strong>les assurances proposent de temps en temps des offres pour gagner des mois d&rsquo;assurances pas chers.<\/li>\n<\/ol>\n\n\n\n<div class=\"bon-a-savoir\">\n\n\n\n<h3 class=\"wp-block-heading\">Bon \u00e0 savoir<\/h3>\n\n\n\n<p>Certaines assurances auto sont plus flexibles quant \u00e0 l\u2019acceptation des conducteurs maluss\u00e9s. Demandez Leocare, on vous assure \u00e0 la minute !<\/p>\n\n\n\n<\/div>\n\n\n\n<p><\/p>\n","protected":false},"excerpt":{"rendered":"<p>Chaque ann\u00e9e, sans sinistre responsable, vous gagnez th\u00e9oriquement 5 % de bonus sur votre assurance auto. Pourtant, vous avez remarqu\u00e9 que votre prime annuelle ne diminue pas, et peut m\u00eame augmenter. Les Fran\u00e7ais l\u2019ont aussi ressenti, avec une hausse moyenne de 3,3 % en 2024. Pour quelles raisons ? Explications. Rappel des r\u00e8gles de cotisation [&hellip;]<\/p>\n","protected":false},"author":34,"featured_media":0,"parent":17928,"menu_order":0,"comment_status":"closed","ping_status":"closed","template":"template_seo.php","meta":{"_acf_changed":false,"footnotes":""},"class_list":["post-22727","page","type-page","status-publish","hentry"],"acf":[],"yoast_head":"<!-- This site is optimized with the Yoast SEO plugin v27.3 - https:\/\/yoast.com\/product\/yoast-seo-wordpress\/ -->\n<title>Mon assurance auto augmente malgr\u00e9 un bonus<\/title>\n<meta name=\"description\" content=\"D\u00e9couvrez pourquoi votre prime d\u2019assurance auto augmente malgr\u00e9 votre bonus. Quels sont les facteurs qui influencent le montant final de votre cotisation ?\" \/>\n<meta name=\"robots\" content=\"index, follow, max-snippet:-1, max-image-preview:large, max-video-preview:-1\" \/>\n<link rel=\"canonical\" href=\"https:\/\/leocare.eu\/fr\/assurance-auto-en-ligne\/couverture\/contrat\/releve-information\/malus\/augmente\/\" \/>\n<meta property=\"og:locale\" content=\"fr_FR\" \/>\n<meta property=\"og:type\" content=\"article\" \/>\n<meta property=\"og:title\" content=\"Mon assurance auto augmente malgr\u00e9 un bonus\" \/>\n<meta property=\"og:description\" content=\"D\u00e9couvrez pourquoi votre prime d\u2019assurance auto augmente malgr\u00e9 votre bonus. Quels sont les facteurs qui influencent le montant final de votre cotisation ?\" \/>\n<meta property=\"og:url\" content=\"https:\/\/leocare.eu\/fr\/assurance-auto-en-ligne\/couverture\/contrat\/releve-information\/malus\/augmente\/\" \/>\n<meta property=\"og:site_name\" content=\"Leocare, assurance en ligne automobile et habitation\" \/>\n<meta property=\"article:modified_time\" content=\"2026-04-07T14:37:33+00:00\" \/>\n<meta name=\"twitter:card\" content=\"summary_large_image\" \/>\n<meta name=\"twitter:label1\" content=\"Est. reading time\" \/>\n\t<meta name=\"twitter:data1\" content=\"5 minutes\" \/>\n<!-- \/ Yoast SEO plugin. -->","yoast_head_json":{"title":"Mon assurance auto augmente malgr\u00e9 un bonus","description":"D\u00e9couvrez pourquoi votre prime d\u2019assurance auto augmente malgr\u00e9 votre bonus. Quels sont les facteurs qui influencent le montant final de votre cotisation ?","robots":{"index":"index","follow":"follow","max-snippet":"max-snippet:-1","max-image-preview":"max-image-preview:large","max-video-preview":"max-video-preview:-1"},"canonical":"https:\/\/leocare.eu\/fr\/assurance-auto-en-ligne\/couverture\/contrat\/releve-information\/malus\/augmente\/","og_locale":"fr_FR","og_type":"article","og_title":"Mon assurance auto augmente malgr\u00e9 un bonus","og_description":"D\u00e9couvrez pourquoi votre prime d\u2019assurance auto augmente malgr\u00e9 votre bonus. Quels sont les facteurs qui influencent le montant final de votre cotisation ?","og_url":"https:\/\/leocare.eu\/fr\/assurance-auto-en-ligne\/couverture\/contrat\/releve-information\/malus\/augmente\/","og_site_name":"Leocare, assurance en ligne automobile et habitation","article_modified_time":"2026-04-07T14:37:33+00:00","twitter_card":"summary_large_image","twitter_misc":{"Est. reading time":"5 minutes"},"schema":{"@context":"https:\/\/schema.org","@graph":[{"@type":"WebPage","@id":"https:\/\/leocare.eu\/fr\/assurance-auto-en-ligne\/couverture\/contrat\/releve-information\/malus\/augmente\/","url":"https:\/\/leocare.eu\/fr\/assurance-auto-en-ligne\/couverture\/contrat\/releve-information\/malus\/augmente\/","name":"Mon assurance auto augmente malgr\u00e9 un bonus","isPartOf":{"@id":"https:\/\/leocare.eu\/fr\/#website"},"datePublished":"2024-09-05T14:01:35+00:00","dateModified":"2026-04-07T14:37:33+00:00","description":"D\u00e9couvrez pourquoi votre prime d\u2019assurance auto augmente malgr\u00e9 votre bonus. Quels sont les facteurs qui influencent le montant final de votre cotisation ?","breadcrumb":{"@id":"https:\/\/leocare.eu\/fr\/assurance-auto-en-ligne\/couverture\/contrat\/releve-information\/malus\/augmente\/#breadcrumb"},"inLanguage":"fr-FR","potentialAction":[{"@type":"ReadAction","target":["https:\/\/leocare.eu\/fr\/assurance-auto-en-ligne\/couverture\/contrat\/releve-information\/malus\/augmente\/"]}]},{"@type":"WebSite","@id":"https:\/\/leocare.eu\/fr\/#website","url":"https:\/\/leocare.eu\/fr\/","name":"Leocare, assurance en ligne automobile et habitation","description":"enfin (r)assur\u00e9.e","publisher":{"@id":"https:\/\/leocare.eu\/fr\/#organization"},"potentialAction":[{"@type":"SearchAction","target":{"@type":"EntryPoint","urlTemplate":"https:\/\/leocare.eu\/fr\/?s={search_term_string}"},"query-input":{"@type":"PropertyValueSpecification","valueRequired":true,"valueName":"search_term_string"}}],"inLanguage":"fr-FR"},{"@type":"Organization","@id":"https:\/\/leocare.eu\/fr\/#organization","name":"Leocare, assurance en ligne automobile et habitation","url":"https:\/\/leocare.eu\/fr\/","logo":{"@type":"ImageObject","inLanguage":"fr-FR","@id":"https:\/\/leocare.eu\/fr\/#\/schema\/logo\/image\/","url":"https:\/\/leocare.eu\/fr\/wp-content\/uploads\/2020\/03\/logo-leocare.svg","contentUrl":"https:\/\/leocare.eu\/fr\/wp-content\/uploads\/2020\/03\/logo-leocare.svg","caption":"Leocare, assurance en ligne automobile et habitation"},"image":{"@id":"https:\/\/leocare.eu\/fr\/#\/schema\/logo\/image\/"}}]}},"_links":{"self":[{"href":"https:\/\/leocare.eu\/fr\/wp-json\/wp\/v2\/pages\/22727","targetHints":{"allow":["GET"]}}],"collection":[{"href":"https:\/\/leocare.eu\/fr\/wp-json\/wp\/v2\/pages"}],"about":[{"href":"https:\/\/leocare.eu\/fr\/wp-json\/wp\/v2\/types\/page"}],"author":[{"embeddable":true,"href":"https:\/\/leocare.eu\/fr\/wp-json\/wp\/v2\/users\/34"}],"replies":[{"embeddable":true,"href":"https:\/\/leocare.eu\/fr\/wp-json\/wp\/v2\/comments?post=22727"}],"version-history":[{"count":10,"href":"https:\/\/leocare.eu\/fr\/wp-json\/wp\/v2\/pages\/22727\/revisions"}],"predecessor-version":[{"id":36053,"href":"https:\/\/leocare.eu\/fr\/wp-json\/wp\/v2\/pages\/22727\/revisions\/36053"}],"up":[{"embeddable":true,"href":"https:\/\/leocare.eu\/fr\/wp-json\/wp\/v2\/pages\/17928"}],"wp:attachment":[{"href":"https:\/\/leocare.eu\/fr\/wp-json\/wp\/v2\/media?parent=22727"}],"curies":[{"name":"wp","href":"https:\/\/api.w.org\/{rel}","templated":true}]}}