{"id":22725,"date":"2024-09-05T15:59:00","date_gmt":"2024-09-05T13:59:00","guid":{"rendered":"https:\/\/leocare.eu\/fr\/?page_id=22725"},"modified":"2026-04-07T16:37:32","modified_gmt":"2026-04-07T14:37:32","slug":"franchise","status":"publish","type":"page","link":"https:\/\/leocare.eu\/fr\/assurance-auto-en-ligne\/couverture\/contrat\/releve-information\/malus\/franchise\/","title":{"rendered":"Quelle franchise d\u2019assurance auto s\u2019applique aux conducteurs maluss\u00e9s ?"},"content":{"rendered":"\n<p>Sur la route, que vous soyez un conducteur exp\u00e9riment\u00e9 ou d\u00e9butant, personne n\u2019est \u00e0 l\u2019abri d\u2019un accident. Mais pour les conducteurs maluss\u00e9s, la situation peut vite devenir compliqu\u00e9e, surtout quand il s\u2019agit de payer la franchise d\u2019assurance auto. Vous vous demandez comment \u00e7a fonctionne ? Leocare vous explique tout, de la d\u00e9finition de la franchise aux astuces pour \u00e9viter un malus suppl\u00e9mentaire.<\/p>\n\n\n\n<h2 class=\"wp-block-heading\" id=\"section-1\">Rappel : qu\u2019est-ce que la franchise en assurance auto ?<\/h2>\n\n\n\n<p>Lorsque vous souscrivez une assurance auto, la franchise est\u00a0<strong>la somme qui reste \u00e0 votre charge apr\u00e8s l\u2019indemnisation d\u2019un sinistre<\/strong>. Ce syst\u00e8me responsabilise les conducteurs et les incite \u00e0 adopter une conduite prudente. Pour les\u00a0accidents responsables, vous partagez les frais avec la\u00a0compagnie\u00a0d\u2019assurances. Mais si vous n\u2019\u00eates pas responsable, vous n\u2019avez rien \u00e0 payer ! Toutefois,<strong>\u00a0en cas de tiers non identifi\u00e9<\/strong>, vous pouvez \u00eatre tenu de payer la franchise et\u00a0<a href=\"https:\/\/leocare.eu\/fr\/assurance-auto-en-ligne\/couverture\/contrat\/releve-information\/malus\/que-faire\/\">avoir un malus<\/a>\u00a0si les preuves des circonstances de l\u2019accident\u00a0ne sont pas suffisantes.<\/p>\n\n\n\n<p>Le montant de la franchise<strong>\u00a0d\u00e9pend de l\u2019assureur et de la formule choisie<\/strong>\u00a0(tiers, interm\u00e9diaire ou tous risques). Comparer les contrats est essentiel pour \u00e9viter les surprises financi\u00e8res en cas de sinistre responsable. La franchise s\u2019applique \u00e0 la plupart des garanties, comme le vol, l\u2019incendie, le bris de glace ou la protection juridique.\u00a0<strong>Certaines <a href=\"https:\/\/leocare.eu\/fr\/assurance-auto-en-ligne\/sinistre\/indemnisation\/franchise\/sans\/\">assurances auto sans franchise<\/a> existent<\/strong>, mais elles ont g\u00e9n\u00e9ralement des primes plus \u00e9lev\u00e9es. Choisissez judicieusement !<\/p>\n\n\n\n<p>Il existe\u00a0<strong>plusieurs types de franchises<\/strong>, avec chacun son mode de calcul :\u00a0<\/p>\n\n\n\n<ul class=\"wp-block-list\">\n<li><strong>La franchise absolue<\/strong>&nbsp;: c\u2019est le montant fixe que vous devez payer en cas de sinistre, quelle que soit l\u2019ampleur des d\u00e9g\u00e2ts. Par exemple, si la franchise est de 200&nbsp;\u20ac et que les r\u00e9parations co\u00fbtent 1&nbsp;000&nbsp;\u20ac, l\u2019assur\u00e9 paie 200&nbsp;\u20ac et l\u2019assureur, 800&nbsp;\u20ac. Si les r\u00e9parations co\u00fbtent 150&nbsp;\u20ac, l\u2019assur\u00e9 paie les 150&nbsp;\u20ac et l\u2019assureur, rien.<\/li>\n\n\n\n<li><strong>La franchise relative (ou simple)<\/strong>&nbsp;: cette franchise d\u00e9pend du montant des r\u00e9parations. Si les co\u00fbts sont inf\u00e9rieurs \u00e0 la franchise, vous payez tout. Si les co\u00fbts sont sup\u00e9rieurs, l\u2019assureur prend tout en charge. Par exemple, si votre franchise est de 200&nbsp;\u20ac et que les r\u00e9parations co\u00fbtent 150 \u20ac, vous payez tout. Si les r\u00e9parations co\u00fbtent 300&nbsp;\u20ac, c\u2019est l\u2019assureur qui paie tout.<\/li>\n\n\n\n<li><strong>La franchise proportionnelle<\/strong>&nbsp;: c\u2019est un pourcentage des frais de r\u00e9paration que vous devez payer. Par exemple, si votre franchise est de 10&nbsp;% et que les r\u00e9parations co\u00fbtent 1&nbsp;000&nbsp;\u20ac, vous payez 100&nbsp;\u20ac et l\u2019assureur paie 900&nbsp;\u20ac. Un plafond pour la franchise est parfois d\u00e9termin\u00e9.<\/li>\n\n\n\n<li><strong>La franchise kilom\u00e9trique<\/strong>&nbsp;: utilis\u00e9e surtout pour l\u2019assistance et le d\u00e9pannage, elle couvre les frais uniquement si l\u2019incident se produit \u00e0 plus d\u2019une certaine distance de votre domicile. Par exemple, si votre franchise est de 50&nbsp;km et que vous tombez en panne \u00e0 30&nbsp;km de chez vous, vous payez tout. Si c\u2019est \u00e0 60&nbsp;km, l\u2019assureur paie tout.<\/li>\n\n\n\n<li><strong>La franchise en jours<\/strong>&nbsp;: c\u2019est la p\u00e9riode durant laquelle aucune indemnisation n\u2019est vers\u00e9e par l\u2019assureur apr\u00e8s un sinistre. Par exemple, si la franchise en jours est de 3&nbsp;jours et que l\u2019assur\u00e9 ne peut utiliser son v\u00e9hicule pendant 10&nbsp;jours, l\u2019assureur indemnise les 7&nbsp;jours suivants, apr\u00e8s les 3&nbsp;jours de franchise.<\/li>\n<\/ul>\n\n\n\n<div class=\"bon-a-savoir\">\n\n\n\n<h3 class=\"wp-block-heading\">En r\u00e9sum\u00e9<\/h3>\n\n\n\n<p>En cas d\u2019accident&nbsp;caus\u00e9 par une catastrophe naturelle, la franchise est de 380&nbsp;\u20ac quelle que soit la&nbsp;compagnie d\u2019assurances. Les&nbsp;<a href=\"https:\/\/leocare.eu\/fr\/assurance-auto-en-ligne\/couverture\/contrat\/releve-information\/malus\/\">conducteurs maluss\u00e9s&nbsp;avec un malus<\/a>&nbsp;ne font pas exception \u00e0 cette r\u00e8gle.<\/p>\n\n\n\n<\/div>\n\n\n\n<h2 class=\"wp-block-heading\" id=\"section-2\">Le co\u00fbt de la franchise pour les conducteurs maluss\u00e9s<\/h2>\n\n\n\n<p>Le co\u00fbt de la franchise&nbsp;<strong>pour les conducteurs maluss\u00e9s est souvent plus \u00e9lev\u00e9<\/strong>&nbsp;que pour ceux ayant un bon dossier de conduite. Ils sont en effet consid\u00e9r\u00e9s comme \u00e0 risque en raison de leurs ant\u00e9c\u00e9dents de sinistres ou d\u2019infractions. En cons\u00e9quence, les compagnies d\u2019assurances augmentent souvent les franchises pour ces conducteurs afin de compenser le risque accru.<\/p>\n\n\n\n<p>Vous \u00eates un conducteur maluss\u00e9 ? Rassurez-vous, il existe des moyens de limiter la casse en adoptant quelques bons gestes, \u00e0 commencer par\u00a0<strong>bien choisir son contrat d\u2019assurance auto<\/strong>.<\/p>\n\n\n\n<p>D\u2019ailleurs,&nbsp;<strong>chez Leocare, nous adaptons nos franchises en fonction de votre v\u00e9hicule<\/strong>&nbsp;afin que leur niveau reste en ad\u00e9quation avec la valeur de celui-ci.<\/p>\n\n\n\n<h2 class=\"wp-block-heading\" id=\"section-3\">Comment \u00e9viter l\u2019application de malus \u00e0 mon contrat d\u2019assurance auto ?<\/h2>\n\n\n\n<p>Vous l\u2019aurez compris, le malus peut avoir de nombreuses r\u00e9percussions sur un contrat d\u2019assurance auto. Alors, comment un&nbsp;automobiliste&nbsp;peut-il&nbsp;<a href=\"https:\/\/leocare.eu\/fr\/assurance-auto-en-ligne\/couverture\/contrat\/releve-information\/malus\/eviter-malus\/\">\u00e9viter le malus<\/a>&nbsp;et maintenir une&nbsp;cotisation&nbsp;raisonnable apr\u00e8s avoir eu un&nbsp;accident&nbsp;responsable ?<\/p>\n\n\n\n<p>Voici<strong>&nbsp;3 conseils<\/strong>&nbsp;\u00e0 appliquer :&nbsp;<\/p>\n\n\n\n<ol class=\"wp-block-list\">\n<li><strong>Roulez prudemment :\u00a0<\/strong>votre malus dispara\u00eetra automatiquement au bout de 2 ans gr\u00e2ce \u00e0\u00a0<strong>la descente rapide<\/strong>, qui r\u00e9tablit votre coefficient bonus-malus \u00e0 1 apr\u00e8s deux\u00a0ann\u00e9es cons\u00e9cutives sans sinistre. Pensez aussi \u00e0 faire des stages de sensibilisation et \u00e0 v\u00e9rifier r\u00e9guli\u00e8rement votre v\u00e9hicule pour \u00e9viter les risques inutiles. Pour information, <a href=\"https:\/\/leocare.eu\/fr\/assurance-auto-en-ligne\/couverture\/contrat\/releve-information\/malus\/bonus-maximum\/\">le bonus maximum en assurance auto<\/a> est de 3,5.<\/li>\n\n\n\n<li><strong>Privil\u00e9giez l\u2019accord \u00e0 l\u2019amiable<\/strong>\u00a0en cas d\u2019accident sans gravit\u00e9 : les compagnies d\u2019assurances comptent tous les accidents responsables, m\u00eame mineurs. Ne pas d\u00e9clarer ces sinistres et parvenir \u00e0 un accord \u00e0 l\u2019amiable peut \u00e9viter une majoration de votre prime.<\/li>\n\n\n\n<li><strong>Soyez vigilant quand vous pr\u00eatez votre voiture&nbsp;<\/strong>: si le conducteur emprunteur a un accident responsable, vous subirez \u00e9galement un malus. Le bonus-malus s\u2019applique au souscripteur du contrat et \u00e0 la voiture assur\u00e9e, pas au conducteur.<\/li>\n<\/ol>\n","protected":false},"excerpt":{"rendered":"<p>Sur la route, que vous soyez un conducteur exp\u00e9riment\u00e9 ou d\u00e9butant, personne n\u2019est \u00e0 l\u2019abri d\u2019un accident. Mais pour les conducteurs maluss\u00e9s, la situation peut vite devenir compliqu\u00e9e, surtout quand il s\u2019agit de payer la franchise d\u2019assurance auto. Vous vous demandez comment \u00e7a fonctionne ? Leocare vous explique tout, de la d\u00e9finition de la franchise [&hellip;]<\/p>\n","protected":false},"author":34,"featured_media":0,"parent":17928,"menu_order":0,"comment_status":"closed","ping_status":"closed","template":"template_seo.php","meta":{"_acf_changed":false,"footnotes":""},"class_list":["post-22725","page","type-page","status-publish","hentry"],"acf":[],"yoast_head":"<!-- This site is optimized with the Yoast SEO plugin v27.3 - https:\/\/yoast.com\/product\/yoast-seo-wordpress\/ -->\n<title>Assurance auto : quelle franchise pour un conducteur maluss\u00e9 ?<\/title>\n<meta name=\"description\" content=\"D\u00e9couvrez comment la franchise d\u2019assurance auto impacte les conducteurs maluss\u00e9s et comment \u00e9viter d\u2019alourdir votre malus. Conseils pratiques inclus !\" \/>\n<meta name=\"robots\" content=\"index, follow, max-snippet:-1, max-image-preview:large, max-video-preview:-1\" \/>\n<link rel=\"canonical\" href=\"https:\/\/leocare.eu\/fr\/assurance-auto-en-ligne\/couverture\/contrat\/releve-information\/malus\/franchise\/\" \/>\n<meta property=\"og:locale\" content=\"fr_FR\" \/>\n<meta property=\"og:type\" content=\"article\" \/>\n<meta property=\"og:title\" content=\"Assurance auto : quelle franchise pour un conducteur maluss\u00e9 ?\" \/>\n<meta property=\"og:description\" content=\"D\u00e9couvrez comment la franchise d\u2019assurance auto impacte les conducteurs maluss\u00e9s et comment \u00e9viter d\u2019alourdir votre malus. Conseils pratiques inclus !\" \/>\n<meta property=\"og:url\" content=\"https:\/\/leocare.eu\/fr\/assurance-auto-en-ligne\/couverture\/contrat\/releve-information\/malus\/franchise\/\" \/>\n<meta property=\"og:site_name\" content=\"Leocare, assurance en ligne automobile et habitation\" \/>\n<meta property=\"article:modified_time\" content=\"2026-04-07T14:37:32+00:00\" \/>\n<meta name=\"twitter:card\" content=\"summary_large_image\" \/>\n<meta name=\"twitter:label1\" content=\"Est. reading time\" \/>\n\t<meta name=\"twitter:data1\" content=\"5 minutes\" \/>\n<!-- \/ Yoast SEO plugin. -->","yoast_head_json":{"title":"Assurance auto : quelle franchise pour un conducteur maluss\u00e9 ?","description":"D\u00e9couvrez comment la franchise d\u2019assurance auto impacte les conducteurs maluss\u00e9s et comment \u00e9viter d\u2019alourdir votre malus. Conseils pratiques inclus !","robots":{"index":"index","follow":"follow","max-snippet":"max-snippet:-1","max-image-preview":"max-image-preview:large","max-video-preview":"max-video-preview:-1"},"canonical":"https:\/\/leocare.eu\/fr\/assurance-auto-en-ligne\/couverture\/contrat\/releve-information\/malus\/franchise\/","og_locale":"fr_FR","og_type":"article","og_title":"Assurance auto : quelle franchise pour un conducteur maluss\u00e9 ?","og_description":"D\u00e9couvrez comment la franchise d\u2019assurance auto impacte les conducteurs maluss\u00e9s et comment \u00e9viter d\u2019alourdir votre malus. Conseils pratiques inclus !","og_url":"https:\/\/leocare.eu\/fr\/assurance-auto-en-ligne\/couverture\/contrat\/releve-information\/malus\/franchise\/","og_site_name":"Leocare, assurance en ligne automobile et habitation","article_modified_time":"2026-04-07T14:37:32+00:00","twitter_card":"summary_large_image","twitter_misc":{"Est. reading time":"5 minutes"},"schema":{"@context":"https:\/\/schema.org","@graph":[{"@type":"WebPage","@id":"https:\/\/leocare.eu\/fr\/assurance-auto-en-ligne\/couverture\/contrat\/releve-information\/malus\/franchise\/","url":"https:\/\/leocare.eu\/fr\/assurance-auto-en-ligne\/couverture\/contrat\/releve-information\/malus\/franchise\/","name":"Assurance auto : quelle franchise pour un conducteur maluss\u00e9 ?","isPartOf":{"@id":"https:\/\/leocare.eu\/fr\/#website"},"datePublished":"2024-09-05T13:59:00+00:00","dateModified":"2026-04-07T14:37:32+00:00","description":"D\u00e9couvrez comment la franchise d\u2019assurance auto impacte les conducteurs maluss\u00e9s et comment \u00e9viter d\u2019alourdir votre malus. Conseils pratiques inclus !","breadcrumb":{"@id":"https:\/\/leocare.eu\/fr\/assurance-auto-en-ligne\/couverture\/contrat\/releve-information\/malus\/franchise\/#breadcrumb"},"inLanguage":"fr-FR","potentialAction":[{"@type":"ReadAction","target":["https:\/\/leocare.eu\/fr\/assurance-auto-en-ligne\/couverture\/contrat\/releve-information\/malus\/franchise\/"]}]},{"@type":"WebSite","@id":"https:\/\/leocare.eu\/fr\/#website","url":"https:\/\/leocare.eu\/fr\/","name":"Leocare, assurance en ligne automobile et habitation","description":"enfin (r)assur\u00e9.e","publisher":{"@id":"https:\/\/leocare.eu\/fr\/#organization"},"potentialAction":[{"@type":"SearchAction","target":{"@type":"EntryPoint","urlTemplate":"https:\/\/leocare.eu\/fr\/?s={search_term_string}"},"query-input":{"@type":"PropertyValueSpecification","valueRequired":true,"valueName":"search_term_string"}}],"inLanguage":"fr-FR"},{"@type":"Organization","@id":"https:\/\/leocare.eu\/fr\/#organization","name":"Leocare, assurance en ligne automobile et habitation","url":"https:\/\/leocare.eu\/fr\/","logo":{"@type":"ImageObject","inLanguage":"fr-FR","@id":"https:\/\/leocare.eu\/fr\/#\/schema\/logo\/image\/","url":"https:\/\/leocare.eu\/fr\/wp-content\/uploads\/2020\/03\/logo-leocare.svg","contentUrl":"https:\/\/leocare.eu\/fr\/wp-content\/uploads\/2020\/03\/logo-leocare.svg","caption":"Leocare, assurance en ligne automobile et habitation"},"image":{"@id":"https:\/\/leocare.eu\/fr\/#\/schema\/logo\/image\/"}}]}},"_links":{"self":[{"href":"https:\/\/leocare.eu\/fr\/wp-json\/wp\/v2\/pages\/22725","targetHints":{"allow":["GET"]}}],"collection":[{"href":"https:\/\/leocare.eu\/fr\/wp-json\/wp\/v2\/pages"}],"about":[{"href":"https:\/\/leocare.eu\/fr\/wp-json\/wp\/v2\/types\/page"}],"author":[{"embeddable":true,"href":"https:\/\/leocare.eu\/fr\/wp-json\/wp\/v2\/users\/34"}],"replies":[{"embeddable":true,"href":"https:\/\/leocare.eu\/fr\/wp-json\/wp\/v2\/comments?post=22725"}],"version-history":[{"count":11,"href":"https:\/\/leocare.eu\/fr\/wp-json\/wp\/v2\/pages\/22725\/revisions"}],"predecessor-version":[{"id":36832,"href":"https:\/\/leocare.eu\/fr\/wp-json\/wp\/v2\/pages\/22725\/revisions\/36832"}],"up":[{"embeddable":true,"href":"https:\/\/leocare.eu\/fr\/wp-json\/wp\/v2\/pages\/17928"}],"wp:attachment":[{"href":"https:\/\/leocare.eu\/fr\/wp-json\/wp\/v2\/media?parent=22725"}],"curies":[{"name":"wp","href":"https:\/\/api.w.org\/{rel}","templated":true}]}}