{"id":22723,"date":"2024-09-05T16:02:19","date_gmt":"2024-09-05T14:02:19","guid":{"rendered":"https:\/\/leocare.eu\/fr\/?page_id=22723"},"modified":"2026-04-07T16:37:31","modified_gmt":"2026-04-07T14:37:31","slug":"moins-cher","status":"publish","type":"page","link":"https:\/\/leocare.eu\/fr\/assurance-auto-en-ligne\/couverture\/contrat\/releve-information\/malus\/moins-cher\/","title":{"rendered":"Comment trouver l\u2019assurance auto la moins ch\u00e8re lorsque l\u2019on est maluss\u00e9\u00a0?"},"content":{"rendered":"\n<p>Si suite \u00e0 plusieurs accidents responsables, vous \u00eates devenu un conducteur maluss\u00e9, sachez qu\u2019il existe des solutions pour trouver une assurance adapt\u00e9e. Des compagnies d\u2019assurances malus proposent des cotisations et des garanties sp\u00e9cifiques sur une p\u00e9riode donn\u00e9e, le temps de r\u00e9cup\u00e9rer du bonus et de souscrire un nouveau contrat. Parce qu\u2019on a tous droit \u00e0 l\u2019erreur, Leocare vous explique comment bien choisir votre assurance malus.<\/p>\n\n\n\n<h2 class=\"wp-block-heading\" id=\"section-1\">Est-il possible de n\u00e9gocier son contrat auto lorsque l\u2019on est maluss\u00e9 ?<\/h2>\n\n\n\n<p>Si votre CRM (Coefficient R\u00e9duction-Majoration) est sup\u00e9rieur \u00e0 1, il est possible que votre assurance ne veuille plus vous assurer et qu\u2019elle vous radie. L\u2019assurance automobile \u00e9tant obligatoire, sans ce contrat, vous ne pourrez plus prendre le volant. Heureusement, il existe des&nbsp;<strong>recours<\/strong>&nbsp;et des&nbsp;<strong>assurances sp\u00e9cialis\u00e9es<\/strong>&nbsp;pour les conducteurs maluss\u00e9s.&nbsp;<\/p>\n\n\n\n<section class=\"wp-block-leocare-bon-a-savoir leocare-bas\"><div class=\"leocare-bas__head\"><img decoding=\"async\" class=\"leocare-bas__icon\" src=\"https:\/\/leocare.eu\/fr\/wp-content\/themes\/leocare-new\/assets\/img\/icon-alert-purple.svg\" alt=\"icon alerte\"\/><h3 class=\"leocare-bas__title\">Bon \u00e0 savoir<\/h3><\/div><div class=\"leocare-bas__content\">\n<p>Le <a href=\"https:\/\/leocare.eu\/fr\/assurance-auto-en-ligne\/couverture\/contrat\/releve-information\/malus\/bonus-maximum\/\">bonus maximum en assurance auto<\/a> est de 3,5 en France.<\/p>\n<\/div><\/section>\n\n\n\n<p>Si vous \u00eates un conducteur maluss\u00e9 et que vous avez \u00e9t\u00e9 radi\u00e9 par votre compagnie d\u2019assurances, vous avez deux solutions pour assurer votre v\u00e9hicule et prendre la route \u00e0 nouveau.<\/p>\n\n\n\n<ul class=\"wp-block-list\">\n<li><strong>Saisir le Bureau central de tarification (BCT).<\/strong><\/li>\n<\/ul>\n\n\n\n<p>Si ni votre compagnie d\u2019assurances, ni aucune autre compagnie ne veut plus vous assurer, vous pouvez solliciter le&nbsp;<strong>Bureau central de tarification (BCT)<\/strong>. Cet organisme sous autorit\u00e9 administrative a le pouvoir de contraindre la compagnie d\u2019assurances de votre choix \u00e0 vous assurer. Apr\u00e8s \u00e9tude de votre dossier, c\u2019est le BCT qui fixe le tarif de l\u2019assurance. Attention, il s\u2019agit uniquement de la partie obligatoire de l\u2019assurance, \u00e0 savoir la&nbsp;<strong>RC (responsabilit\u00e9 civile)<\/strong>. L\u2019assurance n\u2019a pas l\u2019obligation de vous proposer d\u2019autres garanties. Cette solution vous permet de continuer \u00e0 rouler en toute l\u00e9galit\u00e9 mais sans garanties de s\u00e9curit\u00e9 financi\u00e8re (indemnisation en cas de dommages mat\u00e9riels ou dommages corporels).<\/p>\n\n\n\n<ul class=\"wp-block-list\">\n<li><strong>Choisir une assurance auto malus.<\/strong><\/li>\n<\/ul>\n\n\n\n<p>La solution la plus raisonnable : vous pouvez souscrire un contrat aupr\u00e8s d\u2019une&nbsp;<strong>assurance sp\u00e9cialis\u00e9e dans les malus<\/strong>. Les assurances malus ont les comp\u00e9tences pour proposer des&nbsp;<a href=\"https:\/\/leocare.eu\/fr\/assurance-auto-en-ligne\/couverture\/contrat\/releve-information\/malus\/contrats\/\">contrats d\u2019assurance<\/a>&nbsp;\u00e0 tous les conducteurs, m\u00eame aux jeunes conducteurs, y compris en cas d\u2019accidents responsables.<\/p>\n\n\n\n<p>Les&nbsp;maluss\u00e9s&nbsp;peuvent ainsi b\u00e9n\u00e9ficier d\u2019une&nbsp;<a href=\"https:\/\/leocare.eu\/fr\/assurance-auto-en-ligne\/couverture\/contrat\/releve-information\/malus\/\">assurance auto malus<\/a>&nbsp;avec toutefois des&nbsp;cotisations&nbsp;et des garanties ajust\u00e9es en fonction du montant du&nbsp;malus. Le prix de l\u2019assurance mensuelle peut donc \u00eatre cons\u00e9quent.&nbsp;<\/p>\n\n\n\n<p>Faites des \u00e9conomies : consultez les\u00a0<strong>comparateurs d\u2019assurance malus<\/strong>\u00a0pour trouver la plus adapt\u00e9e \u00e0 vos besoins et \u00e0 votre budget.<\/p>\n\n\n\n<h2 class=\"wp-block-heading\" id=\"section-2\">Les assurances auto font payer cher les conducteurs maluss\u00e9s<\/h2>\n\n\n\n<p>L\u2019assurance automobile \u00e9tant obligatoire, les conducteurs maluss\u00e9s et\/ou radi\u00e9s se trouvent alors en position de faiblesse sur le march\u00e9 des assurances auto\u2026 Dans ces conditions, les prix des cotisations d\u2019assurance peuvent vite grimper en fl\u00e8che, sans que les garanties soient pour autant satisfaisantes.<\/p>\n\n\n\n<p><strong>Pour bien choisir votre compagnie :&nbsp;<\/strong><\/p>\n\n\n\n<ul class=\"wp-block-list\">\n<li>Demandez \u00e0 votre ancienne assurance<strong>&nbsp;votre RI (relev\u00e9 d\u2019information)&nbsp;<\/strong>mentionnant votre coefficient de malus.<\/li>\n\n\n\n<li>Comparez les tarifs et les formules \u00e0&nbsp;<strong>garanties \u00e9gales<\/strong>.<\/li>\n\n\n\n<li>V\u00e9rifiez les couvertures pour les&nbsp;<strong>dommages corporels ou mat\u00e9riels<\/strong>, sur vous ou sur autrui, pour des&nbsp;<strong>accidents responsables ou non responsables<\/strong>.<\/li>\n\n\n\n<li>Comparez le montant des&nbsp;<strong>franchises<\/strong>.<\/li>\n\n\n\n<li>Choisissez une assurance avec un&nbsp;<strong>service client en France<\/strong>.<\/li>\n\n\n\n<li>Optez pour une assurance&nbsp;<strong>100 % digitale<\/strong>&nbsp;: aussi performante, moins ch\u00e8re et plus r\u00e9active.<\/li>\n<\/ul>\n\n\n\n<div class=\"bon-a-savoir\">\n\n\n\n<h3 class=\"wp-block-heading\">Bon \u00e0 savoir<\/h3>\n\n\n\n<p>Votre voiture a \u00e9t\u00e9 vol\u00e9e ? Si <a href=\"https:\/\/leocare.eu\/fr\/assurance-auto-en-ligne\/couverture\/contrat\/releve-information\/malus\/vol-de-voiture\/\">l&#8217;assurance en cas de vol de voiture<\/a> est activ\u00e9e, <strong>vous \u00eates couverts et cerise sur le g\u00e2teau : il n\u2019y a pas d\u2019impact sur votre coefficient bonus-malus.<\/strong><\/p>\n\n\n\n<\/div>\n\n\n\n<h2 class=\"wp-block-heading\" id=\"section-3\">Les formules les moins ch\u00e8res en assurance auto pour conducteurs maluss\u00e9s<\/h2>\n\n\n\n<p>Votre&nbsp;assurance automobile&nbsp;peut&nbsp;<a href=\"https:\/\/leocare.eu\/fr\/assurance-auto-en-ligne\/couverture\/contrat\/releve-information\/malus\/calcul-malus-25\/\">majorer de 25% votre coefficient<\/a>&nbsp;dans le cas d\u2019un&nbsp;malus&nbsp;et r\u00e9\u00e9valuer \u00e9galement votre&nbsp;prime d\u2019assurance.<\/p>\n\n\n\n<p>Le calcul du CRM (Coefficient R\u00e9duction-Majoration) est bas\u00e9 selon le fonctionnement suivant :&nbsp;<\/p>\n\n\n\n<ul class=\"wp-block-list\">\n<li>Le coefficient bonus-malus commence \u00e0 1 pour tous les automobilistes.&nbsp;<\/li>\n\n\n\n<li>Le coefficient diminue de 5 % si vous n\u2019avez pas d\u00e9clar\u00e9 de sinistres au cours des 12 derniers mois.<\/li>\n\n\n\n<li>Le coefficient augmente de 12,5 % en cas de sinistres partiellement responsables.<\/li>\n\n\n\n<li>Le coefficient augmente jusqu\u2019\u00e0 25 % en cas de sinistres responsables.<\/li>\n<\/ul>\n\n\n\n<p><strong>\ud83d\udc49 Donc pour faire simple, votre bonus\/malus reviendra automatiquement au niveau maximum de 1 apr\u00e8s 2 ans d\u2019assurance sans accident responsable.<\/strong><\/p>\n\n\n\n<p>Suite \u00e0 des dommages ou sinistres responsables, votre assurance peut augmenter le tarif de vos cotisations. Il existe des compagnies d\u2019assurances sp\u00e9ciales malus qui proposent aux automobilistes des&nbsp;<a href=\"https:\/\/leocare.eu\/fr\/assurance-auto-en-ligne\/couverture\/contrat\/releve-information\/malus\/augmente\/\">contrats assurance<\/a>&nbsp;sp\u00e9cifiques, le temps de r\u00e9cup\u00e9rer leur bonus.<\/p>\n\n\n\n<p>Attention, m\u00eame sans&nbsp;dommages&nbsp;ou sinistres responsables, il arrive que les&nbsp;compagnies d\u2019assurances&nbsp;<a href=\"https:\/\/leocare.eu\/fr\/assurance-auto-en-ligne\/couverture\/contrat\/releve-information\/malus\/augmente\/\">augmentent le tarif des cotisations<\/a>&nbsp;m\u00eame pour les \u201cbonuss\u00e9s\u201d (les conducteurs sans&nbsp;malus).&nbsp;<\/p>\n\n\n\n<p>Le montant de votre prime annuelle refl\u00e8te le risque que prend votre assureur pour vous garantir des indemnisations. Ce tarif est calcul\u00e9 selon votre profil individuel et l\u2019usage que vous faites de votre v\u00e9hicule. \u00c0 cela peuvent s\u2019ajouter d\u2019autres facteurs comme la conjoncture (inflation) ou la strat\u00e9gie commerciale des assureurs.<\/p>\n","protected":false},"excerpt":{"rendered":"<p>Si suite \u00e0 plusieurs accidents responsables, vous \u00eates devenu un conducteur maluss\u00e9, sachez qu\u2019il existe des solutions pour trouver une assurance adapt\u00e9e. Des compagnies d\u2019assurances malus proposent des cotisations et des garanties sp\u00e9cifiques sur une p\u00e9riode donn\u00e9e, le temps de r\u00e9cup\u00e9rer du bonus et de souscrire un nouveau contrat. Parce qu\u2019on a tous droit \u00e0 [&hellip;]<\/p>\n","protected":false},"author":34,"featured_media":0,"parent":17928,"menu_order":0,"comment_status":"closed","ping_status":"closed","template":"template_seo.php","meta":{"_acf_changed":false,"footnotes":""},"class_list":["post-22723","page","type-page","status-publish","hentry"],"acf":[],"yoast_head":"<!-- This site is optimized with the Yoast SEO plugin v27.3 - https:\/\/yoast.com\/product\/yoast-seo-wordpress\/ -->\n<title>Assurance auto pour conducteur maluss\u00e9 la moins ch\u00e8re<\/title>\n<meta name=\"description\" content=\"Vous \u00eates un conducteur maluss\u00e9 ? Faites des \u00e9conomies en trouvant la compagnie d\u2019assurance auto malus la moins ch\u00e8re et la plus performante du march\u00e9 !\" \/>\n<meta name=\"robots\" content=\"index, follow, max-snippet:-1, max-image-preview:large, max-video-preview:-1\" \/>\n<link rel=\"canonical\" href=\"https:\/\/leocare.eu\/fr\/assurance-auto-en-ligne\/couverture\/contrat\/releve-information\/malus\/moins-cher\/\" \/>\n<meta property=\"og:locale\" content=\"fr_FR\" \/>\n<meta property=\"og:type\" content=\"article\" \/>\n<meta property=\"og:title\" content=\"Assurance auto pour conducteur maluss\u00e9 la moins ch\u00e8re\" \/>\n<meta property=\"og:description\" content=\"Vous \u00eates un conducteur maluss\u00e9 ? Faites des \u00e9conomies en trouvant la compagnie d\u2019assurance auto malus la moins ch\u00e8re et la plus performante du march\u00e9 !\" \/>\n<meta property=\"og:url\" content=\"https:\/\/leocare.eu\/fr\/assurance-auto-en-ligne\/couverture\/contrat\/releve-information\/malus\/moins-cher\/\" \/>\n<meta property=\"og:site_name\" content=\"Leocare, assurance en ligne automobile et habitation\" \/>\n<meta property=\"article:modified_time\" content=\"2026-04-07T14:37:31+00:00\" \/>\n<meta property=\"og:image\" content=\"https:\/\/leocare.eu\/fr\/wp-content\/themes\/leocare-new\/assets\/img\/icon-alert-purple.svg\" \/>\n<meta name=\"twitter:card\" content=\"summary_large_image\" \/>\n<meta name=\"twitter:label1\" content=\"Est. reading time\" \/>\n\t<meta name=\"twitter:data1\" content=\"4 minutes\" \/>\n<!-- \/ Yoast SEO plugin. -->","yoast_head_json":{"title":"Assurance auto pour conducteur maluss\u00e9 la moins ch\u00e8re","description":"Vous \u00eates un conducteur maluss\u00e9 ? Faites des \u00e9conomies en trouvant la compagnie d\u2019assurance auto malus la moins ch\u00e8re et la plus performante du march\u00e9 !","robots":{"index":"index","follow":"follow","max-snippet":"max-snippet:-1","max-image-preview":"max-image-preview:large","max-video-preview":"max-video-preview:-1"},"canonical":"https:\/\/leocare.eu\/fr\/assurance-auto-en-ligne\/couverture\/contrat\/releve-information\/malus\/moins-cher\/","og_locale":"fr_FR","og_type":"article","og_title":"Assurance auto pour conducteur maluss\u00e9 la moins ch\u00e8re","og_description":"Vous \u00eates un conducteur maluss\u00e9 ? Faites des \u00e9conomies en trouvant la compagnie d\u2019assurance auto malus la moins ch\u00e8re et la plus performante du march\u00e9 !","og_url":"https:\/\/leocare.eu\/fr\/assurance-auto-en-ligne\/couverture\/contrat\/releve-information\/malus\/moins-cher\/","og_site_name":"Leocare, assurance en ligne automobile et habitation","article_modified_time":"2026-04-07T14:37:31+00:00","og_image":[{"url":"https:\/\/leocare.eu\/fr\/wp-content\/themes\/leocare-new\/assets\/img\/icon-alert-purple.svg","type":"","width":"","height":""}],"twitter_card":"summary_large_image","twitter_misc":{"Est. reading time":"4 minutes"},"schema":{"@context":"https:\/\/schema.org","@graph":[{"@type":"WebPage","@id":"https:\/\/leocare.eu\/fr\/assurance-auto-en-ligne\/couverture\/contrat\/releve-information\/malus\/moins-cher\/","url":"https:\/\/leocare.eu\/fr\/assurance-auto-en-ligne\/couverture\/contrat\/releve-information\/malus\/moins-cher\/","name":"Assurance auto pour conducteur maluss\u00e9 la moins ch\u00e8re","isPartOf":{"@id":"https:\/\/leocare.eu\/fr\/#website"},"primaryImageOfPage":{"@id":"https:\/\/leocare.eu\/fr\/assurance-auto-en-ligne\/couverture\/contrat\/releve-information\/malus\/moins-cher\/#primaryimage"},"image":{"@id":"https:\/\/leocare.eu\/fr\/assurance-auto-en-ligne\/couverture\/contrat\/releve-information\/malus\/moins-cher\/#primaryimage"},"thumbnailUrl":"https:\/\/leocare.eu\/fr\/wp-content\/themes\/leocare-new\/assets\/img\/icon-alert-purple.svg","datePublished":"2024-09-05T14:02:19+00:00","dateModified":"2026-04-07T14:37:31+00:00","description":"Vous \u00eates un conducteur maluss\u00e9 ? Faites des \u00e9conomies en trouvant la compagnie d\u2019assurance auto malus la moins ch\u00e8re et la plus performante du march\u00e9 !","breadcrumb":{"@id":"https:\/\/leocare.eu\/fr\/assurance-auto-en-ligne\/couverture\/contrat\/releve-information\/malus\/moins-cher\/#breadcrumb"},"inLanguage":"fr-FR","potentialAction":[{"@type":"ReadAction","target":["https:\/\/leocare.eu\/fr\/assurance-auto-en-ligne\/couverture\/contrat\/releve-information\/malus\/moins-cher\/"]}]},{"@type":"ImageObject","inLanguage":"fr-FR","@id":"https:\/\/leocare.eu\/fr\/assurance-auto-en-ligne\/couverture\/contrat\/releve-information\/malus\/moins-cher\/#primaryimage","url":"https:\/\/leocare.eu\/fr\/wp-content\/themes\/leocare-new\/assets\/img\/icon-alert-purple.svg","contentUrl":"https:\/\/leocare.eu\/fr\/wp-content\/themes\/leocare-new\/assets\/img\/icon-alert-purple.svg"},{"@type":"WebSite","@id":"https:\/\/leocare.eu\/fr\/#website","url":"https:\/\/leocare.eu\/fr\/","name":"Leocare, assurance en ligne automobile et habitation","description":"enfin (r)assur\u00e9.e","publisher":{"@id":"https:\/\/leocare.eu\/fr\/#organization"},"potentialAction":[{"@type":"SearchAction","target":{"@type":"EntryPoint","urlTemplate":"https:\/\/leocare.eu\/fr\/?s={search_term_string}"},"query-input":{"@type":"PropertyValueSpecification","valueRequired":true,"valueName":"search_term_string"}}],"inLanguage":"fr-FR"},{"@type":"Organization","@id":"https:\/\/leocare.eu\/fr\/#organization","name":"Leocare, assurance en ligne automobile et habitation","url":"https:\/\/leocare.eu\/fr\/","logo":{"@type":"ImageObject","inLanguage":"fr-FR","@id":"https:\/\/leocare.eu\/fr\/#\/schema\/logo\/image\/","url":"https:\/\/leocare.eu\/fr\/wp-content\/uploads\/2020\/03\/logo-leocare.svg","contentUrl":"https:\/\/leocare.eu\/fr\/wp-content\/uploads\/2020\/03\/logo-leocare.svg","caption":"Leocare, assurance en ligne automobile et habitation"},"image":{"@id":"https:\/\/leocare.eu\/fr\/#\/schema\/logo\/image\/"}}]}},"_links":{"self":[{"href":"https:\/\/leocare.eu\/fr\/wp-json\/wp\/v2\/pages\/22723","targetHints":{"allow":["GET"]}}],"collection":[{"href":"https:\/\/leocare.eu\/fr\/wp-json\/wp\/v2\/pages"}],"about":[{"href":"https:\/\/leocare.eu\/fr\/wp-json\/wp\/v2\/types\/page"}],"author":[{"embeddable":true,"href":"https:\/\/leocare.eu\/fr\/wp-json\/wp\/v2\/users\/34"}],"replies":[{"embeddable":true,"href":"https:\/\/leocare.eu\/fr\/wp-json\/wp\/v2\/comments?post=22723"}],"version-history":[{"count":11,"href":"https:\/\/leocare.eu\/fr\/wp-json\/wp\/v2\/pages\/22723\/revisions"}],"predecessor-version":[{"id":36295,"href":"https:\/\/leocare.eu\/fr\/wp-json\/wp\/v2\/pages\/22723\/revisions\/36295"}],"up":[{"embeddable":true,"href":"https:\/\/leocare.eu\/fr\/wp-json\/wp\/v2\/pages\/17928"}],"wp:attachment":[{"href":"https:\/\/leocare.eu\/fr\/wp-json\/wp\/v2\/media?parent=22723"}],"curies":[{"name":"wp","href":"https:\/\/api.w.org\/{rel}","templated":true}]}}