{"id":22712,"date":"2024-09-05T16:01:59","date_gmt":"2024-09-05T14:01:59","guid":{"rendered":"https:\/\/leocare.eu\/fr\/?page_id=22712"},"modified":"2026-04-07T16:37:28","modified_gmt":"2026-04-07T14:37:28","slug":"animal","status":"publish","type":"page","link":"https:\/\/leocare.eu\/fr\/assurance-auto-en-ligne\/couverture\/contrat\/releve-information\/malus\/animal\/","title":{"rendered":"Quel malus apr\u00e8s un accident survenu apr\u00e8s avoir \u00e9vit\u00e9 un animal ?"},"content":{"rendered":"\n<p>En ville ou en campagne, il n\u2019est pas rare de croiser sur la route des animaux qui surgissent parfois de nulle part, perturbant ainsi notre conduite. M\u00eame en roulant avec attention et en respectant les limitations de vitesse, il peut \u00eatre difficile d\u2019\u00e9viter de faire une embard\u00e9e\u2026 Au risque de percuter un arbre, atterrir dans le foss\u00e9 ou foncer dans un objet (barri\u00e8re, mur). Que faire si vous \u00eates l\u2019auteur et en quelque sorte victime de cet accident ? Les Leoconseillers vous expliquent la d\u00e9marche \u00e0 suivre et les cons\u00e9quences sur votre bonus-malus \ud83e\udd17.<\/p>\n\n\n\n<h2 class=\"wp-block-heading\" id=\"section-1\">Comment r\u00e9agir apr\u00e8s un accident provoqu\u00e9 par une rencontre avec un animal&nbsp;?<\/h2>\n\n\n\n<p>Vous conduisez \u00e0 50 km\/h sur une petite route de campagne et soudain surgit des fourr\u00e9s un sanglier \ud83d\udc17 qui vous coupe la route pour traverser la chauss\u00e9e.&nbsp;<\/p>\n\n\n\n<p>Afin d\u2019\u00e9viter la collision avec l\u2019animal, vous faites une embard\u00e9e et vous percutez une borne kilom\u00e9trique.&nbsp;<\/p>\n\n\n\n<p>Bilan : carrosserie et moteur endommag\u00e9s et d\u00e9g\u00e2ts mat\u00e9riels sur un \u00e9l\u00e9ment de signalisation publique.<\/p>\n\n\n\n<p>Dans ces circonstances, comment r\u00e9agir ?<\/p>\n\n\n\n<ol class=\"wp-block-list\">\n<li>En cas de dommages corporels,&nbsp;<strong>appelez les secours.<\/strong><\/li>\n\n\n\n<li><strong>Appelez votre compagnie d\u2019assurances<\/strong>&nbsp;pour la pr\u00e9venir de la collision avec un animal.<\/li>\n\n\n\n<li><strong>Contactez la police ou la gendarmerie<\/strong>&nbsp;pour qu\u2019elle vienne sur place constater les d\u00e9g\u00e2ts. Un proc\u00e8s-verbal sera ensuite dress\u00e9 pour collision avec une b\u00eate sauvage.&nbsp;<\/li>\n<\/ol>\n\n\n\n<div class=\"bon-a-savoir\">\n\n\n\n<h3 class=\"wp-block-heading\">Bon \u00e0 savoir<\/h3>\n\n\n\n<p>Avec l\u2019appli Leocare, vous pouvez d\u00e9clarer votre accident en quelques minutes gr\u00e2ce au e-constat !<\/p>\n\n\n\n<p>Votre dossier sera ensuite pris en charge en traitement express \ud83d\ude4c.<\/p>\n\n\n\n<\/div><div class=\"bon-a-savoir\">\n\n\n\n<h3 class=\"wp-block-heading\">Cas particulier<\/h3>\n\n\n\n<p>S\u2019il s\u2019agit d\u2019une&nbsp;<a href=\"https:\/\/leocare.eu\/fr\/assurance-auto-en-ligne\/couverture\/contrat\/releve-information\/malus\/location\/\">voiture de location<\/a>, contactez directement l\u2019assurance du loueur de voitures qui saura vous aiguiller sur la d\u00e9marche \u00e0 suivre.<\/p>\n\n\n\n<\/div>\n\n\n\n<h2 class=\"wp-block-heading\" id=\"section-2\">Existe-t-il en assurance des garanties sp\u00e9cifiques aux rencontres avec les animaux ?<\/h2>\n\n\n\n<p>Dans le cas d\u2019un accident avec un animal&nbsp;(animal sauvage et non un animal domestique, car il ne s\u2019agit pas de la m\u00eame r\u00e9glementation dans ce cas), la collision est&nbsp;<strong>qualifi\u00e9e d\u2019accident sans tiers identifi\u00e9<\/strong>. La plupart du temps, l\u2019automobiliste n\u2019est pas consid\u00e9r\u00e9 comme responsable de l\u2019accident, notamment en cas de force majeure.<\/p>\n\n\n\n<p>En cas de dommages mat\u00e9riels ou corporels, c\u2019est le constat de l\u2019expert qui d\u00e9terminera la part de responsabilit\u00e9 du conducteur. C\u2019est ensuite votre assurance qui, suite aux conclusions de l\u2019expertise, \u00e9valuera le montant de la prise en charge des d\u00e9g\u00e2ts.<\/p>\n\n\n\n<p>Certaines compagnies d\u2019assurances, comme Leocare \ud83d\ude09, proposent une&nbsp;<strong>garantie dommages tous accidents<\/strong>&nbsp;qui vous indemnisera en cas de rencontre inopportune avec des animaux sauvages (chevreuils, cerfs, renards, blaireaux, li\u00e8vres).<\/p>\n\n\n\n<h2 class=\"wp-block-heading\" id=\"section-3\">En cas de force majeure : pas de majoration<\/h2>\n\n\n\n<p>Si vous avez un accident apr\u00e8s avoir \u00e9vit\u00e9 une collision avec un animal de type gibier, les circonstances sont qualifi\u00e9es d\u2019impr\u00e9visibles. Il s\u2019agit de&nbsp;<strong>cas de force majeure<\/strong>.&nbsp;<\/p>\n\n\n\n<p>Dans ces circonstances, votre coefficient de r\u00e9duction-majoration ne sera pas impact\u00e9, ce qui signifie que&nbsp;<strong>vous n\u2019aurez pas de malus<\/strong>.<\/p>\n\n\n\n<h3 class=\"wp-block-heading\">Qu\u2019est-ce qu\u2019un cas de force majeure ?<\/h3>\n\n\n\n<p>L\u2019article 1148 du Code civil d\u00e9finit comme&nbsp;<strong>cas de force majeure<\/strong>&nbsp;le fait qu\u2019une personne a \u00e9t\u00e9 oblig\u00e9e d\u2019adopter un comportement interdit face \u00e0 une situation exceptionnelle ind\u00e9pendante de sa volont\u00e9 et de sa responsabilit\u00e9 (chute d\u2019arbre, gel, temp\u00eate, animaux sauvages, etc.).<\/p>\n\n\n\n<p>Le cas de force majeure est av\u00e9r\u00e9 \u00e0 condition de r\u00e9unir les trois crit\u00e8res suivants :&nbsp;<\/p>\n\n\n\n<ul class=\"wp-block-list\">\n<li>\u00catre caus\u00e9 par un\u00a0<strong>\u00e9v\u00e9nement ext\u00e9rieur<\/strong>\u00a0: c\u2019est toujours le cas pour les \u00e9v\u00e9nements climatiques.<\/li>\n\n\n\n<li>\u00catre\u00a0<strong>irr\u00e9sistible<\/strong>\u00a0: vous n\u2019avez pas pu r\u00e9agir autrement compte tenu des circonstances.<\/li>\n\n\n\n<li>\u00catre\u00a0<strong>impr\u00e9visible<\/strong>\u00a0: vous n\u2019avez pas pu anticiper les faits.<\/li>\n<\/ul>\n\n\n\n<ol class=\"wp-block-list\"><\/ol>\n\n\n\n<h3 class=\"wp-block-heading\">Quelle indemnisation dans ce cas ?<\/h3>\n\n\n\n<ul class=\"wp-block-list\">\n<li><strong>En cas de dommages mat\u00e9riels<\/strong> : La prise en charge des d\u00e9g\u00e2ts mat\u00e9riels d\u00e9pend des conditions du contrat d\u2019assurance souscrit par les automobilistes.<br>Sont consid\u00e9r\u00e9s comme dommages mat\u00e9riels, tous les d\u00e9g\u00e2ts qu\u2019a subis votre v\u00e9hicule : carrosserie, probl\u00e8me moteur, habitacle, etc.<br>Pour \u00eatre pris en charge int\u00e9gralement (selon les conclusions du rapport d\u2019expertise du v\u00e9hicule), vous devez avoir souscrit, en plus des assurances obligatoires de dommages, une\u00a0<strong>garantie dommages tout accident<\/strong>.<\/li>\n<\/ul>\n\n\n\n<div class=\"bon-a-savoir\">\n\n\n\n<h3 class=\"wp-block-heading\">Bon \u00e0 savoir<\/h3>\n\n\n\n<p>Chez Leocare, vous \u00eates automatiquement prot\u00e9g\u00e9 pour toutes les possibilit\u00e9s de sinistres si vous avez souscrit l\u2019assurance tous risques \ud83d\ude0e.<\/p>\n\n\n\n<\/div>\n\n\n\n<ul class=\"wp-block-list\">\n<li><strong>En cas de dommages corporels<\/strong> : \n<ul class=\"wp-block-list\">\n<li>Si ce sont les passagers qui ont subi un dommage corporel, c\u2019est la\u00a0<strong>responsabilit\u00e9 civile<\/strong>\u00a0incluse automatiquement dans les assurances auto qui prendra en charge les indemnisations.<\/li>\n\n\n\n<li>Si c\u2019est vous, le conducteur, qui avez subi des dommages corporels, la RC (responsabilit\u00e9 civile) ne les prendra pas en charge, sauf si vous avez souscrit une\u00a0<strong>garantie particuli\u00e8re<\/strong>. Si vous \u00eates assur\u00e9 au tiers, vous pouvez solliciter le\u00a0<strong>Fonds de Garantie des Assurances Obligatoires de dommages (FGAO)<\/strong>.<\/li>\n<\/ul>\n<\/li>\n<\/ul>\n\n\n\n<div class=\"bon-a-savoir\">\n\n\n\n<h3 class=\"wp-block-heading\">Bon \u00e0 savoir<\/h3>\n\n\n\n<p>Chez Leocare, la garantie protection du conducteur (plafonn\u00e9e \u00e0 600 000 \u20ac ou 1 000 000 \u20ac selon le type de contrat) est comprise dans toutes nos formules (Tiers, Tiers+ et tous risques).<\/p>\n\n\n\n<\/div>\n\n\n\n<p><\/p>\n","protected":false},"excerpt":{"rendered":"<p>En ville ou en campagne, il n\u2019est pas rare de croiser sur la route des animaux qui surgissent parfois de nulle part, perturbant ainsi notre conduite. M\u00eame en roulant avec attention et en respectant les limitations de vitesse, il peut \u00eatre difficile d\u2019\u00e9viter de faire une embard\u00e9e\u2026 Au risque de percuter un arbre, atterrir dans [&hellip;]<\/p>\n","protected":false},"author":34,"featured_media":0,"parent":17928,"menu_order":0,"comment_status":"closed","ping_status":"closed","template":"template_seo.php","meta":{"_acf_changed":false,"footnotes":""},"class_list":["post-22712","page","type-page","status-publish","hentry"],"acf":[],"yoast_head":"<!-- This site is optimized with the Yoast SEO plugin v27.3 - https:\/\/yoast.com\/product\/yoast-seo-wordpress\/ -->\n<title>Accident pour \u00e9viter un animal : quel malus ?<\/title>\n<meta name=\"description\" content=\"Vous venez d\u2019avoir un accident apr\u00e8s avoir \u00e9vit\u00e9 un animal sur la route ? Consultez nos explications concernant la prise en charge des dommages et le malus.\" \/>\n<meta name=\"robots\" content=\"index, follow, max-snippet:-1, max-image-preview:large, max-video-preview:-1\" \/>\n<link rel=\"canonical\" href=\"https:\/\/leocare.eu\/fr\/assurance-auto-en-ligne\/couverture\/contrat\/releve-information\/malus\/animal\/\" \/>\n<meta property=\"og:locale\" content=\"fr_FR\" \/>\n<meta property=\"og:type\" content=\"article\" \/>\n<meta property=\"og:title\" content=\"Accident pour \u00e9viter un animal : quel malus ?\" \/>\n<meta property=\"og:description\" content=\"Vous venez d\u2019avoir un accident apr\u00e8s avoir \u00e9vit\u00e9 un animal sur la route ? Consultez nos explications concernant la prise en charge des dommages et le malus.\" \/>\n<meta property=\"og:url\" content=\"https:\/\/leocare.eu\/fr\/assurance-auto-en-ligne\/couverture\/contrat\/releve-information\/malus\/animal\/\" \/>\n<meta property=\"og:site_name\" content=\"Leocare, assurance en ligne automobile et habitation\" \/>\n<meta property=\"article:modified_time\" content=\"2026-04-07T14:37:28+00:00\" \/>\n<meta name=\"twitter:card\" content=\"summary_large_image\" \/>\n<meta name=\"twitter:label1\" content=\"Est. reading time\" \/>\n\t<meta name=\"twitter:data1\" content=\"4 minutes\" \/>\n<!-- \/ Yoast SEO plugin. -->","yoast_head_json":{"title":"Accident pour \u00e9viter un animal : quel malus ?","description":"Vous venez d\u2019avoir un accident apr\u00e8s avoir \u00e9vit\u00e9 un animal sur la route ? Consultez nos explications concernant la prise en charge des dommages et le malus.","robots":{"index":"index","follow":"follow","max-snippet":"max-snippet:-1","max-image-preview":"max-image-preview:large","max-video-preview":"max-video-preview:-1"},"canonical":"https:\/\/leocare.eu\/fr\/assurance-auto-en-ligne\/couverture\/contrat\/releve-information\/malus\/animal\/","og_locale":"fr_FR","og_type":"article","og_title":"Accident pour \u00e9viter un animal : quel malus ?","og_description":"Vous venez d\u2019avoir un accident apr\u00e8s avoir \u00e9vit\u00e9 un animal sur la route ? Consultez nos explications concernant la prise en charge des dommages et le malus.","og_url":"https:\/\/leocare.eu\/fr\/assurance-auto-en-ligne\/couverture\/contrat\/releve-information\/malus\/animal\/","og_site_name":"Leocare, assurance en ligne automobile et habitation","article_modified_time":"2026-04-07T14:37:28+00:00","twitter_card":"summary_large_image","twitter_misc":{"Est. reading time":"4 minutes"},"schema":{"@context":"https:\/\/schema.org","@graph":[{"@type":"WebPage","@id":"https:\/\/leocare.eu\/fr\/assurance-auto-en-ligne\/couverture\/contrat\/releve-information\/malus\/animal\/","url":"https:\/\/leocare.eu\/fr\/assurance-auto-en-ligne\/couverture\/contrat\/releve-information\/malus\/animal\/","name":"Accident pour \u00e9viter un animal : quel malus ?","isPartOf":{"@id":"https:\/\/leocare.eu\/fr\/#website"},"datePublished":"2024-09-05T14:01:59+00:00","dateModified":"2026-04-07T14:37:28+00:00","description":"Vous venez d\u2019avoir un accident apr\u00e8s avoir \u00e9vit\u00e9 un animal sur la route ? Consultez nos explications concernant la prise en charge des dommages et le malus.","breadcrumb":{"@id":"https:\/\/leocare.eu\/fr\/assurance-auto-en-ligne\/couverture\/contrat\/releve-information\/malus\/animal\/#breadcrumb"},"inLanguage":"fr-FR","potentialAction":[{"@type":"ReadAction","target":["https:\/\/leocare.eu\/fr\/assurance-auto-en-ligne\/couverture\/contrat\/releve-information\/malus\/animal\/"]}]},{"@type":"WebSite","@id":"https:\/\/leocare.eu\/fr\/#website","url":"https:\/\/leocare.eu\/fr\/","name":"Leocare, assurance en ligne automobile et habitation","description":"enfin (r)assur\u00e9.e","publisher":{"@id":"https:\/\/leocare.eu\/fr\/#organization"},"potentialAction":[{"@type":"SearchAction","target":{"@type":"EntryPoint","urlTemplate":"https:\/\/leocare.eu\/fr\/?s={search_term_string}"},"query-input":{"@type":"PropertyValueSpecification","valueRequired":true,"valueName":"search_term_string"}}],"inLanguage":"fr-FR"},{"@type":"Organization","@id":"https:\/\/leocare.eu\/fr\/#organization","name":"Leocare, assurance en ligne automobile et habitation","url":"https:\/\/leocare.eu\/fr\/","logo":{"@type":"ImageObject","inLanguage":"fr-FR","@id":"https:\/\/leocare.eu\/fr\/#\/schema\/logo\/image\/","url":"https:\/\/leocare.eu\/fr\/wp-content\/uploads\/2020\/03\/logo-leocare.svg","contentUrl":"https:\/\/leocare.eu\/fr\/wp-content\/uploads\/2020\/03\/logo-leocare.svg","caption":"Leocare, assurance en ligne automobile et habitation"},"image":{"@id":"https:\/\/leocare.eu\/fr\/#\/schema\/logo\/image\/"}}]}},"_links":{"self":[{"href":"https:\/\/leocare.eu\/fr\/wp-json\/wp\/v2\/pages\/22712","targetHints":{"allow":["GET"]}}],"collection":[{"href":"https:\/\/leocare.eu\/fr\/wp-json\/wp\/v2\/pages"}],"about":[{"href":"https:\/\/leocare.eu\/fr\/wp-json\/wp\/v2\/types\/page"}],"author":[{"embeddable":true,"href":"https:\/\/leocare.eu\/fr\/wp-json\/wp\/v2\/users\/34"}],"replies":[{"embeddable":true,"href":"https:\/\/leocare.eu\/fr\/wp-json\/wp\/v2\/comments?post=22712"}],"version-history":[{"count":12,"href":"https:\/\/leocare.eu\/fr\/wp-json\/wp\/v2\/pages\/22712\/revisions"}],"predecessor-version":[{"id":36820,"href":"https:\/\/leocare.eu\/fr\/wp-json\/wp\/v2\/pages\/22712\/revisions\/36820"}],"up":[{"embeddable":true,"href":"https:\/\/leocare.eu\/fr\/wp-json\/wp\/v2\/pages\/17928"}],"wp:attachment":[{"href":"https:\/\/leocare.eu\/fr\/wp-json\/wp\/v2\/media?parent=22712"}],"curies":[{"name":"wp","href":"https:\/\/api.w.org\/{rel}","templated":true}]}}