{"id":22709,"date":"2024-07-30T10:34:55","date_gmt":"2024-07-30T08:34:55","guid":{"rendered":"https:\/\/leocare.eu\/fr\/?page_id=22709"},"modified":"2026-04-07T16:37:26","modified_gmt":"2026-04-07T14:37:26","slug":"location","status":"publish","type":"page","link":"https:\/\/leocare.eu\/fr\/assurance-auto-en-ligne\/couverture\/contrat\/releve-information\/malus\/location\/","title":{"rendered":"Quel malus apr\u00e8s un accident avec un v\u00e9hicule de location ?"},"content":{"rendered":"\n<p>Les Fran\u00e7ais adorent rouler en voiture de location ! En 2023, les formules LOA (avec option d\u2019achat) et LLD (longue dur\u00e9e) ont repr\u00e9sent\u00e9 52 % des immatriculations de v\u00e9hicules neufs. Il est donc logique de se questionner sur le fonctionnement du bonus-malus en cas d\u2019accident avec une voiture de location. D\u00e9cryptage.<\/p>\n\n\n\n<h2 class=\"wp-block-heading\" id=\"section-1\">Que pr\u00e9voient les contrats de location de voiture ?<\/h2>\n\n\n\n<p>Savez-vous qu\u2019il existe trois types de location auto ? Faisons la diff\u00e9rence entre :<\/p>\n\n\n\n<ul class=\"wp-block-list\">\n<li><strong>La location courte dur\u00e9e&nbsp;<\/strong>pour quelques jours ou semaines. Parfait pour les vacances ou un d\u00e9placement professionnel.<\/li>\n\n\n\n<li><strong>La location longue dur\u00e9e (LLD) :<\/strong>&nbsp;une solution pour plusieurs mois, voire des ann\u00e9es. Le prix du contrat est fix\u00e9 \u00e0 l\u2019avance et pay\u00e9 chaque mois.<\/li>\n\n\n\n<li><strong>La location avec option d\u2019achat (LOA)&nbsp;<\/strong>pour louer&nbsp;aujourd\u2019hui et acheter plus tard. Cette formule de leasing vous permet de devenir propri\u00e9taire du v\u00e9hicule \u00e0 la fin du contrat.<\/li>\n<\/ul>\n\n\n\n<p>Ces trois types de location auto ont des cons\u00e9quences diff\u00e9rentes sur votre&nbsp;<a href=\"https:\/\/leocare.eu\/fr\/assurance-auto-en-ligne\/couverture\/contrat\/releve-information\/malus\/\">malus<\/a>&nbsp;en cas d\u2019accident. Il est donc important de bien comprendre les couvertures propos\u00e9es par chaque&nbsp;compagnie&nbsp;d\u2019assurances.<\/p>\n\n\n\n<h3 class=\"wp-block-heading\">Les diff\u00e9rentes offres d\u2019assurance<\/h3>\n\n\n\n<p>Lorsque vous louez une voiture, elle doit \u00eatre assur\u00e9e par le loueur\u00a0<strong>au minimum en assurance responsabilit\u00e9 civile<\/strong>\u00a0(au tiers). Cette assurance, incluse dans le prix de la location courte dur\u00e9e, couvre uniquement les dommages caus\u00e9s aux tiers. En cas d\u2019accident, vous payez les frais de r\u00e9paration des dommages du v\u00e9hicule lou\u00e9 et vos soins si vous \u00eates bless\u00e9.<\/p>\n\n\n\n<p>Pour \u00eatre mieux prot\u00e9g\u00e9, il est utile d\u2019opter pour des&nbsp;<strong>assurances compl\u00e9mentaires<\/strong>&nbsp;propos\u00e9es par le loueur contre les accidents, vols et autres sinistres.<\/p>\n\n\n\n<p>Voici quelques-unes de ces options :<\/p>\n\n\n\n<ul class=\"wp-block-list\">\n<li><strong>La garantie vol (Theft Protection Coverage ou Theft Waiver \u2013 TPC)<\/strong>&nbsp;: r\u00e9duit la franchise en cas de vol.<\/li>\n\n\n\n<li><strong>L\u2019assurance du conducteur (PAI)<\/strong>&nbsp;: couvre les passagers et le conducteur pour divers incidents comme les accidents, vols, d\u00e9c\u00e8s&nbsp;et dommages aux bagages.<\/li>\n\n\n\n<li><strong>La garantie Collision Damage Waiver (CDW)<\/strong>&nbsp;: couvre les collisions avec un autre v\u00e9hicule.<\/li>\n\n\n\n<li><strong>Le rachat de franchise<\/strong>&nbsp;: \u00e9vite de payer un reste \u00e0 charge en cas de sinistre.<\/li>\n\n\n\n<li><strong>L\u2019option assistance d\u00e9pannage<\/strong>&nbsp;: pour \u00eatre pris en charge en cas de panne ou de pneus crev\u00e9s.<\/li>\n<\/ul>\n\n\n\n<div class=\"bon-a-savoir\">\n\n\n\n<h3 class=\"wp-block-heading\">Bon \u00e0 savoir<\/h3>\n\n\n\n<p><a href=\"https:\/\/leocare.eu\/fr\/assurance-auto-en-ligne\/couverture\/contrat\/releve-information\/malus\/bonus-maximum\/\">Le bonus maxi d&rsquo;assurance auto<\/a> est de 3,5 en France.<\/p>\n\n\n\n<\/div>\n\n\n\n<h2 class=\"wp-block-heading\" id=\"section-2\">Je suis responsable de l\u2019accident avec ma voiture de location<\/h2>\n\n\n\n<p>Pour une&nbsp;<strong>location de courte dur\u00e9e<\/strong>&nbsp;lors de vacances par exemple, aucune information sur vous n\u2019est fournie \u00e0 l\u2019assurance auto s\u00e9lectionn\u00e9e par la compagnie de location. Aucune trace de l\u2019accident n\u2019appara\u00eet sur votre relev\u00e9 d\u2019informations (le document qui r\u00e9capitule votre historique d\u2019assurance et vos sinistres).&nbsp;<\/p>\n\n\n\n<p>Ce qui signifie aussi qu\u2019<strong>aucun malus<\/strong>&nbsp;ne vous est appliqu\u00e9, m\u00eame si vous \u00eates responsable de l\u2019accident, que ce soit avec un autre v\u00e9hicule, un pi\u00e9ton ou un&nbsp;<a href=\"https:\/\/leocare.eu\/fr\/assurance-auto-en-ligne\/couverture\/contrat\/releve-information\/malus\/animal\/\">animal<\/a>&nbsp;tenu en laisse.&nbsp;<\/p>\n\n\n\n<p>N\u2019oubliez pas, les&nbsp;circonstances&nbsp;de l\u2019accident&nbsp;doivent quand m\u00eame \u00eatre not\u00e9es dans un&nbsp;constat amiable.&nbsp;<\/p>\n\n\n\n<div class=\"bon-a-savoir\">\n\n\n\n<h3 class=\"wp-block-heading\">Bon \u00e0 savoir<\/h3>\n\n\n\n<p>Votre voiture a \u00e9t\u00e9 vol\u00e9e ? Si <a href=\"https:\/\/leocare.eu\/fr\/assurance-auto-en-ligne\/couverture\/contrat\/releve-information\/malus\/vol-de-voiture\/\">l&rsquo;assurance en cas de vol de voiture<\/a> est activ\u00e9e, <strong>vous \u00eates couverts et cerise sur le g\u00e2teau : il n\u2019y a pas d\u2019impact sur votre coefficient bonus-malus.<\/strong><\/p>\n\n\n\n<\/div>\n\n\n\n<p>Avec une&nbsp;<strong>location longue dur\u00e9e<\/strong>&nbsp;(LLD) ou une&nbsp;<strong>location avec option d\u2019achat<\/strong>&nbsp;(LOA), les r\u00e8gles varient. Bien souvent, l\u2019assurance n\u2019est pas incluse dans le contrat, et&nbsp;<strong>c\u2019est \u00e0 vous d\u2019assurer le v\u00e9hicule en votre nom<\/strong>. Sachez que dans ce cas votre bonus-malus est calcul\u00e9&nbsp;<strong>comme celui d\u2019un propri\u00e9taire de voiture<\/strong>.&nbsp;<\/p>\n\n\n\n<p>Concr\u00e8tement, si vous \u00eates enti\u00e8rement responsable d\u2019un accident, votre coefficient bonus-malus augmentera de 25 %. Si vous \u00eates partiellement responsable, il augmentera de 12,5 %.<\/p>\n\n\n\n<h2 class=\"wp-block-heading\" id=\"section-3\">Je ne suis pas responsable de l\u2019accident avec ma voiture de location<\/h2>\n\n\n\n<p>En cas d\u2019accident 100&nbsp;% non responsable o\u00f9 le conducteur est identifi\u00e9, vous n\u2019avez<strong>&nbsp;rien \u00e0 payer, et pas de malus<\/strong>. Et ce, que vous soyez propri\u00e9taire ou locataire de la voiture !<\/p>\n\n\n\n<p>Mais les choses se compliquent s\u2019il s\u2019agit d\u2019un&nbsp;<strong>accident avec un tiers non identifi\u00e9<\/strong>.&nbsp;<\/p>\n\n\n\n<p>Imaginez : vous retrouvez votre voiture endommag\u00e9e sur un parking et l\u2019autre conducteur a pris la fuite, ou vous entrez en collision avec un sanglier. Dans ces situations, impossible d\u2019indiquer les coordonn\u00e9es du responsable.<\/p>\n\n\n\n<p>Pour une<strong>\u00a0location de voiture courte dur\u00e9e<\/strong>, la question du bonus-malus ne se pose pas puisque l\u2019assurance est au nom de la compagnie de location. Il y aura donc\u00a0<strong>absence\u00a0de malus<\/strong>\u00a0en cas d\u2019accident\u00a0avec un\u00a0<a href=\"https:\/\/leocare.eu\/fr\/assurance-auto-en-ligne\/couverture\/contrat\/releve-information\/malus\/tiers-non-identifie\/\">tiers non identifi\u00e9<\/a>. Quant aux\u00a0cons\u00e9quences\u00a0sur la prise en charge des dommages, cela d\u00e9pendra des garanties pr\u00e9sentes dans le contrat de location.<\/p>\n\n\n\n<p>En revanche, pour&nbsp;<strong>une location longue dur\u00e9e ou une location avec option d\u2019achat<\/strong>&nbsp;avec assurance \u00e0 votre nom, il est possible qu\u2019on vous applique un malus. Pour \u00e9viter cela, vous devrez prouver les circonstances de l\u2019accident \u00e0 votre assureur.<\/p>\n\n\n\n<div class=\"bon-a-savoir\">\n\n\n\n<h3 class=\"wp-block-heading\">Bon \u00e0 savoir<\/h3>\n\n\n\n<p>Si votre\u00a0compagnie d\u2019assurances\u00a0constate un nombre important de sinistres, comme des\u00a0<a href=\"https:\/\/leocare.eu\/fr\/assurance-auto-en-ligne\/couverture\/contrat\/releve-information\/malus\/bris-glace\/\">bris de glace<\/a>\u00a0r\u00e9p\u00e9t\u00e9s ou tout autre\u00a0accident\u00a0non responsable, elle peut d\u00e9cider de mettre fin \u00e0 votre contrat. Dans ce cas, la solution est de se tourner vers des assurances auto qui acceptent les\u00a0conducteurs\u00a0maluss\u00e9s et r\u00e9sili\u00e9s, comme Leocare.<\/p>\n\n\n\n<\/div>\n","protected":false},"excerpt":{"rendered":"<p>Les Fran\u00e7ais adorent rouler en voiture de location ! En 2023, les formules LOA (avec option d\u2019achat) et LLD (longue dur\u00e9e) ont repr\u00e9sent\u00e9 52 % des immatriculations de v\u00e9hicules neufs. Il est donc logique de se questionner sur le fonctionnement du bonus-malus en cas d\u2019accident avec une voiture de location. D\u00e9cryptage. Que pr\u00e9voient les contrats [&hellip;]<\/p>\n","protected":false},"author":34,"featured_media":0,"parent":17928,"menu_order":0,"comment_status":"closed","ping_status":"closed","template":"template_seo.php","meta":{"_acf_changed":false,"footnotes":""},"class_list":["post-22709","page","type-page","status-publish","hentry"],"acf":[],"yoast_head":"<!-- This site is optimized with the Yoast SEO plugin v27.3 - https:\/\/yoast.com\/product\/yoast-seo-wordpress\/ -->\n<title>Accident avec une voiture de location : quel malus ?<\/title>\n<meta name=\"description\" content=\"D\u00e9couvrez comment le bonus-malus s\u2019applique en cas d\u2019accident avec une voiture de location, en LOA ou LLD. Roulez serein en \u00e9tant bien inform\u00e9 !\" \/>\n<meta name=\"robots\" content=\"index, follow, max-snippet:-1, max-image-preview:large, max-video-preview:-1\" \/>\n<link rel=\"canonical\" href=\"https:\/\/leocare.eu\/fr\/assurance-auto-en-ligne\/couverture\/contrat\/releve-information\/malus\/location\/\" \/>\n<meta property=\"og:locale\" content=\"fr_FR\" \/>\n<meta property=\"og:type\" content=\"article\" \/>\n<meta property=\"og:title\" content=\"Accident avec une voiture de location : quel malus ?\" \/>\n<meta property=\"og:description\" content=\"D\u00e9couvrez comment le bonus-malus s\u2019applique en cas d\u2019accident avec une voiture de location, en LOA ou LLD. Roulez serein en \u00e9tant bien inform\u00e9 !\" \/>\n<meta property=\"og:url\" content=\"https:\/\/leocare.eu\/fr\/assurance-auto-en-ligne\/couverture\/contrat\/releve-information\/malus\/location\/\" \/>\n<meta property=\"og:site_name\" content=\"Leocare, assurance en ligne automobile et habitation\" \/>\n<meta property=\"article:modified_time\" content=\"2026-04-07T14:37:26+00:00\" \/>\n<meta name=\"twitter:card\" content=\"summary_large_image\" \/>\n<meta name=\"twitter:label1\" content=\"Dur\u00e9e de lecture estim\u00e9e\" \/>\n\t<meta name=\"twitter:data1\" content=\"5 minutes\" \/>\n<!-- \/ Yoast SEO plugin. -->","yoast_head_json":{"title":"Accident avec une voiture de location : quel malus ?","description":"D\u00e9couvrez comment le bonus-malus s\u2019applique en cas d\u2019accident avec une voiture de location, en LOA ou LLD. Roulez serein en \u00e9tant bien inform\u00e9 !","robots":{"index":"index","follow":"follow","max-snippet":"max-snippet:-1","max-image-preview":"max-image-preview:large","max-video-preview":"max-video-preview:-1"},"canonical":"https:\/\/leocare.eu\/fr\/assurance-auto-en-ligne\/couverture\/contrat\/releve-information\/malus\/location\/","og_locale":"fr_FR","og_type":"article","og_title":"Accident avec une voiture de location : quel malus ?","og_description":"D\u00e9couvrez comment le bonus-malus s\u2019applique en cas d\u2019accident avec une voiture de location, en LOA ou LLD. Roulez serein en \u00e9tant bien inform\u00e9 !","og_url":"https:\/\/leocare.eu\/fr\/assurance-auto-en-ligne\/couverture\/contrat\/releve-information\/malus\/location\/","og_site_name":"Leocare, assurance en ligne automobile et habitation","article_modified_time":"2026-04-07T14:37:26+00:00","twitter_card":"summary_large_image","twitter_misc":{"Dur\u00e9e de lecture estim\u00e9e":"5 minutes"},"schema":{"@context":"https:\/\/schema.org","@graph":[{"@type":"WebPage","@id":"https:\/\/leocare.eu\/fr\/assurance-auto-en-ligne\/couverture\/contrat\/releve-information\/malus\/location\/","url":"https:\/\/leocare.eu\/fr\/assurance-auto-en-ligne\/couverture\/contrat\/releve-information\/malus\/location\/","name":"Accident avec une voiture de location : quel malus ?","isPartOf":{"@id":"https:\/\/leocare.eu\/fr\/#website"},"datePublished":"2024-07-30T08:34:55+00:00","dateModified":"2026-04-07T14:37:26+00:00","description":"D\u00e9couvrez comment le bonus-malus s\u2019applique en cas d\u2019accident avec une voiture de location, en LOA ou LLD. Roulez serein en \u00e9tant bien inform\u00e9 !","breadcrumb":{"@id":"https:\/\/leocare.eu\/fr\/assurance-auto-en-ligne\/couverture\/contrat\/releve-information\/malus\/location\/#breadcrumb"},"inLanguage":"fr-FR","potentialAction":[{"@type":"ReadAction","target":["https:\/\/leocare.eu\/fr\/assurance-auto-en-ligne\/couverture\/contrat\/releve-information\/malus\/location\/"]}]},{"@type":"WebSite","@id":"https:\/\/leocare.eu\/fr\/#website","url":"https:\/\/leocare.eu\/fr\/","name":"Leocare, assurance en ligne automobile et habitation","description":"enfin (r)assur\u00e9.e","publisher":{"@id":"https:\/\/leocare.eu\/fr\/#organization"},"potentialAction":[{"@type":"SearchAction","target":{"@type":"EntryPoint","urlTemplate":"https:\/\/leocare.eu\/fr\/?s={search_term_string}"},"query-input":{"@type":"PropertyValueSpecification","valueRequired":true,"valueName":"search_term_string"}}],"inLanguage":"fr-FR"},{"@type":"Organization","@id":"https:\/\/leocare.eu\/fr\/#organization","name":"Leocare, assurance en ligne automobile et habitation","url":"https:\/\/leocare.eu\/fr\/","logo":{"@type":"ImageObject","inLanguage":"fr-FR","@id":"https:\/\/leocare.eu\/fr\/#\/schema\/logo\/image\/","url":"https:\/\/leocare.eu\/fr\/wp-content\/uploads\/2020\/03\/logo-leocare.svg","contentUrl":"https:\/\/leocare.eu\/fr\/wp-content\/uploads\/2020\/03\/logo-leocare.svg","caption":"Leocare, assurance en ligne automobile et habitation"},"image":{"@id":"https:\/\/leocare.eu\/fr\/#\/schema\/logo\/image\/"}}]}},"_links":{"self":[{"href":"https:\/\/leocare.eu\/fr\/wp-json\/wp\/v2\/pages\/22709","targetHints":{"allow":["GET"]}}],"collection":[{"href":"https:\/\/leocare.eu\/fr\/wp-json\/wp\/v2\/pages"}],"about":[{"href":"https:\/\/leocare.eu\/fr\/wp-json\/wp\/v2\/types\/page"}],"author":[{"embeddable":true,"href":"https:\/\/leocare.eu\/fr\/wp-json\/wp\/v2\/users\/34"}],"replies":[{"embeddable":true,"href":"https:\/\/leocare.eu\/fr\/wp-json\/wp\/v2\/comments?post=22709"}],"version-history":[{"count":10,"href":"https:\/\/leocare.eu\/fr\/wp-json\/wp\/v2\/pages\/22709\/revisions"}],"predecessor-version":[{"id":36292,"href":"https:\/\/leocare.eu\/fr\/wp-json\/wp\/v2\/pages\/22709\/revisions\/36292"}],"up":[{"embeddable":true,"href":"https:\/\/leocare.eu\/fr\/wp-json\/wp\/v2\/pages\/17928"}],"wp:attachment":[{"href":"https:\/\/leocare.eu\/fr\/wp-json\/wp\/v2\/media?parent=22709"}],"curies":[{"name":"wp","href":"https:\/\/api.w.org\/{rel}","templated":true}]}}