{"id":22707,"date":"2024-09-05T15:58:31","date_gmt":"2024-09-05T13:58:31","guid":{"rendered":"https:\/\/leocare.eu\/fr\/?page_id=22707"},"modified":"2026-04-07T16:51:11","modified_gmt":"2026-04-07T14:51:11","slug":"tiers-non-identifie","status":"publish","type":"page","link":"https:\/\/leocare.eu\/fr\/assurance-auto-en-ligne\/couverture\/contrat\/releve-information\/malus\/tiers-non-identifie\/","title":{"rendered":"Quel malus apr\u00e8s un accident avec un tiers non identifi\u00e9 ?"},"content":{"rendered":"\n<p>Un accident avec un tiers non identifi\u00e9 peut soulever beaucoup de questions sur votre bonus-malus. Pas d\u2019inqui\u00e9tude, Leocare est l\u00e0 pour vous aider ! Que faire imm\u00e9diatement apr\u00e8s l\u2019accident ? Quelles sont les cons\u00e9quences sur votre malus ? En adoptant les bons r\u00e9flexes, vous pouvez minimiser l\u2019impact sur votre coefficient bonus-malus et continuer \u00e0 conduire avec confiance et assurance \ud83d\ude0f.<\/p>\n\n\n\n<h2 class=\"wp-block-heading\" id=\"section-1\">Comment r\u00e9agir apr\u00e8s un accident avec un tiers non identifi\u00e9 ?<\/h2>\n\n\n\n<p>Tout d\u2019abord, voyons ce que signifie r\u00e9ellement un tiers non identifi\u00e9. On parle de<strong>&nbsp;TNI&nbsp;<\/strong>(sinistre avec un tiers non identifi\u00e9) quand on ne conna\u00eet pas l\u2019identit\u00e9 d\u2019une des personnes impliqu\u00e9es dans le sinistre.<\/p>\n\n\n\n<p>Cela arrive souvent lors de&nbsp;<strong>d\u00e9lits de fuite<\/strong>&nbsp;o\u00f9 le conducteur responsable de l\u2019accident n\u2019est pas identifi\u00e9. Cela peut aussi se produire si vous retrouvez votre v\u00e9hicule accident\u00e9 apr\u00e8s votre absence, sans avoir les coordonn\u00e9es du responsable. Autre cas de figure : lors de&nbsp;<strong>collisions avec des animaux<\/strong>&nbsp;sauvages ou des animaux domestiques errants dont le propri\u00e9taire reste inconnu.&nbsp;<\/p>\n\n\n\n<p>En bref, il vous est alors&nbsp;<strong>impossible de remplir un constat avec l\u2019autre partie<\/strong>.<\/p>\n\n\n\n<p>Pour optimiser vos chances d\u2019indemnisation par la&nbsp;compagnie&nbsp;d\u2019assurances&nbsp;et \u00e9viter si possible le malus en cas d\u2019accident&nbsp;sans tiers identifi\u00e9, il est tr\u00e8s important de bien r\u00e9agir d\u00e8s le d\u00e9but. Vous \u00e9vitez ainsi les d\u00e9sagr\u00e9ments li\u00e9s \u00e0 une&nbsp;<a href=\"https:\/\/leocare.eu\/fr\/assurance-auto-en-ligne\/couverture\/contrat\/releve-information\/malus\/\">assurance malus<\/a>.<\/p>\n\n\n\n<h3 class=\"wp-block-heading\">Imm\u00e9diatement apr\u00e8s l\u2019accident<\/h3>\n\n\n\n<p>Imaginons que vous veniez d\u2019avoir un accident et que le responsable ait disparu sans laisser de trace. Que faire ?&nbsp;<\/p>\n\n\n\n<p>Vous devez tout d\u2019abord&nbsp;<strong>vous assurer qu\u2019il s\u2019agit bien d\u2019un accident sans tiers identifi\u00e9<\/strong>, en v\u00e9rifiant si des coordonn\u00e9es ont \u00e9t\u00e9 laiss\u00e9es sur votre pare-brise ou si un t\u00e9moin a relev\u00e9 la plaque d\u2019immatriculation.&nbsp;<\/p>\n\n\n\n<p>Ensuite, vous devez collecter les&nbsp;<strong>preuves des circonstances de l\u2019\u00e9v\u00e9nement<\/strong>. Indispensable pour \u00e9viter le refus d\u2019indemnisation de l\u2019assurance ! Pensez donc \u00e0 prendre des photos du v\u00e9hicule sous tous les angles, ainsi que du lieu de l\u2019accident \ud83d\udcf8.<\/p>\n\n\n\n<p>Profitez-en \u00e9galement pour&nbsp;<strong>recueillir des t\u00e9moignages<\/strong>&nbsp;de voisins ou passants qui auraient vu la sc\u00e8ne, sans oublier leurs coordonn\u00e9es.&nbsp;<\/p>\n\n\n\n<p>Vous avez trouv\u00e9 un&nbsp;<strong>morceau de carrosserie<\/strong>&nbsp;du v\u00e9hicule en fuite ou des<strong>&nbsp;poils de l\u2019animal&nbsp;<\/strong>impliqu\u00e9 ? Gardez-les pr\u00e9cieusement ! Tous ces \u00e9l\u00e9ments sont importants et constituent des preuves suppl\u00e9mentaires.<\/p>\n\n\n\n<p>Une fois toutes les preuves rassembl\u00e9es,&nbsp;<strong>contactez rapidement la gendarmerie<\/strong>. C\u2019est d\u2019autant plus utile pour signaler la pr\u00e9sence d\u2019animaux errants dans les environs.<\/p>\n\n\n\n<p><strong>Si vous avez eu un accident seul<\/strong>, contactez votre assureur afin qu\u2019il vous guide dans la marche \u00e0 suivre.<\/p>\n\n\n\n<section class=\"wp-block-leocare-bon-a-savoir leocare-bas\"><div class=\"leocare-bas__head\"><img decoding=\"async\" class=\"leocare-bas__icon\" src=\"https:\/\/leocare.eu\/fr\/wp-content\/themes\/leocare-new\/assets\/img\/icon-alert-purple.svg\" alt=\"icon alerte\"\/><h3 class=\"leocare-bas__title\">Bon \u00e0 savoir<\/h3><\/div><div class=\"leocare-bas__content\">\n<p>Votre voiture a \u00e9t\u00e9 vol\u00e9e ? Si <a href=\"https:\/\/leocare.eu\/fr\/assurance-auto-en-ligne\/couverture\/contrat\/releve-information\/malus\/vol-de-voiture\/\">l&rsquo;assurance en cas de vol de voiture<\/a> est activ\u00e9e, <strong>vous n&rsquo;obtenez pas de malus.<\/strong><\/p>\n<\/div><\/section>\n\n\n\n<h3 class=\"wp-block-heading\">Rapidement apr\u00e8s l\u2019accident<\/h3>\n\n\n\n<p>En second lieu, il est temps de&nbsp;<strong>pr\u00e9venir votre assurance&nbsp;<\/strong>et de d\u00e9clarer l\u2019accident. Cette formalit\u00e9 doit \u00eatre effectu\u00e9e&nbsp;<strong>dans les 5&nbsp;jours ouvr\u00e9s<\/strong>.&nbsp;<\/p>\n\n\n\n<div class=\"bon-a-savoir\">\n\n\n\n<h3 class=\"wp-block-heading\">Bon \u00e0 savoir<\/h3>\n\n\n\n<p>Le d\u00e9lai pour d\u00e9clarer un sinistre auto est de 5 jours chez Leocare. Facile et rapide \u00e0 faire depuis l\u2019app \ud83d\udcf3 !<\/p>\n\n\n\n<\/div>\n\n\n\n<p>Vous aurez besoin de<strong>&nbsp;remplir un constat \u00e0 l\u2019amiable<\/strong>, m\u00eame si vous ne connaissez pas l\u2019identit\u00e9 du tiers ou s\u2019il s\u2019agit d\u2019une collision avec un animal. Il n\u2019y aura alors que la partie gauche du document \u00e0 compl\u00e9ter.&nbsp;<\/p>\n\n\n\n<p>Assurez-vous tout de m\u00eame d\u2019inclure les informations suivantes :<\/p>\n\n\n\n<ul class=\"wp-block-list\">\n<li>votre identit\u00e9 ;<\/li>\n\n\n\n<li>les caract\u00e9ristiques du v\u00e9hicule ;<\/li>\n\n\n\n<li>le num\u00e9ro de votre police d\u2019assurance ;<\/li>\n\n\n\n<li>une description d\u00e9taill\u00e9e des dommages subis ;<\/li>\n\n\n\n<li>les coordonn\u00e9es des t\u00e9moins, s\u2019il y en a.<\/li>\n<\/ul>\n\n\n\n<p>En suivant ces \u00e9tapes, vous facilitez grandement le traitement de votre dossier par votre assureur.<\/p>\n\n\n\n<h2 class=\"wp-block-heading\" id=\"section-2\">Accident non responsable et tiers non identifi\u00e9 : le malus est tout de m\u00eame major\u00e9<\/h2>\n\n\n\n<p>Vous pensez qu\u2019un accident non responsable n\u2019aura aucun impact sur votre bonus-malus ? Dans la plupart des cas, c\u2019est vrai.&nbsp;<\/p>\n\n\n\n<p>Mais attention, si le tiers responsable n\u2019est pas identifi\u00e9,<strong>&nbsp;les&nbsp;<\/strong><strong>conducteurs<\/strong><strong>&nbsp;peuvent \u00eatre p\u00e9nalis\u00e9s<\/strong>. Cela peut entra\u00eener des&nbsp;cons\u00e9quences, comme une augmentation de la prime d\u2019assurance.&nbsp;<\/p>\n\n\n\n<p>Par exemple, m\u00eame un&nbsp;<a href=\"https:\/\/leocare.eu\/fr\/assurance-auto-en-ligne\/couverture\/contrat\/releve-information\/malus\/bris-glace\/\">bris de glace<\/a>&nbsp;peut avoir un impact sur les cotisations si le responsable de l\u2019accident&nbsp;reste inconnu. Dans ce cas, votre assureur pourrait tout de m\u00eame vous attribuer un malus. Pourquoi ?<\/p>\n\n\n\n<p>S\u2019il vous est impossible de prouver la responsabilit\u00e9 totale du tiers non identifi\u00e9, votre compagnie d\u2019assurances peut vous consid\u00e9rer comme partiellement ou totalement responsable.&nbsp;<strong>Sans preuves suffisantes<\/strong>, votre coefficient bonus-malus peut changer, entra\u00eenant une hausse de votre prime d\u2019assurance \ud83d\udcc8.D\u2019o\u00f9 l\u2019importance de rassembler un maximum de preuves pour&nbsp;<strong>d\u00e9montrer que vous n\u2019\u00eates pas responsable<\/strong>. Photos, t\u00e9moignages, et autres \u00e9l\u00e9ments pertinents peuvent faire la diff\u00e9rence.<\/p>\n\n\n\n<div class=\"bon-a-savoir\">\n\n\n\n<h3 class=\"wp-block-heading\">Bon \u00e0 savoir<\/h3>\n\n\n\n<p>En cas d\u2019accident&nbsp;\u00e0 bord d\u2019une&nbsp;<a href=\"https:\/\/leocare.eu\/fr\/assurance-auto-en-ligne\/couverture\/contrat\/releve-information\/malus\/location\/\">voiture de location<\/a>&nbsp;de courte dur\u00e9e, il y a&nbsp;absence&nbsp;de malus pour le conducteur, quelles que soient les&nbsp;circonstances. En effet, aucune information vous concernant n\u2019est transmise \u00e0 l\u2019assurance auto s\u00e9lectionn\u00e9e par la compagnie de location.<\/p>\n\n\n\n<\/div>\n","protected":false},"excerpt":{"rendered":"<p>Un accident avec un tiers non identifi\u00e9 peut soulever beaucoup de questions sur votre bonus-malus. Pas d\u2019inqui\u00e9tude, Leocare est l\u00e0 pour vous aider ! Que faire imm\u00e9diatement apr\u00e8s l\u2019accident ? Quelles sont les cons\u00e9quences sur votre malus ? En adoptant les bons r\u00e9flexes, vous pouvez minimiser l\u2019impact sur votre coefficient bonus-malus et continuer \u00e0 conduire [&hellip;]<\/p>\n","protected":false},"author":34,"featured_media":0,"parent":17928,"menu_order":0,"comment_status":"closed","ping_status":"closed","template":"template_seo.php","meta":{"_acf_changed":false,"footnotes":""},"class_list":["post-22707","page","type-page","status-publish","hentry"],"acf":[],"yoast_head":"<!-- This site is optimized with the Yoast SEO plugin v27.3 - https:\/\/yoast.com\/product\/yoast-seo-wordpress\/ -->\n<title>Accident avec un tiers non identifi\u00e9 : quel malus ?<\/title>\n<meta name=\"description\" content=\"D\u00e9couvrez comment r\u00e9agir apr\u00e8s un accident avec un tiers non identifi\u00e9 et comment ce sinistre peut impacter votre bonus-malus de mani\u00e8re significative.\" \/>\n<meta name=\"robots\" content=\"index, follow, max-snippet:-1, max-image-preview:large, max-video-preview:-1\" \/>\n<link rel=\"canonical\" href=\"https:\/\/leocare.eu\/fr\/assurance-auto-en-ligne\/couverture\/contrat\/releve-information\/malus\/tiers-non-identifie\/\" \/>\n<meta property=\"og:locale\" content=\"fr_FR\" \/>\n<meta property=\"og:type\" content=\"article\" \/>\n<meta property=\"og:title\" content=\"Accident avec un tiers non identifi\u00e9 : quel malus ?\" \/>\n<meta property=\"og:description\" content=\"D\u00e9couvrez comment r\u00e9agir apr\u00e8s un accident avec un tiers non identifi\u00e9 et comment ce sinistre peut impacter votre bonus-malus de mani\u00e8re significative.\" \/>\n<meta property=\"og:url\" content=\"https:\/\/leocare.eu\/fr\/assurance-auto-en-ligne\/couverture\/contrat\/releve-information\/malus\/tiers-non-identifie\/\" \/>\n<meta property=\"og:site_name\" content=\"Leocare, assurance en ligne automobile et habitation\" \/>\n<meta property=\"article:modified_time\" content=\"2026-04-07T14:51:11+00:00\" \/>\n<meta property=\"og:image\" content=\"https:\/\/leocare.eu\/fr\/wp-content\/themes\/leocare-new\/assets\/img\/icon-alert-purple.svg\" \/>\n<meta name=\"twitter:card\" content=\"summary_large_image\" \/>\n<meta name=\"twitter:label1\" content=\"Dur\u00e9e de lecture estim\u00e9e\" \/>\n\t<meta name=\"twitter:data1\" content=\"5 minutes\" \/>\n<!-- \/ Yoast SEO plugin. -->","yoast_head_json":{"title":"Accident avec un tiers non identifi\u00e9 : quel malus ?","description":"D\u00e9couvrez comment r\u00e9agir apr\u00e8s un accident avec un tiers non identifi\u00e9 et comment ce sinistre peut impacter votre bonus-malus de mani\u00e8re significative.","robots":{"index":"index","follow":"follow","max-snippet":"max-snippet:-1","max-image-preview":"max-image-preview:large","max-video-preview":"max-video-preview:-1"},"canonical":"https:\/\/leocare.eu\/fr\/assurance-auto-en-ligne\/couverture\/contrat\/releve-information\/malus\/tiers-non-identifie\/","og_locale":"fr_FR","og_type":"article","og_title":"Accident avec un tiers non identifi\u00e9 : quel malus ?","og_description":"D\u00e9couvrez comment r\u00e9agir apr\u00e8s un accident avec un tiers non identifi\u00e9 et comment ce sinistre peut impacter votre bonus-malus de mani\u00e8re significative.","og_url":"https:\/\/leocare.eu\/fr\/assurance-auto-en-ligne\/couverture\/contrat\/releve-information\/malus\/tiers-non-identifie\/","og_site_name":"Leocare, assurance en ligne automobile et habitation","article_modified_time":"2026-04-07T14:51:11+00:00","og_image":[{"url":"https:\/\/leocare.eu\/fr\/wp-content\/themes\/leocare-new\/assets\/img\/icon-alert-purple.svg","type":"","width":"","height":""}],"twitter_card":"summary_large_image","twitter_misc":{"Dur\u00e9e de lecture estim\u00e9e":"5 minutes"},"schema":{"@context":"https:\/\/schema.org","@graph":[{"@type":"WebPage","@id":"https:\/\/leocare.eu\/fr\/assurance-auto-en-ligne\/couverture\/contrat\/releve-information\/malus\/tiers-non-identifie\/","url":"https:\/\/leocare.eu\/fr\/assurance-auto-en-ligne\/couverture\/contrat\/releve-information\/malus\/tiers-non-identifie\/","name":"Accident avec un tiers non identifi\u00e9 : quel malus ?","isPartOf":{"@id":"https:\/\/leocare.eu\/fr\/#website"},"primaryImageOfPage":{"@id":"https:\/\/leocare.eu\/fr\/assurance-auto-en-ligne\/couverture\/contrat\/releve-information\/malus\/tiers-non-identifie\/#primaryimage"},"image":{"@id":"https:\/\/leocare.eu\/fr\/assurance-auto-en-ligne\/couverture\/contrat\/releve-information\/malus\/tiers-non-identifie\/#primaryimage"},"thumbnailUrl":"https:\/\/leocare.eu\/fr\/wp-content\/themes\/leocare-new\/assets\/img\/icon-alert-purple.svg","datePublished":"2024-09-05T13:58:31+00:00","dateModified":"2026-04-07T14:51:11+00:00","description":"D\u00e9couvrez comment r\u00e9agir apr\u00e8s un accident avec un tiers non identifi\u00e9 et comment ce sinistre peut impacter votre bonus-malus de mani\u00e8re significative.","breadcrumb":{"@id":"https:\/\/leocare.eu\/fr\/assurance-auto-en-ligne\/couverture\/contrat\/releve-information\/malus\/tiers-non-identifie\/#breadcrumb"},"inLanguage":"fr-FR","potentialAction":[{"@type":"ReadAction","target":["https:\/\/leocare.eu\/fr\/assurance-auto-en-ligne\/couverture\/contrat\/releve-information\/malus\/tiers-non-identifie\/"]}]},{"@type":"ImageObject","inLanguage":"fr-FR","@id":"https:\/\/leocare.eu\/fr\/assurance-auto-en-ligne\/couverture\/contrat\/releve-information\/malus\/tiers-non-identifie\/#primaryimage","url":"https:\/\/leocare.eu\/fr\/wp-content\/themes\/leocare-new\/assets\/img\/icon-alert-purple.svg","contentUrl":"https:\/\/leocare.eu\/fr\/wp-content\/themes\/leocare-new\/assets\/img\/icon-alert-purple.svg"},{"@type":"WebSite","@id":"https:\/\/leocare.eu\/fr\/#website","url":"https:\/\/leocare.eu\/fr\/","name":"Leocare, assurance en ligne automobile et habitation","description":"enfin (r)assur\u00e9.e","publisher":{"@id":"https:\/\/leocare.eu\/fr\/#organization"},"potentialAction":[{"@type":"SearchAction","target":{"@type":"EntryPoint","urlTemplate":"https:\/\/leocare.eu\/fr\/?s={search_term_string}"},"query-input":{"@type":"PropertyValueSpecification","valueRequired":true,"valueName":"search_term_string"}}],"inLanguage":"fr-FR"},{"@type":"Organization","@id":"https:\/\/leocare.eu\/fr\/#organization","name":"Leocare, assurance en ligne automobile et habitation","url":"https:\/\/leocare.eu\/fr\/","logo":{"@type":"ImageObject","inLanguage":"fr-FR","@id":"https:\/\/leocare.eu\/fr\/#\/schema\/logo\/image\/","url":"https:\/\/leocare.eu\/fr\/wp-content\/uploads\/2020\/03\/logo-leocare.svg","contentUrl":"https:\/\/leocare.eu\/fr\/wp-content\/uploads\/2020\/03\/logo-leocare.svg","caption":"Leocare, assurance en ligne automobile et habitation"},"image":{"@id":"https:\/\/leocare.eu\/fr\/#\/schema\/logo\/image\/"}}]}},"_links":{"self":[{"href":"https:\/\/leocare.eu\/fr\/wp-json\/wp\/v2\/pages\/22707","targetHints":{"allow":["GET"]}}],"collection":[{"href":"https:\/\/leocare.eu\/fr\/wp-json\/wp\/v2\/pages"}],"about":[{"href":"https:\/\/leocare.eu\/fr\/wp-json\/wp\/v2\/types\/page"}],"author":[{"embeddable":true,"href":"https:\/\/leocare.eu\/fr\/wp-json\/wp\/v2\/users\/34"}],"replies":[{"embeddable":true,"href":"https:\/\/leocare.eu\/fr\/wp-json\/wp\/v2\/comments?post=22707"}],"version-history":[{"count":10,"href":"https:\/\/leocare.eu\/fr\/wp-json\/wp\/v2\/pages\/22707\/revisions"}],"predecessor-version":[{"id":36118,"href":"https:\/\/leocare.eu\/fr\/wp-json\/wp\/v2\/pages\/22707\/revisions\/36118"}],"up":[{"embeddable":true,"href":"https:\/\/leocare.eu\/fr\/wp-json\/wp\/v2\/pages\/17928"}],"wp:attachment":[{"href":"https:\/\/leocare.eu\/fr\/wp-json\/wp\/v2\/media?parent=22707"}],"curies":[{"name":"wp","href":"https:\/\/api.w.org\/{rel}","templated":true}]}}