{"id":22672,"date":"2024-08-02T12:50:00","date_gmt":"2024-08-02T10:50:00","guid":{"rendered":"https:\/\/leocare.eu\/fr\/?page_id=22672"},"modified":"2026-01-20T14:36:40","modified_gmt":"2026-01-20T13:36:40","slug":"assurance-animaux","status":"publish","type":"page","link":"https:\/\/leocare.eu\/fr\/assurance-animaux\/","title":{"rendered":"Assurance animaux"},"content":{"rendered":"","protected":false},"excerpt":{"rendered":"","protected":false},"author":34,"featured_media":9908,"parent":0,"menu_order":0,"comment_status":"closed","ping_status":"closed","template":"template_product_pets.php","meta":{"_acf_changed":false,"footnotes":""},"class_list":["post-22672","page","type-page","status-publish","has-post-thumbnail","hentry"],"acf":[],"yoast_head":"<!-- This site is optimized with the Yoast SEO plugin v27.3 - https:\/\/yoast.com\/product\/yoast-seo-wordpress\/ -->\n<title>Assurance animaux Leocare x Dalma - Prot\u00e9gez votre fid\u00e8le compagnon<\/title>\n<meta name=\"description\" content=\"D\u00e9couvrez l&#039;assurance animaux Leocare x Dalma : une couverture compl\u00e8te pour la sant\u00e9 de vos chiens et chats. B\u00e9n\u00e9ficiez d&#039;une protection contre les impr\u00e9vus v\u00e9t\u00e9rinaires, des conseils personnalis\u00e9s et une gestion simplifi\u00e9e via l&#039;application. Assurez le bien-\u00eatre de votre compagnon d\u00e8s aujourd&#039;hui !\" \/>\n<meta name=\"robots\" content=\"index, follow, max-snippet:-1, max-image-preview:large, max-video-preview:-1\" \/>\n<link rel=\"canonical\" href=\"https:\/\/leocare.eu\/fr\/assurance-animaux\/\" \/>\n<meta property=\"og:locale\" content=\"fr_FR\" \/>\n<meta property=\"og:type\" content=\"article\" \/>\n<meta property=\"og:title\" content=\"Assurance animaux Leocare x Dalma - Prot\u00e9gez votre fid\u00e8le compagnon\" \/>\n<meta property=\"og:description\" content=\"D\u00e9couvrez l&#039;assurance animaux Leocare x Dalma : une couverture compl\u00e8te pour la sant\u00e9 de vos chiens et chats. B\u00e9n\u00e9ficiez d&#039;une protection contre les impr\u00e9vus v\u00e9t\u00e9rinaires, des conseils personnalis\u00e9s et une gestion simplifi\u00e9e via l&#039;application. Assurez le bien-\u00eatre de votre compagnon d\u00e8s aujourd&#039;hui !\" \/>\n<meta property=\"og:url\" content=\"https:\/\/leocare.eu\/fr\/assurance-animaux\/\" \/>\n<meta property=\"og:site_name\" content=\"Leocare, assurance en ligne automobile et habitation\" \/>\n<meta property=\"article:modified_time\" content=\"2026-01-20T13:36:40+00:00\" \/>\n<meta property=\"og:image\" content=\"https:\/\/leocare.eu\/fr\/wp-content\/uploads\/2022\/12\/assurance-auto-animaux-domestiques.jpg\" \/>\n\t<meta property=\"og:image:width\" content=\"1800\" \/>\n\t<meta property=\"og:image:height\" content=\"1200\" \/>\n\t<meta property=\"og:image:type\" content=\"image\/jpeg\" \/>\n<meta name=\"twitter:card\" content=\"summary_large_image\" \/>\n<!-- \/ Yoast SEO plugin. -->","yoast_head_json":{"title":"Assurance animaux Leocare x Dalma - Prot\u00e9gez votre fid\u00e8le compagnon","description":"D\u00e9couvrez l'assurance animaux Leocare x Dalma : une couverture compl\u00e8te pour la sant\u00e9 de vos chiens et chats. B\u00e9n\u00e9ficiez d'une protection contre les impr\u00e9vus v\u00e9t\u00e9rinaires, des conseils personnalis\u00e9s et une gestion simplifi\u00e9e via l'application. Assurez le bien-\u00eatre de votre compagnon d\u00e8s aujourd'hui !","robots":{"index":"index","follow":"follow","max-snippet":"max-snippet:-1","max-image-preview":"max-image-preview:large","max-video-preview":"max-video-preview:-1"},"canonical":"https:\/\/leocare.eu\/fr\/assurance-animaux\/","og_locale":"fr_FR","og_type":"article","og_title":"Assurance animaux Leocare x Dalma - Prot\u00e9gez votre fid\u00e8le compagnon","og_description":"D\u00e9couvrez l'assurance animaux Leocare x Dalma : une couverture compl\u00e8te pour la sant\u00e9 de vos chiens et chats. B\u00e9n\u00e9ficiez d'une protection contre les impr\u00e9vus v\u00e9t\u00e9rinaires, des conseils personnalis\u00e9s et une gestion simplifi\u00e9e via l'application. Assurez le bien-\u00eatre de votre compagnon d\u00e8s aujourd'hui !","og_url":"https:\/\/leocare.eu\/fr\/assurance-animaux\/","og_site_name":"Leocare, assurance en ligne automobile et habitation","article_modified_time":"2026-01-20T13:36:40+00:00","og_image":[{"width":1800,"height":1200,"url":"https:\/\/leocare.eu\/fr\/wp-content\/uploads\/2022\/12\/assurance-auto-animaux-domestiques.jpg","type":"image\/jpeg"}],"twitter_card":"summary_large_image","schema":{"@context":"https:\/\/schema.org","@graph":[{"@type":"WebPage","@id":"https:\/\/leocare.eu\/fr\/assurance-animaux\/","url":"https:\/\/leocare.eu\/fr\/assurance-animaux\/","name":"Assurance animaux Leocare x Dalma - Prot\u00e9gez votre fid\u00e8le compagnon","isPartOf":{"@id":"https:\/\/leocare.eu\/fr\/#website"},"primaryImageOfPage":{"@id":"https:\/\/leocare.eu\/fr\/assurance-animaux\/#primaryimage"},"image":{"@id":"https:\/\/leocare.eu\/fr\/assurance-animaux\/#primaryimage"},"thumbnailUrl":"https:\/\/leocare.eu\/fr\/wp-content\/uploads\/2022\/12\/assurance-auto-animaux-domestiques.jpg","datePublished":"2024-08-02T10:50:00+00:00","dateModified":"2026-01-20T13:36:40+00:00","description":"D\u00e9couvrez l'assurance animaux Leocare x Dalma : une couverture compl\u00e8te pour la sant\u00e9 de vos chiens et chats. B\u00e9n\u00e9ficiez d'une protection contre les impr\u00e9vus v\u00e9t\u00e9rinaires, des conseils personnalis\u00e9s et une gestion simplifi\u00e9e via l'application. Assurez le bien-\u00eatre de votre compagnon d\u00e8s aujourd'hui !","breadcrumb":{"@id":"https:\/\/leocare.eu\/fr\/assurance-animaux\/#breadcrumb"},"inLanguage":"fr-FR","potentialAction":[{"@type":"ReadAction","target":["https:\/\/leocare.eu\/fr\/assurance-animaux\/"]}]},{"@type":"ImageObject","inLanguage":"fr-FR","@id":"https:\/\/leocare.eu\/fr\/assurance-animaux\/#primaryimage","url":"https:\/\/leocare.eu\/fr\/wp-content\/uploads\/2022\/12\/assurance-auto-animaux-domestiques.jpg","contentUrl":"https:\/\/leocare.eu\/fr\/wp-content\/uploads\/2022\/12\/assurance-auto-animaux-domestiques.jpg","width":1800,"height":1200,"caption":"Accident Auto Animaux Domestiques"},{"@type":"WebSite","@id":"https:\/\/leocare.eu\/fr\/#website","url":"https:\/\/leocare.eu\/fr\/","name":"Leocare, assurance en ligne automobile et habitation","description":"enfin (r)assur\u00e9.e","publisher":{"@id":"https:\/\/leocare.eu\/fr\/#organization"},"potentialAction":[{"@type":"SearchAction","target":{"@type":"EntryPoint","urlTemplate":"https:\/\/leocare.eu\/fr\/?s={search_term_string}"},"query-input":{"@type":"PropertyValueSpecification","valueRequired":true,"valueName":"search_term_string"}}],"inLanguage":"fr-FR"},{"@type":"Organization","@id":"https:\/\/leocare.eu\/fr\/#organization","name":"Leocare, assurance en ligne automobile et habitation","url":"https:\/\/leocare.eu\/fr\/","logo":{"@type":"ImageObject","inLanguage":"fr-FR","@id":"https:\/\/leocare.eu\/fr\/#\/schema\/logo\/image\/","url":"https:\/\/leocare.eu\/fr\/wp-content\/uploads\/2020\/03\/logo-leocare.svg","contentUrl":"https:\/\/leocare.eu\/fr\/wp-content\/uploads\/2020\/03\/logo-leocare.svg","caption":"Leocare, assurance en ligne automobile et habitation"},"image":{"@id":"https:\/\/leocare.eu\/fr\/#\/schema\/logo\/image\/"}}]}},"_links":{"self":[{"href":"https:\/\/leocare.eu\/fr\/wp-json\/wp\/v2\/pages\/22672","targetHints":{"allow":["GET"]}}],"collection":[{"href":"https:\/\/leocare.eu\/fr\/wp-json\/wp\/v2\/pages"}],"about":[{"href":"https:\/\/leocare.eu\/fr\/wp-json\/wp\/v2\/types\/page"}],"author":[{"embeddable":true,"href":"https:\/\/leocare.eu\/fr\/wp-json\/wp\/v2\/users\/34"}],"replies":[{"embeddable":true,"href":"https:\/\/leocare.eu\/fr\/wp-json\/wp\/v2\/comments?post=22672"}],"version-history":[{"count":49,"href":"https:\/\/leocare.eu\/fr\/wp-json\/wp\/v2\/pages\/22672\/revisions"}],"predecessor-version":[{"id":36017,"href":"https:\/\/leocare.eu\/fr\/wp-json\/wp\/v2\/pages\/22672\/revisions\/36017"}],"wp:featuredmedia":[{"embeddable":true,"href":"https:\/\/leocare.eu\/fr\/wp-json\/wp\/v2\/media\/9908"}],"wp:attachment":[{"href":"https:\/\/leocare.eu\/fr\/wp-json\/wp\/v2\/media?parent=22672"}],"curies":[{"name":"wp","href":"https:\/\/api.w.org\/{rel}","templated":true}]}}