{"id":22348,"date":"2024-06-10T15:45:43","date_gmt":"2024-06-10T13:45:43","guid":{"rendered":"https:\/\/leocare.eu\/fr\/?page_id=22348"},"modified":"2024-06-10T15:45:44","modified_gmt":"2024-06-10T13:45:44","slug":"leocare-certification-b-corp-service-france-garanti","status":"publish","type":"page","link":"https:\/\/leocare.eu\/fr\/presse\/leocare-certification-b-corp-service-france-garanti\/","title":{"rendered":"Leocare obtient la certification B Corp\u2122 et renouvelle sa labellisation Service France Garanti"},"content":{"rendered":"\n<p><strong>La n\u00e9oassurance Leocare annonce ce jour avoir obtenu la certification B&nbsp;Corp\u2122 ainsi que le renouvellement de son label Service France Garanti. Ces deux audits, symboles reconnus d\u2019exigence, de s\u00e9curit\u00e9 et d\u2019excellence, t\u00e9moignent de l\u2019engagement de l\u2019entreprise en faveur d\u2019un environnement viable, d\u2019une \u00e9conomie responsable qu\u2019elle consent depuis sa cr\u00e9ation.<\/strong><\/p>\n\n\n\n<h2 class=\"wp-block-heading\">Un impact positif pour la soci\u00e9t\u00e9 et la plan\u00e8te<\/h2>\n\n\n\n<p>La certification B Corp\u2122 est l\u2019une des plus exigeantes au monde. Remise par l\u2019organisme ind\u00e9pendant \u00e0 but non lucratif B Lab\u2122, elle atteste l\u2019impact \u00e9conomique, social et environnemental b\u00e9n\u00e9fique des entreprises certifi\u00e9es, tout en mettant l&rsquo;accent sur la transparence et la responsabilit\u00e9. Le label se fonde sur une \u00e9valuation d\u00e9taill\u00e9e des organisations dans cinq domaines : la gouvernance, les politiques envers les collaborateurs, les relations avec les clients et la collectivit\u00e9, et le respect de l\u2019environnement. Leocare a obtenu un score de 80 points.<\/p>\n\n\n\n<p>En int\u00e9grant le cercle tr\u00e8s ferm\u00e9 des plus de 7 100 soci\u00e9t\u00e9s certifi\u00e9es B Corp\u2122 \u00e0 travers le monde (dont 300 seulement en France), Leocare prouve ainsi que l\u2019on peut conjuguer forte croissance et responsabilit\u00e9 soci\u00e9tale. La labellisation de son mod\u00e8le illustre son engagement envers des pratiques commerciales \u00e9thiques et durables, visant \u00e0 \u00e9quilibrer les int\u00e9r\u00eats des diff\u00e9rentes parties prenantes. Elle valide \u00e9galement l\u2019ambition de toujours de l\u2019entreprise de faire de l\u2019assurance une force de changement positif.<\/p>\n\n\n\n<p>Christophe Dandois, CEO et co-fondateur de Leocare, commente : <em>\u00ab En embrassant la philosophie B Corp\u2122, nous franchissons un cap crucial vers la construction d\u2019un avenir plus \u00e9quitable et durable. Nous croyons que le succ\u00e8s d\u2019une entreprise ne peut pas \u00eatre mesur\u00e9 uniquement en termes financiers, mais aussi par l\u2019impact positif qu\u2019elle g\u00e9n\u00e8re pour la soci\u00e9t\u00e9 et l\u2019environnement. Dans le contexte actuel, il est imp\u00e9ratif que les entreprises prennent la responsabilit\u00e9 de contribuer positivement \u00e0 la soci\u00e9t\u00e9. En tant qu\u2019acteurs \u00e9conomiques, nous avons la responsabilit\u00e9 de favoriser le bien-\u00eatre de nos employ\u00e9s, de soutenir les communaut\u00e9s locales et de prot\u00e9ger notre plan\u00e8te. En devenant une B Corp\u2122 certifi\u00e9e, Leocare indique la voie \u00e0 suivre en d\u00e9montrant que la r\u00e9ussite \u00e9conomique et l\u2019impact soci\u00e9tal peuvent coexister et se renforcer mutuellement. \u00bb<\/em><\/p>\n\n\n\n<h2 class=\"wp-block-heading\">Leocare \u00e0 nouveau certifi\u00e9e Service France Garanti<\/h2>\n\n\n\n<p>Additionnellement, Leocare a obtenu le renouvellement de sa certification Service France Garanti pour son attachement \u00e0 proposer des prestations de service et un service client 100 % origine France. Ce label, attribu\u00e9 apr\u00e8s un audit annuel minutieux, valorise les entreprises de services qui emploient en France.<\/p>\n\n\n\n<p>D\u00e9livr\u00e9e par l\u2019Afnor, la certification Service France Garanti s\u2019appuie sur deux crit\u00e8res cumulatifs : 90 % des personnes concourant \u00e0 la r\u00e9alisation des prestations de service et 90 % des personnes en contact direct avec le client doivent \u00eatre soumises \u00e0 un contrat de travail de droit fran\u00e7ais. Des crit\u00e8res que Leocare respecte \u00e0 100&nbsp;% puisque l\u2019int\u00e9gralit\u00e9 de ses prestations de service et de son service client est r\u00e9alis\u00e9e en France.<\/p>\n\n\n\n<p>Ce renouvellement t\u00e9moigne de l\u2019ancrage fort de la n\u00e9oassurance sur le territoire fran\u00e7ais et de sa volont\u00e9 d\u2019offrir \u00e0 ses assur\u00e9s une exp\u00e9rience client toujours plus simple, efficace et personnalis\u00e9e.<\/p>\n\n\n\n<p>En 2023, la n\u00e9o-assurance a multipli\u00e9 les reconnaissances. En effet, en d\u00e9but d\u2019ann\u00e9e elle s\u2019est vue, pour la 2<sup>\u00e8me<\/sup> ann\u00e9e cons\u00e9cutive, int\u00e9grer le French Tech 120, le programme national fran\u00e7ais qui rassemble les entreprises technologiques \u00e0 forte croissance les plus innovantes et les plus responsables.<\/p>\n","protected":false},"excerpt":{"rendered":"<p>La n\u00e9oassurance Leocare annonce ce jour avoir obtenu la certification B&nbsp;Corp\u2122 ainsi que le renouvellement de son label Service France Garanti. Ces deux audits, symboles reconnus d\u2019exigence, de s\u00e9curit\u00e9 et d\u2019excellence, t\u00e9moignent de l\u2019engagement de l\u2019entreprise en faveur d\u2019un environnement viable, d\u2019une \u00e9conomie responsable qu\u2019elle consent depuis sa cr\u00e9ation. Un impact positif pour la soci\u00e9t\u00e9 [&hellip;]<\/p>\n","protected":false},"author":34,"featured_media":16588,"parent":16531,"menu_order":0,"comment_status":"closed","ping_status":"closed","template":"template_press_article.php","meta":{"_acf_changed":false,"footnotes":""},"class_list":["post-22348","page","type-page","status-publish","has-post-thumbnail","hentry"],"acf":[],"yoast_head":"<!-- This site is optimized with the Yoast SEO plugin v27.3 - https:\/\/yoast.com\/product\/yoast-seo-wordpress\/ -->\n<title>Leocare obtient la certification B Corp\u2122 et renouvelle sa labellisation Service France Garanti<\/title>\n<meta name=\"robots\" content=\"index, follow, max-snippet:-1, max-image-preview:large, max-video-preview:-1\" \/>\n<link rel=\"canonical\" href=\"https:\/\/leocare.eu\/fr\/presse\/leocare-certification-b-corp-service-france-garanti\/\" \/>\n<meta property=\"og:locale\" content=\"fr_FR\" \/>\n<meta property=\"og:type\" content=\"article\" \/>\n<meta property=\"og:title\" content=\"Leocare obtient la certification B Corp\u2122 et renouvelle sa labellisation Service France Garanti\" \/>\n<meta property=\"og:description\" content=\"La n\u00e9oassurance Leocare annonce ce jour avoir obtenu la certification B&nbsp;Corp\u2122 ainsi que le renouvellement de son label Service France Garanti. Ces deux audits, symboles reconnus d\u2019exigence, de s\u00e9curit\u00e9 et d\u2019excellence, t\u00e9moignent de l\u2019engagement de l\u2019entreprise en faveur d\u2019un environnement viable, d\u2019une \u00e9conomie responsable qu\u2019elle consent depuis sa cr\u00e9ation. Un impact positif pour la soci\u00e9t\u00e9 [&hellip;]\" \/>\n<meta property=\"og:url\" content=\"https:\/\/leocare.eu\/fr\/presse\/leocare-certification-b-corp-service-france-garanti\/\" \/>\n<meta property=\"og:site_name\" content=\"Leocare, assurance en ligne automobile et habitation\" \/>\n<meta property=\"article:modified_time\" content=\"2024-06-10T13:45:44+00:00\" \/>\n<meta property=\"og:image\" content=\"https:\/\/leocare.eu\/fr\/wp-content\/uploads\/2023\/07\/background-leocare.png\" \/>\n\t<meta property=\"og:image:width\" content=\"1400\" \/>\n\t<meta property=\"og:image:height\" content=\"600\" \/>\n\t<meta property=\"og:image:type\" content=\"image\/png\" \/>\n<meta name=\"twitter:card\" content=\"summary_large_image\" \/>\n<meta name=\"twitter:label1\" content=\"Dur\u00e9e de lecture estim\u00e9e\" \/>\n\t<meta name=\"twitter:data1\" content=\"3 minutes\" \/>\n<!-- \/ Yoast SEO plugin. -->","yoast_head_json":{"title":"Leocare obtient la certification B Corp\u2122 et renouvelle sa labellisation Service France Garanti","robots":{"index":"index","follow":"follow","max-snippet":"max-snippet:-1","max-image-preview":"max-image-preview:large","max-video-preview":"max-video-preview:-1"},"canonical":"https:\/\/leocare.eu\/fr\/presse\/leocare-certification-b-corp-service-france-garanti\/","og_locale":"fr_FR","og_type":"article","og_title":"Leocare obtient la certification B Corp\u2122 et renouvelle sa labellisation Service France Garanti","og_description":"La n\u00e9oassurance Leocare annonce ce jour avoir obtenu la certification B&nbsp;Corp\u2122 ainsi que le renouvellement de son label Service France Garanti. Ces deux audits, symboles reconnus d\u2019exigence, de s\u00e9curit\u00e9 et d\u2019excellence, t\u00e9moignent de l\u2019engagement de l\u2019entreprise en faveur d\u2019un environnement viable, d\u2019une \u00e9conomie responsable qu\u2019elle consent depuis sa cr\u00e9ation. Un impact positif pour la soci\u00e9t\u00e9 [&hellip;]","og_url":"https:\/\/leocare.eu\/fr\/presse\/leocare-certification-b-corp-service-france-garanti\/","og_site_name":"Leocare, assurance en ligne automobile et habitation","article_modified_time":"2024-06-10T13:45:44+00:00","og_image":[{"width":1400,"height":600,"url":"https:\/\/leocare.eu\/fr\/wp-content\/uploads\/2023\/07\/background-leocare.png","type":"image\/png"}],"twitter_card":"summary_large_image","twitter_misc":{"Dur\u00e9e de lecture estim\u00e9e":"3 minutes"},"schema":{"@context":"https:\/\/schema.org","@graph":[{"@type":"WebPage","@id":"https:\/\/leocare.eu\/fr\/presse\/leocare-certification-b-corp-service-france-garanti\/","url":"https:\/\/leocare.eu\/fr\/presse\/leocare-certification-b-corp-service-france-garanti\/","name":"Leocare obtient la certification B Corp\u2122 et renouvelle sa labellisation Service France Garanti","isPartOf":{"@id":"https:\/\/leocare.eu\/fr\/#website"},"primaryImageOfPage":{"@id":"https:\/\/leocare.eu\/fr\/presse\/leocare-certification-b-corp-service-france-garanti\/#primaryimage"},"image":{"@id":"https:\/\/leocare.eu\/fr\/presse\/leocare-certification-b-corp-service-france-garanti\/#primaryimage"},"thumbnailUrl":"https:\/\/leocare.eu\/fr\/wp-content\/uploads\/2023\/07\/background-leocare.png","datePublished":"2024-06-10T13:45:43+00:00","dateModified":"2024-06-10T13:45:44+00:00","breadcrumb":{"@id":"https:\/\/leocare.eu\/fr\/presse\/leocare-certification-b-corp-service-france-garanti\/#breadcrumb"},"inLanguage":"fr-FR","potentialAction":[{"@type":"ReadAction","target":["https:\/\/leocare.eu\/fr\/presse\/leocare-certification-b-corp-service-france-garanti\/"]}]},{"@type":"ImageObject","inLanguage":"fr-FR","@id":"https:\/\/leocare.eu\/fr\/presse\/leocare-certification-b-corp-service-france-garanti\/#primaryimage","url":"https:\/\/leocare.eu\/fr\/wp-content\/uploads\/2023\/07\/background-leocare.png","contentUrl":"https:\/\/leocare.eu\/fr\/wp-content\/uploads\/2023\/07\/background-leocare.png","width":1400,"height":600,"caption":"background leocare"},{"@type":"WebSite","@id":"https:\/\/leocare.eu\/fr\/#website","url":"https:\/\/leocare.eu\/fr\/","name":"Leocare, assurance en ligne automobile et habitation","description":"enfin (r)assur\u00e9.e","publisher":{"@id":"https:\/\/leocare.eu\/fr\/#organization"},"potentialAction":[{"@type":"SearchAction","target":{"@type":"EntryPoint","urlTemplate":"https:\/\/leocare.eu\/fr\/?s={search_term_string}"},"query-input":{"@type":"PropertyValueSpecification","valueRequired":true,"valueName":"search_term_string"}}],"inLanguage":"fr-FR"},{"@type":"Organization","@id":"https:\/\/leocare.eu\/fr\/#organization","name":"Leocare, assurance en ligne automobile et habitation","url":"https:\/\/leocare.eu\/fr\/","logo":{"@type":"ImageObject","inLanguage":"fr-FR","@id":"https:\/\/leocare.eu\/fr\/#\/schema\/logo\/image\/","url":"https:\/\/leocare.eu\/fr\/wp-content\/uploads\/2020\/03\/logo-leocare.svg","contentUrl":"https:\/\/leocare.eu\/fr\/wp-content\/uploads\/2020\/03\/logo-leocare.svg","caption":"Leocare, assurance en ligne automobile et habitation"},"image":{"@id":"https:\/\/leocare.eu\/fr\/#\/schema\/logo\/image\/"}}]}},"_links":{"self":[{"href":"https:\/\/leocare.eu\/fr\/wp-json\/wp\/v2\/pages\/22348","targetHints":{"allow":["GET"]}}],"collection":[{"href":"https:\/\/leocare.eu\/fr\/wp-json\/wp\/v2\/pages"}],"about":[{"href":"https:\/\/leocare.eu\/fr\/wp-json\/wp\/v2\/types\/page"}],"author":[{"embeddable":true,"href":"https:\/\/leocare.eu\/fr\/wp-json\/wp\/v2\/users\/34"}],"replies":[{"embeddable":true,"href":"https:\/\/leocare.eu\/fr\/wp-json\/wp\/v2\/comments?post=22348"}],"version-history":[{"count":1,"href":"https:\/\/leocare.eu\/fr\/wp-json\/wp\/v2\/pages\/22348\/revisions"}],"predecessor-version":[{"id":22349,"href":"https:\/\/leocare.eu\/fr\/wp-json\/wp\/v2\/pages\/22348\/revisions\/22349"}],"up":[{"embeddable":true,"href":"https:\/\/leocare.eu\/fr\/wp-json\/wp\/v2\/pages\/16531"}],"wp:featuredmedia":[{"embeddable":true,"href":"https:\/\/leocare.eu\/fr\/wp-json\/wp\/v2\/media\/16588"}],"wp:attachment":[{"href":"https:\/\/leocare.eu\/fr\/wp-json\/wp\/v2\/media?parent=22348"}],"curies":[{"name":"wp","href":"https:\/\/api.w.org\/{rel}","templated":true}]}}