{"id":21099,"date":"2024-04-26T14:10:13","date_gmt":"2024-04-26T12:10:13","guid":{"rendered":"https:\/\/leocare.eu\/fr\/?page_id=21099"},"modified":"2026-04-14T11:16:44","modified_gmt":"2026-04-14T09:16:44","slug":"lexique-assurance","status":"publish","type":"page","link":"https:\/\/leocare.eu\/fr\/lexique-assurance\/","title":{"rendered":"Le lexique de l&rsquo;assurance"},"content":{"rendered":"\n<p><strong>Ce lexique de l\u2019assurance est une ressource con\u00e7ue pour vous aider \u00e0 naviguer dans le monde de\u00a0<a href=\"https:\/\/leocare.eu\/fr\/assurance-auto-en-ligne\/\" target=\"_blank\" rel=\"noreferrer noopener\">l\u2019assurance auto<\/a>. Que vous soyez un nouvel assur\u00e9 cherchant \u00e0 comprendre les termes de base ou un professionnel exp\u00e9riment\u00e9 qui recherche des d\u00e9finitions plus nuanc\u00e9es, notre glossaire est l\u00e0 pour vous aider<\/strong>.<\/p>\n","protected":false},"excerpt":{"rendered":"<p>Ce lexique de l\u2019assurance est une ressource con\u00e7ue pour vous aider \u00e0 naviguer dans le monde de\u00a0l\u2019assurance auto. Que vous soyez un nouvel assur\u00e9 cherchant \u00e0 comprendre les termes de base ou un professionnel exp\u00e9riment\u00e9 qui recherche des d\u00e9finitions plus nuanc\u00e9es, notre glossaire est l\u00e0 pour vous aider.<\/p>\n","protected":false},"author":34,"featured_media":0,"parent":0,"menu_order":0,"comment_status":"closed","ping_status":"closed","template":"template_glossary.php","meta":{"_acf_changed":false,"footnotes":""},"class_list":["post-21099","page","type-page","status-publish","hentry"],"acf":[],"yoast_head":"<!-- This site is optimized with the Yoast SEO plugin v27.3 - https:\/\/yoast.com\/product\/yoast-seo-wordpress\/ -->\n<title>Le lexique de l&#039;assurance<\/title>\n<meta name=\"description\" content=\"D\u00e9couvrez notre lexique d&#039;assurance pour comprendre tous les termes techniques et juridiques. Facilitez vos d\u00e9marches avec Leocare.\" \/>\n<meta name=\"robots\" content=\"index, follow, max-snippet:-1, max-image-preview:large, max-video-preview:-1\" \/>\n<link rel=\"canonical\" href=\"https:\/\/leocare.eu\/fr\/lexique-assurance\/\" \/>\n<meta property=\"og:locale\" content=\"fr_FR\" \/>\n<meta property=\"og:type\" content=\"article\" \/>\n<meta property=\"og:title\" content=\"Le lexique de l&#039;assurance\" \/>\n<meta property=\"og:description\" content=\"D\u00e9couvrez notre lexique d&#039;assurance pour comprendre tous les termes techniques et juridiques. Facilitez vos d\u00e9marches avec Leocare.\" \/>\n<meta property=\"og:url\" content=\"https:\/\/leocare.eu\/fr\/lexique-assurance\/\" \/>\n<meta property=\"og:site_name\" content=\"Leocare, assurance en ligne automobile et habitation\" \/>\n<meta property=\"article:modified_time\" content=\"2026-04-14T09:16:44+00:00\" \/>\n<meta name=\"twitter:card\" content=\"summary_large_image\" \/>\n<!-- \/ Yoast SEO plugin. -->","yoast_head_json":{"title":"Le lexique de l'assurance","description":"D\u00e9couvrez notre lexique d'assurance pour comprendre tous les termes techniques et juridiques. Facilitez vos d\u00e9marches avec Leocare.","robots":{"index":"index","follow":"follow","max-snippet":"max-snippet:-1","max-image-preview":"max-image-preview:large","max-video-preview":"max-video-preview:-1"},"canonical":"https:\/\/leocare.eu\/fr\/lexique-assurance\/","og_locale":"fr_FR","og_type":"article","og_title":"Le lexique de l'assurance","og_description":"D\u00e9couvrez notre lexique d'assurance pour comprendre tous les termes techniques et juridiques. Facilitez vos d\u00e9marches avec Leocare.","og_url":"https:\/\/leocare.eu\/fr\/lexique-assurance\/","og_site_name":"Leocare, assurance en ligne automobile et habitation","article_modified_time":"2026-04-14T09:16:44+00:00","twitter_card":"summary_large_image","schema":{"@context":"https:\/\/schema.org","@graph":[{"@type":"WebPage","@id":"https:\/\/leocare.eu\/fr\/lexique-assurance\/","url":"https:\/\/leocare.eu\/fr\/lexique-assurance\/","name":"Le lexique de l'assurance","isPartOf":{"@id":"https:\/\/leocare.eu\/fr\/#website"},"datePublished":"2024-04-26T12:10:13+00:00","dateModified":"2026-04-14T09:16:44+00:00","description":"D\u00e9couvrez notre lexique d'assurance pour comprendre tous les termes techniques et juridiques. Facilitez vos d\u00e9marches avec Leocare.","breadcrumb":{"@id":"https:\/\/leocare.eu\/fr\/lexique-assurance\/#breadcrumb"},"inLanguage":"fr-FR","potentialAction":[{"@type":"ReadAction","target":["https:\/\/leocare.eu\/fr\/lexique-assurance\/"]}]},{"@type":"WebSite","@id":"https:\/\/leocare.eu\/fr\/#website","url":"https:\/\/leocare.eu\/fr\/","name":"Leocare, assurance en ligne automobile et habitation","description":"enfin (r)assur\u00e9.e","publisher":{"@id":"https:\/\/leocare.eu\/fr\/#organization"},"potentialAction":[{"@type":"SearchAction","target":{"@type":"EntryPoint","urlTemplate":"https:\/\/leocare.eu\/fr\/?s={search_term_string}"},"query-input":{"@type":"PropertyValueSpecification","valueRequired":true,"valueName":"search_term_string"}}],"inLanguage":"fr-FR"},{"@type":"Organization","@id":"https:\/\/leocare.eu\/fr\/#organization","name":"Leocare, assurance en ligne automobile et habitation","url":"https:\/\/leocare.eu\/fr\/","logo":{"@type":"ImageObject","inLanguage":"fr-FR","@id":"https:\/\/leocare.eu\/fr\/#\/schema\/logo\/image\/","url":"https:\/\/leocare.eu\/fr\/wp-content\/uploads\/2020\/03\/logo-leocare.svg","contentUrl":"https:\/\/leocare.eu\/fr\/wp-content\/uploads\/2020\/03\/logo-leocare.svg","caption":"Leocare, assurance en ligne automobile et habitation"},"image":{"@id":"https:\/\/leocare.eu\/fr\/#\/schema\/logo\/image\/"}}]}},"_links":{"self":[{"href":"https:\/\/leocare.eu\/fr\/wp-json\/wp\/v2\/pages\/21099","targetHints":{"allow":["GET"]}}],"collection":[{"href":"https:\/\/leocare.eu\/fr\/wp-json\/wp\/v2\/pages"}],"about":[{"href":"https:\/\/leocare.eu\/fr\/wp-json\/wp\/v2\/types\/page"}],"author":[{"embeddable":true,"href":"https:\/\/leocare.eu\/fr\/wp-json\/wp\/v2\/users\/34"}],"replies":[{"embeddable":true,"href":"https:\/\/leocare.eu\/fr\/wp-json\/wp\/v2\/comments?post=21099"}],"version-history":[{"count":3,"href":"https:\/\/leocare.eu\/fr\/wp-json\/wp\/v2\/pages\/21099\/revisions"}],"predecessor-version":[{"id":41206,"href":"https:\/\/leocare.eu\/fr\/wp-json\/wp\/v2\/pages\/21099\/revisions\/41206"}],"wp:attachment":[{"href":"https:\/\/leocare.eu\/fr\/wp-json\/wp\/v2\/media?parent=21099"}],"curies":[{"name":"wp","href":"https:\/\/api.w.org\/{rel}","templated":true}]}}