{"id":20821,"date":"2024-04-05T11:56:14","date_gmt":"2024-04-05T09:56:14","guid":{"rendered":"https:\/\/leocare.eu\/fr\/?page_id=20821"},"modified":"2026-04-07T16:51:10","modified_gmt":"2026-04-07T14:51:10","slug":"comment-savoir-si-voiture-figure-fichier-fva","status":"publish","type":"page","link":"https:\/\/leocare.eu\/fr\/assurance-auto-en-ligne\/couverture\/contrat\/carte-verte\/comment-savoir-si-voiture-figure-fichier-fva\/","title":{"rendered":"Comment savoir si ma voiture figure dans le fichier FVA ?"},"content":{"rendered":"\n<p>Depuis le 1er avril, la carte verte c&rsquo;est de l&rsquo;histoire ancienne ! M\u00eame s&rsquo;il est toujours obligatoire de s&rsquo;assurer, la fa\u00e7on de v\u00e9rifier si vous \u00eates assur\u00e9 ou non a chang\u00e9.<strong> D\u00e9sormais, les forces de l&rsquo;ordre auront simplement \u00e0 scanner votre plaque d&rsquo;immatriculation pour savoir si votre v\u00e9hicule figure dans le fichier des v\u00e9hicules assur\u00e9s (FVA).<\/strong> Mais avant toute chose, est-ce que votre v\u00e9hicule figure bien dans le FVA ? Nous allons v\u00e9rifier \u00e7a !<\/p>\n\n\n\n<h2 class=\"wp-block-heading\" id=\"section-1-etape-1-rendez-vous-sur-le-site-du-site-du-fva\">Etape 1 : Rendez-vous sur le site du site du FVA<\/h2>\n\n\n<div class=\"wp-block-image\">\n<figure class=\"aligncenter\"><img decoding=\"async\" width=\"300\" height=\"101\" src=\"https:\/\/leocare.eu\/fr\/wp-content\/uploads\/2024\/04\/consultation-situation-FVA-300x101.png\" alt=\"consultation situation FVA\" class=\"wp-image-20834\" srcset=\"https:\/\/leocare.eu\/fr\/wp-content\/uploads\/2024\/04\/consultation-situation-FVA-300x101.png 300w, https:\/\/leocare.eu\/fr\/wp-content\/uploads\/2024\/04\/consultation-situation-FVA-575x193.png 575w, https:\/\/leocare.eu\/fr\/wp-content\/uploads\/2024\/04\/consultation-situation-FVA-600x202.png 600w, https:\/\/leocare.eu\/fr\/wp-content\/uploads\/2024\/04\/consultation-situation-FVA-700x235.png 700w, https:\/\/leocare.eu\/fr\/wp-content\/uploads\/2024\/04\/consultation-situation-FVA-480x161.png 480w, https:\/\/leocare.eu\/fr\/wp-content\/uploads\/2024\/04\/consultation-situation-FVA-515x173.png 515w, https:\/\/leocare.eu\/fr\/wp-content\/uploads\/2024\/04\/consultation-situation-FVA-490x165.png 490w, https:\/\/leocare.eu\/fr\/wp-content\/uploads\/2024\/04\/consultation-situation-FVA-360x121.png 360w, https:\/\/leocare.eu\/fr\/wp-content\/uploads\/2024\/04\/consultation-situation-FVA-330x111.png 330w, https:\/\/leocare.eu\/fr\/wp-content\/uploads\/2024\/04\/consultation-situation-FVA-173x58.png 173w, https:\/\/leocare.eu\/fr\/wp-content\/uploads\/2024\/04\/consultation-situation-FVA-150x50.png 150w, https:\/\/leocare.eu\/fr\/wp-content\/uploads\/2024\/04\/consultation-situation-FVA-100x34.png 100w, https:\/\/leocare.eu\/fr\/wp-content\/uploads\/2024\/04\/consultation-situation-FVA-20x7.png 20w, https:\/\/leocare.eu\/fr\/wp-content\/uploads\/2024\/04\/consultation-situation-FVA-40x13.png 40w, https:\/\/leocare.eu\/fr\/wp-content\/uploads\/2024\/04\/consultation-situation-FVA-140x47.png 140w, https:\/\/leocare.eu\/fr\/wp-content\/uploads\/2024\/04\/consultation-situation-FVA-200x67.png 200w, https:\/\/leocare.eu\/fr\/wp-content\/uploads\/2024\/04\/consultation-situation-FVA-315x106.png 315w, https:\/\/leocare.eu\/fr\/wp-content\/uploads\/2024\/04\/consultation-situation-FVA-560x188.png 560w, https:\/\/leocare.eu\/fr\/wp-content\/uploads\/2024\/04\/consultation-situation-FVA-623x209.png 623w, https:\/\/leocare.eu\/fr\/wp-content\/uploads\/2024\/04\/consultation-situation-FVA-475x160.png 475w, https:\/\/leocare.eu\/fr\/wp-content\/uploads\/2024\/04\/consultation-situation-FVA.png 756w\" sizes=\"(max-width: 300px) 100vw, 300px\" \/><\/figure>\n<\/div>\n\n\n<p>Vous pouvez y acc\u00e9der&nbsp;<a href=\"https:\/\/www.fva-assurance.fr\/consulter-le-fva\/\" target=\"_blank\" rel=\"noreferrer noopener\">en cliquant ici.<\/a><\/p>\n\n\n\n<h2 class=\"wp-block-heading\" id=\"section-2-etape-2-slectionnez-le-format-de-la-plaque-dimmatriculation-\">Etape 2 : S\u00e9lectionnez le format de la plaque d\u2019immatriculation de votre v\u00e9hicule<\/h2>\n\n\n\n<p>3 formats existent : AA-123-AA, 123-ABC-45 ou 123-AAA-01.<\/p>\n\n\n<div class=\"wp-block-image\">\n<figure class=\"aligncenter\"><img decoding=\"async\" width=\"300\" height=\"65\" src=\"https:\/\/leocare.eu\/fr\/wp-content\/uploads\/2024\/04\/format-plaque-fva-300x65.png\" alt=\"format plaque FVA\" class=\"wp-image-20826\" srcset=\"https:\/\/leocare.eu\/fr\/wp-content\/uploads\/2024\/04\/format-plaque-fva-300x65.png 300w, https:\/\/leocare.eu\/fr\/wp-content\/uploads\/2024\/04\/format-plaque-fva-1024x221.png 1024w, https:\/\/leocare.eu\/fr\/wp-content\/uploads\/2024\/04\/format-plaque-fva-768x166.png 768w, https:\/\/leocare.eu\/fr\/wp-content\/uploads\/2024\/04\/format-plaque-fva-980x212.png 980w, https:\/\/leocare.eu\/fr\/wp-content\/uploads\/2024\/04\/format-plaque-fva-575x124.png 575w, https:\/\/leocare.eu\/fr\/wp-content\/uploads\/2024\/04\/format-plaque-fva-600x130.png 600w, https:\/\/leocare.eu\/fr\/wp-content\/uploads\/2024\/04\/format-plaque-fva-700x151.png 700w, https:\/\/leocare.eu\/fr\/wp-content\/uploads\/2024\/04\/format-plaque-fva-480x104.png 480w, https:\/\/leocare.eu\/fr\/wp-content\/uploads\/2024\/04\/format-plaque-fva-515x111.png 515w, https:\/\/leocare.eu\/fr\/wp-content\/uploads\/2024\/04\/format-plaque-fva-490x106.png 490w, https:\/\/leocare.eu\/fr\/wp-content\/uploads\/2024\/04\/format-plaque-fva-360x78.png 360w, https:\/\/leocare.eu\/fr\/wp-content\/uploads\/2024\/04\/format-plaque-fva-330x71.png 330w, https:\/\/leocare.eu\/fr\/wp-content\/uploads\/2024\/04\/format-plaque-fva-173x37.png 173w, https:\/\/leocare.eu\/fr\/wp-content\/uploads\/2024\/04\/format-plaque-fva-150x32.png 150w, https:\/\/leocare.eu\/fr\/wp-content\/uploads\/2024\/04\/format-plaque-fva-100x22.png 100w, https:\/\/leocare.eu\/fr\/wp-content\/uploads\/2024\/04\/format-plaque-fva-20x4.png 20w, https:\/\/leocare.eu\/fr\/wp-content\/uploads\/2024\/04\/format-plaque-fva-40x9.png 40w, https:\/\/leocare.eu\/fr\/wp-content\/uploads\/2024\/04\/format-plaque-fva-140x30.png 140w, https:\/\/leocare.eu\/fr\/wp-content\/uploads\/2024\/04\/format-plaque-fva-200x43.png 200w, https:\/\/leocare.eu\/fr\/wp-content\/uploads\/2024\/04\/format-plaque-fva-315x68.png 315w, https:\/\/leocare.eu\/fr\/wp-content\/uploads\/2024\/04\/format-plaque-fva-1140x246.png 1140w, https:\/\/leocare.eu\/fr\/wp-content\/uploads\/2024\/04\/format-plaque-fva-560x121.png 560w, https:\/\/leocare.eu\/fr\/wp-content\/uploads\/2024\/04\/format-plaque-fva-623x135.png 623w, https:\/\/leocare.eu\/fr\/wp-content\/uploads\/2024\/04\/format-plaque-fva-475x103.png 475w, https:\/\/leocare.eu\/fr\/wp-content\/uploads\/2024\/04\/format-plaque-fva.png 1180w\" sizes=\"(max-width: 300px) 100vw, 300px\" \/><\/figure>\n<\/div>\n\n\n<h2 class=\"wp-block-heading\" id=\"section-3-etage-3-entrez-votre-immatriculation-et-le-numro-de-formule-\">Etage 3 : Entrez votre immatriculation et le num\u00e9ro de formule de votre carte grise<\/h2>\n\n\n\n<p>Le num\u00e9ro de formule se trouve sur votre carte grise.<\/p>\n\n\n<div class=\"wp-block-image\">\n<figure class=\"aligncenter\"><img decoding=\"async\" width=\"300\" height=\"100\" src=\"https:\/\/leocare.eu\/fr\/wp-content\/uploads\/2024\/04\/immatriculation-fva-300x100.jpg\" alt=\"immatriculation FVA\" class=\"wp-image-20828\" srcset=\"https:\/\/leocare.eu\/fr\/wp-content\/uploads\/2024\/04\/immatriculation-fva-300x100.jpg 300w, https:\/\/leocare.eu\/fr\/wp-content\/uploads\/2024\/04\/immatriculation-fva-1024x341.jpg 1024w, https:\/\/leocare.eu\/fr\/wp-content\/uploads\/2024\/04\/immatriculation-fva-768x256.jpg 768w, https:\/\/leocare.eu\/fr\/wp-content\/uploads\/2024\/04\/immatriculation-fva-980x327.jpg 980w, https:\/\/leocare.eu\/fr\/wp-content\/uploads\/2024\/04\/immatriculation-fva-575x192.jpg 575w, https:\/\/leocare.eu\/fr\/wp-content\/uploads\/2024\/04\/immatriculation-fva-600x200.jpg 600w, https:\/\/leocare.eu\/fr\/wp-content\/uploads\/2024\/04\/immatriculation-fva-700x233.jpg 700w, https:\/\/leocare.eu\/fr\/wp-content\/uploads\/2024\/04\/immatriculation-fva-480x160.jpg 480w, https:\/\/leocare.eu\/fr\/wp-content\/uploads\/2024\/04\/immatriculation-fva-515x172.jpg 515w, https:\/\/leocare.eu\/fr\/wp-content\/uploads\/2024\/04\/immatriculation-fva-490x163.jpg 490w, https:\/\/leocare.eu\/fr\/wp-content\/uploads\/2024\/04\/immatriculation-fva-360x120.jpg 360w, https:\/\/leocare.eu\/fr\/wp-content\/uploads\/2024\/04\/immatriculation-fva-330x110.jpg 330w, https:\/\/leocare.eu\/fr\/wp-content\/uploads\/2024\/04\/immatriculation-fva-173x58.jpg 173w, https:\/\/leocare.eu\/fr\/wp-content\/uploads\/2024\/04\/immatriculation-fva-150x50.jpg 150w, https:\/\/leocare.eu\/fr\/wp-content\/uploads\/2024\/04\/immatriculation-fva-100x33.jpg 100w, https:\/\/leocare.eu\/fr\/wp-content\/uploads\/2024\/04\/immatriculation-fva-20x7.jpg 20w, https:\/\/leocare.eu\/fr\/wp-content\/uploads\/2024\/04\/immatriculation-fva-40x13.jpg 40w, https:\/\/leocare.eu\/fr\/wp-content\/uploads\/2024\/04\/immatriculation-fva-140x47.jpg 140w, https:\/\/leocare.eu\/fr\/wp-content\/uploads\/2024\/04\/immatriculation-fva-200x67.jpg 200w, https:\/\/leocare.eu\/fr\/wp-content\/uploads\/2024\/04\/immatriculation-fva-315x105.jpg 315w, https:\/\/leocare.eu\/fr\/wp-content\/uploads\/2024\/04\/immatriculation-fva-1050x350.jpg 1050w, https:\/\/leocare.eu\/fr\/wp-content\/uploads\/2024\/04\/immatriculation-fva-560x187.jpg 560w, https:\/\/leocare.eu\/fr\/wp-content\/uploads\/2024\/04\/immatriculation-fva-623x208.jpg 623w, https:\/\/leocare.eu\/fr\/wp-content\/uploads\/2024\/04\/immatriculation-fva-475x158.jpg 475w, https:\/\/leocare.eu\/fr\/wp-content\/uploads\/2024\/04\/immatriculation-fva.jpg 1200w\" sizes=\"(max-width: 300px) 100vw, 300px\" \/><\/figure>\n<\/div>\n\n<div class=\"wp-block-image\">\n<figure class=\"aligncenter\"><img decoding=\"async\" width=\"300\" height=\"135\" src=\"https:\/\/leocare.eu\/fr\/wp-content\/uploads\/2024\/04\/numero-formule-carte-grise-300x135.jpg\" alt=\"num\u00e9ro de formule carte grise\" class=\"wp-image-20831\" srcset=\"https:\/\/leocare.eu\/fr\/wp-content\/uploads\/2024\/04\/numero-formule-carte-grise-300x135.jpg 300w, https:\/\/leocare.eu\/fr\/wp-content\/uploads\/2024\/04\/numero-formule-carte-grise-1024x460.jpg 1024w, https:\/\/leocare.eu\/fr\/wp-content\/uploads\/2024\/04\/numero-formule-carte-grise-768x345.jpg 768w, https:\/\/leocare.eu\/fr\/wp-content\/uploads\/2024\/04\/numero-formule-carte-grise-980x440.jpg 980w, https:\/\/leocare.eu\/fr\/wp-content\/uploads\/2024\/04\/numero-formule-carte-grise-575x258.jpg 575w, https:\/\/leocare.eu\/fr\/wp-content\/uploads\/2024\/04\/numero-formule-carte-grise-600x270.jpg 600w, https:\/\/leocare.eu\/fr\/wp-content\/uploads\/2024\/04\/numero-formule-carte-grise-700x314.jpg 700w, https:\/\/leocare.eu\/fr\/wp-content\/uploads\/2024\/04\/numero-formule-carte-grise-480x216.jpg 480w, https:\/\/leocare.eu\/fr\/wp-content\/uploads\/2024\/04\/numero-formule-carte-grise-515x231.jpg 515w, https:\/\/leocare.eu\/fr\/wp-content\/uploads\/2024\/04\/numero-formule-carte-grise-490x220.jpg 490w, https:\/\/leocare.eu\/fr\/wp-content\/uploads\/2024\/04\/numero-formule-carte-grise-360x162.jpg 360w, https:\/\/leocare.eu\/fr\/wp-content\/uploads\/2024\/04\/numero-formule-carte-grise-330x148.jpg 330w, https:\/\/leocare.eu\/fr\/wp-content\/uploads\/2024\/04\/numero-formule-carte-grise-173x78.jpg 173w, https:\/\/leocare.eu\/fr\/wp-content\/uploads\/2024\/04\/numero-formule-carte-grise-150x67.jpg 150w, https:\/\/leocare.eu\/fr\/wp-content\/uploads\/2024\/04\/numero-formule-carte-grise-100x45.jpg 100w, https:\/\/leocare.eu\/fr\/wp-content\/uploads\/2024\/04\/numero-formule-carte-grise-20x9.jpg 20w, https:\/\/leocare.eu\/fr\/wp-content\/uploads\/2024\/04\/numero-formule-carte-grise-40x18.jpg 40w, https:\/\/leocare.eu\/fr\/wp-content\/uploads\/2024\/04\/numero-formule-carte-grise-140x63.jpg 140w, https:\/\/leocare.eu\/fr\/wp-content\/uploads\/2024\/04\/numero-formule-carte-grise-200x90.jpg 200w, https:\/\/leocare.eu\/fr\/wp-content\/uploads\/2024\/04\/numero-formule-carte-grise-315x141.jpg 315w, https:\/\/leocare.eu\/fr\/wp-content\/uploads\/2024\/04\/numero-formule-carte-grise-779x350.jpg 779w, https:\/\/leocare.eu\/fr\/wp-content\/uploads\/2024\/04\/numero-formule-carte-grise-560x252.jpg 560w, https:\/\/leocare.eu\/fr\/wp-content\/uploads\/2024\/04\/numero-formule-carte-grise-623x280.jpg 623w, https:\/\/leocare.eu\/fr\/wp-content\/uploads\/2024\/04\/numero-formule-carte-grise-475x213.jpg 475w, https:\/\/leocare.eu\/fr\/wp-content\/uploads\/2024\/04\/numero-formule-carte-grise.jpg 1200w\" sizes=\"(max-width: 300px) 100vw, 300px\" \/><\/figure>\n<\/div>\n\n\n<h2 class=\"wp-block-heading\" id=\"section-4-etape-4-rsultats\">Etape 4 : R\u00e9sultats<\/h2>\n\n\n\n<p>Et voil\u00e0 ! Le FVA vous indique si votre v\u00e9hicule figure (ou non) dans le FVA en cas de contr\u00f4le par les forces de l\u2019ordre<\/p>\n\n\n<div class=\"wp-block-image\">\n<figure class=\"aligncenter\"><img decoding=\"async\" width=\"300\" height=\"154\" src=\"https:\/\/leocare.eu\/fr\/wp-content\/uploads\/2024\/04\/confirmation-FVA-300x154.jpg\" alt=\"confirmation FVA\" class=\"wp-image-20830\" srcset=\"https:\/\/leocare.eu\/fr\/wp-content\/uploads\/2024\/04\/confirmation-FVA-300x154.jpg 300w, https:\/\/leocare.eu\/fr\/wp-content\/uploads\/2024\/04\/confirmation-FVA-1024x527.jpg 1024w, https:\/\/leocare.eu\/fr\/wp-content\/uploads\/2024\/04\/confirmation-FVA-768x395.jpg 768w, https:\/\/leocare.eu\/fr\/wp-content\/uploads\/2024\/04\/confirmation-FVA-980x504.jpg 980w, https:\/\/leocare.eu\/fr\/wp-content\/uploads\/2024\/04\/confirmation-FVA-575x296.jpg 575w, https:\/\/leocare.eu\/fr\/wp-content\/uploads\/2024\/04\/confirmation-FVA-600x309.jpg 600w, https:\/\/leocare.eu\/fr\/wp-content\/uploads\/2024\/04\/confirmation-FVA-700x360.jpg 700w, https:\/\/leocare.eu\/fr\/wp-content\/uploads\/2024\/04\/confirmation-FVA-480x247.jpg 480w, https:\/\/leocare.eu\/fr\/wp-content\/uploads\/2024\/04\/confirmation-FVA-515x265.jpg 515w, https:\/\/leocare.eu\/fr\/wp-content\/uploads\/2024\/04\/confirmation-FVA-490x252.jpg 490w, https:\/\/leocare.eu\/fr\/wp-content\/uploads\/2024\/04\/confirmation-FVA-360x185.jpg 360w, https:\/\/leocare.eu\/fr\/wp-content\/uploads\/2024\/04\/confirmation-FVA-330x170.jpg 330w, https:\/\/leocare.eu\/fr\/wp-content\/uploads\/2024\/04\/confirmation-FVA-173x89.jpg 173w, https:\/\/leocare.eu\/fr\/wp-content\/uploads\/2024\/04\/confirmation-FVA-150x77.jpg 150w, https:\/\/leocare.eu\/fr\/wp-content\/uploads\/2024\/04\/confirmation-FVA-100x51.jpg 100w, https:\/\/leocare.eu\/fr\/wp-content\/uploads\/2024\/04\/confirmation-FVA-20x10.jpg 20w, https:\/\/leocare.eu\/fr\/wp-content\/uploads\/2024\/04\/confirmation-FVA-40x21.jpg 40w, https:\/\/leocare.eu\/fr\/wp-content\/uploads\/2024\/04\/confirmation-FVA-140x72.jpg 140w, https:\/\/leocare.eu\/fr\/wp-content\/uploads\/2024\/04\/confirmation-FVA-200x103.jpg 200w, https:\/\/leocare.eu\/fr\/wp-content\/uploads\/2024\/04\/confirmation-FVA-315x162.jpg 315w, https:\/\/leocare.eu\/fr\/wp-content\/uploads\/2024\/04\/confirmation-FVA-681x350.jpg 681w, https:\/\/leocare.eu\/fr\/wp-content\/uploads\/2024\/04\/confirmation-FVA-560x288.jpg 560w, https:\/\/leocare.eu\/fr\/wp-content\/uploads\/2024\/04\/confirmation-FVA-623x320.jpg 623w, https:\/\/leocare.eu\/fr\/wp-content\/uploads\/2024\/04\/confirmation-FVA-475x244.jpg 475w, https:\/\/leocare.eu\/fr\/wp-content\/uploads\/2024\/04\/confirmation-FVA.jpg 1054w\" sizes=\"(max-width: 300px) 100vw, 300px\" \/><\/figure>\n<\/div>","protected":false},"excerpt":{"rendered":"<p>Depuis le 1er avril, la carte verte c&rsquo;est de l&rsquo;histoire ancienne ! M\u00eame s&rsquo;il est toujours obligatoire de s&rsquo;assurer, la fa\u00e7on de v\u00e9rifier si vous \u00eates assur\u00e9 ou non a chang\u00e9. D\u00e9sormais, les forces de l&rsquo;ordre auront simplement \u00e0 scanner votre plaque d&rsquo;immatriculation pour savoir si votre v\u00e9hicule figure dans le fichier des v\u00e9hicules assur\u00e9s [&hellip;]<\/p>\n","protected":false},"author":34,"featured_media":20841,"parent":20215,"menu_order":0,"comment_status":"closed","ping_status":"closed","template":"template_seo.php","meta":{"_acf_changed":false,"footnotes":""},"class_list":["post-20821","page","type-page","status-publish","has-post-thumbnail","hentry"],"acf":[],"yoast_head":"<!-- This site is optimized with the Yoast SEO plugin v27.3 - https:\/\/yoast.com\/product\/yoast-seo-wordpress\/ -->\n<title>Comment savoir si ma voiture figure dans le fichier FVA ?<\/title>\n<meta name=\"description\" content=\"Apprenez \u00e0 v\u00e9rifier si votre voiture figure dans le fichier FVA. Toutes les \u00e9tapes expliqu\u00e9es pour une v\u00e9rification facile.\" \/>\n<meta name=\"robots\" content=\"index, follow, max-snippet:-1, max-image-preview:large, max-video-preview:-1\" \/>\n<link rel=\"canonical\" href=\"https:\/\/leocare.eu\/fr\/assurance-auto-en-ligne\/couverture\/contrat\/carte-verte\/comment-savoir-si-voiture-figure-fichier-fva\/\" \/>\n<meta property=\"og:locale\" content=\"fr_FR\" \/>\n<meta property=\"og:type\" content=\"article\" \/>\n<meta property=\"og:title\" content=\"Comment savoir si ma voiture figure dans le fichier FVA ?\" \/>\n<meta property=\"og:description\" content=\"Apprenez \u00e0 v\u00e9rifier si votre voiture figure dans le fichier FVA. Toutes les \u00e9tapes expliqu\u00e9es pour une v\u00e9rification facile.\" \/>\n<meta property=\"og:url\" content=\"https:\/\/leocare.eu\/fr\/assurance-auto-en-ligne\/couverture\/contrat\/carte-verte\/comment-savoir-si-voiture-figure-fichier-fva\/\" \/>\n<meta property=\"og:site_name\" content=\"Leocare, assurance en ligne automobile et habitation\" \/>\n<meta property=\"article:modified_time\" content=\"2026-04-07T14:51:10+00:00\" \/>\n<meta property=\"og:image\" content=\"https:\/\/leocare.eu\/fr\/wp-content\/uploads\/2024\/04\/voiture-garee-rue.jpg\" \/>\n\t<meta property=\"og:image:width\" content=\"1900\" \/>\n\t<meta property=\"og:image:height\" content=\"1200\" \/>\n\t<meta property=\"og:image:type\" content=\"image\/jpeg\" \/>\n<meta name=\"twitter:card\" content=\"summary_large_image\" \/>\n<meta name=\"twitter:label1\" content=\"Dur\u00e9e de lecture estim\u00e9e\" \/>\n\t<meta name=\"twitter:data1\" content=\"1 minute\" \/>\n<!-- \/ Yoast SEO plugin. -->","yoast_head_json":{"title":"Comment savoir si ma voiture figure dans le fichier FVA ?","description":"Apprenez \u00e0 v\u00e9rifier si votre voiture figure dans le fichier FVA. Toutes les \u00e9tapes expliqu\u00e9es pour une v\u00e9rification facile.","robots":{"index":"index","follow":"follow","max-snippet":"max-snippet:-1","max-image-preview":"max-image-preview:large","max-video-preview":"max-video-preview:-1"},"canonical":"https:\/\/leocare.eu\/fr\/assurance-auto-en-ligne\/couverture\/contrat\/carte-verte\/comment-savoir-si-voiture-figure-fichier-fva\/","og_locale":"fr_FR","og_type":"article","og_title":"Comment savoir si ma voiture figure dans le fichier FVA ?","og_description":"Apprenez \u00e0 v\u00e9rifier si votre voiture figure dans le fichier FVA. Toutes les \u00e9tapes expliqu\u00e9es pour une v\u00e9rification facile.","og_url":"https:\/\/leocare.eu\/fr\/assurance-auto-en-ligne\/couverture\/contrat\/carte-verte\/comment-savoir-si-voiture-figure-fichier-fva\/","og_site_name":"Leocare, assurance en ligne automobile et habitation","article_modified_time":"2026-04-07T14:51:10+00:00","og_image":[{"width":1900,"height":1200,"url":"https:\/\/leocare.eu\/fr\/wp-content\/uploads\/2024\/04\/voiture-garee-rue.jpg","type":"image\/jpeg"}],"twitter_card":"summary_large_image","twitter_misc":{"Dur\u00e9e de lecture estim\u00e9e":"1 minute"},"schema":{"@context":"https:\/\/schema.org","@graph":[{"@type":"WebPage","@id":"https:\/\/leocare.eu\/fr\/assurance-auto-en-ligne\/couverture\/contrat\/carte-verte\/comment-savoir-si-voiture-figure-fichier-fva\/","url":"https:\/\/leocare.eu\/fr\/assurance-auto-en-ligne\/couverture\/contrat\/carte-verte\/comment-savoir-si-voiture-figure-fichier-fva\/","name":"Comment savoir si ma voiture figure dans le fichier FVA ?","isPartOf":{"@id":"https:\/\/leocare.eu\/fr\/#website"},"primaryImageOfPage":{"@id":"https:\/\/leocare.eu\/fr\/assurance-auto-en-ligne\/couverture\/contrat\/carte-verte\/comment-savoir-si-voiture-figure-fichier-fva\/#primaryimage"},"image":{"@id":"https:\/\/leocare.eu\/fr\/assurance-auto-en-ligne\/couverture\/contrat\/carte-verte\/comment-savoir-si-voiture-figure-fichier-fva\/#primaryimage"},"thumbnailUrl":"https:\/\/leocare.eu\/fr\/wp-content\/uploads\/2024\/04\/voiture-garee-rue.jpg","datePublished":"2024-04-05T09:56:14+00:00","dateModified":"2026-04-07T14:51:10+00:00","description":"Apprenez \u00e0 v\u00e9rifier si votre voiture figure dans le fichier FVA. Toutes les \u00e9tapes expliqu\u00e9es pour une v\u00e9rification facile.","breadcrumb":{"@id":"https:\/\/leocare.eu\/fr\/assurance-auto-en-ligne\/couverture\/contrat\/carte-verte\/comment-savoir-si-voiture-figure-fichier-fva\/#breadcrumb"},"inLanguage":"fr-FR","potentialAction":[{"@type":"ReadAction","target":["https:\/\/leocare.eu\/fr\/assurance-auto-en-ligne\/couverture\/contrat\/carte-verte\/comment-savoir-si-voiture-figure-fichier-fva\/"]}]},{"@type":"ImageObject","inLanguage":"fr-FR","@id":"https:\/\/leocare.eu\/fr\/assurance-auto-en-ligne\/couverture\/contrat\/carte-verte\/comment-savoir-si-voiture-figure-fichier-fva\/#primaryimage","url":"https:\/\/leocare.eu\/fr\/wp-content\/uploads\/2024\/04\/voiture-garee-rue.jpg","contentUrl":"https:\/\/leocare.eu\/fr\/wp-content\/uploads\/2024\/04\/voiture-garee-rue.jpg","width":1900,"height":1200,"caption":"voiture gar\u00e9e dans la rue"},{"@type":"WebSite","@id":"https:\/\/leocare.eu\/fr\/#website","url":"https:\/\/leocare.eu\/fr\/","name":"Leocare, assurance en ligne automobile et habitation","description":"enfin (r)assur\u00e9.e","publisher":{"@id":"https:\/\/leocare.eu\/fr\/#organization"},"potentialAction":[{"@type":"SearchAction","target":{"@type":"EntryPoint","urlTemplate":"https:\/\/leocare.eu\/fr\/?s={search_term_string}"},"query-input":{"@type":"PropertyValueSpecification","valueRequired":true,"valueName":"search_term_string"}}],"inLanguage":"fr-FR"},{"@type":"Organization","@id":"https:\/\/leocare.eu\/fr\/#organization","name":"Leocare, assurance en ligne automobile et habitation","url":"https:\/\/leocare.eu\/fr\/","logo":{"@type":"ImageObject","inLanguage":"fr-FR","@id":"https:\/\/leocare.eu\/fr\/#\/schema\/logo\/image\/","url":"https:\/\/leocare.eu\/fr\/wp-content\/uploads\/2020\/03\/logo-leocare.svg","contentUrl":"https:\/\/leocare.eu\/fr\/wp-content\/uploads\/2020\/03\/logo-leocare.svg","caption":"Leocare, assurance en ligne automobile et habitation"},"image":{"@id":"https:\/\/leocare.eu\/fr\/#\/schema\/logo\/image\/"}}]}},"_links":{"self":[{"href":"https:\/\/leocare.eu\/fr\/wp-json\/wp\/v2\/pages\/20821","targetHints":{"allow":["GET"]}}],"collection":[{"href":"https:\/\/leocare.eu\/fr\/wp-json\/wp\/v2\/pages"}],"about":[{"href":"https:\/\/leocare.eu\/fr\/wp-json\/wp\/v2\/types\/page"}],"author":[{"embeddable":true,"href":"https:\/\/leocare.eu\/fr\/wp-json\/wp\/v2\/users\/34"}],"replies":[{"embeddable":true,"href":"https:\/\/leocare.eu\/fr\/wp-json\/wp\/v2\/comments?post=20821"}],"version-history":[{"count":13,"href":"https:\/\/leocare.eu\/fr\/wp-json\/wp\/v2\/pages\/20821\/revisions"}],"predecessor-version":[{"id":34674,"href":"https:\/\/leocare.eu\/fr\/wp-json\/wp\/v2\/pages\/20821\/revisions\/34674"}],"up":[{"embeddable":true,"href":"https:\/\/leocare.eu\/fr\/wp-json\/wp\/v2\/pages\/20215"}],"wp:featuredmedia":[{"embeddable":true,"href":"https:\/\/leocare.eu\/fr\/wp-json\/wp\/v2\/media\/20841"}],"wp:attachment":[{"href":"https:\/\/leocare.eu\/fr\/wp-json\/wp\/v2\/media?parent=20821"}],"curies":[{"name":"wp","href":"https:\/\/api.w.org\/{rel}","templated":true}]}}