{"id":20102,"date":"2024-03-08T18:29:35","date_gmt":"2024-03-08T17:29:35","guid":{"rendered":"https:\/\/leocare.eu\/fr\/?page_id=20102"},"modified":"2026-04-07T16:51:09","modified_gmt":"2026-04-07T14:51:09","slug":"vacances-etranger-carte-verte","status":"publish","type":"page","link":"https:\/\/leocare.eu\/fr\/assurance-auto-en-ligne\/couverture\/contrat\/carte-verte\/vacances-etranger-carte-verte\/","title":{"rendered":"Vacances \u00e0 l&#8217;\u00e9tranger : comment faire sans carte verte ?"},"content":{"rendered":"\n<p>La carte verte est un certificat internationale qui prouve qu&#8217;un v\u00e9hicule est assur\u00e9. Mais que se passe-t-il en cas de voyage \u00e0 l&#8217;\u00e9tranger ?<\/p>\n\n\n\n<h2 class=\"wp-block-heading\" id=\"section-1-pourquoi-la-carte-verte-et-la-vignette-disparaissent-elles-p\">Pourquoi la carte verte et la vignette disparaissent elles pour circuler en France&nbsp;?<\/h2>\n\n\n\n<p>Il s\u2019agit d\u2019une mesure de simplification. Jusqu\u2019au 31 mars 2024, un assur\u00e9 peut \u00eatre verbalis\u00e9 pour avoir oubli\u00e9 de remplacer la vignette de son pare-brise \ud83d\ude98 ou pour avoir oubli\u00e9 de se doter de sa carte verte en cours de validit\u00e9, alors m\u00eame qu\u2019il respecte parfaitement son obligation d\u2019assurance.<\/p>\n\n\n\n<p>Or, une carte verte ou une vignette peuvent \u00eatre facialement valables, sans pour autant que le v\u00e9hicule soit assur\u00e9, notamment parce que le contrat peut \u00eatre r\u00e9sili\u00e9 en cours d\u2019ann\u00e9e.<\/p>\n\n\n\n<p>Cette nouveaut\u00e9 s\u2019inscrit \u00e9galement dans une d\u00e9marche plus globale de r\u00e9duction de l\u2019empreinte carbone \ud83c\udf43 des assureurs : 50 millions de documents n\u2019auront plus besoin d\u2019\u00eatre imprim\u00e9s.<\/p>\n\n\n\n<h2 class=\"wp-block-heading\" id=\"section-2-quelle-sanction-en-cas-de-dfaut-de-souscription-dune-assuran\">Quelle sanction en cas de d\u00e9faut de souscription d\u2019une assurance obligatoire&nbsp;?<\/h2>\n\n\n\n<p><strong>La conduite sans assurance est un d\u00e9lit et peut \u00eatre puni d\u2019une amende de 3750 \u20ac,<\/strong>&nbsp;assorti de peines compl\u00e9mentaires comme la suspension ou l\u2019annulation du permis et la confiscation du v\u00e9hicule.<\/p>\n\n\n\n<p>En cas de contr\u00f4le et d\u2019une premi\u00e8re constatation de l\u2019infraction, les forces de l\u2019ordre peuvent d\u00e9livrer au conducteur d\u2019un v\u00e9hicule non assur\u00e9 une amende forfaitaire de 600 \u20ac \u00e0 1500 \u20ac (selon le d\u00e9lai de paiement).&nbsp;<strong>Le montant est compris entre 3000 et 7500 \u20ac d\u2019amende pour une personne morale.<\/strong><\/p>\n\n\n\n<p>En cas d\u2019accident, le conducteur responsable est tenu de supporter le co\u00fbt de la r\u00e9paration de tous les pr\u00e9judices, major\u00e9s de 10% au profit du fonds de garantie.&nbsp;<strong>En cas de dommages corporels, ce co\u00fbt peut provoquer la ruine du conducteur.&nbsp;<\/strong><\/p>\n\n\n\n<h2 class=\"wp-block-heading\" id=\"section-3-quels-documents-devrai-je-prsenter-aux-forces-de-lordre\">Quels documents devrai-je pr\u00e9senter aux forces de l\u2019ordre&nbsp;?<\/h2>\n\n\n\n<p>\u00c0 partir du 1<sup>er<\/sup>&nbsp;Avril 2024, les forces de l\u2019ordre contr\u00f4leront que l\u2019obligation d\u2019assurance est bien respect\u00e9e \u00e0 partir du Fichier des v\u00e9hicules assur\u00e9s.<strong>&nbsp;Il n\u2019y a plus de document \u00e0 pr\u00e9senter, ni de certificat \u00e0 apposer sur le v\u00e9hicule.<\/strong><\/p>\n\n\n\n<p>Si votre v\u00e9hicule ne figure pas dans le FVA alors qu\u2019il est cens\u00e9 y \u00eatre&nbsp;:<\/p>\n\n\n\n<p>Vous \u00eates assur\u00e9 depuis moins de 3 jours \ud83d\uddd3\ufe0f, vous pouvez pr\u00e9senter votre document d\u2019information qui fait office de pr\u00e9somption d\u2019assurance pendant les 15 jours qui suivent la date de prise d\u2019effet du contrat ;<\/p>\n\n\n\n<p>Si votre contrat d\u2019assurance a d\u00e9but\u00e9 depuis plus de 3 jours,&nbsp;<strong>il peut s\u2019agir d\u2019une erreur dans le num\u00e9ro d\u2019immatriculation communiqu\u00e9 \u00e0 votre assureur.<\/strong><\/p>\n\n\n\n<p>V\u00e9rifiez l\u2019immatriculation d\u00e9clar\u00e9e \u00e0 votre assur\u00e9e \ud83d\udcf1. Vous la trouverez :<\/p>\n\n\n\n<ul class=\"wp-block-list\">\n<li>Sur le m\u00e9mo v\u00e9hicule assur\u00e9 que vous a remis votre assureur<\/li>\n\n\n\n<li>Sur votre avis d\u2019\u00e9ch\u00e9ance que vous envoie votre assureur tous les ans<\/li>\n\n\n\n<li>Sur une ancienne carte verte, m\u00eame non valable<\/li>\n\n\n\n<li>Sur les conditions particuli\u00e8res de votre contrat d\u2019assurance<\/li>\n<\/ul>\n\n\n\n<h2 class=\"wp-block-heading\" id=\"section-4-que-faire-si-je-voyage-ltranger-\">Que faire si je voyage \u00e0 l\u2019\u00e9tranger ? \ud83c\udf0e<\/h2>\n\n\n\n<p>Avant tout d\u00e9part, il convient de v\u00e9rifier votre contrat ou interroger votre assureur avant le d\u00e9part, au cas o\u00f9 des exceptions s\u2019appliquent dans le ou les pays de destination.<\/p>\n\n\n\n<p>Une fois la v\u00e9rification faite, munissez-vous des bons documents \ud83d\udc47<\/p>\n\n\n\n<ul class=\"wp-block-list\">\n<li><strong>L\u2019attestation et le certificat d\u2019assurance<\/strong>\u00a0qui prouvent que le v\u00e9hicule est assur\u00e9 aupr\u00e8s d\u2019une compagnie d\u2019assurance que ce soit pour un voyage en Europe ou hors Europe.<\/li>\n\n\n\n<li><strong>Le constat \u00e0 l\u2019amiable ou constat europ\u00e9en d\u2019accident,<\/strong>\u00a0valables dans les pays de l\u2019Union europ\u00e9enne.<\/li>\n<\/ul>\n\n\n\n<p>Une fois ces documents en votre possession, vous \u00eates par\u00e9s pour prendre la route !<\/p>\n","protected":false},"excerpt":{"rendered":"<p>La carte verte est un certificat internationale qui prouve qu&#8217;un v\u00e9hicule est assur\u00e9. Mais que se passe-t-il en cas de voyage \u00e0 l&#8217;\u00e9tranger ? Pourquoi la carte verte et la vignette disparaissent elles pour circuler en France&nbsp;? Il s\u2019agit d\u2019une mesure de simplification. Jusqu\u2019au 31 mars 2024, un assur\u00e9 peut \u00eatre verbalis\u00e9 pour avoir oubli\u00e9 [&hellip;]<\/p>\n","protected":false},"author":34,"featured_media":20508,"parent":20215,"menu_order":0,"comment_status":"closed","ping_status":"closed","template":"template_seo.php","meta":{"_acf_changed":false,"footnotes":""},"class_list":["post-20102","page","type-page","status-publish","has-post-thumbnail","hentry"],"acf":[],"yoast_head":"<!-- This site is optimized with the Yoast SEO plugin v27.3 - https:\/\/yoast.com\/product\/yoast-seo-wordpress\/ -->\n<title>Vacances \u00e0 l&#039;\u00e9tranger : comment faire sans carte verte ?<\/title>\n<meta name=\"description\" content=\"Partez en vacances \u00e0 l&#039;\u00e9tranger en toute s\u00e9r\u00e9nit\u00e9 avec votre carte verte d&#039;assurance auto. Infos et conseils pour voyager tranquille.\" \/>\n<meta name=\"robots\" content=\"index, follow, max-snippet:-1, max-image-preview:large, max-video-preview:-1\" \/>\n<link rel=\"canonical\" href=\"https:\/\/leocare.eu\/fr\/assurance-auto-en-ligne\/couverture\/contrat\/carte-verte\/vacances-etranger-carte-verte\/\" \/>\n<meta property=\"og:locale\" content=\"fr_FR\" \/>\n<meta property=\"og:type\" content=\"article\" \/>\n<meta property=\"og:title\" content=\"Vacances \u00e0 l&#039;\u00e9tranger : comment faire sans carte verte ?\" \/>\n<meta property=\"og:description\" content=\"Partez en vacances \u00e0 l&#039;\u00e9tranger en toute s\u00e9r\u00e9nit\u00e9 avec votre carte verte d&#039;assurance auto. Infos et conseils pour voyager tranquille.\" \/>\n<meta property=\"og:url\" content=\"https:\/\/leocare.eu\/fr\/assurance-auto-en-ligne\/couverture\/contrat\/carte-verte\/vacances-etranger-carte-verte\/\" \/>\n<meta property=\"og:site_name\" content=\"Leocare, assurance en ligne automobile et habitation\" \/>\n<meta property=\"article:modified_time\" content=\"2026-04-07T14:51:09+00:00\" \/>\n<meta property=\"og:image\" content=\"https:\/\/leocare.eu\/fr\/wp-content\/uploads\/2024\/03\/vacances-famille.jpg\" \/>\n\t<meta property=\"og:image:width\" content=\"1900\" \/>\n\t<meta property=\"og:image:height\" content=\"1200\" \/>\n\t<meta property=\"og:image:type\" content=\"image\/jpeg\" \/>\n<meta name=\"twitter:card\" content=\"summary_large_image\" \/>\n<meta name=\"twitter:label1\" content=\"Est. reading time\" \/>\n\t<meta name=\"twitter:data1\" content=\"3 minutes\" \/>\n<!-- \/ Yoast SEO plugin. -->","yoast_head_json":{"title":"Vacances \u00e0 l'\u00e9tranger : comment faire sans carte verte ?","description":"Partez en vacances \u00e0 l'\u00e9tranger en toute s\u00e9r\u00e9nit\u00e9 avec votre carte verte d'assurance auto. Infos et conseils pour voyager tranquille.","robots":{"index":"index","follow":"follow","max-snippet":"max-snippet:-1","max-image-preview":"max-image-preview:large","max-video-preview":"max-video-preview:-1"},"canonical":"https:\/\/leocare.eu\/fr\/assurance-auto-en-ligne\/couverture\/contrat\/carte-verte\/vacances-etranger-carte-verte\/","og_locale":"fr_FR","og_type":"article","og_title":"Vacances \u00e0 l'\u00e9tranger : comment faire sans carte verte ?","og_description":"Partez en vacances \u00e0 l'\u00e9tranger en toute s\u00e9r\u00e9nit\u00e9 avec votre carte verte d'assurance auto. Infos et conseils pour voyager tranquille.","og_url":"https:\/\/leocare.eu\/fr\/assurance-auto-en-ligne\/couverture\/contrat\/carte-verte\/vacances-etranger-carte-verte\/","og_site_name":"Leocare, assurance en ligne automobile et habitation","article_modified_time":"2026-04-07T14:51:09+00:00","og_image":[{"width":1900,"height":1200,"url":"https:\/\/leocare.eu\/fr\/wp-content\/uploads\/2024\/03\/vacances-famille.jpg","type":"image\/jpeg"}],"twitter_card":"summary_large_image","twitter_misc":{"Est. reading time":"3 minutes"},"schema":{"@context":"https:\/\/schema.org","@graph":[{"@type":"WebPage","@id":"https:\/\/leocare.eu\/fr\/assurance-auto-en-ligne\/couverture\/contrat\/carte-verte\/vacances-etranger-carte-verte\/","url":"https:\/\/leocare.eu\/fr\/assurance-auto-en-ligne\/couverture\/contrat\/carte-verte\/vacances-etranger-carte-verte\/","name":"Vacances \u00e0 l'\u00e9tranger : comment faire sans carte verte ?","isPartOf":{"@id":"https:\/\/leocare.eu\/fr\/#website"},"primaryImageOfPage":{"@id":"https:\/\/leocare.eu\/fr\/assurance-auto-en-ligne\/couverture\/contrat\/carte-verte\/vacances-etranger-carte-verte\/#primaryimage"},"image":{"@id":"https:\/\/leocare.eu\/fr\/assurance-auto-en-ligne\/couverture\/contrat\/carte-verte\/vacances-etranger-carte-verte\/#primaryimage"},"thumbnailUrl":"https:\/\/leocare.eu\/fr\/wp-content\/uploads\/2024\/03\/vacances-famille.jpg","datePublished":"2024-03-08T17:29:35+00:00","dateModified":"2026-04-07T14:51:09+00:00","description":"Partez en vacances \u00e0 l'\u00e9tranger en toute s\u00e9r\u00e9nit\u00e9 avec votre carte verte d'assurance auto. Infos et conseils pour voyager tranquille.","breadcrumb":{"@id":"https:\/\/leocare.eu\/fr\/assurance-auto-en-ligne\/couverture\/contrat\/carte-verte\/vacances-etranger-carte-verte\/#breadcrumb"},"inLanguage":"fr-FR","potentialAction":[{"@type":"ReadAction","target":["https:\/\/leocare.eu\/fr\/assurance-auto-en-ligne\/couverture\/contrat\/carte-verte\/vacances-etranger-carte-verte\/"]}]},{"@type":"ImageObject","inLanguage":"fr-FR","@id":"https:\/\/leocare.eu\/fr\/assurance-auto-en-ligne\/couverture\/contrat\/carte-verte\/vacances-etranger-carte-verte\/#primaryimage","url":"https:\/\/leocare.eu\/fr\/wp-content\/uploads\/2024\/03\/vacances-famille.jpg","contentUrl":"https:\/\/leocare.eu\/fr\/wp-content\/uploads\/2024\/03\/vacances-famille.jpg","width":1900,"height":1200,"caption":"vacances famille"},{"@type":"WebSite","@id":"https:\/\/leocare.eu\/fr\/#website","url":"https:\/\/leocare.eu\/fr\/","name":"Leocare, assurance en ligne automobile et habitation","description":"enfin (r)assur\u00e9.e","publisher":{"@id":"https:\/\/leocare.eu\/fr\/#organization"},"potentialAction":[{"@type":"SearchAction","target":{"@type":"EntryPoint","urlTemplate":"https:\/\/leocare.eu\/fr\/?s={search_term_string}"},"query-input":{"@type":"PropertyValueSpecification","valueRequired":true,"valueName":"search_term_string"}}],"inLanguage":"fr-FR"},{"@type":"Organization","@id":"https:\/\/leocare.eu\/fr\/#organization","name":"Leocare, assurance en ligne automobile et habitation","url":"https:\/\/leocare.eu\/fr\/","logo":{"@type":"ImageObject","inLanguage":"fr-FR","@id":"https:\/\/leocare.eu\/fr\/#\/schema\/logo\/image\/","url":"https:\/\/leocare.eu\/fr\/wp-content\/uploads\/2020\/03\/logo-leocare.svg","contentUrl":"https:\/\/leocare.eu\/fr\/wp-content\/uploads\/2020\/03\/logo-leocare.svg","caption":"Leocare, assurance en ligne automobile et habitation"},"image":{"@id":"https:\/\/leocare.eu\/fr\/#\/schema\/logo\/image\/"}}]}},"_links":{"self":[{"href":"https:\/\/leocare.eu\/fr\/wp-json\/wp\/v2\/pages\/20102","targetHints":{"allow":["GET"]}}],"collection":[{"href":"https:\/\/leocare.eu\/fr\/wp-json\/wp\/v2\/pages"}],"about":[{"href":"https:\/\/leocare.eu\/fr\/wp-json\/wp\/v2\/types\/page"}],"author":[{"embeddable":true,"href":"https:\/\/leocare.eu\/fr\/wp-json\/wp\/v2\/users\/34"}],"replies":[{"embeddable":true,"href":"https:\/\/leocare.eu\/fr\/wp-json\/wp\/v2\/comments?post=20102"}],"version-history":[{"count":10,"href":"https:\/\/leocare.eu\/fr\/wp-json\/wp\/v2\/pages\/20102\/revisions"}],"predecessor-version":[{"id":36822,"href":"https:\/\/leocare.eu\/fr\/wp-json\/wp\/v2\/pages\/20102\/revisions\/36822"}],"up":[{"embeddable":true,"href":"https:\/\/leocare.eu\/fr\/wp-json\/wp\/v2\/pages\/20215"}],"wp:featuredmedia":[{"embeddable":true,"href":"https:\/\/leocare.eu\/fr\/wp-json\/wp\/v2\/media\/20508"}],"wp:attachment":[{"href":"https:\/\/leocare.eu\/fr\/wp-json\/wp\/v2\/media?parent=20102"}],"curies":[{"name":"wp","href":"https:\/\/api.w.org\/{rel}","templated":true}]}}