{"id":20075,"date":"2024-03-08T18:00:42","date_gmt":"2024-03-08T17:00:42","guid":{"rendered":"https:\/\/leocare.eu\/fr\/?page_id=20075"},"modified":"2026-04-07T16:51:08","modified_gmt":"2026-04-07T14:51:08","slug":"avantages-dematerialisation-carte-verte","status":"publish","type":"page","link":"https:\/\/leocare.eu\/fr\/assurance-auto-en-ligne\/couverture\/contrat\/carte-verte\/avantages-dematerialisation-carte-verte\/","title":{"rendered":"Les avantages de la d\u00e9mat\u00e9rialisation de la carte verte"},"content":{"rendered":"\n<p>La d\u00e9mat\u00e9rialisation a touch\u00e9 presque tous les aspects de nos vies, y compris la fa\u00e7on dont nous g\u00e9rons notre assurance automobile. Gr\u00e2ce \u00e0 la carte verte num\u00e9rique, fini la fraude et autres d\u00e9sagr\u00e9ments pour notre ch\u00e8re plan\u00e8te. Explications.<\/p>\n\n\n\n<h2 class=\"wp-block-heading\" id=\"section-1-quest-ce-que-la-dmatrialisation-de-la-carte-verte-\">Qu\u2019est-ce que la d\u00e9mat\u00e9rialisation de la carte verte ?<\/h2>\n\n\n\n<p>La carte verte, aussi connue sous le nom de certificat international d\u2019assurance, est une preuve d\u2019assurance qui est reconnue internationalement. Elle indique que le conducteur a souscrit une assurance responsabilit\u00e9 civile, \ud83d\ude98 qui est obligatoire dans de nombreux pays. Traditionnellement, cette carte a toujours \u00e9t\u00e9 un document physique que les conducteurs devaient garder dans leur v\u00e9hicule.<\/p>\n\n\n\n<p>Cependant, avec l\u2019av\u00e8nement de la d\u00e9mat\u00e9rialisation, la carte verte est en train de faire peau neuve :&nbsp;<strong>les conducteurs n\u2019auront plus besoin d\u2019en avoir une.<\/strong>&nbsp;En cas de contr\u00f4le, les forces de l\u2019ordre n\u2019auront qu\u2019\u00e0 scanner la plaque d\u2019immatriculation au sein du FVA pour savoir si un v\u00e9hicule est assur\u00e9 ou non. Mais comme on aime accompagner nos clients chez Leocare, sachez que nous avons cr\u00e9\u00e9 une version num\u00e9rique de la carte verte que vous pourrez retrouver directement sur votre t\u00e9l\u00e9phone portable.&nbsp;<strong>Et cerise \ud83c\udf52 sur le g\u00e2teau : cette version num\u00e9rique a la m\u00eame validit\u00e9 que la version papier !<\/strong><\/p>\n\n\n\n<h2 class=\"wp-block-heading\" id=\"section-2-les-avantages-de-la-dmatrialisation-pour-les-assureurs\">Les avantages de la d\u00e9mat\u00e9rialisation pour les assureurs<\/h2>\n\n\n\n<p>La d\u00e9mat\u00e9rialisation de la carte verte offre de nombreux avantages aux assureurs.<\/p>\n\n\n\n<ul class=\"wp-block-list\">\n<li><strong>R\u00e9duction des co\u00fbts \ud83e\udd11 :<\/strong>\u00a0L\u2019un des principaux avantages est la r\u00e9duction des co\u00fbts. L\u2019\u00e9mission de cartes vertes physiques implique des frais d\u2019impression et d\u2019envoi, qui repr\u00e9sentent plus de 60 millions d\u2019euros pour les assurances.<\/li>\n\n\n\n<li><strong>Simplification administrative \ud83d\uddc3\ufe0f :<\/strong>\u00a0La d\u00e9mat\u00e9rialisation am\u00e9liore consid\u00e9rablement les processus administratifs puisqu\u2019elle va permettre \u00e0 terme, d\u2019encourager la transformation num\u00e9riques d\u2019autres documents n\u00e9cessaires dans le monde de l\u2019assurance comme le permis de conduire ou encore le relev\u00e9 d\u2019information.<\/li>\n\n\n\n<li><strong>Lutte contre la fraude \ud83e\udd78 :<\/strong>\u00a0le passage au format num\u00e9rique am\u00e9liore la lutte contre la fraude. Gr\u00e2ce \u00e0 la d\u00e9mat\u00e9rialisation de la carte verte, il n\u2019est plus possible d\u2019imprimer de fausses cartes vertes et d\u2019avoir des conducteurs non-assur\u00e9s sur la route. Tout se passe sur le FVA (Fichier des V\u00e9hicules Assur\u00e9s) que les forces de l\u2019ordre utiliseront pour v\u00e9rifier qu\u2019un v\u00e9hicule est assur\u00e9<\/li>\n\n\n\n<li><strong>Une empreinte \u00e9cologique r\u00e9duite \ud83c\udf43 :<\/strong>\u00a0l\u2019impression de la carte verte g\u00e9n\u00e8re 1 237 tonnes de CO2 par an. La d\u00e9mat\u00e9rialiser permet \u00e0 notre ch\u00e8re plan\u00e8te de souffler.<\/li>\n<\/ul>\n\n\n\n<h2 class=\"wp-block-heading\" id=\"section-3-un-combat-que-nous-menons-depuis-2021\">Un combat que nous menons depuis 2021<\/h2>\n\n\n\n<p>Depuis notre cr\u00e9ation en 2017, nous proposons une exp\u00e9rience digitale simple et flexible qui permet n\u00e9anmoins d\u2019\u00e9changer avec nos Leoconseillers. Une question ? Nous sommes disponibles sur le chat de notre site et de notre application et \u00e9galement par t\u00e9l\u00e9phone et mail,&nbsp;<strong>garantissant ainsi un traitement 100% personnalis\u00e9 de vos demandes. \ud83d\udc4c<\/strong><\/p>\n\n\n\n<p>Il en est de m\u00eame pour la gestion de sinistres. Leocare vous permet de&nbsp;<strong>d\u00e9clarer vos sinistres en quelques clics seulement.&nbsp;<\/strong>R\u00e9sultats :&nbsp;<strong>des d\u00e9lais de traitement de sinistres raccourcis de 30%, une augmentation de la satisfaction de 50% \ud83d\udcc8 et la garantie d\u2019une indemnisation en moins de 24 heures.<\/strong><\/p>\n\n\n\n<p>Doit-on se r\u00e9soudre au fait que le secteur de l\u2019assurance reste \u00e0 la tra\u00eene et n\u2019amorce pas sa transition \u00e9cologique ? Certainement pas ! Nous croyons \u00e0 la n\u00e9cessit\u00e9 de d\u00e9mat\u00e9rialiser au plus vite la carte verte et faire en sorte que tous les assureurs s\u2019engagent, \u00e0 nos c\u00f4t\u00e9s,<strong>&nbsp;\u00e0 reverser les \u00e9conomies induites par cette d\u00e9mat\u00e9rialisation, \u00e0 une association environnementale.&nbsp;<\/strong><\/p>\n\n\n\n<p><\/p>\n","protected":false},"excerpt":{"rendered":"<p>La d\u00e9mat\u00e9rialisation a touch\u00e9 presque tous les aspects de nos vies, y compris la fa\u00e7on dont nous g\u00e9rons notre assurance automobile. Gr\u00e2ce \u00e0 la carte verte num\u00e9rique, fini la fraude et autres d\u00e9sagr\u00e9ments pour notre ch\u00e8re plan\u00e8te. Explications. Qu\u2019est-ce que la d\u00e9mat\u00e9rialisation de la carte verte ? La carte verte, aussi connue sous le nom [&hellip;]<\/p>\n","protected":false},"author":34,"featured_media":20509,"parent":20215,"menu_order":0,"comment_status":"closed","ping_status":"closed","template":"template_seo.php","meta":{"_acf_changed":false,"footnotes":""},"class_list":["post-20075","page","type-page","status-publish","has-post-thumbnail","hentry"],"acf":[],"yoast_head":"<!-- This site is optimized with the Yoast SEO plugin v27.3 - https:\/\/yoast.com\/product\/yoast-seo-wordpress\/ -->\n<title>Les avantages de la d\u00e9mat\u00e9rialisation de la carte verte<\/title>\n<meta name=\"description\" content=\"Les avantages de la d\u00e9mat\u00e9rialisation de la carte verte. Simplifiez vos d\u00e9marches et optez pour une solution num\u00e9rique.\" \/>\n<meta name=\"robots\" content=\"index, follow, max-snippet:-1, max-image-preview:large, max-video-preview:-1\" \/>\n<link rel=\"canonical\" href=\"https:\/\/leocare.eu\/fr\/assurance-auto-en-ligne\/couverture\/contrat\/carte-verte\/avantages-dematerialisation-carte-verte\/\" \/>\n<meta property=\"og:locale\" content=\"fr_FR\" \/>\n<meta property=\"og:type\" content=\"article\" \/>\n<meta property=\"og:title\" content=\"Les avantages de la d\u00e9mat\u00e9rialisation de la carte verte\" \/>\n<meta property=\"og:description\" content=\"Les avantages de la d\u00e9mat\u00e9rialisation de la carte verte. Simplifiez vos d\u00e9marches et optez pour une solution num\u00e9rique.\" \/>\n<meta property=\"og:url\" content=\"https:\/\/leocare.eu\/fr\/assurance-auto-en-ligne\/couverture\/contrat\/carte-verte\/avantages-dematerialisation-carte-verte\/\" \/>\n<meta property=\"og:site_name\" content=\"Leocare, assurance en ligne automobile et habitation\" \/>\n<meta property=\"article:modified_time\" content=\"2026-04-07T14:51:08+00:00\" \/>\n<meta property=\"og:image\" content=\"https:\/\/leocare.eu\/fr\/wp-content\/uploads\/2024\/03\/carte-verte-dematerialisee.jpg\" \/>\n\t<meta property=\"og:image:width\" content=\"1900\" \/>\n\t<meta property=\"og:image:height\" content=\"1200\" \/>\n\t<meta property=\"og:image:type\" content=\"image\/jpeg\" \/>\n<meta name=\"twitter:card\" content=\"summary_large_image\" \/>\n<meta name=\"twitter:label1\" content=\"Dur\u00e9e de lecture estim\u00e9e\" \/>\n\t<meta name=\"twitter:data1\" content=\"3 minutes\" \/>\n<!-- \/ Yoast SEO plugin. -->","yoast_head_json":{"title":"Les avantages de la d\u00e9mat\u00e9rialisation de la carte verte","description":"Les avantages de la d\u00e9mat\u00e9rialisation de la carte verte. Simplifiez vos d\u00e9marches et optez pour une solution num\u00e9rique.","robots":{"index":"index","follow":"follow","max-snippet":"max-snippet:-1","max-image-preview":"max-image-preview:large","max-video-preview":"max-video-preview:-1"},"canonical":"https:\/\/leocare.eu\/fr\/assurance-auto-en-ligne\/couverture\/contrat\/carte-verte\/avantages-dematerialisation-carte-verte\/","og_locale":"fr_FR","og_type":"article","og_title":"Les avantages de la d\u00e9mat\u00e9rialisation de la carte verte","og_description":"Les avantages de la d\u00e9mat\u00e9rialisation de la carte verte. Simplifiez vos d\u00e9marches et optez pour une solution num\u00e9rique.","og_url":"https:\/\/leocare.eu\/fr\/assurance-auto-en-ligne\/couverture\/contrat\/carte-verte\/avantages-dematerialisation-carte-verte\/","og_site_name":"Leocare, assurance en ligne automobile et habitation","article_modified_time":"2026-04-07T14:51:08+00:00","og_image":[{"width":1900,"height":1200,"url":"https:\/\/leocare.eu\/fr\/wp-content\/uploads\/2024\/03\/carte-verte-dematerialisee.jpg","type":"image\/jpeg"}],"twitter_card":"summary_large_image","twitter_misc":{"Dur\u00e9e de lecture estim\u00e9e":"3 minutes"},"schema":{"@context":"https:\/\/schema.org","@graph":[{"@type":"WebPage","@id":"https:\/\/leocare.eu\/fr\/assurance-auto-en-ligne\/couverture\/contrat\/carte-verte\/avantages-dematerialisation-carte-verte\/","url":"https:\/\/leocare.eu\/fr\/assurance-auto-en-ligne\/couverture\/contrat\/carte-verte\/avantages-dematerialisation-carte-verte\/","name":"Les avantages de la d\u00e9mat\u00e9rialisation de la carte verte","isPartOf":{"@id":"https:\/\/leocare.eu\/fr\/#website"},"primaryImageOfPage":{"@id":"https:\/\/leocare.eu\/fr\/assurance-auto-en-ligne\/couverture\/contrat\/carte-verte\/avantages-dematerialisation-carte-verte\/#primaryimage"},"image":{"@id":"https:\/\/leocare.eu\/fr\/assurance-auto-en-ligne\/couverture\/contrat\/carte-verte\/avantages-dematerialisation-carte-verte\/#primaryimage"},"thumbnailUrl":"https:\/\/leocare.eu\/fr\/wp-content\/uploads\/2024\/03\/carte-verte-dematerialisee.jpg","datePublished":"2024-03-08T17:00:42+00:00","dateModified":"2026-04-07T14:51:08+00:00","description":"Les avantages de la d\u00e9mat\u00e9rialisation de la carte verte. Simplifiez vos d\u00e9marches et optez pour une solution num\u00e9rique.","breadcrumb":{"@id":"https:\/\/leocare.eu\/fr\/assurance-auto-en-ligne\/couverture\/contrat\/carte-verte\/avantages-dematerialisation-carte-verte\/#breadcrumb"},"inLanguage":"fr-FR","potentialAction":[{"@type":"ReadAction","target":["https:\/\/leocare.eu\/fr\/assurance-auto-en-ligne\/couverture\/contrat\/carte-verte\/avantages-dematerialisation-carte-verte\/"]}]},{"@type":"ImageObject","inLanguage":"fr-FR","@id":"https:\/\/leocare.eu\/fr\/assurance-auto-en-ligne\/couverture\/contrat\/carte-verte\/avantages-dematerialisation-carte-verte\/#primaryimage","url":"https:\/\/leocare.eu\/fr\/wp-content\/uploads\/2024\/03\/carte-verte-dematerialisee.jpg","contentUrl":"https:\/\/leocare.eu\/fr\/wp-content\/uploads\/2024\/03\/carte-verte-dematerialisee.jpg","width":1900,"height":1200,"caption":"carte verte d\u00e9mat\u00e9rialis\u00e9e"},{"@type":"WebSite","@id":"https:\/\/leocare.eu\/fr\/#website","url":"https:\/\/leocare.eu\/fr\/","name":"Leocare, assurance en ligne automobile et habitation","description":"enfin (r)assur\u00e9.e","publisher":{"@id":"https:\/\/leocare.eu\/fr\/#organization"},"potentialAction":[{"@type":"SearchAction","target":{"@type":"EntryPoint","urlTemplate":"https:\/\/leocare.eu\/fr\/?s={search_term_string}"},"query-input":{"@type":"PropertyValueSpecification","valueRequired":true,"valueName":"search_term_string"}}],"inLanguage":"fr-FR"},{"@type":"Organization","@id":"https:\/\/leocare.eu\/fr\/#organization","name":"Leocare, assurance en ligne automobile et habitation","url":"https:\/\/leocare.eu\/fr\/","logo":{"@type":"ImageObject","inLanguage":"fr-FR","@id":"https:\/\/leocare.eu\/fr\/#\/schema\/logo\/image\/","url":"https:\/\/leocare.eu\/fr\/wp-content\/uploads\/2020\/03\/logo-leocare.svg","contentUrl":"https:\/\/leocare.eu\/fr\/wp-content\/uploads\/2020\/03\/logo-leocare.svg","caption":"Leocare, assurance en ligne automobile et habitation"},"image":{"@id":"https:\/\/leocare.eu\/fr\/#\/schema\/logo\/image\/"}}]}},"_links":{"self":[{"href":"https:\/\/leocare.eu\/fr\/wp-json\/wp\/v2\/pages\/20075","targetHints":{"allow":["GET"]}}],"collection":[{"href":"https:\/\/leocare.eu\/fr\/wp-json\/wp\/v2\/pages"}],"about":[{"href":"https:\/\/leocare.eu\/fr\/wp-json\/wp\/v2\/types\/page"}],"author":[{"embeddable":true,"href":"https:\/\/leocare.eu\/fr\/wp-json\/wp\/v2\/users\/34"}],"replies":[{"embeddable":true,"href":"https:\/\/leocare.eu\/fr\/wp-json\/wp\/v2\/comments?post=20075"}],"version-history":[{"count":14,"href":"https:\/\/leocare.eu\/fr\/wp-json\/wp\/v2\/pages\/20075\/revisions"}],"predecessor-version":[{"id":34670,"href":"https:\/\/leocare.eu\/fr\/wp-json\/wp\/v2\/pages\/20075\/revisions\/34670"}],"up":[{"embeddable":true,"href":"https:\/\/leocare.eu\/fr\/wp-json\/wp\/v2\/pages\/20215"}],"wp:featuredmedia":[{"embeddable":true,"href":"https:\/\/leocare.eu\/fr\/wp-json\/wp\/v2\/media\/20509"}],"wp:attachment":[{"href":"https:\/\/leocare.eu\/fr\/wp-json\/wp\/v2\/media?parent=20075"}],"curies":[{"name":"wp","href":"https:\/\/api.w.org\/{rel}","templated":true}]}}