{"id":19819,"date":"2024-02-23T12:16:24","date_gmt":"2024-02-23T11:16:24","guid":{"rendered":"https:\/\/leocare.eu\/fr\/?page_id=19819"},"modified":"2026-04-07T16:51:05","modified_gmt":"2026-04-07T14:51:05","slug":"pack-tesla","status":"publish","type":"page","link":"https:\/\/leocare.eu\/fr\/assurance-auto-en-ligne\/tesla\/pack-tesla\/","title":{"rendered":"Le pack Tesla"},"content":{"rendered":"\n<p>\u00c0 la recherche d&rsquo;une assurance qui sait allier prix comp\u00e9titif et service de qualit\u00e9 ? Ne cherchez plus, gr\u00e2ce \u00e0 Leocare souscrivez en 1 minute et profitez de services personnalis\u00e9s pour votre Tesla.<\/p>\n\n\n\n<h2 class=\"wp-block-heading\" id=\"ancre1\">Un tarif comp\u00e9titif<\/h2>\n\n\n\n<p>L\u2019assurance Tesla, c\u2019est la garantie d\u2019avoir un prix juste pour votre Tesla, sans l\u00e9siner sur la qualit\u00e9 !<\/p>\n\n\n\n<p>Pour vous donner un exemple, \u00e0 garanties \u00e9gales et pour le m\u00eame type de profil,&nbsp;<strong>le prix de l\u2019assurance \u201cTous Risques\u201d Tesla Model 3 Leocare est 2 fois moins ch\u00e8re que les acteurs qui ont pignon sur rue.<\/strong><\/p>\n\n\n\n<figure class=\"wp-block-table\"><table class=\"has-fixed-layout\"><thead><tr><th><strong>Marque<\/strong><\/th><th><strong>Prix de l\u2019assurance tous risques (par mois)<\/strong><\/th><\/tr><\/thead><tbody><tr><td>Direct Asssurance<\/td><td>72,45 \u20ac<\/td><\/tr><tr><td>Joltee<\/td><td>79,13 \u20ac<\/td><\/tr><tr><td>Helvetia \/ Qover<\/td><td>125,00 \u20ac<\/td><\/tr><\/tbody><\/table><\/figure>\n\n\n\n<h2 class=\"wp-block-heading\" id=\"ancre2\">Une couverture optimale pour votre batterie et votre chargeur<\/h2>\n\n\n\n<p>Chez Leocare,&nbsp;<strong>la batterie et le c\u00e2ble de rechargement des v\u00e9hicules \u00e9lectriques sont consid\u00e9r\u00e9s comme partie int\u00e9grante du v\u00e9hicule assur\u00e9.<\/strong><\/p>\n\n\n\n<p><strong>Ces \u00e9l\u00e9ments b\u00e9n\u00e9ficient ainsi des m\u00eames garanties que le reste du v\u00e9hicule (selon la formule choisie) :<\/strong>&nbsp;dommages, vol, assistance en cas de panne y compris pour batterie \u00e0 plat.<\/p>\n\n\n\n<h2 class=\"wp-block-heading\" id=\"ancre3\">La franchise toit panoramique \u00e0 50 \u20ac au lieu de 630 \u20ac<\/h2>\n\n\n\n<p>La garantie brise de glace ou bris de vitre couvre habituellement le pare-brise ainsi que les vitres lat\u00e9rales et optiques de phares. Les toits panoramiques ne sont dans la plupart des cas pas couverts au titre de la garantie Bris de Glace mais au titre de la Dommages Tous Accidents. Hors les franchises ne sont pas les m\u00eames :<\/p>\n\n\n\n<ul class=\"wp-block-list\">\n<li>franchise Dommages Tous Accidents pour une Tesla Model Y chez Leocare : 630 \u20ac<\/li>\n\n\n\n<li><strong>franchise Bris de Glaces pour une Tesla Model Y chez Leocare : 50 \u20ac<\/strong><\/li>\n<\/ul>\n\n\n\n<p>Chez Leocare en cas de bris du toit panoramique nous faisons jouer la garantie \u201cbris de glaces\u201d et donc imputons une franchise beaucoup plus faibles que la plupart des autres assureurs.<\/p>\n\n\n\n<h2 class=\"wp-block-heading\" id=\"section-4-la-dashcam-leocare-prise-en-compte-dans-la-gestion-de-votre-\">La dashcam Leocare prise en compte dans la gestion de votre sinistre<\/h2>\n\n\n\n<p><strong>La dashcam peut \u00eatre utilis\u00e9e comme \u00e9l\u00e9ment de preuve par exemple pour justifier de dommages par collision avec un tiers non identifi\u00e9.<\/strong><\/p>\n\n\n\n<p>Exemple d\u2019un v\u00e9hicule gar\u00e9 sur un parking retrouv\u00e9 endommag\u00e9, la dashcam permet d\u2019identifier que les dommages proviennent d\u2019un choc avec un autre v\u00e9hicule et ainsi de faciliter la prise en charge par l\u2019assurance.<\/p>\n\n\n\n<h2 class=\"wp-block-heading\" id=\"section-5-un-interlocuteur-ddi-pour-vos-moindres-besoins\">Un interlocuteur d\u00e9di\u00e9 pour vos moindres besoins<\/h2>\n\n\n\n<p>Une question sur votre contrat ou besoin d\u2019aide pour la gestion de votre sinistre ?&nbsp;<strong>Notre conseiller sp\u00e9cial Tesal est \u00e0 votre enti\u00e8re disposition !<\/strong><\/p>\n","protected":false},"excerpt":{"rendered":"<p>\u00c0 la recherche d&rsquo;une assurance qui sait allier prix comp\u00e9titif et service de qualit\u00e9 ? Ne cherchez plus, gr\u00e2ce \u00e0 Leocare souscrivez en 1 minute et profitez de services personnalis\u00e9s pour votre Tesla. Un tarif comp\u00e9titif L\u2019assurance Tesla, c\u2019est la garantie d\u2019avoir un prix juste pour votre Tesla, sans l\u00e9siner sur la qualit\u00e9 ! Pour [&hellip;]<\/p>\n","protected":false},"author":34,"featured_media":0,"parent":11071,"menu_order":0,"comment_status":"closed","ping_status":"closed","template":"template_seo.php","meta":{"_acf_changed":false,"footnotes":""},"class_list":["post-19819","page","type-page","status-publish","hentry"],"acf":[],"yoast_head":"<!-- This site is optimized with the Yoast SEO plugin v27.3 - https:\/\/yoast.com\/product\/yoast-seo-wordpress\/ -->\n<title>Le pack Tesla<\/title>\n<meta name=\"description\" content=\"Explorez le pack Tesla, l&#039;alliance parfaite entre technologie et durabilit\u00e9. Ne manquez pas votre chance d&#039;experiencer la r\u00e9volution automobile !\" \/>\n<meta name=\"robots\" content=\"index, follow, max-snippet:-1, max-image-preview:large, max-video-preview:-1\" \/>\n<link rel=\"canonical\" href=\"https:\/\/leocare.eu\/fr\/assurance-auto-en-ligne\/tesla\/pack-tesla\/\" \/>\n<meta property=\"og:locale\" content=\"fr_FR\" \/>\n<meta property=\"og:type\" content=\"article\" \/>\n<meta property=\"og:title\" content=\"Le pack Tesla\" \/>\n<meta property=\"og:description\" content=\"Explorez le pack Tesla, l&#039;alliance parfaite entre technologie et durabilit\u00e9. Ne manquez pas votre chance d&#039;experiencer la r\u00e9volution automobile !\" \/>\n<meta property=\"og:url\" content=\"https:\/\/leocare.eu\/fr\/assurance-auto-en-ligne\/tesla\/pack-tesla\/\" \/>\n<meta property=\"og:site_name\" content=\"Leocare, assurance en ligne automobile et habitation\" \/>\n<meta property=\"article:modified_time\" content=\"2026-04-07T14:51:05+00:00\" \/>\n<meta name=\"twitter:card\" content=\"summary_large_image\" \/>\n<meta name=\"twitter:label1\" content=\"Dur\u00e9e de lecture estim\u00e9e\" \/>\n\t<meta name=\"twitter:data1\" content=\"2 minutes\" \/>\n<!-- \/ Yoast SEO plugin. -->","yoast_head_json":{"title":"Le pack Tesla","description":"Explorez le pack Tesla, l'alliance parfaite entre technologie et durabilit\u00e9. Ne manquez pas votre chance d'experiencer la r\u00e9volution automobile !","robots":{"index":"index","follow":"follow","max-snippet":"max-snippet:-1","max-image-preview":"max-image-preview:large","max-video-preview":"max-video-preview:-1"},"canonical":"https:\/\/leocare.eu\/fr\/assurance-auto-en-ligne\/tesla\/pack-tesla\/","og_locale":"fr_FR","og_type":"article","og_title":"Le pack Tesla","og_description":"Explorez le pack Tesla, l'alliance parfaite entre technologie et durabilit\u00e9. Ne manquez pas votre chance d'experiencer la r\u00e9volution automobile !","og_url":"https:\/\/leocare.eu\/fr\/assurance-auto-en-ligne\/tesla\/pack-tesla\/","og_site_name":"Leocare, assurance en ligne automobile et habitation","article_modified_time":"2026-04-07T14:51:05+00:00","twitter_card":"summary_large_image","twitter_misc":{"Dur\u00e9e de lecture estim\u00e9e":"2 minutes"},"schema":{"@context":"https:\/\/schema.org","@graph":[{"@type":"WebPage","@id":"https:\/\/leocare.eu\/fr\/assurance-auto-en-ligne\/tesla\/pack-tesla\/","url":"https:\/\/leocare.eu\/fr\/assurance-auto-en-ligne\/tesla\/pack-tesla\/","name":"Le pack Tesla","isPartOf":{"@id":"https:\/\/leocare.eu\/fr\/#website"},"datePublished":"2024-02-23T11:16:24+00:00","dateModified":"2026-04-07T14:51:05+00:00","description":"Explorez le pack Tesla, l'alliance parfaite entre technologie et durabilit\u00e9. Ne manquez pas votre chance d'experiencer la r\u00e9volution automobile !","breadcrumb":{"@id":"https:\/\/leocare.eu\/fr\/assurance-auto-en-ligne\/tesla\/pack-tesla\/#breadcrumb"},"inLanguage":"fr-FR","potentialAction":[{"@type":"ReadAction","target":["https:\/\/leocare.eu\/fr\/assurance-auto-en-ligne\/tesla\/pack-tesla\/"]}]},{"@type":"WebSite","@id":"https:\/\/leocare.eu\/fr\/#website","url":"https:\/\/leocare.eu\/fr\/","name":"Leocare, assurance en ligne automobile et habitation","description":"enfin (r)assur\u00e9.e","publisher":{"@id":"https:\/\/leocare.eu\/fr\/#organization"},"potentialAction":[{"@type":"SearchAction","target":{"@type":"EntryPoint","urlTemplate":"https:\/\/leocare.eu\/fr\/?s={search_term_string}"},"query-input":{"@type":"PropertyValueSpecification","valueRequired":true,"valueName":"search_term_string"}}],"inLanguage":"fr-FR"},{"@type":"Organization","@id":"https:\/\/leocare.eu\/fr\/#organization","name":"Leocare, assurance en ligne automobile et habitation","url":"https:\/\/leocare.eu\/fr\/","logo":{"@type":"ImageObject","inLanguage":"fr-FR","@id":"https:\/\/leocare.eu\/fr\/#\/schema\/logo\/image\/","url":"https:\/\/leocare.eu\/fr\/wp-content\/uploads\/2020\/03\/logo-leocare.svg","contentUrl":"https:\/\/leocare.eu\/fr\/wp-content\/uploads\/2020\/03\/logo-leocare.svg","caption":"Leocare, assurance en ligne automobile et habitation"},"image":{"@id":"https:\/\/leocare.eu\/fr\/#\/schema\/logo\/image\/"}}]}},"_links":{"self":[{"href":"https:\/\/leocare.eu\/fr\/wp-json\/wp\/v2\/pages\/19819","targetHints":{"allow":["GET"]}}],"collection":[{"href":"https:\/\/leocare.eu\/fr\/wp-json\/wp\/v2\/pages"}],"about":[{"href":"https:\/\/leocare.eu\/fr\/wp-json\/wp\/v2\/types\/page"}],"author":[{"embeddable":true,"href":"https:\/\/leocare.eu\/fr\/wp-json\/wp\/v2\/users\/34"}],"replies":[{"embeddable":true,"href":"https:\/\/leocare.eu\/fr\/wp-json\/wp\/v2\/comments?post=19819"}],"version-history":[{"count":17,"href":"https:\/\/leocare.eu\/fr\/wp-json\/wp\/v2\/pages\/19819\/revisions"}],"predecessor-version":[{"id":34666,"href":"https:\/\/leocare.eu\/fr\/wp-json\/wp\/v2\/pages\/19819\/revisions\/34666"}],"up":[{"embeddable":true,"href":"https:\/\/leocare.eu\/fr\/wp-json\/wp\/v2\/pages\/11071"}],"wp:attachment":[{"href":"https:\/\/leocare.eu\/fr\/wp-json\/wp\/v2\/media?parent=19819"}],"curies":[{"name":"wp","href":"https:\/\/api.w.org\/{rel}","templated":true}]}}