{"id":19655,"date":"2024-02-13T12:10:36","date_gmt":"2024-02-13T11:10:36","guid":{"rendered":"https:\/\/leocare.eu\/fr\/?page_id=19655"},"modified":"2024-05-31T10:25:20","modified_gmt":"2024-05-31T08:25:20","slug":"traitement-des-donnees-de-kilometrage","status":"publish","type":"page","link":"https:\/\/leocare.eu\/fr\/traitement-des-donnees-de-kilometrage\/","title":{"rendered":"Traitement des donn\u00e9es de kilom\u00e9trage"},"content":{"rendered":"\n<p>Leocare proc\u00e8de au traitement des donn\u00e9es de kilom\u00e9trage de votre v\u00e9hicule dans le but de personnaliser votre offre d\u2019assurance automobile et votre v\u00e9hicule satisfait aux crit\u00e8res d\u2019\u00e9ligibilit\u00e9&nbsp;!<\/p>\n\n\n\n<p><br><strong style=\"margin-bottom: 20px;\">Votre v\u00e9hicule est \u00e9quip\u00e9 d\u2019un boitier t\u00e9l\u00e9matique fourni par votre constructeur.<\/strong><\/p>\n\n\n\n<p>Votre v\u00e9hicule est \u00e9quip\u00e9 d\u2019un boitier t\u00e9l\u00e9matique int\u00e9gr\u00e9 par le fabricant lors de sa conception.<\/p>\n\n\n\n<p>Votre v\u00e9hicule a \u00e9t\u00e9 vendu avec ce boitier int\u00e9gr\u00e9. Ce dispositif renferme un capteur permettant au fabricant de transmettre \u00e0 notre partenaire, Linkbycar, les donn\u00e9es kilom\u00e9triques g\u00e9n\u00e9r\u00e9es par votre v\u00e9hicule.<\/p>\n\n\n\n<p>Leocare, dans le but de performer les contrats d\u2019assurance de ses clients, a souhait\u00e9 entreprendre un partenariat \u00e0 Linkbycar pour pouvoir ajuster ses tarifs assurantiels au niveau de la circulation r\u00e9elle de la voiture de son client (donc vous).<\/p>\n\n\n\n<p>Vous vous int\u00e9ressez \u00e0 la mise en \u0153uvre technique de cette solution ? Contactez nous \u00e0 l&rsquo;adresse mail\u00a0<a href=\"mailto:mavoitureconnectee@leocare.fr\" target=\"_blank\" rel=\"noreferrer noopener\">mavoitureconnectee@leocare.fr<\/a><\/p>\n\n\n\n<p><br><strong style=\"margin-bottom: 20px;\">Un objectif&nbsp;: l\u2019optimisation de votre contrat d\u2019assurance.<\/strong><br><br>Le traitement de vos donn\u00e9es kilom\u00e9triques vise \u00e0 optimiser votre contrat d\u2019assurance en fonction des donn\u00e9es g\u00e9n\u00e9r\u00e9es par votre v\u00e9hicule. Nous souhaitons vous proposer une offre davantage conforme \u00e0 vos besoins. Les donn\u00e9es collect\u00e9es dans le cadre du programme concernent exclusivement les donn\u00e9es de kilom\u00e9trage. Nous ne collectons aucune autre information.<\/p>\n\n\n\n<p><br><strong style=\"margin-bottom: 20px;\">Comment je donne mon accord \u00e0 ce traitement&nbsp;?<\/strong><br><br>Vous venez de recevoir un mail vous informant de notre mise en place de cette nouvelle collecte de donn\u00e9es provenant directement du boitier de votre v\u00e9hicule via votre constructeur et Linkbycar.<\/p>\n\n\n\n<p>Vous avez la possibilit\u00e9 de vous y opposer. Pour ce faire, il vous suffit de cliquer sur l\u2019onglet ad\u00e9quat propos\u00e9 dans le corps du mail. A d\u00e9faut, votre consentement sera indiqu\u00e9 \u00e0 nos \u00e9quipes et nous pourrons vous proposer le prix ad\u00e9quat a votre r\u00e9elle utilisation de votre v\u00e9hicule et, par cons\u00e9quent, adapter le produit d\u2019assurance \u00e0 cette consommation.<\/p>\n\n\n\n<p><br><strong style=\"margin-bottom: 20px;\">Et mes donn\u00e9es personnelles alors&nbsp;?<\/strong><br><br>Les informations personnelles utilis\u00e9es dans le cadre de ce programme seront conserv\u00e9es pendant la dur\u00e9e du service. Une prolongation de la dur\u00e9e de conservation peut \u00eatre autoris\u00e9e ou impos\u00e9e en vertu d\u2019une obligation l\u00e9gale ou r\u00e9glementaire.<\/p>\n\n\n\n<p>Aucun transfert des donn\u00e9es hors UE ne sera effectu\u00e9 dans le cadre des prestations offerte par Leocare.<\/p>\n\n\n\n<p><br>Conform\u00e9ment \u00e0 la Loi Informatique et Libert\u00e9s et au R\u00e8glement G\u00e9n\u00e9ral de la Protection des Donn\u00e9es Personnelles (RGPD), vous disposez d\u2019un droit d\u2019acc\u00e8s, d\u2019opposition, de restitution, de rectification de vos donn\u00e9es personnelles, et dans les conditions pr\u00e9vues par la r\u00e9glementation, d\u2019un droit \u00e0 l\u2019effacement de leurs donn\u00e9es personnelles, \u00e0 la limitation du traitement de vos donn\u00e9es personnelles, ainsi que d\u2019un droit \u00e0 la portabilit\u00e9 de leurs donn\u00e9es personnelles.<\/p>\n\n\n\n<p>Vous pouvez exercer vos droits en vous adressant au D\u00e9l\u00e9gu\u00e9 \u00e0 la protection des<br>donn\u00e9es LEOCARE- 16 bis Rue d\u2019Odessa, 75014 Paris<\/p>\n\n\n\n<p>courriel : <a href=\"mailto:rgpd@leocare.fr\">rgpd@leocare.fr<\/a><\/p>\n","protected":false},"excerpt":{"rendered":"<p>Leocare proc\u00e8de au traitement des donn\u00e9es de kilom\u00e9trage de votre v\u00e9hicule dans le but de personnaliser votre offre d\u2019assurance automobile et votre v\u00e9hicule satisfait aux crit\u00e8res d\u2019\u00e9ligibilit\u00e9&nbsp;! Votre v\u00e9hicule est \u00e9quip\u00e9 d\u2019un boitier t\u00e9l\u00e9matique fourni par votre constructeur. Votre v\u00e9hicule est \u00e9quip\u00e9 d\u2019un boitier t\u00e9l\u00e9matique int\u00e9gr\u00e9 par le fabricant lors de sa conception. Votre v\u00e9hicule [&hellip;]<\/p>\n","protected":false},"author":34,"featured_media":0,"parent":0,"menu_order":0,"comment_status":"closed","ping_status":"closed","template":"","meta":{"_acf_changed":false,"footnotes":""},"class_list":["post-19655","page","type-page","status-publish","hentry"],"acf":[],"yoast_head":"<!-- This site is optimized with the Yoast SEO plugin v27.3 - https:\/\/yoast.com\/product\/yoast-seo-wordpress\/ -->\n<title>Traitement des donn\u00e9es de kilom\u00e9trage<\/title>\n<meta name=\"description\" content=\"D\u00e9couvrez comment Leocare traite vos donn\u00e9es de kilom\u00e9trage pour une assurance auto personnalis\u00e9e et adapt\u00e9e \u00e0 votre usage.\" \/>\n<meta name=\"robots\" content=\"index, follow, max-snippet:-1, max-image-preview:large, max-video-preview:-1\" \/>\n<link rel=\"canonical\" href=\"https:\/\/leocare.eu\/fr\/traitement-des-donnees-de-kilometrage\/\" \/>\n<meta property=\"og:locale\" content=\"fr_FR\" \/>\n<meta property=\"og:type\" content=\"article\" \/>\n<meta property=\"og:title\" content=\"Traitement des donn\u00e9es de kilom\u00e9trage\" \/>\n<meta property=\"og:description\" content=\"D\u00e9couvrez comment Leocare traite vos donn\u00e9es de kilom\u00e9trage pour une assurance auto personnalis\u00e9e et adapt\u00e9e \u00e0 votre usage.\" \/>\n<meta property=\"og:url\" content=\"https:\/\/leocare.eu\/fr\/traitement-des-donnees-de-kilometrage\/\" \/>\n<meta property=\"og:site_name\" content=\"Leocare, assurance en ligne automobile et habitation\" \/>\n<meta property=\"article:modified_time\" content=\"2024-05-31T08:25:20+00:00\" \/>\n<meta name=\"twitter:card\" content=\"summary_large_image\" \/>\n<meta name=\"twitter:label1\" content=\"Dur\u00e9e de lecture estim\u00e9e\" \/>\n\t<meta name=\"twitter:data1\" content=\"3 minutes\" \/>\n<!-- \/ Yoast SEO plugin. -->","yoast_head_json":{"title":"Traitement des donn\u00e9es de kilom\u00e9trage","description":"D\u00e9couvrez comment Leocare traite vos donn\u00e9es de kilom\u00e9trage pour une assurance auto personnalis\u00e9e et adapt\u00e9e \u00e0 votre usage.","robots":{"index":"index","follow":"follow","max-snippet":"max-snippet:-1","max-image-preview":"max-image-preview:large","max-video-preview":"max-video-preview:-1"},"canonical":"https:\/\/leocare.eu\/fr\/traitement-des-donnees-de-kilometrage\/","og_locale":"fr_FR","og_type":"article","og_title":"Traitement des donn\u00e9es de kilom\u00e9trage","og_description":"D\u00e9couvrez comment Leocare traite vos donn\u00e9es de kilom\u00e9trage pour une assurance auto personnalis\u00e9e et adapt\u00e9e \u00e0 votre usage.","og_url":"https:\/\/leocare.eu\/fr\/traitement-des-donnees-de-kilometrage\/","og_site_name":"Leocare, assurance en ligne automobile et habitation","article_modified_time":"2024-05-31T08:25:20+00:00","twitter_card":"summary_large_image","twitter_misc":{"Dur\u00e9e de lecture estim\u00e9e":"3 minutes"},"schema":{"@context":"https:\/\/schema.org","@graph":[{"@type":"WebPage","@id":"https:\/\/leocare.eu\/fr\/traitement-des-donnees-de-kilometrage\/","url":"https:\/\/leocare.eu\/fr\/traitement-des-donnees-de-kilometrage\/","name":"Traitement des donn\u00e9es de kilom\u00e9trage","isPartOf":{"@id":"https:\/\/leocare.eu\/fr\/#website"},"datePublished":"2024-02-13T11:10:36+00:00","dateModified":"2024-05-31T08:25:20+00:00","description":"D\u00e9couvrez comment Leocare traite vos donn\u00e9es de kilom\u00e9trage pour une assurance auto personnalis\u00e9e et adapt\u00e9e \u00e0 votre usage.","breadcrumb":{"@id":"https:\/\/leocare.eu\/fr\/traitement-des-donnees-de-kilometrage\/#breadcrumb"},"inLanguage":"fr-FR","potentialAction":[{"@type":"ReadAction","target":["https:\/\/leocare.eu\/fr\/traitement-des-donnees-de-kilometrage\/"]}]},{"@type":"WebSite","@id":"https:\/\/leocare.eu\/fr\/#website","url":"https:\/\/leocare.eu\/fr\/","name":"Leocare, assurance en ligne automobile et habitation","description":"enfin (r)assur\u00e9.e","publisher":{"@id":"https:\/\/leocare.eu\/fr\/#organization"},"potentialAction":[{"@type":"SearchAction","target":{"@type":"EntryPoint","urlTemplate":"https:\/\/leocare.eu\/fr\/?s={search_term_string}"},"query-input":{"@type":"PropertyValueSpecification","valueRequired":true,"valueName":"search_term_string"}}],"inLanguage":"fr-FR"},{"@type":"Organization","@id":"https:\/\/leocare.eu\/fr\/#organization","name":"Leocare, assurance en ligne automobile et habitation","url":"https:\/\/leocare.eu\/fr\/","logo":{"@type":"ImageObject","inLanguage":"fr-FR","@id":"https:\/\/leocare.eu\/fr\/#\/schema\/logo\/image\/","url":"https:\/\/leocare.eu\/fr\/wp-content\/uploads\/2020\/03\/logo-leocare.svg","contentUrl":"https:\/\/leocare.eu\/fr\/wp-content\/uploads\/2020\/03\/logo-leocare.svg","caption":"Leocare, assurance en ligne automobile et habitation"},"image":{"@id":"https:\/\/leocare.eu\/fr\/#\/schema\/logo\/image\/"}}]}},"_links":{"self":[{"href":"https:\/\/leocare.eu\/fr\/wp-json\/wp\/v2\/pages\/19655","targetHints":{"allow":["GET"]}}],"collection":[{"href":"https:\/\/leocare.eu\/fr\/wp-json\/wp\/v2\/pages"}],"about":[{"href":"https:\/\/leocare.eu\/fr\/wp-json\/wp\/v2\/types\/page"}],"author":[{"embeddable":true,"href":"https:\/\/leocare.eu\/fr\/wp-json\/wp\/v2\/users\/34"}],"replies":[{"embeddable":true,"href":"https:\/\/leocare.eu\/fr\/wp-json\/wp\/v2\/comments?post=19655"}],"version-history":[{"count":21,"href":"https:\/\/leocare.eu\/fr\/wp-json\/wp\/v2\/pages\/19655\/revisions"}],"predecessor-version":[{"id":19783,"href":"https:\/\/leocare.eu\/fr\/wp-json\/wp\/v2\/pages\/19655\/revisions\/19783"}],"wp:attachment":[{"href":"https:\/\/leocare.eu\/fr\/wp-json\/wp\/v2\/media?parent=19655"}],"curies":[{"name":"wp","href":"https:\/\/api.w.org\/{rel}","templated":true}]}}