{"id":19418,"date":"2024-01-04T11:43:46","date_gmt":"2024-01-04T10:43:46","guid":{"rendered":"https:\/\/leocare.eu\/fr\/?page_id=19418"},"modified":"2026-04-07T16:51:04","modified_gmt":"2026-04-07T14:51:04","slug":"suppression-carte-verte-assurance-auto","status":"publish","type":"page","link":"https:\/\/leocare.eu\/fr\/assurance-auto-en-ligne\/couverture\/contrat\/carte-verte\/suppression-carte-verte-assurance-auto\/","title":{"rendered":"Suppression de la carte verte automobile en avril 2024 : ce qu&rsquo;il faut retenir"},"content":{"rendered":"\n<p>Apr\u00e8s plus de 38 ans de bons et loyaux services, c\u2019est officiel : \u00e0 partir de 2024, tous les conducteurs fran\u00e7ais n\u2019auront plus l\u2019obligation d\u2019apposer la carte verte qui indique qu\u2019un v\u00e9hicule est actuellement assur\u00e9. Que va changer la d\u00e9mat\u00e9rialisation dans notre quotidien ? On vous dit tout.<\/p>\n\n\n\n<h2 class=\"wp-block-heading\" id=\"section-1--quoi-sert-la-carte-verte-aujourdhui-\">\u00c0 quoi sert la carte verte aujourd\u2019hui ?<\/h2>\n\n\n\n<p><strong>En France, lorsque vous poss\u00e9dez un v\u00e9hicule (et plus pr\u00e9cis\u00e9ment un v\u00e9hicule terrestre comme une voiture ou une moto), il est obligatoire de l\u2019assurer.<\/strong>&nbsp;Une des fa\u00e7ons qui prouve que votre voiture l\u2019est bien se fait par l\u2019installation d\u2019une carte verte sur votre pare-brise.<\/p>\n\n\n\n<p>Mais \u00e0 quoi sert-elle ?&nbsp;<strong>Ce papillon vert permet de prouver, en cas de contr\u00f4le par les autorit\u00e9s, que votre v\u00e9hicule est bien assur\u00e9. \u2705<\/strong>&nbsp;Le certificat doit \u00eatre appos\u00e9 en bas du pare-brise pour les voitures ou pr\u00e8s de la fourche avant du v\u00e9hicule pour les v\u00e9hicules \u00e0 2 ou 3 roues.<\/p>\n\n\n\n<p>Le certificat d\u2019assurance d\u00e9livr\u00e9 avec votre&nbsp;<a href=\"https:\/\/leocare.eu\/fr\/assurance-auto-en-ligne\/couverture\/contrat\/\">contrat d\u2019assurance auto<\/a>&nbsp;indique les informations suivantes :&nbsp;<\/p>\n\n\n\n<ul class=\"wp-block-list\">\n<li><strong>Nom de l\u2019assureur<\/strong><\/li>\n\n\n\n<li><strong>Num\u00e9ro du contrat<\/strong><\/li>\n\n\n\n<li><strong>Immatriculation du v\u00e9hicule (ou num\u00e9ro de moteur)<\/strong><\/li>\n\n\n\n<li><strong>Date de d\u00e9but et de fin de validit\u00e9 du contrat d\u2019assurance<\/strong><\/li>\n<\/ul>\n\n\n\n<div class=\"bon-a-savoir\">\n\n\n\n<h3 class=\"wp-block-heading\">Attention !<\/h3>\n\n\n\n<p> Une vignette d\u2019assurance appos\u00e9e sur un pare-brise ne certifie pas qu\u2019une voiture est assur\u00e9e ! Comme les cartes vertes sont d\u00e9livr\u00e9es chaque ann\u00e9e, un conducteur peut tr\u00e8s bien avoir arr\u00eat\u00e9 de payer ses cotisations au cours de l\u2019ann\u00e9e avec une carte verte valide. C\u2019est la raison pour laquelle il est imp\u00e9ratif de poss\u00e9der une attestation d\u2019assurance d\u00e9livr\u00e9e par son assurance.<\/p>\n\n\n\n<\/div>\n\n\n\n<h2 class=\"wp-block-heading\" id=\"section-2-ce-qui-va-changer-avec-la-dmatrialisation-de-la-carte-verte\">Ce qui va changer avec la d\u00e9mat\u00e9rialisation de la carte verte&nbsp;<\/h2>\n\n\n\n<p>D\u2019un c\u00f4t\u00e9 beaucoup de choses et de l\u2019autre pas grand chose :&nbsp;<strong>les contr\u00f4les seront plus fiables \ud83d\udc6e, la lutte contre le d\u00e9faut d\u2019assurance accrue et les formalit\u00e9s assouplies !<\/strong><\/p>\n\n\n\n<h3 class=\"wp-block-heading\">Par quoi la carte verte est-elle remplac\u00e9e ?<\/h3>\n\n\n\n<p><strong>La carte verte sera remplac\u00e9e par le&nbsp;<a href=\"https:\/\/leocare.eu\/fr\/assurance-auto-en-ligne\/couverture\/contrat\/fichier-vehicules-assures-fva\/\">FVA (Fichier des V\u00e9hicules Assur\u00e9s)<\/a><\/strong>&nbsp;qui permet aux forces de l\u2019ordre de savoir si une voiture est assur\u00e9e ou non en entrant simplement la plaque d\u2019immatriculation du v\u00e9hicule. Fini les cartes vertes frauduleuses !<\/p>\n\n\n\n<p>Comme le FVA est un fichier r\u00e9guli\u00e8rement mis \u00e0 jour,<strong>&nbsp;il pr\u00e9sente l\u2019avantage d\u2019apporter une information plus pr\u00e9cise de l\u2019\u00e9tat d\u2019assurance du v\u00e9hicule.<\/strong>&nbsp;Cela voudra aussi dire que le risque de verbalisation en cas d\u2019oubli de renouvellement du papillon vert dispara\u00eet et donc fini les amendes de 35 \u20ac alors que le v\u00e9hicule \u00e9tait bien assur\u00e9 !<\/p>\n\n\n\n<p>D\u2019autre part, plus besoin d\u2019apposer de carte verte sur son v\u00e9hicule et vous ne recevrez plus la traditionnelle vignette verte par courrier \ud83d\udc8c chaque ann\u00e9e.&nbsp;<strong>\u00c7a veut donc dire fini le papier et les 1 237 tonnes de CO2 produites chaque ann\u00e9e pour la production et l\u2019envoi.<\/strong><\/p>\n\n\n\n<p>Et \u00e7a tombe bien, Leocare, qui a milit\u00e9 \u00e0 ce sujet depuis 2021, vous permet de retrouver tous vos documents justificatifs en quelques clics sur l\u2019application !<\/p>\n\n\n\n<h3 class=\"wp-block-heading\">Comment fonctionne le FVA ?<\/h3>\n\n\n\n<p>Depuis 2019, les forces de l\u2019ordre ont acc\u00e8s \u00e0 un fichier national appel\u00e9 le Fichier des V\u00e9hicules Assur\u00e9s. G\u00e9r\u00e9 par l\u2019Association pour la Gestion des Informations sur le Risque en Assurance (AGIRA pour les intimes), ce fichier regroupe toutes les soci\u00e9t\u00e9s d\u2019assurance capables de d\u00e9livrer des assurances aux particuliers.<\/p>\n\n\n\n<p><strong>Ils ont pour mission d\u2019alimenter ce fichier en d\u00e9clarant sous un d\u00e9lai de 72 heures \u23f1\ufe0f<\/strong>&nbsp;tous les nouveaux v\u00e9hicules assur\u00e9s. Parmi les informations saisies figurent :&nbsp;<\/p>\n\n\n\n<ul class=\"wp-block-list\">\n<li>le num\u00e9ro d\u2019immatriculation du v\u00e9hicule<\/li>\n\n\n\n<li>le nom de l\u2019assureur<\/li>\n\n\n\n<li>le num\u00e9ro du contrat d\u2019assurance<\/li>\n\n\n\n<li>la p\u00e9riode de validit\u00e9 du contrat<\/li>\n<\/ul>\n\n\n\n<p><strong>Ces informations sont conserv\u00e9es pendant 7 ans maximum.<\/strong><\/p>\n\n\n\n<h3 class=\"wp-block-heading\">Les cons\u00e9quences sur le contr\u00f4le de police<\/h3>\n\n\n\n<p>En cas de contr\u00f4le, les forces de l\u2019ordre ont la possibilit\u00e9 d\u2019entrer l\u2019immatriculation du v\u00e9hicule contr\u00f4l\u00e9 dans le FVA.&nbsp;<strong>Apr\u00e8s une br\u00e8ve recherche, le v\u00e9hicule appara\u00eetra et indiquera aux agents si le v\u00e9hicule est assur\u00e9 ou non.&nbsp;<\/strong><\/p>\n\n\n\n<p><strong>Un v\u00e9hicule qui n\u2019est pas enregistr\u00e9 dans le FVA est consid\u00e9r\u00e9 comme non assur\u00e9 et le propri\u00e9taire du v\u00e9hicule encourt une amende de 3 700\u20ac \u274c en cas de contr\u00f4le.<\/strong><\/p>\n\n\n\n<h2 class=\"wp-block-heading\" id=\"section-3-les-exceptions-lies-la-suppression-de-la-carte-verte\">Les exceptions li\u00e9es \u00e0 la suppression de la carte verte<\/h2>\n\n\n\n<p>Si vous avez bien suivi ce que nous vous avons expliqu\u00e9, vous remarquerez que la suppression de la carte verte ne concerne que les v\u00e9hicules immatricul\u00e9s.&nbsp;<strong>Pour les v\u00e9hicules non immatricul\u00e9s comme par exemple les trottinettes \u00e9lectriques, l\u2019apposition d\u2019une vignette d\u2019assurance est toujours obligatoire.<\/strong><\/p>\n\n\n\n<p><strong>Il en est de m\u00eame lors de vos voyages \u00e0 l\u2019\u00e9tranger :<\/strong>&nbsp;si vous avez pr\u00e9vu de vous rendre en Albanie, Azerba\u00efdjan, Maroc, Moldavie, Mac\u00e9doine du Nord, Tunisie, Turquie et en Ukraine, il faudra pr\u00e9senter son attestation d\u2019assurance. \ud83c\udf0d<\/p>\n\n\n\n<h2 class=\"wp-block-heading\" id=\"section-4-pourquoi-la-carte-verte-va-t-elle-tre-supprime-\">Pourquoi la carte verte va-t-elle \u00eatre supprim\u00e9e ?<\/h2>\n\n\n\n<p>Pr\u00e9sente dans notre quotidien depuis presque 40 ans, la carte verte pr\u00e9sentait l\u2019avantage de montrer en clin d\u2019oeil qu\u2019un v\u00e9hicule \u00e9tait bien assur\u00e9 mais de nombreux d\u00e9fauts apparaissent :&nbsp;<\/p>\n\n\n\n<ul class=\"wp-block-list\">\n<li><strong>Une fraude \u00e0 l\u2019assurance encourag\u00e9e \ud83d\udee1\ufe0f :<\/strong>&nbsp;plus de 700 000 automobilistes conduisent sans assurance en France et le format papier de la vignette verte encourage sa falsification.<\/li>\n\n\n\n<li><strong>Une \u00e9conomie pour les Fran\u00e7ais \ud83e\udd11 :<\/strong>&nbsp;10 % du prix d\u2019une assurance est consacr\u00e9 \u00e0 la lutte contre la fraude. En d\u00e9mat\u00e9rialisant la carte verte, les efforts consentis diminuent et encouragent donc des \u00e9conomies !<\/li>\n\n\n\n<li><strong>Des co\u00fbts de gestion r\u00e9duits \ud83d\udcf1 :<\/strong>&nbsp;la production et la gestion de la carte verte co\u00fbte chaque ann\u00e9e 60 millions d\u2019euros aux assurances. Gr\u00e2ce \u00e0 sa d\u00e9mat\u00e9rialisation, c\u2019est autant d\u2019euros mis \u00e0 disposition au service du pouvoir d\u2019achat des Fran\u00e7ais et par cons\u00e9quent de potentielles \u00e9conomies !<\/li>\n\n\n\n<li><strong>Une empreinte \u00e9cologique r\u00e9duite \u2618\ufe0f :<\/strong>&nbsp;la production des cartes vertes g\u00e9n\u00e8re chaque ann\u00e9e plus de 1 237 tonnes de CO2. En supprimant leur production, c\u2019est un bon geste pour la plan\u00e8te.<\/li>\n<\/ul>\n\n\n\n<p>Besoin de savoir quoi faire pour le 1er avril ? Rendez-vous sur l\u2019application Leocare !<\/p>\n","protected":false},"excerpt":{"rendered":"<p>Apr\u00e8s plus de 38 ans de bons et loyaux services, c\u2019est officiel : \u00e0 partir de 2024, tous les conducteurs fran\u00e7ais n\u2019auront plus l\u2019obligation d\u2019apposer la carte verte qui indique qu\u2019un v\u00e9hicule est actuellement assur\u00e9. Que va changer la d\u00e9mat\u00e9rialisation dans notre quotidien ? On vous dit tout. \u00c0 quoi sert la carte verte aujourd\u2019hui [&hellip;]<\/p>\n","protected":false},"author":34,"featured_media":20507,"parent":20215,"menu_order":0,"comment_status":"closed","ping_status":"closed","template":"template_seo.php","meta":{"_acf_changed":false,"footnotes":""},"class_list":["post-19418","page","type-page","status-publish","has-post-thumbnail","hentry"],"acf":[],"yoast_head":"<!-- This site is optimized with the Yoast SEO plugin v27.3 - https:\/\/yoast.com\/product\/yoast-seo-wordpress\/ -->\n<title>Suppression de la carte verte en avril 2024 : tout savoir<\/title>\n<meta name=\"description\" content=\"D\u2019apr\u00e8s le d\u00e9cret relatif \u00e0 la suppression de la \u00ab carte verte \u00bb, la carte verte sera supprim\u00e9e d\u00e8s le 1er avril 2024\" \/>\n<meta name=\"robots\" content=\"index, follow, max-snippet:-1, max-image-preview:large, max-video-preview:-1\" \/>\n<link rel=\"canonical\" href=\"https:\/\/leocare.eu\/fr\/assurance-auto-en-ligne\/couverture\/contrat\/carte-verte\/suppression-carte-verte-assurance-auto\/\" \/>\n<meta property=\"og:locale\" content=\"fr_FR\" \/>\n<meta property=\"og:type\" content=\"article\" \/>\n<meta property=\"og:title\" content=\"Suppression de la carte verte en avril 2024 : tout savoir\" \/>\n<meta property=\"og:description\" content=\"D\u2019apr\u00e8s le d\u00e9cret relatif \u00e0 la suppression de la \u00ab carte verte \u00bb, la carte verte sera supprim\u00e9e d\u00e8s le 1er avril 2024\" \/>\n<meta property=\"og:url\" content=\"https:\/\/leocare.eu\/fr\/assurance-auto-en-ligne\/couverture\/contrat\/carte-verte\/suppression-carte-verte-assurance-auto\/\" \/>\n<meta property=\"og:site_name\" content=\"Leocare, assurance en ligne automobile et habitation\" \/>\n<meta property=\"article:modified_time\" content=\"2026-04-07T14:51:04+00:00\" \/>\n<meta property=\"og:image\" content=\"https:\/\/leocare.eu\/fr\/wp-content\/uploads\/2024\/03\/carte-verte-assurance-auto.jpg\" \/>\n\t<meta property=\"og:image:width\" content=\"1900\" \/>\n\t<meta property=\"og:image:height\" content=\"1200\" \/>\n\t<meta property=\"og:image:type\" content=\"image\/jpeg\" \/>\n<meta name=\"twitter:card\" content=\"summary_large_image\" \/>\n<meta name=\"twitter:label1\" content=\"Dur\u00e9e de lecture estim\u00e9e\" \/>\n\t<meta name=\"twitter:data1\" content=\"5 minutes\" \/>\n<!-- \/ Yoast SEO plugin. -->","yoast_head_json":{"title":"Suppression de la carte verte en avril 2024 : tout savoir","description":"D\u2019apr\u00e8s le d\u00e9cret relatif \u00e0 la suppression de la \u00ab carte verte \u00bb, la carte verte sera supprim\u00e9e d\u00e8s le 1er avril 2024","robots":{"index":"index","follow":"follow","max-snippet":"max-snippet:-1","max-image-preview":"max-image-preview:large","max-video-preview":"max-video-preview:-1"},"canonical":"https:\/\/leocare.eu\/fr\/assurance-auto-en-ligne\/couverture\/contrat\/carte-verte\/suppression-carte-verte-assurance-auto\/","og_locale":"fr_FR","og_type":"article","og_title":"Suppression de la carte verte en avril 2024 : tout savoir","og_description":"D\u2019apr\u00e8s le d\u00e9cret relatif \u00e0 la suppression de la \u00ab carte verte \u00bb, la carte verte sera supprim\u00e9e d\u00e8s le 1er avril 2024","og_url":"https:\/\/leocare.eu\/fr\/assurance-auto-en-ligne\/couverture\/contrat\/carte-verte\/suppression-carte-verte-assurance-auto\/","og_site_name":"Leocare, assurance en ligne automobile et habitation","article_modified_time":"2026-04-07T14:51:04+00:00","og_image":[{"width":1900,"height":1200,"url":"https:\/\/leocare.eu\/fr\/wp-content\/uploads\/2024\/03\/carte-verte-assurance-auto.jpg","type":"image\/jpeg"}],"twitter_card":"summary_large_image","twitter_misc":{"Dur\u00e9e de lecture estim\u00e9e":"5 minutes"},"schema":{"@context":"https:\/\/schema.org","@graph":[{"@type":"WebPage","@id":"https:\/\/leocare.eu\/fr\/assurance-auto-en-ligne\/couverture\/contrat\/carte-verte\/suppression-carte-verte-assurance-auto\/","url":"https:\/\/leocare.eu\/fr\/assurance-auto-en-ligne\/couverture\/contrat\/carte-verte\/suppression-carte-verte-assurance-auto\/","name":"Suppression de la carte verte en avril 2024 : tout savoir","isPartOf":{"@id":"https:\/\/leocare.eu\/fr\/#website"},"primaryImageOfPage":{"@id":"https:\/\/leocare.eu\/fr\/assurance-auto-en-ligne\/couverture\/contrat\/carte-verte\/suppression-carte-verte-assurance-auto\/#primaryimage"},"image":{"@id":"https:\/\/leocare.eu\/fr\/assurance-auto-en-ligne\/couverture\/contrat\/carte-verte\/suppression-carte-verte-assurance-auto\/#primaryimage"},"thumbnailUrl":"https:\/\/leocare.eu\/fr\/wp-content\/uploads\/2024\/03\/carte-verte-assurance-auto.jpg","datePublished":"2024-01-04T10:43:46+00:00","dateModified":"2026-04-07T14:51:04+00:00","description":"D\u2019apr\u00e8s le d\u00e9cret relatif \u00e0 la suppression de la \u00ab carte verte \u00bb, la carte verte sera supprim\u00e9e d\u00e8s le 1er avril 2024","breadcrumb":{"@id":"https:\/\/leocare.eu\/fr\/assurance-auto-en-ligne\/couverture\/contrat\/carte-verte\/suppression-carte-verte-assurance-auto\/#breadcrumb"},"inLanguage":"fr-FR","potentialAction":[{"@type":"ReadAction","target":["https:\/\/leocare.eu\/fr\/assurance-auto-en-ligne\/couverture\/contrat\/carte-verte\/suppression-carte-verte-assurance-auto\/"]}]},{"@type":"ImageObject","inLanguage":"fr-FR","@id":"https:\/\/leocare.eu\/fr\/assurance-auto-en-ligne\/couverture\/contrat\/carte-verte\/suppression-carte-verte-assurance-auto\/#primaryimage","url":"https:\/\/leocare.eu\/fr\/wp-content\/uploads\/2024\/03\/carte-verte-assurance-auto.jpg","contentUrl":"https:\/\/leocare.eu\/fr\/wp-content\/uploads\/2024\/03\/carte-verte-assurance-auto.jpg","width":1900,"height":1200,"caption":"carte verte assurance auto"},{"@type":"WebSite","@id":"https:\/\/leocare.eu\/fr\/#website","url":"https:\/\/leocare.eu\/fr\/","name":"Leocare, assurance en ligne automobile et habitation","description":"enfin (r)assur\u00e9.e","publisher":{"@id":"https:\/\/leocare.eu\/fr\/#organization"},"potentialAction":[{"@type":"SearchAction","target":{"@type":"EntryPoint","urlTemplate":"https:\/\/leocare.eu\/fr\/?s={search_term_string}"},"query-input":{"@type":"PropertyValueSpecification","valueRequired":true,"valueName":"search_term_string"}}],"inLanguage":"fr-FR"},{"@type":"Organization","@id":"https:\/\/leocare.eu\/fr\/#organization","name":"Leocare, assurance en ligne automobile et habitation","url":"https:\/\/leocare.eu\/fr\/","logo":{"@type":"ImageObject","inLanguage":"fr-FR","@id":"https:\/\/leocare.eu\/fr\/#\/schema\/logo\/image\/","url":"https:\/\/leocare.eu\/fr\/wp-content\/uploads\/2020\/03\/logo-leocare.svg","contentUrl":"https:\/\/leocare.eu\/fr\/wp-content\/uploads\/2020\/03\/logo-leocare.svg","caption":"Leocare, assurance en ligne automobile et habitation"},"image":{"@id":"https:\/\/leocare.eu\/fr\/#\/schema\/logo\/image\/"}}]}},"_links":{"self":[{"href":"https:\/\/leocare.eu\/fr\/wp-json\/wp\/v2\/pages\/19418","targetHints":{"allow":["GET"]}}],"collection":[{"href":"https:\/\/leocare.eu\/fr\/wp-json\/wp\/v2\/pages"}],"about":[{"href":"https:\/\/leocare.eu\/fr\/wp-json\/wp\/v2\/types\/page"}],"author":[{"embeddable":true,"href":"https:\/\/leocare.eu\/fr\/wp-json\/wp\/v2\/users\/34"}],"replies":[{"embeddable":true,"href":"https:\/\/leocare.eu\/fr\/wp-json\/wp\/v2\/comments?post=19418"}],"version-history":[{"count":27,"href":"https:\/\/leocare.eu\/fr\/wp-json\/wp\/v2\/pages\/19418\/revisions"}],"predecessor-version":[{"id":36823,"href":"https:\/\/leocare.eu\/fr\/wp-json\/wp\/v2\/pages\/19418\/revisions\/36823"}],"up":[{"embeddable":true,"href":"https:\/\/leocare.eu\/fr\/wp-json\/wp\/v2\/pages\/20215"}],"wp:featuredmedia":[{"embeddable":true,"href":"https:\/\/leocare.eu\/fr\/wp-json\/wp\/v2\/media\/20507"}],"wp:attachment":[{"href":"https:\/\/leocare.eu\/fr\/wp-json\/wp\/v2\/media?parent=19418"}],"curies":[{"name":"wp","href":"https:\/\/api.w.org\/{rel}","templated":true}]}}