{"id":18838,"date":"2023-11-09T14:07:50","date_gmt":"2023-11-09T13:07:50","guid":{"rendered":"https:\/\/leocare.eu\/fr\/?page_id=18838"},"modified":"2026-01-28T17:00:32","modified_gmt":"2026-01-28T16:00:32","slug":"leocare-lance-offre-petit-rouleur","status":"publish","type":"page","link":"https:\/\/leocare.eu\/fr\/presse\/leocare-lance-offre-petit-rouleur\/","title":{"rendered":"Leocare ajoute une offre \u00ab\u00a0petit rouleur\u00a0\u00bb\u00a0\u00e0 son assurance auto"},"content":{"rendered":"\n<p>Leocare donne un nouveau coup de frein \u00e0 la vie ch\u00e8re. Fid\u00e8le \u00e0 sa promesse du prix le plus juste, la n\u00e9oassurance multiservice 100 % mobile lance son <a href=\"https:\/\/leocare.eu\/fr\/assurance-auto-en-ligne\/couverture\/formules\/specifiques\/au-km\/petit-rouleur\/\">assurance petit rouleur<\/a>, pens\u00e9e sp\u00e9cifiquement pour les assur\u00e9s qui utilisent peu leur v\u00e9hicule. Trois formules kilom\u00e9triques sont propos\u00e9es : 5\u00a0000\u00a0km, 8 000 km et plus de 8 000 km. \u00c0 la clef, des \u00e9conomies entre 8 % et 25 % par rapport \u00e0 un forfait classique ! Pourquoi payer une assurance \u00e0 plein tarif si vous n\u2019utilisez que tr\u00e8s peu votre voiture ?<\/p>\n\n\n\n<p><em>\u00ab Ces derni\u00e8res ann\u00e9es, alors m\u00eame que l\u2019essor du t\u00e9l\u00e9travail, la hausse des prix du carburant et le renforcement de la conscience \u00e9cologique ont profond\u00e9ment boulevers\u00e9 les habitudes de mobilit\u00e9 des Fran\u00e7ais, la part des forfaits kilom\u00e9triques peine \u00e0 \u00e9voluer. Cela t\u00e9moigne non seulement d\u2019un manque de souplesse des formules d\u2019assurance auto, mais aussi d\u2019une m\u00e9connaissance quant \u00e0 ce type de produit pourtant adapt\u00e9 aux habitudes de tr\u00e8s nombreux automobilistes. Ceux qui font moins de 600 ou 700 km par mois paient ainsi tr\u00e8s probablement leur assurance beaucoup trop cher. Avec l\u2019offre &lsquo;petit rouleur&rsquo;, ils d\u00e9penseront entre 8 et 25 % de moins en moyenne, soit l\u2019\u00e9quivalent d\u2019environ de 150 \u00e0 250 euros sur un an \u00bb<\/em>, <strong>explique Christophe Dandois, CEO de Leocare.<\/strong><\/p>\n\n\n\n<h2 class=\"wp-block-heading\"><strong>Les habitudes des Fran\u00e7ais \u00e9voluent<\/strong><\/h2>\n\n\n\n<p>La voiture individuelle reste le mode de transport le plus utilis\u00e9 par les Fran\u00e7ais, mais les usages changent : d\u2019ici \u00e0 3 ans, 74 % d\u2019entre eux se disent pr\u00eats \u00e0 diversifier leurs modes de transport et 51 % \u00e0 marcher ou faire du v\u00e9lo plus souvent. <strong>La raison de ce changement ? Les r\u00e9cents \u00e9v\u00e9nements climatiques incitant \u00e0 davantage de conscience \u00e9cologique et l\u2019av\u00e8nement du t\u00e9l\u00e9travail <\/strong>ont transform\u00e9 les d\u00e9placements pour les rendre moins r\u00e9guliers, plus courts qui s\u2019adaptent de moins en moins \u00e0 l\u2019utilisation de la voiture.<\/p>\n\n\n\n<h2 class=\"wp-block-heading\"><strong>La voiture co\u00fbte cher aux Fran\u00e7ais<\/strong><\/h2>\n\n\n\n<p>Comme pour les p\u00e9ages autoroutiers, le budget de l\u2019automobiliste augmente plus vite que l&rsquo;inflation. Entre le co\u00fbt de l&rsquo;achat, l\u2019entretien et l\u2019utilisation, <strong>le co\u00fbt d\u2019une voiture \u00e0 l\u2019ann\u00e9e absorbe plus de 10&nbsp;% des revenus des m\u00e9nages fran\u00e7ais. En t\u00eate des d\u00e9penses, l\u2019assurance auto : il faut d\u00e9sormais d\u00e9bourser en moyenne 635 \u20ac\/an pour couvrir son v\u00e9hicule.<\/strong> Une somme substantielle, alors m\u00eame que beaucoup d\u2019assur\u00e9s ne parcourent pas plus de 4 000 ou 8 000 km \u00e0 l\u2019ann\u00e9e. <strong>C\u2019est pourquoi Leocare lance son offre \u00ab petit rouleur \u00bb, <\/strong>une assurance auto \u00e0 destination des conducteurs n\u2019utilisant que tr\u00e8s peu leur voiture, ou uniquement pour des petits trajets, afin de leur permettre de payer au plus juste. \u00c0 la cl\u00e9 : entre 8 % et 25 % d\u2019\u00e9conomies sur un forfait classique, sans limite kilom\u00e9trique ni installation d\u2019un bo\u00eetier dans l\u2019habitacle du v\u00e9hicule !<\/p>\n\n\n\n<h2 class=\"wp-block-heading\"><strong>Petit rouleur, grosses \u00e9conomies<\/strong><\/h2>\n\n\n\n<p>Tr\u00e8s concr\u00e8tement, le tarif de l\u2019assurance au km ou \u00ab petit rouleur \u00bb est estim\u00e9 en fonction de la distance \u00e0 parcourir en un an. <strong>Au moment de la signature, l\u2019assur\u00e9 choisit un forfait pouvant couvrir au plus pr\u00e8s tous ses d\u00e9placements. Il peut aller de moins de 5 000 \u00e0 plus de 8 000 km annuels.<\/strong> En clair, pas de garanties superflues et co\u00fbteuses mais une solution qui s\u2019adapte aux besoins r\u00e9els du conducteur, tout en lui garantissant un haut niveau de protection. C\u2019est simple, flexible, rapide. Et chaque fin d\u2019ann\u00e9e, Leocare v\u00e9rifie simplement que l\u2019assur\u00e9 s\u2019est bien tenu \u00e0 la distance couverte par sa formule.<\/p>\n\n\n\n<h2 class=\"wp-block-heading\"><strong>Leocare&nbsp;: innovation, simplicit\u00e9 et juste prix<\/strong><\/h2>\n\n\n\n<p>Cette nouvelle offre r\u00e9pond \u00e0 la raison d\u2019\u00eatre de Leocare : soulager et aider les assur\u00e9s, quel que soit leur profil, au quotidien. Chez Leocare, on sait qu\u2019il y a autant de probl\u00e9matiques que d\u2019assur\u00e9s. Chaque cas est unique et n\u00e9cessite un traitement personnalis\u00e9. C\u2019est pourquoi les solutions propos\u00e9es sont flexibles et adaptables pour que chacun puisse trouver la couverture qui lui convient, au meilleur prix. Pas d\u2019innovation pour l\u2019innovation. <strong>L\u2019objectif est toujours la cr\u00e9ation et la nouveaut\u00e9 orient\u00e9es vers les besoins r\u00e9els des assur\u00e9s. Simplicit\u00e9, flexibilit\u00e9, transparence et inclusivit\u00e9 : tels sont les quatre mots d\u2019ordre de Leocare.<\/strong><\/p>\n\n\n\n<p>Avec cette nouvelle offre, Leocare ajoute des combinaisons suppl\u00e9mentaires et plus de libert\u00e9 pour obtenir le meilleur rapport protection\/prix et enfin cr\u00e9er une assurance personnalis\u00e9e.<\/p>\n","protected":false},"excerpt":{"rendered":"<p>Leocare donne un nouveau coup de frein \u00e0 la vie ch\u00e8re. Fid\u00e8le \u00e0 sa promesse du prix le plus juste, la n\u00e9oassurance multiservice 100 % mobile lance son assurance petit rouleur, pens\u00e9e sp\u00e9cifiquement pour les assur\u00e9s qui utilisent peu leur v\u00e9hicule. Trois formules kilom\u00e9triques sont propos\u00e9es : 5\u00a0000\u00a0km, 8 000 km et plus de 8 [&hellip;]<\/p>\n","protected":false},"author":4,"featured_media":16588,"parent":16531,"menu_order":0,"comment_status":"closed","ping_status":"closed","template":"template_press_article.php","meta":{"_acf_changed":false,"footnotes":""},"class_list":["post-18838","page","type-page","status-publish","has-post-thumbnail","hentry"],"acf":[],"yoast_head":"<!-- This site is optimized with the Yoast SEO plugin v27.3 - https:\/\/yoast.com\/product\/yoast-seo-wordpress\/ -->\n<title>Leocare ajoute une offre \u00ab\u00a0petit rouleur\u00a0\u00bb\u00a0\u00e0 son assurance auto<\/title>\n<meta name=\"description\" content=\"Leocare lance une offre sp\u00e9ciale pour les petits rouleurs. Assurance auto adapt\u00e9e pour ceux qui conduisent peu.\" \/>\n<meta name=\"robots\" content=\"index, follow, max-snippet:-1, max-image-preview:large, max-video-preview:-1\" \/>\n<link rel=\"canonical\" href=\"https:\/\/leocare.eu\/fr\/presse\/leocare-lance-offre-petit-rouleur\/\" \/>\n<meta property=\"og:locale\" content=\"fr_FR\" \/>\n<meta property=\"og:type\" content=\"article\" \/>\n<meta property=\"og:title\" content=\"Leocare ajoute une offre \u00ab\u00a0petit rouleur\u00a0\u00bb\u00a0\u00e0 son assurance auto\" \/>\n<meta property=\"og:description\" content=\"Leocare lance une offre sp\u00e9ciale pour les petits rouleurs. Assurance auto adapt\u00e9e pour ceux qui conduisent peu.\" \/>\n<meta property=\"og:url\" content=\"https:\/\/leocare.eu\/fr\/presse\/leocare-lance-offre-petit-rouleur\/\" \/>\n<meta property=\"og:site_name\" content=\"Leocare, assurance en ligne automobile et habitation\" \/>\n<meta property=\"article:modified_time\" content=\"2026-01-28T16:00:32+00:00\" \/>\n<meta property=\"og:image\" content=\"https:\/\/leocare.eu\/fr\/wp-content\/uploads\/2023\/07\/background-leocare.png\" \/>\n\t<meta property=\"og:image:width\" content=\"1400\" \/>\n\t<meta property=\"og:image:height\" content=\"600\" \/>\n\t<meta property=\"og:image:type\" content=\"image\/png\" \/>\n<meta name=\"twitter:card\" content=\"summary_large_image\" \/>\n<meta name=\"twitter:label1\" content=\"Dur\u00e9e de lecture estim\u00e9e\" \/>\n\t<meta name=\"twitter:data1\" content=\"4 minutes\" \/>\n<!-- \/ Yoast SEO plugin. -->","yoast_head_json":{"title":"Leocare ajoute une offre \u00ab\u00a0petit rouleur\u00a0\u00bb\u00a0\u00e0 son assurance auto","description":"Leocare lance une offre sp\u00e9ciale pour les petits rouleurs. Assurance auto adapt\u00e9e pour ceux qui conduisent peu.","robots":{"index":"index","follow":"follow","max-snippet":"max-snippet:-1","max-image-preview":"max-image-preview:large","max-video-preview":"max-video-preview:-1"},"canonical":"https:\/\/leocare.eu\/fr\/presse\/leocare-lance-offre-petit-rouleur\/","og_locale":"fr_FR","og_type":"article","og_title":"Leocare ajoute une offre \u00ab\u00a0petit rouleur\u00a0\u00bb\u00a0\u00e0 son assurance auto","og_description":"Leocare lance une offre sp\u00e9ciale pour les petits rouleurs. Assurance auto adapt\u00e9e pour ceux qui conduisent peu.","og_url":"https:\/\/leocare.eu\/fr\/presse\/leocare-lance-offre-petit-rouleur\/","og_site_name":"Leocare, assurance en ligne automobile et habitation","article_modified_time":"2026-01-28T16:00:32+00:00","og_image":[{"width":1400,"height":600,"url":"https:\/\/leocare.eu\/fr\/wp-content\/uploads\/2023\/07\/background-leocare.png","type":"image\/png"}],"twitter_card":"summary_large_image","twitter_misc":{"Dur\u00e9e de lecture estim\u00e9e":"4 minutes"},"schema":{"@context":"https:\/\/schema.org","@graph":[{"@type":"WebPage","@id":"https:\/\/leocare.eu\/fr\/presse\/leocare-lance-offre-petit-rouleur\/","url":"https:\/\/leocare.eu\/fr\/presse\/leocare-lance-offre-petit-rouleur\/","name":"Leocare ajoute une offre \u00ab\u00a0petit rouleur\u00a0\u00bb\u00a0\u00e0 son assurance auto","isPartOf":{"@id":"https:\/\/leocare.eu\/fr\/#website"},"primaryImageOfPage":{"@id":"https:\/\/leocare.eu\/fr\/presse\/leocare-lance-offre-petit-rouleur\/#primaryimage"},"image":{"@id":"https:\/\/leocare.eu\/fr\/presse\/leocare-lance-offre-petit-rouleur\/#primaryimage"},"thumbnailUrl":"https:\/\/leocare.eu\/fr\/wp-content\/uploads\/2023\/07\/background-leocare.png","datePublished":"2023-11-09T13:07:50+00:00","dateModified":"2026-01-28T16:00:32+00:00","description":"Leocare lance une offre sp\u00e9ciale pour les petits rouleurs. Assurance auto adapt\u00e9e pour ceux qui conduisent peu.","breadcrumb":{"@id":"https:\/\/leocare.eu\/fr\/presse\/leocare-lance-offre-petit-rouleur\/#breadcrumb"},"inLanguage":"fr-FR","potentialAction":[{"@type":"ReadAction","target":["https:\/\/leocare.eu\/fr\/presse\/leocare-lance-offre-petit-rouleur\/"]}]},{"@type":"ImageObject","inLanguage":"fr-FR","@id":"https:\/\/leocare.eu\/fr\/presse\/leocare-lance-offre-petit-rouleur\/#primaryimage","url":"https:\/\/leocare.eu\/fr\/wp-content\/uploads\/2023\/07\/background-leocare.png","contentUrl":"https:\/\/leocare.eu\/fr\/wp-content\/uploads\/2023\/07\/background-leocare.png","width":1400,"height":600,"caption":"background leocare"},{"@type":"WebSite","@id":"https:\/\/leocare.eu\/fr\/#website","url":"https:\/\/leocare.eu\/fr\/","name":"Leocare, assurance en ligne automobile et habitation","description":"enfin (r)assur\u00e9.e","publisher":{"@id":"https:\/\/leocare.eu\/fr\/#organization"},"potentialAction":[{"@type":"SearchAction","target":{"@type":"EntryPoint","urlTemplate":"https:\/\/leocare.eu\/fr\/?s={search_term_string}"},"query-input":{"@type":"PropertyValueSpecification","valueRequired":true,"valueName":"search_term_string"}}],"inLanguage":"fr-FR"},{"@type":"Organization","@id":"https:\/\/leocare.eu\/fr\/#organization","name":"Leocare, assurance en ligne automobile et habitation","url":"https:\/\/leocare.eu\/fr\/","logo":{"@type":"ImageObject","inLanguage":"fr-FR","@id":"https:\/\/leocare.eu\/fr\/#\/schema\/logo\/image\/","url":"https:\/\/leocare.eu\/fr\/wp-content\/uploads\/2020\/03\/logo-leocare.svg","contentUrl":"https:\/\/leocare.eu\/fr\/wp-content\/uploads\/2020\/03\/logo-leocare.svg","caption":"Leocare, assurance en ligne automobile et habitation"},"image":{"@id":"https:\/\/leocare.eu\/fr\/#\/schema\/logo\/image\/"}}]}},"_links":{"self":[{"href":"https:\/\/leocare.eu\/fr\/wp-json\/wp\/v2\/pages\/18838","targetHints":{"allow":["GET"]}}],"collection":[{"href":"https:\/\/leocare.eu\/fr\/wp-json\/wp\/v2\/pages"}],"about":[{"href":"https:\/\/leocare.eu\/fr\/wp-json\/wp\/v2\/types\/page"}],"author":[{"embeddable":true,"href":"https:\/\/leocare.eu\/fr\/wp-json\/wp\/v2\/users\/4"}],"replies":[{"embeddable":true,"href":"https:\/\/leocare.eu\/fr\/wp-json\/wp\/v2\/comments?post=18838"}],"version-history":[{"count":4,"href":"https:\/\/leocare.eu\/fr\/wp-json\/wp\/v2\/pages\/18838\/revisions"}],"predecessor-version":[{"id":36676,"href":"https:\/\/leocare.eu\/fr\/wp-json\/wp\/v2\/pages\/18838\/revisions\/36676"}],"up":[{"embeddable":true,"href":"https:\/\/leocare.eu\/fr\/wp-json\/wp\/v2\/pages\/16531"}],"wp:featuredmedia":[{"embeddable":true,"href":"https:\/\/leocare.eu\/fr\/wp-json\/wp\/v2\/media\/16588"}],"wp:attachment":[{"href":"https:\/\/leocare.eu\/fr\/wp-json\/wp\/v2\/media?parent=18838"}],"curies":[{"name":"wp","href":"https:\/\/api.w.org\/{rel}","templated":true}]}}