{"id":18591,"date":"2023-10-24T10:51:09","date_gmt":"2023-10-24T08:51:09","guid":{"rendered":"https:\/\/leocare.eu\/fr\/?page_id=18591"},"modified":"2024-05-31T10:25:14","modified_gmt":"2024-05-31T08:25:14","slug":"leocare-partenariat-badbugs","status":"publish","type":"page","link":"https:\/\/leocare.eu\/fr\/presse\/leocare-partenariat-badbugs\/","title":{"rendered":"Leocare noue un partenariat avec Badbugs\u00a0pour pr\u00e9munir ses assur\u00e9scontre les punaises de lit !"},"content":{"rendered":"\n<p><em>Pas plus grosses que des p\u00e9pins de pommes, elles peuvent transformer votre vie en v\u00e9ritable enfer. D\u2019apr\u00e8s la derni\u00e8re enqu\u00eate r\u00e9alis\u00e9e par Ipsos pour ANSES les punaises de lit infesteraient aujourd\u2019hui 11 % des m\u00e9nages fran\u00e7ais<\/em><em>. En parall\u00e8le, ce sont 67% des Fran\u00e7ais qui d\u00e9clarent avoir peur des punaises de lit<\/em><em>.&nbsp; 3 mois en moyenne sont g\u00e9n\u00e9ralement n\u00e9cessaires pour s\u2019en d\u00e9barrasser, pour un co\u00fbt de traitement de 476 euros en moyenne\u2013 rarement couvert par les assurances.&nbsp;<\/em><\/p>\n\n\n\n<p><em>C\u2019est pourquoi Leocare, la n\u00e9oassurance multiservice 100 % mobile, s\u2019associe \u00e0 Badbugs, soci\u00e9t\u00e9 sp\u00e9cialis\u00e9e dans la lutte contre les nuisibles, pour pr\u00e9munir ses clients contre l\u2019envahisseur h\u00e9matophage. Jusqu\u2019\u00e0 la fin du mois de novembre, les assur\u00e9s Leocare pourront profiter de l\u2019assurance punaise de lit gratuite et se faire assister financi\u00e8rement, techniquement et m\u00eame psychologiquement si leur logement est touch\u00e9 par des punaises de lit.<\/em><\/p>\n\n\n\n<h2 class=\"wp-block-heading\">Punaises de lit : de plus en plus de logements infest\u00e9s<\/h2>\n\n\n\n<p>Elles parasitent les lieux publics, les domiciles\u2026 et les esprits. Pr\u00e9sentes dans les habitations, les h\u00f4tels, les cin\u00e9mas ou les restaurants, suspect\u00e9es dans les trains, taxis et m\u00e9tros, et m\u00eame signal\u00e9es dans des h\u00f4pitaux,<strong> les punaises de lit sont<\/strong> <\/p>\n\n\n\n<p><strong>devenues un sujet majeur de pr\u00e9occupation pour des millions de Fran\u00e7ais.<\/strong> Entre 2017 et 2022, 1 m\u00e9nage sur 10 (11 %) avait d\u00fb faire face \u00e0 ce petit insecte, extr\u00eamement invasif et r\u00e9sistant. <strong>A titre de comparaison, la progression de m\u00e9nages touch\u00e9s en 2020, en 5 ans, \u00e9tait de 7%.<\/strong><\/p>\n\n\n\n<h2 class=\"wp-block-heading\">Un probl\u00e8me de sant\u00e9 publique\u2026 qui co\u00fbte cher aux m\u00e9nages !<\/h2>\n\n\n\n<p>Mesurant de 4 \u00e0 7 millim\u00e8tres, soit la taille d\u2019un p\u00e9pin de pomme, les punaises de lit sont donc d\u00e9sormais partout, tout \u00e0 leur aise de pouvoir profiter de la proximit\u00e9 de l\u2019Homme\u2026 ce qui est loin d\u2019\u00eatre r\u00e9ciproque. Et pour cause : outre les d\u00e9sagr\u00e9ments physiques et psychologiques qu\u2019elles causent, les punaises de lit repr\u00e9sentent un probl\u00e8me de sant\u00e9 publique aux cons\u00e9quences \u00e9conomiques importantes. <strong>Un r\u00e9cent rapport de l\u2019Agence nationale de s\u00e9curit\u00e9 sanitaire (Anses) indique que ces parasites h\u00e9matophages ont co\u00fbt\u00e9 pr\u00e8s de 230 millions d\u2019euros par an aux foyers fran\u00e7ais entre 2017 et 2022, auxquels s\u2019ajoutent 83 millions en d\u00e9penses sant\u00e9<\/strong><strong>.<\/strong><\/p>\n\n\n\n<h2 class=\"wp-block-heading\">Leocare x Badbugs : une assurance contre les punaises de lit offerte pendant 1 an !<\/h2>\n\n\n\n<p>Afin d\u2019aider les particuliers \u00e0 lutter contre cette prolif\u00e9ration, et leur \u00e9viter de lourdes d\u00e9penses, la n\u00e9oassurance Leocare s\u2019est associ\u00e9e \u00e0 Badbugs, la plateforme de mise en relation entre victimes de nuisibles et professionnels experts. Lanc\u00e9e en 2019, celle-ci a en effet cr\u00e9\u00e9 une assurance sur mesure contre les punaises de lit, en partenariat avec le groupe d\u2019assistance mutualiste IMA (Inter Mutuelles Assistance).<strong> Les clients Leocare pourront ainsi b\u00e9n\u00e9ficier d\u2019une couverture sp\u00e9cifique, qu&rsquo;ils soient propri\u00e9taires ou locataires, et quelle que soit leur assurance habitation.<\/strong> Gratuite pendant la premi\u00e8re ann\u00e9e aupr\u00e8s des clients Leocare, l\u2019assurance prend en charge le traitement du logement par un professionnel, dans la limite de 500 euros par intervention (sachant qu\u2019une intervention professionnelle co\u00fbte en moyenne 476 euros), tout en incluant une possibilit\u00e9 de relogement provisoire \u00e0 l&rsquo;h\u00f4tel ainsi qu\u2019un suivi psychologique. <strong>L\u2019offre pr\u00e9voit par ailleurs un accompagnement par un expert 7 jours sur 7. Un accompagnement par des experts indispensables puisque lorsque les victimes du sinistre manquent de conseil, elles d\u00e9pensent 64% de plus et mettent 6 semaines suppl\u00e9mentaires pour venir \u00e0 bout des punaises de lit<\/strong><strong>.&nbsp;<\/strong><\/p>\n\n\n\n<h2 class=\"wp-block-heading\">L\u2019exception Leocare<\/h2>\n\n\n\n<p>La nouvelle solution r\u00e9pond \u00e0 un vrai besoin de couverture, pour un risque qui, bien souvent, ne trouve pas d&rsquo;assurance. Jusqu\u2019alors, seulement deux assurances contre le risque d\u2019infestation aux punaises de lit \u00e9taient propos\u00e9es sur le march\u00e9 parmi l\u2019ensemble des contrats d\u2019habitation ! Dans des cas pr\u00e9cis, certains assureurs peuvent toutefois accepter d\u2019inclure dans le contrat une option permettant une indemnisation en cas d\u2019infestation par des punaises de lit.<strong> Mais, en g\u00e9n\u00e9ral, l\u2019assur\u00e9 doit d\u00e9bourser un montant de plusieurs centaines d\u2019euros par an pour ce type de sinistre.<\/strong><\/p>\n","protected":false},"excerpt":{"rendered":"<p>Pas plus grosses que des p\u00e9pins de pommes, elles peuvent transformer votre vie en v\u00e9ritable enfer. D\u2019apr\u00e8s la derni\u00e8re enqu\u00eate r\u00e9alis\u00e9e par Ipsos pour ANSES les punaises de lit infesteraient aujourd\u2019hui 11 % des m\u00e9nages fran\u00e7ais. En parall\u00e8le, ce sont 67% des Fran\u00e7ais qui d\u00e9clarent avoir peur des punaises de lit.&nbsp; 3 mois en moyenne [&hellip;]<\/p>\n","protected":false},"author":34,"featured_media":16588,"parent":16531,"menu_order":0,"comment_status":"closed","ping_status":"closed","template":"template_press_article.php","meta":{"_acf_changed":false,"footnotes":""},"class_list":["post-18591","page","type-page","status-publish","has-post-thumbnail","hentry"],"acf":[],"yoast_head":"<!-- This site is optimized with the Yoast SEO plugin v27.3 - https:\/\/yoast.com\/product\/yoast-seo-wordpress\/ -->\n<title>Leocare noue un partenariat avec Badbugs\u00a0pour pr\u00e9munir ses assur\u00e9scontre les punaises de lit !<\/title>\n<meta name=\"description\" content=\"Leocare s&#039;associe \u00e0 Badbugs pour une lutte efficace contre les nuisibles. D\u00e9couvrez les avantages de ce partenariat.\" \/>\n<meta name=\"robots\" content=\"index, follow, max-snippet:-1, max-image-preview:large, max-video-preview:-1\" \/>\n<link rel=\"canonical\" href=\"https:\/\/leocare.eu\/fr\/presse\/leocare-partenariat-badbugs\/\" \/>\n<meta property=\"og:locale\" content=\"fr_FR\" \/>\n<meta property=\"og:type\" content=\"article\" \/>\n<meta property=\"og:title\" content=\"Leocare noue un partenariat avec Badbugs\u00a0pour pr\u00e9munir ses assur\u00e9scontre les punaises de lit !\" \/>\n<meta property=\"og:description\" content=\"Leocare s&#039;associe \u00e0 Badbugs pour une lutte efficace contre les nuisibles. D\u00e9couvrez les avantages de ce partenariat.\" \/>\n<meta property=\"og:url\" content=\"https:\/\/leocare.eu\/fr\/presse\/leocare-partenariat-badbugs\/\" \/>\n<meta property=\"og:site_name\" content=\"Leocare, assurance en ligne automobile et habitation\" \/>\n<meta property=\"article:modified_time\" content=\"2024-05-31T08:25:14+00:00\" \/>\n<meta property=\"og:image\" content=\"https:\/\/leocare.eu\/fr\/wp-content\/uploads\/2023\/07\/background-leocare.png\" \/>\n\t<meta property=\"og:image:width\" content=\"1400\" \/>\n\t<meta property=\"og:image:height\" content=\"600\" \/>\n\t<meta property=\"og:image:type\" content=\"image\/png\" \/>\n<meta name=\"twitter:card\" content=\"summary_large_image\" \/>\n<meta name=\"twitter:label1\" content=\"Dur\u00e9e de lecture estim\u00e9e\" \/>\n\t<meta name=\"twitter:data1\" content=\"4 minutes\" \/>\n<!-- \/ Yoast SEO plugin. -->","yoast_head_json":{"title":"Leocare noue un partenariat avec Badbugs\u00a0pour pr\u00e9munir ses assur\u00e9scontre les punaises de lit !","description":"Leocare s'associe \u00e0 Badbugs pour une lutte efficace contre les nuisibles. D\u00e9couvrez les avantages de ce partenariat.","robots":{"index":"index","follow":"follow","max-snippet":"max-snippet:-1","max-image-preview":"max-image-preview:large","max-video-preview":"max-video-preview:-1"},"canonical":"https:\/\/leocare.eu\/fr\/presse\/leocare-partenariat-badbugs\/","og_locale":"fr_FR","og_type":"article","og_title":"Leocare noue un partenariat avec Badbugs\u00a0pour pr\u00e9munir ses assur\u00e9scontre les punaises de lit !","og_description":"Leocare s'associe \u00e0 Badbugs pour une lutte efficace contre les nuisibles. D\u00e9couvrez les avantages de ce partenariat.","og_url":"https:\/\/leocare.eu\/fr\/presse\/leocare-partenariat-badbugs\/","og_site_name":"Leocare, assurance en ligne automobile et habitation","article_modified_time":"2024-05-31T08:25:14+00:00","og_image":[{"width":1400,"height":600,"url":"https:\/\/leocare.eu\/fr\/wp-content\/uploads\/2023\/07\/background-leocare.png","type":"image\/png"}],"twitter_card":"summary_large_image","twitter_misc":{"Dur\u00e9e de lecture estim\u00e9e":"4 minutes"},"schema":{"@context":"https:\/\/schema.org","@graph":[{"@type":"WebPage","@id":"https:\/\/leocare.eu\/fr\/presse\/leocare-partenariat-badbugs\/","url":"https:\/\/leocare.eu\/fr\/presse\/leocare-partenariat-badbugs\/","name":"Leocare noue un partenariat avec Badbugs\u00a0pour pr\u00e9munir ses assur\u00e9scontre les punaises de lit !","isPartOf":{"@id":"https:\/\/leocare.eu\/fr\/#website"},"primaryImageOfPage":{"@id":"https:\/\/leocare.eu\/fr\/presse\/leocare-partenariat-badbugs\/#primaryimage"},"image":{"@id":"https:\/\/leocare.eu\/fr\/presse\/leocare-partenariat-badbugs\/#primaryimage"},"thumbnailUrl":"https:\/\/leocare.eu\/fr\/wp-content\/uploads\/2023\/07\/background-leocare.png","datePublished":"2023-10-24T08:51:09+00:00","dateModified":"2024-05-31T08:25:14+00:00","description":"Leocare s'associe \u00e0 Badbugs pour une lutte efficace contre les nuisibles. D\u00e9couvrez les avantages de ce partenariat.","breadcrumb":{"@id":"https:\/\/leocare.eu\/fr\/presse\/leocare-partenariat-badbugs\/#breadcrumb"},"inLanguage":"fr-FR","potentialAction":[{"@type":"ReadAction","target":["https:\/\/leocare.eu\/fr\/presse\/leocare-partenariat-badbugs\/"]}]},{"@type":"ImageObject","inLanguage":"fr-FR","@id":"https:\/\/leocare.eu\/fr\/presse\/leocare-partenariat-badbugs\/#primaryimage","url":"https:\/\/leocare.eu\/fr\/wp-content\/uploads\/2023\/07\/background-leocare.png","contentUrl":"https:\/\/leocare.eu\/fr\/wp-content\/uploads\/2023\/07\/background-leocare.png","width":1400,"height":600,"caption":"background leocare"},{"@type":"WebSite","@id":"https:\/\/leocare.eu\/fr\/#website","url":"https:\/\/leocare.eu\/fr\/","name":"Leocare, assurance en ligne automobile et habitation","description":"enfin (r)assur\u00e9.e","publisher":{"@id":"https:\/\/leocare.eu\/fr\/#organization"},"potentialAction":[{"@type":"SearchAction","target":{"@type":"EntryPoint","urlTemplate":"https:\/\/leocare.eu\/fr\/?s={search_term_string}"},"query-input":{"@type":"PropertyValueSpecification","valueRequired":true,"valueName":"search_term_string"}}],"inLanguage":"fr-FR"},{"@type":"Organization","@id":"https:\/\/leocare.eu\/fr\/#organization","name":"Leocare, assurance en ligne automobile et habitation","url":"https:\/\/leocare.eu\/fr\/","logo":{"@type":"ImageObject","inLanguage":"fr-FR","@id":"https:\/\/leocare.eu\/fr\/#\/schema\/logo\/image\/","url":"https:\/\/leocare.eu\/fr\/wp-content\/uploads\/2020\/03\/logo-leocare.svg","contentUrl":"https:\/\/leocare.eu\/fr\/wp-content\/uploads\/2020\/03\/logo-leocare.svg","caption":"Leocare, assurance en ligne automobile et habitation"},"image":{"@id":"https:\/\/leocare.eu\/fr\/#\/schema\/logo\/image\/"}}]}},"_links":{"self":[{"href":"https:\/\/leocare.eu\/fr\/wp-json\/wp\/v2\/pages\/18591","targetHints":{"allow":["GET"]}}],"collection":[{"href":"https:\/\/leocare.eu\/fr\/wp-json\/wp\/v2\/pages"}],"about":[{"href":"https:\/\/leocare.eu\/fr\/wp-json\/wp\/v2\/types\/page"}],"author":[{"embeddable":true,"href":"https:\/\/leocare.eu\/fr\/wp-json\/wp\/v2\/users\/34"}],"replies":[{"embeddable":true,"href":"https:\/\/leocare.eu\/fr\/wp-json\/wp\/v2\/comments?post=18591"}],"version-history":[{"count":3,"href":"https:\/\/leocare.eu\/fr\/wp-json\/wp\/v2\/pages\/18591\/revisions"}],"predecessor-version":[{"id":18594,"href":"https:\/\/leocare.eu\/fr\/wp-json\/wp\/v2\/pages\/18591\/revisions\/18594"}],"up":[{"embeddable":true,"href":"https:\/\/leocare.eu\/fr\/wp-json\/wp\/v2\/pages\/16531"}],"wp:featuredmedia":[{"embeddable":true,"href":"https:\/\/leocare.eu\/fr\/wp-json\/wp\/v2\/media\/16588"}],"wp:attachment":[{"href":"https:\/\/leocare.eu\/fr\/wp-json\/wp\/v2\/media?parent=18591"}],"curies":[{"name":"wp","href":"https:\/\/api.w.org\/{rel}","templated":true}]}}