{"id":18337,"date":"2023-10-16T16:21:14","date_gmt":"2023-10-16T14:21:14","guid":{"rendered":"https:\/\/leocare.eu\/fr\/?page_id=18337"},"modified":"2026-04-07T16:37:18","modified_gmt":"2026-04-07T14:37:18","slug":"vente-a-particulier","status":"publish","type":"page","link":"https:\/\/leocare.eu\/fr\/assurance-auto-en-ligne\/electrique\/vente-a-particulier\/","title":{"rendered":"Quelle assurance choisir en cas de vente de sa voiture \u00e9lectrique \u00e0 un particulier ?"},"content":{"rendered":"\n<p>En 2018, la vente des voitures \u00e9lectriques \u00e0 connu une augmentation de 60% par rapport \u00e0 l\u2019ann\u00e9e 2017. Les raisons sont multiples, les v\u00e9hicules \u00e9lectriques permettent des \u00e9conomies consid\u00e9rables gr\u00e2ce \u00e0 l\u2019utilisation d\u2019\u00e9lectricit\u00e9 face \u00e0 l\u2019essence ou au diesel. Ensuite, l\u2019entretien d\u2019un tel v\u00e9hicule induit aussi moins de co\u00fbts, car il y a moins de pi\u00e8ces m\u00e9caniques embarqu\u00e9es \u00e0 r\u00e9parer ou \u00e0 remplacer. Et, bien s\u00fbr, le plus grand avantage est l\u2019aspect plus respectueux de l\u2019environnement d\u00fb au faible taux d\u2019\u00e9missions de co2.<\/p>\n\n\n\n<h2 class=\"wp-block-heading\" id=\"section-1\">Comment vendre sa voiture \u00e9lectrique \u00e0 un particulier ?<\/h2>\n\n\n\n<p>Avant m\u00eame de passer \u00e0 la vente de votre v\u00e9hicule \u00e9lectrique, il faut valider plusieurs \u00e9tapes.<\/p>\n\n\n\n<p>Pour commencer, votre v\u00e9hicule doit obligatoirement \u00eatre couvert par une&nbsp;<a href=\"https:\/\/leocare.eu\/fr\/assurance-auto-en-ligne\/electrique\/\">assurance voiture \u00e9lectrique<\/a>, notamment pour les essais de votre voiture des futurs conducteurs (et bien s\u00fbr, assurez-vous que vous avez bien recharg\u00e9 votre voiture \u00e0 la borne et que l\u2019autonomie est au max, on va \u00e9viter de se retrouver en plein milieu de la campagne \u00e0 appeler l\u2019assistance !)<\/p>\n\n\n\n<p>Ensuite, la carte grise doit \u00eatre \u00e0 jour et \u00e0 votre nom. V\u00e9rifiez notamment que votre adresse, dans le cas o\u00f9 vous auriez d\u00e9m\u00e9nag\u00e9, ait bien \u00e9t\u00e9 modifi\u00e9e.<\/p>\n\n\n\n<p>Vous devez \u00eatre en capacit\u00e9 de fournir un proc\u00e8s-verbal de contr\u00f4le technique de moins de 6 mois pour attester du bon \u00e9tat de la voiture. Si vous faites ce contr\u00f4le technique juste avant la conclusion de la vente et que vous devez passer une contre-visite, vous avez deux options. Soit vous vous en chargez, quitte \u00e0 retarder la vente, soit vous concluez l\u2019accord avec le nouveau propri\u00e9taire qui devra donc lui-m\u00eame soumettre le v\u00e9hicule \u00e0 une contre-visite, dans les 2 mois suivant le contr\u00f4le technique de base.<\/p>\n\n\n\n<p>Ensuite, vous devez pouvoir prouver qu\u2019il n\u2019y a ni gage, ni opposition \u00e0 la vente en fournissant un certificat de situation administrative au futur acqu\u00e9reur. Ce document atteste que le v\u00e9hicule n\u2019a pas \u00e9t\u00e9 donn\u00e9 en gage et que les contraventions, s\u2019il y en a, ont \u00e9t\u00e9 r\u00e9gl\u00e9es. Pour obtenir ce certificat, rendez-vous sur le site de l\u2019Agence Nationale des Titres S\u00e9curis\u00e9s (ANTS).<\/p>\n\n\n\n<p>Enfin, avant de proc\u00e9der \u00e0 la vente, vous devez d\u00e9clarer la cession du v\u00e9hicule et obtenir, toujours via l\u2019ANTS, le code de cession qui sera \u00e0 signer par l\u2019acqu\u00e9reur et vous-m\u00eame.<\/p>\n\n\n\n<h2 class=\"wp-block-heading\" id=\"section-2\">Quels sont les documents \u00e0 transmettre \u00e0 l\u2019acheteur ?<\/h2>\n\n\n\n<p>Lorsque le certificat de cession sera sign\u00e9, la vente de votre voiture \u00e9lectrique est r\u00e9alis\u00e9e juridiquement. C\u2019est \u00e0 ce moment l\u00e0 que vous devrez transmettre \u00e0 l\u2019acheteur plusieurs documents :<br>Le certificat d\u2019immatriculation du v\u00e9hicule barr\u00e9 et comprenant la mention \u201cVendu le [date]\u201d suivie de votre signature. Le coupon d\u00e9tachable devra avoir \u00e9t\u00e9 rempli et transmis \u00e0 l\u2019acheteur pour qu\u2019il puisse rouler provisoirement avec.<br>Un exemplaire du certificat de cession sign\u00e9<br>Le certificat de situation administrative datant de moins de 15 jours<br>Le proc\u00e8s-verbal de contr\u00f4le technique<\/p>\n\n\n\n<p>Bon \u00e0 savoir : vous n\u2019avez aucune autorisation de vendre un v\u00e9hicule en LLD ou en LOA, car le v\u00e9hicule, m\u00eame si vous faites des versements de loyer pour ensuite l\u2019acheter, n\u2019est pas \u00e0 vous.<\/p>\n\n\n\n<h2 class=\"wp-block-heading\" id=\"section-3\">La question des assurances auto<\/h2>\n\n\n\n<p>Lorsque vous vendez votre v\u00e9hicule \u00e0 un particulier, il est important d\u2019informer votre compagnie d\u2019assurance de la cession de ce v\u00e9hicule. Dans cette situation, votre assureur vous proposera plusieurs options :<\/p>\n\n\n\n<p>Si vous souhaitez changer de couverture, ou m\u00eame d\u2019assurance, vous pouvez simplement r\u00e9silier votre contrat d\u2019assurance auto actuel et demander un remboursement pour la p\u00e9riode non utilis\u00e9e. Cependant, ne proc\u00e9dez pas \u00e0 la destruction de votre contrat avant que le nouveau propri\u00e9taire n\u2019ait souscrit sa propre assurance.<br>Si vous souhaitez garder votre couverture actuelle pour votre nouveau v\u00e9hicule, vous pouvez demander un transfert de contrat d\u2019assurance auto.<br>Si l\u2019acqu\u00e9reur souhaite reprendre votre contrat d\u2019assurance, vous pouvez le lui transf\u00e9rer.<br>Si vous souhaitez garder votre couverture mais que vous n\u2019avez pas encore trouv\u00e9 votre nouvelle voiture, vous pouvez suspendre votre contrat pour la dur\u00e9e des recherches.<\/p>\n\n\n\n<h2 class=\"wp-block-heading\" id=\"section-4\">Comment choisir la bonne assurance voiture \u00e9lectrique ?<\/h2>\n\n\n\n<p>Vous vous appr\u00eatez \u00e0 faire l\u2019acquisition d\u2019une voiture \u00e9lectrique \u00e0 un particulier et vous vous demandez quelle option choisir, entre garder l\u2019assurance actuelle de la voiture ou choisir votre propre assurance ?<\/p>\n\n\n\n<p>L\u2019assurance au tiers est une offre attrayante car c\u2019est la formule qui propose les primes d\u2019assurance les plus basses, elle permet donc de faire des \u00e9conomies. Si vous utilisez principalement votre voiture \u00e9lectrique pour de courts trajets et que votre kilom\u00e9trage annuel est faible, la formule au tiers peut \u00eatre une option \u00e0 envisager. Elle comprend les garanties dommages mat\u00e9riels et corporels caus\u00e9s aux tiers, mais ne prend pas en charge les dommages \u00e0 votre propre v\u00e9hicule.<\/p>\n\n\n\n<p>L\u2019assurance au tiers plus est la formule interm\u00e9diaire. Elle propose une couverture contre les vols, les incendies, les temp\u00eates, les bris de glace, les catastrophes naturelles et les attentats. En revanche, m\u00eame si sa couverture est plus \u00e9tendue que celle de la formule au tiers, vous n\u2019\u00eates toujours pas couvert en cas d\u2019accidents responsables.<\/p>\n\n\n\n<p>Si vous pr\u00e9f\u00e9rez la couverture la plus compl\u00e8te, optez pour une assurance tous risques. Cette offre inclut la protection en cas de dommages tous accidents, que vous soyez responsable ou non. Vous recevrez alors une indemnisation pour la&nbsp;<a href=\"https:\/\/leocare.eu\/fr\/assurance-auto-en-ligne\/electrique\/reparation-assurance\/\">r\u00e9paration des d\u00e9g\u00e2ts sur votre v\u00e9hicule \u00e9lectrique<\/a>&nbsp;et sur celui des tiers en cas de sinistre.<\/p>\n\n\n\n<p>La derni\u00e8re solution pertinente sera l\u2019assurance sp\u00e9cifique aux voitures \u00e9lectriques. Certaines compagnies proposent aux conducteurs des garanties adapt\u00e9es comme la couverture des batteries, des c\u00e2bles de chargement et des bornes de recharge \u00e9lectrique. Si vous avez une faible autonomie, autant avoir une bonne assistance en cas de panne \u00e9lectrique. Ce type d\u2019assurance est d\u2019autant plus int\u00e9ressante si&nbsp;<a href=\"https:\/\/leocare.eu\/fr\/assurance-auto-en-ligne\/electrique\/sport\/\">vous poss\u00e9dez une voiture \u00e9lectrique de sport<\/a>.<\/p>\n\n\n\n<div class=\"bon-a-savoir\">\n\n\n\n<h3 class=\"wp-block-heading\">Bon \u00e0 savoir <\/h3>\n\n\n\n<p>Il est important de noter que les acheteurs de v\u00e9hicules \u00e9lectriques peuvent b\u00e9n\u00e9ficier de la prime \u00e0 la conversion et du bonus \u00e9cologique, qui sont des aides de l\u2019\u00c9tat, mises en place pour encourager l\u2019achat de v\u00e9hicules moins polluants.<\/p>\n\n\n\n<\/div>\n","protected":false},"excerpt":{"rendered":"<p>En 2018, la vente des voitures \u00e9lectriques \u00e0 connu une augmentation de 60% par rapport \u00e0 l\u2019ann\u00e9e 2017. Les raisons sont multiples, les v\u00e9hicules \u00e9lectriques permettent des \u00e9conomies consid\u00e9rables gr\u00e2ce \u00e0 l\u2019utilisation d\u2019\u00e9lectricit\u00e9 face \u00e0 l\u2019essence ou au diesel. Ensuite, l\u2019entretien d\u2019un tel v\u00e9hicule induit aussi moins de co\u00fbts, car il y a moins de [&hellip;]<\/p>\n","protected":false},"author":34,"featured_media":18152,"parent":17436,"menu_order":0,"comment_status":"closed","ping_status":"closed","template":"template_seo.php","meta":{"_acf_changed":false,"footnotes":""},"class_list":["post-18337","page","type-page","status-publish","has-post-thumbnail","hentry"],"acf":[],"yoast_head":"<!-- This site is optimized with the Yoast SEO plugin v27.3 - https:\/\/yoast.com\/product\/yoast-seo-wordpress\/ -->\n<title>Comment assurer une voiture \u00e9lectrique \u00e0 vendre \u00e0 un particulier<\/title>\n<meta name=\"description\" content=\"Guide pour choisir la meilleure assurance lors de la vente de votre voiture \u00e9lectrique \u00e0 un particulier. Cliquez ici pour en savoir plus!\" \/>\n<meta name=\"robots\" content=\"index, follow, max-snippet:-1, max-image-preview:large, max-video-preview:-1\" \/>\n<link rel=\"canonical\" href=\"https:\/\/leocare.eu\/fr\/assurance-auto-en-ligne\/electrique\/vente-a-particulier\/\" \/>\n<meta property=\"og:locale\" content=\"fr_FR\" \/>\n<meta property=\"og:type\" content=\"article\" \/>\n<meta property=\"og:title\" content=\"Comment assurer une voiture \u00e9lectrique \u00e0 vendre \u00e0 un particulier\" \/>\n<meta property=\"og:description\" content=\"Guide pour choisir la meilleure assurance lors de la vente de votre voiture \u00e9lectrique \u00e0 un particulier. Cliquez ici pour en savoir plus!\" \/>\n<meta property=\"og:url\" content=\"https:\/\/leocare.eu\/fr\/assurance-auto-en-ligne\/electrique\/vente-a-particulier\/\" \/>\n<meta property=\"og:site_name\" content=\"Leocare, assurance en ligne automobile et habitation\" \/>\n<meta property=\"article:modified_time\" content=\"2026-04-07T14:37:18+00:00\" \/>\n<meta property=\"og:image\" content=\"https:\/\/leocare.eu\/fr\/wp-content\/uploads\/2021\/01\/vendre-voiture-particulier-assurance.jpg\" \/>\n\t<meta property=\"og:image:width\" content=\"1900\" \/>\n\t<meta property=\"og:image:height\" content=\"1200\" \/>\n\t<meta property=\"og:image:type\" content=\"image\/jpeg\" \/>\n<meta name=\"twitter:card\" content=\"summary_large_image\" \/>\n<meta name=\"twitter:label1\" content=\"Dur\u00e9e de lecture estim\u00e9e\" \/>\n\t<meta name=\"twitter:data1\" content=\"5 minutes\" \/>\n<!-- \/ Yoast SEO plugin. -->","yoast_head_json":{"title":"Comment assurer une voiture \u00e9lectrique \u00e0 vendre \u00e0 un particulier","description":"Guide pour choisir la meilleure assurance lors de la vente de votre voiture \u00e9lectrique \u00e0 un particulier. Cliquez ici pour en savoir plus!","robots":{"index":"index","follow":"follow","max-snippet":"max-snippet:-1","max-image-preview":"max-image-preview:large","max-video-preview":"max-video-preview:-1"},"canonical":"https:\/\/leocare.eu\/fr\/assurance-auto-en-ligne\/electrique\/vente-a-particulier\/","og_locale":"fr_FR","og_type":"article","og_title":"Comment assurer une voiture \u00e9lectrique \u00e0 vendre \u00e0 un particulier","og_description":"Guide pour choisir la meilleure assurance lors de la vente de votre voiture \u00e9lectrique \u00e0 un particulier. Cliquez ici pour en savoir plus!","og_url":"https:\/\/leocare.eu\/fr\/assurance-auto-en-ligne\/electrique\/vente-a-particulier\/","og_site_name":"Leocare, assurance en ligne automobile et habitation","article_modified_time":"2026-04-07T14:37:18+00:00","og_image":[{"width":1900,"height":1200,"url":"https:\/\/leocare.eu\/fr\/wp-content\/uploads\/2021\/01\/vendre-voiture-particulier-assurance.jpg","type":"image\/jpeg"}],"twitter_card":"summary_large_image","twitter_misc":{"Dur\u00e9e de lecture estim\u00e9e":"5 minutes"},"schema":{"@context":"https:\/\/schema.org","@graph":[{"@type":"WebPage","@id":"https:\/\/leocare.eu\/fr\/assurance-auto-en-ligne\/electrique\/vente-a-particulier\/","url":"https:\/\/leocare.eu\/fr\/assurance-auto-en-ligne\/electrique\/vente-a-particulier\/","name":"Comment assurer une voiture \u00e9lectrique \u00e0 vendre \u00e0 un particulier","isPartOf":{"@id":"https:\/\/leocare.eu\/fr\/#website"},"primaryImageOfPage":{"@id":"https:\/\/leocare.eu\/fr\/assurance-auto-en-ligne\/electrique\/vente-a-particulier\/#primaryimage"},"image":{"@id":"https:\/\/leocare.eu\/fr\/assurance-auto-en-ligne\/electrique\/vente-a-particulier\/#primaryimage"},"thumbnailUrl":"https:\/\/leocare.eu\/fr\/wp-content\/uploads\/2021\/01\/vendre-voiture-particulier-assurance.jpg","datePublished":"2023-10-16T14:21:14+00:00","dateModified":"2026-04-07T14:37:18+00:00","description":"Guide pour choisir la meilleure assurance lors de la vente de votre voiture \u00e9lectrique \u00e0 un particulier. Cliquez ici pour en savoir plus!","breadcrumb":{"@id":"https:\/\/leocare.eu\/fr\/assurance-auto-en-ligne\/electrique\/vente-a-particulier\/#breadcrumb"},"inLanguage":"fr-FR","potentialAction":[{"@type":"ReadAction","target":["https:\/\/leocare.eu\/fr\/assurance-auto-en-ligne\/electrique\/vente-a-particulier\/"]}]},{"@type":"ImageObject","inLanguage":"fr-FR","@id":"https:\/\/leocare.eu\/fr\/assurance-auto-en-ligne\/electrique\/vente-a-particulier\/#primaryimage","url":"https:\/\/leocare.eu\/fr\/wp-content\/uploads\/2021\/01\/vendre-voiture-particulier-assurance.jpg","contentUrl":"https:\/\/leocare.eu\/fr\/wp-content\/uploads\/2021\/01\/vendre-voiture-particulier-assurance.jpg","width":1900,"height":1200,"caption":"vente voiture \u00e9lectrique particulier"},{"@type":"WebSite","@id":"https:\/\/leocare.eu\/fr\/#website","url":"https:\/\/leocare.eu\/fr\/","name":"Leocare, assurance en ligne automobile et habitation","description":"enfin (r)assur\u00e9.e","publisher":{"@id":"https:\/\/leocare.eu\/fr\/#organization"},"potentialAction":[{"@type":"SearchAction","target":{"@type":"EntryPoint","urlTemplate":"https:\/\/leocare.eu\/fr\/?s={search_term_string}"},"query-input":{"@type":"PropertyValueSpecification","valueRequired":true,"valueName":"search_term_string"}}],"inLanguage":"fr-FR"},{"@type":"Organization","@id":"https:\/\/leocare.eu\/fr\/#organization","name":"Leocare, assurance en ligne automobile et habitation","url":"https:\/\/leocare.eu\/fr\/","logo":{"@type":"ImageObject","inLanguage":"fr-FR","@id":"https:\/\/leocare.eu\/fr\/#\/schema\/logo\/image\/","url":"https:\/\/leocare.eu\/fr\/wp-content\/uploads\/2020\/03\/logo-leocare.svg","contentUrl":"https:\/\/leocare.eu\/fr\/wp-content\/uploads\/2020\/03\/logo-leocare.svg","caption":"Leocare, assurance en ligne automobile et habitation"},"image":{"@id":"https:\/\/leocare.eu\/fr\/#\/schema\/logo\/image\/"}}]}},"_links":{"self":[{"href":"https:\/\/leocare.eu\/fr\/wp-json\/wp\/v2\/pages\/18337","targetHints":{"allow":["GET"]}}],"collection":[{"href":"https:\/\/leocare.eu\/fr\/wp-json\/wp\/v2\/pages"}],"about":[{"href":"https:\/\/leocare.eu\/fr\/wp-json\/wp\/v2\/types\/page"}],"author":[{"embeddable":true,"href":"https:\/\/leocare.eu\/fr\/wp-json\/wp\/v2\/users\/34"}],"replies":[{"embeddable":true,"href":"https:\/\/leocare.eu\/fr\/wp-json\/wp\/v2\/comments?post=18337"}],"version-history":[{"count":8,"href":"https:\/\/leocare.eu\/fr\/wp-json\/wp\/v2\/pages\/18337\/revisions"}],"predecessor-version":[{"id":29225,"href":"https:\/\/leocare.eu\/fr\/wp-json\/wp\/v2\/pages\/18337\/revisions\/29225"}],"up":[{"embeddable":true,"href":"https:\/\/leocare.eu\/fr\/wp-json\/wp\/v2\/pages\/17436"}],"wp:featuredmedia":[{"embeddable":true,"href":"https:\/\/leocare.eu\/fr\/wp-json\/wp\/v2\/media\/18152"}],"wp:attachment":[{"href":"https:\/\/leocare.eu\/fr\/wp-json\/wp\/v2\/media?parent=18337"}],"curies":[{"name":"wp","href":"https:\/\/api.w.org\/{rel}","templated":true}]}}