{"id":18327,"date":"2023-10-16T15:49:12","date_gmt":"2023-10-16T13:49:12","guid":{"rendered":"https:\/\/leocare.eu\/fr\/?page_id=18327"},"modified":"2026-04-07T16:37:16","modified_gmt":"2026-04-07T14:37:16","slug":"voiture-moins-cher-a-assurer","status":"publish","type":"page","link":"https:\/\/leocare.eu\/fr\/assurance-auto-en-ligne\/electrique\/voiture-moins-cher-a-assurer\/","title":{"rendered":"Quelle voiture \u00e9lectrique co\u00fbte le moins cher en assurance ?"},"content":{"rendered":"\n<p>Avec la mont\u00e9e en puissance des voitures \u00e9lectriques sur le march\u00e9, de plus en plus d&rsquo;automobilistes se tournent vers cette option respectueuse de l&rsquo;environnement et \u00e9conomique. Cependant, au-del\u00e0 de l&rsquo;\u00e9conomie d&rsquo;\u00e9nergie et des avantages \u00e9cologiques, les co\u00fbts associ\u00e9s \u00e0 l&rsquo;assurance d&rsquo;une voiture \u00e9lectrique restent une consid\u00e9ration essentielle.<\/p>\n\n\n\n<h2 class=\"wp-block-heading\" id=\"section-1\">Qu\u2019est-ce qui impacte le co\u00fbt d\u2019une assurance auto \u00e9lectrique ?<\/h2>\n\n\n\n<p>Avant de plonger dans la comparaison des diff\u00e9rents co\u00fbts d\u2019assurance pour les voitures \u00e9lectriques, il est important de comprendre les facteurs qui influencent ces tarifs. D\u2019abord, en dehors du v\u00e9hicule lui-m\u00eame, votre profil conducteur sera un facteur cl\u00e9 dans le calcul de vos cotisations, notamment avec votre coefficient bonus-malus. Par exemple, lorsqu\u2019il s\u2019agit de choisir entre l\u2019assurance au tiers et l\u2019assurance tous risques pour son offre d\u2019assurance pour voiture \u00e9lectrique, plusieurs \u00e9l\u00e9ments doivent \u00eatre pris en compte. L\u2019<a href=\"https:\/\/leocare.eu\/fr\/assurance-auto-en-ligne\/electrique\/tiers\/\">assurance au tiers<\/a>&nbsp;offre une couverture de base qui vous prot\u00e8ge en cas de dommages caus\u00e9s \u00e0 des tiers, mais elle ne couvre pas les dommages \u00e0 votre propre v\u00e9hicule. C\u2019est g\u00e9n\u00e9ralement l\u2019option la moins ch\u00e8re, mais elle peut ne pas offrir une protection compl\u00e8te pour votre voiture \u00e9lectrique.<\/p>\n\n\n\n<p>Aussi, les caract\u00e9ristiques propres aux v\u00e9hicules \u00e9lectriques, telles que leur technologie avanc\u00e9e et leurs syst\u00e8mes de s\u00e9curit\u00e9, peuvent jouer un r\u00f4le dans la d\u00e9termination des co\u00fbts d\u2019assurance. De plus, les mod\u00e8les \u00e9lectriques \u00e9tant souvent associ\u00e9s \u00e0 des performances de conduite sup\u00e9rieures et \u00e0 des co\u00fbts de r\u00e9paration plus \u00e9lev\u00e9s, ces \u00e9l\u00e9ments peuvent influencer les primes d\u2019assurance. On \u00e9value \u00e0 environ 12% moins ch\u00e8re une assurance voiture \u00e9lectrique compar\u00e9 aux assurances auto essence ou diesel.<\/p>\n\n\n\n<p>D\u2019un autre c\u00f4t\u00e9, l\u2019assurance tous risques offre une couverture plus compl\u00e8te, y compris les dommages tous accidents \u00e0 votre propre v\u00e9hicule, que ceux-ci soient caus\u00e9s par des accidents, un vol, des incendies ou d\u2019autres circonstances impr\u00e9vues. Bien que l\u2019assurance tous risques soit souvent plus co\u00fbteuse, elle peut vous offrir une tranquillit\u00e9 d\u2019esprit totale en prot\u00e9geant votre investissement dans votre voiture \u00e9lectrique.<\/p>\n\n\n\n<h2 class=\"wp-block-heading\" id=\"section-2\">Les voitures \u00e9lectriques les moins ch\u00e8res \u00e0 assurer<\/h2>\n\n\n\n<p>En ce qui concerne&nbsp;<a href=\"https:\/\/leocare.eu\/fr\/assurance-auto-en-ligne\/electrique\/\">les assurances pour voiture \u00e9lectriques<\/a>, les mod\u00e8les qui se distinguent par des primes d\u2019assurance propos\u00e9es par les compagnies plus abordables sont la Dacia Spring, la Renault ZOE et la Nissan LEAF se d\u00e9marquent. Leur co\u00fbt d\u2019entretien (prix du rechargement \u00e0 la borne, remplacement de pi\u00e8ces) relativement bas et leurs caract\u00e9ristiques de s\u00e9curit\u00e9 avanc\u00e9es en font des options int\u00e9ressantes pour les conducteurs cherchant \u00e0 minimiser leurs d\u00e9penses d\u2019assurance. Tesla, avec la Model 3, est \u00e9galement consid\u00e9r\u00e9 comme offrant des primes d\u2019assurance comp\u00e9titives en raison de ses technologies de s\u00e9curit\u00e9 avanc\u00e9es et de sa r\u00e9putation en mati\u00e8re de performances.<\/p>\n\n\n\n<h2 class=\"wp-block-heading\" id=\"section-3\">Le comparateur d\u2019assurance : un outil pr\u00e9cieux<\/h2>\n\n\n\n<p>Utiliser un comparateur d\u2019assurance en ligne peut s\u2019av\u00e9rer tr\u00e8s utile pour les propri\u00e9taires de voitures \u00e9lectriques en qu\u00eate de primes abordables. Cet outil permet de comparer rapidement les offres de diff\u00e9rentes compagnies d\u2019assurance, en tenant compte des sp\u00e9cificit\u00e9s de votre voiture \u00e9lectrique et de vos besoins en mati\u00e8re de couverture. En fournissant des informations d\u00e9taill\u00e9es sur le mod\u00e8le de votre v\u00e9hicule, votre lieu de r\u00e9sidence et vos habitudes de conduite, vous pouvez obtenir des devis personnalis\u00e9s et comparer les prix de plusieurs compagnies pour trouver la meilleure option.<\/p>\n\n\n\n<h2 class=\"wp-block-heading\" id=\"section-4\">Comment r\u00e9duire le co\u00fbt de son assurance auto \u00e9lectrique ?<\/h2>\n\n\n\n<p>S\u00e9curisez au maximum votre voiture. Plus votre v\u00e9hicule est \u00e9quip\u00e9 de syst\u00e8mes de s\u00e9curit\u00e9, moins vous courrez de risques, et votre assurance aussi. Vous trouverez facilement des alarmes antivol et des syst\u00e8mes de suivi pouvant r\u00e9duire les risques de vol.<\/p>\n\n\n\n<p>Faire le choix d\u2019accepter une franchise plus \u00e9lev\u00e9e r\u00e9duira votre prime d\u2019assurance. Assurez-vous seulement de pouvoir couvrir cette franchise en cas de sinistre.<\/p>\n\n\n\n<p>Enfin, il existe plusieurs types d\u2019assurances qui pourront vous convenir selon l\u2019utilisation que vous faites de votre v\u00e9hicule. Par exemple, si vous roulez peu, vous pouvez opter pour une&nbsp;<a href=\"https:\/\/leocare.eu\/fr\/assurance-auto-en-ligne\/electrique\/prix-au-km\/\">assurance au kilom\u00e8tre<\/a>. Vos cotisations seront \u00e9valu\u00e9es en fonction des distances que vous faites \u00e0 l\u2019ann\u00e9e.<\/p>\n\n\n\n<h2 class=\"wp-block-heading\" id=\"section-5\">La voiture \u00e9lectrique est-elle \u00e9conomique ?<\/h2>\n\n\n\n<p>On le sait, le choix d\u2019une voiture \u00e9lectrique r\u00e9side majoritairement dans la volont\u00e9 d\u2019une conduite plus responsable. En effet, gr\u00e2ce \u00e0 leur faible \u00e9mission de particules fines et de gaz \u00e0 effet de serre, la voiture \u00e9lectrique est une alternative moins polluante face aux voitures thermiques.<\/p>\n\n\n\n<p>Toutefois, malgr\u00e9 le prix d\u2019achat souvent \u00e9lev\u00e9 d\u2019une voiture \u00e9lectrique, les \u00e9conomies sur le long terme ne sont pas n\u00e9gligeables. Par exemple, le co\u00fbt d\u2019entretien d\u2019un tel v\u00e9hicule est moindre en raison des \u00e9l\u00e9ments m\u00e9caniques manquants comme la courroie de distribution et les bougies. Il y aura alors moins de pi\u00e8ces automobiles \u00e0 remplacer ou \u00e0 r\u00e9parer.<\/p>\n\n\n\n<p>De plus, l\u2019\u00c9tat \u00e0 mis en place plusieurs aides \u00e0 l\u2019achat d\u2019un v\u00e9hicule \u00e9lectrique comme le bonus \u00e9cologique et la prime \u00e0 la conversion qui sont cumulables. Vous trouverez aussi des aides pour l\u2019installation de bornes de recharge \u00e9lectrique \u00e0 votre domicile.<\/p>\n\n\n\n<p>Enfin, le co\u00fbt de l\u2019\u00e9lectricit\u00e9 vous permettra de faire des \u00e9conomies sur le long terme. En effet, on \u00e9value le co\u00fbt d\u2019un plein d\u2019essence comme \u00e9tant deux \u00e0 trois fois plus cher qu\u2019une recharge \u00e0 une borne \u00e9lectrique.<\/p>\n","protected":false},"excerpt":{"rendered":"<p>Avec la mont\u00e9e en puissance des voitures \u00e9lectriques sur le march\u00e9, de plus en plus d&rsquo;automobilistes se tournent vers cette option respectueuse de l&rsquo;environnement et \u00e9conomique. Cependant, au-del\u00e0 de l&rsquo;\u00e9conomie d&rsquo;\u00e9nergie et des avantages \u00e9cologiques, les co\u00fbts associ\u00e9s \u00e0 l&rsquo;assurance d&rsquo;une voiture \u00e9lectrique restent une consid\u00e9ration essentielle. Qu\u2019est-ce qui impacte le co\u00fbt d\u2019une assurance auto [&hellip;]<\/p>\n","protected":false},"author":34,"featured_media":18154,"parent":17436,"menu_order":0,"comment_status":"closed","ping_status":"closed","template":"template_seo.php","meta":{"_acf_changed":false,"footnotes":""},"class_list":["post-18327","page","type-page","status-publish","has-post-thumbnail","hentry"],"acf":[],"yoast_head":"<!-- This site is optimized with the Yoast SEO plugin v27.3 - https:\/\/yoast.com\/product\/yoast-seo-wordpress\/ -->\n<title>Quelle voiture \u00e9lectrique est la moins ch\u00e8re \u00e0 assurer ?<\/title>\n<meta name=\"description\" content=\"D\u00e9couvrez quelle voiture \u00e9lectrique a l&#039;assurance la plus abordable. Comparez et faites le choix le plus \u00e9conomique. Cliquez ici maintenant!\" \/>\n<meta name=\"robots\" content=\"index, follow, max-snippet:-1, max-image-preview:large, max-video-preview:-1\" \/>\n<link rel=\"canonical\" href=\"https:\/\/leocare.eu\/fr\/assurance-auto-en-ligne\/electrique\/voiture-moins-cher-a-assurer\/\" \/>\n<meta property=\"og:locale\" content=\"fr_FR\" \/>\n<meta property=\"og:type\" content=\"article\" \/>\n<meta property=\"og:title\" content=\"Quelle voiture \u00e9lectrique est la moins ch\u00e8re \u00e0 assurer ?\" \/>\n<meta property=\"og:description\" content=\"D\u00e9couvrez quelle voiture \u00e9lectrique a l&#039;assurance la plus abordable. Comparez et faites le choix le plus \u00e9conomique. Cliquez ici maintenant!\" \/>\n<meta property=\"og:url\" content=\"https:\/\/leocare.eu\/fr\/assurance-auto-en-ligne\/electrique\/voiture-moins-cher-a-assurer\/\" \/>\n<meta property=\"og:site_name\" content=\"Leocare, assurance en ligne automobile et habitation\" \/>\n<meta property=\"article:modified_time\" content=\"2026-04-07T14:37:16+00:00\" \/>\n<meta property=\"og:image\" content=\"https:\/\/leocare.eu\/fr\/wp-content\/uploads\/2021\/01\/quelle-voiture-electrique-coute-le-moins-cher-assurance.jpg\" \/>\n\t<meta property=\"og:image:width\" content=\"1900\" \/>\n\t<meta property=\"og:image:height\" content=\"1200\" \/>\n\t<meta property=\"og:image:type\" content=\"image\/jpeg\" \/>\n<meta name=\"twitter:card\" content=\"summary_large_image\" \/>\n<meta name=\"twitter:label1\" content=\"Est. reading time\" \/>\n\t<meta name=\"twitter:data1\" content=\"5 minutes\" \/>\n<!-- \/ Yoast SEO plugin. -->","yoast_head_json":{"title":"Quelle voiture \u00e9lectrique est la moins ch\u00e8re \u00e0 assurer ?","description":"D\u00e9couvrez quelle voiture \u00e9lectrique a l'assurance la plus abordable. Comparez et faites le choix le plus \u00e9conomique. Cliquez ici maintenant!","robots":{"index":"index","follow":"follow","max-snippet":"max-snippet:-1","max-image-preview":"max-image-preview:large","max-video-preview":"max-video-preview:-1"},"canonical":"https:\/\/leocare.eu\/fr\/assurance-auto-en-ligne\/electrique\/voiture-moins-cher-a-assurer\/","og_locale":"fr_FR","og_type":"article","og_title":"Quelle voiture \u00e9lectrique est la moins ch\u00e8re \u00e0 assurer ?","og_description":"D\u00e9couvrez quelle voiture \u00e9lectrique a l'assurance la plus abordable. Comparez et faites le choix le plus \u00e9conomique. Cliquez ici maintenant!","og_url":"https:\/\/leocare.eu\/fr\/assurance-auto-en-ligne\/electrique\/voiture-moins-cher-a-assurer\/","og_site_name":"Leocare, assurance en ligne automobile et habitation","article_modified_time":"2026-04-07T14:37:16+00:00","og_image":[{"width":1900,"height":1200,"url":"https:\/\/leocare.eu\/fr\/wp-content\/uploads\/2021\/01\/quelle-voiture-electrique-coute-le-moins-cher-assurance.jpg","type":"image\/jpeg"}],"twitter_card":"summary_large_image","twitter_misc":{"Est. reading time":"5 minutes"},"schema":{"@context":"https:\/\/schema.org","@graph":[{"@type":"WebPage","@id":"https:\/\/leocare.eu\/fr\/assurance-auto-en-ligne\/electrique\/voiture-moins-cher-a-assurer\/","url":"https:\/\/leocare.eu\/fr\/assurance-auto-en-ligne\/electrique\/voiture-moins-cher-a-assurer\/","name":"Quelle voiture \u00e9lectrique est la moins ch\u00e8re \u00e0 assurer ?","isPartOf":{"@id":"https:\/\/leocare.eu\/fr\/#website"},"primaryImageOfPage":{"@id":"https:\/\/leocare.eu\/fr\/assurance-auto-en-ligne\/electrique\/voiture-moins-cher-a-assurer\/#primaryimage"},"image":{"@id":"https:\/\/leocare.eu\/fr\/assurance-auto-en-ligne\/electrique\/voiture-moins-cher-a-assurer\/#primaryimage"},"thumbnailUrl":"https:\/\/leocare.eu\/fr\/wp-content\/uploads\/2021\/01\/quelle-voiture-electrique-coute-le-moins-cher-assurance.jpg","datePublished":"2023-10-16T13:49:12+00:00","dateModified":"2026-04-07T14:37:16+00:00","description":"D\u00e9couvrez quelle voiture \u00e9lectrique a l'assurance la plus abordable. Comparez et faites le choix le plus \u00e9conomique. Cliquez ici maintenant!","breadcrumb":{"@id":"https:\/\/leocare.eu\/fr\/assurance-auto-en-ligne\/electrique\/voiture-moins-cher-a-assurer\/#breadcrumb"},"inLanguage":"fr-FR","potentialAction":[{"@type":"ReadAction","target":["https:\/\/leocare.eu\/fr\/assurance-auto-en-ligne\/electrique\/voiture-moins-cher-a-assurer\/"]}]},{"@type":"ImageObject","inLanguage":"fr-FR","@id":"https:\/\/leocare.eu\/fr\/assurance-auto-en-ligne\/electrique\/voiture-moins-cher-a-assurer\/#primaryimage","url":"https:\/\/leocare.eu\/fr\/wp-content\/uploads\/2021\/01\/quelle-voiture-electrique-coute-le-moins-cher-assurance.jpg","contentUrl":"https:\/\/leocare.eu\/fr\/wp-content\/uploads\/2021\/01\/quelle-voiture-electrique-coute-le-moins-cher-assurance.jpg","width":1900,"height":1200,"caption":"assurance voiture \u00e9lectrique"},{"@type":"WebSite","@id":"https:\/\/leocare.eu\/fr\/#website","url":"https:\/\/leocare.eu\/fr\/","name":"Leocare, assurance en ligne automobile et habitation","description":"enfin (r)assur\u00e9.e","publisher":{"@id":"https:\/\/leocare.eu\/fr\/#organization"},"potentialAction":[{"@type":"SearchAction","target":{"@type":"EntryPoint","urlTemplate":"https:\/\/leocare.eu\/fr\/?s={search_term_string}"},"query-input":{"@type":"PropertyValueSpecification","valueRequired":true,"valueName":"search_term_string"}}],"inLanguage":"fr-FR"},{"@type":"Organization","@id":"https:\/\/leocare.eu\/fr\/#organization","name":"Leocare, assurance en ligne automobile et habitation","url":"https:\/\/leocare.eu\/fr\/","logo":{"@type":"ImageObject","inLanguage":"fr-FR","@id":"https:\/\/leocare.eu\/fr\/#\/schema\/logo\/image\/","url":"https:\/\/leocare.eu\/fr\/wp-content\/uploads\/2020\/03\/logo-leocare.svg","contentUrl":"https:\/\/leocare.eu\/fr\/wp-content\/uploads\/2020\/03\/logo-leocare.svg","caption":"Leocare, assurance en ligne automobile et habitation"},"image":{"@id":"https:\/\/leocare.eu\/fr\/#\/schema\/logo\/image\/"}}]}},"_links":{"self":[{"href":"https:\/\/leocare.eu\/fr\/wp-json\/wp\/v2\/pages\/18327","targetHints":{"allow":["GET"]}}],"collection":[{"href":"https:\/\/leocare.eu\/fr\/wp-json\/wp\/v2\/pages"}],"about":[{"href":"https:\/\/leocare.eu\/fr\/wp-json\/wp\/v2\/types\/page"}],"author":[{"embeddable":true,"href":"https:\/\/leocare.eu\/fr\/wp-json\/wp\/v2\/users\/34"}],"replies":[{"embeddable":true,"href":"https:\/\/leocare.eu\/fr\/wp-json\/wp\/v2\/comments?post=18327"}],"version-history":[{"count":8,"href":"https:\/\/leocare.eu\/fr\/wp-json\/wp\/v2\/pages\/18327\/revisions"}],"predecessor-version":[{"id":29276,"href":"https:\/\/leocare.eu\/fr\/wp-json\/wp\/v2\/pages\/18327\/revisions\/29276"}],"up":[{"embeddable":true,"href":"https:\/\/leocare.eu\/fr\/wp-json\/wp\/v2\/pages\/17436"}],"wp:featuredmedia":[{"embeddable":true,"href":"https:\/\/leocare.eu\/fr\/wp-json\/wp\/v2\/media\/18154"}],"wp:attachment":[{"href":"https:\/\/leocare.eu\/fr\/wp-json\/wp\/v2\/media?parent=18327"}],"curies":[{"name":"wp","href":"https:\/\/api.w.org\/{rel}","templated":true}]}}