{"id":18320,"date":"2023-10-16T15:29:27","date_gmt":"2023-10-16T13:29:27","guid":{"rendered":"https:\/\/leocare.eu\/fr\/?page_id=18320"},"modified":"2026-04-07T16:37:15","modified_gmt":"2026-04-07T14:37:15","slug":"choisir-meilleure","status":"publish","type":"page","link":"https:\/\/leocare.eu\/fr\/assurance-auto-en-ligne\/electrique\/choisir-meilleure\/","title":{"rendered":"Quelle est la meilleure assurance pour voiture \u00e9lectrique ?\u00a0"},"content":{"rendered":"\n<p>Alors, si nous devions \u00eatre factuels : Leocare est la MEILLEURE assurance auto pour voiture \u00e9lectrique. Mais comme notre mission est de vous conseiller en toute objectivit\u00e9 avec le plus grand professionnalisme, nous allons vous donner la liste des crit\u00e8res \u00e0 regarder avant de souscrire son assurance voiture \u00e9lectrique.<\/p>\n\n\n\n<h2 class=\"wp-block-heading\" id=\"section-1\">Conna\u00eetre ses garanties<\/h2>\n\n\n\n<p>Eh oui, vous pensiez que nous allions d\u2019abord vous dire que le prix et le montant des cotisations sont le crit\u00e8re num\u00e9ro 1 pour votre assurance\u2026 mais non. Les garanties sont l\u2019\u00e9l\u00e9ment le plus important \u00e0 regarder lorsque vous recevez un devis de la part des compagnies d\u2019assurance.<strong> Il faut veiller \u00e0 ce qu\u2019elles s\u2019adaptent dans la temps \u00e0 votre situation et qu\u2019elles vous prot\u00e8gent \u00e0 juste valeur. <\/strong>Par exemple, que vous ayez une&nbsp;<a href=\"https:\/\/leocare.eu\/fr\/assurance-auto-en-ligne\/electrique\/\">assurance voiture \u00e9lectrique<\/a>&nbsp;en tiers ou en tous risques, il faut v\u00e9rifier que vous pouvez changer vos garanties en toute autonomie et que votre assurance est disponible pour vous pour de nombreuses situations : panne de borne, de batterie etc\u2026<\/p>\n\n\n\n<p>Lorsque vous scrutez votre devis, posez-vous les questions suivantes :<\/p>\n\n\n\n<ul class=\"wp-block-list\">\n<li><strong>Suis-je assur\u00e9 \u00e0 l\u2019\u00e9tranger ?<\/strong><\/li>\n\n\n\n<li><strong>Quels usages sont couverts <\/strong>(trajet domicile travail, trajets priv\u00e9s, trajets professionnels) ?<\/li>\n\n\n\n<li><strong>Puis-je moduler mes garanties et mes franchises en fonction de ma situation ?<\/strong><\/li>\n\n\n\n<li><strong>Quels types de sinistres sont couverts ?<\/strong><\/li>\n<\/ul>\n\n\n\n<h2 class=\"wp-block-heading\" id=\"section-2\">Les garanties de l\u2019offre d\u2019assurance auto Leocare<\/h2>\n\n\n\n<p>Nous avons con\u00e7u nos offres d\u2019assurance auto pour vous offrir la plus grande autonomie et flexibilit\u00e9. <strong>Ce tableau r\u00e9capitule les garanties offertes pour chacune de nos formules d\u2019assurance.<\/strong><\/p>\n\n\n\n<p>L\u2019<a href=\"https:\/\/leocare.eu\/fr\/assurance-auto-en-ligne\/electrique\/minimum\/\">assurance voiture \u00e9lectrique minimum<\/a>&nbsp;est la formule que les compagnies d\u2019assurance appellent \u201cTiers\u201d et permet de vous prot\u00e9ger des dommages caus\u00e9s \u00e0 autrui durant un accident.<\/p>\n\n\n\n<figure class=\"wp-block-table\"><table class=\"has-fixed-layout\"><thead><tr><th>Tiers<\/th><th>Responsabilit\u00e9 civile<br>D\u00e9fense p\u00e9nale et recours suite \u00e0 un accident<br>Garantie protection conducteurs<br>Assistance 0 km<\/th><\/tr><\/thead><tbody><tr><td>Tiers+<\/td><td>Responsabilit\u00e9 civile<br>D\u00e9fense p\u00e9nale et recours suite \u00e0 un accident<br>Garantie protection conducteur<br>Assistance 0 km<br>Brise de glace<br>Vol \u2013 Incendie \u2013 Temp\u00eate<br>Garantie des Effets Objets et accessoires<br>Catastrophes naturelles<br>Catastrophes technologiques<br>Attentats et actes de terrorisme<\/td><\/tr><tr><td>Tous Risques<\/td><td>Responsabilit\u00e9 civile<br>D\u00e9fense p\u00e9nale et recours suite \u00e0 un accident<br>Garantie protection conducteur<br>Assistance 0 km<br>Brise de glace<br>Vol \u2013 Incendie \u2013 Temp\u00eate<br>Garantie des Effets Objets et accessoires<br>Catastrophes naturelles<br>Catastrophes technologiques<br>Attentats et actes de terrorisme<br>Dommages Tous Accidents<\/td><\/tr><\/tbody><\/table><\/figure>\n\n\n\n<p>En plus de ces garanties, nous offrons des options sp\u00e9ciales pour les v\u00e9hicules \u00e9lectriques :<\/p>\n\n\n\n<ul class=\"wp-block-list\">\n<li>le toit panoramique consid\u00e9r\u00e9 comme une vitre classique (et payer moins cher la franchise)<\/li>\n\n\n\n<li>batterie et c\u00e2ble de rechargement pris en charge<\/li>\n\n\n\n<li>protection contre le piratage \u00e0 distance (appel\u00e9 mousejacking)<\/li>\n<\/ul>\n\n\n\n<p>Vous l\u2019aurez compris, pour&nbsp;<a href=\"https:\/\/leocare.eu\/fr\/assurance-auto-en-ligne\/electrique\/tous-risques\/\">assurer contre tous les risques sa voiture \u00e9lectrique<\/a>, il faut opter pour la formule \u201cTous Risques\u201d. Cette offre, propos\u00e9e par toutes les compagnies d\u2019assurance est pl\u00e9biscit\u00e9e par les automobilistes \u00e9lectrique puisqu\u2019elle permet de vous prot\u00e9ger contre la majorit\u00e9 des dommages, m\u00eame ceux que les conducteurs sont amen\u00e9s \u00e0 commettre seuls (par exemple, taper dans un muret en garant sa voiture)<\/p>\n\n\n\n<div class=\"bon-a-savoir\">\n\n\n\n<h3 class=\"wp-block-heading\">Quel d\u00e9lai pour souscrire une assurance auto \u00e9lectrique ?<\/h3>\n\n\n\n<p>Le monde de l\u2019assurance \u00e9volue constamment et de nombreuses lois ont \u00e9merg\u00e9 pour limiter le&nbsp;<a href=\"https:\/\/leocare.eu\/fr\/assurance-auto-en-ligne\/electrique\/delai\/\">d\u00e9lai de souscription<\/a>&nbsp;pour une voiture \u00e9lectrique :<\/p>\n\n\n\n<ul class=\"wp-block-list\">\n<li><strong>Si vous n\u2019avez jamais \u00e9t\u00e9 assur\u00e9, orientez-vous vers des assurances qui proposent des offres pour conducteurs <\/strong>avec un coefficient bonus-malus de 1 ou pour \u201cjeunes conducteurs\u201d. Comme les autres automobilistes et autres modes d\u2019\u00e9nergie (thermique, \u00e9lectrique ou hybride), vous aurez le choix entre les formules tiers, tiers plus ou le top du top avec l\u2019offre tous risques qui propose la garantie \u201cdommage tous accidents\u201d.<\/li>\n\n\n\n<li><strong>Si vous avez d\u00e9j\u00e0 \u00e9t\u00e9 assur\u00e9, <\/strong>vous pouvez b\u00e9n\u00e9ficier de deux lois :\n<ul class=\"wp-block-list\">\n<li><strong>La loi Hamon : <\/strong>offre la possibilit\u00e9 de r\u00e9silier son contrat d\u2019assurance sans frais ni p\u00e9nalit\u00e9 au bout d\u2019un an de contrat<\/li>\n\n\n\n<li><strong>La loi Ch\u00e2tel : <\/strong>oblige votre assureur \u00e0 vous informer de la dur\u00e9e de pr\u00e9avis pour r\u00e9silier votre contrat (g\u00e9n\u00e9ralement 2 mois avant la date de reconduction du contrat).<\/li>\n<\/ul>\n<\/li>\n<\/ul>\n\n\n\n<p>Attention : si vous ne vous y prenez pas \u00e0 temps, l\u2019assurance reconduit automatiquement votre contrat (et la prime d\u2019assurance peut \u00e9voluer) !<\/p>\n\n\n\n<\/div>\n\n\n\n<h2 class=\"wp-block-heading\" id=\"section-3\">Conna\u00eetre ses plafonds de garanties<\/h2>\n\n\n\n<p>Avoir plein de garanties et services c\u2019est bien, mais savoir \u00e0 combien de fois on y a droit et quels sont les plafonds, c\u2019est-\u00e0-dire les montants au-del\u00e0 desquels votre assurance ne verse plus d\u2019indemnisation c\u2019est mieux !<\/p>\n\n\n\n<p><strong>Prenez le temps encore une fois de bien lire votre contrat et savoir ce qui vous attend si vous avez un jour besoin de votre assurance.<\/strong> C\u2019est notamment le cas des services comme le d\u00e9pannage, le remorquage ou le pr\u00eat de v\u00e9hicule qui peuvent \u00eatre limit\u00e9s dans le temps en fonction des assurances, pensez-y !<\/p>\n\n\n\n<h2 class=\"wp-block-heading\" id=\"section-4\">V\u00e9rifier les exclusions et d\u00e9lais de carence<\/h2>\n\n\n\n<p><strong>Une assurance auto a pour mission de vous prot\u00e9ger selon les termes \u00e9nonc\u00e9s dans votre contrat.<\/strong> Mais, il y a aussi des situations pour lesquelles vous pouvez \u00eatre amen\u00e9s \u00e0 ne pas \u00eatre assur\u00e9s. C\u2019est ce que l\u2019on appelle les exclusions.<\/p>\n\n\n\n<p>Elles apparaissent g\u00e9n\u00e9ralement dans les formules avec peu de garanties comme la formule tiers. Mais cela ne veut pas dire qu\u2019il ne faut pas v\u00e9rifier son contrat !<\/p>\n\n\n\n<h2 class=\"wp-block-heading\" id=\"section-5\">Regarder les services<\/h2>\n\n\n\n<p>Quand on acquiert un v\u00e9hicule \u00e9lectrique avec un certain niveau de prix, il faut s\u2019assurer (et c\u2019est le cas de le dire) que la compagnie comprenne toutes les garanties et services n\u00e9cessaires en cas de p\u00e9pin.<\/p>\n\n\n\n<p>Lorsque vous souhaitez assurer une voiture \u00e9lectrique, v\u00e9rifiez bien que le contrat comprend principalement les garanties suivantes :<\/p>\n\n\n\n<ul class=\"wp-block-list\">\n<li><strong>Assistance 0 km <\/strong>qui permet d\u2019\u00eatre remorqu\u00e9 dans le garage agr\u00e9\u00e9 le plus proche m\u00eame si vous tombez en panne devant chez vous.<\/li>\n\n\n\n<li><strong>D\u00e9pannage et Remorquage du v\u00e9hicule : <\/strong>votre v\u00e9hicule est d\u00e9pann\u00e9 vers le garage le plus proche en cas d\u2019accident, crevaison, panne, perte de cl\u00e9, tentative de vol ou vol.<\/li>\n\n\n\n<li><strong>Pr\u00eat de v\u00e9hicule : <\/strong>si votre v\u00e9hicule est immobilis\u00e9, profitez d\u2019un v\u00e9hicule de pr\u00eat le temps des r\u00e9parations<\/li>\n\n\n\n<li><strong>Prise en charge de la batterie et du c\u00e2ble de rechargement : <\/strong>votre assurance prend en charge la casse de ces deux \u00e9l\u00e9ments<\/li>\n\n\n\n<li><strong>Le toit panoramique compris en tant que vitre classique : <\/strong>ce terme barbare veut tout simplement dire que si, en cas de casse de votre toit panoramique, vous paierez la franchise d\u2019un bris de glace classique dont la franchise est moins \u00e9lev\u00e9e.<\/li>\n<\/ul>\n\n\n\n<p>Et devinez quoi : <strong>toutes ces garanties sont comprises gratuitement dans votre assurance auto \u00e9lectrique Leocare, et ce, d\u00e8s l\u2019assurance au tiers. <\/strong>Elle est pas belle la vie ?<\/p>\n\n\n\n<p>En fonction de l\u2019utilisation de votre voiture, d\u2019autres garanties compl\u00e9mentaires peuvent s\u2019av\u00e9rer int\u00e9ressantes comme par exemple :<\/p>\n\n\n\n<ul class=\"wp-block-list\">\n<li><strong>La protection contre le mousejacking <\/strong>(autrement appel\u00e9 piratage \u00e0 distance)<\/li>\n\n\n\n<li><strong>Franchise \u00e0 0 euro<\/strong><\/li>\n\n\n\n<li><strong>Protection contre les rongeurs<\/strong><\/li>\n\n\n\n<li><strong>Perte financi\u00e8re sur la borne de recharge<\/strong><\/li>\n<\/ul>\n\n\n\n<p>Bien s\u00fbr, plus vous aurez de services et des garanties avec une franchise faible, plus le prix de votre assurance augmentera ! V\u00e9rifiez donc bien quels services correspondent \u00e0 vos conditions.<\/p>\n\n\n\n<h2 class=\"wp-block-heading\" id=\"section-6\">Combien co\u00fbte une assurance auto ?<\/h2>\n\n\n\n<p>En fonction du v\u00e9hicule que vous choisissez, <a href=\"https:\/\/leocare.eu\/fr\/assurance-auto-en-ligne\/devis\/tarifs\/\">le tarif de l\u2019assurance auto<\/a> peut \u00eatre plus ou moins \u00e9lev\u00e9. <strong>Les comparateurs peuvent \u00eatre un alli\u00e9 de choix si vous souhaitez obtenir une liste exhaustive d\u2019options (et faire des \u00e9conomies au passage).<\/strong><\/p>\n\n\n\n<figure class=\"wp-block-table\"><table class=\"has-fixed-layout\"><thead><tr><th>Voiture<\/th><th>Tiers<\/th><th><a href=\"https:\/\/leocare.eu\/fr\/assurance-auto-en-ligne\/tiers\/plus\/\">Tiers plus<\/a><\/th><th>Tous risques<\/th><\/tr><\/thead><tbody><tr><td>Fiat 500e<\/td><td><span class=\"change-price\">30<\/span>\u20ac<\/td><td><span class=\"change-price\">36<\/span>\u20ac<\/td><td><span class=\"change-price\">47<\/span>\u20ac<\/td><\/tr><tr><td>MG 4<\/td><td><span class=\"change-price\">28<\/span>\u20ac<\/td><td><span class=\"change-price\">35<\/span>\u20ac<\/td><td><span class=\"change-price\">48<\/span>\u20ac<\/td><\/tr><tr><td>Hyundai Kona Electric<\/td><td><span class=\"change-price\">27<\/span>\u20ac<\/td><td><span class=\"change-price\">35<\/span>\u20ac<\/td><td><span class=\"change-price\">47<\/span>\u20ac<\/td><\/tr><tr><td>Volkswagen ID.4<\/td><td><span class=\"change-price\">28<\/span>\u20ac<\/td><td><span class=\"change-price\">41<\/span>\u20ac<\/td><td><span class=\"change-price\">57<\/span>\u20ac<\/td><\/tr><tr><td>Kia Niro EV<\/td><td><span class=\"change-price\">28<\/span>\u20ac<\/td><td><span class=\"change-price\">38<\/span>\u20ac<\/td><td><span class=\"change-price\">52<\/span>\u20ac<\/td><\/tr><tr><td>Citroen e-C4<\/td><td><span class=\"change-price\">30<\/span>\u20ac<\/td><td><span class=\"change-price\">37<\/span>\u20ac<\/td><td><span class=\"change-price\">49<\/span>\u20ac<\/td><\/tr><\/tbody><\/table><\/figure>\n\n\n\n<p>Les prix des primes d\u2019assurance pr\u00e9sent\u00e9s sont purement indicatifs et ne prennent pas en compte les variations de coefficient bonus-malus.<\/p>\n\n\n\n<h2 class=\"wp-block-heading\" id=\"section-7\">L\u2019assurance d\u2019une voiture \u00e9lectrique est-elle obligatoire ?<\/h2>\n\n\n\n<p>\u00c9lectrique ou hybride, essence ou diesel, l\u2019assurance d\u2019une voiture \u00e9lectrique est obligatoire, <strong>m\u00eame si le v\u00e9hicule n\u2019est pas utilis\u00e9 et qu\u2019il ne roule pas.<\/strong><\/p>\n\n\n\n<p><strong>Le minimum \u00e0 assurer est ce que l\u2019on appelle la responsabilit\u00e9 civile,<\/strong> qui vous permet de vous couvrir contre les dommages caus\u00e9s aux tiers par vous ou par les personnes vivant avec vous.<\/p>\n\n\n\n<p>La responsabilit\u00e9 civile couvre aussi les dommages caus\u00e9s aux tiers par votre voiture sans l\u2019intervention d\u2019une personne. <strong>Par exemple, vous avez laiss\u00e9 frein \u00e0 main baiss\u00e9, la voiture a d\u00e9val\u00e9 la rue et a percut\u00e9 la voiture d\u2019un autre automobiliste.<\/strong><\/p>\n\n\n\n<div class=\"bon-a-savoir\">\n\n\n\n<h3 class=\"wp-block-heading\">Peut-on laisser une voiture \u00e9lectrique sans assurance sur un parking ?<\/h3>\n\n\n\n<p>On pr\u00e9f\u00e8re vous le dire :&nbsp;<a href=\"https:\/\/leocare.eu\/fr\/assurance-auto-en-ligne\/electrique\/voiture-non-assuree-laissee-parking\/\">laisser sa voiture \u00e9lectrique sans assurance dans un parking<\/a>&nbsp;n\u2019est pas une bonne id\u00e9e. Pourquoi ? Parce que dans un premier temps ce n\u2019est pas l\u00e9gal et le code des assurances est clair \u00e0 ce sujet : tout v\u00e9hicule en capacit\u00e9 de rouler doit \u00eatre assur\u00e9. En plus, en cas de p\u00e9pin, vous ne serez pas indemnis\u00e9. Sachant que les v\u00e9hicules \u00e9lectriques co\u00fbtent plus cher que leurs homologues thermiques, la facture risque d\u2019\u00eatre sal\u00e9e !<\/p>\n\n\n\n<\/div>\n\n\n\n<h2 class=\"wp-block-heading\" id=\"section-8\">Peut-on assurer une voiture \u00e9lectrique pour quelqu\u2019un d\u2019autre ?<\/h2>\n\n\n\n<p>Vous avez un proche qui n\u2019a pas assez d\u2019autonomie pour souscrire une assurance ? Sachez qu\u2019<a href=\"https:\/\/leocare.eu\/fr\/assurance-auto-en-ligne\/electrique\/souscription-pour-tiers\/\">assurer une voiture \u00e9lectrique pour quelqu\u2019un d\u2019autre<\/a>&nbsp;est possible, mais sous certaines conditions. Il faut dans un premier temps que la personne assur\u00e9e soit au courant qu\u2019elle sera titulaire d\u2019un contrat d\u2019assurance auto pour v\u00e9hicules \u00e9lectriques. De plus, il faut bien s\u2019assurer que, pendant la souscription, vous remplissiez les informations exactes de la personne en question pour \u00e9viter toute fausse d\u00e9claration non intentionnelle. Et bien s\u00fbr, assurez-vous que l\u2019offre d\u2019assurance convienne \u00e0 l\u2019assur\u00e9 en cas d\u2019accident.<\/p>\n\n\n\n<h2 class=\"wp-block-heading\" id=\"section-9\">Quels documents pour souscrire une assurance auto ?<\/h2>\n\n\n\n<p>Souscrire son assurance auto est tr\u00e8s simple car il faut g\u00e9n\u00e9ralement 4 documents pour valider son dossier :<\/p>\n\n\n\n<ul class=\"wp-block-list\">\n<li>Permis de conduire en cours de validit\u00e9<\/li>\n\n\n\n<li>Carte grise \u00e0 votre nom<\/li>\n\n\n\n<li>Relev\u00e9 d\u2019information de vos anciennes assurances sur les 3 derni\u00e8res ann\u00e9es<\/li>\n\n\n\n<li>RIB<\/li>\n<\/ul>\n","protected":false},"excerpt":{"rendered":"<p>Alors, si nous devions \u00eatre factuels : Leocare est la MEILLEURE assurance auto pour voiture \u00e9lectrique. Mais comme notre mission est de vous conseiller en toute objectivit\u00e9 avec le plus grand professionnalisme, nous allons vous donner la liste des crit\u00e8res \u00e0 regarder avant de souscrire son assurance voiture \u00e9lectrique. Conna\u00eetre ses garanties Eh oui, vous [&hellip;]<\/p>\n","protected":false},"author":34,"featured_media":18155,"parent":17436,"menu_order":0,"comment_status":"closed","ping_status":"closed","template":"template_seo.php","meta":{"_acf_changed":false,"footnotes":""},"class_list":["post-18320","page","type-page","status-publish","has-post-thumbnail","hentry"],"acf":[],"yoast_head":"<!-- This site is optimized with the Yoast SEO plugin v27.3 - https:\/\/yoast.com\/product\/yoast-seo-wordpress\/ -->\n<title>Choisir la meilleure assurance pour sa voiture \u00e9lectrique<\/title>\n<meta name=\"description\" content=\"\u00cates-vous \u00e0 la recherche de la meilleure assurance pour votre voiture \u00e9lectrique ? Trouvez la couverture id\u00e9ale pour votre v\u00e9hicule \u00e9lectrique aujourd&#039;hui !\" \/>\n<meta name=\"robots\" content=\"index, follow, max-snippet:-1, max-image-preview:large, max-video-preview:-1\" \/>\n<link rel=\"canonical\" href=\"https:\/\/leocare.eu\/fr\/assurance-auto-en-ligne\/electrique\/choisir-meilleure\/\" \/>\n<meta property=\"og:locale\" content=\"fr_FR\" \/>\n<meta property=\"og:type\" content=\"article\" \/>\n<meta property=\"og:title\" content=\"Choisir la meilleure assurance pour sa voiture \u00e9lectrique\" \/>\n<meta property=\"og:description\" content=\"\u00cates-vous \u00e0 la recherche de la meilleure assurance pour votre voiture \u00e9lectrique ? Trouvez la couverture id\u00e9ale pour votre v\u00e9hicule \u00e9lectrique aujourd&#039;hui !\" \/>\n<meta property=\"og:url\" content=\"https:\/\/leocare.eu\/fr\/assurance-auto-en-ligne\/electrique\/choisir-meilleure\/\" \/>\n<meta property=\"og:site_name\" content=\"Leocare, assurance en ligne automobile et habitation\" \/>\n<meta property=\"article:modified_time\" content=\"2026-04-07T14:37:15+00:00\" \/>\n<meta property=\"og:image\" content=\"https:\/\/leocare.eu\/fr\/wp-content\/uploads\/2021\/01\/meilleure-assurance-voiture-electrique-1.jpg\" \/>\n\t<meta property=\"og:image:width\" content=\"1900\" \/>\n\t<meta property=\"og:image:height\" content=\"1200\" \/>\n\t<meta property=\"og:image:type\" content=\"image\/jpeg\" \/>\n<meta name=\"twitter:card\" content=\"summary_large_image\" \/>\n<meta name=\"twitter:label1\" content=\"Dur\u00e9e de lecture estim\u00e9e\" \/>\n\t<meta name=\"twitter:data1\" content=\"8 minutes\" \/>\n<!-- \/ Yoast SEO plugin. -->","yoast_head_json":{"title":"Choisir la meilleure assurance pour sa voiture \u00e9lectrique","description":"\u00cates-vous \u00e0 la recherche de la meilleure assurance pour votre voiture \u00e9lectrique ? Trouvez la couverture id\u00e9ale pour votre v\u00e9hicule \u00e9lectrique aujourd'hui !","robots":{"index":"index","follow":"follow","max-snippet":"max-snippet:-1","max-image-preview":"max-image-preview:large","max-video-preview":"max-video-preview:-1"},"canonical":"https:\/\/leocare.eu\/fr\/assurance-auto-en-ligne\/electrique\/choisir-meilleure\/","og_locale":"fr_FR","og_type":"article","og_title":"Choisir la meilleure assurance pour sa voiture \u00e9lectrique","og_description":"\u00cates-vous \u00e0 la recherche de la meilleure assurance pour votre voiture \u00e9lectrique ? Trouvez la couverture id\u00e9ale pour votre v\u00e9hicule \u00e9lectrique aujourd'hui !","og_url":"https:\/\/leocare.eu\/fr\/assurance-auto-en-ligne\/electrique\/choisir-meilleure\/","og_site_name":"Leocare, assurance en ligne automobile et habitation","article_modified_time":"2026-04-07T14:37:15+00:00","og_image":[{"width":1900,"height":1200,"url":"https:\/\/leocare.eu\/fr\/wp-content\/uploads\/2021\/01\/meilleure-assurance-voiture-electrique-1.jpg","type":"image\/jpeg"}],"twitter_card":"summary_large_image","twitter_misc":{"Dur\u00e9e de lecture estim\u00e9e":"8 minutes"},"schema":{"@context":"https:\/\/schema.org","@graph":[{"@type":"WebPage","@id":"https:\/\/leocare.eu\/fr\/assurance-auto-en-ligne\/electrique\/choisir-meilleure\/","url":"https:\/\/leocare.eu\/fr\/assurance-auto-en-ligne\/electrique\/choisir-meilleure\/","name":"Choisir la meilleure assurance pour sa voiture \u00e9lectrique","isPartOf":{"@id":"https:\/\/leocare.eu\/fr\/#website"},"primaryImageOfPage":{"@id":"https:\/\/leocare.eu\/fr\/assurance-auto-en-ligne\/electrique\/choisir-meilleure\/#primaryimage"},"image":{"@id":"https:\/\/leocare.eu\/fr\/assurance-auto-en-ligne\/electrique\/choisir-meilleure\/#primaryimage"},"thumbnailUrl":"https:\/\/leocare.eu\/fr\/wp-content\/uploads\/2021\/01\/meilleure-assurance-voiture-electrique-1.jpg","datePublished":"2023-10-16T13:29:27+00:00","dateModified":"2026-04-07T14:37:15+00:00","description":"\u00cates-vous \u00e0 la recherche de la meilleure assurance pour votre voiture \u00e9lectrique ? Trouvez la couverture id\u00e9ale pour votre v\u00e9hicule \u00e9lectrique aujourd'hui !","breadcrumb":{"@id":"https:\/\/leocare.eu\/fr\/assurance-auto-en-ligne\/electrique\/choisir-meilleure\/#breadcrumb"},"inLanguage":"fr-FR","potentialAction":[{"@type":"ReadAction","target":["https:\/\/leocare.eu\/fr\/assurance-auto-en-ligne\/electrique\/choisir-meilleure\/"]}]},{"@type":"ImageObject","inLanguage":"fr-FR","@id":"https:\/\/leocare.eu\/fr\/assurance-auto-en-ligne\/electrique\/choisir-meilleure\/#primaryimage","url":"https:\/\/leocare.eu\/fr\/wp-content\/uploads\/2021\/01\/meilleure-assurance-voiture-electrique-1.jpg","contentUrl":"https:\/\/leocare.eu\/fr\/wp-content\/uploads\/2021\/01\/meilleure-assurance-voiture-electrique-1.jpg","width":1900,"height":1200,"caption":"voiture \u00e9lectrique sur la route"},{"@type":"WebSite","@id":"https:\/\/leocare.eu\/fr\/#website","url":"https:\/\/leocare.eu\/fr\/","name":"Leocare, assurance en ligne automobile et habitation","description":"enfin (r)assur\u00e9.e","publisher":{"@id":"https:\/\/leocare.eu\/fr\/#organization"},"potentialAction":[{"@type":"SearchAction","target":{"@type":"EntryPoint","urlTemplate":"https:\/\/leocare.eu\/fr\/?s={search_term_string}"},"query-input":{"@type":"PropertyValueSpecification","valueRequired":true,"valueName":"search_term_string"}}],"inLanguage":"fr-FR"},{"@type":"Organization","@id":"https:\/\/leocare.eu\/fr\/#organization","name":"Leocare, assurance en ligne automobile et habitation","url":"https:\/\/leocare.eu\/fr\/","logo":{"@type":"ImageObject","inLanguage":"fr-FR","@id":"https:\/\/leocare.eu\/fr\/#\/schema\/logo\/image\/","url":"https:\/\/leocare.eu\/fr\/wp-content\/uploads\/2020\/03\/logo-leocare.svg","contentUrl":"https:\/\/leocare.eu\/fr\/wp-content\/uploads\/2020\/03\/logo-leocare.svg","caption":"Leocare, assurance en ligne automobile et habitation"},"image":{"@id":"https:\/\/leocare.eu\/fr\/#\/schema\/logo\/image\/"}}]}},"_links":{"self":[{"href":"https:\/\/leocare.eu\/fr\/wp-json\/wp\/v2\/pages\/18320","targetHints":{"allow":["GET"]}}],"collection":[{"href":"https:\/\/leocare.eu\/fr\/wp-json\/wp\/v2\/pages"}],"about":[{"href":"https:\/\/leocare.eu\/fr\/wp-json\/wp\/v2\/types\/page"}],"author":[{"embeddable":true,"href":"https:\/\/leocare.eu\/fr\/wp-json\/wp\/v2\/users\/34"}],"replies":[{"embeddable":true,"href":"https:\/\/leocare.eu\/fr\/wp-json\/wp\/v2\/comments?post=18320"}],"version-history":[{"count":16,"href":"https:\/\/leocare.eu\/fr\/wp-json\/wp\/v2\/pages\/18320\/revisions"}],"predecessor-version":[{"id":39854,"href":"https:\/\/leocare.eu\/fr\/wp-json\/wp\/v2\/pages\/18320\/revisions\/39854"}],"up":[{"embeddable":true,"href":"https:\/\/leocare.eu\/fr\/wp-json\/wp\/v2\/pages\/17436"}],"wp:featuredmedia":[{"embeddable":true,"href":"https:\/\/leocare.eu\/fr\/wp-json\/wp\/v2\/media\/18155"}],"wp:attachment":[{"href":"https:\/\/leocare.eu\/fr\/wp-json\/wp\/v2\/media?parent=18320"}],"curies":[{"name":"wp","href":"https:\/\/api.w.org\/{rel}","templated":true}]}}