{"id":18314,"date":"2023-10-16T15:08:17","date_gmt":"2023-10-16T13:08:17","guid":{"rendered":"https:\/\/leocare.eu\/fr\/?page_id=18314"},"modified":"2026-04-07T16:37:14","modified_gmt":"2026-04-07T14:37:14","slug":"minimum","status":"publish","type":"page","link":"https:\/\/leocare.eu\/fr\/assurance-auto-en-ligne\/electrique\/minimum\/","title":{"rendered":"Quelle est l\u2019assurance minimum pour une voiture \u00e9lectrique ?"},"content":{"rendered":"\n<p>L\u2019essor des v\u00e9hicules \u00e9lectriques a apport\u00e9 un vent de fra\u00eecheur dans l&rsquo;industrie automobile, offrant une alternative plus propre et plus verte aux moteurs \u00e0 essence ou diesel traditionnels. Cependant, tout comme les voitures conventionnelles, les conducteurs de voitures \u00e9lectriques ont \u00e9galement l\u2019obligation de souscrire \u00e0 une assurance ad\u00e9quate pour prot\u00e9ger les conducteurs en cas d&rsquo;accident ou de dommages. On vous explique comment trouver <a href=\"https:\/\/leocare.eu\/fr\/assurance-auto-en-ligne\/electrique\/choisir-meilleure\/\">la meilleure assurance pour votre voiture \u00e9lectrique<\/a> !<\/p>\n\n\n\n<h2 class=\"wp-block-heading\" id=\"section-1\">L\u2019assurance auto : une obligation depuis 1958<\/h2>\n\n\n\n<p>Depuis le 27 f\u00e9vrier 1958, l\u2019assurance auto est obligatoire pour tous les v\u00e9hicules terrestres \u00e0 moteur et ce, qu\u2019ils roulent ou non. Alors que votre tesla dorme dans votre garage ou non il faut l\u2019assurer ! Lorsqu\u2019il s\u2019agit d\u2019assurer une voiture \u00e9lectrique, de nombreux conducteurs peuvent se demander si les r\u00e8gles des compagnies d\u2019assurance diff\u00e8rent de celles des voitures, de l\u2019assurance habitation, si on prend en compte le lieu de stationnement, de l\u2019installation ou non d\u2019une borne de rechargement. En r\u00e9alit\u00e9, les exigences d\u2019<a href=\"https:\/\/leocare.eu\/fr\/assurance-auto-en-ligne\/electrique\/\">assurance pour les v\u00e9hicules \u00e9lectriques<\/a>&nbsp;sont assez similaires \u00e0 celles des v\u00e9hicules \u00e0 moteur traditionnels. Cependant, il y a quelques consid\u00e9rations sp\u00e9cifiques \u00e0 prendre en compte.<\/p>\n\n\n\n<h2 class=\"wp-block-heading\" id=\"section-2\">Les diff\u00e9rents types de couverture<\/h2>\n\n\n\n<p>L\u2019assurance responsabilit\u00e9 civile est le strict minimum requis pour conduire l\u00e9galement une voiture, qu\u2019elle soit \u00e9lectrique ou hybride. Cette assurance couvre les dommages corporels et mat\u00e9riels que vous pourriez causer \u00e0 autrui en cas d\u2019accident. En g\u00e9n\u00e9ral, la plupart des pays exigent une couverture minimale en responsabilit\u00e9 civile pour tous les v\u00e9hicules. Cette couverture est essentielle pour prot\u00e9ger les conducteurs en cas d\u2019accident.<\/p>\n\n\n\n<p>En plus de l\u2019assurance responsabilit\u00e9 civile, les conducteurs de voitures \u00e9lectriques ont la possibilit\u00e9 d\u2019opter pour une assurance tous risques, \u00e9galement connus sous le nom d\u2019assurance dommages tous accidents. Mais que couvre une assurance tous risques pour votre voiture \u00e9lectrique ? Cette couverture \u00e9tendue prot\u00e8ge non seulement les tiers en cas d\u2019accident, mais elle couvre \u00e9galement les dommages \u00e0 votre propre v\u00e9hicule, y compris les dommages mat\u00e9riels caus\u00e9s par un accident, une panne \u00e9lectrique ou d\u2019autres incidents. Par exemple, si vous vous prenez malencontreusement un panneau lors d\u2019une marche arri\u00e8re abrupte, votre assurance procedera \u00e0 l\u2019indemnisation gr\u00e2ce \u00e0 la garantie dommages tous accidents, g\u00e9nial non ?!<\/p>\n\n\n\n<p>Ces deux types de couvertures sont les plus propos\u00e9s par les compagnies d\u2019assurances. Cependant si vous cherchez une formule abordable en termes de prime d\u2019assurance mais quand m\u00eame garder une bonne couverture, la plupart des compagnies d\u2019assurances proposent une formule interm\u00e9diaire. Souvent appel\u00e9e tiers+ ou m\u00eame tiers \u00e9tendu, cette formule propose la responsabilit\u00e9 civile comme garantie mais \u00e9galement d\u2019autres comme le bris de glace, le vol ou l\u2019incendie en excluant la garantie dommages tous accidents uniquement pr\u00e9sente dans les formules tous risques.<\/p>\n\n\n\n<h2 class=\"wp-block-heading\" id=\"section-3\">L\u2019autonomie d\u2019un v\u00e9hicule \u00e9lectrique et l\u2019importance de l\u2019assistance<\/h2>\n\n\n\n<p>L\u2019autonomie est un aspect essentiel de la conduite d\u2019une voiture \u00e9lectrique. Elle d\u00e9termine la distance que votre voiture peut parcourir avec une seule charge de batterie. Lorsque vous souscrivez une assurance pour une voiture \u00e9lectrique, il est important de tenir compte de votre autonomie et de l\u2019infrastructure de bornes de recharge disponibles dans votre r\u00e9gion. Plusieurs sites existent pour savoir o\u00f9 sont les bornes de recharge autour de vous.<\/p>\n\n\n\n<p>En cas de sinistre ou de panne \u00e9lectrique sur un trajet, votre assurance peut couvrir les frais de remorquage jusqu\u2019\u00e0 la borne de recharge la plus proche. Cependant, cela d\u00e9pendra des d\u00e9tails de votre police d\u2019assurance. Assurez-vous de v\u00e9rifier les termes de votre contrat pour comprendre pleinement les avantages li\u00e9s \u00e0 votre autonomie.<\/p>\n\n\n\n<p>Nous vous recommandons donc vivement d\u2019opter pour une extension en cas de panne s\u00e8che si votre compagnie la propose.<\/p>\n\n\n\n<h2 class=\"wp-block-heading\" id=\"section-4\">Les comparateurs d\u2019assurances<\/h2>\n\n\n\n<p>Avec la croissance des v\u00e9hicules \u00e9lectriques, de nombreuses compagnies d\u2019assurance ont d\u00e9velopp\u00e9 des formules d\u2019assurance sp\u00e9cifiques pour les conducteurs de voitures \u00e9lectriques. Il est int\u00e9ressant d\u2019utiliser un comparateur d\u2019assurances pour trouver la meilleure offre qui correspond \u00e0 vos besoins et \u00e0 votre budget. Vous pourrez par exemple savoir ce que couvre votre&nbsp;<a href=\"https:\/\/leocare.eu\/fr\/assurance-auto-en-ligne\/electrique\/tous-risques\/\">assurance tous risques pour votre voiture \u00e9lectrique<\/a>&nbsp;en un coup d\u2019\u0153il !<\/p>\n\n\n\n<p>Les compagnies d\u2019assurances peuvent varier dans les offres qu\u2019elles proposent aux conducteurs de voitures \u00e9lectriques. Certaines peuvent offrir des r\u00e9ductions sp\u00e9ciales pour les propri\u00e9taires de voitures \u00e9lectriques en raison de leur empreinte carbone r\u00e9duite. D\u2019autres peuvent couvrir les co\u00fbts de r\u00e9paration sp\u00e9cifiques aux v\u00e9hicules \u00e9lectriques, tels que les batteries, en cas de panne \u00e9lectrique.<\/p>\n\n\n\n<p>Nous vous conseillons dans tous les cas de passer par un comparateur d\u2019assurances, tant pour trouver la meilleure couverture mais \u00e9galement pour faire des \u00e9conomies, m\u00eame si vous en tous risques avec la garantie dommages tous accidents : les comparateurs peuvent \u00e9galement vous trouver les r\u00e9ductions sur votre prime d\u2019assurance pour v\u00e9hicules \u00e9lectriques semblables \u00e0 ce que les compagnies proposent et ainsi \u00e9courter le&nbsp;<a href=\"https:\/\/leocare.eu\/fr\/assurance-auto-en-ligne\/electrique\/delai\/\">d\u00e9lai de souscription pour votre assurance voiture \u00e9lectrique<\/a>.<\/p>\n\n\n\n<h2 class=\"wp-block-heading\" id=\"section-5\">L\u2019assurance habitation<\/h2>\n\n\n\n<p>En tant que propri\u00e9taire de voiture \u00e9lectrique, il est important de noter que l\u2019installation d\u2019une borne de recharge \u00e0 domicile peut \u00eatre n\u00e9cessaire pour rendre plus confortable l\u2019utilisation de votre v\u00e9hicule. Si vous avez d\u00e9j\u00e0 une assurance habitation, vous pouvez envisager d\u2019inclure la protection de la borne de recharge dans votre police d\u2019assurance existante.<\/p>\n\n\n\n<p>Cela peut vous prot\u00e9ger contre les dommages \u00e0 la borne de recharge due \u00e0 des accidents ou \u00e0 des conditions m\u00e9t\u00e9orologiques d\u00e9favorables. Pour vous offrir au final une protection compl\u00e8te pour votre voiture \u00e9lectrique.<\/p>\n","protected":false},"excerpt":{"rendered":"<p>L\u2019essor des v\u00e9hicules \u00e9lectriques a apport\u00e9 un vent de fra\u00eecheur dans l&rsquo;industrie automobile, offrant une alternative plus propre et plus verte aux moteurs \u00e0 essence ou diesel traditionnels. Cependant, tout comme les voitures conventionnelles, les conducteurs de voitures \u00e9lectriques ont \u00e9galement l\u2019obligation de souscrire \u00e0 une assurance ad\u00e9quate pour prot\u00e9ger les conducteurs en cas d&rsquo;accident [&hellip;]<\/p>\n","protected":false},"author":34,"featured_media":18177,"parent":17436,"menu_order":0,"comment_status":"closed","ping_status":"closed","template":"template_seo.php","meta":{"_acf_changed":false,"footnotes":""},"class_list":["post-18314","page","type-page","status-publish","has-post-thumbnail","hentry"],"acf":[],"yoast_head":"<!-- This site is optimized with the Yoast SEO plugin v27.3 - https:\/\/yoast.com\/product\/yoast-seo-wordpress\/ -->\n<title>Quelle assurance pour voiture \u00e9lectrique est obligatoire ?<\/title>\n<meta name=\"description\" content=\"D\u00e9couvrez notre assurance minimum pour voitures \u00e9lectriques. Prot\u00e9gez votre v\u00e9hicule durablement. Faites votre devis gratuit d\u00e8s maintenant et roulez en toute tranquillit\u00e9!\" \/>\n<meta name=\"robots\" content=\"index, follow, max-snippet:-1, max-image-preview:large, max-video-preview:-1\" \/>\n<link rel=\"canonical\" href=\"https:\/\/leocare.eu\/fr\/assurance-auto-en-ligne\/electrique\/minimum\/\" \/>\n<meta property=\"og:locale\" content=\"fr_FR\" \/>\n<meta property=\"og:type\" content=\"article\" \/>\n<meta property=\"og:title\" content=\"Quelle assurance pour voiture \u00e9lectrique est obligatoire ?\" \/>\n<meta property=\"og:description\" content=\"D\u00e9couvrez notre assurance minimum pour voitures \u00e9lectriques. Prot\u00e9gez votre v\u00e9hicule durablement. Faites votre devis gratuit d\u00e8s maintenant et roulez en toute tranquillit\u00e9!\" \/>\n<meta property=\"og:url\" content=\"https:\/\/leocare.eu\/fr\/assurance-auto-en-ligne\/electrique\/minimum\/\" \/>\n<meta property=\"og:site_name\" content=\"Leocare, assurance en ligne automobile et habitation\" \/>\n<meta property=\"article:modified_time\" content=\"2026-04-07T14:37:14+00:00\" \/>\n<meta property=\"og:image\" content=\"https:\/\/leocare.eu\/fr\/wp-content\/uploads\/2021\/01\/est-ce-obligatoire-avoir-assurance-auto-voiture-electrique.jpg\" \/>\n\t<meta property=\"og:image:width\" content=\"1900\" \/>\n\t<meta property=\"og:image:height\" content=\"1200\" \/>\n\t<meta property=\"og:image:type\" content=\"image\/jpeg\" \/>\n<meta name=\"twitter:card\" content=\"summary_large_image\" \/>\n<meta name=\"twitter:label1\" content=\"Dur\u00e9e de lecture estim\u00e9e\" \/>\n\t<meta name=\"twitter:data1\" content=\"5 minutes\" \/>\n<!-- \/ Yoast SEO plugin. -->","yoast_head_json":{"title":"Quelle assurance pour voiture \u00e9lectrique est obligatoire ?","description":"D\u00e9couvrez notre assurance minimum pour voitures \u00e9lectriques. Prot\u00e9gez votre v\u00e9hicule durablement. Faites votre devis gratuit d\u00e8s maintenant et roulez en toute tranquillit\u00e9!","robots":{"index":"index","follow":"follow","max-snippet":"max-snippet:-1","max-image-preview":"max-image-preview:large","max-video-preview":"max-video-preview:-1"},"canonical":"https:\/\/leocare.eu\/fr\/assurance-auto-en-ligne\/electrique\/minimum\/","og_locale":"fr_FR","og_type":"article","og_title":"Quelle assurance pour voiture \u00e9lectrique est obligatoire ?","og_description":"D\u00e9couvrez notre assurance minimum pour voitures \u00e9lectriques. Prot\u00e9gez votre v\u00e9hicule durablement. Faites votre devis gratuit d\u00e8s maintenant et roulez en toute tranquillit\u00e9!","og_url":"https:\/\/leocare.eu\/fr\/assurance-auto-en-ligne\/electrique\/minimum\/","og_site_name":"Leocare, assurance en ligne automobile et habitation","article_modified_time":"2026-04-07T14:37:14+00:00","og_image":[{"width":1900,"height":1200,"url":"https:\/\/leocare.eu\/fr\/wp-content\/uploads\/2021\/01\/est-ce-obligatoire-avoir-assurance-auto-voiture-electrique.jpg","type":"image\/jpeg"}],"twitter_card":"summary_large_image","twitter_misc":{"Dur\u00e9e de lecture estim\u00e9e":"5 minutes"},"schema":{"@context":"https:\/\/schema.org","@graph":[{"@type":"WebPage","@id":"https:\/\/leocare.eu\/fr\/assurance-auto-en-ligne\/electrique\/minimum\/","url":"https:\/\/leocare.eu\/fr\/assurance-auto-en-ligne\/electrique\/minimum\/","name":"Quelle assurance pour voiture \u00e9lectrique est obligatoire ?","isPartOf":{"@id":"https:\/\/leocare.eu\/fr\/#website"},"primaryImageOfPage":{"@id":"https:\/\/leocare.eu\/fr\/assurance-auto-en-ligne\/electrique\/minimum\/#primaryimage"},"image":{"@id":"https:\/\/leocare.eu\/fr\/assurance-auto-en-ligne\/electrique\/minimum\/#primaryimage"},"thumbnailUrl":"https:\/\/leocare.eu\/fr\/wp-content\/uploads\/2021\/01\/est-ce-obligatoire-avoir-assurance-auto-voiture-electrique.jpg","datePublished":"2023-10-16T13:08:17+00:00","dateModified":"2026-04-07T14:37:14+00:00","description":"D\u00e9couvrez notre assurance minimum pour voitures \u00e9lectriques. Prot\u00e9gez votre v\u00e9hicule durablement. Faites votre devis gratuit d\u00e8s maintenant et roulez en toute tranquillit\u00e9!","breadcrumb":{"@id":"https:\/\/leocare.eu\/fr\/assurance-auto-en-ligne\/electrique\/minimum\/#breadcrumb"},"inLanguage":"fr-FR","potentialAction":[{"@type":"ReadAction","target":["https:\/\/leocare.eu\/fr\/assurance-auto-en-ligne\/electrique\/minimum\/"]}]},{"@type":"ImageObject","inLanguage":"fr-FR","@id":"https:\/\/leocare.eu\/fr\/assurance-auto-en-ligne\/electrique\/minimum\/#primaryimage","url":"https:\/\/leocare.eu\/fr\/wp-content\/uploads\/2021\/01\/est-ce-obligatoire-avoir-assurance-auto-voiture-electrique.jpg","contentUrl":"https:\/\/leocare.eu\/fr\/wp-content\/uploads\/2021\/01\/est-ce-obligatoire-avoir-assurance-auto-voiture-electrique.jpg","width":1900,"height":1200,"caption":"assurance auto voiture \u00e9lectrique"},{"@type":"WebSite","@id":"https:\/\/leocare.eu\/fr\/#website","url":"https:\/\/leocare.eu\/fr\/","name":"Leocare, assurance en ligne automobile et habitation","description":"enfin (r)assur\u00e9.e","publisher":{"@id":"https:\/\/leocare.eu\/fr\/#organization"},"potentialAction":[{"@type":"SearchAction","target":{"@type":"EntryPoint","urlTemplate":"https:\/\/leocare.eu\/fr\/?s={search_term_string}"},"query-input":{"@type":"PropertyValueSpecification","valueRequired":true,"valueName":"search_term_string"}}],"inLanguage":"fr-FR"},{"@type":"Organization","@id":"https:\/\/leocare.eu\/fr\/#organization","name":"Leocare, assurance en ligne automobile et habitation","url":"https:\/\/leocare.eu\/fr\/","logo":{"@type":"ImageObject","inLanguage":"fr-FR","@id":"https:\/\/leocare.eu\/fr\/#\/schema\/logo\/image\/","url":"https:\/\/leocare.eu\/fr\/wp-content\/uploads\/2020\/03\/logo-leocare.svg","contentUrl":"https:\/\/leocare.eu\/fr\/wp-content\/uploads\/2020\/03\/logo-leocare.svg","caption":"Leocare, assurance en ligne automobile et habitation"},"image":{"@id":"https:\/\/leocare.eu\/fr\/#\/schema\/logo\/image\/"}}]}},"_links":{"self":[{"href":"https:\/\/leocare.eu\/fr\/wp-json\/wp\/v2\/pages\/18314","targetHints":{"allow":["GET"]}}],"collection":[{"href":"https:\/\/leocare.eu\/fr\/wp-json\/wp\/v2\/pages"}],"about":[{"href":"https:\/\/leocare.eu\/fr\/wp-json\/wp\/v2\/types\/page"}],"author":[{"embeddable":true,"href":"https:\/\/leocare.eu\/fr\/wp-json\/wp\/v2\/users\/34"}],"replies":[{"embeddable":true,"href":"https:\/\/leocare.eu\/fr\/wp-json\/wp\/v2\/comments?post=18314"}],"version-history":[{"count":9,"href":"https:\/\/leocare.eu\/fr\/wp-json\/wp\/v2\/pages\/18314\/revisions"}],"predecessor-version":[{"id":29265,"href":"https:\/\/leocare.eu\/fr\/wp-json\/wp\/v2\/pages\/18314\/revisions\/29265"}],"up":[{"embeddable":true,"href":"https:\/\/leocare.eu\/fr\/wp-json\/wp\/v2\/pages\/17436"}],"wp:featuredmedia":[{"embeddable":true,"href":"https:\/\/leocare.eu\/fr\/wp-json\/wp\/v2\/media\/18177"}],"wp:attachment":[{"href":"https:\/\/leocare.eu\/fr\/wp-json\/wp\/v2\/media?parent=18314"}],"curies":[{"name":"wp","href":"https:\/\/api.w.org\/{rel}","templated":true}]}}