{"id":18305,"date":"2023-10-16T14:58:33","date_gmt":"2023-10-16T12:58:33","guid":{"rendered":"https:\/\/leocare.eu\/fr\/?page_id=18305"},"modified":"2026-04-07T16:37:13","modified_gmt":"2026-04-07T14:37:13","slug":"location","status":"publish","type":"page","link":"https:\/\/leocare.eu\/fr\/assurance-auto-en-ligne\/electrique\/location\/","title":{"rendered":"Quelle assurance choisir quand on loue une voiture \u00e9lectrique ?"},"content":{"rendered":"\n<p>La location de voiture \u00e9lectrique offre une bonne alternative \u00e9cologique et \u00e9conomique pour vos trajets, compar\u00e9 aux voitures essence ou diesel. C\u2019est la raison pour laquelle, choisir la bonne assurance pour votre location de voiture \u00e9lectrique est essentiel pour garantir une exp\u00e9rience sans souci.<\/p>\n\n\n\n<h2 class=\"wp-block-heading\" id=\"section-1\">Quels sont les diff\u00e9rents types de location ?<\/h2>\n\n\n\n<p>Les locations de courtes dur\u00e9es consistent \u00e0 louer un v\u00e9hicule pour une journ\u00e9e ou une semaine, voire plusieurs. Ce type de location s\u2019oppose aux principes de LLD et de LOA.<\/p>\n\n\n\n<p>La location longue dur\u00e9e (LLD) est un mode de location et de financement de v\u00e9hicule de plus en plus pris\u00e9e par les automobilistes souhaitant de la flexibilit\u00e9. La LLD permet \u00e0 ses utilisateurs de profiter des avantages d\u2019une voiture \u00e9lectrique sans avoir les contraintes de la propri\u00e9t\u00e9. Durant le temps du contrat, d\u2019une dur\u00e9e de quelques mois voire quelques ann\u00e9es, le locataire paie un loyer mensuel contre l\u2019utilisation de la voiture \u00e9lectrique. Dans ce loyer mensuel sont compris les frais d\u2019entretien, l\u2019assistance et l\u2019assurance de base, ce qui facilite grandement la gestion des co\u00fbts associ\u00e9s \u00e0 la propri\u00e9t\u00e9. Lorsque le contrat se termine, le locataire \u00e0 le choix entre restituer le v\u00e9hicule \u00e9lectrique ou le racheter au prix convenu pr\u00e9alablement. C\u2019est en \u00e7a que la LLD offre une alternative attrayante \u00e0 l\u2019achat traditionnel d\u2019un v\u00e9hicule.<\/p>\n\n\n\n<p>Enfin, la location avec option d\u2019achat (LOA) est un autre mode de location permettant aux conducteurs d\u2019utiliser temporairement un v\u00e9hicule, \u00e9lectrique, essence ou diesel, avec la possibilit\u00e9 de l\u2019acheter \u00e0 la fin du contrat. Lors d\u2019une location avec option d\u2019achat, l\u2019automobiliste paie des mensualit\u00e9s pendant une p\u00e9riode d\u00e9termin\u00e9e, en g\u00e9n\u00e9ral de 2 \u00e0 5 ans. Si le locataire d\u00e9cide d\u2019acheter le v\u00e9hicule, il payera une somme r\u00e9siduelle fix\u00e9e \u00e0 la signature du contrat. Cette m\u00e9thode de location offre une certaine flexibilit\u00e9 et permet de changer de voiture r\u00e9guli\u00e8rement. C\u2019est un moyen utile pour les personnes souhaitant conduire un v\u00e9hicule \u00e9lectrique sans s\u2019engager directement dans un achat.<\/p>\n\n\n\n<h2 class=\"wp-block-heading\" id=\"section-2\">L\u2019obligation d\u2019assurance des voitures \u00e9lectriques d\u2019occasion<\/h2>\n\n\n\n<p>Vous le savez s\u00fbrement, il est absolument interdit de circuler en France sans assurance auto. L\u2019interdiction vaut \u00e9galement pour les&nbsp;<a href=\"https:\/\/leocare.eu\/fr\/assurance-auto-en-ligne\/electrique\/stationnement\/\">v\u00e9hicules stationn\u00e9s<\/a>. Dans le cadre d\u2019une location, la solution la plus simple est de souscrire l\u2019<a href=\"https:\/\/leocare.eu\/fr\/assurance-auto-en-ligne\/electrique\/\">assurance voiture \u00e9lectrique<\/a>&nbsp;propos\u00e9e directement par le loueur. Elle est comprise dans le contrat et vous n\u2019aurez aucune d\u00e9marche suppl\u00e9mentaire \u00e0 faire. Cependant, elle est souvent l\u00e9g\u00e8re en termes de couverture, correspondant souvent \u00e0 une assurance au tiers avec une simple garantie responsabilit\u00e9 civile. Avant de d\u00e9cider de garder l\u2019assurance de base inclue dans le contrat, lisez bien les conditions g\u00e9n\u00e9rales afin d\u2019\u00e9viter toute surprise d\u00e9sagr\u00e9able. L\u2019id\u00e9e est notamment de ne pas tomber dans les pi\u00e8ges suivants :<\/p>\n\n\n\n<ul class=\"wp-block-list\">\n<li>Les franchises \u00e9lev\u00e9es : assurez-vous de comprendre la franchise, c\u2019est-\u00e0-dire la somme que vous devrez payer en cas de sinistre. Une franchise trop \u00e9lev\u00e9e peut vous laisser avec des frais impr\u00e9vus.<\/li>\n\n\n\n<li>Les exclusions cach\u00e9es : lisez attentivement les termes et conditions de l\u2019assurance pour \u00e9viter les exclusions inattendues. Par exemple, certains contrats peuvent exclure les dommages caus\u00e9s par la recharge de la batterie.<\/li>\n<\/ul>\n\n\n\n<h2 class=\"wp-block-heading\" id=\"section-3\">L\u2019assurance tous risques pour une protection compl\u00e8te<\/h2>\n\n\n\n<p>Si vous pr\u00e9f\u00e9rez une protection plus compl\u00e8te pour votre location de voiture \u00e9lectrique, opter pour une assurance tous risques est recommand\u00e9. Cette option couvre non seulement les dommages aux tiers, mais aussi :<\/p>\n\n\n\n<ul class=\"wp-block-list\">\n<li><strong>Les dommages mat\u00e9riels<\/strong>\u00a0: cette garantie couvre les dommages caus\u00e9s \u00e0 votre propre v\u00e9hicule en cas d\u2019accident, de vol ou d\u2019autres incidents.<\/li>\n\n\n\n<li><strong>Les dommages corporels<\/strong>\u00a0: cette garantie vous donne une indemnisation pour les blessures corporelles subies par vous-m\u00eame et vos passagers en cas d\u2019accident.<\/li>\n\n\n\n<li><strong>L\u2019assistance 24\/7<\/strong>\u00a0: Cette garantie offre un d\u00e9pannage jusqu\u2019\u00e0 une borne de recharge en cas de panne ou de probl\u00e8me sur la route, y compris les pannes \u00e9lectriques.<\/li>\n<\/ul>\n\n\n\n<div class=\"bon-a-savoir\">\n\n\n\n<h3 class=\"wp-block-heading\">Comment b\u00e9n\u00e9ficier d\u2019un pr\u00eat de voiture \u00e9lectrique en cas de panne ?<\/h3>\n\n\n\n<p><a href=\"https:\/\/leocare.eu\/fr\/assurance-auto-en-ligne\/electrique\/courtoisie\/\">Le pr\u00eat d\u2019un v\u00e9hicule \u00e9lectrique de remplacement<\/a>&nbsp;en cas de panne \u00e9lectrique ou d\u2019accident n\u2019est pas un service inclus dans tous les contrats d\u2019assurance auto. En effet, pour en b\u00e9n\u00e9ficier, l\u2019assur\u00e9 doit avoir souscrit une garantie suppl\u00e9mentaire comprenant le pr\u00eat d\u2019une voiture en cas de r\u00e9parations.<\/p>\n\n\n\n<\/div>\n\n\n\n<h2 class=\"wp-block-heading\" id=\"section-4\">Les avantages des cartes bancaires<\/h2>\n\n\n\n<p>Certaines cartes de cr\u00e9dit, comme les Visa Premier ou les Mastercard Gold, offrent une assurance location de voiture \u00e9lectrique lorsqu\u2019elles sont utilis\u00e9es pour le paiement de la location. Ces assurances peuvent inclure la couverture en cas de dommages, de vol et de responsabilit\u00e9 civile. Avant de souscrire une assurance s\u00e9par\u00e9e, renseignez-vous sur les avantages offerts par votre carte bancaire. Une fois de plus, lisez attentivement les conditions g\u00e9n\u00e9rales car il peut y avoir des limitations quant \u00e0 la valeur de la voiture, un certain nombre de sinistres \u00e0 ne pas d\u00e9passer par an et la dur\u00e9e du contrat peut aussi avoir une dur\u00e9e limit\u00e9e.<\/p>\n\n\n\n<h2 class=\"wp-block-heading\" id=\"section-5\">Comparer les offres<\/h2>\n\n\n\n<p>L\u2019un des avantages de la location de voiture \u00e9lectrique est la r\u00e9duction des co\u00fbts de carburant gr\u00e2ce \u00e0 l\u2019utilisation de l\u2019\u00e9lectricit\u00e9. Assurez-vous de choisir une assurance qui refl\u00e8te les \u00e9conomies potentielles li\u00e9es \u00e0 l\u2019\u00e9nergie \u00e9lectrique, en optant pour des primes d\u2019assurance abordables. Pour cela, et avant de finaliser votre location de voiture \u00e9lectrique, utilisez un comparateur d\u2019assurances pour comparer les offres des diff\u00e9rentes compagnies. Cela vous permettra de trouver la couverture la plus adapt\u00e9e \u00e0 vos besoins tout en respectant votre budget.<\/p>\n\n\n\n<div class=\"bon-a-savoir\">\n\n\n\n<h3 class=\"wp-block-heading\">Quelle assurance auto choisir pour une voiture \u00e9lectrique de plus de 10 ans ?<\/h3>\n\n\n\n<p>Quand il s\u2019agit d\u2019<a href=\"https:\/\/leocare.eu\/fr\/assurance-auto-en-ligne\/electrique\/assurer-vieux-vehicule\/\">assurer une voiture \u00e9lectrique de plus de 10 ans<\/a>, les propri\u00e9taires ont plusieurs choix \u00e0 consid\u00e9rer. Les mod\u00e8les plus anciens peuvent \u00eatre moins co\u00fbteux \u00e0 remplacer, ce qui peut influencer votre choix en faveur d\u2019une assurance au tiers. Cependant, dans le cas o\u00f9 votre voiture a une valeur \u00e9lev\u00e9e et que vous souhaitez la prot\u00e9ger contre tous les sc\u00e9narios possibles, l\u2019assurance tous risques est une option \u00e0 envisager.<\/p>\n\n\n\n<\/div>\n\n\n\n<p><\/p>\n","protected":false},"excerpt":{"rendered":"<p>La location de voiture \u00e9lectrique offre une bonne alternative \u00e9cologique et \u00e9conomique pour vos trajets, compar\u00e9 aux voitures essence ou diesel. C\u2019est la raison pour laquelle, choisir la bonne assurance pour votre location de voiture \u00e9lectrique est essentiel pour garantir une exp\u00e9rience sans souci. Quels sont les diff\u00e9rents types de location ? Les locations de [&hellip;]<\/p>\n","protected":false},"author":34,"featured_media":18179,"parent":17436,"menu_order":0,"comment_status":"closed","ping_status":"closed","template":"template_seo.php","meta":{"_acf_changed":false,"footnotes":""},"class_list":["post-18305","page","type-page","status-publish","has-post-thumbnail","hentry"],"acf":[],"yoast_head":"<!-- This site is optimized with the Yoast SEO plugin v27.3 - https:\/\/yoast.com\/product\/yoast-seo-wordpress\/ -->\n<title>Quelle assurance choisir quand on loue une voiture \u00e9lectrique ?<\/title>\n<meta name=\"description\" content=\"D\u00e9couvrez comment opter pour la meilleure assurance pour votre voiture \u00e9lectrique. N&#039;avancez plus dans le noir, suivez notre guide et prenez la meilleure d\u00e9cision aujourd&#039;hui. Cliquez ici!\" \/>\n<meta name=\"robots\" content=\"index, follow, max-snippet:-1, max-image-preview:large, max-video-preview:-1\" \/>\n<link rel=\"canonical\" href=\"https:\/\/leocare.eu\/fr\/assurance-auto-en-ligne\/electrique\/location\/\" \/>\n<meta property=\"og:locale\" content=\"fr_FR\" \/>\n<meta property=\"og:type\" content=\"article\" \/>\n<meta property=\"og:title\" content=\"Quelle assurance choisir quand on loue une voiture \u00e9lectrique ?\" \/>\n<meta property=\"og:description\" content=\"D\u00e9couvrez comment opter pour la meilleure assurance pour votre voiture \u00e9lectrique. N&#039;avancez plus dans le noir, suivez notre guide et prenez la meilleure d\u00e9cision aujourd&#039;hui. Cliquez ici!\" \/>\n<meta property=\"og:url\" content=\"https:\/\/leocare.eu\/fr\/assurance-auto-en-ligne\/electrique\/location\/\" \/>\n<meta property=\"og:site_name\" content=\"Leocare, assurance en ligne automobile et habitation\" \/>\n<meta property=\"article:modified_time\" content=\"2026-04-07T14:37:13+00:00\" \/>\n<meta property=\"og:image\" content=\"https:\/\/leocare.eu\/fr\/wp-content\/uploads\/2021\/01\/assurance-auto-voiture-electrique-location.jpg\" \/>\n\t<meta property=\"og:image:width\" content=\"1900\" \/>\n\t<meta property=\"og:image:height\" content=\"1200\" \/>\n\t<meta property=\"og:image:type\" content=\"image\/jpeg\" \/>\n<meta name=\"twitter:card\" content=\"summary_large_image\" \/>\n<meta name=\"twitter:label1\" content=\"Dur\u00e9e de lecture estim\u00e9e\" \/>\n\t<meta name=\"twitter:data1\" content=\"5 minutes\" \/>\n<!-- \/ Yoast SEO plugin. -->","yoast_head_json":{"title":"Quelle assurance choisir quand on loue une voiture \u00e9lectrique ?","description":"D\u00e9couvrez comment opter pour la meilleure assurance pour votre voiture \u00e9lectrique. N'avancez plus dans le noir, suivez notre guide et prenez la meilleure d\u00e9cision aujourd'hui. Cliquez ici!","robots":{"index":"index","follow":"follow","max-snippet":"max-snippet:-1","max-image-preview":"max-image-preview:large","max-video-preview":"max-video-preview:-1"},"canonical":"https:\/\/leocare.eu\/fr\/assurance-auto-en-ligne\/electrique\/location\/","og_locale":"fr_FR","og_type":"article","og_title":"Quelle assurance choisir quand on loue une voiture \u00e9lectrique ?","og_description":"D\u00e9couvrez comment opter pour la meilleure assurance pour votre voiture \u00e9lectrique. N'avancez plus dans le noir, suivez notre guide et prenez la meilleure d\u00e9cision aujourd'hui. Cliquez ici!","og_url":"https:\/\/leocare.eu\/fr\/assurance-auto-en-ligne\/electrique\/location\/","og_site_name":"Leocare, assurance en ligne automobile et habitation","article_modified_time":"2026-04-07T14:37:13+00:00","og_image":[{"width":1900,"height":1200,"url":"https:\/\/leocare.eu\/fr\/wp-content\/uploads\/2021\/01\/assurance-auto-voiture-electrique-location.jpg","type":"image\/jpeg"}],"twitter_card":"summary_large_image","twitter_misc":{"Dur\u00e9e de lecture estim\u00e9e":"5 minutes"},"schema":{"@context":"https:\/\/schema.org","@graph":[{"@type":"WebPage","@id":"https:\/\/leocare.eu\/fr\/assurance-auto-en-ligne\/electrique\/location\/","url":"https:\/\/leocare.eu\/fr\/assurance-auto-en-ligne\/electrique\/location\/","name":"Quelle assurance choisir quand on loue une voiture \u00e9lectrique ?","isPartOf":{"@id":"https:\/\/leocare.eu\/fr\/#website"},"primaryImageOfPage":{"@id":"https:\/\/leocare.eu\/fr\/assurance-auto-en-ligne\/electrique\/location\/#primaryimage"},"image":{"@id":"https:\/\/leocare.eu\/fr\/assurance-auto-en-ligne\/electrique\/location\/#primaryimage"},"thumbnailUrl":"https:\/\/leocare.eu\/fr\/wp-content\/uploads\/2021\/01\/assurance-auto-voiture-electrique-location.jpg","datePublished":"2023-10-16T12:58:33+00:00","dateModified":"2026-04-07T14:37:13+00:00","description":"D\u00e9couvrez comment opter pour la meilleure assurance pour votre voiture \u00e9lectrique. N'avancez plus dans le noir, suivez notre guide et prenez la meilleure d\u00e9cision aujourd'hui. Cliquez ici!","breadcrumb":{"@id":"https:\/\/leocare.eu\/fr\/assurance-auto-en-ligne\/electrique\/location\/#breadcrumb"},"inLanguage":"fr-FR","potentialAction":[{"@type":"ReadAction","target":["https:\/\/leocare.eu\/fr\/assurance-auto-en-ligne\/electrique\/location\/"]}]},{"@type":"ImageObject","inLanguage":"fr-FR","@id":"https:\/\/leocare.eu\/fr\/assurance-auto-en-ligne\/electrique\/location\/#primaryimage","url":"https:\/\/leocare.eu\/fr\/wp-content\/uploads\/2021\/01\/assurance-auto-voiture-electrique-location.jpg","contentUrl":"https:\/\/leocare.eu\/fr\/wp-content\/uploads\/2021\/01\/assurance-auto-voiture-electrique-location.jpg","width":1900,"height":1200,"caption":"location voiture \u00e9lectrique"},{"@type":"WebSite","@id":"https:\/\/leocare.eu\/fr\/#website","url":"https:\/\/leocare.eu\/fr\/","name":"Leocare, assurance en ligne automobile et habitation","description":"enfin (r)assur\u00e9.e","publisher":{"@id":"https:\/\/leocare.eu\/fr\/#organization"},"potentialAction":[{"@type":"SearchAction","target":{"@type":"EntryPoint","urlTemplate":"https:\/\/leocare.eu\/fr\/?s={search_term_string}"},"query-input":{"@type":"PropertyValueSpecification","valueRequired":true,"valueName":"search_term_string"}}],"inLanguage":"fr-FR"},{"@type":"Organization","@id":"https:\/\/leocare.eu\/fr\/#organization","name":"Leocare, assurance en ligne automobile et habitation","url":"https:\/\/leocare.eu\/fr\/","logo":{"@type":"ImageObject","inLanguage":"fr-FR","@id":"https:\/\/leocare.eu\/fr\/#\/schema\/logo\/image\/","url":"https:\/\/leocare.eu\/fr\/wp-content\/uploads\/2020\/03\/logo-leocare.svg","contentUrl":"https:\/\/leocare.eu\/fr\/wp-content\/uploads\/2020\/03\/logo-leocare.svg","caption":"Leocare, assurance en ligne automobile et habitation"},"image":{"@id":"https:\/\/leocare.eu\/fr\/#\/schema\/logo\/image\/"}}]}},"_links":{"self":[{"href":"https:\/\/leocare.eu\/fr\/wp-json\/wp\/v2\/pages\/18305","targetHints":{"allow":["GET"]}}],"collection":[{"href":"https:\/\/leocare.eu\/fr\/wp-json\/wp\/v2\/pages"}],"about":[{"href":"https:\/\/leocare.eu\/fr\/wp-json\/wp\/v2\/types\/page"}],"author":[{"embeddable":true,"href":"https:\/\/leocare.eu\/fr\/wp-json\/wp\/v2\/users\/34"}],"replies":[{"embeddable":true,"href":"https:\/\/leocare.eu\/fr\/wp-json\/wp\/v2\/comments?post=18305"}],"version-history":[{"count":7,"href":"https:\/\/leocare.eu\/fr\/wp-json\/wp\/v2\/pages\/18305\/revisions"}],"predecessor-version":[{"id":29313,"href":"https:\/\/leocare.eu\/fr\/wp-json\/wp\/v2\/pages\/18305\/revisions\/29313"}],"up":[{"embeddable":true,"href":"https:\/\/leocare.eu\/fr\/wp-json\/wp\/v2\/pages\/17436"}],"wp:featuredmedia":[{"embeddable":true,"href":"https:\/\/leocare.eu\/fr\/wp-json\/wp\/v2\/media\/18179"}],"wp:attachment":[{"href":"https:\/\/leocare.eu\/fr\/wp-json\/wp\/v2\/media?parent=18305"}],"curies":[{"name":"wp","href":"https:\/\/api.w.org\/{rel}","templated":true}]}}