{"id":18294,"date":"2023-10-16T14:45:31","date_gmt":"2023-10-16T12:45:31","guid":{"rendered":"https:\/\/leocare.eu\/fr\/?page_id=18294"},"modified":"2026-04-07T16:37:13","modified_gmt":"2026-04-07T14:37:13","slug":"sport","status":"publish","type":"page","link":"https:\/\/leocare.eu\/fr\/assurance-auto-en-ligne\/electrique\/sport\/","title":{"rendered":"Quelle assurance choisir pour une voiture \u00e9lectrique de sport ?"},"content":{"rendered":"\n<p>Suite \u00e0 l\u2019acquisition d\u2019une voiture \u00e9lectrique de sport, les automobilistes sont confront\u00e9s \u00e0 un choix crucial pour garantir la protection optimale de leur pr\u00e9cieux v\u00e9hicule. Les voitures \u00e9lectriques de sport sont non seulement con\u00e7ues pour offrir des performances exceptionnelles, mais elles pr\u00e9sentent \u00e9galement des caract\u00e9ristiques uniques li\u00e9es \u00e0 leur motorisation \u00e9lectrique et \u00e0 leur technologie avanc\u00e9e.<\/p>\n\n\n\n<h2 class=\"wp-block-heading\" id=\"section-1\">Quelles sont les particularit\u00e9s des voitures \u00e9lectriques de sport ?<\/h2>\n\n\n\n<p>Les voitures \u00e9lectriques de sport se distinguent par leurs performances exceptionnelles, gr\u00e2ce \u00e0 une motorisation \u00e9lectrique qui offre une grande autonomie, un couple instantan\u00e9 et une acc\u00e9l\u00e9ration fulgurante. Cependant, cette technologie avanc\u00e9e peut \u00e9galement entra\u00eener des co\u00fbts de r\u00e9paration et d\u2019indemnisation plus \u00e9lev\u00e9s en cas de dommages. De plus, les batteries qui alimentent ces v\u00e9hicules peuvent repr\u00e9senter une part significative de leur valeur, n\u00e9cessitant une protection ad\u00e9quate en cas de panne \u00e9lectrique ou de dysfonctionnement.<\/p>\n\n\n\n<h2 class=\"wp-block-heading\" id=\"section-2\">Quels sont les risques des voitures \u00e9lectriques de sport ?<\/h2>\n\n\n\n<p>Les assurances fixent le montant des cotisations des contrats selon de nombreux crit\u00e8res, et parmi eux se trouve le taux de risque. Selon votre profil conducteur, les caract\u00e9ristiques de votre voiture et votre lieu de r\u00e9sidence, en autres, une assurance d\u00e9termine \u00e0 quel point vous avez de risque d\u2019avoir des accidents, des d\u00e9gradations ou m\u00eame un vol. Par exemple, une voiture est plus susceptible d\u2019\u00eatre vol\u00e9e si elle est stationn\u00e9e sur un parking ouvert que dans un garage priv\u00e9<\/p>\n\n\n\n<p>Les risques d\u2019une voiture \u00e9lectrique de sport sont multipli\u00e9s. En effet, le risque d\u2019accident est plus \u00e9lev\u00e9 car avec une voiture puissante, on est plus souvent tent\u00e9 de d\u00e9passer les limitations de vitesse. Or, rouler plus vite entra\u00eene un risque plus important d\u2019accident. Suite \u00e0 un sinistre entra\u00eenant des frais de r\u00e9paration,&nbsp;<a href=\"https:\/\/leocare.eu\/fr\/assurance-auto-en-ligne\/electrique\/reparation-assurance\/\">votre assurance doit pouvoir les prendre en charge<\/a>&nbsp;et, pour une voiture sportive, le prix de ces r\u00e9parations peut \u00eatre tr\u00e8s \u00e9lev\u00e9.<\/p>\n\n\n\n<p>Ensuite, le risque de vol et de d\u00e9gradation sont plus importants. Une voiture \u00e9lectrique sportive, par son co\u00fbt et ses performances, attise \u00e0 la fois la convoitise et la jalousie. C\u2019est la raison pour laquelle on ne peut que vous conseiller d\u2019\u00eatre bien couvert contre le vol, le vandalisme et les incendies.<\/p>\n\n\n\n<h2 class=\"wp-block-heading\" id=\"section-3\">Les formules d\u2019assurance classiques<\/h2>\n\n\n\n<p>Les compagnies proposent g\u00e9n\u00e9ralement trois principales formules d\u2019assurance : tiers, tiers plus et tous risques. Chacune de ces formules offre un niveau de couverture diff\u00e9rent pour les dommages caus\u00e9s \u00e0 votre v\u00e9hicule et aux tiers.<\/p>\n\n\n\n<ul class=\"wp-block-list\">\n<li>Assurance au tiers : cette formule de base couvre uniquement les dommages mat\u00e9riels et corporels caus\u00e9s aux tiers en cas d\u2019accident pour lequel vous \u00eates responsable. Cependant, elle ne couvre pas les dommages subis par votre propre v\u00e9hicule en cas d\u2019accident, de vol ou de sinistre. Ce n\u2019est donc pas une offre conseill\u00e9e pour un d\u00e9tenteur de voiture \u00e9lectrique sportive.<\/li>\n\n\n\n<li>Assurance tiers plus, ou interm\u00e9diaire : cette formule offre une couverture plus \u00e9tendue en ajoutant g\u00e9n\u00e9ralement des garanties contre le vol, l\u2019incendie et les forces de la nature. Cependant, elle ne couvre toujours pas les dommages caus\u00e9s \u00e0 votre propre v\u00e9hicule en cas d\u2019accident, ce qui est dommage car, comme on l\u2019a dit, le risque d\u2019accident avec ce type de v\u00e9hicule est plus important.<\/li>\n\n\n\n<li>Assurance Tous Risques : cette formule offre une protection compl\u00e8te en couvrant les dommages caus\u00e9s \u00e0 votre propre v\u00e9hicule en cas d\u2019accident, m\u00eame si vous \u00eates responsable. Elle inclut \u00e9galement les garanties offertes par les formules pr\u00e9c\u00e9dentes. C\u2019est la formule la plus compl\u00e8te et elle est particuli\u00e8rement pertinente pour les propri\u00e9taires de voitures \u00e9lectriques de sport.<\/li>\n<\/ul>\n\n\n\n<h2 class=\"wp-block-heading\" id=\"section-4\">Comment choisir la formule adapt\u00e9e \u00e0 votre voiture \u00e9lectrique de sport ?<\/h2>\n\n\n\n<p>Lorsqu\u2019il s\u2019agit d\u2019assurer une voiture \u00e9lectrique de sport, la formule d\u2019assurance tous risques se d\u00e9marque comme la plus adapt\u00e9e. Les performances sup\u00e9rieures de ces v\u00e9hicules les exposent potentiellement \u00e0 un plus grand risque d\u2019accidents, et la technologie avanc\u00e9e peut engendrer des co\u00fbts de r\u00e9paration plus \u00e9lev\u00e9s. Une assurance tous risques offre une protection maximale pour les dommages caus\u00e9s \u00e0 votre v\u00e9hicule, qu\u2019ils r\u00e9sultent d\u2019un accident, d\u2019un vol ou d\u2019autres incidents.<\/p>\n\n\n\n<p>Bien souvent, les voitures \u00e9lectriques de sport sont utilis\u00e9es majoritairement en week-end ou pour des trajets ponctuels. Si c\u2019est l\u2019usage que vous faites de votre v\u00e9hicule, choisir une assurance au kilom\u00e8tre avec la m\u00eame couverture qu\u2019une formule tous risques est une solution pertinente. Vos cotisations seront calcul\u00e9es en fonction de votre kilom\u00e9trage, mais vous b\u00e9n\u00e9ficierez quand m\u00eame des meilleures garanties.<\/p>\n\n\n\n<p>Autrement, si votre voiture \u00e9lectrique de sport est consid\u00e9r\u00e9e comme \u00e9tant haut de gamme comme les mod\u00e8les Aston Martin Rapid E, Posche Taycan ou Tesla Model S, votre&nbsp;<a href=\"https:\/\/leocare.eu\/fr\/assurance-auto-en-ligne\/electrique\/\">assurance voiture \u00e9lectrique<\/a>&nbsp;doit \u00eatre encore plus adapt\u00e9e. Dans ce cas, vous pouvez opter pour une assurance automobile de luxe.<\/p>\n\n\n\n<p>Pour \u00eatre s\u00fbr de trouver l\u2019offre la plus adapt\u00e9e \u00e0 vos besoins, passez par un comparateur d\u2019assurances en ligne ! Vous obtiendrez les devis de plusieurs compagnies d\u2019assurances et vous pourrez faire un choix plus \u00e9clair\u00e9 selon votre situation.<\/p>\n\n\n\n<h2 class=\"wp-block-heading\" id=\"section-5\">Les garanties compl\u00e9mentaires pour une couverture personnalis\u00e9e<\/h2>\n\n\n\n<p>En plus de choisir la formule d\u2019assurance adapt\u00e9e \u00e0 votre voiture \u00e9lectrique de sport, vous pourriez envisager d\u2019ajouter des garanties compl\u00e9mentaires pour une couverture encore plus personnalis\u00e9e. Par exemple, certaines compagnies d\u2019assurance offrent des garanties pour les pannes \u00e9lectriques, ce qui peut \u00eatre particuli\u00e8rement important pour les v\u00e9hicules \u00e9lectriques de sport \u00e9quip\u00e9s de batteries sophistiqu\u00e9es. L\u2019assistance sera pens\u00e9e pour vous emmener vers la borne de recharge la plus proche. Vous pourriez \u00e9galement envisager des garanties pour les accessoires sp\u00e9cifiques de votre v\u00e9hicule ou pour la couverture de vos \u00e9quipements de recharge.<\/p>\n\n\n\n<div class=\"bon-a-savoir\">\n\n\n\n<h3 class=\"wp-block-heading\">Que faire de l\u2019assurance lorsqu\u2019on vend sa voiture \u00e9lectrique \u00e0 un particulier ?<\/h3>\n\n\n\n<p>En cas de&nbsp;<a href=\"https:\/\/leocare.eu\/fr\/assurance-auto-en-ligne\/electrique\/vente-a-particulier\/\">vente de votre v\u00e9hicule \u00e9lectrique de sport \u00e0 un particulier<\/a>, la premi\u00e8re \u00e9tape est d\u2019en informer votre compagnie d\u2019assurance. Suite \u00e0 cela, votre assureur vous proposera plusieurs solutions selon votre situation.<\/p>\n\n\n\n<\/div>\n","protected":false},"excerpt":{"rendered":"<p>Suite \u00e0 l\u2019acquisition d\u2019une voiture \u00e9lectrique de sport, les automobilistes sont confront\u00e9s \u00e0 un choix crucial pour garantir la protection optimale de leur pr\u00e9cieux v\u00e9hicule. Les voitures \u00e9lectriques de sport sont non seulement con\u00e7ues pour offrir des performances exceptionnelles, mais elles pr\u00e9sentent \u00e9galement des caract\u00e9ristiques uniques li\u00e9es \u00e0 leur motorisation \u00e9lectrique et \u00e0 leur technologie [&hellip;]<\/p>\n","protected":false},"author":34,"featured_media":18159,"parent":17436,"menu_order":0,"comment_status":"closed","ping_status":"closed","template":"template_seo.php","meta":{"_acf_changed":false,"footnotes":""},"class_list":["post-18294","page","type-page","status-publish","has-post-thumbnail","hentry"],"acf":[],"yoast_head":"<!-- This site is optimized with the Yoast SEO plugin v27.3 - https:\/\/yoast.com\/product\/yoast-seo-wordpress\/ -->\n<title>Quelle assurance auto pour une voiture \u00e9lectrique de sport ?<\/title>\n<meta name=\"description\" content=\"D\u00e9couvrez comment choisir la meilleure assurance pour votre voiture \u00e9lectrique de sport. Apprenez-en plus ici pour une protection optimale !\" \/>\n<meta name=\"robots\" content=\"index, follow, max-snippet:-1, max-image-preview:large, max-video-preview:-1\" \/>\n<link rel=\"canonical\" href=\"https:\/\/leocare.eu\/fr\/assurance-auto-en-ligne\/electrique\/sport\/\" \/>\n<meta property=\"og:locale\" content=\"fr_FR\" \/>\n<meta property=\"og:type\" content=\"article\" \/>\n<meta property=\"og:title\" content=\"Quelle assurance auto pour une voiture \u00e9lectrique de sport ?\" \/>\n<meta property=\"og:description\" content=\"D\u00e9couvrez comment choisir la meilleure assurance pour votre voiture \u00e9lectrique de sport. Apprenez-en plus ici pour une protection optimale !\" \/>\n<meta property=\"og:url\" content=\"https:\/\/leocare.eu\/fr\/assurance-auto-en-ligne\/electrique\/sport\/\" \/>\n<meta property=\"og:site_name\" content=\"Leocare, assurance en ligne automobile et habitation\" \/>\n<meta property=\"article:modified_time\" content=\"2026-04-07T14:37:13+00:00\" \/>\n<meta property=\"og:image\" content=\"https:\/\/leocare.eu\/fr\/wp-content\/uploads\/2021\/01\/quelle-assurance-voiture-electrique-sport.jpg\" \/>\n\t<meta property=\"og:image:width\" content=\"1900\" \/>\n\t<meta property=\"og:image:height\" content=\"1200\" \/>\n\t<meta property=\"og:image:type\" content=\"image\/jpeg\" \/>\n<meta name=\"twitter:card\" content=\"summary_large_image\" \/>\n<meta name=\"twitter:label1\" content=\"Dur\u00e9e de lecture estim\u00e9e\" \/>\n\t<meta name=\"twitter:data1\" content=\"5 minutes\" \/>\n<!-- \/ Yoast SEO plugin. -->","yoast_head_json":{"title":"Quelle assurance auto pour une voiture \u00e9lectrique de sport ?","description":"D\u00e9couvrez comment choisir la meilleure assurance pour votre voiture \u00e9lectrique de sport. Apprenez-en plus ici pour une protection optimale !","robots":{"index":"index","follow":"follow","max-snippet":"max-snippet:-1","max-image-preview":"max-image-preview:large","max-video-preview":"max-video-preview:-1"},"canonical":"https:\/\/leocare.eu\/fr\/assurance-auto-en-ligne\/electrique\/sport\/","og_locale":"fr_FR","og_type":"article","og_title":"Quelle assurance auto pour une voiture \u00e9lectrique de sport ?","og_description":"D\u00e9couvrez comment choisir la meilleure assurance pour votre voiture \u00e9lectrique de sport. Apprenez-en plus ici pour une protection optimale !","og_url":"https:\/\/leocare.eu\/fr\/assurance-auto-en-ligne\/electrique\/sport\/","og_site_name":"Leocare, assurance en ligne automobile et habitation","article_modified_time":"2026-04-07T14:37:13+00:00","og_image":[{"width":1900,"height":1200,"url":"https:\/\/leocare.eu\/fr\/wp-content\/uploads\/2021\/01\/quelle-assurance-voiture-electrique-sport.jpg","type":"image\/jpeg"}],"twitter_card":"summary_large_image","twitter_misc":{"Dur\u00e9e de lecture estim\u00e9e":"5 minutes"},"schema":{"@context":"https:\/\/schema.org","@graph":[{"@type":"WebPage","@id":"https:\/\/leocare.eu\/fr\/assurance-auto-en-ligne\/electrique\/sport\/","url":"https:\/\/leocare.eu\/fr\/assurance-auto-en-ligne\/electrique\/sport\/","name":"Quelle assurance auto pour une voiture \u00e9lectrique de sport ?","isPartOf":{"@id":"https:\/\/leocare.eu\/fr\/#website"},"primaryImageOfPage":{"@id":"https:\/\/leocare.eu\/fr\/assurance-auto-en-ligne\/electrique\/sport\/#primaryimage"},"image":{"@id":"https:\/\/leocare.eu\/fr\/assurance-auto-en-ligne\/electrique\/sport\/#primaryimage"},"thumbnailUrl":"https:\/\/leocare.eu\/fr\/wp-content\/uploads\/2021\/01\/quelle-assurance-voiture-electrique-sport.jpg","datePublished":"2023-10-16T12:45:31+00:00","dateModified":"2026-04-07T14:37:13+00:00","description":"D\u00e9couvrez comment choisir la meilleure assurance pour votre voiture \u00e9lectrique de sport. Apprenez-en plus ici pour une protection optimale !","breadcrumb":{"@id":"https:\/\/leocare.eu\/fr\/assurance-auto-en-ligne\/electrique\/sport\/#breadcrumb"},"inLanguage":"fr-FR","potentialAction":[{"@type":"ReadAction","target":["https:\/\/leocare.eu\/fr\/assurance-auto-en-ligne\/electrique\/sport\/"]}]},{"@type":"ImageObject","inLanguage":"fr-FR","@id":"https:\/\/leocare.eu\/fr\/assurance-auto-en-ligne\/electrique\/sport\/#primaryimage","url":"https:\/\/leocare.eu\/fr\/wp-content\/uploads\/2021\/01\/quelle-assurance-voiture-electrique-sport.jpg","contentUrl":"https:\/\/leocare.eu\/fr\/wp-content\/uploads\/2021\/01\/quelle-assurance-voiture-electrique-sport.jpg","width":1900,"height":1200,"caption":"voiture \u00e9lectrique sportive"},{"@type":"WebSite","@id":"https:\/\/leocare.eu\/fr\/#website","url":"https:\/\/leocare.eu\/fr\/","name":"Leocare, assurance en ligne automobile et habitation","description":"enfin (r)assur\u00e9.e","publisher":{"@id":"https:\/\/leocare.eu\/fr\/#organization"},"potentialAction":[{"@type":"SearchAction","target":{"@type":"EntryPoint","urlTemplate":"https:\/\/leocare.eu\/fr\/?s={search_term_string}"},"query-input":{"@type":"PropertyValueSpecification","valueRequired":true,"valueName":"search_term_string"}}],"inLanguage":"fr-FR"},{"@type":"Organization","@id":"https:\/\/leocare.eu\/fr\/#organization","name":"Leocare, assurance en ligne automobile et habitation","url":"https:\/\/leocare.eu\/fr\/","logo":{"@type":"ImageObject","inLanguage":"fr-FR","@id":"https:\/\/leocare.eu\/fr\/#\/schema\/logo\/image\/","url":"https:\/\/leocare.eu\/fr\/wp-content\/uploads\/2020\/03\/logo-leocare.svg","contentUrl":"https:\/\/leocare.eu\/fr\/wp-content\/uploads\/2020\/03\/logo-leocare.svg","caption":"Leocare, assurance en ligne automobile et habitation"},"image":{"@id":"https:\/\/leocare.eu\/fr\/#\/schema\/logo\/image\/"}}]}},"_links":{"self":[{"href":"https:\/\/leocare.eu\/fr\/wp-json\/wp\/v2\/pages\/18294","targetHints":{"allow":["GET"]}}],"collection":[{"href":"https:\/\/leocare.eu\/fr\/wp-json\/wp\/v2\/pages"}],"about":[{"href":"https:\/\/leocare.eu\/fr\/wp-json\/wp\/v2\/types\/page"}],"author":[{"embeddable":true,"href":"https:\/\/leocare.eu\/fr\/wp-json\/wp\/v2\/users\/34"}],"replies":[{"embeddable":true,"href":"https:\/\/leocare.eu\/fr\/wp-json\/wp\/v2\/comments?post=18294"}],"version-history":[{"count":6,"href":"https:\/\/leocare.eu\/fr\/wp-json\/wp\/v2\/pages\/18294\/revisions"}],"predecessor-version":[{"id":29223,"href":"https:\/\/leocare.eu\/fr\/wp-json\/wp\/v2\/pages\/18294\/revisions\/29223"}],"up":[{"embeddable":true,"href":"https:\/\/leocare.eu\/fr\/wp-json\/wp\/v2\/pages\/17436"}],"wp:featuredmedia":[{"embeddable":true,"href":"https:\/\/leocare.eu\/fr\/wp-json\/wp\/v2\/media\/18159"}],"wp:attachment":[{"href":"https:\/\/leocare.eu\/fr\/wp-json\/wp\/v2\/media?parent=18294"}],"curies":[{"name":"wp","href":"https:\/\/api.w.org\/{rel}","templated":true}]}}