{"id":18279,"date":"2023-10-16T14:24:52","date_gmt":"2023-10-16T12:24:52","guid":{"rendered":"https:\/\/leocare.eu\/fr\/?page_id=18279"},"modified":"2026-04-07T16:46:53","modified_gmt":"2026-04-07T14:46:53","slug":"accident-que-faire","status":"publish","type":"page","link":"https:\/\/leocare.eu\/fr\/assurance-auto-en-ligne\/electrique\/accident-que-faire\/","title":{"rendered":"Que faire avec son assurance en cas d\u2019accident de voiture \u00e9lectrique ?"},"content":{"rendered":"\n<p>Lorsque la tranquillit\u00e9 de votre conduite est soudainement perturb\u00e9e par un accident, savoir comment r\u00e9agir en gardant son sang froid est essentiel. Cette importance est encore plus prononc\u00e9e lorsque vous conduisez une voiture \u00e9lectrique, car les aspects sp\u00e9cifiques de ces v\u00e9hicules peuvent n\u00e9cessiter une attention particuli\u00e8re en cas d&rsquo;accident par rapport aux voitures essence ou diesel. Alors, quels sont les gestes \u00e0 adopter ? Y\u2019a-t\u2019il des choses \u00e0 savoir lorsque l\u2019accident implique des voitures \u00e9lectriques ? Dans quel ordre faut-il agir ? On vous explique tout !<\/p>\n\n\n\n<h2 class=\"wp-block-heading\" id=\"section-1\">Assurez votre s\u00e9curit\u00e9 et celle des autres<\/h2>\n\n\n\n<p>La s\u00e9curit\u00e9 en cas d\u2019accident doit \u00eatre votre priorit\u00e9 absolue. La premi\u00e8re \u00e9tape, v\u00eatue d\u2019un gilet r\u00e9tro-r\u00e9fl\u00e9chissant, est de vous assurer de la s\u00e9curit\u00e9 de tous les tiers impliqu\u00e9s. Cela inclut non seulement les conducteurs et les passagers de tous les v\u00e9hicules concern\u00e9s, mais \u00e9galement les pi\u00e9tons et les t\u00e9moins \u00e9ventuels. Une fois que vous vous \u00eates assur\u00e9 que tous les usagers soient en s\u00e9curit\u00e9, activez imm\u00e9diatement les feux de d\u00e9tresse et signalez la pr\u00e9sence d\u2019un danger sur la route avec des triangles de signalisation. Si n\u00e9cessaire, appelez les services d\u2019urgence en composant le 15, le 18 ou le 112 et les forces de l\u2019ordre au 17. En garantissant la s\u00e9curit\u00e9 de tous, vous contribuez \u00e0 \u00e9viter d\u2019autres dommages.<\/p>\n\n\n\n<div class=\"bon-a-savoir\">\n\n\n\n<h3 class=\"wp-block-heading\">Que faire lorsqu\u2019on a un accident avec un tiers non assur\u00e9 ?<\/h3>\n\n\n\n<p>Tout v\u00e9hicule en capacit\u00e9 de circuler doit \u00eatre assur\u00e9,&nbsp;<a href=\"https:\/\/leocare.eu\/fr\/assurance-auto-en-ligne\/electrique\/voiture-non-assuree-laissee-parking\/\">m\u00eame s\u2019il est constamment stationn\u00e9<\/a>. De ce fait, quand la responsabilit\u00e9 d\u2019un automobiliste non-assur\u00e9 est engag\u00e9e dans un accident, la victime du sinistre peut faire appel au FGAO. Le Fonds de Garantie des Assurances Obligatoires de Dommages a pour r\u00f4le d\u2019indemniser les victimes d\u2019accidents se trouvant dans des situations o\u00f9 le responsable n\u2019est pas assur\u00e9.<\/p>\n\n\n\n<\/div>\n\n\n\n<h2 class=\"wp-block-heading\" id=\"section-2\">Collectez des informations<\/h2>\n\n\n\n<p>L\u2019obtention d\u2019un maximum d\u2019informations pr\u00e9cises apr\u00e8s un accident est cruciale pour toute r\u00e9clamation future. \u00c9changez avec les autres conducteurs impliqu\u00e9s mais aussi avec les t\u00e9moins de l\u2019accident. L\u2019id\u00e9e est notamment de conna\u00eetre les noms, les num\u00e9ros de t\u00e9l\u00e9phone, les num\u00e9ros d\u2019immatriculation des v\u00e9hicules et les noms des compagnies d\u2019assurance. C\u2019est d\u2019ailleurs le moment de remplir un constat \u00e0 l\u2019amiable avec ces informations. Ce document officiel permettra de d\u00e9terminer les causes et les responsabilit\u00e9s du sinistre. Le constat sera \u00e0 envoyer au maximum 5 jours apr\u00e8s l\u2019accident \u00e0 votre assureur qui sera charg\u00e9 de vous donner une indemnisation le cas \u00e9ch\u00e9ant.<\/p>\n\n\n\n<p>Il arrive que les automobilistes refusent de signer les constats, de peur de recevoir un malus et de voir leur prime d\u2019assurance augmenter. Dans ce cas, il est primordial de prendre des photos d\u00e9taill\u00e9es de la sc\u00e8ne de l\u2019accident, des d\u00e9g\u00e2ts caus\u00e9s aux v\u00e9hicules et de la position des v\u00e9hicules. Ces preuves visuelles peuvent jouer un r\u00f4le cl\u00e9 dans le processus d\u2019indemnisation. Vous pouvez prendre ces photos m\u00eame si vous avez obtenu une signature du constat amiable, cela permettra toujours \u00e0 votre assureur de traiter le sinistre plus rapidement.<\/p>\n\n\n\n<div class=\"bon-a-savoir\">\n\n\n\n<h3 class=\"wp-block-heading\">Que faire lorsqu\u2019on a un accident avec une voiture de fonction ?<\/h3>\n\n\n\n<p>En g\u00e9n\u00e9ral, l\u2019assurance d\u2019une voiture de fonction est&nbsp;<a href=\"https:\/\/leocare.eu\/fr\/assurance-auto-en-ligne\/electrique\/prise-en-charge-employeur\/\">prise en charge par l\u2019employeur<\/a>, puisqu\u2019il est le propri\u00e9taire de la voiture. En cas d\u2019accident, c\u2019est \u00e0 l\u2019employ\u00e9 de d\u00e9clarer le sinistre \u00e0 l\u2019assureur du v\u00e9hicule, en revanche, c\u2019est \u00e0 l\u2019assur\u00e9, donc \u00e0 l\u2019employeur, d\u2019assumer les cons\u00e9quences financi\u00e8res du sinistre.<\/p>\n\n\n\n<\/div>\n\n\n\n<h2 class=\"wp-block-heading\" id=\"section-3\">Contactez votre compagnie d\u2019assurance<\/h2>\n\n\n\n<p>D\u00e8s que possible, contactez votre compagnie charg\u00e9e de votre&nbsp;<a href=\"https:\/\/leocare.eu\/fr\/assurance-auto-en-ligne\/electrique\/\">assurance voiture \u00e9lectrique<\/a>&nbsp;pour signaler l\u2019accident. Fournissez tous les d\u00e9tails pertinents, y compris la date, l\u2019heure, l\u2019emplacement et les d\u00e9tails des dommages. L\u2019indemnisation d\u00e9pend des formules d\u2019assurance, si vous avez une assurance au tiers, l\u2019assurance de la personne responsable de l\u2019accident couvrira vos dommages. Si vous avez une assurance tous risques, couvrant les dommages tous accidents, vous serez couvert m\u00eame si vous \u00eates responsable.<\/p>\n\n\n\n<div class=\"bon-a-savoir\">\n\n\n\n<h3 class=\"wp-block-heading\">Quelle assurance choisir pour une voiture \u00e9lectrique ?<\/h3>\n\n\n\n<p>70% des conducteurs de voiture \u00e9lectrique se tournent vers une assurance tous risques offrant une large couverture. D\u2019autres se tournent vers une assurance sp\u00e9cialis\u00e9e dans l\u2019\u00e9lectrique. L\u2019avantage de ce type d\u2019assurance est la prise en compte des caract\u00e9ristiques sp\u00e9cifiques de ce type de v\u00e9hicule. Par exemple, si vous avez une voiture avec une faible autonomie, il peut \u00eatre pratique d\u2019avoir une assistance vous emmenant \u00e0 une borne de recharge proche en cas de panne \u00e9lectrique.<\/p>\n\n\n\n<p><a href=\"https:\/\/leocare.eu\/fr\/assurance-auto-en-ligne\/couverture\/formules\/specifiques\/au-km\/petit-rouleur\/\">Si vous roulez peu<\/a>, il existe d\u2019autres types d\u2019assurance qui pourront vous convenir, comme une assurance au kilom\u00e8tre ou une formule Pay As You Drive.<\/p>\n\n\n\n<p>Pour trouver l\u2019offre qui conviendra \u00e0 vos besoins, passer par un comparateur d\u2019assurances en ligne est une bonne solution !<\/p>\n\n\n\n<\/div>\n\n\n\n<h2 class=\"wp-block-heading\" id=\"section-4\">D\u00e9terminez les dommages \u00e9lectriques<\/h2>\n\n\n\n<p>L\u2019un des aspects prioritaires \u00e0 prendre en compte lors d\u2019un accident de voiture \u00e9lectrique ou hybride est l\u2019\u00e9tat des batteries et du syst\u00e8me d\u2019\u00e9lectricit\u00e9. Signalez tout dysfonctionnement ou panne \u00e9lectrique \u00e0 votre assureur, car ces dommages peuvent influencer la s\u00e9curit\u00e9 et la performance de votre v\u00e9hicule \u00e0 long terme. Obtenir une \u00e9valuation pr\u00e9cise des dommages \u00e9lectriques est crucial pour \u00e9viter des probl\u00e8mes futurs.<\/p>\n\n\n\n<h2 class=\"wp-block-heading\" id=\"section-5\">\u00c9valuez les options de r\u00e9paration<\/h2>\n\n\n\n<p>Une fois que votre assurance aura \u00e9t\u00e9 contact\u00e9e, vous serez orient\u00e9 vers un garage agr\u00e9\u00e9. Il est important de v\u00e9rifier que le garage en question dispose de l\u2019expertise n\u00e9cessaire pour r\u00e9parer les v\u00e9hicules \u00e9lectriques, car ces derniers peuvent n\u00e9cessiter une attention particuli\u00e8re. Les dommages aux batteries n\u00e9cessitent souvent des comp\u00e9tences sp\u00e9cialis\u00e9es pour \u00e9valuer s\u2019ils peuvent \u00eatre r\u00e9par\u00e9s ou s\u2019ils doivent \u00eatre remplac\u00e9s.<\/p>\n\n\n\n<h2 class=\"wp-block-heading\" id=\"section-6\">V\u00e9rifiez votre assurance habitation<\/h2>\n\n\n\n<p>Si l\u2019accident a eu lieu chez vous, il est utile de v\u00e9rifier si votre assurance habitation couvre les accidents de voiture qui se produisent sur votre propri\u00e9t\u00e9. Cela peut s\u2019appliquer m\u00eame si vous conduisez une voiture \u00e9lectrique, offrant ainsi une couverture suppl\u00e9mentaire pour les dommages mat\u00e9riels.<\/p>\n","protected":false},"excerpt":{"rendered":"<p>Lorsque la tranquillit\u00e9 de votre conduite est soudainement perturb\u00e9e par un accident, savoir comment r\u00e9agir en gardant son sang froid est essentiel. Cette importance est encore plus prononc\u00e9e lorsque vous conduisez une voiture \u00e9lectrique, car les aspects sp\u00e9cifiques de ces v\u00e9hicules peuvent n\u00e9cessiter une attention particuli\u00e8re en cas d&rsquo;accident par rapport aux voitures essence ou [&hellip;]<\/p>\n","protected":false},"author":34,"featured_media":18161,"parent":17436,"menu_order":0,"comment_status":"closed","ping_status":"closed","template":"template_seo.php","meta":{"_acf_changed":false,"footnotes":""},"class_list":["post-18279","page","type-page","status-publish","has-post-thumbnail","hentry"],"acf":[],"yoast_head":"<!-- This site is optimized with the Yoast SEO plugin v27.3 - https:\/\/yoast.com\/product\/yoast-seo-wordpress\/ -->\n<title>Accident voiture \u00e9lectrique : que faire avec l\u2019assurance<\/title>\n<meta name=\"description\" content=\"Victime d&#039;un accident en voiture \u00e9lectrique? D\u00e9couvrez les d\u00e9marches aupr\u00e8s de l&#039;assurance et comment bien g\u00e9rer. Agissez maintenant pour garantir vos droits!\" \/>\n<meta name=\"robots\" content=\"index, follow, max-snippet:-1, max-image-preview:large, max-video-preview:-1\" \/>\n<link rel=\"canonical\" href=\"https:\/\/leocare.eu\/fr\/assurance-auto-en-ligne\/electrique\/accident-que-faire\/\" \/>\n<meta property=\"og:locale\" content=\"fr_FR\" \/>\n<meta property=\"og:type\" content=\"article\" \/>\n<meta property=\"og:title\" content=\"Accident voiture \u00e9lectrique : que faire avec l\u2019assurance\" \/>\n<meta property=\"og:description\" content=\"Victime d&#039;un accident en voiture \u00e9lectrique? D\u00e9couvrez les d\u00e9marches aupr\u00e8s de l&#039;assurance et comment bien g\u00e9rer. Agissez maintenant pour garantir vos droits!\" \/>\n<meta property=\"og:url\" content=\"https:\/\/leocare.eu\/fr\/assurance-auto-en-ligne\/electrique\/accident-que-faire\/\" \/>\n<meta property=\"og:site_name\" content=\"Leocare, assurance en ligne automobile et habitation\" \/>\n<meta property=\"article:modified_time\" content=\"2026-04-07T14:46:53+00:00\" \/>\n<meta property=\"og:image\" content=\"https:\/\/leocare.eu\/fr\/wp-content\/uploads\/2021\/01\/que-faire-en-cas-accident-voiture-electrique-assurance.jpg\" \/>\n\t<meta property=\"og:image:width\" content=\"1900\" \/>\n\t<meta property=\"og:image:height\" content=\"1200\" \/>\n\t<meta property=\"og:image:type\" content=\"image\/jpeg\" \/>\n<meta name=\"twitter:card\" content=\"summary_large_image\" \/>\n<meta name=\"twitter:label1\" content=\"Dur\u00e9e de lecture estim\u00e9e\" \/>\n\t<meta name=\"twitter:data1\" content=\"5 minutes\" \/>\n<!-- \/ Yoast SEO plugin. -->","yoast_head_json":{"title":"Accident voiture \u00e9lectrique : que faire avec l\u2019assurance","description":"Victime d'un accident en voiture \u00e9lectrique? D\u00e9couvrez les d\u00e9marches aupr\u00e8s de l'assurance et comment bien g\u00e9rer. Agissez maintenant pour garantir vos droits!","robots":{"index":"index","follow":"follow","max-snippet":"max-snippet:-1","max-image-preview":"max-image-preview:large","max-video-preview":"max-video-preview:-1"},"canonical":"https:\/\/leocare.eu\/fr\/assurance-auto-en-ligne\/electrique\/accident-que-faire\/","og_locale":"fr_FR","og_type":"article","og_title":"Accident voiture \u00e9lectrique : que faire avec l\u2019assurance","og_description":"Victime d'un accident en voiture \u00e9lectrique? D\u00e9couvrez les d\u00e9marches aupr\u00e8s de l'assurance et comment bien g\u00e9rer. Agissez maintenant pour garantir vos droits!","og_url":"https:\/\/leocare.eu\/fr\/assurance-auto-en-ligne\/electrique\/accident-que-faire\/","og_site_name":"Leocare, assurance en ligne automobile et habitation","article_modified_time":"2026-04-07T14:46:53+00:00","og_image":[{"width":1900,"height":1200,"url":"https:\/\/leocare.eu\/fr\/wp-content\/uploads\/2021\/01\/que-faire-en-cas-accident-voiture-electrique-assurance.jpg","type":"image\/jpeg"}],"twitter_card":"summary_large_image","twitter_misc":{"Dur\u00e9e de lecture estim\u00e9e":"5 minutes"},"schema":{"@context":"https:\/\/schema.org","@graph":[{"@type":"WebPage","@id":"https:\/\/leocare.eu\/fr\/assurance-auto-en-ligne\/electrique\/accident-que-faire\/","url":"https:\/\/leocare.eu\/fr\/assurance-auto-en-ligne\/electrique\/accident-que-faire\/","name":"Accident voiture \u00e9lectrique : que faire avec l\u2019assurance","isPartOf":{"@id":"https:\/\/leocare.eu\/fr\/#website"},"primaryImageOfPage":{"@id":"https:\/\/leocare.eu\/fr\/assurance-auto-en-ligne\/electrique\/accident-que-faire\/#primaryimage"},"image":{"@id":"https:\/\/leocare.eu\/fr\/assurance-auto-en-ligne\/electrique\/accident-que-faire\/#primaryimage"},"thumbnailUrl":"https:\/\/leocare.eu\/fr\/wp-content\/uploads\/2021\/01\/que-faire-en-cas-accident-voiture-electrique-assurance.jpg","datePublished":"2023-10-16T12:24:52+00:00","dateModified":"2026-04-07T14:46:53+00:00","description":"Victime d'un accident en voiture \u00e9lectrique? D\u00e9couvrez les d\u00e9marches aupr\u00e8s de l'assurance et comment bien g\u00e9rer. Agissez maintenant pour garantir vos droits!","breadcrumb":{"@id":"https:\/\/leocare.eu\/fr\/assurance-auto-en-ligne\/electrique\/accident-que-faire\/#breadcrumb"},"inLanguage":"fr-FR","potentialAction":[{"@type":"ReadAction","target":["https:\/\/leocare.eu\/fr\/assurance-auto-en-ligne\/electrique\/accident-que-faire\/"]}]},{"@type":"ImageObject","inLanguage":"fr-FR","@id":"https:\/\/leocare.eu\/fr\/assurance-auto-en-ligne\/electrique\/accident-que-faire\/#primaryimage","url":"https:\/\/leocare.eu\/fr\/wp-content\/uploads\/2021\/01\/que-faire-en-cas-accident-voiture-electrique-assurance.jpg","contentUrl":"https:\/\/leocare.eu\/fr\/wp-content\/uploads\/2021\/01\/que-faire-en-cas-accident-voiture-electrique-assurance.jpg","width":1900,"height":1200,"caption":"accident voiture \u00e9lectrique"},{"@type":"WebSite","@id":"https:\/\/leocare.eu\/fr\/#website","url":"https:\/\/leocare.eu\/fr\/","name":"Leocare, assurance en ligne automobile et habitation","description":"enfin (r)assur\u00e9.e","publisher":{"@id":"https:\/\/leocare.eu\/fr\/#organization"},"potentialAction":[{"@type":"SearchAction","target":{"@type":"EntryPoint","urlTemplate":"https:\/\/leocare.eu\/fr\/?s={search_term_string}"},"query-input":{"@type":"PropertyValueSpecification","valueRequired":true,"valueName":"search_term_string"}}],"inLanguage":"fr-FR"},{"@type":"Organization","@id":"https:\/\/leocare.eu\/fr\/#organization","name":"Leocare, assurance en ligne automobile et habitation","url":"https:\/\/leocare.eu\/fr\/","logo":{"@type":"ImageObject","inLanguage":"fr-FR","@id":"https:\/\/leocare.eu\/fr\/#\/schema\/logo\/image\/","url":"https:\/\/leocare.eu\/fr\/wp-content\/uploads\/2020\/03\/logo-leocare.svg","contentUrl":"https:\/\/leocare.eu\/fr\/wp-content\/uploads\/2020\/03\/logo-leocare.svg","caption":"Leocare, assurance en ligne automobile et habitation"},"image":{"@id":"https:\/\/leocare.eu\/fr\/#\/schema\/logo\/image\/"}}]}},"_links":{"self":[{"href":"https:\/\/leocare.eu\/fr\/wp-json\/wp\/v2\/pages\/18279","targetHints":{"allow":["GET"]}}],"collection":[{"href":"https:\/\/leocare.eu\/fr\/wp-json\/wp\/v2\/pages"}],"about":[{"href":"https:\/\/leocare.eu\/fr\/wp-json\/wp\/v2\/types\/page"}],"author":[{"embeddable":true,"href":"https:\/\/leocare.eu\/fr\/wp-json\/wp\/v2\/users\/34"}],"replies":[{"embeddable":true,"href":"https:\/\/leocare.eu\/fr\/wp-json\/wp\/v2\/comments?post=18279"}],"version-history":[{"count":9,"href":"https:\/\/leocare.eu\/fr\/wp-json\/wp\/v2\/pages\/18279\/revisions"}],"predecessor-version":[{"id":36012,"href":"https:\/\/leocare.eu\/fr\/wp-json\/wp\/v2\/pages\/18279\/revisions\/36012"}],"up":[{"embeddable":true,"href":"https:\/\/leocare.eu\/fr\/wp-json\/wp\/v2\/pages\/17436"}],"wp:featuredmedia":[{"embeddable":true,"href":"https:\/\/leocare.eu\/fr\/wp-json\/wp\/v2\/media\/18161"}],"wp:attachment":[{"href":"https:\/\/leocare.eu\/fr\/wp-json\/wp\/v2\/media?parent=18279"}],"curies":[{"name":"wp","href":"https:\/\/api.w.org\/{rel}","templated":true}]}}