{"id":18276,"date":"2023-10-16T16:44:37","date_gmt":"2023-10-16T14:44:37","guid":{"rendered":"https:\/\/leocare.eu\/fr\/?page_id=18276"},"modified":"2026-04-07T16:46:52","modified_gmt":"2026-04-07T14:46:52","slug":"prise-en-charge-par-assurance","status":"publish","type":"page","link":"https:\/\/leocare.eu\/fr\/assurance-auto-en-ligne\/electrique\/prise-en-charge-par-assurance\/","title":{"rendered":"Comment demander la prise en charge de sa voiture \u00e9lectrique \u00e0 son assurance ?"},"content":{"rendered":"\n<p>Que ce soit en \u00e9lectrique ou hybride, essence ou diesel, une des choses les plus importantes \u00e0 conna\u00eetre lorsqu\u2019on prend la route est de conna\u00eetre les prises en charge disponibles dans son contrat d\u2019<a href=\"https:\/\/leocare.eu\/fr\/assurance-auto-en-ligne\/electrique\/\">assurance auto \u00e9lectrique<\/a>. De l\u2019assurance au tiers jusqu\u2019au tous risques, on vous d\u00e9taille toutes les prises en charge disponibles \u00e0 conna\u00eetre et choisir la bonne assurance en toute autonomie !<\/p>\n\n\n\n<h2 class=\"wp-block-heading\">Qu\u2019est-ce que la prise en charge en assurance ?<\/h2>\n\n\n\n<p>Dans le monde de l\u2019assurance auto (ou m\u00eame de l\u2019assurance habitation), la prise en charge d\u00e9signe pr\u00e9cis\u00e9ment le d\u00e9clenchement d\u2019une aide, mat\u00e9rielle ou financi\u00e8re, de la part de votre assurance lorsqu\u2019un accident survient. Cette aide peut prendre diverses formes :&nbsp;<\/p>\n\n\n\n<ul class=\"wp-block-list\">\n<li>une aide au travers de l\u2019assistance : vous avez par exemple crev\u00e9 votre pneu lors de votre trajet et votre assurance d\u00e9p\u00eache une d\u00e9panneuse pour remorquer votre v\u00e9hicule<\/li>\n\n\n\n<li>votre voiture a \u00e9t\u00e9 visit\u00e9e et vous avez besoin de votre assurance pour constater les d\u00e9g\u00e2ts gr\u00e2ce \u00e0 un expert et percevoir une indemnisation<\/li>\n<\/ul>\n\n\n\n<p>Dans quel cas de figure la prise en charge s\u2019effectue-t-elle ?<\/p>\n\n\n\n<p>La prise en charge d\u00e9pend de votre formule d\u2019assurance. Entre une assurance au tiers et une formule tous risques, vous avez des prises en charge totalement diff\u00e9rentes (et c\u2019est pareil pour l\u2019assurance habitation).<\/p>\n\n\n\n<p>Par exemple, avec les formules d\u2019assurance au tiers, seuls les dommages caus\u00e9s aux autres d\u00e9clencheront la prise en charge. Pour une formule tous risques avec garantie \u201cdommages tous accidents\u201d souscrite, vous aurez acc\u00e8s \u00e0 une prise en charge plus large, comme par exemple les dommages sans tiers, avec potentiellement des franchises moins \u00e9lev\u00e9es.<\/p>\n\n\n\n<h2 class=\"wp-block-heading\">Les prises en charge chez Leocare<\/h2>\n\n\n\n<figure class=\"wp-block-table\"><table class=\"has-fixed-layout\"><thead><tr><th>Formules<\/th><th>Couvertures<\/th><\/tr><\/thead><tbody><tr><td>Tiers<\/td><td>Responsabilit\u00e9 civile<br>D\u00e9fense p\u00e9nale et recours suite \u00e0 un accident<br>Garantie protection conducteur<br>Assistance 0 km<\/td><\/tr><tr><td>Tiers+<\/td><td>Responsabilit\u00e9 civile<br>D\u00e9fense p\u00e9nale et recours suite \u00e0 un accident<br>Garantie protection conducteur<br>Assistance 0 km<br>Brise de glace<br>Vol &#8211; Incendie &#8211; Temp\u00eate<br>Garantie des Effets Objets et accessoires<br>Catastrophes naturelles<br>Catastrophes technologiques<br>Attentats et actes de terrorisme<\/td><\/tr><tr><td>Tous Risques<\/td><td>Responsabilit\u00e9 civile<br>D\u00e9fense p\u00e9nale et recours suite \u00e0 un accident<br>Garantie protection conducteur<br>Assistance 0 km<br>Brise de glace<br>Vol &#8211; Incendie &#8211; Temp\u00eate<br>Garantie des Effets Objets et accessoires<br>Catastrophes naturelles<br>Catastrophes technologiques<br>Attentats et actes de terrorisme<br>Dommages Tous Accidents<\/td><\/tr><\/tbody><\/table><\/figure>\n\n\n\n<div class=\"bon-a-savoir\">\n\n\n\n<h3 class=\"wp-block-heading\">Combien co\u00fbte l\u2019assurance d\u2019une voiture qui ne roule pas ?<\/h3>\n\n\n\n<p><a href=\"https:\/\/leocare.eu\/fr\/assurance-auto-en-ligne\/devis\/tarifs\/\">Savoir combien co\u00fbte une assurance auto<\/a> est important pour faire le bon choix. Mais une chose est s\u00fbre : elle co\u00fbte au moins le prix d\u2019une assurance au tiers puisqu\u2019il est obligatoire d\u2019assurer une voiture en France, <a href=\"https:\/\/leocare.eu\/fr\/assurance-auto-en-ligne\/electrique\/prix-voiture-immobilisee\/\">m\u00eame si elle ne roule pas<\/a>. Les comparateurs d\u2019assurances sont tr\u00e8s utiles pour se faire une id\u00e9e de prix aupr\u00e8s des plus grandes compagnies. <\/p>\n\n\n\n<\/div>\n\n\n\n<h2 class=\"wp-block-heading\">Comment demander la prise en charge ?<\/h2>\n\n\n\n<p>En fonction de la situation, la prise en charge peut \u00eatre diff\u00e9rente.<\/p>\n\n\n\n<p>Prise en charge suite \u00e0 un dommage avec tiers et voiture non roulante<\/p>\n\n\n\n<ul class=\"wp-block-list\">\n<li>Mettez-vous en s\u00e9curit\u00e9 ainsi que toutes les personnes pr\u00e9sentes sur le lieu de l\u2019accident<\/li>\n\n\n\n<li>Pr\u00e9venez les secours en leur d\u00e9taillant le plus possible les conditions de l\u2019accident<\/li>\n\n\n\n<li>Prenez toutes les photos des dommages caus\u00e9s<\/li>\n\n\n\n<li>Contactez l\u2019assistance en fonction de dommages subis pour \u00eatre remorqu\u00e9 vers le garage le plus proche<\/li>\n\n\n\n<li>Remplissez le constat amiable avec l\u2019autre conducteur et veillez \u00e0 ne laisser aucune case vide<\/li>\n\n\n\n<li>Attendez l\u2019arriv\u00e9e de la d\u00e9panneuse pour remorquer votre v\u00e9hicule<\/li>\n\n\n\n<li>Notez les coordonn\u00e9es du garage pour les transmettre \u00e0 votre assurance et compl\u00e9ter la prise en charge<\/li>\n\n\n\n<li>D\u00e9clarez votre sinistre sur l\u2019application Leocare : vous disposez d\u2019un d\u00e9lai l\u00e9gal de 5 jours ouvr\u00e9s pour d\u00e9clarer votre sinistre<\/li>\n<\/ul>\n\n\n\n<p>Prise en charge suite \u00e0 un dommage avec tiers et voiture roulante<\/p>\n\n\n\n<ul class=\"wp-block-list\">\n<li>Immobilisez si possible les v\u00e9hicules sur le bas-c\u00f4t\u00e9, mettez-vous en s\u00e9curit\u00e9 ainsi que toutes les personnes pr\u00e9sentes sur le lieu de l\u2019accident<\/li>\n\n\n\n<li>S\u00e9curisez la zone de l\u2019accident gr\u00e2ce au triangle de signalisation ainsi que le gilet de haute visibilit\u00e9<\/li>\n\n\n\n<li>Pr\u00e9venez les secours en leur d\u00e9taillant le plus possible les conditions de l\u2019accident<\/li>\n\n\n\n<li>Prenez toutes les photos des dommages caus\u00e9s<\/li>\n\n\n\n<li>Contactez l\u2019assistance en fonction de dommages subis pour \u00eatre remorqu\u00e9 vers le garage le plus proche<\/li>\n\n\n\n<li>Remplissez le constat amiable avec l\u2019autre conducteur et veillez \u00e0 ne laisser aucune case vide<\/li>\n\n\n\n<li>Attendez l\u2019arriv\u00e9e de la d\u00e9panneuse pour remorquer votre v\u00e9hicule<\/li>\n\n\n\n<li>Notez les coordonn\u00e9es du garage pour les transmettre \u00e0 votre assurance et compl\u00e9ter la prise en charge<\/li>\n\n\n\n<li>D\u00e9clarez votre sinistre sur l\u2019application Leocare : vous disposez d\u2019un d\u00e9lai l\u00e9gal de 5 jours ouvr\u00e9s pour d\u00e9clarer votre sinistre<\/li>\n<\/ul>\n\n\n\n<div class=\"bon-a-savoir\">\n\n\n\n<h3 class=\"wp-block-heading\">Est-il imp\u00e9ratif de souscrire une assurance pour sa voiture \u00e9lectrique ?<\/h3>\n\n\n\n<p>Le code des assurances est clair : <a href=\"https:\/\/leocare.eu\/fr\/assurance-auto-en-ligne\/electrique\/obligatoire\/\">il est obligatoire d\u2019assurer sa voiture<\/a> pour tous les conducteurs, qu\u2019elle soit \u00e9lectrique ou non. L\u2019avantage de l\u2019assurance voiture \u00e9lectrique est qu\u2019elle est moins ch\u00e8re en moyenne de 17 %. Par cons\u00e9quent, l\u2019option \u201cdommages tous accidents\u201d de la formule tous risques est tr\u00e8s int\u00e9ressante \u00e0 souscrire pour des v\u00e9hicules r\u00e9cents comme les \u00e9lectriques.<\/p>\n\n\n\n<\/div>\n\n\n\n<p>Prise en charge suite \u00e0 un dommage sans tiers et voiture non roulante<\/p>\n\n\n\n<ul class=\"wp-block-list\">\n<li>Mettez-vous en s\u00e9curit\u00e9 et s\u00e9curisez la zone de l\u2019accident gr\u00e2ce au triangle de signalisation ainsi que le gilet de haute visibilit\u00e9<\/li>\n\n\n\n<li>Pr\u00e9venez les secours en leur d\u00e9taillant le plus possible les conditions de l\u2019accident<\/li>\n\n\n\n<li>Prenez toutes les photos des dommages caus\u00e9s<\/li>\n\n\n\n<li>Contactez l\u2019assistance en fonction de dommages subis pour \u00eatre remorqu\u00e9 vers le garage le plus proche<\/li>\n\n\n\n<li>Notez les coordonn\u00e9es du garage pour les transmettre \u00e0 votre assurance et compl\u00e9ter la prise en charge<\/li>\n\n\n\n<li>D\u00e9clarez votre sinistre sur l\u2019application Leocare : vous disposez d\u2019un d\u00e9lai l\u00e9gal de 5 jours ouvr\u00e9s pour d\u00e9clarer votre sinistre<\/li>\n<\/ul>\n\n\n\n<p>Prise en charge suite \u00e0 un dommage sans tiers et voiture roulante<\/p>\n\n\n\n<ul class=\"wp-block-list\">\n<li>Mettez-vous en s\u00e9curit\u00e9 et s\u00e9curisez la zone de l\u2019accident gr\u00e2ce au triangle de signalisation ainsi que le gilet de haute visibilit\u00e9<\/li>\n\n\n\n<li>Pr\u00e9venez les secours en leur d\u00e9taillant le plus possible les conditions de l\u2019accident<\/li>\n\n\n\n<li>Prenez toutes les photos des dommages caus\u00e9s<\/li>\n\n\n\n<li>Contactez l\u2019assistance en fonction de dommages subis pour \u00eatre remorqu\u00e9 vers le garage le plus proche<\/li>\n\n\n\n<li>Attendez l\u2019arriv\u00e9e de la d\u00e9panneuse pour remorquer votre v\u00e9hicule<\/li>\n\n\n\n<li>Notez les coordonn\u00e9es du garage pour les transmettre \u00e0 votre assurance et compl\u00e9ter la prise en charge<\/li>\n\n\n\n<li>D\u00e9clarez votre sinistre sur l\u2019application Leocare : vous disposez d\u2019un d\u00e9lai l\u00e9gal de 5 jours ouvr\u00e9s pour d\u00e9clarer votre sinistre<\/li>\n<\/ul>\n\n\n\n<div class=\"bon-a-savoir\">\n\n\n\n<h3 class=\"wp-block-heading\">Peut-on c\u00e9der un v\u00e9hicule sans assurance ?<\/h3>\n\n\n\n<p>La r\u00e9ponse est oui. Il est probable que certains propri\u00e9taires souhaitent faire des \u00e9conomies avant de vendre leurs voitures \u00e9lectriques. Avant de proc\u00e9der \u00e0 l\u2019achat, assurez bien que le v\u00e9hicule \u00e9lectrique fonctionne correctement et demandez formellement si la voiture a \u00e9t\u00e9 assur\u00e9e jusqu\u2019au jour de l\u2019achat. Dans tous les cas, en achetant le v\u00e9hicule, vous n\u2019endossez pas de responsabilit\u00e9 quant \u00e0 la p\u00e9riode non-assur\u00e9e de l\u2019ancien propri\u00e9taire. Mais <a href=\"https:\/\/leocare.eu\/fr\/assurance-auto-en-ligne\/electrique\/vendre-voiture-non-assuree\/\">il faut quand m\u00eame pr\u00e9venir votre compagnie d\u2019assurance<\/a> de la situation pour \u00eatre totalement couvert en cas de p\u00e9pin.<\/p>\n\n\n\n<\/div>\n\n\n\n<h2 class=\"wp-block-heading\">Quand et quel montant pour la prise en charge ?<\/h2>\n\n\n\n<p>Lors d\u2019une prise en charge, plusieurs \u00e9l\u00e9ments entrent en jeu : le type de dommages, la formule souscrite et le montant des franchises. Pour faire le bon choix, <strong><a href=\"https:\/\/leocare.eu\/fr\/assurance-auto-en-ligne\/tiers\/plus\/\">d\u00e9couvrez la signification de l&rsquo;assurance Tiers Plus<\/a><\/strong>, qui permet souvent de mieux couvrir ces impr\u00e9vus sans pour autant passer au tous risques.<\/p>\n\n\n\n<p>Les franchises correspondent \u00e0 la somme non rembours\u00e9e restant \u00e0 votre charge. En fonction de la formule choisie et du dommage subi, elle varie selon les conditions fix\u00e9es par les assureurs. C\u2019est pour cela qu\u2019il faut bien faire attention \u00e0 leur montant et aux exclusions avant de souscrire, notamment via un comparateur pour faire des \u00e9conomies.<\/p>\n\n\n\n<p>Autre point important : l\u2019assurance peut d\u00e9clarer votre v\u00e9hicule irr\u00e9parable (VEI) si le co\u00fbt des r\u00e9parations exc\u00e8de sa valeur. Suite au passage de l\u2019expert, la compagnie peut vous proposer une offre de rachat sous 15 jours. Si vous l\u2019acceptez, \u00e0 vous de faire les d\u00e9marches pour acqu\u00e9rir une nouvelle voiture en toute autonomie !<\/p>\n\n\n\n<p>Enfin, la qualit\u00e9 des services est primordiale : v\u00e9rifiez que l\u2019indemnisation est rapide et que vous b\u00e9n\u00e9ficiez d\u2019un <a href=\"https:\/\/leocare.eu\/fr\/assurance-auto-en-ligne\/electrique\/courtoisie\/\">pr\u00eat de v\u00e9hicule \u00e9lectrique ou hybride en cas de panne<\/a>. Notez que si le malus augmente pour les conducteurs responsables, seule la prime d\u2019assurance grimpe, pas le montant de la prise en charge.<\/p>\n\n\n\n<div class=\"bon-a-savoir\">\n\n\n\n<h3 class=\"wp-block-heading\">Peut-on remorquer une voiture \u00e9lectrique sans assurance ?<\/h3>\n\n\n\n<p>Dans les faits, <a href=\"https:\/\/leocare.eu\/fr\/assurance-auto-en-ligne\/electrique\/remorquer-voiture-non-assuree\/\">il est possible de faire remorquer son auto \u00e9lectrique sans assurance.<\/a> Mais comme \u00e9voqu\u00e9 pr\u00e9c\u00e9demment, tous les v\u00e9hicules \u00e9lectriques en capacit\u00e9 de rouler doivent \u00eatre assur\u00e9s. Mais la diff\u00e9rence avec les v\u00e9hicules thermiques est qu\u2019il n\u2019est pas possible d\u2019utiliser les modes de d\u00e9pannage classiques avec barre ou celles qui font tra\u00eener les roues au sol. Il faut obligatoirement passer par un remorquage sur plateau. Chez Leocare, cette prestation est comprise d\u00e8s 0km d\u00e8s notre assurance au tiers.<\/p>\n\n\n\n<\/div>\n","protected":false},"excerpt":{"rendered":"<p>Que ce soit en \u00e9lectrique ou hybride, essence ou diesel, une des choses les plus importantes \u00e0 conna\u00eetre lorsqu\u2019on prend la route est de conna\u00eetre les prises en charge disponibles dans son contrat d\u2019assurance auto \u00e9lectrique. De l\u2019assurance au tiers jusqu\u2019au tous risques, on vous d\u00e9taille toutes les prises en charge disponibles \u00e0 conna\u00eetre et [&hellip;]<\/p>\n","protected":false},"author":34,"featured_media":18175,"parent":17436,"menu_order":0,"comment_status":"closed","ping_status":"closed","template":"template_seo.php","meta":{"_acf_changed":false,"footnotes":""},"class_list":["post-18276","page","type-page","status-publish","has-post-thumbnail","hentry"],"acf":[],"yoast_head":"<!-- This site is optimized with the Yoast SEO plugin v27.3 - https:\/\/yoast.com\/product\/yoast-seo-wordpress\/ -->\n<title>Sinistre voiture \u00e9lectrique : demander la prise en charge<\/title>\n<meta name=\"description\" content=\"D\u00e9couvrez comment demander efficacement la prise en charge pour votre voiture \u00e9lectrique \u00e0 votre assurance. Informez-vous et agissez d\u00e8s maintenant!\" \/>\n<meta name=\"robots\" content=\"index, follow, max-snippet:-1, max-image-preview:large, max-video-preview:-1\" \/>\n<link rel=\"canonical\" href=\"https:\/\/leocare.eu\/fr\/assurance-auto-en-ligne\/electrique\/prise-en-charge-par-assurance\/\" \/>\n<meta property=\"og:locale\" content=\"fr_FR\" \/>\n<meta property=\"og:type\" content=\"article\" \/>\n<meta property=\"og:title\" content=\"Sinistre voiture \u00e9lectrique : demander la prise en charge\" \/>\n<meta property=\"og:description\" content=\"D\u00e9couvrez comment demander efficacement la prise en charge pour votre voiture \u00e9lectrique \u00e0 votre assurance. Informez-vous et agissez d\u00e8s maintenant!\" \/>\n<meta property=\"og:url\" content=\"https:\/\/leocare.eu\/fr\/assurance-auto-en-ligne\/electrique\/prise-en-charge-par-assurance\/\" \/>\n<meta property=\"og:site_name\" content=\"Leocare, assurance en ligne automobile et habitation\" \/>\n<meta property=\"article:modified_time\" content=\"2026-04-07T14:46:52+00:00\" \/>\n<meta property=\"og:image\" content=\"https:\/\/leocare.eu\/fr\/wp-content\/uploads\/2021\/01\/prise-en-charge-assurance-auto-electrique.jpg\" \/>\n\t<meta property=\"og:image:width\" content=\"1900\" \/>\n\t<meta property=\"og:image:height\" content=\"1200\" \/>\n\t<meta property=\"og:image:type\" content=\"image\/jpeg\" \/>\n<meta name=\"twitter:card\" content=\"summary_large_image\" \/>\n<meta name=\"twitter:label1\" content=\"Dur\u00e9e de lecture estim\u00e9e\" \/>\n\t<meta name=\"twitter:data1\" content=\"8 minutes\" \/>\n<!-- \/ Yoast SEO plugin. -->","yoast_head_json":{"title":"Sinistre voiture \u00e9lectrique : demander la prise en charge","description":"D\u00e9couvrez comment demander efficacement la prise en charge pour votre voiture \u00e9lectrique \u00e0 votre assurance. Informez-vous et agissez d\u00e8s maintenant!","robots":{"index":"index","follow":"follow","max-snippet":"max-snippet:-1","max-image-preview":"max-image-preview:large","max-video-preview":"max-video-preview:-1"},"canonical":"https:\/\/leocare.eu\/fr\/assurance-auto-en-ligne\/electrique\/prise-en-charge-par-assurance\/","og_locale":"fr_FR","og_type":"article","og_title":"Sinistre voiture \u00e9lectrique : demander la prise en charge","og_description":"D\u00e9couvrez comment demander efficacement la prise en charge pour votre voiture \u00e9lectrique \u00e0 votre assurance. Informez-vous et agissez d\u00e8s maintenant!","og_url":"https:\/\/leocare.eu\/fr\/assurance-auto-en-ligne\/electrique\/prise-en-charge-par-assurance\/","og_site_name":"Leocare, assurance en ligne automobile et habitation","article_modified_time":"2026-04-07T14:46:52+00:00","og_image":[{"width":1900,"height":1200,"url":"https:\/\/leocare.eu\/fr\/wp-content\/uploads\/2021\/01\/prise-en-charge-assurance-auto-electrique.jpg","type":"image\/jpeg"}],"twitter_card":"summary_large_image","twitter_misc":{"Dur\u00e9e de lecture estim\u00e9e":"8 minutes"},"schema":{"@context":"https:\/\/schema.org","@graph":[{"@type":"WebPage","@id":"https:\/\/leocare.eu\/fr\/assurance-auto-en-ligne\/electrique\/prise-en-charge-par-assurance\/","url":"https:\/\/leocare.eu\/fr\/assurance-auto-en-ligne\/electrique\/prise-en-charge-par-assurance\/","name":"Sinistre voiture \u00e9lectrique : demander la prise en charge","isPartOf":{"@id":"https:\/\/leocare.eu\/fr\/#website"},"primaryImageOfPage":{"@id":"https:\/\/leocare.eu\/fr\/assurance-auto-en-ligne\/electrique\/prise-en-charge-par-assurance\/#primaryimage"},"image":{"@id":"https:\/\/leocare.eu\/fr\/assurance-auto-en-ligne\/electrique\/prise-en-charge-par-assurance\/#primaryimage"},"thumbnailUrl":"https:\/\/leocare.eu\/fr\/wp-content\/uploads\/2021\/01\/prise-en-charge-assurance-auto-electrique.jpg","datePublished":"2023-10-16T14:44:37+00:00","dateModified":"2026-04-07T14:46:52+00:00","description":"D\u00e9couvrez comment demander efficacement la prise en charge pour votre voiture \u00e9lectrique \u00e0 votre assurance. Informez-vous et agissez d\u00e8s maintenant!","breadcrumb":{"@id":"https:\/\/leocare.eu\/fr\/assurance-auto-en-ligne\/electrique\/prise-en-charge-par-assurance\/#breadcrumb"},"inLanguage":"fr-FR","potentialAction":[{"@type":"ReadAction","target":["https:\/\/leocare.eu\/fr\/assurance-auto-en-ligne\/electrique\/prise-en-charge-par-assurance\/"]}]},{"@type":"ImageObject","inLanguage":"fr-FR","@id":"https:\/\/leocare.eu\/fr\/assurance-auto-en-ligne\/electrique\/prise-en-charge-par-assurance\/#primaryimage","url":"https:\/\/leocare.eu\/fr\/wp-content\/uploads\/2021\/01\/prise-en-charge-assurance-auto-electrique.jpg","contentUrl":"https:\/\/leocare.eu\/fr\/wp-content\/uploads\/2021\/01\/prise-en-charge-assurance-auto-electrique.jpg","width":1900,"height":1200,"caption":"prise en charge assurance auto voiture \u00e9lectrique"},{"@type":"WebSite","@id":"https:\/\/leocare.eu\/fr\/#website","url":"https:\/\/leocare.eu\/fr\/","name":"Leocare, assurance en ligne automobile et habitation","description":"enfin (r)assur\u00e9.e","publisher":{"@id":"https:\/\/leocare.eu\/fr\/#organization"},"potentialAction":[{"@type":"SearchAction","target":{"@type":"EntryPoint","urlTemplate":"https:\/\/leocare.eu\/fr\/?s={search_term_string}"},"query-input":{"@type":"PropertyValueSpecification","valueRequired":true,"valueName":"search_term_string"}}],"inLanguage":"fr-FR"},{"@type":"Organization","@id":"https:\/\/leocare.eu\/fr\/#organization","name":"Leocare, assurance en ligne automobile et habitation","url":"https:\/\/leocare.eu\/fr\/","logo":{"@type":"ImageObject","inLanguage":"fr-FR","@id":"https:\/\/leocare.eu\/fr\/#\/schema\/logo\/image\/","url":"https:\/\/leocare.eu\/fr\/wp-content\/uploads\/2020\/03\/logo-leocare.svg","contentUrl":"https:\/\/leocare.eu\/fr\/wp-content\/uploads\/2020\/03\/logo-leocare.svg","caption":"Leocare, assurance en ligne automobile et habitation"},"image":{"@id":"https:\/\/leocare.eu\/fr\/#\/schema\/logo\/image\/"}}]}},"_links":{"self":[{"href":"https:\/\/leocare.eu\/fr\/wp-json\/wp\/v2\/pages\/18276","targetHints":{"allow":["GET"]}}],"collection":[{"href":"https:\/\/leocare.eu\/fr\/wp-json\/wp\/v2\/pages"}],"about":[{"href":"https:\/\/leocare.eu\/fr\/wp-json\/wp\/v2\/types\/page"}],"author":[{"embeddable":true,"href":"https:\/\/leocare.eu\/fr\/wp-json\/wp\/v2\/users\/34"}],"replies":[{"embeddable":true,"href":"https:\/\/leocare.eu\/fr\/wp-json\/wp\/v2\/comments?post=18276"}],"version-history":[{"count":15,"href":"https:\/\/leocare.eu\/fr\/wp-json\/wp\/v2\/pages\/18276\/revisions"}],"predecessor-version":[{"id":37061,"href":"https:\/\/leocare.eu\/fr\/wp-json\/wp\/v2\/pages\/18276\/revisions\/37061"}],"up":[{"embeddable":true,"href":"https:\/\/leocare.eu\/fr\/wp-json\/wp\/v2\/pages\/17436"}],"wp:featuredmedia":[{"embeddable":true,"href":"https:\/\/leocare.eu\/fr\/wp-json\/wp\/v2\/media\/18175"}],"wp:attachment":[{"href":"https:\/\/leocare.eu\/fr\/wp-json\/wp\/v2\/media?parent=18276"}],"curies":[{"name":"wp","href":"https:\/\/api.w.org\/{rel}","templated":true}]}}