{"id":18270,"date":"2023-10-16T14:16:11","date_gmt":"2023-10-16T12:16:11","guid":{"rendered":"https:\/\/leocare.eu\/fr\/?page_id=18270"},"modified":"2026-04-07T16:46:51","modified_gmt":"2026-04-07T14:46:51","slug":"tiers","status":"publish","type":"page","link":"https:\/\/leocare.eu\/fr\/assurance-auto-en-ligne\/electrique\/tiers\/","title":{"rendered":"Que couvre une assurance voiture \u00e9lectrique au tiers ?"},"content":{"rendered":"\n<p>Les v\u00e9hicules \u00e9lectriques sont, depuis quelques ann\u00e9es, de plus en plus populaires en raison de leur technologie respectueuse de l\u2019environnement et de leur efficacit\u00e9 \u00e9nerg\u00e9tique. De ce fait, nombre de conducteurs optent pour la voiture \u00e9lectrique pour leurs d\u00e9placements quotidiens. Malgr\u00e9 tout, comme pour toute voiture, il est obligatoire de souscrire une <a href=\"https:\/\/leocare.eu\/fr\/assurance-auto-en-ligne\/electrique\/\">assurance voiture \u00e9lectrique<\/a> pour circuler en France. Le mieux est donc de trouver la formule la plus adapt\u00e9e \u00e0 vos besoins et \u00e0 votre conduite.<\/p>\n\n\n\n<h2 class=\"wp-block-heading\" id=\"section-1\">Qu\u2019est-ce qu\u2019une assurance au tiers pour une voiture \u00e9lectrique ?<\/h2>\n\n\n\n<p>L\u2019assurance au tiers est la premi\u00e8re des trois grandes formules d\u2019assurance auto connues. Elle propose le minimum l\u00e9gal en termes de couverture, ce qui se r\u00e9sume \u00e0 la garantie responsabilit\u00e9 civile, comme dans une assurance habitation. Pour les voitures \u00e9lectriques, cette offre garantit aux autres usagers de la route comme les automobilistes, les motards, les pi\u00e9tons et les cyclistes impliqu\u00e9s dans un accident avec le conducteur assur\u00e9 que leurs dommages corporels et mat\u00e9riels seront pris en charge. En revanche, il est essentiel de comprendre que cette assurance ne couvre pas les dommages caus\u00e9s \u00e0 votre voiture \u00e9lectrique en cas d\u2019accident, de vol ou de panne \u00e9lectrique.<\/p>\n\n\n\n<h2 class=\"wp-block-heading\" id=\"section-2\">Quels sont les dommages couverts par l\u2019assurance au tiers ?<\/h2>\n\n\n\n<p>L\u2019assurance au tiers pour les voitures \u00e9lectriques couvre les dommages corporels et mat\u00e9riels caus\u00e9s \u00e0 autrui lors d\u2019un accident. En cas de collision avec un tiers, votre assurance prendra en charge les frais m\u00e9dicaux et les r\u00e9parations de leur v\u00e9hicule endommag\u00e9, le cas \u00e9ch\u00e9ant. Vous l\u2019aurez compris, les dommages sur votre v\u00e9hicule ne seront pas indemnis\u00e9s et resteront \u00e0 votre charge. Le montant de la facture pourrait alors s\u2019av\u00e9rer particuli\u00e8rement \u00e9lev\u00e9 en raison de la technologie avanc\u00e9e et co\u00fbteuse utilis\u00e9e pour les v\u00e9hicules \u00e9lectriques.<\/p>\n\n\n\n<div class=\"bon-a-savoir\">\n\n\n\n<h3 class=\"wp-block-heading\">Bon \u00e0 savoir <\/h3>\n\n\n\n<p>La prime d\u2019assurance pour un v\u00e9hicule \u00e9lectrique au tiers est g\u00e9n\u00e9ralement inf\u00e9rieure \u00e0 celle d\u2019un v\u00e9hicule essence ou diesel \u00e9quivalent. La raison est simple, les voitures \u00e9lectriques sont consid\u00e9r\u00e9es comme \u00e9tant plus s\u00fbres que les voitures thermiques. Cependant, il est important de comparer les offres aupr\u00e8s de diff\u00e9rentes compagnies d\u2019assurance en passant par un comparateur en ligne pour trouver la formule la plus avantageuse selon vos besoins, votre v\u00e9hicule \u00e9lectrique,&nbsp;<a href=\"https:\/\/leocare.eu\/fr\/assurance-auto-en-ligne\/electrique\/voiture-moins-cher-a-assurer\/\">votre budge<\/a>t et votre profil de conducteur. Plusieurs aspects seront pris en compte dans ce dernier \u00e9l\u00e9ment comme&nbsp;<a href=\"https:\/\/leocare.eu\/fr\/assurance-auto-en-ligne\/electrique\/prix-au-km\/\">le nombre de kilom\u00e8tres<\/a>&nbsp;que vous parcourez quotidiennement, votre coefficient bonus\/malus et les sinistres que vous avez d\u00e9j\u00e0 d\u00e9clar\u00e9s, le cas \u00e9ch\u00e9ant.<\/p>\n\n\n\n<\/div>\n\n\n\n<h2 class=\"wp-block-heading\" id=\"section-3\">Pourquoi choisir une assurance au tiers pour son v\u00e9hicule \u00e9lectrique ?<\/h2>\n\n\n\n<p>G\u00e9n\u00e9ralement, il est recommand\u00e9 de souscrire une assurance au tiers quand votre voiture commence \u00e0 vieillir et qu\u2019elle a un grand nombre de kilom\u00e8tres au compteur. Par exemple, si votre voiture \u00e9lectrique \u00e0 plus de 10 ans et plus de 200 000 km, l\u2019assurance au tiers pourrait vous satisfaire. Aussi, l\u2019assurance au tiers est g\u00e9n\u00e9ralement choisie lorsque le budget de l\u2019assur\u00e9 est limit\u00e9. Cependant, les voitures \u00e9lectriques \u00e9tant souvent des voitures haut de gamme et avec une valeur \u00e9lev\u00e9e, les r\u00e9parations sont co\u00fbteuses. Dans ce cas, une assurance tous risques avec une couverture dommages tous accidents semble plus adapt\u00e9e.<\/p>\n\n\n\n<p>Vous l\u2019aurez compris, l\u2019assurance au tiers est la formule proposant le minimum l\u00e9gal et vous conviendra s\u00fbrement si la valeur de votre voiture est faible, que son \u00e9tat est d\u00e9grad\u00e9 ou alors s\u2019il s\u2019agit d\u2019une voiture que vous n\u2019utilisez que ponctuellement.<\/p>\n\n\n\n<h2 class=\"wp-block-heading\" id=\"section-4\">L\u2019assurance au tiers chez Leocare<\/h2>\n\n\n\n<p>L\u2019assurance v\u00e9hicule \u00e9lectrique au tiers Leocare couvre tous les dommages caus\u00e9s par votre voiture \u00e0 des tiers, \u00e0 l\u2019exception des d\u00e9g\u00e2ts caus\u00e9s intentionnellement ou dans le cadre d\u2019un trajet professionnel. Au-del\u00e0 de cette garantie responsabilit\u00e9 civile obligatoire, ce&nbsp;<a href=\"https:\/\/leocare.eu\/fr\/assurance-auto-en-ligne\/electrique\/c-est-quoi\/\">premier niveau d\u2019assurance pour voiture \u00e9lectrique<\/a>&nbsp;offre des avantages communs \u00e0 toutes nos formules d\u2019assurance auto :<br>L\u2019assistance 0 km<\/p>\n\n\n\n<ul class=\"wp-block-list\">\n<li>Le pr\u00eat d\u2019un v\u00e9hicule de courtoisie en cas de besoin<\/li>\n\n\n\n<li>L\u2019ajout et la suppression simple et rapide d\u2019un second conducteur<\/li>\n\n\n\n<li>La garantie d\u00e9fense p\u00e9nale et recours, en cas de complication<\/li>\n\n\n\n<li>La garantie protection conducteur entre 600 000 \u20ac et 1 000 000 \u20ac<\/li>\n\n\n\n<li>La prise en charge d\u2019un stage de sensibilisation \u00e0 la s\u00e9curit\u00e9 routi\u00e8re pour la r\u00e9cup\u00e9ration de points sur le permis de conduire<\/li>\n<\/ul>\n\n\n\n<p>Enfin, l\u2019assistance au tiers Leocare prend en charge, partout en France et \u00e0 l\u2019\u00e9tranger, le d\u00e9pannage et le remorquage de votre v\u00e9hicule \u00e9lectrique ainsi que les frais de transport et d\u2019h\u00e9bergement en cas d\u2019accident, de panne \u00e9lectrique ou de crevaison.<\/p>\n\n\n\n<h2 class=\"wp-block-heading\" id=\"section-5\">Les avantages de l\u2019assurance au tiers chez Leocare<\/h2>\n\n\n\n<p>Chez Leocare, l\u2019assurance au tiers offre le meilleur rapport protection\/prix avec une couverture adapt\u00e9e \u00e0 vos besoins et \u00e0 vos usages. Les garanties essentielles sont couvertures, avec une responsabilit\u00e9 civile pour les dommages mat\u00e9riels jusqu\u2019\u00e0 100 000 000 \u20ac et une responsabilit\u00e9 civile pour les dommages corporels illimit\u00e9e.<\/p>\n\n\n\n<p>Les principaux avantages de Leocare, en dehors de la couverture et de l\u2019assistance qui pourra vous sortir des situations les plus d\u00e9licates, r\u00e9sident dans notre application mobile innovante. Gr\u00e2ce \u00e0 cette application, vous pourrez g\u00e9rer votre contrat d\u2019assurance en toute libert\u00e9 et simplicit\u00e9 et vous pourrez d\u00e9clarer vos sinistres au plus vite. Notre team de Leoconseillers saura r\u00e9pondre \u00e0 toutes vos questions et vous accompagnera dans vos d\u00e9marches.<\/p>\n\n\n\n<h2 class=\"wp-block-heading\" id=\"section-6\">Comment souscrire une assurance au tiers chez Leocare ?<\/h2>\n\n\n\n<p>Vous souhaitez souscrire un contrat d\u2019assurance auto \u00e9lectrique chez Leocare et&nbsp;<a href=\"https:\/\/leocare.eu\/fr\/assurance-auto-en-ligne\/electrique\/a-savoir\/\">cherchez ce qu\u2019il faut savoir<\/a>&nbsp;? Rien de plus simple ! Suivez le lien \u201cObtenir un tarif\u201d et r\u00e9pondez au questionnaire rapide et tr\u00e8s simple en remplissant vos informations. Par la suite, vous recevrez votre devis d\u2019assurance et vous aurez toutes les cartes en main pour passer \u00e0 la souscription.<\/p>\n\n\n\n<p>Vous \u00eates d\u00e9j\u00e0 assur\u00e9 pour votre v\u00e9hicule \u00e9lectrique ? Pas de probl\u00e8me ! Gr\u00e2ce \u00e0 la loi Hamon, vous pouvez r\u00e9silier votre contrat \u00e0 tout moment apr\u00e8s un an d\u2019anciennet\u00e9 chez votre assureur actuel. La bonne nouvelle, c\u2019est que nous nous occuperons de toutes les d\u00e9marches de r\u00e9siliation avec votre compagnie d\u2019assurance actuelle.<\/p>\n\n\n\n<h2 class=\"wp-block-heading\" id=\"section-7\">Que proposent les compagnies d\u2019assurance sp\u00e9cialis\u00e9es dans les v\u00e9hicules \u00e9lectriques ?<\/h2>\n\n\n\n<p>Vous l\u2019aurez compris, pour assurer votre v\u00e9hicule \u00e9lectrique, il est recommand\u00e9 de choisir une assurance tous risques. Autrement, il existe une autre solution int\u00e9ressante, les assurances sp\u00e9cialis\u00e9es dans l\u2019\u00e9lectrique. L\u2019autonomie de votre voiture \u00e9lectrique est un aspect crucial \u00e0 prendre en compte lors du choix de votre assurance. Une panne \u00e9lectrique peut vite arriver pendant un trajet, vous laissant immobilis\u00e9 sur la route. Dans ce genre de situation, certaines compagnies proposent une assistance qui vous am\u00e8nera vers la borne de recharge \u00e9lectrique la plus proche.<\/p>\n","protected":false},"excerpt":{"rendered":"<p>Les v\u00e9hicules \u00e9lectriques sont, depuis quelques ann\u00e9es, de plus en plus populaires en raison de leur technologie respectueuse de l\u2019environnement et de leur efficacit\u00e9 \u00e9nerg\u00e9tique. De ce fait, nombre de conducteurs optent pour la voiture \u00e9lectrique pour leurs d\u00e9placements quotidiens. Malgr\u00e9 tout, comme pour toute voiture, il est obligatoire de souscrire une assurance voiture \u00e9lectrique [&hellip;]<\/p>\n","protected":false},"author":34,"featured_media":17369,"parent":17436,"menu_order":0,"comment_status":"closed","ping_status":"closed","template":"template_seo.php","meta":{"_acf_changed":false,"footnotes":""},"class_list":["post-18270","page","type-page","status-publish","has-post-thumbnail","hentry"],"acf":[],"yoast_head":"<!-- This site is optimized with the Yoast SEO plugin v27.3 - https:\/\/yoast.com\/product\/yoast-seo-wordpress\/ -->\n<title>Quelle couverture pour une assurance voiture \u00e9lectrique au tiers ?<\/title>\n<meta name=\"description\" content=\"D\u00e9couvrez ce que couvre l&#039;assurance auto pour voitures \u00e9lectriques au tiers. Faites le bon choix pour votre protection. En savoir plus.\" \/>\n<meta name=\"robots\" content=\"index, follow, max-snippet:-1, max-image-preview:large, max-video-preview:-1\" \/>\n<link rel=\"canonical\" href=\"https:\/\/leocare.eu\/fr\/assurance-auto-en-ligne\/electrique\/tiers\/\" \/>\n<meta property=\"og:locale\" content=\"fr_FR\" \/>\n<meta property=\"og:type\" content=\"article\" \/>\n<meta property=\"og:title\" content=\"Quelle couverture pour une assurance voiture \u00e9lectrique au tiers ?\" \/>\n<meta property=\"og:description\" content=\"D\u00e9couvrez ce que couvre l&#039;assurance auto pour voitures \u00e9lectriques au tiers. Faites le bon choix pour votre protection. En savoir plus.\" \/>\n<meta property=\"og:url\" content=\"https:\/\/leocare.eu\/fr\/assurance-auto-en-ligne\/electrique\/tiers\/\" \/>\n<meta property=\"og:site_name\" content=\"Leocare, assurance en ligne automobile et habitation\" \/>\n<meta property=\"article:modified_time\" content=\"2026-04-07T14:46:51+00:00\" \/>\n<meta property=\"og:image\" content=\"https:\/\/leocare.eu\/fr\/wp-content\/uploads\/2021\/01\/assurance-voiture-electrique-tiers.jpg\" \/>\n\t<meta property=\"og:image:width\" content=\"1900\" \/>\n\t<meta property=\"og:image:height\" content=\"1200\" \/>\n\t<meta property=\"og:image:type\" content=\"image\/jpeg\" \/>\n<meta name=\"twitter:card\" content=\"summary_large_image\" \/>\n<meta name=\"twitter:label1\" content=\"Est. reading time\" \/>\n\t<meta name=\"twitter:data1\" content=\"6 minutes\" \/>\n<!-- \/ Yoast SEO plugin. -->","yoast_head_json":{"title":"Quelle couverture pour une assurance voiture \u00e9lectrique au tiers ?","description":"D\u00e9couvrez ce que couvre l'assurance auto pour voitures \u00e9lectriques au tiers. Faites le bon choix pour votre protection. En savoir plus.","robots":{"index":"index","follow":"follow","max-snippet":"max-snippet:-1","max-image-preview":"max-image-preview:large","max-video-preview":"max-video-preview:-1"},"canonical":"https:\/\/leocare.eu\/fr\/assurance-auto-en-ligne\/electrique\/tiers\/","og_locale":"fr_FR","og_type":"article","og_title":"Quelle couverture pour une assurance voiture \u00e9lectrique au tiers ?","og_description":"D\u00e9couvrez ce que couvre l'assurance auto pour voitures \u00e9lectriques au tiers. Faites le bon choix pour votre protection. En savoir plus.","og_url":"https:\/\/leocare.eu\/fr\/assurance-auto-en-ligne\/electrique\/tiers\/","og_site_name":"Leocare, assurance en ligne automobile et habitation","article_modified_time":"2026-04-07T14:46:51+00:00","og_image":[{"width":1900,"height":1200,"url":"https:\/\/leocare.eu\/fr\/wp-content\/uploads\/2021\/01\/assurance-voiture-electrique-tiers.jpg","type":"image\/jpeg"}],"twitter_card":"summary_large_image","twitter_misc":{"Est. reading time":"6 minutes"},"schema":{"@context":"https:\/\/schema.org","@graph":[{"@type":"WebPage","@id":"https:\/\/leocare.eu\/fr\/assurance-auto-en-ligne\/electrique\/tiers\/","url":"https:\/\/leocare.eu\/fr\/assurance-auto-en-ligne\/electrique\/tiers\/","name":"Quelle couverture pour une assurance voiture \u00e9lectrique au tiers ?","isPartOf":{"@id":"https:\/\/leocare.eu\/fr\/#website"},"primaryImageOfPage":{"@id":"https:\/\/leocare.eu\/fr\/assurance-auto-en-ligne\/electrique\/tiers\/#primaryimage"},"image":{"@id":"https:\/\/leocare.eu\/fr\/assurance-auto-en-ligne\/electrique\/tiers\/#primaryimage"},"thumbnailUrl":"https:\/\/leocare.eu\/fr\/wp-content\/uploads\/2021\/01\/assurance-voiture-electrique-tiers.jpg","datePublished":"2023-10-16T12:16:11+00:00","dateModified":"2026-04-07T14:46:51+00:00","description":"D\u00e9couvrez ce que couvre l'assurance auto pour voitures \u00e9lectriques au tiers. Faites le bon choix pour votre protection. En savoir plus.","breadcrumb":{"@id":"https:\/\/leocare.eu\/fr\/assurance-auto-en-ligne\/electrique\/tiers\/#breadcrumb"},"inLanguage":"fr-FR","potentialAction":[{"@type":"ReadAction","target":["https:\/\/leocare.eu\/fr\/assurance-auto-en-ligne\/electrique\/tiers\/"]}]},{"@type":"ImageObject","inLanguage":"fr-FR","@id":"https:\/\/leocare.eu\/fr\/assurance-auto-en-ligne\/electrique\/tiers\/#primaryimage","url":"https:\/\/leocare.eu\/fr\/wp-content\/uploads\/2021\/01\/assurance-voiture-electrique-tiers.jpg","contentUrl":"https:\/\/leocare.eu\/fr\/wp-content\/uploads\/2021\/01\/assurance-voiture-electrique-tiers.jpg","width":1900,"height":1200,"caption":"assurance voiture \u00e9lectrique tiers"},{"@type":"WebSite","@id":"https:\/\/leocare.eu\/fr\/#website","url":"https:\/\/leocare.eu\/fr\/","name":"Leocare, assurance en ligne automobile et habitation","description":"enfin (r)assur\u00e9.e","publisher":{"@id":"https:\/\/leocare.eu\/fr\/#organization"},"potentialAction":[{"@type":"SearchAction","target":{"@type":"EntryPoint","urlTemplate":"https:\/\/leocare.eu\/fr\/?s={search_term_string}"},"query-input":{"@type":"PropertyValueSpecification","valueRequired":true,"valueName":"search_term_string"}}],"inLanguage":"fr-FR"},{"@type":"Organization","@id":"https:\/\/leocare.eu\/fr\/#organization","name":"Leocare, assurance en ligne automobile et habitation","url":"https:\/\/leocare.eu\/fr\/","logo":{"@type":"ImageObject","inLanguage":"fr-FR","@id":"https:\/\/leocare.eu\/fr\/#\/schema\/logo\/image\/","url":"https:\/\/leocare.eu\/fr\/wp-content\/uploads\/2020\/03\/logo-leocare.svg","contentUrl":"https:\/\/leocare.eu\/fr\/wp-content\/uploads\/2020\/03\/logo-leocare.svg","caption":"Leocare, assurance en ligne automobile et habitation"},"image":{"@id":"https:\/\/leocare.eu\/fr\/#\/schema\/logo\/image\/"}}]}},"_links":{"self":[{"href":"https:\/\/leocare.eu\/fr\/wp-json\/wp\/v2\/pages\/18270","targetHints":{"allow":["GET"]}}],"collection":[{"href":"https:\/\/leocare.eu\/fr\/wp-json\/wp\/v2\/pages"}],"about":[{"href":"https:\/\/leocare.eu\/fr\/wp-json\/wp\/v2\/types\/page"}],"author":[{"embeddable":true,"href":"https:\/\/leocare.eu\/fr\/wp-json\/wp\/v2\/users\/34"}],"replies":[{"embeddable":true,"href":"https:\/\/leocare.eu\/fr\/wp-json\/wp\/v2\/comments?post=18270"}],"version-history":[{"count":11,"href":"https:\/\/leocare.eu\/fr\/wp-json\/wp\/v2\/pages\/18270\/revisions"}],"predecessor-version":[{"id":37202,"href":"https:\/\/leocare.eu\/fr\/wp-json\/wp\/v2\/pages\/18270\/revisions\/37202"}],"up":[{"embeddable":true,"href":"https:\/\/leocare.eu\/fr\/wp-json\/wp\/v2\/pages\/17436"}],"wp:featuredmedia":[{"embeddable":true,"href":"https:\/\/leocare.eu\/fr\/wp-json\/wp\/v2\/media\/17369"}],"wp:attachment":[{"href":"https:\/\/leocare.eu\/fr\/wp-json\/wp\/v2\/media?parent=18270"}],"curies":[{"name":"wp","href":"https:\/\/api.w.org\/{rel}","templated":true}]}}