{"id":18268,"date":"2023-10-16T16:57:57","date_gmt":"2023-10-16T14:57:57","guid":{"rendered":"https:\/\/leocare.eu\/fr\/?page_id=18268"},"modified":"2026-04-07T16:46:50","modified_gmt":"2026-04-07T14:46:50","slug":"remorquer-voiture-non-assuree","status":"publish","type":"page","link":"https:\/\/leocare.eu\/fr\/assurance-auto-en-ligne\/electrique\/remorquer-voiture-non-assuree\/","title":{"rendered":"Peut-on remorquer une voiture \u00e9lectrique sans assurance ?"},"content":{"rendered":"\n<p>A la suite d\u2019une panne \u00e9lectrique sur la route, il est probable qu\u2019une d\u00e9panneuse doive vous venir en aide. Mais\u2026 est-ce que le remorquage d\u2019une voiture peut se faire en toute autonomie sans <a href=\"https:\/\/leocare.eu\/fr\/assurance-auto-en-ligne\/electrique\/\">assurance voiture \u00e9lectrique<\/a> ? On d\u00e9crypte ensemble le sujet.<\/p>\n\n\n\n<h2 class=\"wp-block-heading\">Puis-je d\u00e9tenir une voiture \u00e9lectrique qui n\u2019a pas d\u2019assurance ?<\/h2>\n\n\n\n<p>La r\u00e9ponse est oui mais plut\u00f4t non, et ce, que vous soyez en assurance au tiers ou m\u00eame en tous risques.<\/p>\n\n\n\n<p>L\u2019article L211-1 du code des assurances statut sur ce sujet : <em>\u201cToute personne physique ou toute personne morale autre que l&rsquo;Etat, dont la responsabilit\u00e9 civile peut \u00eatre engag\u00e9e en raison de dommages subis par des tiers r\u00e9sultant d&rsquo;atteintes aux personnes ou aux biens dans la r\u00e9alisation desquels un v\u00e9hicule est impliqu\u00e9, doit, pour faire circuler celui-ci, \u00eatre couverte par une assurance garantissant cette responsabilit\u00e9, dans les conditions fix\u00e9es par d\u00e9cret en Conseil d&rsquo;Etat. Pour l&rsquo;application du pr\u00e9sent article, on entend par \u00ab\u00a0v\u00e9hicule\u00a0\u00bb tout v\u00e9hicule terrestre \u00e0 moteur, c&rsquo;est-\u00e0-dire tout v\u00e9hicule automoteur destin\u00e9 \u00e0 circuler sur le sol et qui peut \u00eatre actionn\u00e9 par une force m\u00e9canique sans \u00eatre li\u00e9 \u00e0 une voie ferr\u00e9e, ainsi que toute remorque, m\u00eame non attel\u00e9e.\u201d<\/em><\/p>\n\n\n\n<p>La seule situation pour laquelle il est possible de d\u00e9tenir une voiture \u00e9lectrique sans assurance est si la voiture ne poss\u00e8de pas les \u00e9l\u00e9ments n\u00e9cessaires \u00e0 sa conduite comme par exemple, le volant, le moteur etc\u2026<\/p>\n\n\n\n<div class=\"bon-a-savoir\">\n\n\n\n<h3 class=\"wp-block-heading\">Au bout de combien de temps l\u2019assurance voiture \u00e9lectrique baisse<\/h3>\n\n\n\n<p>Cela fait des ann\u00e9es que vous \u00eates un conducteur exemplaire. Aucun\u00a0accident, aucune panne de batterie \u00e0 cause d\u2019un passage \u00e0 la\u00a0borne\u00a0rat\u00e9, rien ! Mais une question vous taraude :\u00a0<a href=\"https:\/\/leocare.eu\/fr\/assurance-auto-en-ligne\/electrique\/diminution-prime\/\">quand baisse le co\u00fbt de l\u2019assurance pour sa voiture \u00e9lectrique<\/a>. La r\u00e9ponse : \u00e0 la date anniversaire. D\u00e8s que votre contrat prend une ann\u00e9e suppl\u00e9mentaire, votre situation s\u2019actualise. Si vous n\u2019avez eu aucun accident avec un ou plusieurs\u00a0automobilistes, aucun sinistre, alors vous gagnez 5% de bonus sur votre profil et par cons\u00e9quent, le prix de votre assurance baisse !<\/p>\n\n\n\n<\/div>\n\n\n\n<h2 class=\"wp-block-heading\"><br>Les situations qui am\u00e8nent \u00e0 un remorquage<\/h2>\n\n\n\n<p>En tant que&nbsp;conducteur, de nombreuses situations peuvent amener \u00e0 un remorquage de votre voiture \u00e9lectrique :&nbsp;<\/p>\n\n\n\n<ul class=\"wp-block-list\">\n<li>L\u2019accident\u00a0seul : vous avez commis un accident dans lequel vous \u00eates le\u00a0 seul conducteur impliqu\u00e9 et des\u00a0dommages mat\u00e9riels\u00a0sont survenus<\/li>\n\n\n\n<li>L\u2019accident de trajet : vous vous rendez au travail et vous avez un p\u00e9pin sur le trajet\u00a0<\/li>\n\n\n\n<li>L\u2019accident sans tiers identifi\u00e9 : vous avez par exemple pris un virage trop large pendant l\u2019un de vos\u00a0trajets, votre pneu a d\u00e9rap\u00e9 et a crev\u00e9\u00a0<\/li>\n\n\n\n<li>La carambolage : s\u00e9rie de chocs entre les voitures de plusieurs\u00a0automobilistes<\/li>\n\n\n\n<li>L\u2019accident sur un parking : votre voiture est gar\u00e9e et des malfrats ont caus\u00e9 des\u00a0dommages\u00a0votre v\u00e9hicule<\/li>\n\n\n\n<li>La panne m\u00e9canique : vos freins sont d\u00e9faillants, vous obligeant \u00e0 vous arr\u00eater<\/li>\n\n\n\n<li>La\u00a0panne de batterie\u00a0: vous pensiez avoir bien pr\u00e9vu votre trajet jusqu\u2019\u00e0 la prochaine borne mais manque de pot, votre voiture est \u00e0 sec en plein milieu de la campagne, sans\u00a0\u00e9lectricit\u00e9<\/li>\n<\/ul>\n\n\n\n<p>En fonction du type de dommages et des recommandations des&nbsp;constructeurs&nbsp;automobiles, votre voiture peut faire l\u2019objet d\u2019un remorquage.<\/p>\n\n\n\n<div class=\"bon-a-savoir\">\n\n\n\n<h3 class=\"wp-block-heading\">Comment maintenir son assurance en changeant de voiture \u00e9lectrique ?<\/h3>\n\n\n\n<p>Si vous changez de voiture, il est possible de&nbsp;<a href=\"https:\/\/leocare.eu\/fr\/assurance-auto-en-ligne\/electrique\/changement-voiture\/\">conserver son assurance en cas de changement de voiture \u00e9lectrique<\/a>. Vous devez juste contacter votre assurance pour lui notifier de votre intention de changement de v\u00e9hicule et elle proc\u00e9dera \u00e0 l\u2019actualisation de contrat en prenant en compte votre nouvelle situation. Bien s\u00fbr, si le nouveau prix de votre assurance ne vous convient pas, vous pouvez toujours passer par les&nbsp;comparateurs&nbsp;et obtenir une assurance qui vous prot\u00e8ge encore mieux contre tous types de&nbsp;dommages.<\/p>\n\n\n\n<\/div>\n\n\n\n<h2 class=\"wp-block-heading\" id=\"section-3\">Les formes de remorquage<\/h2>\n\n\n\n<p>L\u2019op\u00e9ration de d\u00e9pannage peut prendre diff\u00e9rentes formes en fonction du type de v\u00e9hicule :&nbsp;<\/p>\n\n\n\n<ul class=\"wp-block-list\">\n<li>Le remorquage par une barre : votre voiture est remorqu\u00e9e gr\u00e2ce \u00e0 une barre attach\u00e9e \u00e0 l\u2019avant de votre voiture<\/li>\n\n\n\n<li>Le remorquage avec plateau porteur : les roues avant sont plac\u00e9es sur un plateau roulant<\/li>\n\n\n\n<li>Le remorquage avec sangles : comme le remorquage avec barre, une sangle est attach\u00e9e \u00e0 l\u2019avant du v\u00e9hicule pour \u00eatre remorqu\u00e9e<\/li>\n\n\n\n<li>Le remorquage sur plateau : le syst\u00e8me le plus utilis\u00e9, votre voiture est tract\u00e9 sur le plateau de la d\u00e9panneuse<\/li>\n<\/ul>\n\n\n\n<p>Attention : certains types de remorquage ne conviennent pas \u00e0 tous les v\u00e9hicules ! C\u2019est notamment le cas des&nbsp;voitures \u00e9lectriques&nbsp;: les syst\u00e8mes de remorquage \u00e0 traction (barre, plateau porteur, sangles) sont \u00e0 oublier ! La seule solution : le plateau porteur.<\/p>\n\n\n\n<div class=\"bon-a-savoir\">\n\n\n\n<h3 class=\"wp-block-heading\">Faut-il prendre une assurance pour louer une voiture \u00e9lectrique ?<\/h3>\n\n\n\n<p>En g\u00e9n\u00e9ral, quand vous louez des&nbsp;v\u00e9hicules \u00e9lectriques, le sujet de l\u2019<a href=\"https:\/\/leocare.eu\/fr\/assurance-auto-en-ligne\/electrique\/location-tout-savoir\/\">assurance auto \u00e9lectrique en cas de location<\/a>&nbsp;est assez simple. Les loueurs peuvent, dans leur contrat, vous obliger \u00e0 souscrire une assurance sp\u00e9cifique pour vous prot\u00e9ger des sinistres courants comme la&nbsp;panne \u00e9lectrique&nbsp;ou encore les collisions. Faites le point sur ce sujet particulier avec le loueur avant de signer.&nbsp;<\/p>\n\n\n\n<\/div>\n\n\n\n<h2 class=\"wp-block-heading\" id=\"section-4\">Remorquage : que propose les compagnies d\u2019assurances ?<\/h2>\n\n\n\n<p>Quand il s\u2019agit d\u2019assistance,&nbsp;les compagnies d\u2019assurance&nbsp;sont en g\u00e9n\u00e9ral bien \u00e9quip\u00e9es pour vous proposer l\u2019assistance dont vous avez besoin. Chez Leocare, vous pouvez notamment profiter de :&nbsp;<\/p>\n\n\n\n<ul class=\"wp-block-list\">\n<li>du d\u00e9pannage et remorquage de votre v\u00e9hicule\u00a0 : nous organisons le d\u00e9pannage sur place ou le remorquage vers le garage le plus proche du lieu de l\u2019immobilisation. Le co\u00fbt de ce d\u00e9pannage sur place ou de ce remorquage est pris en charge jusqu\u2019\u00e0 200 \u20ac TTC en France ou \u00e0 l\u2019Etranger, suite \u00e0 la suite d\u2019un accident, d\u2019une crevaison, d\u2019une panne de carburant, d\u2019une perte\/vol\/enfermement\/casse des cl\u00e9s du v\u00e9hicule, d\u2019une tentative de vol, d\u2019un vol de votre v\u00e9hicule.<\/li>\n\n\n\n<li>d\u2019un v\u00e9hicule de pr\u00eat jusqu\u2019\u00e0 20 jours<\/li>\n<\/ul>\n\n\n\n<p>Et bonne nouvelle, le remorquage est compris gratuitement dans toutes nos offres d\u2019assurance auto \u00e9lectrique, de&nbsp;l\u2019assurance au tiers, jusqu\u2019\u00e0 la formule tous risques.<\/p>\n\n\n\n<p>Petit conseil : la loi Hamon peut vous \u00eatre utile si vous n\u2019\u00eates pas satisfait de votre assurance. Et tout comme&nbsp;l\u2019assurance habitation,&nbsp;vous pouvez utiliser cette loi pour demander la r\u00e9siliation gratuite et sans p\u00e9nalit\u00e9 de votre assurance si celle-ci arrive \u00e0 ses 1 an. Si vous cherchez une assurance, passez par les&nbsp;comparateurs&nbsp;pour trouver votre bonheur.<\/p>\n\n\n\n<h2 class=\"wp-block-heading\" id=\"section-5\">Les conditions de remorquage d\u2019une voiture<\/h2>\n\n\n\n<p>En fonction des assurances souscrites, les conditions d\u2019application d\u2019un remorquage peuvent diff\u00e9rer d\u2019une assurance \u00e0 une autre. Veillez donc \u00e0 bien v\u00e9rifier les conditions d\u2019application du remorquage et \u00e0 combien de remorquage vous avez droit durant l\u2019ann\u00e9e de votre contrat sur vos&nbsp;v\u00e9hicules \u00e9lectriques.<\/p>\n\n\n\n<p>Pensez aussi \u00e0 regarder si vous avez droit au&nbsp;<a href=\"https:\/\/leocare.eu\/fr\/assurance-auto-en-ligne\/electrique\/courtoisie\/\">pr\u00eat d\u2019un v\u00e9hicule \u00e9lectrique en cas de&nbsp;<\/a>panne de batterie<\/p>\n\n\n\n<h2 class=\"wp-block-heading\" id=\"section-6\">Puis-je remorquer ma voiture \u00e9lectrique moi-m\u00eame ?<\/h2>\n\n\n\n<p>Vous voulez faire preuve&nbsp;d\u2019autonomie&nbsp;et vous vous demandez si vous pouvez remorquer votre voiture vous-m\u00eame ? La r\u00e9ponse est NON. Comme \u00e9voqu\u00e9 un peu plus haut, les&nbsp;v\u00e9hicules \u00e9lectriques&nbsp;ne peuvent pas \u00eatre remorqu\u00e9s de fa\u00e7on classique et n\u00e9cessitent des moyens professionnels pour le faire, notamment le plateau porteur. Par cons\u00e9quent, nous ne vous recommandons absolument pas de remorquer votre v\u00e9hicule par vos propres moyens.<\/p>\n\n\n\n<p>De plus, le remorquage n\u00e9cessitent de respecter certaines conditions pour ce faire :&nbsp;<\/p>\n\n\n\n<ul class=\"wp-block-list\">\n<li>Interdiction de rouler sur des autoroutes et des voies express<\/li>\n\n\n\n<li>Le poids du v\u00e9hicule tracteur doit \u00eatre est plus important que celui du v\u00e9hicule tract\u00e9<\/li>\n\n\n\n<li>La vitesse de tractage ne doit pas d\u00e9passer 25 km\/h.<\/li>\n\n\n\n<li>Le trajet doit \u00eatre d\u2019une courte distance.<\/li>\n\n\n\n<li>Les warnings doivent \u00eatre allum\u00e9s sur les deux v\u00e9hicules pendant tout le trajet sauf lors des changements de direction.<\/li>\n<\/ul>\n\n\n\n<p>Autre point de vigilance : si les forces de l\u2019ordre vous contr\u00f4lent et estiment que le tractage est irr\u00e9gulier, vous \u00eates susceptible de recevoir une contravention de troisi\u00e8me classe.<\/p>\n\n\n\n<p>Dernier point n\u00e9gatif : si vous remorquez votre v\u00e9hicule par vos propres moyens, sans pr\u00e9venir votre&nbsp;compagnie&nbsp;assurance, celle-ci peut vous prendre \u00e0 d\u00e9faut et refuser votre demande de&nbsp;<a href=\"https:\/\/leocare.eu\/fr\/assurance-auto-en-ligne\/electrique\/prise-en-charge-par-assurance\/\">prise en charge pour assurer votre voiture \u00e9lectrique<\/a>. R\u00e9sultat : aucune&nbsp;indemnisation&nbsp;possible.<\/p>\n","protected":false},"excerpt":{"rendered":"<p>A la suite d\u2019une panne \u00e9lectrique sur la route, il est probable qu\u2019une d\u00e9panneuse doive vous venir en aide. Mais\u2026 est-ce que le remorquage d\u2019une voiture peut se faire en toute autonomie sans assurance voiture \u00e9lectrique ? On d\u00e9crypte ensemble le sujet. Puis-je d\u00e9tenir une voiture \u00e9lectrique qui n\u2019a pas d\u2019assurance ? La r\u00e9ponse est [&hellip;]<\/p>\n","protected":false},"author":34,"featured_media":17374,"parent":17436,"menu_order":0,"comment_status":"closed","ping_status":"closed","template":"template_seo.php","meta":{"_acf_changed":false,"footnotes":""},"class_list":["post-18268","page","type-page","status-publish","has-post-thumbnail","hentry"],"acf":[],"yoast_head":"<!-- This site is optimized with the Yoast SEO plugin v27.3 - https:\/\/yoast.com\/product\/yoast-seo-wordpress\/ -->\n<title>Peut-on tracter une voiture \u00e9lectrique qui n\u2019est pas assur\u00e9e ?<\/title>\n<meta name=\"description\" content=\"D\u00e9couvrez si vous pouvez remorquer une voiture \u00e9lectrique sans assurance. Informez-vous et faites le choix ad\u00e9quat. Agissez maintenant!\" \/>\n<meta name=\"robots\" content=\"index, follow, max-snippet:-1, max-image-preview:large, max-video-preview:-1\" \/>\n<link rel=\"canonical\" href=\"https:\/\/leocare.eu\/fr\/assurance-auto-en-ligne\/electrique\/remorquer-voiture-non-assuree\/\" \/>\n<meta property=\"og:locale\" content=\"fr_FR\" \/>\n<meta property=\"og:type\" content=\"article\" \/>\n<meta property=\"og:title\" content=\"Peut-on tracter une voiture \u00e9lectrique qui n\u2019est pas assur\u00e9e ?\" \/>\n<meta property=\"og:description\" content=\"D\u00e9couvrez si vous pouvez remorquer une voiture \u00e9lectrique sans assurance. Informez-vous et faites le choix ad\u00e9quat. Agissez maintenant!\" \/>\n<meta property=\"og:url\" content=\"https:\/\/leocare.eu\/fr\/assurance-auto-en-ligne\/electrique\/remorquer-voiture-non-assuree\/\" \/>\n<meta property=\"og:site_name\" content=\"Leocare, assurance en ligne automobile et habitation\" \/>\n<meta property=\"article:modified_time\" content=\"2026-04-07T14:46:50+00:00\" \/>\n<meta property=\"og:image\" content=\"https:\/\/leocare.eu\/fr\/wp-content\/uploads\/2021\/01\/remorquer-voiture-electrique-sans-assurance.jpg\" \/>\n\t<meta property=\"og:image:width\" content=\"1900\" \/>\n\t<meta property=\"og:image:height\" content=\"1200\" \/>\n\t<meta property=\"og:image:type\" content=\"image\/jpeg\" \/>\n<meta name=\"twitter:card\" content=\"summary_large_image\" \/>\n<meta name=\"twitter:label1\" content=\"Dur\u00e9e de lecture estim\u00e9e\" \/>\n\t<meta name=\"twitter:data1\" content=\"7 minutes\" \/>\n<!-- \/ Yoast SEO plugin. -->","yoast_head_json":{"title":"Peut-on tracter une voiture \u00e9lectrique qui n\u2019est pas assur\u00e9e ?","description":"D\u00e9couvrez si vous pouvez remorquer une voiture \u00e9lectrique sans assurance. Informez-vous et faites le choix ad\u00e9quat. Agissez maintenant!","robots":{"index":"index","follow":"follow","max-snippet":"max-snippet:-1","max-image-preview":"max-image-preview:large","max-video-preview":"max-video-preview:-1"},"canonical":"https:\/\/leocare.eu\/fr\/assurance-auto-en-ligne\/electrique\/remorquer-voiture-non-assuree\/","og_locale":"fr_FR","og_type":"article","og_title":"Peut-on tracter une voiture \u00e9lectrique qui n\u2019est pas assur\u00e9e ?","og_description":"D\u00e9couvrez si vous pouvez remorquer une voiture \u00e9lectrique sans assurance. Informez-vous et faites le choix ad\u00e9quat. Agissez maintenant!","og_url":"https:\/\/leocare.eu\/fr\/assurance-auto-en-ligne\/electrique\/remorquer-voiture-non-assuree\/","og_site_name":"Leocare, assurance en ligne automobile et habitation","article_modified_time":"2026-04-07T14:46:50+00:00","og_image":[{"width":1900,"height":1200,"url":"https:\/\/leocare.eu\/fr\/wp-content\/uploads\/2021\/01\/remorquer-voiture-electrique-sans-assurance.jpg","type":"image\/jpeg"}],"twitter_card":"summary_large_image","twitter_misc":{"Dur\u00e9e de lecture estim\u00e9e":"7 minutes"},"schema":{"@context":"https:\/\/schema.org","@graph":[{"@type":"WebPage","@id":"https:\/\/leocare.eu\/fr\/assurance-auto-en-ligne\/electrique\/remorquer-voiture-non-assuree\/","url":"https:\/\/leocare.eu\/fr\/assurance-auto-en-ligne\/electrique\/remorquer-voiture-non-assuree\/","name":"Peut-on tracter une voiture \u00e9lectrique qui n\u2019est pas assur\u00e9e ?","isPartOf":{"@id":"https:\/\/leocare.eu\/fr\/#website"},"primaryImageOfPage":{"@id":"https:\/\/leocare.eu\/fr\/assurance-auto-en-ligne\/electrique\/remorquer-voiture-non-assuree\/#primaryimage"},"image":{"@id":"https:\/\/leocare.eu\/fr\/assurance-auto-en-ligne\/electrique\/remorquer-voiture-non-assuree\/#primaryimage"},"thumbnailUrl":"https:\/\/leocare.eu\/fr\/wp-content\/uploads\/2021\/01\/remorquer-voiture-electrique-sans-assurance.jpg","datePublished":"2023-10-16T14:57:57+00:00","dateModified":"2026-04-07T14:46:50+00:00","description":"D\u00e9couvrez si vous pouvez remorquer une voiture \u00e9lectrique sans assurance. Informez-vous et faites le choix ad\u00e9quat. Agissez maintenant!","breadcrumb":{"@id":"https:\/\/leocare.eu\/fr\/assurance-auto-en-ligne\/electrique\/remorquer-voiture-non-assuree\/#breadcrumb"},"inLanguage":"fr-FR","potentialAction":[{"@type":"ReadAction","target":["https:\/\/leocare.eu\/fr\/assurance-auto-en-ligne\/electrique\/remorquer-voiture-non-assuree\/"]}]},{"@type":"ImageObject","inLanguage":"fr-FR","@id":"https:\/\/leocare.eu\/fr\/assurance-auto-en-ligne\/electrique\/remorquer-voiture-non-assuree\/#primaryimage","url":"https:\/\/leocare.eu\/fr\/wp-content\/uploads\/2021\/01\/remorquer-voiture-electrique-sans-assurance.jpg","contentUrl":"https:\/\/leocare.eu\/fr\/wp-content\/uploads\/2021\/01\/remorquer-voiture-electrique-sans-assurance.jpg","width":1900,"height":1200,"caption":"remorquer voiture \u00e9lectrique"},{"@type":"WebSite","@id":"https:\/\/leocare.eu\/fr\/#website","url":"https:\/\/leocare.eu\/fr\/","name":"Leocare, assurance en ligne automobile et habitation","description":"enfin (r)assur\u00e9.e","publisher":{"@id":"https:\/\/leocare.eu\/fr\/#organization"},"potentialAction":[{"@type":"SearchAction","target":{"@type":"EntryPoint","urlTemplate":"https:\/\/leocare.eu\/fr\/?s={search_term_string}"},"query-input":{"@type":"PropertyValueSpecification","valueRequired":true,"valueName":"search_term_string"}}],"inLanguage":"fr-FR"},{"@type":"Organization","@id":"https:\/\/leocare.eu\/fr\/#organization","name":"Leocare, assurance en ligne automobile et habitation","url":"https:\/\/leocare.eu\/fr\/","logo":{"@type":"ImageObject","inLanguage":"fr-FR","@id":"https:\/\/leocare.eu\/fr\/#\/schema\/logo\/image\/","url":"https:\/\/leocare.eu\/fr\/wp-content\/uploads\/2020\/03\/logo-leocare.svg","contentUrl":"https:\/\/leocare.eu\/fr\/wp-content\/uploads\/2020\/03\/logo-leocare.svg","caption":"Leocare, assurance en ligne automobile et habitation"},"image":{"@id":"https:\/\/leocare.eu\/fr\/#\/schema\/logo\/image\/"}}]}},"_links":{"self":[{"href":"https:\/\/leocare.eu\/fr\/wp-json\/wp\/v2\/pages\/18268","targetHints":{"allow":["GET"]}}],"collection":[{"href":"https:\/\/leocare.eu\/fr\/wp-json\/wp\/v2\/pages"}],"about":[{"href":"https:\/\/leocare.eu\/fr\/wp-json\/wp\/v2\/types\/page"}],"author":[{"embeddable":true,"href":"https:\/\/leocare.eu\/fr\/wp-json\/wp\/v2\/users\/34"}],"replies":[{"embeddable":true,"href":"https:\/\/leocare.eu\/fr\/wp-json\/wp\/v2\/comments?post=18268"}],"version-history":[{"count":9,"href":"https:\/\/leocare.eu\/fr\/wp-json\/wp\/v2\/pages\/18268\/revisions"}],"predecessor-version":[{"id":37203,"href":"https:\/\/leocare.eu\/fr\/wp-json\/wp\/v2\/pages\/18268\/revisions\/37203"}],"up":[{"embeddable":true,"href":"https:\/\/leocare.eu\/fr\/wp-json\/wp\/v2\/pages\/17436"}],"wp:featuredmedia":[{"embeddable":true,"href":"https:\/\/leocare.eu\/fr\/wp-json\/wp\/v2\/media\/17374"}],"wp:attachment":[{"href":"https:\/\/leocare.eu\/fr\/wp-json\/wp\/v2\/media?parent=18268"}],"curies":[{"name":"wp","href":"https:\/\/api.w.org\/{rel}","templated":true}]}}