{"id":18265,"date":"2023-10-16T14:04:26","date_gmt":"2023-10-16T12:04:26","guid":{"rendered":"https:\/\/leocare.eu\/fr\/?page_id=18265"},"modified":"2026-04-07T16:46:49","modified_gmt":"2026-04-07T14:46:49","slug":"tous-risques","status":"publish","type":"page","link":"https:\/\/leocare.eu\/fr\/assurance-auto-en-ligne\/electrique\/tous-risques\/","title":{"rendered":"Que couvre une assurance tous risques pour voiture \u00e9lectrique ?"},"content":{"rendered":"\n<p>L&rsquo;essor des voitures \u00e9lectriques a \u00e9t\u00e9 l&rsquo;un des d\u00e9veloppements les plus marquants de l&rsquo;industrie automobile au cours des derni\u00e8res ann\u00e9es. Ces v\u00e9hicules r\u00e9volutionnaires offrent de nombreux avantages, tels que des \u00e9missions de CO2 r\u00e9duites ou m\u00eame des \u00e9conomies \u00e0 long terme sur le co\u00fbt du plein. Cependant, pour que les automobilistes puissent profiter pleinement de ces avantages, il est essentiel de souscrire une <a href=\"https:\/\/leocare.eu\/fr\/assurance-auto-en-ligne\/electrique\/\">assurance pour votre v\u00e9hicule \u00e9lectrique<\/a> ad\u00e9quate. L&rsquo;assurance tous risques pour les voitures \u00e9lectriques est con\u00e7ue pour offrir une protection compl\u00e8te dans diff\u00e9rentes situations, allant de l&rsquo;accident \u00e0 la panne \u00e9lectrique. Nous allons ici, tous vous expliquer sur cette formule !<\/p>\n\n\n\n<h2 class=\"wp-block-heading\" id=\"section-1\">Pourquoi souscrire \u00e0 une formule tous risques ?<\/h2>\n\n\n\n<p>Nous sommes souvent plus attir\u00e9s par faire des \u00e9conomies sur nos contrats d\u2019assurance. Cependant, lorsque vous achetez un v\u00e9hicule \u00e9lectrique, il est important de bien choisir sa police d\u2019assurance pour \u00e9viter les tracas que peut nous provoquer l\u2019indemnisation d\u2019un sinistre. La formule tous risque peut parfois \u00e9viter des d\u00e9sagr\u00e9ments financiers en cas d\u2019accident. Vous pouvez par exemple b\u00e9n\u00e9ficier de la garantie \u201cvaleur \u00e0 neuf\u201d qui permettra en cas de sinistre de vous faire rembourser le prix d\u2019achat de votre voiture ou son remplacement. Contrairement \u00e0 la formule tiers qui l\u2019<a href=\"https:\/\/leocare.eu\/fr\/assurance-auto-en-ligne\/electrique\/minimum\/\">assurance minimum pour une voiture \u00e9lectrique<\/a>&nbsp;ou interm\u00e9diaire appel\u00e9 aussi tiers+, la formule tous risque prend en charge les dommages que vous vous causez \u00e0 vous-m\u00eame. Par exemple, en faisant votre marche arri\u00e8re un peu trop vite, vous vous prenez un poteau dans votre pare-chocs. Avec l\u2019assurance tous risques, vos dommages seront pris en charge ! Elle est donc utile si votre v\u00e9hicule \u00e0 de la valeur.<\/p>\n\n\n\n<h2 class=\"wp-block-heading\" id=\"section-2\">Comprendre l\u2019assurance tous risques<\/h2>\n\n\n\n<p>L\u2019assurance tous risques, comme son nom l\u2019indique, offre une couverture \u00e9tendue pour votre v\u00e9hicule, elle couvre tous les risques. Contrairement \u00e0 d\u2019autres formules d\u2019assurance, telles que l\u2019assurance au tiers, qui ne couvre que les dommages caus\u00e9s \u00e0 autrui en cas d\u2019accident, l\u2019assurance tous risques vous prot\u00e8ge, vous et votre v\u00e9hicule, dans une vari\u00e9t\u00e9 de situations. L\u2019un des sc\u00e9narios les plus courants couverts par une assurance tous risques est l\u2019accident de la route. Que vous soyez responsable ou non de l\u2019accident, votre assurance tous risques prendra en charge les dommages corporels et mat\u00e9riels subis par vous, les autres conducteurs impliqu\u00e9s et leurs v\u00e9hicules.<\/p>\n\n\n\n<p>En plus des garanties d\u00e9j\u00e0 pr\u00e9sentes dans une formule tiers ou interm\u00e9diaire, les garanties dans votre formule tous risques peuvent \u00eatre tr\u00e8s utiles :<\/p>\n\n\n\n<ul class=\"wp-block-list\">\n<li>La garantie \u201cdommages tous accidents\u201d qui couvre les d\u00e9g\u00e2ts provoqu\u00e9s \u00e0 votre v\u00e9hicule lors d\u2019un accident.<\/li>\n\n\n\n<li>La garantie protection corporelle permet d\u2019\u00eatre indemnis\u00e9 et pris en charge si vous subissez des dommages lors d\u2019un sinistre.<\/li>\n<\/ul>\n\n\n\n<h2 class=\"wp-block-heading\" id=\"section-3\">La formule tous risques pour votre v\u00e9hicule \u00e9lectrique<\/h2>\n\n\n\n<p>Les voitures \u00e9lectriques sont aliment\u00e9es par des batteries, et bien qu\u2019elles soient g\u00e9n\u00e9ralement fiables, il existe toujours un risque de panne \u00e9lectrique. L\u2019assurance tous risques pour les voitures \u00e9lectriques couvre \u00e9galement ce sc\u00e9nario. Si votre v\u00e9hicule \u00e9lectrique tombe en panne en raison d\u2019un probl\u00e8me li\u00e9 \u00e0 la batterie ou \u00e0 d\u2019autres composants \u00e9lectriques, votre assurance interviendra pour que l\u2019assistance vous vienne en aide et, si n\u00e9cessaire, pour couvrir les frais de remorquage vers la borne de recharge la plus proche.<\/p>\n\n\n\n<p>L\u2019assurance tous risques pour les voitures \u00e9lectriques ou hybride est sp\u00e9cialement con\u00e7ue pour r\u00e9pondre aux besoins uniques de ces v\u00e9hicules. Elle prend en compte l\u2019autonomie limit\u00e9e des batteries et offre une assistance sp\u00e9cifique en cas de panne \u00e9lectrique. De plus, elle peut couvrir les bornes de recharge en cas de dommages, vous assurant ainsi que vous pourrez toujours recharger votre v\u00e9hicule en cas de besoin.<\/p>\n\n\n\n<p>Bien que la prime d\u2019assurance pour une assurance tous risques puisse \u00eatre l\u00e9g\u00e8rement plus \u00e9lev\u00e9e que celle d\u2019une assurance au tiers, elle peut vous faire \u00e9conomiser de l\u2019argent \u00e0 long terme. En cas de sinistre, vous n\u2019aurez pas \u00e0 payer de votre poche les co\u00fbts \u00e9lev\u00e9s de r\u00e9paration ou de remplacement de votre v\u00e9hicule \u00e9lectrique. De plus, les \u00e9conomies sur les co\u00fbts de carburant par rapport aux v\u00e9hicules \u00e0 essence ou diesel peuvent souvent compenser le co\u00fbt de la prime d\u2019assurance plus \u00e9lev\u00e9e. Enfin, il est int\u00e9ressant de noter que certaines compagnies d\u2019assurance offrent des r\u00e9ductions avantageuses aux propri\u00e9taires de voitures \u00e9lectriques qui souscrivent \u00e9galement une assurance habitation aupr\u00e8s d\u2019elles. Cette combinaison peut vous permettre de r\u00e9aliser des \u00e9conomies suppl\u00e9mentaires sur vos primes d\u2019assurance, faisant ainsi de la transition vers une voiture \u00e9lectrique une option encore plus attrayante.<\/p>\n\n\n\n<h2 class=\"wp-block-heading\" id=\"section-4\">Les comparateurs d\u2019assurance<\/h2>\n\n\n\n<p>Nous voulons toujours trouver la meilleure assurance au meilleur prix et savoir&nbsp;<a href=\"https:\/\/leocare.eu\/fr\/assurance-auto-en-ligne\/electrique\/choisir-meilleure\/\">quelle est la meilleure assurance pour votre voiture \u00e9lectrique<\/a>. Il est important de noter que les d\u00e9tails de la couverture peuvent varier d\u2019une compagnie d\u2019assurance \u00e0 l\u2019autre. Il est donc judicieux de faire appel \u00e0 un comparateur d\u2019assurances pour trouver la meilleure offre en fonction de vos besoins sp\u00e9cifiques. En comparant les primes, les niveaux de couverture et les avantages suppl\u00e9mentaires propos\u00e9s par diff\u00e9rentes compagnies d\u2019assurance, vous pouvez trouver une assurance tous risques pour votre voiture \u00e9lectrique qui va parfaitement vous convenir. M\u00eame si vous n\u2019avez pas un moment pour vous et que vous vous demandez&nbsp;<a href=\"https:\/\/leocare.eu\/fr\/assurance-auto-en-ligne\/electrique\/delai\/\">combien de temps \u00e7a va vous prendre pour avoir une assurance voiture \u00e9lectrique<\/a>&nbsp;? Un comparateur d\u2019assurance vous fera \u00e9galement gagner du temps !<\/p>\n","protected":false},"excerpt":{"rendered":"<p>L&rsquo;essor des voitures \u00e9lectriques a \u00e9t\u00e9 l&rsquo;un des d\u00e9veloppements les plus marquants de l&rsquo;industrie automobile au cours des derni\u00e8res ann\u00e9es. Ces v\u00e9hicules r\u00e9volutionnaires offrent de nombreux avantages, tels que des \u00e9missions de CO2 r\u00e9duites ou m\u00eame des \u00e9conomies \u00e0 long terme sur le co\u00fbt du plein. Cependant, pour que les automobilistes puissent profiter pleinement de [&hellip;]<\/p>\n","protected":false},"author":34,"featured_media":17370,"parent":17436,"menu_order":0,"comment_status":"closed","ping_status":"closed","template":"template_seo.php","meta":{"_acf_changed":false,"footnotes":""},"class_list":["post-18265","page","type-page","status-publish","has-post-thumbnail","hentry"],"acf":[],"yoast_head":"<!-- This site is optimized with the Yoast SEO plugin v27.3 - https:\/\/yoast.com\/product\/yoast-seo-wordpress\/ -->\n<title>Couverture assurance tous risques pour voiture \u00e9lectrique<\/title>\n<meta name=\"description\" content=\"D\u00e9couvrez ce que couvre une assurance tous risques pour les voitures \u00e9lectriques. Devenez incollable sur votre protection. Lisez plus ici !\" \/>\n<meta name=\"robots\" content=\"index, follow, max-snippet:-1, max-image-preview:large, max-video-preview:-1\" \/>\n<link rel=\"canonical\" href=\"https:\/\/leocare.eu\/fr\/assurance-auto-en-ligne\/electrique\/tous-risques\/\" \/>\n<meta property=\"og:locale\" content=\"fr_FR\" \/>\n<meta property=\"og:type\" content=\"article\" \/>\n<meta property=\"og:title\" content=\"Couverture assurance tous risques pour voiture \u00e9lectrique\" \/>\n<meta property=\"og:description\" content=\"D\u00e9couvrez ce que couvre une assurance tous risques pour les voitures \u00e9lectriques. Devenez incollable sur votre protection. Lisez plus ici !\" \/>\n<meta property=\"og:url\" content=\"https:\/\/leocare.eu\/fr\/assurance-auto-en-ligne\/electrique\/tous-risques\/\" \/>\n<meta property=\"og:site_name\" content=\"Leocare, assurance en ligne automobile et habitation\" \/>\n<meta property=\"article:modified_time\" content=\"2026-04-07T14:46:49+00:00\" \/>\n<meta property=\"og:image\" content=\"https:\/\/leocare.eu\/fr\/wp-content\/uploads\/2021\/01\/assurance-tous-risques-voiture-electrique.jpg\" \/>\n\t<meta property=\"og:image:width\" content=\"1900\" \/>\n\t<meta property=\"og:image:height\" content=\"1200\" \/>\n\t<meta property=\"og:image:type\" content=\"image\/jpeg\" \/>\n<meta name=\"twitter:card\" content=\"summary_large_image\" \/>\n<meta name=\"twitter:label1\" content=\"Dur\u00e9e de lecture estim\u00e9e\" \/>\n\t<meta name=\"twitter:data1\" content=\"5 minutes\" \/>\n<!-- \/ Yoast SEO plugin. -->","yoast_head_json":{"title":"Couverture assurance tous risques pour voiture \u00e9lectrique","description":"D\u00e9couvrez ce que couvre une assurance tous risques pour les voitures \u00e9lectriques. Devenez incollable sur votre protection. Lisez plus ici !","robots":{"index":"index","follow":"follow","max-snippet":"max-snippet:-1","max-image-preview":"max-image-preview:large","max-video-preview":"max-video-preview:-1"},"canonical":"https:\/\/leocare.eu\/fr\/assurance-auto-en-ligne\/electrique\/tous-risques\/","og_locale":"fr_FR","og_type":"article","og_title":"Couverture assurance tous risques pour voiture \u00e9lectrique","og_description":"D\u00e9couvrez ce que couvre une assurance tous risques pour les voitures \u00e9lectriques. Devenez incollable sur votre protection. Lisez plus ici !","og_url":"https:\/\/leocare.eu\/fr\/assurance-auto-en-ligne\/electrique\/tous-risques\/","og_site_name":"Leocare, assurance en ligne automobile et habitation","article_modified_time":"2026-04-07T14:46:49+00:00","og_image":[{"width":1900,"height":1200,"url":"https:\/\/leocare.eu\/fr\/wp-content\/uploads\/2021\/01\/assurance-tous-risques-voiture-electrique.jpg","type":"image\/jpeg"}],"twitter_card":"summary_large_image","twitter_misc":{"Dur\u00e9e de lecture estim\u00e9e":"5 minutes"},"schema":{"@context":"https:\/\/schema.org","@graph":[{"@type":"WebPage","@id":"https:\/\/leocare.eu\/fr\/assurance-auto-en-ligne\/electrique\/tous-risques\/","url":"https:\/\/leocare.eu\/fr\/assurance-auto-en-ligne\/electrique\/tous-risques\/","name":"Couverture assurance tous risques pour voiture \u00e9lectrique","isPartOf":{"@id":"https:\/\/leocare.eu\/fr\/#website"},"primaryImageOfPage":{"@id":"https:\/\/leocare.eu\/fr\/assurance-auto-en-ligne\/electrique\/tous-risques\/#primaryimage"},"image":{"@id":"https:\/\/leocare.eu\/fr\/assurance-auto-en-ligne\/electrique\/tous-risques\/#primaryimage"},"thumbnailUrl":"https:\/\/leocare.eu\/fr\/wp-content\/uploads\/2021\/01\/assurance-tous-risques-voiture-electrique.jpg","datePublished":"2023-10-16T12:04:26+00:00","dateModified":"2026-04-07T14:46:49+00:00","description":"D\u00e9couvrez ce que couvre une assurance tous risques pour les voitures \u00e9lectriques. Devenez incollable sur votre protection. Lisez plus ici !","breadcrumb":{"@id":"https:\/\/leocare.eu\/fr\/assurance-auto-en-ligne\/electrique\/tous-risques\/#breadcrumb"},"inLanguage":"fr-FR","potentialAction":[{"@type":"ReadAction","target":["https:\/\/leocare.eu\/fr\/assurance-auto-en-ligne\/electrique\/tous-risques\/"]}]},{"@type":"ImageObject","inLanguage":"fr-FR","@id":"https:\/\/leocare.eu\/fr\/assurance-auto-en-ligne\/electrique\/tous-risques\/#primaryimage","url":"https:\/\/leocare.eu\/fr\/wp-content\/uploads\/2021\/01\/assurance-tous-risques-voiture-electrique.jpg","contentUrl":"https:\/\/leocare.eu\/fr\/wp-content\/uploads\/2021\/01\/assurance-tous-risques-voiture-electrique.jpg","width":1900,"height":1200,"caption":"assurance voiture \u00e9lectrique tous risques"},{"@type":"WebSite","@id":"https:\/\/leocare.eu\/fr\/#website","url":"https:\/\/leocare.eu\/fr\/","name":"Leocare, assurance en ligne automobile et habitation","description":"enfin (r)assur\u00e9.e","publisher":{"@id":"https:\/\/leocare.eu\/fr\/#organization"},"potentialAction":[{"@type":"SearchAction","target":{"@type":"EntryPoint","urlTemplate":"https:\/\/leocare.eu\/fr\/?s={search_term_string}"},"query-input":{"@type":"PropertyValueSpecification","valueRequired":true,"valueName":"search_term_string"}}],"inLanguage":"fr-FR"},{"@type":"Organization","@id":"https:\/\/leocare.eu\/fr\/#organization","name":"Leocare, assurance en ligne automobile et habitation","url":"https:\/\/leocare.eu\/fr\/","logo":{"@type":"ImageObject","inLanguage":"fr-FR","@id":"https:\/\/leocare.eu\/fr\/#\/schema\/logo\/image\/","url":"https:\/\/leocare.eu\/fr\/wp-content\/uploads\/2020\/03\/logo-leocare.svg","contentUrl":"https:\/\/leocare.eu\/fr\/wp-content\/uploads\/2020\/03\/logo-leocare.svg","caption":"Leocare, assurance en ligne automobile et habitation"},"image":{"@id":"https:\/\/leocare.eu\/fr\/#\/schema\/logo\/image\/"}}]}},"_links":{"self":[{"href":"https:\/\/leocare.eu\/fr\/wp-json\/wp\/v2\/pages\/18265","targetHints":{"allow":["GET"]}}],"collection":[{"href":"https:\/\/leocare.eu\/fr\/wp-json\/wp\/v2\/pages"}],"about":[{"href":"https:\/\/leocare.eu\/fr\/wp-json\/wp\/v2\/types\/page"}],"author":[{"embeddable":true,"href":"https:\/\/leocare.eu\/fr\/wp-json\/wp\/v2\/users\/34"}],"replies":[{"embeddable":true,"href":"https:\/\/leocare.eu\/fr\/wp-json\/wp\/v2\/comments?post=18265"}],"version-history":[{"count":8,"href":"https:\/\/leocare.eu\/fr\/wp-json\/wp\/v2\/pages\/18265\/revisions"}],"predecessor-version":[{"id":29332,"href":"https:\/\/leocare.eu\/fr\/wp-json\/wp\/v2\/pages\/18265\/revisions\/29332"}],"up":[{"embeddable":true,"href":"https:\/\/leocare.eu\/fr\/wp-json\/wp\/v2\/pages\/17436"}],"wp:featuredmedia":[{"embeddable":true,"href":"https:\/\/leocare.eu\/fr\/wp-json\/wp\/v2\/media\/17370"}],"wp:attachment":[{"href":"https:\/\/leocare.eu\/fr\/wp-json\/wp\/v2\/media?parent=18265"}],"curies":[{"name":"wp","href":"https:\/\/api.w.org\/{rel}","templated":true}]}}