{"id":18255,"date":"2023-10-16T13:29:01","date_gmt":"2023-10-16T11:29:01","guid":{"rendered":"https:\/\/leocare.eu\/fr\/?page_id=18255"},"modified":"2026-04-07T16:46:49","modified_gmt":"2026-04-07T14:46:49","slug":"prise-en-charge-employeur","status":"publish","type":"page","link":"https:\/\/leocare.eu\/fr\/assurance-auto-en-ligne\/electrique\/prise-en-charge-employeur\/","title":{"rendered":"L\u2019employeur doit-il prendre en charge l\u2019assurance voiture \u00e9lectrique de son salari\u00e9 ?"},"content":{"rendered":"\n<p>Lorsque vous vous rendez au travail, la plupart des personnes utilisent les transports en commun ou leur v\u00e9hicule personne. Avec l\u2019essor des v\u00e9hicules \u00e9lectriques sur nos routes, de nombreux employ\u00e9s se rendent au travail avec leur voiture \u00e9lectrique ou hybride. Cette transition vers une mobilit\u00e9 plus verte est encourag\u00e9e par des incitations fiscales, des politiques gouvernementales et une prise de conscience croissante de l&rsquo;importance de r\u00e9duire notre empreinte carbone. De plus en plus d&#8217;employeurs envisagent en cons\u00e9quence de prendre en charge l&rsquo;assurance des voitures \u00e9lectriques de leurs salari\u00e9s.<\/p>\n\n\n\n<h2 class=\"wp-block-heading\" id=\"section-1\">Avantages en nature : on vous explique tout !<\/h2>\n\n\n\n<p>Lorsque l\u2019employeur prend en charge l\u2019<a href=\"https:\/\/leocare.eu\/fr\/assurance-auto-en-ligne\/electrique\/\">assurance voiture \u00e9lectrique<\/a>&nbsp;de ses salari\u00e9s, cela peut \u00eatre consid\u00e9r\u00e9 comme un avantage en nature. En d\u2019autres termes, les salari\u00e9s b\u00e9n\u00e9ficiaires de cette prestation b\u00e9n\u00e9ficient d\u2019un avantage suppl\u00e9mentaire en plus de leur salaire. Cela a des implications fiscales, car ces avantages sont soumis \u00e0 l\u2019imp\u00f4t sur le revenu. L\u2019employeur doit donc prendre en compte ces \u00e9l\u00e9ments lorsqu\u2019il propose cette prise en charge. Il existe d\u2019autres avantages en nature comme la gratuit\u00e9 des repas pour les salari\u00e9s dans une entreprise. Ces avantages sont un plus pour le recrutement de nouveaux collaborateurs qui peut faire pencher la balance entre deux entreprises.<\/p>\n\n\n\n<div class=\"bon-a-savoir\">\n\n\n\n<h3 class=\"wp-block-heading\">Peut-on laisser une voiture \u00e9lectrique sans assurance dans un parking ?<\/h3>\n\n\n\n<p>Vous n\u2019avez pas souscrit d\u2019assurance et pour \u00e9viter d\u2019avoir une amende vous d\u00e9cidez de&nbsp;<a href=\"https:\/\/leocare.eu\/fr\/assurance-auto-en-ligne\/electrique\/voiture-non-assuree-laissee-parking\/\">laisser votre voiture \u00e9lectrique dans un parking<\/a>&nbsp;? Grave erreur ! M\u00eame si vous ne roulez pas avec votre v\u00e9hicule, ce dernier doit \u00eatre assur\u00e9. Rappelez-vous que depuis 1958 l\u2019assurance auto est obligatoire pour tous les v\u00e9hicules terrestres \u00e0 moteur et ce, qu\u2019ils roulent ou non.<\/p>\n\n\n\n<\/div>\n\n\n\n<p>Les voitures \u00e9lectriques ont un avantage distinct en termes d\u2019avantages en nature par rapport aux v\u00e9hicules \u00e0 essence ou diesel. Les co\u00fbts d\u2019utilisation des voitures \u00e9lectriques, y compris le carburant (\u00e9lectricit\u00e9) et l\u2019entretien, sont g\u00e9n\u00e9ralement inf\u00e9rieurs. Cela signifie que l\u2019avantage en nature associ\u00e9 \u00e0 une voiture \u00e9lectrique peut \u00eatre moins \u00e9lev\u00e9, un avantage pour l\u2019employeur et le salari\u00e9.<\/p>\n\n\n\n<p>L\u2019encouragement de l\u2019usage de voitures \u00e9lectriques pour les d\u00e9placements professionnels peut \u00e9galement \u00eatre motiv\u00e9 par des consid\u00e9rations environnementales dict\u00e9es par la RSE. Les voitures \u00e9lectriques \u00e9mettent moins de CO2 et contribuent donc \u00e0 r\u00e9duire l\u2019empreinte carbone de l\u2019entreprise. En soutenant cette transition, les employeurs peuvent d\u00e9montrer leur engagement envers la durabilit\u00e9.<\/p>\n\n\n\n<div class=\"bon-a-savoir\">\n\n\n\n<h3 class=\"wp-block-heading\">Quelle assurance pour une voiture \u00e9lectrique qui roule peu ?<\/h3>\n\n\n\n<p>Si vous ne d\u00e9passez pas les 10 000 km par an, l\u2019assurance petit rouleur ou\u00a0<a href=\"https:\/\/leocare.eu\/fr\/assurance-auto-en-ligne\/couverture\/formules\/specifiques\/au-km\/petit-rouleur\/\">assurance au kilom\u00e8tre<\/a>\u00a0peut \u00eatre une bonne alternative pour vous ! En souscrivant \u00e0 ce genre d\u2019assurance, vous \u00e9conomiserez sur votre prime d\u2019assurance qui sera calcul\u00e9e sur la base de vos besoins.<\/p>\n\n\n\n<\/div>\n\n\n\n<h2 class=\"wp-block-heading\" id=\"section-2\">Prise en charge de l\u2019assurance par l\u2019employeur<\/h2>\n\n\n\n<p>Une distinction importante doit \u00eatre faite entre l\u2019usage professionnel et l\u2019usage personnel du v\u00e9hicule \u00e9lectrique. L\u2019employeur peut choisir de ne prendre en charge que les trajets effectu\u00e9s \u00e0 des fins professionnelles, ce qui r\u00e9duit l\u2019avantage en nature. Il est important de d\u00e9finir des r\u00e8gles claires pour \u00e9viter toute confusion.<\/p>\n\n\n\n<p>Lorsque l\u2019employeur prend en charge l\u2019assurance auto \u00e9lectrique de ses salari\u00e9s, apr\u00e8s avoir d\u00e9fini l\u2019usage du v\u00e9hicule, cela peut entra\u00eener des cotisations sociales suppl\u00e9mentaires. Les cotisations sociales sont calcul\u00e9es en fonction de la valeur de l\u2019avantage en nature, ce qui signifie que l\u2019employeur devra payer des charges sociales suppl\u00e9mentaires. Il est essentiel de consulter l\u2019URSSAF ou un expert en ressources humaines pour comprendre ces implications. Les avantages en nature doivent aussi figurer sur le bulletin de paie.<\/p>\n\n\n\n<p>Pour faciliter cette transition vers une mobilit\u00e9 plus verte, de nombreuses entreprises installent des bornes de recharge \u00e9lectrique sur leur lieu de travail. Cela permet aux salari\u00e9s de recharger leurs v\u00e9hicules pendant leurs heures de travail, ce qui peut \u00eatre un avantage consid\u00e9rable. De plus, les bornes de recharge peuvent \u00eatre utilis\u00e9es \u00e0 des fins professionnelles et personnelles, ce qui simplifie encore davantage le processus.<\/p>\n\n\n\n<div class=\"bon-a-savoir\">\n\n\n\n<h3 class=\"wp-block-heading\">Que faire en cas d\u2019accident de voiture \u00e9lectrique ?<\/h3>\n\n\n\n<p>On ne vous le souhaite pas mais si vous avez un sinistre, il faut avoir&nbsp;<a href=\"https:\/\/leocare.eu\/fr\/assurance-auto-en-ligne\/electrique\/accident-que-faire\/\">les bons r\u00e9flexes pour se faire indemniser<\/a>&nbsp;au plus rapidement aupr\u00e8s de l\u2019assurance :<\/p>\n\n\n\n<ul class=\"wp-block-list\">\n<li>\u00c9tablir le constat amiable le plus rapidement apr\u00e8s les faits<\/li>\n\n\n\n<li>Recueillir les circonstances (dates, heures, t\u00e9moin etc..)<\/li>\n\n\n\n<li>D\u00e9clarer votre sinistre aupr\u00e8s de l\u2019assurance en mentionnant le plus de d\u00e9tails.<\/li>\n<\/ul>\n\n\n\n<\/div>\n\n\n\n<h2 class=\"wp-block-heading\" id=\"section-3\">Dans quel cas l\u2019employeur prend en charge l\u2019assurance ?<\/h2>\n\n\n\n<p>Si l\u2019employer utilise son v\u00e9hicule personnel \u00e0 titre professionnel, il est n\u00e9cessaire de souscrire \u00e0 une assurance \u201crisque affaires\u201d. En principe, cette assurance doit \u00eatre souscrite par l\u2019employeur pour couvrir les risques qui pourraient survenir lors des d\u00e9placements professionnels. Si cette assurance n\u2019est pas souscrite par l\u2019entreprise, l\u2019employer doit y souscrire par lui-m\u00eame. Cependant, l\u2019employeur se tient de rembourser cette surprime \u201caffaires\u201d. Attention ! Ce remboursement ne doit en aucun cas s\u2019apparenter \u00e0 un avantage en nature. En effet, l\u2019employer ne fait pas l\u2019\u00e9conomie d\u2019une d\u00e9pense personnelle et ne s\u2019enrichit pas gr\u00e2ce \u00e0 ce remboursement.<\/p>\n\n\n\n<p>En plus de l\u2019assurance, l\u2019entretien de la voiture \u00e9lectrique peut \u00e9galement \u00eatre pris en charge par l\u2019employeur. Cela peut inclure les frais d\u2019entretien courant, la r\u00e9paration des bornes de recharge \u00e9lectrique au travail, et d\u2019autres co\u00fbts li\u00e9s au fonctionnement du v\u00e9hicule. Encore une fois, ces \u00e9l\u00e9ments doivent \u00eatre soigneusement d\u00e9finis dans les accords entre l\u2019employeur et les salari\u00e9s.<\/p>\n","protected":false},"excerpt":{"rendered":"<p>Lorsque vous vous rendez au travail, la plupart des personnes utilisent les transports en commun ou leur v\u00e9hicule personne. Avec l\u2019essor des v\u00e9hicules \u00e9lectriques sur nos routes, de nombreux employ\u00e9s se rendent au travail avec leur voiture \u00e9lectrique ou hybride. Cette transition vers une mobilit\u00e9 plus verte est encourag\u00e9e par des incitations fiscales, des politiques [&hellip;]<\/p>\n","protected":false},"author":34,"featured_media":18168,"parent":17436,"menu_order":0,"comment_status":"closed","ping_status":"closed","template":"template_seo.php","meta":{"_acf_changed":false,"footnotes":""},"class_list":["post-18255","page","type-page","status-publish","has-post-thumbnail","hentry"],"acf":[],"yoast_head":"<!-- This site is optimized with the Yoast SEO plugin v27.3 - https:\/\/yoast.com\/product\/yoast-seo-wordpress\/ -->\n<title>Prise en charge par l\u2019employeur de l\u2019assurance auto \u00e9lectrique<\/title>\n<meta name=\"description\" content=\"D\u00e9couvrez comment votre employeur peut prendre en charge votre voiture \u00e9lectrique. Apprenez plus ici et passez \u00e0 l&#039;\u00e9lectrique aujourd&#039;hui!\" \/>\n<meta name=\"robots\" content=\"index, follow, max-snippet:-1, max-image-preview:large, max-video-preview:-1\" \/>\n<link rel=\"canonical\" href=\"https:\/\/leocare.eu\/fr\/assurance-auto-en-ligne\/electrique\/prise-en-charge-employeur\/\" \/>\n<meta property=\"og:locale\" content=\"fr_FR\" \/>\n<meta property=\"og:type\" content=\"article\" \/>\n<meta property=\"og:title\" content=\"Prise en charge par l\u2019employeur de l\u2019assurance auto \u00e9lectrique\" \/>\n<meta property=\"og:description\" content=\"D\u00e9couvrez comment votre employeur peut prendre en charge votre voiture \u00e9lectrique. Apprenez plus ici et passez \u00e0 l&#039;\u00e9lectrique aujourd&#039;hui!\" \/>\n<meta property=\"og:url\" content=\"https:\/\/leocare.eu\/fr\/assurance-auto-en-ligne\/electrique\/prise-en-charge-employeur\/\" \/>\n<meta property=\"og:site_name\" content=\"Leocare, assurance en ligne automobile et habitation\" \/>\n<meta property=\"article:modified_time\" content=\"2026-04-07T14:46:49+00:00\" \/>\n<meta property=\"og:image\" content=\"https:\/\/leocare.eu\/fr\/wp-content\/uploads\/2021\/01\/prise-en-charge-assurance-auto-voiture-electrique-employeur.jpg\" \/>\n\t<meta property=\"og:image:width\" content=\"1900\" \/>\n\t<meta property=\"og:image:height\" content=\"1200\" \/>\n\t<meta property=\"og:image:type\" content=\"image\/jpeg\" \/>\n<meta name=\"twitter:card\" content=\"summary_large_image\" \/>\n<meta name=\"twitter:label1\" content=\"Dur\u00e9e de lecture estim\u00e9e\" \/>\n\t<meta name=\"twitter:data1\" content=\"5 minutes\" \/>\n<!-- \/ Yoast SEO plugin. -->","yoast_head_json":{"title":"Prise en charge par l\u2019employeur de l\u2019assurance auto \u00e9lectrique","description":"D\u00e9couvrez comment votre employeur peut prendre en charge votre voiture \u00e9lectrique. Apprenez plus ici et passez \u00e0 l'\u00e9lectrique aujourd'hui!","robots":{"index":"index","follow":"follow","max-snippet":"max-snippet:-1","max-image-preview":"max-image-preview:large","max-video-preview":"max-video-preview:-1"},"canonical":"https:\/\/leocare.eu\/fr\/assurance-auto-en-ligne\/electrique\/prise-en-charge-employeur\/","og_locale":"fr_FR","og_type":"article","og_title":"Prise en charge par l\u2019employeur de l\u2019assurance auto \u00e9lectrique","og_description":"D\u00e9couvrez comment votre employeur peut prendre en charge votre voiture \u00e9lectrique. Apprenez plus ici et passez \u00e0 l'\u00e9lectrique aujourd'hui!","og_url":"https:\/\/leocare.eu\/fr\/assurance-auto-en-ligne\/electrique\/prise-en-charge-employeur\/","og_site_name":"Leocare, assurance en ligne automobile et habitation","article_modified_time":"2026-04-07T14:46:49+00:00","og_image":[{"width":1900,"height":1200,"url":"https:\/\/leocare.eu\/fr\/wp-content\/uploads\/2021\/01\/prise-en-charge-assurance-auto-voiture-electrique-employeur.jpg","type":"image\/jpeg"}],"twitter_card":"summary_large_image","twitter_misc":{"Dur\u00e9e de lecture estim\u00e9e":"5 minutes"},"schema":{"@context":"https:\/\/schema.org","@graph":[{"@type":"WebPage","@id":"https:\/\/leocare.eu\/fr\/assurance-auto-en-ligne\/electrique\/prise-en-charge-employeur\/","url":"https:\/\/leocare.eu\/fr\/assurance-auto-en-ligne\/electrique\/prise-en-charge-employeur\/","name":"Prise en charge par l\u2019employeur de l\u2019assurance auto \u00e9lectrique","isPartOf":{"@id":"https:\/\/leocare.eu\/fr\/#website"},"primaryImageOfPage":{"@id":"https:\/\/leocare.eu\/fr\/assurance-auto-en-ligne\/electrique\/prise-en-charge-employeur\/#primaryimage"},"image":{"@id":"https:\/\/leocare.eu\/fr\/assurance-auto-en-ligne\/electrique\/prise-en-charge-employeur\/#primaryimage"},"thumbnailUrl":"https:\/\/leocare.eu\/fr\/wp-content\/uploads\/2021\/01\/prise-en-charge-assurance-auto-voiture-electrique-employeur.jpg","datePublished":"2023-10-16T11:29:01+00:00","dateModified":"2026-04-07T14:46:49+00:00","description":"D\u00e9couvrez comment votre employeur peut prendre en charge votre voiture \u00e9lectrique. Apprenez plus ici et passez \u00e0 l'\u00e9lectrique aujourd'hui!","breadcrumb":{"@id":"https:\/\/leocare.eu\/fr\/assurance-auto-en-ligne\/electrique\/prise-en-charge-employeur\/#breadcrumb"},"inLanguage":"fr-FR","potentialAction":[{"@type":"ReadAction","target":["https:\/\/leocare.eu\/fr\/assurance-auto-en-ligne\/electrique\/prise-en-charge-employeur\/"]}]},{"@type":"ImageObject","inLanguage":"fr-FR","@id":"https:\/\/leocare.eu\/fr\/assurance-auto-en-ligne\/electrique\/prise-en-charge-employeur\/#primaryimage","url":"https:\/\/leocare.eu\/fr\/wp-content\/uploads\/2021\/01\/prise-en-charge-assurance-auto-voiture-electrique-employeur.jpg","contentUrl":"https:\/\/leocare.eu\/fr\/wp-content\/uploads\/2021\/01\/prise-en-charge-assurance-auto-voiture-electrique-employeur.jpg","width":1900,"height":1200,"caption":"prise en charge assurance voiture \u00e9lectrique"},{"@type":"WebSite","@id":"https:\/\/leocare.eu\/fr\/#website","url":"https:\/\/leocare.eu\/fr\/","name":"Leocare, assurance en ligne automobile et habitation","description":"enfin (r)assur\u00e9.e","publisher":{"@id":"https:\/\/leocare.eu\/fr\/#organization"},"potentialAction":[{"@type":"SearchAction","target":{"@type":"EntryPoint","urlTemplate":"https:\/\/leocare.eu\/fr\/?s={search_term_string}"},"query-input":{"@type":"PropertyValueSpecification","valueRequired":true,"valueName":"search_term_string"}}],"inLanguage":"fr-FR"},{"@type":"Organization","@id":"https:\/\/leocare.eu\/fr\/#organization","name":"Leocare, assurance en ligne automobile et habitation","url":"https:\/\/leocare.eu\/fr\/","logo":{"@type":"ImageObject","inLanguage":"fr-FR","@id":"https:\/\/leocare.eu\/fr\/#\/schema\/logo\/image\/","url":"https:\/\/leocare.eu\/fr\/wp-content\/uploads\/2020\/03\/logo-leocare.svg","contentUrl":"https:\/\/leocare.eu\/fr\/wp-content\/uploads\/2020\/03\/logo-leocare.svg","caption":"Leocare, assurance en ligne automobile et habitation"},"image":{"@id":"https:\/\/leocare.eu\/fr\/#\/schema\/logo\/image\/"}}]}},"_links":{"self":[{"href":"https:\/\/leocare.eu\/fr\/wp-json\/wp\/v2\/pages\/18255","targetHints":{"allow":["GET"]}}],"collection":[{"href":"https:\/\/leocare.eu\/fr\/wp-json\/wp\/v2\/pages"}],"about":[{"href":"https:\/\/leocare.eu\/fr\/wp-json\/wp\/v2\/types\/page"}],"author":[{"embeddable":true,"href":"https:\/\/leocare.eu\/fr\/wp-json\/wp\/v2\/users\/34"}],"replies":[{"embeddable":true,"href":"https:\/\/leocare.eu\/fr\/wp-json\/wp\/v2\/comments?post=18255"}],"version-history":[{"count":7,"href":"https:\/\/leocare.eu\/fr\/wp-json\/wp\/v2\/pages\/18255\/revisions"}],"predecessor-version":[{"id":36013,"href":"https:\/\/leocare.eu\/fr\/wp-json\/wp\/v2\/pages\/18255\/revisions\/36013"}],"up":[{"embeddable":true,"href":"https:\/\/leocare.eu\/fr\/wp-json\/wp\/v2\/pages\/17436"}],"wp:featuredmedia":[{"embeddable":true,"href":"https:\/\/leocare.eu\/fr\/wp-json\/wp\/v2\/media\/18168"}],"wp:attachment":[{"href":"https:\/\/leocare.eu\/fr\/wp-json\/wp\/v2\/media?parent=18255"}],"curies":[{"name":"wp","href":"https:\/\/api.w.org\/{rel}","templated":true}]}}