{"id":18239,"date":"2023-10-16T17:05:11","date_gmt":"2023-10-16T15:05:11","guid":{"rendered":"https:\/\/leocare.eu\/fr\/?page_id=18239"},"modified":"2026-04-07T16:46:48","modified_gmt":"2026-04-07T14:46:48","slug":"souscription-pour-tiers","status":"publish","type":"page","link":"https:\/\/leocare.eu\/fr\/assurance-auto-en-ligne\/electrique\/souscription-pour-tiers\/","title":{"rendered":"Comment prendre une assurance voiture \u00e9lectrique pour quelqu\u2019un d\u2019autre ?"},"content":{"rendered":"\n<p>Les voitures \u00e9lectriques ont fait une grande avanc\u00e9e ces derni\u00e8res ann\u00e9es, gagnant rapidement en popularit\u00e9 aupr\u00e8s des conducteurs soucieux de l&rsquo;environnement et en qu\u00eate d&rsquo;\u00e9conomies sur le long terme. Tesla, avec ses mod\u00e8les \u00e9l\u00e9gants et performants, a ouvert la voie \u00e0 une forte adoption des voitures \u00e9lectriques. Les chiffres parlent d\u2019eux-m\u00eames : en 2022, la Model Y se hissait \u00e0 la premi\u00e8re place des v\u00e9hicules \u00e9lectriques avec 747 500 exemplaires vendus. Cependant, lorsque vous d\u00e9cidez de prendre une <a href=\"https:\/\/leocare.eu\/fr\/assurance-auto-en-ligne\/electrique\/\">assurance pour une voiture \u00e9lectrique<\/a>, que ce soit pour vous-m\u00eame ou pour quelqu&rsquo;un d&rsquo;autre, il y a des consid\u00e9rations sp\u00e9cifiques \u00e0 prendre en compte.<\/p>\n\n\n\n<h2 class=\"wp-block-heading\">Les v\u00e9hicules \u00e9lectriques<\/h2>\n\n\n\n<p>Avant de plonger dans le processus d&rsquo;assurance, il est essentiel de comprendre quelques \u00e9l\u00e9ments cl\u00e9s li\u00e9s aux voitures \u00e9lectriques. Ces v\u00e9hicules fonctionnent gr\u00e2ce \u00e0 des batteries rechargeables, ce qui signifie qu&rsquo;ils d\u00e9pendent d&rsquo;une autonomie limit\u00e9e. Les trajets doivent donc \u00eatre planifi\u00e9s pour \u00e9viter les d\u00e9sagr\u00e9ments li\u00e9s \u00e0 une batterie d\u00e9charg\u00e9e au milieu de nulle part. De plus, la plupart des propri\u00e9taires de voitures \u00e9lectriques investissent dans des bornes de recharge \u00e0 domicile, comme les wallbox, pour leurs c\u00f4t\u00e9s pratique. En effet, vous pouvez installer ces bo\u00eetiers \u00e0 votre mur et ainsi b\u00e9n\u00e9ficier d\u2019une recharge \u00e0 tout moment chez vous.<\/p>\n\n\n\n<div class=\"bon-a-savoir\"><h3>Au secours, aucune assurance ne veut assurer ma voiture \u00e9lectrique !<\/h3>\n\n\n\n<p>Il peut arriver de se voir refuser une assurance par une compagnie pour plusieurs raisons. Mais, l\u2019assurance auto \u00e9tant une obligation en France depuis 1958, <a href=\"https:\/\/leocare.eu\/fr\/assurance-auto-en-ligne\/electrique\/refus\/\">plusieurs d\u00e9marches sont possibles<\/a> en cas de refus :&nbsp;&nbsp;<\/p>\n\n\n\n<ul class=\"wp-block-list\">\n<li>Apr\u00e8s le refus de votre assureur, veillez \u00e0 demander 2 exemplaires d\u2019un papier se nommant \u201cproposition d\u2019assurance\u201d<\/li>\n\n\n\n<li>Vous devez par la suite, adresser par recommand\u00e9 avec accus\u00e9 de r\u00e9ception au si\u00e8ge social de l\u2019assureur, un exemplaire compl\u00e9t\u00e9.<\/li>\n\n\n\n<li>Si ce dernier refuse ou ne r\u00e9pond pas malgr\u00e9 ces d\u00e9marches, la derni\u00e8re solution est de saisir le BTC (bureau central de tarification). Ce bureau va se charger de fixer le montant de votre cotisation \u00e0 l\u2019aide de documents pr\u00e9alablement envoy\u00e9s.<\/li>\n<\/ul>\n\n\n\n<\/div>\n\n\n\n<h3 class=\"wp-block-heading\">Souscrire \u00e0 une assurance pour votre voiture \u00e9lectrique<\/h3>\n\n\n\n<p>Lorsque vous achetez votre v\u00e9hicule \u00e9lectrique, il est bien \u00e9videmment essentiel de souscrire \u00e0 une assurance. Pensez \u00e0 v\u00e9rifier \u00e9galement avant l\u2019achat quelle voiture \u00e9lectrique co\u00fbte le moins cher en assurance, <a href=\"https:\/\/leocare.eu\/fr\/assurance-auto-en-ligne\/electrique\/voiture-moins-chere-jeune-conducteur\/\">un jeune conducteur ne paiera pas le m\u00eame prix<\/a> qu\u2019une personne ayant 10 ans d\u2019exp\u00e9riences. Mais avant \u00e7a, il est crucial de comprendre que les besoins en assurance de ces v\u00e9hicules peuvent \u00eatre l\u00e9g\u00e8rement diff\u00e9rents de ceux des voitures \u00e0 essence ou diesel. Les assureurs tiennent compte de plusieurs facteurs pour d\u00e9terminer la cotisation d&rsquo;assurance, y compris la marque et le mod\u00e8le de la voiture, la valeur des batteries, les \u00e9quipements de s\u00e9curit\u00e9, et m\u00eame la fr\u00e9quence des trajets.&nbsp;<\/p>\n\n\n\n<p>M\u00eame si les formules d\u2019assurances restent les m\u00eames, vous pouvez \u00e9tendre votre couverture en souscrivant \u00e0 des options comme la prise en charge de votre batterie ou m\u00eame la garantie bris de glace pour le toit de votre Tesla. Pour trouver <a href=\"https:\/\/leocare.eu\/fr\/assurance-auto-en-ligne\/electrique\/choisir-meilleure\/\">la meilleure assurance pour une voiture \u00e9lectrique<\/a>, il est judicieux d&rsquo;utiliser un comparateur d&rsquo;assurance en ligne. Ces outils vous permettent de comparer rapidement les offres de diff\u00e9rentes compagnies d&rsquo;assurance, en prenant en compte les sp\u00e9cificit\u00e9s de la voiture \u00e9lectrique que vous souhaitez assurer. Cela peut vous aider \u00e0 \u00e9conomiser sur les cotisations tout en obtenant une couverture ad\u00e9quate \u00e0 vos besoins.&nbsp;<\/p>\n\n\n\n<p>Lorsque vous utilisez un comparateur d&rsquo;assurance, assurez-vous d&rsquo;examiner attentivement les options qui vous sont pr\u00e9sent\u00e9es. Recherchez des polices d&rsquo;assurance qui couvrent les dommages caus\u00e9s \u00e0 la voiture \u00e9lectrique en cas d&rsquo;accident, ainsi que la responsabilit\u00e9 civile envers d&rsquo;autres automobilistes en cas de dommages corporels ou mat\u00e9riels. Assurez-vous \u00e9galement que l&rsquo;indemnisation en cas d&rsquo;accident est suffisante pour couvrir les co\u00fbts potentiels de r\u00e9paration ou de remplacement des batteries qui peuvent \u00eatre co\u00fbteuses.<\/p>\n\n\n\n<div class=\"bon-a-savoir\"><h3>Que faire en cas de perte d\u2019assurance pour votre voiture \u00e9lectrique ? <\/h3>\n\n\n\n<p>Il peut arriver d\u2019<a href=\"https:\/\/leocare.eu\/fr\/assurance-auto-en-ligne\/electrique\/certificat-assurance-perdu\/\">\u00e9garer votre certificat d\u2019assurance pour votre v\u00e9hicule \u00e9lectrique<\/a>, dans ces cas-l\u00e0, ne perdez pas de temps et contactez l\u2019assurance pour leur demander de vous renvoyer votre carte verte.\u00a0<\/p>\n\n\n\n<\/div>\n\n\n\n<h2 class=\"wp-block-heading\">Comment prendre une assurance pour quelqu\u2019un d\u2019autre ?<\/h2>\n\n\n\n<p>Vous pouvez \u00eatre amen\u00e9 \u00e0 souscrire \u00e0 une assurance pour quelqu\u2019un d\u2019autre et cela est tout \u00e0 fait l\u00e9gal cependant quelques facteurs sont \u00e0 prendre en compte. Vous devez tout d\u2019abord obtenir l&rsquo;accord du propri\u00e9taire et \u00eatre autoris\u00e9 \u00e0 conduire le v\u00e9hicule. Vous devrez \u00e9galement fournir des informations pr\u00e9cises sur l\u2019exp\u00e9rience de conduite et l\u2019historique d&rsquo;assurance (avec le fameux coefficient bonus\/malus) de la personne b\u00e9n\u00e9ficiant de l\u2019assurance, car cela influencera la cotisation. Dans le cas o\u00f9 vous d\u00e9clariez mal les informations, l\u2019assurance peut r\u00e9silier votre contrat pour fausse d\u00e9claration non intentionnelle.&nbsp;<\/p>\n\n\n\n<p>Avant la souscription du contrat pour votre v\u00e9hicule \u00e9lectrique, v\u00e9rifiez bien les petites lignes. Certaines compagnies d\u2019assurances peuvent imposer des exclusions aux voitures \u00e9lectriques. Par exemple, elles pourraient exclure la couverture des batteries en cas de d\u00e9faillance due \u00e0 l&rsquo;usure normale. Il est donc essentiel de lire attentivement les termes et conditions de votre police d&rsquo;assurance et de poser des questions \u00e0 votre assureur si quelque chose n&rsquo;est pas clair.<\/p>\n\n\n\n<p>Pour que la personne b\u00e9n\u00e9ficiaire du contrat puisse conduire en toute l\u00e9galit\u00e9, il faut qu\u2019elle soit bien nomm\u00e9e au contrat et que la carte verte soit \u00e9galement \u00e0 son nom.<\/p>\n\n\n\n<div class=\"bon-a-savoir\"><h3>Peut-on laisser une voiture \u00e9lectrique sans assurance sur un parking ?<\/h3>\n\n\n\n<p>Non ! Rappelez-vous : depuis 1958 l\u2019assurance est obligatoire pour toutes les voitures, m\u00eame les v\u00e9hicules \u00e9lectriques et ce, <a href=\"https:\/\/leocare.eu\/fr\/assurance-auto-en-ligne\/electrique\/voiture-non-assuree-laissee-parking\/\">qu\u2019ils roulent ou non<\/a>.\u00a0<\/p>\n\n\n\n<\/div>\n","protected":false},"excerpt":{"rendered":"<p>Les voitures \u00e9lectriques ont fait une grande avanc\u00e9e ces derni\u00e8res ann\u00e9es, gagnant rapidement en popularit\u00e9 aupr\u00e8s des conducteurs soucieux de l&rsquo;environnement et en qu\u00eate d&rsquo;\u00e9conomies sur le long terme. Tesla, avec ses mod\u00e8les \u00e9l\u00e9gants et performants, a ouvert la voie \u00e0 une forte adoption des voitures \u00e9lectriques. Les chiffres parlent d\u2019eux-m\u00eames : en 2022, la [&hellip;]<\/p>\n","protected":false},"author":34,"featured_media":17369,"parent":17436,"menu_order":0,"comment_status":"closed","ping_status":"closed","template":"template_seo.php","meta":{"_acf_changed":false,"footnotes":""},"class_list":["post-18239","page","type-page","status-publish","has-post-thumbnail","hentry"],"acf":[],"yoast_head":"<!-- This site is optimized with the Yoast SEO plugin v27.3 - https:\/\/yoast.com\/product\/yoast-seo-wordpress\/ -->\n<title>Souscrire une assurance voiture \u00e9lectrique pour un tiers<\/title>\n<meta name=\"description\" content=\"D\u00e9couvrez comment prendre une assurance voiture \u00e9lectrique pour une autre personne. Cliquez maintenant pour en savoir plus et trouve l&#039;offre id\u00e9ale!\" \/>\n<meta name=\"robots\" content=\"index, follow, max-snippet:-1, max-image-preview:large, max-video-preview:-1\" \/>\n<link rel=\"canonical\" href=\"https:\/\/leocare.eu\/fr\/assurance-auto-en-ligne\/electrique\/souscription-pour-tiers\/\" \/>\n<meta property=\"og:locale\" content=\"fr_FR\" \/>\n<meta property=\"og:type\" content=\"article\" \/>\n<meta property=\"og:title\" content=\"Souscrire une assurance voiture \u00e9lectrique pour un tiers\" \/>\n<meta property=\"og:description\" content=\"D\u00e9couvrez comment prendre une assurance voiture \u00e9lectrique pour une autre personne. Cliquez maintenant pour en savoir plus et trouve l&#039;offre id\u00e9ale!\" \/>\n<meta property=\"og:url\" content=\"https:\/\/leocare.eu\/fr\/assurance-auto-en-ligne\/electrique\/souscription-pour-tiers\/\" \/>\n<meta property=\"og:site_name\" content=\"Leocare, assurance en ligne automobile et habitation\" \/>\n<meta property=\"article:modified_time\" content=\"2026-04-07T14:46:48+00:00\" \/>\n<meta property=\"og:image\" content=\"https:\/\/leocare.eu\/fr\/wp-content\/uploads\/2021\/01\/assurance-voiture-electrique-tiers.jpg\" \/>\n\t<meta property=\"og:image:width\" content=\"1900\" \/>\n\t<meta property=\"og:image:height\" content=\"1200\" \/>\n\t<meta property=\"og:image:type\" content=\"image\/jpeg\" \/>\n<meta name=\"twitter:card\" content=\"summary_large_image\" \/>\n<meta name=\"twitter:label1\" content=\"Dur\u00e9e de lecture estim\u00e9e\" \/>\n\t<meta name=\"twitter:data1\" content=\"5 minutes\" \/>\n<!-- \/ Yoast SEO plugin. -->","yoast_head_json":{"title":"Souscrire une assurance voiture \u00e9lectrique pour un tiers","description":"D\u00e9couvrez comment prendre une assurance voiture \u00e9lectrique pour une autre personne. Cliquez maintenant pour en savoir plus et trouve l'offre id\u00e9ale!","robots":{"index":"index","follow":"follow","max-snippet":"max-snippet:-1","max-image-preview":"max-image-preview:large","max-video-preview":"max-video-preview:-1"},"canonical":"https:\/\/leocare.eu\/fr\/assurance-auto-en-ligne\/electrique\/souscription-pour-tiers\/","og_locale":"fr_FR","og_type":"article","og_title":"Souscrire une assurance voiture \u00e9lectrique pour un tiers","og_description":"D\u00e9couvrez comment prendre une assurance voiture \u00e9lectrique pour une autre personne. Cliquez maintenant pour en savoir plus et trouve l'offre id\u00e9ale!","og_url":"https:\/\/leocare.eu\/fr\/assurance-auto-en-ligne\/electrique\/souscription-pour-tiers\/","og_site_name":"Leocare, assurance en ligne automobile et habitation","article_modified_time":"2026-04-07T14:46:48+00:00","og_image":[{"width":1900,"height":1200,"url":"https:\/\/leocare.eu\/fr\/wp-content\/uploads\/2021\/01\/assurance-voiture-electrique-tiers.jpg","type":"image\/jpeg"}],"twitter_card":"summary_large_image","twitter_misc":{"Dur\u00e9e de lecture estim\u00e9e":"5 minutes"},"schema":{"@context":"https:\/\/schema.org","@graph":[{"@type":"WebPage","@id":"https:\/\/leocare.eu\/fr\/assurance-auto-en-ligne\/electrique\/souscription-pour-tiers\/","url":"https:\/\/leocare.eu\/fr\/assurance-auto-en-ligne\/electrique\/souscription-pour-tiers\/","name":"Souscrire une assurance voiture \u00e9lectrique pour un tiers","isPartOf":{"@id":"https:\/\/leocare.eu\/fr\/#website"},"primaryImageOfPage":{"@id":"https:\/\/leocare.eu\/fr\/assurance-auto-en-ligne\/electrique\/souscription-pour-tiers\/#primaryimage"},"image":{"@id":"https:\/\/leocare.eu\/fr\/assurance-auto-en-ligne\/electrique\/souscription-pour-tiers\/#primaryimage"},"thumbnailUrl":"https:\/\/leocare.eu\/fr\/wp-content\/uploads\/2021\/01\/assurance-voiture-electrique-tiers.jpg","datePublished":"2023-10-16T15:05:11+00:00","dateModified":"2026-04-07T14:46:48+00:00","description":"D\u00e9couvrez comment prendre une assurance voiture \u00e9lectrique pour une autre personne. Cliquez maintenant pour en savoir plus et trouve l'offre id\u00e9ale!","breadcrumb":{"@id":"https:\/\/leocare.eu\/fr\/assurance-auto-en-ligne\/electrique\/souscription-pour-tiers\/#breadcrumb"},"inLanguage":"fr-FR","potentialAction":[{"@type":"ReadAction","target":["https:\/\/leocare.eu\/fr\/assurance-auto-en-ligne\/electrique\/souscription-pour-tiers\/"]}]},{"@type":"ImageObject","inLanguage":"fr-FR","@id":"https:\/\/leocare.eu\/fr\/assurance-auto-en-ligne\/electrique\/souscription-pour-tiers\/#primaryimage","url":"https:\/\/leocare.eu\/fr\/wp-content\/uploads\/2021\/01\/assurance-voiture-electrique-tiers.jpg","contentUrl":"https:\/\/leocare.eu\/fr\/wp-content\/uploads\/2021\/01\/assurance-voiture-electrique-tiers.jpg","width":1900,"height":1200,"caption":"assurance voiture \u00e9lectrique tiers"},{"@type":"WebSite","@id":"https:\/\/leocare.eu\/fr\/#website","url":"https:\/\/leocare.eu\/fr\/","name":"Leocare, assurance en ligne automobile et habitation","description":"enfin (r)assur\u00e9.e","publisher":{"@id":"https:\/\/leocare.eu\/fr\/#organization"},"potentialAction":[{"@type":"SearchAction","target":{"@type":"EntryPoint","urlTemplate":"https:\/\/leocare.eu\/fr\/?s={search_term_string}"},"query-input":{"@type":"PropertyValueSpecification","valueRequired":true,"valueName":"search_term_string"}}],"inLanguage":"fr-FR"},{"@type":"Organization","@id":"https:\/\/leocare.eu\/fr\/#organization","name":"Leocare, assurance en ligne automobile et habitation","url":"https:\/\/leocare.eu\/fr\/","logo":{"@type":"ImageObject","inLanguage":"fr-FR","@id":"https:\/\/leocare.eu\/fr\/#\/schema\/logo\/image\/","url":"https:\/\/leocare.eu\/fr\/wp-content\/uploads\/2020\/03\/logo-leocare.svg","contentUrl":"https:\/\/leocare.eu\/fr\/wp-content\/uploads\/2020\/03\/logo-leocare.svg","caption":"Leocare, assurance en ligne automobile et habitation"},"image":{"@id":"https:\/\/leocare.eu\/fr\/#\/schema\/logo\/image\/"}}]}},"_links":{"self":[{"href":"https:\/\/leocare.eu\/fr\/wp-json\/wp\/v2\/pages\/18239","targetHints":{"allow":["GET"]}}],"collection":[{"href":"https:\/\/leocare.eu\/fr\/wp-json\/wp\/v2\/pages"}],"about":[{"href":"https:\/\/leocare.eu\/fr\/wp-json\/wp\/v2\/types\/page"}],"author":[{"embeddable":true,"href":"https:\/\/leocare.eu\/fr\/wp-json\/wp\/v2\/users\/34"}],"replies":[{"embeddable":true,"href":"https:\/\/leocare.eu\/fr\/wp-json\/wp\/v2\/comments?post=18239"}],"version-history":[{"count":11,"href":"https:\/\/leocare.eu\/fr\/wp-json\/wp\/v2\/pages\/18239\/revisions"}],"predecessor-version":[{"id":29202,"href":"https:\/\/leocare.eu\/fr\/wp-json\/wp\/v2\/pages\/18239\/revisions\/29202"}],"up":[{"embeddable":true,"href":"https:\/\/leocare.eu\/fr\/wp-json\/wp\/v2\/pages\/17436"}],"wp:featuredmedia":[{"embeddable":true,"href":"https:\/\/leocare.eu\/fr\/wp-json\/wp\/v2\/media\/17369"}],"wp:attachment":[{"href":"https:\/\/leocare.eu\/fr\/wp-json\/wp\/v2\/media?parent=18239"}],"curies":[{"name":"wp","href":"https:\/\/api.w.org\/{rel}","templated":true}]}}