{"id":18230,"date":"2023-10-16T16:56:48","date_gmt":"2023-10-16T14:56:48","guid":{"rendered":"https:\/\/leocare.eu\/fr\/?page_id=18230"},"modified":"2026-04-07T16:46:46","modified_gmt":"2026-04-07T14:46:46","slug":"voiture-non-assuree-laissee-parking","status":"publish","type":"page","link":"https:\/\/leocare.eu\/fr\/assurance-auto-en-ligne\/electrique\/voiture-non-assuree-laissee-parking\/","title":{"rendered":"Peut-on laisser une voiture \u00e9lectrique non assur\u00e9e dans un parking ?\u00a0"},"content":{"rendered":"\n<p>En France, la l\u00e9gislation impose l&rsquo;assurance auto \u00e0 tous les automobilistes pour tous les v\u00e9hicules circulant sur la voie publique, y compris les voitures \u00e9lectriques diminuant la pollution. Mais qu&rsquo;en est-il lorsque la voiture est stationn\u00e9e dans un parking ?<\/p>\n\n\n\n<h2 class=\"wp-block-heading\" id=\"section-1\">L\u2019obligation d\u2019assurance en France&nbsp;<\/h2>\n\n\n\n<p>L\u2019article L211-1 du code des&nbsp;assurances&nbsp;dispose bien que \u201ctout v\u00e9hicule automoteur destin\u00e9 \u00e0 circuler sur le sol et qui peut \u00eatre actionn\u00e9 par une force m\u00e9canique\u201d doit \u00eatre assur\u00e9. Cela signifie que, m\u00eame si votre voiture \u00e9lectrique reste constamment stationn\u00e9e dans un parking, si elle est en capacit\u00e9 de circuler, elle doit bien \u00eatre couverte par une&nbsp;<a href=\"https:\/\/leocare.eu\/fr\/assurance-auto-en-ligne\/electrique\/\">assurance voiture \u00e9lectrique<\/a>. La raison est simple, m\u00eame \u00e0 l\u2019arr\u00eat et en stationnement, votre voiture peut causer des d\u00e9g\u00e2ts. En effet, les technologies comprenant de l\u2019\u00e9lectricit\u00e9, qu\u2019elles proviennent de votre v\u00e9hicule ou de votre&nbsp;borne&nbsp;de recharge personnelle, peuvent entra\u00eener des incendies voire une explosion.<\/p>\n\n\n\n<p>C\u2019est la raison pour laquelle, m\u00eame lorsque votre v\u00e9hicule est stationn\u00e9 sur un parking, vous devez \u00eatre assur\u00e9 au minimum pour la responsabilit\u00e9 civile, conform\u00e9ment \u00e0 la loi.&nbsp;<\/p>\n\n\n\n<p>De plus, m\u00eame si votre voiture \u00e9lectrique est stationn\u00e9e la plupart du temps dans un parking, il est important de se rappeler que les circonstances peuvent changer. Vous pourriez avoir besoin de d\u00e9placer votre v\u00e9hicule pour diverses raisons, telles que des travaux de maintenance, des d\u00e9placements impr\u00e9vus ou tout simplement pour vous rendre quelque part en voiture. Dans ces situations, vous devez avoir une assurance en place pour garantir votre&nbsp;mobilit\u00e9.<\/p>\n\n\n\n<h2 class=\"wp-block-heading\" id=\"section-2\">Quelle assurance choisir pour sa voiture \u00e9lectrique stationn\u00e9e&nbsp;<\/h2>\n\n\n\n<p>Vous n\u2019avez rien \u00e0 faire de particulier, l\u2019assurance parking est comprise dans l\u2019assurance au tiers classique, qui correspond au minimum l\u00e9gal en termes d\u2019assurance. Malgr\u00e9 tout, vous devez choisir une formule d\u2019assurance.&nbsp;<\/p>\n\n\n\n<p>La formule au tiers est la couverture minimale requise par la loi. Elle vous couvre contre les dommages mat\u00e9riels et les dommages corporels caus\u00e9s aux autres usagers&nbsp;<a href=\"https:\/\/leocare.eu\/fr\/assurance-auto-en-ligne\/electrique\/accident-que-faire\/\">en cas d\u2019accident<\/a>, m\u00eame quand votre v\u00e9hicule est stationn\u00e9. Cette formule offre aussi une protection de base pour les \u00e9ventuels dommages involontaires caus\u00e9s \u00e0 d\u2019autres biens. C\u2019est la couverture choisie par les&nbsp;conducteurs&nbsp;voulant faire des \u00e9conomies et qui n\u2019ont pas une voiture de valeur, c\u2019est la raison pour laquelle elle n\u2019est pas conseill\u00e9e pour les&nbsp;voitures \u00e9lectriques.&nbsp;<\/p>\n\n\n\n<p>La formule au tiers plus vous permettra d\u2019\u00eatre couvert pour d\u2019autres types de sinistre, comme le vol, les d\u00e9g\u00e2ts caus\u00e9s par les catastrophes naturelles ou technologiques, les attentats, les \u00e9meutes, etc. Si votre voiture est stationn\u00e9e dans un parking public, ces garanties peuvent \u00eatre int\u00e9ressantes, notamment la garantie vol car les&nbsp;v\u00e9hicules \u00e9lectriques, d\u00fb \u00e0 leur valeur \u00e9lev\u00e9e, sont plus facilement victimes de vol. Aussi, si votre v\u00e9hicule est stationn\u00e9, pensez \u00e0 ne pas laisser les documents, comme le certificat d\u2019immatriculation, \u00e0 l\u2019int\u00e9rieur, vous faciliterez simplement le travail des voleurs.&nbsp;<\/p>\n\n\n\n<p>La formule tous risques est la formule la plus compl\u00e8te en termes de couverture. Elle englobe non seulement les dommages caus\u00e9s aux tiers, mais aussi les dommages que vous causez, en \u00e9tant responsable ou non.&nbsp;<\/p>\n\n\n\n<p>Certaines&nbsp;compagnies&nbsp;d\u2019assurance proposent d\u2019autres offres adapt\u00e9es aux v\u00e9hicules stationn\u00e9s. Vous pourrez alors trouver des formules parking ou \u201chors-circulation\u201d, qui vous permettront de b\u00e9n\u00e9ficier de cotisations moins \u00e9lev\u00e9es. Ce type de contrat prendra fin d\u00e8s la remise en circulation du v\u00e9hicule.&nbsp;<\/p>\n\n\n\n<p>Enfin, d\u2019autres offres existent pour les\u00a0<a href=\"https:\/\/leocare.eu\/fr\/assurance-auto-en-ligne\/couverture\/formules\/specifiques\/au-km\/petit-rouleur\/\">voitures qui roulent peu<\/a>. C\u2019est en cela que le forfait kilom\u00e9trique peut \u00eatre int\u00e9ressant dans cette situation, tout comme l\u2019assurance temporaire pouvant aller jusqu\u2019\u00e0 90 jours ou encore les contrats week-end. Ce dernier contrat peut \u00eatre int\u00e9ressant si vous utilisez\u00a0<a href=\"https:\/\/leocare.eu\/fr\/assurance-auto-en-ligne\/electrique\/prise-en-charge-employeur\/\">une voiture d\u2019entreprise<\/a>\u00a0en semaine, \u00e0 la place de votre v\u00e9hicule personnel.<\/p>\n\n\n\n<h2 class=\"wp-block-heading\" id=\"section-3\">Quelles sont les sp\u00e9cificit\u00e9s du stationnement sur un parking ?&nbsp;<\/h2>\n\n\n\n<p>Le lieu de stationnement de votre voiture compte pour votre assureur et pour votre choix de couverture. En ce qui concerne les parkings, plusieurs facteurs sont \u00e0 prendre en compte.&nbsp;<\/p>\n\n\n\n<p>Si votre voiture est stationn\u00e9e dans un parking public, renseignez-vous aupr\u00e8s de son&nbsp;propri\u00e9taire&nbsp;pour conna\u00eetre les d\u00e9tails de sa couverture. Par exemple, si sa couverture ne prend pas en charge les dommages caus\u00e9s \u00e0 votre v\u00e9hicule, il est important que vous renforciez les garanties de votre contrat en ce sens.&nbsp;<\/p>\n\n\n\n<p>Si votre v\u00e9hicule est gar\u00e9 dans un parking priv\u00e9, v\u00e9rifiez que vous b\u00e9n\u00e9ficiez d\u2019un service de gardiennage. Si ce n\u2019est pas le cas, votre couverture doit \u00eatre suffisamment compl\u00e8te pour vous prot\u00e9ger contre toutes \u00e9ventualit\u00e9s.&nbsp;<\/p>\n\n\n\n<p>Si votre voiture est stationn\u00e9e, avec celle d\u2019autres&nbsp;r\u00e9sidents, dans un parking collectif attenant \u00e0 votre copropri\u00e9t\u00e9, celui-ci est d\u00e9j\u00e0 couvert par une assurance, votre couverture peut \u00eatre moins importante.&nbsp;<\/p>\n\n\n\n<p>Sans surprise, si vous garez votre voiture dans la rue en bas de votre immeuble, les risques sont plus importants, alors vos primes d\u2019assurance le seront aussi.<\/p>\n\n\n\n<h2 class=\"wp-block-heading\" id=\"section-4\">Quels sont les risques de ne pas assurer sa voiture gar\u00e9e sur un parking ?&nbsp;<\/h2>\n\n\n\n<p>Laisser une voiture \u00e9lectrique non assur\u00e9e dans un parking expose le propri\u00e9taire ou&nbsp;<a href=\"https:\/\/leocare.eu\/fr\/assurance-auto-en-ligne\/electrique\/souscription-pour-tiers\/\">la personne utilisant la voiture<\/a>&nbsp;\u00e0 plusieurs risques et&nbsp;sanctions&nbsp;potentielles.<\/p>\n\n\n\n<p>D\u2019abord des risques financiers. En cas de vol, d\u2019incendie ou de dommages caus\u00e9s \u00e0 votre voiture \u00e9lectrique dans le parking, vous ne recevrez aucune&nbsp;indemnisation&nbsp;en cas d\u2019absence&nbsp;d\u2019assurance. Les co\u00fbts de r\u00e9paration ou de remplacement seront \u00e0 votre charge.<\/p>\n\n\n\n<ul class=\"wp-block-list\">\n<li><strong>Infractions l\u00e9gales :<\/strong>&nbsp;Nous l\u2019avons vu, laisser une voiture \u00e9lectrique non assur\u00e9e dans un parking constitue une&nbsp;infraction&nbsp;\u00e0 la l\u00e9gislation en vigueur. Les autorit\u00e9s peuvent imposer des amendes et sanctions en cas de contr\u00f4le.<\/li>\n\n\n\n<li><strong>Contraventions :<\/strong>&nbsp;De nombreux parkings publics exigent que les v\u00e9hicules stationn\u00e9s soient assur\u00e9s. Si vous enfreignez cette r\u00e8gle, vous pourriez vous voir infliger des&nbsp;contraventions&nbsp;par les gestionnaires du parking.<\/li>\n\n\n\n<li><strong>Sanctions p\u00e9nales :<\/strong>&nbsp;L\u2019absence d\u2019assurance voiture \u00e9lectrique peut \u00e9galement avoir des cons\u00e9quences p\u00e9nales, allant de sanctions financi\u00e8res \u00e0 des peines plus graves en cas de r\u00e9cidive ou de&nbsp;dommages&nbsp;graves caus\u00e9s \u00e0 des tiers. Raison de plus pour opter pour la&nbsp;<a href=\"https:\/\/leocare.eu\/fr\/assurance-auto-en-ligne\/electrique\/choisir-meilleure\/\">meilleure assurance de voiture \u00e9lectrique<\/a>&nbsp;!<\/li>\n<\/ul>\n","protected":false},"excerpt":{"rendered":"<p>En France, la l\u00e9gislation impose l&rsquo;assurance auto \u00e0 tous les automobilistes pour tous les v\u00e9hicules circulant sur la voie publique, y compris les voitures \u00e9lectriques diminuant la pollution. Mais qu&rsquo;en est-il lorsque la voiture est stationn\u00e9e dans un parking ? L\u2019obligation d\u2019assurance en France&nbsp; L\u2019article L211-1 du code des&nbsp;assurances&nbsp;dispose bien que \u201ctout v\u00e9hicule automoteur destin\u00e9 [&hellip;]<\/p>\n","protected":false},"author":34,"featured_media":18164,"parent":17436,"menu_order":0,"comment_status":"closed","ping_status":"closed","template":"template_seo.php","meta":{"_acf_changed":false,"footnotes":""},"class_list":["post-18230","page","type-page","status-publish","has-post-thumbnail","hentry"],"acf":[],"yoast_head":"<!-- This site is optimized with the Yoast SEO plugin v27.3 - https:\/\/yoast.com\/product\/yoast-seo-wordpress\/ -->\n<title>Peut-on laisser une auto \u00e9lectrique non assur\u00e9e dans un parking ?<\/title>\n<meta name=\"description\" content=\"D\u00e9couvrez les risques li\u00e9s \u00e0 laisser une voiture \u00e9lectrique non assur\u00e9e dans un parking. Informez-vous et assurez-vous de faire le bon choix.\" \/>\n<meta name=\"robots\" content=\"index, follow, max-snippet:-1, max-image-preview:large, max-video-preview:-1\" \/>\n<link rel=\"canonical\" href=\"https:\/\/leocare.eu\/fr\/assurance-auto-en-ligne\/electrique\/voiture-non-assuree-laissee-parking\/\" \/>\n<meta property=\"og:locale\" content=\"fr_FR\" \/>\n<meta property=\"og:type\" content=\"article\" \/>\n<meta property=\"og:title\" content=\"Peut-on laisser une auto \u00e9lectrique non assur\u00e9e dans un parking ?\" \/>\n<meta property=\"og:description\" content=\"D\u00e9couvrez les risques li\u00e9s \u00e0 laisser une voiture \u00e9lectrique non assur\u00e9e dans un parking. Informez-vous et assurez-vous de faire le bon choix.\" \/>\n<meta property=\"og:url\" content=\"https:\/\/leocare.eu\/fr\/assurance-auto-en-ligne\/electrique\/voiture-non-assuree-laissee-parking\/\" \/>\n<meta property=\"og:site_name\" content=\"Leocare, assurance en ligne automobile et habitation\" \/>\n<meta property=\"article:modified_time\" content=\"2026-04-07T14:46:46+00:00\" \/>\n<meta property=\"og:image\" content=\"https:\/\/leocare.eu\/fr\/wp-content\/uploads\/2021\/01\/laisser-voiture-electrique-sans-assurance-parking.jpg\" \/>\n\t<meta property=\"og:image:width\" content=\"1900\" \/>\n\t<meta property=\"og:image:height\" content=\"1200\" \/>\n\t<meta property=\"og:image:type\" content=\"image\/jpeg\" \/>\n<meta name=\"twitter:card\" content=\"summary_large_image\" \/>\n<meta name=\"twitter:label1\" content=\"Est. reading time\" \/>\n\t<meta name=\"twitter:data1\" content=\"6 minutes\" \/>\n<!-- \/ Yoast SEO plugin. -->","yoast_head_json":{"title":"Peut-on laisser une auto \u00e9lectrique non assur\u00e9e dans un parking ?","description":"D\u00e9couvrez les risques li\u00e9s \u00e0 laisser une voiture \u00e9lectrique non assur\u00e9e dans un parking. Informez-vous et assurez-vous de faire le bon choix.","robots":{"index":"index","follow":"follow","max-snippet":"max-snippet:-1","max-image-preview":"max-image-preview:large","max-video-preview":"max-video-preview:-1"},"canonical":"https:\/\/leocare.eu\/fr\/assurance-auto-en-ligne\/electrique\/voiture-non-assuree-laissee-parking\/","og_locale":"fr_FR","og_type":"article","og_title":"Peut-on laisser une auto \u00e9lectrique non assur\u00e9e dans un parking ?","og_description":"D\u00e9couvrez les risques li\u00e9s \u00e0 laisser une voiture \u00e9lectrique non assur\u00e9e dans un parking. Informez-vous et assurez-vous de faire le bon choix.","og_url":"https:\/\/leocare.eu\/fr\/assurance-auto-en-ligne\/electrique\/voiture-non-assuree-laissee-parking\/","og_site_name":"Leocare, assurance en ligne automobile et habitation","article_modified_time":"2026-04-07T14:46:46+00:00","og_image":[{"width":1900,"height":1200,"url":"https:\/\/leocare.eu\/fr\/wp-content\/uploads\/2021\/01\/laisser-voiture-electrique-sans-assurance-parking.jpg","type":"image\/jpeg"}],"twitter_card":"summary_large_image","twitter_misc":{"Est. reading time":"6 minutes"},"schema":{"@context":"https:\/\/schema.org","@graph":[{"@type":"WebPage","@id":"https:\/\/leocare.eu\/fr\/assurance-auto-en-ligne\/electrique\/voiture-non-assuree-laissee-parking\/","url":"https:\/\/leocare.eu\/fr\/assurance-auto-en-ligne\/electrique\/voiture-non-assuree-laissee-parking\/","name":"Peut-on laisser une auto \u00e9lectrique non assur\u00e9e dans un parking ?","isPartOf":{"@id":"https:\/\/leocare.eu\/fr\/#website"},"primaryImageOfPage":{"@id":"https:\/\/leocare.eu\/fr\/assurance-auto-en-ligne\/electrique\/voiture-non-assuree-laissee-parking\/#primaryimage"},"image":{"@id":"https:\/\/leocare.eu\/fr\/assurance-auto-en-ligne\/electrique\/voiture-non-assuree-laissee-parking\/#primaryimage"},"thumbnailUrl":"https:\/\/leocare.eu\/fr\/wp-content\/uploads\/2021\/01\/laisser-voiture-electrique-sans-assurance-parking.jpg","datePublished":"2023-10-16T14:56:48+00:00","dateModified":"2026-04-07T14:46:46+00:00","description":"D\u00e9couvrez les risques li\u00e9s \u00e0 laisser une voiture \u00e9lectrique non assur\u00e9e dans un parking. Informez-vous et assurez-vous de faire le bon choix.","breadcrumb":{"@id":"https:\/\/leocare.eu\/fr\/assurance-auto-en-ligne\/electrique\/voiture-non-assuree-laissee-parking\/#breadcrumb"},"inLanguage":"fr-FR","potentialAction":[{"@type":"ReadAction","target":["https:\/\/leocare.eu\/fr\/assurance-auto-en-ligne\/electrique\/voiture-non-assuree-laissee-parking\/"]}]},{"@type":"ImageObject","inLanguage":"fr-FR","@id":"https:\/\/leocare.eu\/fr\/assurance-auto-en-ligne\/electrique\/voiture-non-assuree-laissee-parking\/#primaryimage","url":"https:\/\/leocare.eu\/fr\/wp-content\/uploads\/2021\/01\/laisser-voiture-electrique-sans-assurance-parking.jpg","contentUrl":"https:\/\/leocare.eu\/fr\/wp-content\/uploads\/2021\/01\/laisser-voiture-electrique-sans-assurance-parking.jpg","width":1900,"height":1200,"caption":"voiture \u00e9lectrique parking"},{"@type":"WebSite","@id":"https:\/\/leocare.eu\/fr\/#website","url":"https:\/\/leocare.eu\/fr\/","name":"Leocare, assurance en ligne automobile et habitation","description":"enfin (r)assur\u00e9.e","publisher":{"@id":"https:\/\/leocare.eu\/fr\/#organization"},"potentialAction":[{"@type":"SearchAction","target":{"@type":"EntryPoint","urlTemplate":"https:\/\/leocare.eu\/fr\/?s={search_term_string}"},"query-input":{"@type":"PropertyValueSpecification","valueRequired":true,"valueName":"search_term_string"}}],"inLanguage":"fr-FR"},{"@type":"Organization","@id":"https:\/\/leocare.eu\/fr\/#organization","name":"Leocare, assurance en ligne automobile et habitation","url":"https:\/\/leocare.eu\/fr\/","logo":{"@type":"ImageObject","inLanguage":"fr-FR","@id":"https:\/\/leocare.eu\/fr\/#\/schema\/logo\/image\/","url":"https:\/\/leocare.eu\/fr\/wp-content\/uploads\/2020\/03\/logo-leocare.svg","contentUrl":"https:\/\/leocare.eu\/fr\/wp-content\/uploads\/2020\/03\/logo-leocare.svg","caption":"Leocare, assurance en ligne automobile et habitation"},"image":{"@id":"https:\/\/leocare.eu\/fr\/#\/schema\/logo\/image\/"}}]}},"_links":{"self":[{"href":"https:\/\/leocare.eu\/fr\/wp-json\/wp\/v2\/pages\/18230","targetHints":{"allow":["GET"]}}],"collection":[{"href":"https:\/\/leocare.eu\/fr\/wp-json\/wp\/v2\/pages"}],"about":[{"href":"https:\/\/leocare.eu\/fr\/wp-json\/wp\/v2\/types\/page"}],"author":[{"embeddable":true,"href":"https:\/\/leocare.eu\/fr\/wp-json\/wp\/v2\/users\/34"}],"replies":[{"embeddable":true,"href":"https:\/\/leocare.eu\/fr\/wp-json\/wp\/v2\/comments?post=18230"}],"version-history":[{"count":12,"href":"https:\/\/leocare.eu\/fr\/wp-json\/wp\/v2\/pages\/18230\/revisions"}],"predecessor-version":[{"id":36015,"href":"https:\/\/leocare.eu\/fr\/wp-json\/wp\/v2\/pages\/18230\/revisions\/36015"}],"up":[{"embeddable":true,"href":"https:\/\/leocare.eu\/fr\/wp-json\/wp\/v2\/pages\/17436"}],"wp:featuredmedia":[{"embeddable":true,"href":"https:\/\/leocare.eu\/fr\/wp-json\/wp\/v2\/media\/18164"}],"wp:attachment":[{"href":"https:\/\/leocare.eu\/fr\/wp-json\/wp\/v2\/media?parent=18230"}],"curies":[{"name":"wp","href":"https:\/\/api.w.org\/{rel}","templated":true}]}}