{"id":18226,"date":"2023-10-16T16:54:54","date_gmt":"2023-10-16T14:54:54","guid":{"rendered":"https:\/\/leocare.eu\/fr\/?page_id=18226"},"modified":"2026-04-07T16:36:52","modified_gmt":"2026-04-07T14:36:52","slug":"conduire-sans-assurance","status":"publish","type":"page","link":"https:\/\/leocare.eu\/fr\/assurance-auto-en-ligne\/electrique\/conduire-sans-assurance\/","title":{"rendered":"Conduire une voiture \u00e9lectrique sans assurance : quels risques ?\u00a0"},"content":{"rendered":"\n<p>En France, conduire une voiture \u00e9lectrique sans assurance auto est ill\u00e9gal. En effet, la loi du 27 f\u00e9vrier 1958 impose \u00e0 tout propri\u00e9taire d\u2019un v\u00e9hicule \u00e0 moteur en capacit\u00e9 de circuler d\u2019\u00eatre au moins assur\u00e9 avec la garantie responsabilit\u00e9 civile d\u00e8s son acquisition ou peu de temps apr\u00e8s. Cette loi est entour\u00e9e de r\u00e8gles strictes et de cons\u00e9quences financi\u00e8res importantes. Les propri\u00e9taires de voitures \u00e9lectriques, comme tous les automobilistes, sont tenus de souscrire une assurance auto pour circuler l\u00e9galement sur les routes et m\u00eame pour garder une voiture stationn\u00e9e en permanence. Ignorer cette obligation peut entra\u00eener des risques consid\u00e9rables, des cons\u00e9quences financi\u00e8res lourdes et une potentielle perte des avantages li\u00e9s \u00e0 une assurance adapt\u00e9e.<\/p>\n\n\n\n<h2 class=\"wp-block-heading\" id=\"section-1\">L\u2019obligation d\u2019assurance auto en France&nbsp;<\/h2>\n\n\n\n<p>L\u2019assurance automobile est une obligation l\u00e9gale en France pour tous les propri\u00e9taires de v\u00e9hicules motoris\u00e9s de 4, 3 et 2 roues, y compris les voitures \u00e9lectriques. Cette obligation d\u00e9coule du Code des Assurances et vise \u00e0 prot\u00e9ger tant les propri\u00e9taires de v\u00e9hicules que les tiers impliqu\u00e9s dans un potentiel accident. Ne pas souscrire une&nbsp;<a href=\"https:\/\/leocare.eu\/fr\/assurance-auto-en-ligne\/electrique\/\">assurance auto \u00e9lectrique<\/a>&nbsp;aupr\u00e8s d\u2019une compagnie est ill\u00e9gal et peut avoir des cons\u00e9quences graves.<\/p>\n\n\n\n<p>Cette obligation concerne bien s\u00fbr les v\u00e9hicules sur la route qui font de nombreux trajets, mais aussi les v\u00e9hicules stationn\u00e9s. Il est possible de ne pas le savoir car c\u2019est moins \u00e9vident. En effet, que votre voiture soit gar\u00e9e sur un parking ouvert ou dans votre garage priv\u00e9 et ferm\u00e9, pour 2 semaines ou 3 ans, elle doit \u00eatre assur\u00e9e au moins pour la responsabilit\u00e9 civile. La raison est simple, une voiture \u00e9lectrique ou m\u00eame la borne install\u00e9e chez vous, \u00e0 cause des \u00e9quipements, des mat\u00e9riaux et des technologies embarqu\u00e9e, peut provoquer des incendies voire une explosion.<\/p>\n\n\n\n<h2 class=\"wp-block-heading\" id=\"section-2\">Les risques et les cons\u00e9quences de conduire sans assurance auto \u00e9lectrique<\/h2>\n\n\n\n<p>Conduire une voiture \u00e9lectrique sans assurance, tout comme sans certificat d\u2019immatriculation, expose les propri\u00e9taires \u00e0 des risques majeurs. En cas d\u2019accident, les dommages caus\u00e9s \u00e0 votre propre v\u00e9hicule ne seront pas couverts, ce qui signifie que vous devrez supporter&nbsp;<a href=\"https:\/\/leocare.eu\/fr\/assurance-auto-en-ligne\/electrique\/reparation-assurance\/\">les co\u00fbts de r\u00e9paration<\/a>&nbsp;ou de remplacement de votre poche. Cela peut rapidement \u00eatre probl\u00e9matique car les pi\u00e8ces de remplacement d\u2019une voiture \u00e9lectrique co\u00fbtent g\u00e9n\u00e9ralement tr\u00e8s cher, tout comme leur simple r\u00e9paration. De plus, les dommages mat\u00e9riels et corporels caus\u00e9s \u00e0 des tiers ne seront pas indemnis\u00e9s, vous laissant encore responsable de r\u00e9parations co\u00fbteuses et de frais m\u00e9dicaux.<\/p>\n\n\n\n<p>Outre les risques en cas d\u2019accident, rouler sans assurance peut entra\u00eener des cons\u00e9quences financi\u00e8res importantes. Les contrevenants s\u2019exposent \u00e0 des amendes pouvant atteindre jusqu\u2019\u00e0 3 750 \u20ac et selon la situation, des peines peuvent s\u2019additionner :&nbsp;<\/p>\n\n\n\n<ul class=\"wp-block-list\">\n<li>Les travaux d\u2019int\u00e9r\u00eat g\u00e9n\u00e9ral<\/li>\n\n\n\n<li>Les peines de jours-amende<\/li>\n\n\n\n<li>La suspension de votre permis de conduire jusqu\u2019\u00e0 3 ans<\/li>\n\n\n\n<li>L\u2019annulation de votre permis et l\u2019interdiction de le repasser pendant 3 ans ou plus<\/li>\n\n\n\n<li>L\u2019interdiction de conduire certains v\u00e9hicules y compris une voiture sans permis, une voiturette ou m\u00eame un quadricycle. Cela signifie que, m\u00eame si vous avez votre BSR, qui est un permis diff\u00e9rent du permis B, vous pourriez \u00eatre interdit de conduire un scooter.&nbsp;<\/li>\n\n\n\n<li>L\u2019obligation de faire un stage de sensibilisation \u00e0 la s\u00e9curit\u00e9 routi\u00e8re<\/li>\n\n\n\n<li>L\u2019immobilisation et\/ou la confiscation de votre voiture \u00e9lectrique<\/li>\n<\/ul>\n\n\n\n<h2 class=\"wp-block-heading\" id=\"section-3\">Les avantages d\u2019une assurance auto adapt\u00e9e \u00e0 votre voiture \u00e9lectrique<\/h2>\n\n\n\n<p>Comme il est obligatoire d\u2019assurer sa voiture pour circuler, autant le faire correctement. Souscrire une assurance adapt\u00e9e pour votre voiture \u00e9lectrique offre une protection essentielle pour votre v\u00e9hicule, pour vous et pour les autres usagers qui pourraient croiser votre route. Les voitures \u00e9lectriques sont \u00e9quip\u00e9es de technologies avanc\u00e9es, notamment des batteries co\u00fbteuses, ce qui peut augmenter les co\u00fbts de r\u00e9paration en cas d\u2019accident. Une assurance tous risques offre une couverture compl\u00e8te pour les dommages mat\u00e9riels et corporels, y compris ceux caus\u00e9s \u00e0 votre propre v\u00e9hicule.<\/p>\n\n\n\n<p>Lorsque vous choisissez une assurance pour votre voiture \u00e9lectrique, prenez en compte des \u00e9l\u00e9ments tels que l\u2019autonomie de votre v\u00e9hicule, la technologie embarqu\u00e9e et les risques sp\u00e9cifiques aux v\u00e9hicules \u00e9lectriques. N\u2019oubliez pas non plus que vous voiture \u00e0 de la valeur et qu\u2019elle est, en ce sens, plus expos\u00e9e aux risques de vol, m\u00eame s\u2019il s\u2019agit d\u2019une\u00a0<a href=\"https:\/\/leocare.eu\/fr\/assurance-auto-en-ligne\/electrique\/vol-vieux-vehicule\/\">voiture \u00e9lectrique de plus de 10 ans<\/a>. Comparer les offres \u00e0 l\u2019aide d\u2019un comparateur d\u2019assurances en ligne peut vous aider \u00e0 trouver le meilleur <a href=\"https:\/\/leocare.eu\/fr\/assurance-auto-en-ligne\/devis\/tarifs\/\">co\u00fbt pour votre assurance auto<\/a>, votre coefficient bonus-malus et les caract\u00e9ristiques de votre voiture.<\/p>\n\n\n\n<h2 class=\"wp-block-heading\" id=\"section-4\">Peut-on conduire une voiture \u00e9lectrique si l\u2019assurance n\u2019est pas \u00e0 notre nom ?&nbsp;<\/h2>\n\n\n\n<p>Tant que vous avez obtenu le permis B, vous pouvez conduire une voiture qui n\u2019est pas assur\u00e9e \u00e0 votre nom. Le risque, en revanche, c\u2019est qu\u2019en cas de sinistre l\u2019assurance refuse l\u2019indemnisation. Tous les frais induits par l\u2019accident seront alors \u00e0 votre charge. C\u2019est la raison pour laquelle, avant de prendre le volant d\u2019une voiture qui n\u2019est pas la v\u00f4tre, v\u00e9rifiez si vous figurez sur le contrat d\u2019assurance auto en tant que conducteur secondaire ou occasionnel ou que celui-ci permet le pr\u00eat de volant. Sachez que si ce n\u2019est pas le cas, il est toujours possible de&nbsp;<a href=\"https:\/\/leocare.eu\/fr\/assurance-auto-en-ligne\/electrique\/ajouter-personne\/\">mettre quelqu\u2019un sur son assurance pour voiture \u00e9lectrique<\/a>.<\/p>\n","protected":false},"excerpt":{"rendered":"<p>En France, conduire une voiture \u00e9lectrique sans assurance auto est ill\u00e9gal. En effet, la loi du 27 f\u00e9vrier 1958 impose \u00e0 tout propri\u00e9taire d\u2019un v\u00e9hicule \u00e0 moteur en capacit\u00e9 de circuler d\u2019\u00eatre au moins assur\u00e9 avec la garantie responsabilit\u00e9 civile d\u00e8s son acquisition ou peu de temps apr\u00e8s. Cette loi est entour\u00e9e de r\u00e8gles strictes [&hellip;]<\/p>\n","protected":false},"author":34,"featured_media":18162,"parent":17436,"menu_order":0,"comment_status":"closed","ping_status":"closed","template":"template_seo.php","meta":{"_acf_changed":false,"footnotes":""},"class_list":["post-18226","page","type-page","status-publish","has-post-thumbnail","hentry"],"acf":[],"yoast_head":"<!-- This site is optimized with the Yoast SEO plugin v27.3 - https:\/\/yoast.com\/product\/yoast-seo-wordpress\/ -->\n<title>Conduire une voiture \u00e9lectrique sans assurance : ce que dit la loi<\/title>\n<meta name=\"description\" content=\"Vous envisagez de conduire une voiture \u00e9lectrique sans assurance ? D\u00e9couvrez les risques et cons\u00e9quences. Agissez maintenant, assurez votre v\u00e9hicule \u00e9lectrique.\" \/>\n<meta name=\"robots\" content=\"index, follow, max-snippet:-1, max-image-preview:large, max-video-preview:-1\" \/>\n<link rel=\"canonical\" href=\"https:\/\/leocare.eu\/fr\/assurance-auto-en-ligne\/electrique\/conduire-sans-assurance\/\" \/>\n<meta property=\"og:locale\" content=\"fr_FR\" \/>\n<meta property=\"og:type\" content=\"article\" \/>\n<meta property=\"og:title\" content=\"Conduire une voiture \u00e9lectrique sans assurance : ce que dit la loi\" \/>\n<meta property=\"og:description\" content=\"Vous envisagez de conduire une voiture \u00e9lectrique sans assurance ? D\u00e9couvrez les risques et cons\u00e9quences. Agissez maintenant, assurez votre v\u00e9hicule \u00e9lectrique.\" \/>\n<meta property=\"og:url\" content=\"https:\/\/leocare.eu\/fr\/assurance-auto-en-ligne\/electrique\/conduire-sans-assurance\/\" \/>\n<meta property=\"og:site_name\" content=\"Leocare, assurance en ligne automobile et habitation\" \/>\n<meta property=\"article:modified_time\" content=\"2026-04-07T14:36:52+00:00\" \/>\n<meta property=\"og:image\" content=\"https:\/\/leocare.eu\/fr\/wp-content\/uploads\/2021\/01\/conduire-voiture-electrique-sans-assurance-1.jpg\" \/>\n\t<meta property=\"og:image:width\" content=\"1900\" \/>\n\t<meta property=\"og:image:height\" content=\"1200\" \/>\n\t<meta property=\"og:image:type\" content=\"image\/jpeg\" \/>\n<meta name=\"twitter:card\" content=\"summary_large_image\" \/>\n<meta name=\"twitter:label1\" content=\"Dur\u00e9e de lecture estim\u00e9e\" \/>\n\t<meta name=\"twitter:data1\" content=\"5 minutes\" \/>\n<!-- \/ Yoast SEO plugin. -->","yoast_head_json":{"title":"Conduire une voiture \u00e9lectrique sans assurance : ce que dit la loi","description":"Vous envisagez de conduire une voiture \u00e9lectrique sans assurance ? D\u00e9couvrez les risques et cons\u00e9quences. Agissez maintenant, assurez votre v\u00e9hicule \u00e9lectrique.","robots":{"index":"index","follow":"follow","max-snippet":"max-snippet:-1","max-image-preview":"max-image-preview:large","max-video-preview":"max-video-preview:-1"},"canonical":"https:\/\/leocare.eu\/fr\/assurance-auto-en-ligne\/electrique\/conduire-sans-assurance\/","og_locale":"fr_FR","og_type":"article","og_title":"Conduire une voiture \u00e9lectrique sans assurance : ce que dit la loi","og_description":"Vous envisagez de conduire une voiture \u00e9lectrique sans assurance ? D\u00e9couvrez les risques et cons\u00e9quences. Agissez maintenant, assurez votre v\u00e9hicule \u00e9lectrique.","og_url":"https:\/\/leocare.eu\/fr\/assurance-auto-en-ligne\/electrique\/conduire-sans-assurance\/","og_site_name":"Leocare, assurance en ligne automobile et habitation","article_modified_time":"2026-04-07T14:36:52+00:00","og_image":[{"width":1900,"height":1200,"url":"https:\/\/leocare.eu\/fr\/wp-content\/uploads\/2021\/01\/conduire-voiture-electrique-sans-assurance-1.jpg","type":"image\/jpeg"}],"twitter_card":"summary_large_image","twitter_misc":{"Dur\u00e9e de lecture estim\u00e9e":"5 minutes"},"schema":{"@context":"https:\/\/schema.org","@graph":[{"@type":"WebPage","@id":"https:\/\/leocare.eu\/fr\/assurance-auto-en-ligne\/electrique\/conduire-sans-assurance\/","url":"https:\/\/leocare.eu\/fr\/assurance-auto-en-ligne\/electrique\/conduire-sans-assurance\/","name":"Conduire une voiture \u00e9lectrique sans assurance : ce que dit la loi","isPartOf":{"@id":"https:\/\/leocare.eu\/fr\/#website"},"primaryImageOfPage":{"@id":"https:\/\/leocare.eu\/fr\/assurance-auto-en-ligne\/electrique\/conduire-sans-assurance\/#primaryimage"},"image":{"@id":"https:\/\/leocare.eu\/fr\/assurance-auto-en-ligne\/electrique\/conduire-sans-assurance\/#primaryimage"},"thumbnailUrl":"https:\/\/leocare.eu\/fr\/wp-content\/uploads\/2021\/01\/conduire-voiture-electrique-sans-assurance-1.jpg","datePublished":"2023-10-16T14:54:54+00:00","dateModified":"2026-04-07T14:36:52+00:00","description":"Vous envisagez de conduire une voiture \u00e9lectrique sans assurance ? D\u00e9couvrez les risques et cons\u00e9quences. Agissez maintenant, assurez votre v\u00e9hicule \u00e9lectrique.","breadcrumb":{"@id":"https:\/\/leocare.eu\/fr\/assurance-auto-en-ligne\/electrique\/conduire-sans-assurance\/#breadcrumb"},"inLanguage":"fr-FR","potentialAction":[{"@type":"ReadAction","target":["https:\/\/leocare.eu\/fr\/assurance-auto-en-ligne\/electrique\/conduire-sans-assurance\/"]}]},{"@type":"ImageObject","inLanguage":"fr-FR","@id":"https:\/\/leocare.eu\/fr\/assurance-auto-en-ligne\/electrique\/conduire-sans-assurance\/#primaryimage","url":"https:\/\/leocare.eu\/fr\/wp-content\/uploads\/2021\/01\/conduire-voiture-electrique-sans-assurance-1.jpg","contentUrl":"https:\/\/leocare.eu\/fr\/wp-content\/uploads\/2021\/01\/conduire-voiture-electrique-sans-assurance-1.jpg","width":1900,"height":1200,"caption":"voiture \u00e9lectrique en charge"},{"@type":"WebSite","@id":"https:\/\/leocare.eu\/fr\/#website","url":"https:\/\/leocare.eu\/fr\/","name":"Leocare, assurance en ligne automobile et habitation","description":"enfin (r)assur\u00e9.e","publisher":{"@id":"https:\/\/leocare.eu\/fr\/#organization"},"potentialAction":[{"@type":"SearchAction","target":{"@type":"EntryPoint","urlTemplate":"https:\/\/leocare.eu\/fr\/?s={search_term_string}"},"query-input":{"@type":"PropertyValueSpecification","valueRequired":true,"valueName":"search_term_string"}}],"inLanguage":"fr-FR"},{"@type":"Organization","@id":"https:\/\/leocare.eu\/fr\/#organization","name":"Leocare, assurance en ligne automobile et habitation","url":"https:\/\/leocare.eu\/fr\/","logo":{"@type":"ImageObject","inLanguage":"fr-FR","@id":"https:\/\/leocare.eu\/fr\/#\/schema\/logo\/image\/","url":"https:\/\/leocare.eu\/fr\/wp-content\/uploads\/2020\/03\/logo-leocare.svg","contentUrl":"https:\/\/leocare.eu\/fr\/wp-content\/uploads\/2020\/03\/logo-leocare.svg","caption":"Leocare, assurance en ligne automobile et habitation"},"image":{"@id":"https:\/\/leocare.eu\/fr\/#\/schema\/logo\/image\/"}}]}},"_links":{"self":[{"href":"https:\/\/leocare.eu\/fr\/wp-json\/wp\/v2\/pages\/18226","targetHints":{"allow":["GET"]}}],"collection":[{"href":"https:\/\/leocare.eu\/fr\/wp-json\/wp\/v2\/pages"}],"about":[{"href":"https:\/\/leocare.eu\/fr\/wp-json\/wp\/v2\/types\/page"}],"author":[{"embeddable":true,"href":"https:\/\/leocare.eu\/fr\/wp-json\/wp\/v2\/users\/34"}],"replies":[{"embeddable":true,"href":"https:\/\/leocare.eu\/fr\/wp-json\/wp\/v2\/comments?post=18226"}],"version-history":[{"count":9,"href":"https:\/\/leocare.eu\/fr\/wp-json\/wp\/v2\/pages\/18226\/revisions"}],"predecessor-version":[{"id":37159,"href":"https:\/\/leocare.eu\/fr\/wp-json\/wp\/v2\/pages\/18226\/revisions\/37159"}],"up":[{"embeddable":true,"href":"https:\/\/leocare.eu\/fr\/wp-json\/wp\/v2\/pages\/17436"}],"wp:featuredmedia":[{"embeddable":true,"href":"https:\/\/leocare.eu\/fr\/wp-json\/wp\/v2\/media\/18162"}],"wp:attachment":[{"href":"https:\/\/leocare.eu\/fr\/wp-json\/wp\/v2\/media?parent=18226"}],"curies":[{"name":"wp","href":"https:\/\/api.w.org\/{rel}","templated":true}]}}