{"id":18220,"date":"2023-10-16T16:51:52","date_gmt":"2023-10-16T14:51:52","guid":{"rendered":"https:\/\/leocare.eu\/fr\/?page_id=18220"},"modified":"2026-04-07T16:36:52","modified_gmt":"2026-04-07T14:36:52","slug":"ajouter-personne","status":"publish","type":"page","link":"https:\/\/leocare.eu\/fr\/assurance-auto-en-ligne\/electrique\/ajouter-personne\/","title":{"rendered":"Comment ajouter quelqu\u2019un sur son assurance pour voiture \u00e9lectrique ?"},"content":{"rendered":"\n<p>En faisant attention \u00e0 nos \u00e9missions de CO2, nous sommes amen\u00e9s \u00e0 acheter un v\u00e9hicule \u00e9lectrique. Mais nous ne sommes souvent pas seuls \u00e0 conduire notre v\u00e9hicule, l\u2019ajout d\u2019un conducteur secondaire \u00e0 votre assurance v\u00e9hicule \u00e9lectrique est une \u00e9tape importante est souvent essentiel qui peut avoir des implications financi\u00e8res et de couverture significative. Que vous envisagiez d\u2019ajouter un membre de votre famille, un ami ou un enfant sur votre&nbsp;contrat d\u2019assurance, il est essentiel de comprendre les proc\u00e9dures, les cons\u00e9quences et les facteurs \u00e0 prendre en compte. On vous explique tout ici !<\/p>\n\n\n\n<h2 class=\"wp-block-heading\" id=\"section-1\">Comment ajouter un second conducteur sur votre assurance ?<\/h2>\n\n\n\n<p>Les d\u00e9marches sont propres \u00e0 chaque assurance, mais il existe des similitudes entre elles pour ajouter un second conducteur \u00e0 votre contrat :&nbsp;<\/p>\n\n\n\n<ul class=\"wp-block-list\">\n<li>Commencez par contacter votre compagnie d\u2019assurances pour conna\u00eetre leurs proc\u00e9dures sp\u00e9cifiques pour ajouter un conducteur suppl\u00e9mentaire.<\/li>\n\n\n\n<li>Vous devrez fournir des informations sur le conducteur \u00e0 ajouter, y compris son nom, son \u00e2ge, son historique de conduite et d\u2019autres d\u00e9tails requis par l\u2019assureur.<\/li>\n\n\n\n<li>L\u2019assureur \u00e9valuera ensuite les risques associ\u00e9s au conducteur secondaire avec les informations fournies avant.<\/li>\n\n\n\n<li>En fonction de l\u2019\u00e9valuation des risques, votre prime d\u2019assurance pourrait \u00eatre ajust\u00e9e \u00e0 la hausse ou \u00e0 la baisse. Un conducteur exp\u00e9riment\u00e9 et responsable pourrait entra\u00eener une prime plus basse, tandis qu\u2019un conducteur novice ou \u00e0 haut risque pourrait entra\u00eener une cotisation plus \u00e9lev\u00e9e.<\/li>\n<\/ul>\n\n\n\n<p>L\u2019assurance pourra \u00e9galement \u00eatre amen\u00e9e \u00e0 vous demander des pi\u00e8ces justificatives pour ce conducteur secondaire comme son permis, son relev\u00e9 d\u2019informations ou m\u00eame son certificat d\u2019immatriculation.<\/p>\n\n\n\n<div class=\"bon-a-savoir\">\n\n\n\n<h3 class=\"wp-block-heading\">Bon \u00e0 savoir<\/h3>\n\n\n\n<p>Le r\u00f4le principal d\u2019une assurance est bien \u00e9videmment de&nbsp;<a href=\"https:\/\/leocare.eu\/fr\/assurance-auto-en-ligne\/electrique\/reparation-assurance\/\">r\u00e9parer votre v\u00e9hicule en cas de sinistre<\/a>&nbsp;et de vous indemniser. Lorsque vous avez un accident ayez le r\u00e9flexe de d\u00e9clarer imm\u00e9diatement votre sinistre \u00e0 votre assurance pour qu\u2019elle puisse proc\u00e9der \u00e0 l\u2019indemnisation au plus vite. Vous avez 2 jours pour d\u00e9clarer un vol, 5 pour un accident de la route, incendie ou bris de glace et 10 jours pour une catastrophe naturelle.<\/p>\n\n\n\n<\/div>\n\n\n\n<h2 class=\"wp-block-heading\" id=\"section-2\">Les cons\u00e9quences de l\u2019ajout d\u2019un conducteur secondaire sur votre contrat<\/h2>\n\n\n\n<p>L\u2019ajout d\u2019un conducteur secondaire n\u2019est pas sans cons\u00e9quences, qu\u2019elles soient positives ou n\u00e9gatives. L\u2019ajout d\u2019un conducteur exp\u00e9riment\u00e9 et responsable pourrait potentiellement r\u00e9duire votre prime d\u2019assurance gr\u00e2ce \u00e0 l\u2019exp\u00e9rience de conduite positive du nouveau conducteur. Cependant, si le conducteur ajout\u00e9 pr\u00e9sente un historique de conduite pr\u00e9sentant plusieurs sinistres, cela pourrait entra\u00eener une prime plus \u00e9lev\u00e9e. L\u2019ajout d\u2019un conducteur secondaire peut \u00e9tendre la couverture de l\u2019assurance \u00e0 la fois pour les dommages corporels et mat\u00e9riels en cas d\u2019accident. Cela signifie que si le conducteur ajout\u00e9 est impliqu\u00e9 dans un accident, les dommages seront couverts selon les termes de votre police d\u2019assurance. Si le co\u00fbt de votre assurance ne vous satisfait pas, vous pouvez passer en toute autonomie par des comparateurs pour trouver une assurance qui vous corresponde et o\u00f9 vous pourrez faire des \u00e9conomies malgr\u00e9 l\u2019augmentation du co\u00fbt de l\u2019\u00e9lectricit\u00e9.<\/p>\n\n\n\n<h2 class=\"wp-block-heading\" id=\"section-3\">L\u2019ajout d\u2019un enfant sur votre assurance voiture \u00e9lectrique<\/h2>\n\n\n\n<p>Ajouter votre enfant sur votre contrat d\u2019<a href=\"https:\/\/leocare.eu\/fr\/assurance-auto-en-ligne\/electrique\/\">assurance voiture \u00e9lectrique<\/a>&nbsp;comporte beaucoup d\u2019avantages pour lui. C\u2019est vous qui payez son assurance, il b\u00e9n\u00e9ficie d\u2019une cotisation moindre en b\u00e9n\u00e9ficiant de votre coefficient bonus\/malus et en plus s\u2019il fait un sinistre ce n\u2019est pas lui qui est impact\u00e9 ! Cependant, pour le parent, les avantages sont moindres, il y a malheureusement plus d\u2019inconv\u00e9nients. Lorsque vous rajoutez votre enfant sur votre assurance, votre prime augmentera forc\u00e9ment. Un jeune conducteur est logiquement novice en conduite et aura donc plus de risque \u00e0 provoquer un sinistre. Ces facteurs influent donc n\u00e9gativement sur votre cotisation d\u2019assurance. De plus, si votre enfant \u00e0 un sinistre comme on l\u2019a dit pr\u00e9c\u00e9demment, c\u2019est obligatoirement votre cotisation et votre coefficient bonus\/malus qui sera impact\u00e9. Certaines assurances peuvent \u00e9galement imposer des limitations de couverture pour les conducteurs novices, notamment en termes de kilom\u00e9trage autoris\u00e9, de restrictions sur les heures de conduite ou d\u2019exigences sp\u00e9cifiques.<\/p>\n\n\n\n<div class=\"bon-a-savoir\">\n\n\n\n<h3 class=\"wp-block-heading\">Peut-on conduire une voiture \u00e9lectrique sans assurance ?<\/h3>\n\n\n\n<p>Non, comme tout l\u2019indique le code des assurances,&nbsp;<a href=\"https:\/\/leocare.eu\/fr\/assurance-auto-en-ligne\/electrique\/conduire-sans-assurance\/\">tout v\u00e9hicule terrestre motoris\u00e9 doit \u00eatre assur\u00e9<\/a>. Il est donc indispensable d\u2019assurer votre v\u00e9hicule \u00e9lectrique. Il faut donc toujours bien penser \u00e0 souscrire \u00e0 une assurance lorsque vous achetez votre nouveau v\u00e9hicule \u00e9lectrique.&nbsp;<\/p>\n\n\n\n<\/div>\n\n\n\n<h2 class=\"wp-block-heading\" id=\"section-4\">Quelle est la meilleure formule pour un v\u00e9hicule de plus de 1O ans ?<\/h2>\n\n\n\n<p>Quand on ach\u00e8te une voiture de plus de 10 ans, est-on oblig\u00e9 de la faire assurer ?<\/p>\n\n\n\n<p>Oui ! Ne pas le faire vous expose \u00e0 un risque d\u2019amende de 3 750 euros, une suspension de permis de trois ans et la confiscation de votre v\u00e9hicule. Et ce, m\u00eame si celui-ci ne circule pas ou tr\u00e8s peu.&nbsp;<a href=\"https:\/\/leocare.eu\/fr\/assurance-auto-en-ligne\/electrique\/vol-vieux-vehicule\/\">L\u2019assurance pour votre voiture \u00e9lectrique de plus de 10 ans peut vous prot\u00e9ger contre les vols<\/a>&nbsp;par exemple.&nbsp;L\u2019assurance tous risques n\u2019est pas forc\u00e9ment int\u00e9ressante pour prot\u00e9ger un bien de plus de 10 ans, l\u2019indemnisation per\u00e7ue en cas de sinistre peut para\u00eetre faible rapport\u00e9e au montant des primes ou de la cotisation d\u2019assurance. L\u2019assurance au tiers peut \u00eatre pr\u00e9f\u00e9rable. Toutefois, si votre v\u00e9hicule a encore une certaine valeur et\/ou que vos moyens ne vous permettent pas de le r\u00e9parer, il peut \u00eatre utile d\u2019\u00e9tendre votre contrat d\u2019assurance au tiers avec des garanties suppl\u00e9mentaires. N\u2019h\u00e9sitez pas \u00e0 vous renseigner et \u00e0 demander conseil \u00e0 votre assureur !&nbsp;<\/p>\n\n\n\n<p><\/p>\n","protected":false},"excerpt":{"rendered":"<p>En faisant attention \u00e0 nos \u00e9missions de CO2, nous sommes amen\u00e9s \u00e0 acheter un v\u00e9hicule \u00e9lectrique. Mais nous ne sommes souvent pas seuls \u00e0 conduire notre v\u00e9hicule, l\u2019ajout d\u2019un conducteur secondaire \u00e0 votre assurance v\u00e9hicule \u00e9lectrique est une \u00e9tape importante est souvent essentiel qui peut avoir des implications financi\u00e8res et de couverture significative. Que vous [&hellip;]<\/p>\n","protected":false},"author":34,"featured_media":18167,"parent":17436,"menu_order":0,"comment_status":"closed","ping_status":"closed","template":"template_seo.php","meta":{"_acf_changed":false,"footnotes":""},"class_list":["post-18220","page","type-page","status-publish","has-post-thumbnail","hentry"],"acf":[],"yoast_head":"<!-- This site is optimized with the Yoast SEO plugin v27.3 - https:\/\/yoast.com\/product\/yoast-seo-wordpress\/ -->\n<title>Ajouter quelqu\u2019un sur son assurance voiture \u00e9lectrique<\/title>\n<meta name=\"description\" content=\"D\u00e9couvrez comment ajouter un tier \u00e0 votre assurance voiture \u00e9lectrique et optimisez votre couverture. Faites le pas d\u00e8s aujourd&#039;hui pour une tranquillit\u00e9 d&#039;esprit.\" \/>\n<meta name=\"robots\" content=\"index, follow, max-snippet:-1, max-image-preview:large, max-video-preview:-1\" \/>\n<link rel=\"canonical\" href=\"https:\/\/leocare.eu\/fr\/assurance-auto-en-ligne\/electrique\/ajouter-personne\/\" \/>\n<meta property=\"og:locale\" content=\"fr_FR\" \/>\n<meta property=\"og:type\" content=\"article\" \/>\n<meta property=\"og:title\" content=\"Ajouter quelqu\u2019un sur son assurance voiture \u00e9lectrique\" \/>\n<meta property=\"og:description\" content=\"D\u00e9couvrez comment ajouter un tier \u00e0 votre assurance voiture \u00e9lectrique et optimisez votre couverture. Faites le pas d\u00e8s aujourd&#039;hui pour une tranquillit\u00e9 d&#039;esprit.\" \/>\n<meta property=\"og:url\" content=\"https:\/\/leocare.eu\/fr\/assurance-auto-en-ligne\/electrique\/ajouter-personne\/\" \/>\n<meta property=\"og:site_name\" content=\"Leocare, assurance en ligne automobile et habitation\" \/>\n<meta property=\"article:modified_time\" content=\"2026-04-07T14:36:52+00:00\" \/>\n<meta property=\"og:image\" content=\"https:\/\/leocare.eu\/fr\/wp-content\/uploads\/2021\/01\/prendre-assurance-auto-voiture-electriques-quelquun-dautre.jpg\" \/>\n\t<meta property=\"og:image:width\" content=\"1900\" \/>\n\t<meta property=\"og:image:height\" content=\"1200\" \/>\n\t<meta property=\"og:image:type\" content=\"image\/jpeg\" \/>\n<meta name=\"twitter:card\" content=\"summary_large_image\" \/>\n<meta name=\"twitter:label1\" content=\"Dur\u00e9e de lecture estim\u00e9e\" \/>\n\t<meta name=\"twitter:data1\" content=\"5 minutes\" \/>\n<!-- \/ Yoast SEO plugin. -->","yoast_head_json":{"title":"Ajouter quelqu\u2019un sur son assurance voiture \u00e9lectrique","description":"D\u00e9couvrez comment ajouter un tier \u00e0 votre assurance voiture \u00e9lectrique et optimisez votre couverture. Faites le pas d\u00e8s aujourd'hui pour une tranquillit\u00e9 d'esprit.","robots":{"index":"index","follow":"follow","max-snippet":"max-snippet:-1","max-image-preview":"max-image-preview:large","max-video-preview":"max-video-preview:-1"},"canonical":"https:\/\/leocare.eu\/fr\/assurance-auto-en-ligne\/electrique\/ajouter-personne\/","og_locale":"fr_FR","og_type":"article","og_title":"Ajouter quelqu\u2019un sur son assurance voiture \u00e9lectrique","og_description":"D\u00e9couvrez comment ajouter un tier \u00e0 votre assurance voiture \u00e9lectrique et optimisez votre couverture. Faites le pas d\u00e8s aujourd'hui pour une tranquillit\u00e9 d'esprit.","og_url":"https:\/\/leocare.eu\/fr\/assurance-auto-en-ligne\/electrique\/ajouter-personne\/","og_site_name":"Leocare, assurance en ligne automobile et habitation","article_modified_time":"2026-04-07T14:36:52+00:00","og_image":[{"width":1900,"height":1200,"url":"https:\/\/leocare.eu\/fr\/wp-content\/uploads\/2021\/01\/prendre-assurance-auto-voiture-electriques-quelquun-dautre.jpg","type":"image\/jpeg"}],"twitter_card":"summary_large_image","twitter_misc":{"Dur\u00e9e de lecture estim\u00e9e":"5 minutes"},"schema":{"@context":"https:\/\/schema.org","@graph":[{"@type":"WebPage","@id":"https:\/\/leocare.eu\/fr\/assurance-auto-en-ligne\/electrique\/ajouter-personne\/","url":"https:\/\/leocare.eu\/fr\/assurance-auto-en-ligne\/electrique\/ajouter-personne\/","name":"Ajouter quelqu\u2019un sur son assurance voiture \u00e9lectrique","isPartOf":{"@id":"https:\/\/leocare.eu\/fr\/#website"},"primaryImageOfPage":{"@id":"https:\/\/leocare.eu\/fr\/assurance-auto-en-ligne\/electrique\/ajouter-personne\/#primaryimage"},"image":{"@id":"https:\/\/leocare.eu\/fr\/assurance-auto-en-ligne\/electrique\/ajouter-personne\/#primaryimage"},"thumbnailUrl":"https:\/\/leocare.eu\/fr\/wp-content\/uploads\/2021\/01\/prendre-assurance-auto-voiture-electriques-quelquun-dautre.jpg","datePublished":"2023-10-16T14:51:52+00:00","dateModified":"2026-04-07T14:36:52+00:00","description":"D\u00e9couvrez comment ajouter un tier \u00e0 votre assurance voiture \u00e9lectrique et optimisez votre couverture. Faites le pas d\u00e8s aujourd'hui pour une tranquillit\u00e9 d'esprit.","breadcrumb":{"@id":"https:\/\/leocare.eu\/fr\/assurance-auto-en-ligne\/electrique\/ajouter-personne\/#breadcrumb"},"inLanguage":"fr-FR","potentialAction":[{"@type":"ReadAction","target":["https:\/\/leocare.eu\/fr\/assurance-auto-en-ligne\/electrique\/ajouter-personne\/"]}]},{"@type":"ImageObject","inLanguage":"fr-FR","@id":"https:\/\/leocare.eu\/fr\/assurance-auto-en-ligne\/electrique\/ajouter-personne\/#primaryimage","url":"https:\/\/leocare.eu\/fr\/wp-content\/uploads\/2021\/01\/prendre-assurance-auto-voiture-electriques-quelquun-dautre.jpg","contentUrl":"https:\/\/leocare.eu\/fr\/wp-content\/uploads\/2021\/01\/prendre-assurance-auto-voiture-electriques-quelquun-dautre.jpg","width":1900,"height":1200,"caption":"prendre assurance auto voiture \u00e9lectrique pour quelqu'un"},{"@type":"WebSite","@id":"https:\/\/leocare.eu\/fr\/#website","url":"https:\/\/leocare.eu\/fr\/","name":"Leocare, assurance en ligne automobile et habitation","description":"enfin (r)assur\u00e9.e","publisher":{"@id":"https:\/\/leocare.eu\/fr\/#organization"},"potentialAction":[{"@type":"SearchAction","target":{"@type":"EntryPoint","urlTemplate":"https:\/\/leocare.eu\/fr\/?s={search_term_string}"},"query-input":{"@type":"PropertyValueSpecification","valueRequired":true,"valueName":"search_term_string"}}],"inLanguage":"fr-FR"},{"@type":"Organization","@id":"https:\/\/leocare.eu\/fr\/#organization","name":"Leocare, assurance en ligne automobile et habitation","url":"https:\/\/leocare.eu\/fr\/","logo":{"@type":"ImageObject","inLanguage":"fr-FR","@id":"https:\/\/leocare.eu\/fr\/#\/schema\/logo\/image\/","url":"https:\/\/leocare.eu\/fr\/wp-content\/uploads\/2020\/03\/logo-leocare.svg","contentUrl":"https:\/\/leocare.eu\/fr\/wp-content\/uploads\/2020\/03\/logo-leocare.svg","caption":"Leocare, assurance en ligne automobile et habitation"},"image":{"@id":"https:\/\/leocare.eu\/fr\/#\/schema\/logo\/image\/"}}]}},"_links":{"self":[{"href":"https:\/\/leocare.eu\/fr\/wp-json\/wp\/v2\/pages\/18220","targetHints":{"allow":["GET"]}}],"collection":[{"href":"https:\/\/leocare.eu\/fr\/wp-json\/wp\/v2\/pages"}],"about":[{"href":"https:\/\/leocare.eu\/fr\/wp-json\/wp\/v2\/types\/page"}],"author":[{"embeddable":true,"href":"https:\/\/leocare.eu\/fr\/wp-json\/wp\/v2\/users\/34"}],"replies":[{"embeddable":true,"href":"https:\/\/leocare.eu\/fr\/wp-json\/wp\/v2\/comments?post=18220"}],"version-history":[{"count":12,"href":"https:\/\/leocare.eu\/fr\/wp-json\/wp\/v2\/pages\/18220\/revisions"}],"predecessor-version":[{"id":37162,"href":"https:\/\/leocare.eu\/fr\/wp-json\/wp\/v2\/pages\/18220\/revisions\/37162"}],"up":[{"embeddable":true,"href":"https:\/\/leocare.eu\/fr\/wp-json\/wp\/v2\/pages\/17436"}],"wp:featuredmedia":[{"embeddable":true,"href":"https:\/\/leocare.eu\/fr\/wp-json\/wp\/v2\/media\/18167"}],"wp:attachment":[{"href":"https:\/\/leocare.eu\/fr\/wp-json\/wp\/v2\/media?parent=18220"}],"curies":[{"name":"wp","href":"https:\/\/api.w.org\/{rel}","templated":true}]}}