{"id":18217,"date":"2023-10-16T16:51:17","date_gmt":"2023-10-16T14:51:17","guid":{"rendered":"https:\/\/leocare.eu\/fr\/?page_id=18217"},"modified":"2026-04-07T16:36:51","modified_gmt":"2026-04-07T14:36:51","slug":"location-tout-savoir","status":"publish","type":"page","link":"https:\/\/leocare.eu\/fr\/assurance-auto-en-ligne\/electrique\/location-tout-savoir\/","title":{"rendered":"L\u2019assurance est-elle obligatoire en cas de location d\u2019une voiture \u00e9lectrique ?"},"content":{"rendered":"\n<p>La location de voitures \u00e9lectriques gagne en popularit\u00e9 \u00e0 mesure que les automobilistes se tournent vers des options de mobilit\u00e9 plus respectueuses de l&rsquo;environnement pour leurs trajets. Cependant, une question persiste : faut-il prendre une assurance suppl\u00e9mentaire lorsqu\u2019on loue une voiture \u00e9lectrique ?<\/p>\n\n\n\n<h2 class=\"wp-block-heading\" id=\"section-1\">Le cas de la location de courte dur\u00e9e<\/h2>\n\n\n\n<p>Lorsque vous louez une voiture \u00e9lectrique pour une courte dur\u00e9e, par exemple pour un week-end ou des vacances, la plupart des loueurs incluent&nbsp;<a href=\"https:\/\/leocare.eu\/fr\/assurance-auto-en-ligne\/electrique\/location-tout-savoir\/#\">une assurance voiture \u00e9lectrique<\/a>&nbsp;de base dans le tarif de location. Cette assurance couvre g\u00e9n\u00e9ralement les dommages mat\u00e9riels et corporels caus\u00e9s \u00e0 des tiers en cas d\u2019accident, ainsi que les dommages caus\u00e9s au v\u00e9hicule lou\u00e9.&nbsp;<\/p>\n\n\n\n<p>Cependant, il est important de lire attentivement les termes et conditions de l\u2019assurance incluse pour comprendre le niveau de couverture et les \u00e9ventuelles franchises applicables en cas de sinistre. En effet, le contrat de location pr\u00e9voit g\u00e9n\u00e9ralement une franchise \u00e0 la charge du locataire dans le cas o\u00f9 la voiture lou\u00e9e est endommag\u00e9e ou vol\u00e9e. Son montant d\u00e9pend souvent de la responsabilit\u00e9 du conducteur quant \u00e0 l\u2019origine des dommages. Si vous \u00eates responsable, vous devrez payer cette franchise, partiellement ou en totalit\u00e9. C\u2019est la raison pour laquelle il est important de lire le contrat de location avant de le signer.&nbsp;<\/p>\n\n\n\n<p>Si vous souhaitez une couverture plus \u00e9tendue, il est possible de souscrire une assurance compl\u00e9mentaire aupr\u00e8s de la compagnie de location. Cette assurance peut inclure des garanties sp\u00e9cifiques, telles que la couverture des dommages mat\u00e9riels au v\u00e9hicule de location en cas d\u2019accident o\u00f9 vous \u00eates en tort,&nbsp;<a href=\"https:\/\/leocare.eu\/fr\/assurance-auto-en-ligne\/electrique\/location-tout-savoir\/#\">le remorquage<\/a>, la prise en charge des pannes \u00e9lectriques, ou encore la couverture des objets personnels laiss\u00e9s dans la voiture. Dans le cas de cette souscription, le montant de la franchise peut diminuer.<\/p>\n\n\n\n<h2 class=\"wp-block-heading\" id=\"section-2\">Qu\u2019est-ce qu\u2019une location longue dur\u00e9e (LLD) ?&nbsp;<\/h2>\n\n\n\n<p>La Location Longue Dur\u00e9e (LLD) est un mode de financement et de location de v\u00e9hicule qui gagne en popularit\u00e9 aupr\u00e8s des conducteurs en qu\u00eate de flexibilit\u00e9. Avec la LLD, les utilisateurs peuvent profiter des avantages d\u2019une voiture \u00e9lectrique sans avoir \u00e0 en \u00eatre propri\u00e9taires. Pendant la dur\u00e9e du contrat, qui peut varier de quelques mois \u00e0 plusieurs ann\u00e9es, le locataire paie un loyer mensuel en \u00e9change de l\u2019utilisation du v\u00e9hicule. Ce loyer couvre g\u00e9n\u00e9ralement les frais d\u2019entretien, l\u2019assurance de base et l\u2019assistance, ce qui simplifie la gestion des co\u00fbts associ\u00e9s \u00e0 la possession d\u2019une voiture. \u00c0 la fin du contrat de LLD, le locataire a g\u00e9n\u00e9ralement la possibilit\u00e9 de restituer le v\u00e9hicule ou de le racheter \u00e0 un prix convenu \u00e0 l\u2019avance. La LLD offre une alternative attrayante \u00e0 l\u2019achat traditionnel de voiture, en permettant aux conducteurs de profiter d\u2019une nouvelle voiture sans s\u2019engager dans un investissement \u00e0 long terme.<\/p>\n\n\n\n<h2 class=\"wp-block-heading\" id=\"section-3\">Qu\u2019est-ce qu\u2019une location avec option d\u2019achat (LOA) ?&nbsp;<\/h2>\n\n\n\n<p>La Location avec Option d\u2019Achat (LOA) est un mode de financement de v\u00e9hicule qui permet aux conducteurs d\u2019utiliser temporairement une voiture, \u00e9lectrique ou non, avec la possibilit\u00e9 de l\u2019acheter \u00e0 la fin du contrat. Lors d\u2019une LOA, le conducteur paie des mensualit\u00e9s pour la location du v\u00e9hicule pendant une p\u00e9riode d\u00e9termin\u00e9e, g\u00e9n\u00e9ralement de deux \u00e0 cinq ans. \u00c0 la fin de cette p\u00e9riode, le conducteur a la possibilit\u00e9 d\u2019acheter le v\u00e9hicule en payant une somme r\u00e9siduelle pr\u00e9alablement fix\u00e9e. La LOA offre ainsi une flexibilit\u00e9 aux conducteurs, leur permettant de&nbsp;<a href=\"https:\/\/leocare.eu\/fr\/assurance-auto-en-ligne\/electrique\/location-tout-savoir\/#\">changer de voiture<\/a>&nbsp;r\u00e9guli\u00e8rement tout en envisageant l\u2019achat du v\u00e9hicule s\u2019ils le souhaitent \u00e0 la fin du contrat. C\u2019est un moyen attrayant pour de nombreux conducteurs de conduire des v\u00e9hicules \u00e9lectriques r\u00e9cents sans s\u2019engager dans un achat imm\u00e9diat.<\/p>\n\n\n\n<h2 class=\"wp-block-heading\" id=\"section-4\">Le cas de la location longue dur\u00e9e&nbsp;<\/h2>\n\n\n\n<p>Si vous envisagez de louer une voiture \u00e9lectrique pour une p\u00e9riode plus longue, plusieurs options s\u2019offrent \u00e0 vous.&nbsp;<\/p>\n\n\n\n<p>Certains loueurs proposent des contrats de location longue dur\u00e9e (LLD) ou de location avec option d\u2019achat (LOA) qui incluent automatiquement une assurance compl\u00e8te pour toute la dur\u00e9e de la location. Cette assurance voiture \u00e9lectrique couvre g\u00e9n\u00e9ralement tous les types de dommages, y compris les accidents, les dommages mat\u00e9riels, les pannes \u00e9lectriques et les vols.&nbsp;<\/p>\n\n\n\n<p>Il est important de lire attentivement les termes du contrat de location longue dur\u00e9e pour comprendre le niveau de couverture offert et les \u00e9ventuelles limitations. Assurez-vous de poser des questions sp\u00e9cifiques sur la couverture en cas d\u2019accidents et de pannes \u00e9lectriques, ainsi que sur les proc\u00e9dures \u00e0 suivre en cas de sinistre.<\/p>\n\n\n\n<p>Lorsqu\u2019une assurance auto est comprise dans votre contrat LOA, les mensualit\u00e9s sont plus \u00e9lev\u00e9es. La bonne nouvelle, c\u2019est que vous n\u2019avez pas l\u2019obligation de conserver cette assurance, vous pouvez souscrire vous-m\u00eame, tant que vous choisissez une assurance avec les garanties demand\u00e9es par le loueur. L\u2019avantage est que vous b\u00e9n\u00e9ficierez d\u2019une&nbsp;<a href=\"https:\/\/leocare.eu\/fr\/assurance-auto-en-ligne\/electrique\/location-tout-savoir\/#\">baisse des mensualit\u00e9s de votre assurance<\/a>&nbsp;au fil des ann\u00e9es.<\/p>\n\n\n\n<h2 class=\"wp-block-heading\" id=\"section-5\">Assurance habitation et carte bancaire : un plus ?<\/h2>\n\n\n\n<p>Certaines assurances habitation et cartes bancaires haut de gamme offrent une protection pour les locations de voitures, y compris les voitures \u00e9lectriques. Alors, avant de louer une voiture \u00e9lectrique, v\u00e9rifiez si votre assurance habitation ou votre carte bancaire inclut une couverture pour les locations de voitures. Cela pourrait vous permettre de faire des \u00e9conomies en \u00e9vitant de souscrire une assurance suppl\u00e9mentaire aupr\u00e8s du loueur.<\/p>\n\n\n\n<h2 class=\"wp-block-heading\" id=\"section-6\">L\u2019autonomie des voitures \u00e9lectriques et les dommages potentiels<\/h2>\n\n\n\n<p>On le sait, les voitures \u00e9lectriques sont \u00e9quip\u00e9es de batteries sophistiqu\u00e9es qui alimentent leur moteur par l\u2019\u00e9lectricit\u00e9. L\u2019autonomie de la batterie est un facteur crucial \u00e0 prendre en compte lors de la location d\u2019une voiture \u00e9lectrique selon le kilom\u00e9trage que vous avez l\u2019habitude de faire. En cas d\u2019accident ou de panne \u00e9lectrique, la question de la prise en charge des co\u00fbts li\u00e9s \u00e0 la batterie et du d\u00e9pannage jusqu\u2019\u00e0 une borne peut se poser.<\/p>\n","protected":false},"excerpt":{"rendered":"<p>La location de voitures \u00e9lectriques gagne en popularit\u00e9 \u00e0 mesure que les automobilistes se tournent vers des options de mobilit\u00e9 plus respectueuses de l&rsquo;environnement pour leurs trajets. Cependant, une question persiste : faut-il prendre une assurance suppl\u00e9mentaire lorsqu\u2019on loue une voiture \u00e9lectrique ? Le cas de la location de courte dur\u00e9e Lorsque vous louez une [&hellip;]<\/p>\n","protected":false},"author":34,"featured_media":18179,"parent":17436,"menu_order":0,"comment_status":"closed","ping_status":"closed","template":"template_seo.php","meta":{"_acf_changed":false,"footnotes":""},"class_list":["post-18217","page","type-page","status-publish","has-post-thumbnail","hentry"],"acf":[],"yoast_head":"<!-- This site is optimized with the Yoast SEO plugin v27.3 - https:\/\/yoast.com\/product\/yoast-seo-wordpress\/ -->\n<title>Location voiture \u00e9lectrique : tout savoir<\/title>\n<meta name=\"description\" content=\"D\u00e9couvrez comment notre assurance location de voiture \u00e9lectrique offre une protection premium. Profitez de la tranquillit\u00e9 d&#039;esprit au volant, courez le risque maintenant!\" \/>\n<meta name=\"robots\" content=\"index, follow, max-snippet:-1, max-image-preview:large, max-video-preview:-1\" \/>\n<link rel=\"canonical\" href=\"https:\/\/leocare.eu\/fr\/assurance-auto-en-ligne\/electrique\/location-tout-savoir\/\" \/>\n<meta property=\"og:locale\" content=\"fr_FR\" \/>\n<meta property=\"og:type\" content=\"article\" \/>\n<meta property=\"og:title\" content=\"Location voiture \u00e9lectrique : tout savoir\" \/>\n<meta property=\"og:description\" content=\"D\u00e9couvrez comment notre assurance location de voiture \u00e9lectrique offre une protection premium. Profitez de la tranquillit\u00e9 d&#039;esprit au volant, courez le risque maintenant!\" \/>\n<meta property=\"og:url\" content=\"https:\/\/leocare.eu\/fr\/assurance-auto-en-ligne\/electrique\/location-tout-savoir\/\" \/>\n<meta property=\"og:site_name\" content=\"Leocare, assurance en ligne automobile et habitation\" \/>\n<meta property=\"article:modified_time\" content=\"2026-04-07T14:36:51+00:00\" \/>\n<meta property=\"og:image\" content=\"https:\/\/leocare.eu\/fr\/wp-content\/uploads\/2021\/01\/assurance-auto-voiture-electrique-location.jpg\" \/>\n\t<meta property=\"og:image:width\" content=\"1900\" \/>\n\t<meta property=\"og:image:height\" content=\"1200\" \/>\n\t<meta property=\"og:image:type\" content=\"image\/jpeg\" \/>\n<meta name=\"twitter:card\" content=\"summary_large_image\" \/>\n<meta name=\"twitter:label1\" content=\"Dur\u00e9e de lecture estim\u00e9e\" \/>\n\t<meta name=\"twitter:data1\" content=\"5 minutes\" \/>\n<!-- \/ Yoast SEO plugin. -->","yoast_head_json":{"title":"Location voiture \u00e9lectrique : tout savoir","description":"D\u00e9couvrez comment notre assurance location de voiture \u00e9lectrique offre une protection premium. Profitez de la tranquillit\u00e9 d'esprit au volant, courez le risque maintenant!","robots":{"index":"index","follow":"follow","max-snippet":"max-snippet:-1","max-image-preview":"max-image-preview:large","max-video-preview":"max-video-preview:-1"},"canonical":"https:\/\/leocare.eu\/fr\/assurance-auto-en-ligne\/electrique\/location-tout-savoir\/","og_locale":"fr_FR","og_type":"article","og_title":"Location voiture \u00e9lectrique : tout savoir","og_description":"D\u00e9couvrez comment notre assurance location de voiture \u00e9lectrique offre une protection premium. Profitez de la tranquillit\u00e9 d'esprit au volant, courez le risque maintenant!","og_url":"https:\/\/leocare.eu\/fr\/assurance-auto-en-ligne\/electrique\/location-tout-savoir\/","og_site_name":"Leocare, assurance en ligne automobile et habitation","article_modified_time":"2026-04-07T14:36:51+00:00","og_image":[{"width":1900,"height":1200,"url":"https:\/\/leocare.eu\/fr\/wp-content\/uploads\/2021\/01\/assurance-auto-voiture-electrique-location.jpg","type":"image\/jpeg"}],"twitter_card":"summary_large_image","twitter_misc":{"Dur\u00e9e de lecture estim\u00e9e":"5 minutes"},"schema":{"@context":"https:\/\/schema.org","@graph":[{"@type":"WebPage","@id":"https:\/\/leocare.eu\/fr\/assurance-auto-en-ligne\/electrique\/location-tout-savoir\/","url":"https:\/\/leocare.eu\/fr\/assurance-auto-en-ligne\/electrique\/location-tout-savoir\/","name":"Location voiture \u00e9lectrique : tout savoir","isPartOf":{"@id":"https:\/\/leocare.eu\/fr\/#website"},"primaryImageOfPage":{"@id":"https:\/\/leocare.eu\/fr\/assurance-auto-en-ligne\/electrique\/location-tout-savoir\/#primaryimage"},"image":{"@id":"https:\/\/leocare.eu\/fr\/assurance-auto-en-ligne\/electrique\/location-tout-savoir\/#primaryimage"},"thumbnailUrl":"https:\/\/leocare.eu\/fr\/wp-content\/uploads\/2021\/01\/assurance-auto-voiture-electrique-location.jpg","datePublished":"2023-10-16T14:51:17+00:00","dateModified":"2026-04-07T14:36:51+00:00","description":"D\u00e9couvrez comment notre assurance location de voiture \u00e9lectrique offre une protection premium. Profitez de la tranquillit\u00e9 d'esprit au volant, courez le risque maintenant!","breadcrumb":{"@id":"https:\/\/leocare.eu\/fr\/assurance-auto-en-ligne\/electrique\/location-tout-savoir\/#breadcrumb"},"inLanguage":"fr-FR","potentialAction":[{"@type":"ReadAction","target":["https:\/\/leocare.eu\/fr\/assurance-auto-en-ligne\/electrique\/location-tout-savoir\/"]}]},{"@type":"ImageObject","inLanguage":"fr-FR","@id":"https:\/\/leocare.eu\/fr\/assurance-auto-en-ligne\/electrique\/location-tout-savoir\/#primaryimage","url":"https:\/\/leocare.eu\/fr\/wp-content\/uploads\/2021\/01\/assurance-auto-voiture-electrique-location.jpg","contentUrl":"https:\/\/leocare.eu\/fr\/wp-content\/uploads\/2021\/01\/assurance-auto-voiture-electrique-location.jpg","width":1900,"height":1200,"caption":"location voiture \u00e9lectrique"},{"@type":"WebSite","@id":"https:\/\/leocare.eu\/fr\/#website","url":"https:\/\/leocare.eu\/fr\/","name":"Leocare, assurance en ligne automobile et habitation","description":"enfin (r)assur\u00e9.e","publisher":{"@id":"https:\/\/leocare.eu\/fr\/#organization"},"potentialAction":[{"@type":"SearchAction","target":{"@type":"EntryPoint","urlTemplate":"https:\/\/leocare.eu\/fr\/?s={search_term_string}"},"query-input":{"@type":"PropertyValueSpecification","valueRequired":true,"valueName":"search_term_string"}}],"inLanguage":"fr-FR"},{"@type":"Organization","@id":"https:\/\/leocare.eu\/fr\/#organization","name":"Leocare, assurance en ligne automobile et habitation","url":"https:\/\/leocare.eu\/fr\/","logo":{"@type":"ImageObject","inLanguage":"fr-FR","@id":"https:\/\/leocare.eu\/fr\/#\/schema\/logo\/image\/","url":"https:\/\/leocare.eu\/fr\/wp-content\/uploads\/2020\/03\/logo-leocare.svg","contentUrl":"https:\/\/leocare.eu\/fr\/wp-content\/uploads\/2020\/03\/logo-leocare.svg","caption":"Leocare, assurance en ligne automobile et habitation"},"image":{"@id":"https:\/\/leocare.eu\/fr\/#\/schema\/logo\/image\/"}}]}},"_links":{"self":[{"href":"https:\/\/leocare.eu\/fr\/wp-json\/wp\/v2\/pages\/18217","targetHints":{"allow":["GET"]}}],"collection":[{"href":"https:\/\/leocare.eu\/fr\/wp-json\/wp\/v2\/pages"}],"about":[{"href":"https:\/\/leocare.eu\/fr\/wp-json\/wp\/v2\/types\/page"}],"author":[{"embeddable":true,"href":"https:\/\/leocare.eu\/fr\/wp-json\/wp\/v2\/users\/34"}],"replies":[{"embeddable":true,"href":"https:\/\/leocare.eu\/fr\/wp-json\/wp\/v2\/comments?post=18217"}],"version-history":[{"count":6,"href":"https:\/\/leocare.eu\/fr\/wp-json\/wp\/v2\/pages\/18217\/revisions"}],"predecessor-version":[{"id":29330,"href":"https:\/\/leocare.eu\/fr\/wp-json\/wp\/v2\/pages\/18217\/revisions\/29330"}],"up":[{"embeddable":true,"href":"https:\/\/leocare.eu\/fr\/wp-json\/wp\/v2\/pages\/17436"}],"wp:featuredmedia":[{"embeddable":true,"href":"https:\/\/leocare.eu\/fr\/wp-json\/wp\/v2\/media\/18179"}],"wp:attachment":[{"href":"https:\/\/leocare.eu\/fr\/wp-json\/wp\/v2\/media?parent=18217"}],"curies":[{"name":"wp","href":"https:\/\/api.w.org\/{rel}","templated":true}]}}