{"id":18212,"date":"2023-10-16T16:46:53","date_gmt":"2023-10-16T14:46:53","guid":{"rendered":"https:\/\/leocare.eu\/fr\/?page_id=18212"},"modified":"2026-04-07T16:36:50","modified_gmt":"2026-04-07T14:36:50","slug":"obligatoire","status":"publish","type":"page","link":"https:\/\/leocare.eu\/fr\/assurance-auto-en-ligne\/electrique\/obligatoire\/","title":{"rendered":"Est-il obligatoire d\u2019assurer une voiture \u00e9lectrique ?"},"content":{"rendered":"\n<p>En France, il est obligatoire d\u2019assurer tout v\u00e9hicule \u00e0 moteur en capacit\u00e9 de circuler, que ce soit pour les trajets quotidiens ou quand le v\u00e9hicule est stationn\u00e9. Alors, lorsque vous faites l\u2019acquisition d\u2019une voiture \u00e9lectrique, l\u2019assurance auto est un passage oblig\u00e9 et un aspect crucial de la responsabilit\u00e9 des conducteurs et de la protection des tiers en cas d\u2019accident.&nbsp;<\/p>\n\n\n\n<h2 class=\"wp-block-heading\" id=\"section-1\">L\u2019obligation d\u2019assurance auto \u00e9lectrique<\/h2>\n\n\n\n<p>L\u2019assurance automobile est obligatoire en France pour tout v\u00e9hicule motoris\u00e9, qu\u2019il s\u2019agisse d\u2019une voiture \u00e9lectrique, hybride ou thermique. Cette obligation entre en vigueur d\u00e8s l\u2019acquisition du v\u00e9hicule et ce, m\u00eame s\u2019il est vou\u00e9 \u00e0 rester stationn\u00e9 la plupart du temps. Cette r\u00e8gle d\u00e9coule de la loi du 27 f\u00e9vrier 1958, visant \u00e0 prot\u00e9ger les usagers de la route et les tiers en cas d\u2019accident. L\u2019objectif principal de cette obligation est d\u2019assurer&nbsp;<a href=\"https:\/\/leocare.eu\/fr\/assurance-auto-en-ligne\/electrique\/prise-en-charge-par-assurance\/\">une prise en charge<\/a>&nbsp;en cas de dommages corporels ou de dommages mat\u00e9riels r\u00e9sultant d\u2019un sinistre.<\/p>\n\n\n\n<h2 class=\"wp-block-heading\" id=\"section-2\">Les diff\u00e9rentes formules d\u2019assurance pour une voiture \u00e9lectrique&nbsp;<\/h2>\n\n\n\n<p>Quand il s\u2019agit de choisir une&nbsp;<a href=\"https:\/\/leocare.eu\/fr\/assurance-auto-en-ligne\/electrique\/\">assurance pour une voiture \u00e9lectrique<\/a>, les propri\u00e9taires ont plusieurs options de couverture.<\/p>\n\n\n\n<p>Avec un <a href=\"https:\/\/leocare.eu\/fr\/assurance-auto-en-ligne\/devis\/tarifs\/\">co\u00fbt moyen de l&rsquo;assurance autour de <span class=\"change-price\">1 017<\/span> \u20ac par an<\/a>, l\u2019assurance au tiers est la formule minimale requise par la loi en France, c\u2019est souvent l\u2019offre choisie pour faire des \u00e9conomies, car elle induit des cotisations plus faibles. Elle couvre les dommages corporels et les dommages mat\u00e9riels caus\u00e9s \u00e0 des tiers en cas d\u2019accident o\u00f9 vous \u00eates en tort. Cela signifie que si vous \u00eates impliqu\u00e9 dans un accident et que vous en \u00eates responsable, votre assurance couvrira les frais m\u00e9dicaux et les dommages mat\u00e9riels subis par les tiers impliqu\u00e9s. En revanche, cette formule n\u2019inclut pas la prise en charge des dommages \u00e0 votre propre v\u00e9hicule ni les blessures corporelles que vous pourriez subir.<\/p>\n\n\n\n<p>L\u2019assurance interm\u00e9diaire, ou tiers plus, offre une couverture plus \u00e9tendue que l\u2019assurance au tiers. En plus de couvrir les dommages caus\u00e9s \u00e0 des tiers, elle inclut certaines garanties suppl\u00e9mentaires qui varient selon les compagnies d\u2019assurance. En g\u00e9n\u00e9ral, on retrouve des garanties telles que le vol, l\u2019incendie, le bris de glace et les catastrophes naturelles et technologiques. Cette formule peut \u00eatre int\u00e9ressante pour les propri\u00e9taires de voitures \u00e9lectriques, car elle offre une protection contre les risques de vol ou de panne \u00e9lectrique, par exemple.<\/p>\n\n\n\n<p>L\u2019assurance tous risques est la formule la plus compl\u00e8te en termes de couverture. Elle inclut toutes les garanties de l\u2019assurance interm\u00e9diaire, mais en plus, elle couvre \u00e9galement les dommages tous accidents \u00e0 votre propre v\u00e9hicule, m\u00eame si vous \u00eates responsable. Cela signifie que votre assurance prendra en charge les r\u00e9parations de votre voiture \u00e9lectrique, que les dommages soient caus\u00e9s par un accident, un acte de vandalisme ou encore d\u2019autres situations. En revanche, cette formule induit une prime d\u2019assurance plus \u00e9lev\u00e9e.&nbsp;<\/p>\n\n\n\n<p>Certaines compagnies proposent des formules sp\u00e9cialis\u00e9es pour les voitures \u00e9lectriques. Celles-ci peuvent \u00eatre int\u00e9ressantes si votre v\u00e9hicule n\u2019a pas une grande autonomie par exemple. En cas de panne \u00e9lectrique, l\u2019assistance pourra vous conduire jusqu\u2019\u00e0 la borne de recharge la plus proche.<\/p>\n\n\n\n<h2 class=\"wp-block-heading\" id=\"section-3\">Comment souscrire une assurance voiture \u00e9lectrique ?&nbsp;<\/h2>\n\n\n\n<p>Pour souscrire un contrat d\u2019assurance auto \u00e9lectrique, vous pouvez vous adresser \u00e0 un agent g\u00e9n\u00e9ral d\u2019assurance, un courtier, une banque ou directement \u00e0 la compagnie d\u2019assurance de votre choix.&nbsp;<\/p>\n\n\n\n<p>Avant de souscrire, n\u2019h\u00e9sitez pas \u00e0 comparer les offres en passant par un comparateur d\u2019assurance en ligne. Vous remplirez un questionnaire \u00e0 propos de votre profil conducteur, de votre historique de conduite et des caract\u00e9ristiques de votre v\u00e9hicule \u00e9lectrique et vous obtiendrez diff\u00e9rents devis de plusieurs compagnies selon vos besoins en couverture et en garanties.&nbsp;<\/p>\n\n\n\n<p>Sur l\u2019application Leocare, vos d\u00e9marches sont simplifi\u00e9es. L\u2019application est accessible 24h\/24 et 7j\/7 et vous permet de souscrire en moins de 5 minutes. Pour obtenir un devis, vous devrez nous fournir les informations suivantes :&nbsp;<\/p>\n\n\n\n<ul class=\"wp-block-list\">\n<li>Le num\u00e9ro d\u2019immatriculation de votre v\u00e9hicule<\/li>\n\n\n\n<li>Le mod\u00e8le de la voiture<\/li>\n\n\n\n<li>Le mode d\u2019achat<\/li>\n\n\n\n<li>L\u2019usage que vous faites du v\u00e9hicule<\/li>\n\n\n\n<li>Votre lieu de r\u00e9sidence et notamment des informations sur le lieu de stationnement de la voiture, dans un parking priv\u00e9, un garage ou un parking couvert par exemple.<\/li>\n\n\n\n<li>Votre date de naissance et celle de l\u2019acquisition de votre permis de conduire<\/li>\n\n\n\n<li>Votre anciennet\u00e9 d\u2019assurance&nbsp;<\/li>\n\n\n\n<li>Votre coefficient bonus-malus<\/li>\n\n\n\n<li>Le nombre de sinistres \u00e0 votre actif&nbsp;<\/li>\n<\/ul>\n\n\n\n<p>Enfin, pour terminer votre souscription et valider votre contrat d\u2019assurance auto, vous devrez transmettre un certain nombre de documents, tels que votre relev\u00e9 d\u2019informations, votre permis de conduire et le certificat d\u2019immatriculation, aussi appel\u00e9 la carte grise, de votre v\u00e9hicule.<\/p>\n\n\n\n<h2 class=\"wp-block-heading\" id=\"section-4\">Quels sont les risques de ne pas assurer son v\u00e9hicule \u00e9lectrique ?&nbsp;<\/h2>\n\n\n\n<p>Circuler sans couverture d\u2019assurance est un d\u00e9lit. Mais comme dit pr\u00e9c\u00e9demment,&nbsp;<a href=\"https:\/\/leocare.eu\/fr\/assurance-auto-en-ligne\/electrique\/prix-voiture-immobilisee\/\">m\u00eame si votre voiture reste au garage<\/a>, vous courrez aussi des risques. Si vous n\u2019avez pas souscrit d\u2019assurance voiture \u00e9lectrique ou hybride et que vous \u00eates arr\u00eat\u00e9 par les forces de l\u2019ordre, vous risquez une amende pouvant aller jusqu\u2019\u00e0 3 750 \u20ac. Suivant la situation, des peines suppl\u00e9mentaires peuvent s\u2019appliquer :&nbsp;<\/p>\n\n\n\n<ul class=\"wp-block-list\">\n<li>Des travaux d\u2019int\u00e9r\u00eat g\u00e9n\u00e9ral<\/li>\n\n\n\n<li>Une peine de jours-amende<\/li>\n\n\n\n<li>La suspension de votre permis de conduire jusqu\u2019\u00e0 3 ans<\/li>\n\n\n\n<li>L\u2019annulation de votre permis de conduire et l\u2019interdiction de le repasser pendant 3 ans ou plus<\/li>\n\n\n\n<li>Une interdiction de conduire certains v\u00e9hicules, \u00e9lectriques ou non, m\u00eame une voiture sans permis<\/li>\n\n\n\n<li>L\u2019obligation de faire un stage de sensibilisation \u00e0 la s\u00e9curit\u00e9 routi\u00e8re \u00e0 vos frais<\/li>\n\n\n\n<li>L\u2019immobilisation ou la confiscation de votre v\u00e9hicule<\/li>\n<\/ul>\n\n\n\n<div class=\"bon-a-savoir\">\n\n\n\n<h3 class=\"wp-block-heading\">Peut-on vendre une voiture \u00e9lectrique si elle n\u2019est pas assur\u00e9e ?<\/h3>\n\n\n\n<p>Comme dit, il est obligatoire d\u2019avoir une assurance voiture pour pouvoir circuler l\u00e9galement sur la voie publique. Par cons\u00e9quent, il n\u2019est pas l\u00e9gal non plus de&nbsp;<a href=\"https:\/\/leocare.eu\/fr\/assurance-auto-en-ligne\/electrique\/vendre-voiture-non-assuree\/\">vendre un v\u00e9hicule sans assurance.&nbsp;<\/a><\/p>\n\n\n\n<\/div>\n\n\n\n<p><\/p>\n","protected":false},"excerpt":{"rendered":"<p>En France, il est obligatoire d\u2019assurer tout v\u00e9hicule \u00e0 moteur en capacit\u00e9 de circuler, que ce soit pour les trajets quotidiens ou quand le v\u00e9hicule est stationn\u00e9. Alors, lorsque vous faites l\u2019acquisition d\u2019une voiture \u00e9lectrique, l\u2019assurance auto est un passage oblig\u00e9 et un aspect crucial de la responsabilit\u00e9 des conducteurs et de la protection des [&hellip;]<\/p>\n","protected":false},"author":34,"featured_media":18177,"parent":17436,"menu_order":0,"comment_status":"closed","ping_status":"closed","template":"template_seo.php","meta":{"_acf_changed":false,"footnotes":""},"class_list":["post-18212","page","type-page","status-publish","has-post-thumbnail","hentry"],"acf":[],"yoast_head":"<!-- This site is optimized with the Yoast SEO plugin v27.3 - https:\/\/yoast.com\/product\/yoast-seo-wordpress\/ -->\n<title>L\u2019assurance est-elle obligatoire pour une voiture \u00e9lectrique ?<\/title>\n<meta name=\"description\" content=\"D\u00e9couvrez l&#039;importance de l&#039;assurance obligatoire pour les voitures \u00e9lectriques. Prot\u00e9gez-vous maintenant. Ne laissez pas votre tranquillit\u00e9 d&#039;esprit \u00e0 la merci du hasard!\" \/>\n<meta name=\"robots\" content=\"index, follow, max-snippet:-1, max-image-preview:large, max-video-preview:-1\" \/>\n<link rel=\"canonical\" href=\"https:\/\/leocare.eu\/fr\/assurance-auto-en-ligne\/electrique\/obligatoire\/\" \/>\n<meta property=\"og:locale\" content=\"fr_FR\" \/>\n<meta property=\"og:type\" content=\"article\" \/>\n<meta property=\"og:title\" content=\"L\u2019assurance est-elle obligatoire pour une voiture \u00e9lectrique ?\" \/>\n<meta property=\"og:description\" content=\"D\u00e9couvrez l&#039;importance de l&#039;assurance obligatoire pour les voitures \u00e9lectriques. Prot\u00e9gez-vous maintenant. Ne laissez pas votre tranquillit\u00e9 d&#039;esprit \u00e0 la merci du hasard!\" \/>\n<meta property=\"og:url\" content=\"https:\/\/leocare.eu\/fr\/assurance-auto-en-ligne\/electrique\/obligatoire\/\" \/>\n<meta property=\"og:site_name\" content=\"Leocare, assurance en ligne automobile et habitation\" \/>\n<meta property=\"article:modified_time\" content=\"2026-04-07T14:36:50+00:00\" \/>\n<meta property=\"og:image\" content=\"https:\/\/leocare.eu\/fr\/wp-content\/uploads\/2021\/01\/est-ce-obligatoire-avoir-assurance-auto-voiture-electrique.jpg\" \/>\n\t<meta property=\"og:image:width\" content=\"1900\" \/>\n\t<meta property=\"og:image:height\" content=\"1200\" \/>\n\t<meta property=\"og:image:type\" content=\"image\/jpeg\" \/>\n<meta name=\"twitter:card\" content=\"summary_large_image\" \/>\n<meta name=\"twitter:label1\" content=\"Dur\u00e9e de lecture estim\u00e9e\" \/>\n\t<meta name=\"twitter:data1\" content=\"5 minutes\" \/>\n<!-- \/ Yoast SEO plugin. -->","yoast_head_json":{"title":"L\u2019assurance est-elle obligatoire pour une voiture \u00e9lectrique ?","description":"D\u00e9couvrez l'importance de l'assurance obligatoire pour les voitures \u00e9lectriques. Prot\u00e9gez-vous maintenant. Ne laissez pas votre tranquillit\u00e9 d'esprit \u00e0 la merci du hasard!","robots":{"index":"index","follow":"follow","max-snippet":"max-snippet:-1","max-image-preview":"max-image-preview:large","max-video-preview":"max-video-preview:-1"},"canonical":"https:\/\/leocare.eu\/fr\/assurance-auto-en-ligne\/electrique\/obligatoire\/","og_locale":"fr_FR","og_type":"article","og_title":"L\u2019assurance est-elle obligatoire pour une voiture \u00e9lectrique ?","og_description":"D\u00e9couvrez l'importance de l'assurance obligatoire pour les voitures \u00e9lectriques. Prot\u00e9gez-vous maintenant. Ne laissez pas votre tranquillit\u00e9 d'esprit \u00e0 la merci du hasard!","og_url":"https:\/\/leocare.eu\/fr\/assurance-auto-en-ligne\/electrique\/obligatoire\/","og_site_name":"Leocare, assurance en ligne automobile et habitation","article_modified_time":"2026-04-07T14:36:50+00:00","og_image":[{"width":1900,"height":1200,"url":"https:\/\/leocare.eu\/fr\/wp-content\/uploads\/2021\/01\/est-ce-obligatoire-avoir-assurance-auto-voiture-electrique.jpg","type":"image\/jpeg"}],"twitter_card":"summary_large_image","twitter_misc":{"Dur\u00e9e de lecture estim\u00e9e":"5 minutes"},"schema":{"@context":"https:\/\/schema.org","@graph":[{"@type":"WebPage","@id":"https:\/\/leocare.eu\/fr\/assurance-auto-en-ligne\/electrique\/obligatoire\/","url":"https:\/\/leocare.eu\/fr\/assurance-auto-en-ligne\/electrique\/obligatoire\/","name":"L\u2019assurance est-elle obligatoire pour une voiture \u00e9lectrique ?","isPartOf":{"@id":"https:\/\/leocare.eu\/fr\/#website"},"primaryImageOfPage":{"@id":"https:\/\/leocare.eu\/fr\/assurance-auto-en-ligne\/electrique\/obligatoire\/#primaryimage"},"image":{"@id":"https:\/\/leocare.eu\/fr\/assurance-auto-en-ligne\/electrique\/obligatoire\/#primaryimage"},"thumbnailUrl":"https:\/\/leocare.eu\/fr\/wp-content\/uploads\/2021\/01\/est-ce-obligatoire-avoir-assurance-auto-voiture-electrique.jpg","datePublished":"2023-10-16T14:46:53+00:00","dateModified":"2026-04-07T14:36:50+00:00","description":"D\u00e9couvrez l'importance de l'assurance obligatoire pour les voitures \u00e9lectriques. Prot\u00e9gez-vous maintenant. Ne laissez pas votre tranquillit\u00e9 d'esprit \u00e0 la merci du hasard!","breadcrumb":{"@id":"https:\/\/leocare.eu\/fr\/assurance-auto-en-ligne\/electrique\/obligatoire\/#breadcrumb"},"inLanguage":"fr-FR","potentialAction":[{"@type":"ReadAction","target":["https:\/\/leocare.eu\/fr\/assurance-auto-en-ligne\/electrique\/obligatoire\/"]}]},{"@type":"ImageObject","inLanguage":"fr-FR","@id":"https:\/\/leocare.eu\/fr\/assurance-auto-en-ligne\/electrique\/obligatoire\/#primaryimage","url":"https:\/\/leocare.eu\/fr\/wp-content\/uploads\/2021\/01\/est-ce-obligatoire-avoir-assurance-auto-voiture-electrique.jpg","contentUrl":"https:\/\/leocare.eu\/fr\/wp-content\/uploads\/2021\/01\/est-ce-obligatoire-avoir-assurance-auto-voiture-electrique.jpg","width":1900,"height":1200,"caption":"assurance auto voiture \u00e9lectrique"},{"@type":"WebSite","@id":"https:\/\/leocare.eu\/fr\/#website","url":"https:\/\/leocare.eu\/fr\/","name":"Leocare, assurance en ligne automobile et habitation","description":"enfin (r)assur\u00e9.e","publisher":{"@id":"https:\/\/leocare.eu\/fr\/#organization"},"potentialAction":[{"@type":"SearchAction","target":{"@type":"EntryPoint","urlTemplate":"https:\/\/leocare.eu\/fr\/?s={search_term_string}"},"query-input":{"@type":"PropertyValueSpecification","valueRequired":true,"valueName":"search_term_string"}}],"inLanguage":"fr-FR"},{"@type":"Organization","@id":"https:\/\/leocare.eu\/fr\/#organization","name":"Leocare, assurance en ligne automobile et habitation","url":"https:\/\/leocare.eu\/fr\/","logo":{"@type":"ImageObject","inLanguage":"fr-FR","@id":"https:\/\/leocare.eu\/fr\/#\/schema\/logo\/image\/","url":"https:\/\/leocare.eu\/fr\/wp-content\/uploads\/2020\/03\/logo-leocare.svg","contentUrl":"https:\/\/leocare.eu\/fr\/wp-content\/uploads\/2020\/03\/logo-leocare.svg","caption":"Leocare, assurance en ligne automobile et habitation"},"image":{"@id":"https:\/\/leocare.eu\/fr\/#\/schema\/logo\/image\/"}}]}},"_links":{"self":[{"href":"https:\/\/leocare.eu\/fr\/wp-json\/wp\/v2\/pages\/18212","targetHints":{"allow":["GET"]}}],"collection":[{"href":"https:\/\/leocare.eu\/fr\/wp-json\/wp\/v2\/pages"}],"about":[{"href":"https:\/\/leocare.eu\/fr\/wp-json\/wp\/v2\/types\/page"}],"author":[{"embeddable":true,"href":"https:\/\/leocare.eu\/fr\/wp-json\/wp\/v2\/users\/34"}],"replies":[{"embeddable":true,"href":"https:\/\/leocare.eu\/fr\/wp-json\/wp\/v2\/comments?post=18212"}],"version-history":[{"count":11,"href":"https:\/\/leocare.eu\/fr\/wp-json\/wp\/v2\/pages\/18212\/revisions"}],"predecessor-version":[{"id":39850,"href":"https:\/\/leocare.eu\/fr\/wp-json\/wp\/v2\/pages\/18212\/revisions\/39850"}],"up":[{"embeddable":true,"href":"https:\/\/leocare.eu\/fr\/wp-json\/wp\/v2\/pages\/17436"}],"wp:featuredmedia":[{"embeddable":true,"href":"https:\/\/leocare.eu\/fr\/wp-json\/wp\/v2\/media\/18177"}],"wp:attachment":[{"href":"https:\/\/leocare.eu\/fr\/wp-json\/wp\/v2\/media?parent=18212"}],"curies":[{"name":"wp","href":"https:\/\/api.w.org\/{rel}","templated":true}]}}